{"id":95211,"date":"2022-12-01T15:45:36","date_gmt":"2022-12-01T14:45:41","guid":{"rendered":"https:\/\/www.versiegelung24.com\/?post_type=product&#038;p=95211"},"modified":"2023-06-19T16:33:17","modified_gmt":"2023-06-19T14:33:17","slug":"tiosept-sg-55-dlhodoba-ochrana-povrchu-20-suprav-na-1m%c2%b2-kopie","status":"publish","type":"product","link":"https:\/\/www.versiegelung24.com\/sk\/product\/tiosept-sg-55-dlhodoba-ochrana-povrchu-20-suprav-na-1m%c2%b2-kopie\/","title":{"rendered":"TiOSEPT\u00ae SG-55 Dlhodob\u00e1 ochrana povrchu, 10 s\u00e1d po 2m\u00b2"},"content":{"rendered":"\n<p><strong>Antimikrobi\u00e1lny tekut\u00fd tmel na sklo<\/strong> <strong>\u00fa\u010dinn\u00fd a\u017e 18 mesiacov<\/strong> &#8211; 10 s\u00e1\u010dkov pripraven\u00fdch na pou\u017eitie, ka\u017ed\u00fd na 2 m\u00b2 plochy.  <\/p>\n\n<p><strong>Dlhodob\u00e1 ochrana povrchu vhodn\u00e1 pre hladk\u00e9 povrchy<\/strong>: Sklo, nehrdzavej\u00faca oce\u013e, hlin\u00edk a opracovan\u00e9 drevo<\/p>\n\n<hr\/>\n<h4 class=\"wp-block-heading\" id=\"properties\">vlastnosti produktu<\/h4>\n\n<div class=\"wp-block-columns is-layout-flex wp-container-core-columns-is-layout-9d6595d7 wp-block-columns-is-layout-flex\">\n<div class=\"wp-block-column is-layout-flow wp-block-column-is-layout-flow\">\n<ul class=\"wp-block-list\"><li>Eliminuje bakt\u00e9rie (E.coli, S. aureus) a obalen\u00e9 v\u00edrusy (Corona, Ebola, Rota v\u00edrus) a\u017e na 99,99 %.<\/li><li>Zabra\u0148uje koloniz\u00e1cii kvasiniek a plesn\u00ed<\/li><li>Dermatologicky testovan\u00e9 &#8220;ve\u013emi dobr\u00e9<\/li><li>Povrchy sa \u013eah\u0161ie a r\u00fdchlej\u0161ie \u010distia (&#8220;easy-to-clean&#8221;)<\/li><li>Pre vn\u00fatorn\u00e9 i vonkaj\u0161ie pou\u017eitie<\/li><li>Odolnos\u0165 proti oderu (zv\u00fd\u0161en\u00e1 odolnos\u0165 proti po\u0161kriabaniu)<\/li><li>Jednoduch\u00e1 a r\u00fdchla aplik\u00e1cia<\/li><li>Tvrdos\u0165 povrchu na skle 9H (T\u00dcV test pod\u013ea MSZ EN ISO 15184:2013)<\/li><li>Tvrdos\u0165 po\u0161kriabania na skle 10N (test T\u00dcV pod\u013ea MSZ 9640\/41:1983)<\/li><li>Kontaktn\u00fd uhol 95\u00b0 na skle a 91\u00b0 na nerezovej oceli, po 10 000 \u010distiacich cykloch 92\u00b0 + 85\u00b0 (testovan\u00e9 T\u00dcV s vodou)<\/li><\/ul><\/div>\n\n\n\n<div class=\"wp-block-column is-layout-flow wp-block-column-is-layout-flow\">\n<ul class=\"wp-block-list\"><li>Hr\u00fabka vrstvy pribli\u017ene 20 nm (nanometrov)<\/li><li>Drsnos\u0165: 6 nm na povrchu<\/li><li>S\u00e1\u010dky (jednotlivo balen\u00e9 vlh\u010den\u00e9 obr\u00fasky)<\/li><li>Vrec\u00fa\u0161ko 1: Predbe\u017en\u00e1 \u010distiaca handri\u010dka namo\u010den\u00e1 v IPA (izopropanol) 99 %.<\/li><li>Vrecko 2: Tesniaca tkanina napusten\u00e1 TiOSEPT\u00ae SG-55<\/li><li>Visk\u00f3zov\u00e9 r\u00fano, bez obsahu plastu, 60 g\/m\u00b2<\/li><li>Ve\u013ekos\u0165 tkaniny 150 x 240 mm<\/li><li>Jedna utierka sta\u010d\u00ed na pribli\u017ene 2 m\u00b2<\/li><li>BAUA-Reg.\u010d. N-104947<\/li><\/ul><\/div>\n<\/div>\n\n<hr\/>\n<h4 class=\"wp-block-heading\" id=\"application\">pou\u017e\u00edva\u0165<\/h4>\n\n<p><strong>TiOSEPT\u00ae SG-55 <\/strong>sada vrec\u00fa\u0161ok pripraven\u00e1 na pou\u017eitie na hladk\u00e9 povrchy sklo, nehrdzavej\u00faca oce\u013e, oce\u013e, hlin\u00edk plast a o\u0161etren\u00e9 drevo<\/p>\n\n<h5 class=\"wp-block-heading\">Pred\u010distenie<\/h5>\n\n<p>Odpor\u00fa\u010da sa nosi\u0165 jednorazov\u00e9 ochrann\u00e9 rukavice. Aplika\u010dn\u00e1 teplota 5 &#8211; 35 \u00b0C.<\/p>\n\n<ol class=\"wp-block-list\"><li>Povrch \u010distite obzvl\u00e1\u0161\u0165 starostlivo pomocou be\u017ene dostupn\u00fdch \u010distiacich prostriedkov. \u010c\u00edm lep\u0161ie je \u010distenie, t\u00fdm dlh\u0161ie vydr\u017e\u00ed tesnenie. Potom povrch vysu\u0161te.<\/li><li>Vyberte alkoholov\u00fa pred\u010distiacu handri\u010dku z vrecka a d\u00f4kladne \u0148ou odmastite povrch.<\/li><li>Povrch min. Nechajte 1 min\u00fatu zaschn\u00fa\u0165.<\/li><\/ol>\n<h5 class=\"wp-block-heading\">Tesnenie<\/h5>\n\n<p>Odpor\u00fa\u010da sa nosi\u0165 jednorazov\u00e9 ochrann\u00e9 rukavice. Aplika\u010dn\u00e1 teplota 5 &#8211; 35 \u00b0C.<\/p>\n\n<ol class=\"wp-block-list\"><li>Vyberte tesniacu handri\u010dku z vrecka a utrite povrch raz vertik\u00e1lne a raz horizont\u00e1lne. L\u00e1tka vysta\u010d\u00ed pribli\u017ene na 2 m\u00b2. Je d\u00f4le\u017eit\u00e9, aby ste pracovali r\u00fdchlo, preto\u017ee tkanina je such\u00e1 pribli\u017ene po 90 sekund\u00e1ch.<\/li><li>Nechajte povrch schn\u00fa\u0165 aspo\u0148 2 min\u00faty (pod 15 \u00b0C = 10 min\u00fat), 10 min\u00fat sa ho nedot\u00fdkajte. \u00dapln\u00e9 vytvrdnutie po 10 hodin\u00e1ch. V pr\u00edpade potreby aplik\u00e1ciu zopakujte. Ak sa na povrchu objav\u00ed mierne siv\u00e9 \u0161kvrny, mo\u017eno ich opatrne vyle\u0161ti\u0165 handri\u010dkou z mikrovl\u00e1kna.<\/li><\/ol>\n<p>Plastov\u00e9 povrchy sa st\u00e1vaj\u00fa antimikrobi\u00e1lnymi a z\u00edskavaj\u00fa zv\u00fd\u0161en\u00fa hydrof\u00f3bnos\u0165, odolnos\u0165 proti po\u0161kriabaniu sa nemen\u00ed. Aplik\u00e1cia na polykarbon\u00e1t a plexisklo\u00ae sa neodpor\u00fa\u010da.<\/p>\n\n<h5 class=\"wp-block-heading\" id=\"gebrauch\">skladovanie<\/h5>\n\n<p>TiOSEPT\u00ae SG-55 Skladujte pri teplote +5 a\u017e +25 \u00b0C. Chr\u00e1\u0148te pred mrazom a priamym slne\u010dn\u00fdm \u017eiaren\u00edm.<\/p>\n","protected":false},"excerpt":{"rendered":"<p><strong>Antimikrobi\u00e1lna dlhodob\u00e1 ochrana a\u017e 18 mesiacov<\/strong> <strong>pre hladk\u00e9 povrchy<\/strong><\/p>\n<p>\u2713 Transparentn\u00e9 a nevidite\u013en\u00e9<\/p>\n<p>\u2713 Odpudzuje vodu<\/p>\n<p>Testovan\u00e9 nez\u00e1visl\u00fdmi testovac\u00edmi in\u0161tit\u00faciami<\/p>\n<p>\u2713 Sady vrec\u00fa\u0161ok pripraven\u00e9 na pou\u017eitie na pred\u010distenie a utesnenie<\/p>\n","protected":false},"featured_media":94935,"template":"","meta":{"_acf_changed":false,"neve_meta_sidebar":"","neve_meta_container":"","neve_meta_enable_content_width":"","neve_meta_content_width":0,"neve_meta_title_alignment":"","neve_meta_author_avatar":"","neve_post_elements_order":"","neve_meta_disable_header":"","neve_meta_disable_footer":"","neve_meta_disable_title":"","neve_meta_reading_time":"","_surfaces":[],"_ver_product_tabs":[],"footnotes":""},"product_brand":[],"product_cat":[2269,2381,2405,2425,2490,3017],"product_tag":[],"class_list":{"0":"post-95211","1":"product","2":"type-product","3":"status-publish","4":"has-post-thumbnail","6":"product_cat-tesnenie-na-sklo-a-keramiku","7":"product_cat-dezinfekcne-prostriedky","8":"product_cat-kovove-a-plastove-tesnenie","9":"product_cat-povrchove-dezinfekcne-prostriedky","10":"product_cat-univerzalne-tesnenie","11":"product_cat-dezinfekcny-prostriedok-na-mobilny-telefon","13":"first","14":"onbackorder","15":"taxable","16":"shipping-taxable","17":"purchasable","18":"product-type-simple"},"acf":[],"yoast_head":"<!-- This site is optimized with the Yoast SEO Premium plugin v22.8 (Yoast SEO v27.5) - https:\/\/yoast.com\/product\/yoast-seo-premium-wordpress\/ -->\n<title>TiOSEPT\u00ae SG-55 Dlhodob\u00e1 ochrana povrchu, 10 s\u00e1d po 2m\u00b2 - versiegelung24.com<\/title>\n<meta name=\"robots\" content=\"index, follow, max-snippet:-1, max-image-preview:large, max-video-preview:-1\" \/>\n<link rel=\"canonical\" href=\"https:\/\/www.versiegelung24.com\/sk\/product\/tiosept-sg-55-dlhodoba-ochrana-povrchu-20-suprav-na-1m%c2%b2-kopie\/\" \/>\n<meta property=\"og:locale\" content=\"sk_SK\" \/>\n<meta property=\"og:type\" content=\"article\" \/>\n<meta property=\"og:title\" content=\"TiOSEPT\u00ae SG-55 Dlhodob\u00e1 ochrana povrchu, 10 s\u00e1d po 2m\u00b2\" \/>\n<meta property=\"og:description\" content=\"Antimikrobi\u00e1lna dlhodob\u00e1 ochrana a\u017e 18 mesiacov pre hladk\u00e9 povrchy \u2713 Transparentn\u00e9 a nevidite\u013en\u00e9 \u2713 Odpudzuje vodu Testovan\u00e9 nez\u00e1visl\u00fdmi testovac\u00edmi in\u0161tit\u00faciami \u2713 Sady vrec\u00fa\u0161ok pripraven\u00e9 na pou\u017eitie na pred\u010distenie a utesnenie\" \/>\n<meta property=\"og:url\" content=\"https:\/\/www.versiegelung24.com\/sk\/product\/tiosept-sg-55-dlhodoba-ochrana-povrchu-20-suprav-na-1m%c2%b2-kopie\/\" \/>\n<meta property=\"og:site_name\" content=\"versiegelung24.com\" \/>\n<meta property=\"article:modified_time\" content=\"2023-06-19T14:33:17+00:00\" \/>\n<meta property=\"og:image\" content=\"https:\/\/www.versiegelung24.com\/wp-content\/uploads\/2020\/04\/produkt-BACTUE-bacoban-front.jpg\" \/>\n\t<meta property=\"og:image:width\" content=\"2000\" \/>\n\t<meta property=\"og:image:height\" content=\"2000\" \/>\n\t<meta property=\"og:image:type\" content=\"image\/jpeg\" \/>\n<meta name=\"twitter:card\" content=\"summary_large_image\" \/>\n<meta name=\"twitter:label1\" content=\"Cena\" \/>\n\t<meta name=\"twitter:data1\" content=\"78,99&euro;\" \/>\n\t<meta name=\"twitter:label2\" content=\"Dostupnos\u0165\" \/>\n\t<meta name=\"twitter:data2\" content=\"Na objedn\u00e1vku\" \/>\n<script type=\"application\/ld+json\" class=\"yoast-schema-graph\">{\"@context\":\"https:\\\/\\\/schema.org\",\"@graph\":[{\"@type\":\"WebPage\",\"@id\":\"https:\\\/\\\/www.versiegelung24.com\\\/sk\\\/product\\\/tiosept-sg-55-dlhodoba-ochrana-povrchu-20-suprav-na-1m%c2%b2-kopie\\\/\",\"url\":\"https:\\\/\\\/www.versiegelung24.com\\\/sk\\\/product\\\/tiosept-sg-55-dlhodoba-ochrana-povrchu-20-suprav-na-1m%c2%b2-kopie\\\/\",\"name\":\"TiOSEPT\u00ae SG-55 Dlhodob\u00e1 ochrana povrchu, 10 s\u00e1d po 2m\u00b2 - versiegelung24.com\",\"isPartOf\":{\"@id\":\"https:\\\/\\\/www.versiegelung24.com\\\/sk\\\/#website\"},\"primaryImageOfPage\":{\"@id\":\"https:\\\/\\\/www.versiegelung24.com\\\/sk\\\/product\\\/tiosept-sg-55-dlhodoba-ochrana-povrchu-20-suprav-na-1m%c2%b2-kopie\\\/#primaryimage\"},\"image\":{\"@id\":\"https:\\\/\\\/www.versiegelung24.com\\\/sk\\\/product\\\/tiosept-sg-55-dlhodoba-ochrana-povrchu-20-suprav-na-1m%c2%b2-kopie\\\/#primaryimage\"},\"thumbnailUrl\":\"https:\\\/\\\/www.versiegelung24.com\\\/wp-content\\\/uploads\\\/2022\\\/11\\\/Tiosept-Schachtel-rechts.jpg\",\"datePublished\":\"2022-12-01T14:45:41+00:00\",\"dateModified\":\"2023-06-19T14:33:17+00:00\",\"breadcrumb\":{\"@id\":\"https:\\\/\\\/www.versiegelung24.com\\\/sk\\\/product\\\/tiosept-sg-55-dlhodoba-ochrana-povrchu-20-suprav-na-1m%c2%b2-kopie\\\/#breadcrumb\"},\"inLanguage\":\"sk-SK\",\"potentialAction\":[{\"@type\":\"ReadAction\",\"target\":[\"https:\\\/\\\/www.versiegelung24.com\\\/sk\\\/product\\\/tiosept-sg-55-dlhodoba-ochrana-povrchu-20-suprav-na-1m%c2%b2-kopie\\\/\"]}]},{\"@type\":\"ImageObject\",\"inLanguage\":\"sk-SK\",\"@id\":\"https:\\\/\\\/www.versiegelung24.com\\\/sk\\\/product\\\/tiosept-sg-55-dlhodoba-ochrana-povrchu-20-suprav-na-1m%c2%b2-kopie\\\/#primaryimage\",\"url\":\"https:\\\/\\\/www.versiegelung24.com\\\/wp-content\\\/uploads\\\/2022\\\/11\\\/Tiosept-Schachtel-rechts.jpg\",\"contentUrl\":\"https:\\\/\\\/www.versiegelung24.com\\\/wp-content\\\/uploads\\\/2022\\\/11\\\/Tiosept-Schachtel-rechts.jpg\",\"width\":1668,\"height\":1568},{\"@type\":\"BreadcrumbList\",\"@id\":\"https:\\\/\\\/www.versiegelung24.com\\\/sk\\\/product\\\/tiosept-sg-55-dlhodoba-ochrana-povrchu-20-suprav-na-1m%c2%b2-kopie\\\/#breadcrumb\",\"itemListElement\":[{\"@type\":\"ListItem\",\"position\":1,\"name\":\"\u00davodn\u00e1 str\u00e1nka\",\"item\":\"https:\\\/\\\/www.versiegelung24.com\\\/sk\\\/predna-strana\\\/\"},{\"@type\":\"ListItem\",\"position\":2,\"name\":\"Obchod\",\"item\":\"https:\\\/\\\/www.versiegelung24.com\\\/sk\\\/obchod\\\/\"},{\"@type\":\"ListItem\",\"position\":3,\"name\":\"TiOSEPT\u00ae SG-55 Dlhodob\u00e1 ochrana povrchu, 10 s\u00e1d po 2m\u00b2\"}]},{\"@type\":\"WebSite\",\"@id\":\"https:\\\/\\\/www.versiegelung24.com\\\/sk\\\/#website\",\"url\":\"https:\\\/\\\/www.versiegelung24.com\\\/sk\\\/\",\"name\":\"versiegelung24.com\",\"description\":\"Fl\u00fcssigglas-Versiegelung - Made in Germany\",\"publisher\":{\"@id\":\"https:\\\/\\\/www.versiegelung24.com\\\/sk\\\/#organization\"},\"potentialAction\":[{\"@type\":\"SearchAction\",\"target\":{\"@type\":\"EntryPoint\",\"urlTemplate\":\"https:\\\/\\\/www.versiegelung24.com\\\/sk\\\/?s={search_term_string}\"},\"query-input\":{\"@type\":\"PropertyValueSpecification\",\"valueRequired\":true,\"valueName\":\"search_term_string\"}}],\"inLanguage\":\"sk-SK\"},{\"@type\":\"Organization\",\"@id\":\"https:\\\/\\\/www.versiegelung24.com\\\/sk\\\/#organization\",\"name\":\"versiegelung24\",\"url\":\"https:\\\/\\\/www.versiegelung24.com\\\/sk\\\/\",\"logo\":{\"@type\":\"ImageObject\",\"inLanguage\":\"sk-SK\",\"@id\":\"https:\\\/\\\/www.versiegelung24.com\\\/sk\\\/#\\\/schema\\\/logo\\\/image\\\/\",\"url\":\"https:\\\/\\\/www.versiegelung24.com\\\/wp-content\\\/uploads\\\/2020\\\/04\\\/versiegelung24.png\",\"contentUrl\":\"https:\\\/\\\/www.versiegelung24.com\\\/wp-content\\\/uploads\\\/2020\\\/04\\\/versiegelung24.png\",\"width\":470,\"height\":102,\"caption\":\"versiegelung24\"},\"image\":{\"@id\":\"https:\\\/\\\/www.versiegelung24.com\\\/sk\\\/#\\\/schema\\\/logo\\\/image\\\/\"}}]}<\/script>\n<meta property=\"product:price:amount\" content=\"78.99\" \/>\n<meta property=\"product:price:currency\" content=\"EUR\" \/>\n<meta property=\"og:availability\" content=\"backorder\" \/>\n<meta property=\"product:availability\" content=\"available for order\" \/>\n<meta property=\"product:retailer_item_id\" content=\"TiOS-SG55-SA2-10\" \/>\n<meta property=\"product:condition\" content=\"new\" \/>\n<!-- \/ Yoast SEO Premium plugin. -->","yoast_head_json":{"title":"TiOSEPT\u00ae SG-55 Dlhodob\u00e1 ochrana povrchu, 10 s\u00e1d po 2m\u00b2 - versiegelung24.com","robots":{"index":"index","follow":"follow","max-snippet":"max-snippet:-1","max-image-preview":"max-image-preview:large","max-video-preview":"max-video-preview:-1"},"canonical":"https:\/\/www.versiegelung24.com\/sk\/product\/tiosept-sg-55-dlhodoba-ochrana-povrchu-20-suprav-na-1m%c2%b2-kopie\/","og_locale":"sk_SK","og_type":"article","og_title":"TiOSEPT\u00ae SG-55 Dlhodob\u00e1 ochrana povrchu, 10 s\u00e1d po 2m\u00b2","og_description":"Antimikrobi\u00e1lna dlhodob\u00e1 ochrana a\u017e 18 mesiacov pre hladk\u00e9 povrchy \u2713 Transparentn\u00e9 a nevidite\u013en\u00e9 \u2713 Odpudzuje vodu Testovan\u00e9 nez\u00e1visl\u00fdmi testovac\u00edmi in\u0161tit\u00faciami \u2713 Sady vrec\u00fa\u0161ok pripraven\u00e9 na pou\u017eitie na pred\u010distenie a utesnenie","og_url":"https:\/\/www.versiegelung24.com\/sk\/product\/tiosept-sg-55-dlhodoba-ochrana-povrchu-20-suprav-na-1m%c2%b2-kopie\/","og_site_name":"versiegelung24.com","article_modified_time":"2023-06-19T14:33:17+00:00","og_image":[{"width":2000,"height":2000,"url":"https:\/\/www.versiegelung24.com\/wp-content\/uploads\/2020\/04\/produkt-BACTUE-bacoban-front.jpg","type":"image\/jpeg"}],"twitter_card":"summary_large_image","twitter_misc":{"Cena":"78,99&euro;","Dostupnos\u0165":"Na objedn\u00e1vku"},"schema":{"@context":"https:\/\/schema.org","@graph":[{"@type":"WebPage","@id":"https:\/\/www.versiegelung24.com\/sk\/product\/tiosept-sg-55-dlhodoba-ochrana-povrchu-20-suprav-na-1m%c2%b2-kopie\/","url":"https:\/\/www.versiegelung24.com\/sk\/product\/tiosept-sg-55-dlhodoba-ochrana-povrchu-20-suprav-na-1m%c2%b2-kopie\/","name":"TiOSEPT\u00ae SG-55 Dlhodob\u00e1 ochrana povrchu, 10 s\u00e1d po 2m\u00b2 - versiegelung24.com","isPartOf":{"@id":"https:\/\/www.versiegelung24.com\/sk\/#website"},"primaryImageOfPage":{"@id":"https:\/\/www.versiegelung24.com\/sk\/product\/tiosept-sg-55-dlhodoba-ochrana-povrchu-20-suprav-na-1m%c2%b2-kopie\/#primaryimage"},"image":{"@id":"https:\/\/www.versiegelung24.com\/sk\/product\/tiosept-sg-55-dlhodoba-ochrana-povrchu-20-suprav-na-1m%c2%b2-kopie\/#primaryimage"},"thumbnailUrl":"https:\/\/www.versiegelung24.com\/wp-content\/uploads\/2022\/11\/Tiosept-Schachtel-rechts.jpg","datePublished":"2022-12-01T14:45:41+00:00","dateModified":"2023-06-19T14:33:17+00:00","breadcrumb":{"@id":"https:\/\/www.versiegelung24.com\/sk\/product\/tiosept-sg-55-dlhodoba-ochrana-povrchu-20-suprav-na-1m%c2%b2-kopie\/#breadcrumb"},"inLanguage":"sk-SK","potentialAction":[{"@type":"ReadAction","target":["https:\/\/www.versiegelung24.com\/sk\/product\/tiosept-sg-55-dlhodoba-ochrana-povrchu-20-suprav-na-1m%c2%b2-kopie\/"]}]},{"@type":"ImageObject","inLanguage":"sk-SK","@id":"https:\/\/www.versiegelung24.com\/sk\/product\/tiosept-sg-55-dlhodoba-ochrana-povrchu-20-suprav-na-1m%c2%b2-kopie\/#primaryimage","url":"https:\/\/www.versiegelung24.com\/wp-content\/uploads\/2022\/11\/Tiosept-Schachtel-rechts.jpg","contentUrl":"https:\/\/www.versiegelung24.com\/wp-content\/uploads\/2022\/11\/Tiosept-Schachtel-rechts.jpg","width":1668,"height":1568},{"@type":"BreadcrumbList","@id":"https:\/\/www.versiegelung24.com\/sk\/product\/tiosept-sg-55-dlhodoba-ochrana-povrchu-20-suprav-na-1m%c2%b2-kopie\/#breadcrumb","itemListElement":[{"@type":"ListItem","position":1,"name":"\u00davodn\u00e1 str\u00e1nka","item":"https:\/\/www.versiegelung24.com\/sk\/predna-strana\/"},{"@type":"ListItem","position":2,"name":"Obchod","item":"https:\/\/www.versiegelung24.com\/sk\/obchod\/"},{"@type":"ListItem","position":3,"name":"TiOSEPT\u00ae SG-55 Dlhodob\u00e1 ochrana povrchu, 10 s\u00e1d po 2m\u00b2"}]},{"@type":"WebSite","@id":"https:\/\/www.versiegelung24.com\/sk\/#website","url":"https:\/\/www.versiegelung24.com\/sk\/","name":"versiegelung24.com","description":"Fl\u00fcssigglas-Versiegelung - Made in Germany","publisher":{"@id":"https:\/\/www.versiegelung24.com\/sk\/#organization"},"potentialAction":[{"@type":"SearchAction","target":{"@type":"EntryPoint","urlTemplate":"https:\/\/www.versiegelung24.com\/sk\/?s={search_term_string}"},"query-input":{"@type":"PropertyValueSpecification","valueRequired":true,"valueName":"search_term_string"}}],"inLanguage":"sk-SK"},{"@type":"Organization","@id":"https:\/\/www.versiegelung24.com\/sk\/#organization","name":"versiegelung24","url":"https:\/\/www.versiegelung24.com\/sk\/","logo":{"@type":"ImageObject","inLanguage":"sk-SK","@id":"https:\/\/www.versiegelung24.com\/sk\/#\/schema\/logo\/image\/","url":"https:\/\/www.versiegelung24.com\/wp-content\/uploads\/2020\/04\/versiegelung24.png","contentUrl":"https:\/\/www.versiegelung24.com\/wp-content\/uploads\/2020\/04\/versiegelung24.png","width":470,"height":102,"caption":"versiegelung24"},"image":{"@id":"https:\/\/www.versiegelung24.com\/sk\/#\/schema\/logo\/image\/"}}]},"product_price_amount":"78.99","product_price_currency":"EUR","og_availability":"backorder","product_availability":"available for order","product_retailer_item_id":"TiOS-SG55-SA2-10","product_condition":"new"},"_links":{"self":[{"href":"https:\/\/www.versiegelung24.com\/sk\/wp-json\/wp\/v2\/product\/95211","targetHints":{"allow":["GET"]}}],"collection":[{"href":"https:\/\/www.versiegelung24.com\/sk\/wp-json\/wp\/v2\/product"}],"about":[{"href":"https:\/\/www.versiegelung24.com\/sk\/wp-json\/wp\/v2\/types\/product"}],"version-history":[{"count":7,"href":"https:\/\/www.versiegelung24.com\/sk\/wp-json\/wp\/v2\/product\/95211\/revisions"}],"predecessor-version":[{"id":96481,"href":"https:\/\/www.versiegelung24.com\/sk\/wp-json\/wp\/v2\/product\/95211\/revisions\/96481"}],"wp:featuredmedia":[{"embeddable":true,"href":"https:\/\/www.versiegelung24.com\/sk\/wp-json\/wp\/v2\/media\/94935"}],"wp:attachment":[{"href":"https:\/\/www.versiegelung24.com\/sk\/wp-json\/wp\/v2\/media?parent=95211"}],"wp:term":[{"taxonomy":"product_brand","embeddable":true,"href":"https:\/\/www.versiegelung24.com\/sk\/wp-json\/wp\/v2\/product_brand?post=95211"},{"taxonomy":"product_cat","embeddable":true,"href":"https:\/\/www.versiegelung24.com\/sk\/wp-json\/wp\/v2\/product_cat?post=95211"},{"taxonomy":"product_tag","embeddable":true,"href":"https:\/\/www.versiegelung24.com\/sk\/wp-json\/wp\/v2\/product_tag?post=95211"}],"curies":[{"name":"wp","href":"https:\/\/api.w.org\/{rel}","templated":true}]}}