{"id":22195,"date":"2021-08-02T20:25:46","date_gmt":"2021-08-02T18:25:46","guid":{"rendered":"https:\/\/www.versiegelung24.com\/uporaba-tekocega-stekla"},"modified":"2024-01-12T16:57:24","modified_gmt":"2024-01-12T15:57:24","slug":"uporaba-tekocega-stekla","status":"publish","type":"page","link":"https:\/\/www.versiegelung24.com\/sl\/uporaba-tekocega-stekla\/","title":{"rendered":"Aplikacija"},"content":{"rendered":"\n<figure class=\"wp-block-gallery has-nested-images columns-default is-cropped wp-block-gallery-1 is-layout-flex wp-block-gallery-is-layout-flex\">\n<figure class=\"wp-block-image size-large\"><a href=\"https:\/\/www.versiegelung24.com\/wp-content\/uploads\/2020\/04\/Fotolia_46941095_XS.jpg\"><img fetchpriority=\"high\" decoding=\"async\" width=\"424\" height=\"283\" data-id=\"3728\" src=\"https:\/\/www.versiegelung24.com\/wp-content\/uploads\/2020\/04\/Fotolia_46941095_XS.jpg\" alt=\"\" class=\"wp-image-3728\" srcset=\"https:\/\/www.versiegelung24.com\/wp-content\/uploads\/2020\/04\/Fotolia_46941095_XS.jpg 424w, https:\/\/www.versiegelung24.com\/wp-content\/uploads\/2020\/04\/Fotolia_46941095_XS-300x200.jpg 300w, https:\/\/www.versiegelung24.com\/wp-content\/uploads\/2020\/04\/Fotolia_46941095_XS-16x12.jpg 16w\" sizes=\"(max-width: 424px) 100vw, 424px\" \/><\/a><\/figure>\n\n\n\n<figure class=\"wp-block-image size-large\"><a href=\"https:\/\/www.versiegelung24.com\/wp-content\/uploads\/2020\/04\/bioethanol-scaled.jpg\"><img decoding=\"async\" width=\"1030\" height=\"690\" data-id=\"3819\" src=\"https:\/\/www.versiegelung24.com\/wp-content\/uploads\/2020\/04\/bioethanol-scaled-1030x690.jpg\" alt=\"\" class=\"wp-image-3819\" srcset=\"https:\/\/www.versiegelung24.com\/wp-content\/uploads\/2020\/04\/bioethanol-scaled-1030x690.jpg 1030w, https:\/\/www.versiegelung24.com\/wp-content\/uploads\/2020\/04\/bioethanol-scaled-600x402.jpg 600w, https:\/\/www.versiegelung24.com\/wp-content\/uploads\/2020\/04\/bioethanol-scaled-300x201.jpg 300w, https:\/\/www.versiegelung24.com\/wp-content\/uploads\/2020\/04\/bioethanol-scaled-768x514.jpg 768w, https:\/\/www.versiegelung24.com\/wp-content\/uploads\/2020\/04\/bioethanol-scaled-1536x1028.jpg 1536w, https:\/\/www.versiegelung24.com\/wp-content\/uploads\/2020\/04\/bioethanol-scaled-2048x1371.jpg 2048w, https:\/\/www.versiegelung24.com\/wp-content\/uploads\/2020\/04\/bioethanol-scaled-16x12.jpg 16w, https:\/\/www.versiegelung24.com\/wp-content\/uploads\/2020\/04\/bioethanol-scaled-1500x1004.jpg 1500w, https:\/\/www.versiegelung24.com\/wp-content\/uploads\/2020\/04\/bioethanol-scaled-705x472.jpg 705w\" sizes=\"(max-width: 1030px) 100vw, 1030px\" \/><\/a><\/figure>\n\n\n\n<figure class=\"wp-block-image size-large\"><a href=\"https:\/\/www.versiegelung24.com\/wp-content\/uploads\/2020\/04\/Fotolia_54706282_XS.jpg\"><img decoding=\"async\" width=\"424\" height=\"283\" data-id=\"3738\" src=\"https:\/\/www.versiegelung24.com\/wp-content\/uploads\/2020\/04\/Fotolia_54706282_XS.jpg\" alt=\"\" class=\"wp-image-3738\" srcset=\"https:\/\/www.versiegelung24.com\/wp-content\/uploads\/2020\/04\/Fotolia_54706282_XS.jpg 424w, https:\/\/www.versiegelung24.com\/wp-content\/uploads\/2020\/04\/Fotolia_54706282_XS-300x200.jpg 300w, https:\/\/www.versiegelung24.com\/wp-content\/uploads\/2020\/04\/Fotolia_54706282_XS-16x12.jpg 16w\" sizes=\"(max-width: 424px) 100vw, 424px\" \/><\/a><\/figure>\n<\/figure>\n\n<h1 class=\"wp-block-heading\" id=\"h-die-anwendung-von-flussigglas-einfacher-als-sie-glauben\">Uporaba teko\u010dega stekla: la\u017eje, kot si mislite!<\/h1>\n\n<p>S profesionalnim visokotehnolo\u0161kim izdelkom obi\u010dajno pri\u010dakujemo precej okorna in zahtevna navodila, da bi dosegli \u017eeleni rezultat. Toda tesnila iz teko\u010dega stekla so zelo uporabniku prijazni izdelki in so zato zelo primerna tudi za zasebno uporabo.<\/p>\n\n<h3 class=\"wp-block-heading\" id=\"h-jede-zu-versiegelnde-oberflache-ist-anders\">Vsaka povr\u0161ina, ki jo je treba zape\u010datiti, je druga\u010dna<\/h3>\n\n<p>Razli\u010dni materiali imajo razli\u010dne zahteve. Razvoj teko\u010dega stekla kot u\u010dinkovitega tesnila je bil prilagojen in optimiziran za vse uporabne materiale.<\/p>\n\n<p>Za vpojne in mehke podlage, kot sta kamen ali les, mora biti tesnilna masa sposobna dovolj prodreti, da se lahko nato zamre\u017ei in tvori trajno za\u0161\u010ditno plast na povr\u0161ini, ko se strdi. Ne vpojni \/ trdi elementi ne absorbirajo tesnilnega steklenega tesnila &#8211; tukaj se zanesljivo oprijema povr\u0161ine.<\/p>\n\n<p><strong>Natan\u010dna uporaba teko\u010dega stekla se zato nekoliko razlikuje glede na material, saj je treba upo\u0161tevati ustrezne lastnosti materiala. Podrobnosti o tem lahko najdete pri svojem izdelku.<\/strong><\/p>\n\n<div class=\"wp-block-columns are-vertically-aligned-top is-layout-flex wp-container-core-columns-is-layout-9d6595d7 wp-block-columns-is-layout-flex\">\n<div class=\"wp-block-column is-vertically-aligned-top is-layout-flow wp-block-column-is-layout-flow\" style=\"flex-basis:5%\">\n<div class=\"wp-block-getwid-icon has-layout-stacked\"><div class=\"wp-block-getwid-icon__wrapper has-background has-text-color has-nv-site-bg-color\" style=\"background-color:#d0d0d0\"><i class=\"far fa-lightbulb\"><\/i><\/div><\/div>\n<\/div>\n\n\n\n<div class=\"wp-block-column is-vertically-aligned-top is-layout-flow wp-block-column-is-layout-flow\">\n<p><strong>Splo\u0161ni postopek je sestavljen iz treh preprostih korakov:<\/strong><\/p>\n<\/div>\n<\/div>\n\n<div class=\"wp-block-getwid-content-timeline\" data-animation=\"none\" data-filling=\"true\"><div class=\"wp-block-getwid-content-timeline__line\"><div class=\"wp-block-getwid-content-timeline__bar\"><\/div><\/div><div class=\"wp-block-getwid-content-timeline__wrapper\">\n<div class=\"wp-block-getwid-content-timeline-item has-card-right\"><div class=\"wp-block-getwid-content-timeline-item__wrapper\"><div class=\"wp-block-getwid-content-timeline-item__card\"><div class=\"wp-block-getwid-content-timeline-item__card-wrapper\"><div class=\"wp-block-getwid-content-timeline-item__content-wrapper\"><div class=\"wp-block-getwid-content-timeline-item__mobile-meta\"><p class=\"wp-block-getwid-content-timeline-item__meta-content\"><strong>Erster Schritt<\/strong><\/p><\/div>\n<h3 class=\"wp-block-heading\" id=\"h-vorreinigung\">Predhodno \u010di\u0161\u010denje<\/h3>\n\n\n\n<p><strong>Od predhodnega \u010di\u0161\u010denja je odvisen nadaljnji rezultat! Ker lahko samo popolnoma \u010disto povr\u0161ino dobro prema\u017eemo.<\/strong>Za popoln rezultat je zato nujno, da nadaljujemo z najve\u010djo previdnostjo. Odstranite ostanke, kot so umazanija, prah ali ma\u0161\u010dobe in olja, ne da bi pri tem ostali ostanki. Priporo\u010damo, da postopek ponovnega \u010di\u0161\u010denja ponovite na varni strani in kon\u010date z uporabo \u010distega etanola, saj ta zanesljivo raztopi ma\u0161\u010dobne spojine. V na\u0161i trgovini lahko najdete<a href=\"https:\/\/www.versiegelung24.com\/reinigungsmittel\/\"> posebej razvite izdelke<\/a> za popolno predhodno \u010di\u0161\u010denje.<\/p>\n<\/div><\/div><\/div><div class=\"wp-block-getwid-content-timeline-item__point\"><div class=\"wp-block-getwid-content-timeline-item__point-content\"><\/div><\/div><div class=\"wp-block-getwid-content-timeline-item__meta\"><p class=\"wp-block-getwid-content-timeline-item__meta-content\"><strong>Erster Schritt<\/strong><\/p><\/div><\/div><\/div>\n\n\n\n<div class=\"wp-block-getwid-content-timeline-item has-card-left\"><div class=\"wp-block-getwid-content-timeline-item__wrapper\"><div class=\"wp-block-getwid-content-timeline-item__card\"><div class=\"wp-block-getwid-content-timeline-item__card-wrapper\"><div class=\"wp-block-getwid-content-timeline-item__content-wrapper\"><div class=\"wp-block-getwid-content-timeline-item__mobile-meta\"><p class=\"wp-block-getwid-content-timeline-item__meta-content\"><strong>Zweiter Schritt<\/strong><\/p><\/div>\n<h3 class=\"wp-block-heading\" id=\"h-auftragen-der-versiegelung\">Nana\u0161anje tesnilne mase<\/h3>\n\n\n\n<p><strong>Ko je povr\u0161ina popolnoma \u010dista, se za\u010dne nana\u0161anje teko\u010dega stekla.<\/strong> Z mnogimi materiali lahko<strong> razpr\u0161eno<\/strong> &#8211; to velja na primer za vse vrste kamnitih in vpojnih povr\u0161in, saj jih je tukaj te\u017eko drgniti. Tudi a<strong> Potopitev<\/strong> mogo\u010de,<strong> Krta\u010de ali valj\u010dki za barvanje<\/strong> je lahko uporabljen.<br\/>Zlasti pri vpojnih povr\u0161inah je treba zagotoviti, da se nanese zadostna koli\u010dina, da se lahko molekule SiO2 kri\u017eajo brez vrzeli. Nekatere gladke povr\u0161ine je treba zapreti<strong> s pomo\u010djo mehke krpe<\/strong> vtrite &#8211; avtomobili in tu\u0161 kabine med drugim zahtevajo to natan\u010dno nastavitev.<br\/>Za dosego najbolj\u0161ega rezultata je potrebna najve\u010dja skrb.<\/p>\n<\/div><\/div><\/div><div class=\"wp-block-getwid-content-timeline-item__point\"><div class=\"wp-block-getwid-content-timeline-item__point-content\"><\/div><\/div><div class=\"wp-block-getwid-content-timeline-item__meta\"><p class=\"wp-block-getwid-content-timeline-item__meta-content\"><strong>Zweiter Schritt<\/strong><\/p><\/div><\/div><\/div>\n\n\n\n<div class=\"wp-block-getwid-content-timeline-item has-card-right\"><div class=\"wp-block-getwid-content-timeline-item__wrapper\"><div class=\"wp-block-getwid-content-timeline-item__card\"><div class=\"wp-block-getwid-content-timeline-item__card-wrapper\"><div class=\"wp-block-getwid-content-timeline-item__content-wrapper\"><div class=\"wp-block-getwid-content-timeline-item__mobile-meta\"><p class=\"wp-block-getwid-content-timeline-item__meta-content\"><strong>Dritter Schritt<\/strong><\/p><\/div>\n<h3 class=\"wp-block-heading\" id=\"h-aushartung\">Utrjevanje<\/h3>\n\n\n\n<p><strong>Ko je delo kon\u010dano, se mora teko\u010de steklo strjevati nekaj ur.<\/strong> Odvisno od povr\u0161ine je potrebnih 12-24 ur. Prepri\u010dajte se, da na ta proces ne vplivata de\u017e ali prezgodnji stres na materialu! Potrpe\u017eljivost in skrb sta popla\u010dani, saj je po preteku potrebnega \u010dasa povr\u0161ina odporna kot obi\u010dajno in bo v prihodnje vzdr\u017eala zunanje vplive, kot sta umazanija in vreme.<\/p>\n<\/div><\/div><\/div><div class=\"wp-block-getwid-content-timeline-item__point\"><div class=\"wp-block-getwid-content-timeline-item__point-content\"><\/div><\/div><div class=\"wp-block-getwid-content-timeline-item__meta\"><p class=\"wp-block-getwid-content-timeline-item__meta-content\"><strong>Dritter Schritt<\/strong><\/p><\/div><\/div><\/div>\n\n\n\n<div class=\"wp-block-getwid-content-timeline-item has-card-left\"><div class=\"wp-block-getwid-content-timeline-item__wrapper\"><div class=\"wp-block-getwid-content-timeline-item__card\"><div class=\"wp-block-getwid-content-timeline-item__card-wrapper\"><div class=\"wp-block-getwid-content-timeline-item__content-wrapper\"><div class=\"wp-block-getwid-content-timeline-item__mobile-meta\"><p class=\"wp-block-getwid-content-timeline-item__meta-content\"><strong>Fertig ist die Versiegelung!<\/strong><\/p><\/div>\n<h3 class=\"wp-block-heading\" id=\"h-\"><\/h3>\n\n\n\n<p>Po teh treh delovnih korakih je va\u0161a povr\u0161ina popolnoma za\u0161\u010ditena in to \u017ee vrsto let!<\/p>\n<\/div><\/div><\/div><div class=\"wp-block-getwid-content-timeline-item__point\"><div class=\"wp-block-getwid-content-timeline-item__point-content\"><\/div><\/div><div class=\"wp-block-getwid-content-timeline-item__meta\"><p class=\"wp-block-getwid-content-timeline-item__meta-content\"><strong>Fertig ist die Versiegelung!<\/strong><\/p><\/div><\/div><\/div>\n<\/div><\/div>\n\n<div class=\"wp-block-columns is-layout-flex wp-container-core-columns-is-layout-9d6595d7 wp-block-columns-is-layout-flex\">\n<div class=\"wp-block-column is-layout-flow wp-block-column-is-layout-flow\">\n<div class=\"wp-block-getwid-icon-box headline-center has-text-center\"><div class=\"wp-block-getwid-icon-box__icon-container is-position-top\"><a href=\"https:\/\/www.versiegelung24.com\/sl\/nasveti-o-izdelkih-versiegelung24\/o-tehnologiji-tekocega-stekla\/\" class=\"wp-block-getwid-icon-box__icon-wrapper\"><i class=\"fas fa-spinner\"><\/i><\/a><\/div><div class=\"wp-block-getwid-icon-box__content\">\n<h3 class=\"has-text-align-center wp-block-heading\" id=\"h-flussigglas\"><a href=\"https:\/\/www.versiegelung24.com\/sl\/nasveti-o-izdelkih-versiegelung24\/o-tehnologiji-tekocega-stekla\/\">Teko\u010de steklo<\/a><\/h3>\n\n\n\n<p>Nau\u010di se ve\u010d!<\/p>\n<\/div><\/div>\n<\/div>\n\n\n\n<div class=\"wp-block-column is-layout-flow wp-block-column-is-layout-flow\">\n<div class=\"wp-block-getwid-icon-box headline-center has-text-center\"><div class=\"wp-block-getwid-icon-box__icon-container is-position-top\"><a href=\"https:\/\/www.versiegelung24.com\/sl\/nasveti-o-izdelkih-versiegelung24\/katere-povrsine-so-primerne\/\" class=\"wp-block-getwid-icon-box__icon-wrapper\"><i class=\"fas fa-water\"><\/i><\/a><\/div><div class=\"wp-block-getwid-icon-box__content\">\n<h3 class=\"has-text-align-center wp-block-heading\" id=\"h-oberfl-chen\"><a href=\"https:\/\/www.versiegelung24.com\/sl\/nasveti-o-izdelkih-versiegelung24\/katere-povrsine-so-primerne\/\">povr\u0161in<\/a><\/h3>\n\n\n\n<p>Kaj lahko zape\u010datim?<\/p>\n<\/div><\/div>\n<\/div>\n\n\n\n<div class=\"wp-block-column is-layout-flow wp-block-column-is-layout-flow\">\n<div class=\"wp-block-getwid-icon-box headline-center has-text-center\"><div class=\"wp-block-getwid-icon-box__icon-container is-position-top\"><a href=\"https:\/\/www.versiegelung24.com\/sl\/uporaba-tekocega-stekla\/\" class=\"wp-block-getwid-icon-box__icon-wrapper\"><i class=\"fas fa-swatchbook\"><\/i><\/a><\/div><div class=\"wp-block-getwid-icon-box__content\">\n<h3 class=\"has-text-align-center wp-block-heading\" id=\"h-anwendung\"><a href=\"https:\/\/www.versiegelung24.com\/sl\/uporaba-tekocega-stekla\/\">uporaba<\/a><\/h3>\n\n\n\n<p>Naredi sam<\/p>\n<\/div><\/div>\n<\/div>\n\n\n\n<div class=\"wp-block-column headline-center is-layout-flow wp-block-column-is-layout-flow\">\n<div class=\"wp-block-getwid-icon-box has-text-center\"><div class=\"wp-block-getwid-icon-box__icon-container is-position-top\"><a href=\"https:\/\/www.versiegelung24.com\/sl\/nasveti-o-izdelkih-versiegelung24\/zanimiva-dejstva-s-podrocja-tesnjenja-in-razkuzevanja\/\" class=\"wp-block-getwid-icon-box__icon-wrapper\"><i class=\"fas fa-check\"><\/i><\/a><\/div><div class=\"wp-block-getwid-icon-box__content\">\n<h3 class=\"has-text-align-center wp-block-heading\" id=\"h-ihr-ergebnis\"><a href=\"https:\/\/www.versiegelung24.com\/sl\/nasveti-o-izdelkih-versiegelung24\/zanimiva-dejstva-s-podrocja-tesnjenja-in-razkuzevanja\/\">Va\u0161 rezultat<\/a><\/h3>\n\n\n\n<p>Rezultati<\/p>\n<\/div><\/div>\n<\/div>\n<\/div>\n\n<p><\/p>\n","protected":false},"excerpt":{"rendered":"<p>Uporaba teko\u010dega stekla: la\u017eje, kot si mislite! S profesionalnim visokotehnolo\u0161kim izdelkom obi\u010dajno pri\u010dakujemo precej okorna in zahtevna navodila, da bi dosegli \u017eeleni rezultat. Toda tesnila iz teko\u010dega stekla so zelo uporabniku prijazni izdelki in so zato zelo primerna tudi za zasebno uporabo. Vsaka povr\u0161ina, ki jo je treba zape\u010datiti, je druga\u010dna Razli\u010dni materiali imajo razli\u010dne&hellip;&nbsp;<a href=\"https:\/\/www.versiegelung24.com\/sl\/uporaba-tekocega-stekla\/\" rel=\"bookmark\">Read More &raquo;<span class=\"screen-reader-text\">Aplikacija<\/span><\/a><\/p>\n","protected":false},"author":932,"featured_media":44416,"parent":31250,"menu_order":3,"comment_status":"closed","ping_status":"closed","template":"","meta":{"_acf_changed":false,"neve_meta_sidebar":"","neve_meta_container":"","neve_meta_enable_content_width":"","neve_meta_content_width":0,"neve_meta_title_alignment":"","neve_meta_author_avatar":"","neve_post_elements_order":"","neve_meta_disable_header":"","neve_meta_disable_footer":"","neve_meta_disable_title":"","neve_meta_reading_time":"","footnotes":""},"categories":[3487],"seiten_kategorie":[],"class_list":["post-22195","page","type-page","status-publish","has-post-thumbnail","hentry","category-vodnik-clanek-tekoce-steklo"],"acf":[],"yoast_head":"<!-- This site is optimized with the Yoast SEO Premium plugin v22.8 (Yoast SEO v27.5) - https:\/\/yoast.com\/product\/yoast-seo-premium-wordpress\/ -->\n<title>Aplikacija - versiegelung24.com<\/title>\n<meta name=\"robots\" content=\"index, follow, max-snippet:-1, max-image-preview:large, max-video-preview:-1\" \/>\n<link rel=\"canonical\" href=\"https:\/\/www.versiegelung24.com\/sl\/uporaba-tekocega-stekla\/\" \/>\n<meta property=\"og:locale\" content=\"sl_SI\" \/>\n<meta property=\"og:type\" content=\"article\" \/>\n<meta property=\"og:title\" content=\"Aplikacija\" \/>\n<meta property=\"og:description\" content=\"Uporaba teko\u010dega stekla: la\u017eje, kot si mislite! S profesionalnim visokotehnolo\u0161kim izdelkom obi\u010dajno pri\u010dakujemo precej okorna in zahtevna navodila, da bi dosegli \u017eeleni rezultat. Toda tesnila iz teko\u010dega stekla so zelo uporabniku prijazni izdelki in so zato zelo primerna tudi za zasebno uporabo. Vsaka povr\u0161ina, ki jo je treba zape\u010datiti, je druga\u010dna Razli\u010dni materiali imajo razli\u010dne&hellip;&nbsp;Read More &raquo;Aplikacija\" \/>\n<meta property=\"og:url\" content=\"https:\/\/www.versiegelung24.com\/sl\/uporaba-tekocega-stekla\/\" \/>\n<meta property=\"og:site_name\" content=\"versiegelung24.com\" \/>\n<meta property=\"article:modified_time\" content=\"2024-01-12T15:57:24+00:00\" \/>\n<meta property=\"og:image\" content=\"https:\/\/www.versiegelung24.com\/wp-content\/uploads\/2021\/12\/Pinsel_pictogram.png\" \/>\n\t<meta property=\"og:image:width\" content=\"1000\" \/>\n\t<meta property=\"og:image:height\" content=\"1000\" \/>\n\t<meta property=\"og:image:type\" content=\"image\/png\" \/>\n<meta name=\"twitter:card\" content=\"summary_large_image\" \/>\n<meta name=\"twitter:label1\" content=\"Est. reading time\" \/>\n\t<meta name=\"twitter:data1\" content=\"2 minuti\" \/>\n<script type=\"application\/ld+json\" class=\"yoast-schema-graph\">{\"@context\":\"https:\\\/\\\/schema.org\",\"@graph\":[{\"@type\":\"WebPage\",\"@id\":\"https:\\\/\\\/www.versiegelung24.com\\\/sl\\\/uporaba-tekocega-stekla\\\/\",\"url\":\"https:\\\/\\\/www.versiegelung24.com\\\/sl\\\/uporaba-tekocega-stekla\\\/\",\"name\":\"Aplikacija - versiegelung24.com\",\"isPartOf\":{\"@id\":\"https:\\\/\\\/www.versiegelung24.com\\\/sl\\\/#website\"},\"primaryImageOfPage\":{\"@id\":\"https:\\\/\\\/www.versiegelung24.com\\\/sl\\\/uporaba-tekocega-stekla\\\/#primaryimage\"},\"image\":{\"@id\":\"https:\\\/\\\/www.versiegelung24.com\\\/sl\\\/uporaba-tekocega-stekla\\\/#primaryimage\"},\"thumbnailUrl\":\"https:\\\/\\\/www.versiegelung24.com\\\/wp-content\\\/uploads\\\/2021\\\/12\\\/Pinsel_pictogram.png\",\"datePublished\":\"2021-08-02T18:25:46+00:00\",\"dateModified\":\"2024-01-12T15:57:24+00:00\",\"breadcrumb\":{\"@id\":\"https:\\\/\\\/www.versiegelung24.com\\\/sl\\\/uporaba-tekocega-stekla\\\/#breadcrumb\"},\"inLanguage\":\"sl-SI\",\"potentialAction\":[{\"@type\":\"ReadAction\",\"target\":[\"https:\\\/\\\/www.versiegelung24.com\\\/sl\\\/uporaba-tekocega-stekla\\\/\"]}]},{\"@type\":\"ImageObject\",\"inLanguage\":\"sl-SI\",\"@id\":\"https:\\\/\\\/www.versiegelung24.com\\\/sl\\\/uporaba-tekocega-stekla\\\/#primaryimage\",\"url\":\"https:\\\/\\\/www.versiegelung24.com\\\/wp-content\\\/uploads\\\/2021\\\/12\\\/Pinsel_pictogram.png\",\"contentUrl\":\"https:\\\/\\\/www.versiegelung24.com\\\/wp-content\\\/uploads\\\/2021\\\/12\\\/Pinsel_pictogram.png\",\"width\":1000,\"height\":1000},{\"@type\":\"BreadcrumbList\",\"@id\":\"https:\\\/\\\/www.versiegelung24.com\\\/sl\\\/uporaba-tekocega-stekla\\\/#breadcrumb\",\"itemListElement\":[{\"@type\":\"ListItem\",\"position\":1,\"name\":\"Doma\u010da stran\",\"item\":\"https:\\\/\\\/www.versiegelung24.com\\\/sl\\\/spredaj\\\/\"},{\"@type\":\"ListItem\",\"position\":2,\"name\":\"Svetovalec\",\"item\":\"https:\\\/\\\/www.versiegelung24.com\\\/sl\\\/ratgeber\\\/\"},{\"@type\":\"ListItem\",\"position\":3,\"name\":\"Aplikacija\"}]},{\"@type\":\"WebSite\",\"@id\":\"https:\\\/\\\/www.versiegelung24.com\\\/sl\\\/#website\",\"url\":\"https:\\\/\\\/www.versiegelung24.com\\\/sl\\\/\",\"name\":\"versiegelung24.com\",\"description\":\"Fl\u00fcssigglas-Versiegelung - Made in Germany\",\"publisher\":{\"@id\":\"https:\\\/\\\/www.versiegelung24.com\\\/sl\\\/#organization\"},\"potentialAction\":[{\"@type\":\"SearchAction\",\"target\":{\"@type\":\"EntryPoint\",\"urlTemplate\":\"https:\\\/\\\/www.versiegelung24.com\\\/sl\\\/?s={search_term_string}\"},\"query-input\":{\"@type\":\"PropertyValueSpecification\",\"valueRequired\":true,\"valueName\":\"search_term_string\"}}],\"inLanguage\":\"sl-SI\"},{\"@type\":\"Organization\",\"@id\":\"https:\\\/\\\/www.versiegelung24.com\\\/sl\\\/#organization\",\"name\":\"versiegelung24\",\"url\":\"https:\\\/\\\/www.versiegelung24.com\\\/sl\\\/\",\"logo\":{\"@type\":\"ImageObject\",\"inLanguage\":\"sl-SI\",\"@id\":\"https:\\\/\\\/www.versiegelung24.com\\\/sl\\\/#\\\/schema\\\/logo\\\/image\\\/\",\"url\":\"https:\\\/\\\/www.versiegelung24.com\\\/wp-content\\\/uploads\\\/2020\\\/04\\\/versiegelung24.png\",\"contentUrl\":\"https:\\\/\\\/www.versiegelung24.com\\\/wp-content\\\/uploads\\\/2020\\\/04\\\/versiegelung24.png\",\"width\":470,\"height\":102,\"caption\":\"versiegelung24\"},\"image\":{\"@id\":\"https:\\\/\\\/www.versiegelung24.com\\\/sl\\\/#\\\/schema\\\/logo\\\/image\\\/\"}}]}<\/script>\n<!-- \/ Yoast SEO Premium plugin. -->","yoast_head_json":{"title":"Aplikacija - versiegelung24.com","robots":{"index":"index","follow":"follow","max-snippet":"max-snippet:-1","max-image-preview":"max-image-preview:large","max-video-preview":"max-video-preview:-1"},"canonical":"https:\/\/www.versiegelung24.com\/sl\/uporaba-tekocega-stekla\/","og_locale":"sl_SI","og_type":"article","og_title":"Aplikacija","og_description":"Uporaba teko\u010dega stekla: la\u017eje, kot si mislite! S profesionalnim visokotehnolo\u0161kim izdelkom obi\u010dajno pri\u010dakujemo precej okorna in zahtevna navodila, da bi dosegli \u017eeleni rezultat. Toda tesnila iz teko\u010dega stekla so zelo uporabniku prijazni izdelki in so zato zelo primerna tudi za zasebno uporabo. Vsaka povr\u0161ina, ki jo je treba zape\u010datiti, je druga\u010dna Razli\u010dni materiali imajo razli\u010dne&hellip;&nbsp;Read More &raquo;Aplikacija","og_url":"https:\/\/www.versiegelung24.com\/sl\/uporaba-tekocega-stekla\/","og_site_name":"versiegelung24.com","article_modified_time":"2024-01-12T15:57:24+00:00","og_image":[{"width":1000,"height":1000,"url":"https:\/\/www.versiegelung24.com\/wp-content\/uploads\/2021\/12\/Pinsel_pictogram.png","type":"image\/png"}],"twitter_card":"summary_large_image","twitter_misc":{"Est. reading time":"2 minuti"},"schema":{"@context":"https:\/\/schema.org","@graph":[{"@type":"WebPage","@id":"https:\/\/www.versiegelung24.com\/sl\/uporaba-tekocega-stekla\/","url":"https:\/\/www.versiegelung24.com\/sl\/uporaba-tekocega-stekla\/","name":"Aplikacija - versiegelung24.com","isPartOf":{"@id":"https:\/\/www.versiegelung24.com\/sl\/#website"},"primaryImageOfPage":{"@id":"https:\/\/www.versiegelung24.com\/sl\/uporaba-tekocega-stekla\/#primaryimage"},"image":{"@id":"https:\/\/www.versiegelung24.com\/sl\/uporaba-tekocega-stekla\/#primaryimage"},"thumbnailUrl":"https:\/\/www.versiegelung24.com\/wp-content\/uploads\/2021\/12\/Pinsel_pictogram.png","datePublished":"2021-08-02T18:25:46+00:00","dateModified":"2024-01-12T15:57:24+00:00","breadcrumb":{"@id":"https:\/\/www.versiegelung24.com\/sl\/uporaba-tekocega-stekla\/#breadcrumb"},"inLanguage":"sl-SI","potentialAction":[{"@type":"ReadAction","target":["https:\/\/www.versiegelung24.com\/sl\/uporaba-tekocega-stekla\/"]}]},{"@type":"ImageObject","inLanguage":"sl-SI","@id":"https:\/\/www.versiegelung24.com\/sl\/uporaba-tekocega-stekla\/#primaryimage","url":"https:\/\/www.versiegelung24.com\/wp-content\/uploads\/2021\/12\/Pinsel_pictogram.png","contentUrl":"https:\/\/www.versiegelung24.com\/wp-content\/uploads\/2021\/12\/Pinsel_pictogram.png","width":1000,"height":1000},{"@type":"BreadcrumbList","@id":"https:\/\/www.versiegelung24.com\/sl\/uporaba-tekocega-stekla\/#breadcrumb","itemListElement":[{"@type":"ListItem","position":1,"name":"Doma\u010da stran","item":"https:\/\/www.versiegelung24.com\/sl\/spredaj\/"},{"@type":"ListItem","position":2,"name":"Svetovalec","item":"https:\/\/www.versiegelung24.com\/sl\/ratgeber\/"},{"@type":"ListItem","position":3,"name":"Aplikacija"}]},{"@type":"WebSite","@id":"https:\/\/www.versiegelung24.com\/sl\/#website","url":"https:\/\/www.versiegelung24.com\/sl\/","name":"versiegelung24.com","description":"Fl\u00fcssigglas-Versiegelung - Made in Germany","publisher":{"@id":"https:\/\/www.versiegelung24.com\/sl\/#organization"},"potentialAction":[{"@type":"SearchAction","target":{"@type":"EntryPoint","urlTemplate":"https:\/\/www.versiegelung24.com\/sl\/?s={search_term_string}"},"query-input":{"@type":"PropertyValueSpecification","valueRequired":true,"valueName":"search_term_string"}}],"inLanguage":"sl-SI"},{"@type":"Organization","@id":"https:\/\/www.versiegelung24.com\/sl\/#organization","name":"versiegelung24","url":"https:\/\/www.versiegelung24.com\/sl\/","logo":{"@type":"ImageObject","inLanguage":"sl-SI","@id":"https:\/\/www.versiegelung24.com\/sl\/#\/schema\/logo\/image\/","url":"https:\/\/www.versiegelung24.com\/wp-content\/uploads\/2020\/04\/versiegelung24.png","contentUrl":"https:\/\/www.versiegelung24.com\/wp-content\/uploads\/2020\/04\/versiegelung24.png","width":470,"height":102,"caption":"versiegelung24"},"image":{"@id":"https:\/\/www.versiegelung24.com\/sl\/#\/schema\/logo\/image\/"}}]}},"_links":{"self":[{"href":"https:\/\/www.versiegelung24.com\/sl\/wp-json\/wp\/v2\/pages\/22195","targetHints":{"allow":["GET"]}}],"collection":[{"href":"https:\/\/www.versiegelung24.com\/sl\/wp-json\/wp\/v2\/pages"}],"about":[{"href":"https:\/\/www.versiegelung24.com\/sl\/wp-json\/wp\/v2\/types\/page"}],"author":[{"embeddable":true,"href":"https:\/\/www.versiegelung24.com\/sl\/wp-json\/wp\/v2\/users\/932"}],"replies":[{"embeddable":true,"href":"https:\/\/www.versiegelung24.com\/sl\/wp-json\/wp\/v2\/comments?post=22195"}],"version-history":[{"count":10,"href":"https:\/\/www.versiegelung24.com\/sl\/wp-json\/wp\/v2\/pages\/22195\/revisions"}],"predecessor-version":[{"id":142249,"href":"https:\/\/www.versiegelung24.com\/sl\/wp-json\/wp\/v2\/pages\/22195\/revisions\/142249"}],"up":[{"embeddable":true,"href":"https:\/\/www.versiegelung24.com\/sl\/wp-json\/wp\/v2\/pages\/31250"}],"wp:featuredmedia":[{"embeddable":true,"href":"https:\/\/www.versiegelung24.com\/sl\/wp-json\/wp\/v2\/media\/44416"}],"wp:attachment":[{"href":"https:\/\/www.versiegelung24.com\/sl\/wp-json\/wp\/v2\/media?parent=22195"}],"wp:term":[{"taxonomy":"category","embeddable":true,"href":"https:\/\/www.versiegelung24.com\/sl\/wp-json\/wp\/v2\/categories?post=22195"},{"taxonomy":"seiten_kategorie","embeddable":true,"href":"https:\/\/www.versiegelung24.com\/sl\/wp-json\/wp\/v2\/seiten_kategorie?post=22195"}],"curies":[{"name":"wp","href":"https:\/\/api.w.org\/{rel}","templated":true}]}}