{"id":25536,"date":"2021-08-03T10:27:09","date_gmt":"2021-08-03T08:27:09","guid":{"rendered":"https:\/\/www.versiegelung24.com\/izdelke-ccm-gmbh-kupite-v-spletni-trgovini"},"modified":"2024-06-25T20:51:26","modified_gmt":"2024-06-25T18:51:26","slug":"o-podjetju-ccm-gmbh","status":"publish","type":"page","link":"https:\/\/www.versiegelung24.com\/sl\/izdelke-ccm-gmbh-kupite-v-spletni-trgovini\/","title":{"rendered":"Izdelke CCM GmbH kupite v spletni trgovini"},"content":{"rendered":"<h2><span style=\"color: var(--nv-text-color);font-family: Graphik,-apple-system,BlinkMacSystemFont,Segoe UI,var(--nv-fallback-ff);font-size: 2em;font-weight: 600;background-color: var(--nv-site-bg)\">V spletni trgovini kupite izdelke podjetja CCM GmbH iz Overath \/ Nem\u010dija<\/span><\/h2>\n<div class=\"std\">\n<div>\n<figure id=\"attachment_15245\" aria-describedby=\"caption-attachment-15245\" style=\"width: 300px\" class=\"wp-caption alignleft\"><a href=\"https:\/\/www.versiegelung24.com\/wp-content\/uploads\/2020\/05\/CCM_Gebaeude-300x203.jpg\"><img fetchpriority=\"high\" decoding=\"async\" class=\"wp-image-7780 size-medium\" src=\"https:\/\/www.versiegelung24.com\/wp-content\/uploads\/2020\/05\/CCM_Gebaeude-300x203.jpg\" alt=\"CCM Zentrale in Overath\" width=\"300\" height=\"203\" srcset=\"https:\/\/www.versiegelung24.com\/wp-content\/uploads\/2020\/05\/CCM_Gebaeude-300x203.jpg 300w, https:\/\/www.versiegelung24.com\/wp-content\/uploads\/2020\/05\/CCM_Gebaeude-16x12.jpg 16w, https:\/\/www.versiegelung24.com\/wp-content\/uploads\/2020\/05\/CCM_Gebaeude.jpg 400w\" sizes=\"(max-width: 300px) 100vw, 300px\" \/><\/a><figcaption id=\"caption-attachment-15245\" class=\"wp-caption-text\">Sede\u017e CCM v Overathu<\/figcaption><\/figure>\n<p>&#8220;Made in Germany&#8221; je svetovni izraz za inovacije in najvi\u0161jo kakovost, znan pa je na primer na podro\u010dju avtomobilov, strojni\u0161tva in kemije. Poleg velikih ve\u010dnacionalnih podjetij ima Nem\u010dija predvsem kulturo ve\u010d sto tiso\u010d inovativnih malih in srednje velikih podjetij, ki so v svojih majhnih ni\u0161ah zelo ustvarjalna in pogosto vodilna na svetovnem trgu (ta podjetja obi\u010dajno imenujejo &#8220;skriti prvaki&#8221; ).<\/p>\n<\/div>\n<div>\n<p>CCM GmbH proizvaja in tr\u017ei ideje nem\u0161kih izumiteljev, edinstvenih re\u0161evalcev te\u017eav najvi\u0161je kakovosti. Ustanovila sta ga leta 2007 dva direktorja Heiner Perk in Bernd Zimmermann in je edinstvena mre\u017ea inovacij, proizvodnje in svetovne prodaje. Proizvedeno v Nem\u010diji.<\/p>\n<p>CCM \u017eivi v globokem prepri\u010danju, da je edinstvene izdelke mogo\u010de uspe\u0161no prodati po vsem svetu le, \u010de za njimi kot partnerji stojijo edinstveni ljudje. CCM GmbH \u017ee sodeluje s tak\u0161nimi ljudmi v ve\u010d kot 40 dr\u017eavah na vseh celinah.<\/p>\n<p>Vse dejavnosti se nadzorujejo s sede\u017ea podjetja v Overathu blizu K\u00f6lna v Nem\u010diji.<\/p>\n<p>Sodobna tehnologija in mre\u017eenje omogo\u010data, da se pojavimo kot enota, ne da bi morali vsi zaposleni delati na enem mestu.<\/p>\n<p>Tesnila iz &#8220;teko\u010dega stekla&#8221; podjetja CCM GmbH so \u017ee bila nominirana za razli\u010dne nagrade.<\/p>\n<p>Naj vas navdihnejo koncepti, ideje in izku\u0161nje podjetja CCM GmbH.<\/p>\n<\/div>\n<h2>Izdelke CCM GmbH kupite v spletni trgovini:<\/h2>\n<div class=\"woocommerce columns-4\"><ul class=\"products columns-4\">\n<li class=\"product-category product first\">\n\t<a aria-label=\"Obi\u0161\u010dite kategorijo izdelka Tesnjenje kamna in betona\" href=\"https:\/\/www.versiegelung24.com\/sl\/tesnjenje-s-tekocim-steklom\/tesnjenje-kamna-in-betona\/\"><img decoding=\"async\" src=\"https:\/\/www.versiegelung24.com\/wp-content\/uploads\/2023\/06\/V24-steinkategorie-2306-400x400.webp\" alt=\"Tesnjenje kamna in betona\" width=\"400\" height=\"400\" srcset=\"https:\/\/www.versiegelung24.com\/wp-content\/uploads\/2023\/06\/V24-steinkategorie-2306-400x400.webp 400w, https:\/\/www.versiegelung24.com\/wp-content\/uploads\/2023\/06\/V24-steinkategorie-2306-80x80.webp 80w, https:\/\/www.versiegelung24.com\/wp-content\/uploads\/2023\/06\/V24-steinkategorie-2306-70x70.webp 70w, https:\/\/www.versiegelung24.com\/wp-content\/uploads\/2023\/06\/V24-steinkategorie-2306-100x100.webp 100w\" sizes=\"(max-width: 400px) 100vw, 400px\" \/>\t\t<h2 class=\"woocommerce-loop-category__title\">\n\t\t\tTesnjenje kamna in betona <mark class=\"count\">(12)<\/mark>\t\t<\/h2>\n\t\t<\/a><\/li>\n<li class=\"product-category product\">\n\t<a aria-label=\"Obi\u0161\u010dite kategorijo izdelka Tesnjenje avtomobila\" href=\"https:\/\/www.versiegelung24.com\/sl\/tesnjenje-s-tekocim-steklom\/tesnjenje-avtomobila\/\"><img decoding=\"async\" src=\"https:\/\/www.versiegelung24.com\/wp-content\/uploads\/2022\/08\/Kategorie_Auto-400x400.jpg\" alt=\"Tesnjenje avtomobila\" width=\"400\" height=\"400\" srcset=\"https:\/\/www.versiegelung24.com\/wp-content\/uploads\/2022\/08\/Kategorie_Auto-400x400.jpg 400w, https:\/\/www.versiegelung24.com\/wp-content\/uploads\/2022\/08\/Kategorie_Auto-80x80.jpg 80w, https:\/\/www.versiegelung24.com\/wp-content\/uploads\/2022\/08\/Kategorie_Auto-70x70.jpg 70w, https:\/\/www.versiegelung24.com\/wp-content\/uploads\/2022\/08\/Kategorie_Auto-100x100.jpg 100w\" sizes=\"(max-width: 400px) 100vw, 400px\" \/>\t\t<h2 class=\"woocommerce-loop-category__title\">\n\t\t\tTesnjenje avtomobila <mark class=\"count\">(19)<\/mark>\t\t<\/h2>\n\t\t<\/a><\/li>\n<li class=\"product-category product\">\n\t<a aria-label=\"Obi\u0161\u010dite kategorijo izdelka Tesnjenje za steklo in keramiko\" href=\"https:\/\/www.versiegelung24.com\/sl\/tesnjenje-s-tekocim-steklom\/tesnilo-za-steklo-in-keramiko\/\"><img loading=\"lazy\" decoding=\"async\" src=\"https:\/\/www.versiegelung24.com\/wp-content\/uploads\/2022\/07\/Startseite_Banner-400x400.jpg\" alt=\"Tesnjenje za steklo in keramiko\" width=\"400\" height=\"400\" srcset=\"https:\/\/www.versiegelung24.com\/wp-content\/uploads\/2022\/07\/Startseite_Banner-400x400.jpg 400w, https:\/\/www.versiegelung24.com\/wp-content\/uploads\/2022\/07\/Startseite_Banner-80x80.jpg 80w, https:\/\/www.versiegelung24.com\/wp-content\/uploads\/2022\/07\/Startseite_Banner-70x70.jpg 70w, https:\/\/www.versiegelung24.com\/wp-content\/uploads\/2022\/07\/Startseite_Banner-100x100.jpg 100w\" sizes=\"(max-width: 400px) 100vw, 400px\" \/>\t\t<h2 class=\"woocommerce-loop-category__title\">\n\t\t\tTesnjenje za steklo in keramiko <mark class=\"count\">(18)<\/mark>\t\t<\/h2>\n\t\t<\/a><\/li>\n<li class=\"product-category product last\">\n\t<a aria-label=\"Obi\u0161\u010dite kategorijo izdelka Tesnjenje kovin in plastike\" href=\"https:\/\/www.versiegelung24.com\/sl\/tesnjenje-s-tekocim-steklom\/tesnjenje-iz-kovine-in-plastike\/\"><img loading=\"lazy\" decoding=\"async\" src=\"https:\/\/www.versiegelung24.com\/wp-content\/uploads\/2022\/08\/Kategorie_Metall-400x400.jpg\" alt=\"Tesnjenje kovin in plastike\" width=\"400\" height=\"400\" srcset=\"https:\/\/www.versiegelung24.com\/wp-content\/uploads\/2022\/08\/Kategorie_Metall-400x400.jpg 400w, https:\/\/www.versiegelung24.com\/wp-content\/uploads\/2022\/08\/Kategorie_Metall-80x80.jpg 80w, https:\/\/www.versiegelung24.com\/wp-content\/uploads\/2022\/08\/Kategorie_Metall-70x70.jpg 70w, https:\/\/www.versiegelung24.com\/wp-content\/uploads\/2022\/08\/Kategorie_Metall-100x100.jpg 100w\" sizes=\"(max-width: 400px) 100vw, 400px\" \/>\t\t<h2 class=\"woocommerce-loop-category__title\">\n\t\t\tTesnjenje kovin in plastike <mark class=\"count\">(16)<\/mark>\t\t<\/h2>\n\t\t<\/a><\/li>\n<li class=\"product-category product first\">\n\t<a aria-label=\"Obi\u0161\u010dite kategorijo izdelka Sredstva za \u010di\u0161\u010denje\" href=\"https:\/\/www.versiegelung24.com\/sl\/cistila\/\"><img loading=\"lazy\" decoding=\"async\" src=\"https:\/\/www.versiegelung24.com\/wp-content\/uploads\/2022\/08\/Kategorie_Bioreiniger-400x400.jpg\" alt=\"Sredstva za \u010di\u0161\u010denje\" width=\"400\" height=\"400\" srcset=\"https:\/\/www.versiegelung24.com\/wp-content\/uploads\/2022\/08\/Kategorie_Bioreiniger-400x400.jpg 400w, https:\/\/www.versiegelung24.com\/wp-content\/uploads\/2022\/08\/Kategorie_Bioreiniger-80x80.jpg 80w, https:\/\/www.versiegelung24.com\/wp-content\/uploads\/2022\/08\/Kategorie_Bioreiniger-70x70.jpg 70w, https:\/\/www.versiegelung24.com\/wp-content\/uploads\/2022\/08\/Kategorie_Bioreiniger-100x100.jpg 100w\" sizes=\"(max-width: 400px) 100vw, 400px\" \/>\t\t<h2 class=\"woocommerce-loop-category__title\">\n\t\t\tSredstva za \u010di\u0161\u010denje <mark class=\"count\">(10)<\/mark>\t\t<\/h2>\n\t\t<\/a><\/li>\n<li class=\"product-category product\">\n\t<a aria-label=\"Obi\u0161\u010dite kategorijo izdelka Tesnjenje usnja in tekstila\" href=\"https:\/\/www.versiegelung24.com\/sl\/tesnjenje-s-tekocim-steklom\/tesnjenje-usnja-in-tekstila\/\"><img loading=\"lazy\" decoding=\"async\" src=\"https:\/\/www.versiegelung24.com\/wp-content\/uploads\/2023\/06\/waterpoof-jacket-in-detail-400x400.jpg\" alt=\"Tesnjenje usnja in tekstila\" width=\"400\" height=\"400\" srcset=\"https:\/\/www.versiegelung24.com\/wp-content\/uploads\/2023\/06\/waterpoof-jacket-in-detail-400x400.jpg 400w, https:\/\/www.versiegelung24.com\/wp-content\/uploads\/2023\/06\/waterpoof-jacket-in-detail-80x80.jpg 80w, https:\/\/www.versiegelung24.com\/wp-content\/uploads\/2023\/06\/waterpoof-jacket-in-detail-70x70.jpg 70w, https:\/\/www.versiegelung24.com\/wp-content\/uploads\/2023\/06\/waterpoof-jacket-in-detail-100x100.jpg 100w\" sizes=\"(max-width: 400px) 100vw, 400px\" \/>\t\t<h2 class=\"woocommerce-loop-category__title\">\n\t\t\tTesnjenje usnja in tekstila <mark class=\"count\">(3)<\/mark>\t\t<\/h2>\n\t\t<\/a><\/li>\n<li class=\"product-category product\">\n\t<a aria-label=\"Obi\u0161\u010dite kategorijo izdelka Univerzalna tesnilna masa\" href=\"https:\/\/www.versiegelung24.com\/sl\/tesnjenje-s-tekocim-steklom\/univerzalno-tesnilo\/\"><img loading=\"lazy\" decoding=\"async\" src=\"https:\/\/www.versiegelung24.com\/wp-content\/uploads\/2022\/08\/Kategorie_Universal-400x400.jpg\" alt=\"Univerzalna tesnilna masa\" width=\"400\" height=\"400\" srcset=\"https:\/\/www.versiegelung24.com\/wp-content\/uploads\/2022\/08\/Kategorie_Universal-400x400.jpg 400w, https:\/\/www.versiegelung24.com\/wp-content\/uploads\/2022\/08\/Kategorie_Universal-80x80.jpg 80w, https:\/\/www.versiegelung24.com\/wp-content\/uploads\/2022\/08\/Kategorie_Universal-70x70.jpg 70w, https:\/\/www.versiegelung24.com\/wp-content\/uploads\/2022\/08\/Kategorie_Universal-100x100.jpg 100w\" sizes=\"(max-width: 400px) 100vw, 400px\" \/>\t\t<h2 class=\"woocommerce-loop-category__title\">\n\t\t\tUniverzalna tesnilna masa <mark class=\"count\">(13)<\/mark>\t\t<\/h2>\n\t\t<\/a><\/li>\n<li class=\"product-category product last\">\n\t<a aria-label=\"Obi\u0161\u010dite kategorijo izdelka Tesnjenje lesa\" href=\"https:\/\/www.versiegelung24.com\/sl\/tesnjenje-s-tekocim-steklom\/tesnjenje-lesa\/\"><img loading=\"lazy\" decoding=\"async\" src=\"https:\/\/www.versiegelung24.com\/wp-content\/uploads\/2022\/08\/Kategorie_Holz-400x400.jpg\" alt=\"Tesnjenje lesa\" width=\"400\" height=\"400\" srcset=\"https:\/\/www.versiegelung24.com\/wp-content\/uploads\/2022\/08\/Kategorie_Holz-400x400.jpg 400w, https:\/\/www.versiegelung24.com\/wp-content\/uploads\/2022\/08\/Kategorie_Holz-80x80.jpg 80w, https:\/\/www.versiegelung24.com\/wp-content\/uploads\/2022\/08\/Kategorie_Holz-70x70.jpg 70w, https:\/\/www.versiegelung24.com\/wp-content\/uploads\/2022\/08\/Kategorie_Holz-100x100.jpg 100w\" sizes=\"(max-width: 400px) 100vw, 400px\" \/>\t\t<h2 class=\"woocommerce-loop-category__title\">\n\t\t\tTesnjenje lesa <mark class=\"count\">(2)<\/mark>\t\t<\/h2>\n\t\t<\/a><\/li>\n<\/ul>\n<\/div>\n<\/div>\n","protected":false},"excerpt":{"rendered":"<p>V spletni trgovini kupite izdelke podjetja CCM GmbH iz Overath \/ Nem\u010dija &#8220;Made in Germany&#8221; je svetovni izraz za inovacije in najvi\u0161jo kakovost, znan pa je na primer na podro\u010dju avtomobilov, strojni\u0161tva in kemije. Poleg velikih ve\u010dnacionalnih podjetij ima Nem\u010dija predvsem kulturo ve\u010d sto tiso\u010d inovativnih malih in srednje velikih podjetij, ki so v svojih&hellip;&nbsp;<a href=\"https:\/\/www.versiegelung24.com\/sl\/izdelke-ccm-gmbh-kupite-v-spletni-trgovini\/\" rel=\"bookmark\">Read More &raquo;<span class=\"screen-reader-text\">Izdelke CCM GmbH kupite v spletni trgovini<\/span><\/a><\/p>\n","protected":false},"author":932,"featured_media":70234,"parent":0,"menu_order":0,"comment_status":"closed","ping_status":"closed","template":"","meta":{"_acf_changed":false,"neve_meta_sidebar":"","neve_meta_container":"","neve_meta_enable_content_width":"","neve_meta_content_width":0,"neve_meta_title_alignment":"","neve_meta_author_avatar":"","neve_post_elements_order":"","neve_meta_disable_header":"","neve_meta_disable_footer":"","neve_meta_disable_title":"","neve_meta_reading_time":"","footnotes":""},"categories":[],"seiten_kategorie":[],"class_list":["post-25536","page","type-page","status-publish","has-post-thumbnail","hentry"],"acf":[],"yoast_head":"<!-- This site is optimized with the Yoast SEO Premium plugin v22.8 (Yoast SEO v27.4) - https:\/\/yoast.com\/product\/yoast-seo-premium-wordpress\/ -->\n<title>Izdelke CCM GmbH kupite v spletni trgovini<\/title>\n<meta name=\"description\" content=\"Kupite nano tesnila iz teko\u010dega stekla, \u010distila, razku\u017eila in druge izdelke podjetja CCM GmbH iz Overath Nem\u010dija na spletu.\" \/>\n<meta name=\"robots\" content=\"index, follow, max-snippet:-1, max-image-preview:large, max-video-preview:-1\" \/>\n<link rel=\"canonical\" href=\"https:\/\/www.versiegelung24.com\/sl\/izdelke-ccm-gmbh-kupite-v-spletni-trgovini\/\" \/>\n<meta property=\"og:locale\" content=\"sl_SI\" \/>\n<meta property=\"og:type\" content=\"article\" \/>\n<meta property=\"og:title\" content=\"Izdelke CCM GmbH kupite v spletni trgovini\" \/>\n<meta property=\"og:description\" content=\"Kupite nano tesnila iz teko\u010dega stekla, \u010distila, razku\u017eila in druge izdelke podjetja CCM GmbH iz Overath Nem\u010dija na spletu.\" \/>\n<meta property=\"og:url\" content=\"https:\/\/www.versiegelung24.com\/sl\/izdelke-ccm-gmbh-kupite-v-spletni-trgovini\/\" \/>\n<meta property=\"og:site_name\" content=\"versiegelung24.com\" \/>\n<meta property=\"article:modified_time\" content=\"2024-06-25T18:51:26+00:00\" \/>\n<meta property=\"og:image\" content=\"https:\/\/www.versiegelung24.com\/wp-content\/uploads\/2022\/02\/Flasche.png\" \/>\n\t<meta property=\"og:image:width\" content=\"2560\" \/>\n\t<meta property=\"og:image:height\" content=\"2560\" \/>\n\t<meta property=\"og:image:type\" content=\"image\/png\" \/>\n<meta name=\"twitter:card\" content=\"summary_large_image\" \/>\n<meta name=\"twitter:label1\" content=\"Est. reading time\" \/>\n\t<meta name=\"twitter:data1\" content=\"1 minuta\" \/>\n<script type=\"application\/ld+json\" class=\"yoast-schema-graph\">{\"@context\":\"https:\\\/\\\/schema.org\",\"@graph\":[{\"@type\":\"WebPage\",\"@id\":\"https:\\\/\\\/www.versiegelung24.com\\\/sl\\\/izdelke-ccm-gmbh-kupite-v-spletni-trgovini\\\/\",\"url\":\"https:\\\/\\\/www.versiegelung24.com\\\/sl\\\/izdelke-ccm-gmbh-kupite-v-spletni-trgovini\\\/\",\"name\":\"Izdelke CCM GmbH kupite v spletni trgovini\",\"isPartOf\":{\"@id\":\"https:\\\/\\\/www.versiegelung24.com\\\/sl\\\/#website\"},\"primaryImageOfPage\":{\"@id\":\"https:\\\/\\\/www.versiegelung24.com\\\/sl\\\/izdelke-ccm-gmbh-kupite-v-spletni-trgovini\\\/#primaryimage\"},\"image\":{\"@id\":\"https:\\\/\\\/www.versiegelung24.com\\\/sl\\\/izdelke-ccm-gmbh-kupite-v-spletni-trgovini\\\/#primaryimage\"},\"thumbnailUrl\":\"https:\\\/\\\/www.versiegelung24.com\\\/wp-content\\\/uploads\\\/2022\\\/02\\\/Flasche.png\",\"datePublished\":\"2021-08-03T08:27:09+00:00\",\"dateModified\":\"2024-06-25T18:51:26+00:00\",\"description\":\"Kupite nano tesnila iz teko\u010dega stekla, \u010distila, razku\u017eila in druge izdelke podjetja CCM GmbH iz Overath Nem\u010dija na spletu.\",\"breadcrumb\":{\"@id\":\"https:\\\/\\\/www.versiegelung24.com\\\/sl\\\/izdelke-ccm-gmbh-kupite-v-spletni-trgovini\\\/#breadcrumb\"},\"inLanguage\":\"sl-SI\",\"potentialAction\":[{\"@type\":\"ReadAction\",\"target\":[\"https:\\\/\\\/www.versiegelung24.com\\\/sl\\\/izdelke-ccm-gmbh-kupite-v-spletni-trgovini\\\/\"]}]},{\"@type\":\"ImageObject\",\"inLanguage\":\"sl-SI\",\"@id\":\"https:\\\/\\\/www.versiegelung24.com\\\/sl\\\/izdelke-ccm-gmbh-kupite-v-spletni-trgovini\\\/#primaryimage\",\"url\":\"https:\\\/\\\/www.versiegelung24.com\\\/wp-content\\\/uploads\\\/2022\\\/02\\\/Flasche.png\",\"contentUrl\":\"https:\\\/\\\/www.versiegelung24.com\\\/wp-content\\\/uploads\\\/2022\\\/02\\\/Flasche.png\",\"width\":2560,\"height\":2560},{\"@type\":\"BreadcrumbList\",\"@id\":\"https:\\\/\\\/www.versiegelung24.com\\\/sl\\\/izdelke-ccm-gmbh-kupite-v-spletni-trgovini\\\/#breadcrumb\",\"itemListElement\":[{\"@type\":\"ListItem\",\"position\":1,\"name\":\"Doma\u010da stran\",\"item\":\"https:\\\/\\\/www.versiegelung24.com\\\/sl\\\/spredaj\\\/\"},{\"@type\":\"ListItem\",\"position\":2,\"name\":\"Izdelke CCM GmbH kupite v spletni trgovini\"}]},{\"@type\":\"WebSite\",\"@id\":\"https:\\\/\\\/www.versiegelung24.com\\\/sl\\\/#website\",\"url\":\"https:\\\/\\\/www.versiegelung24.com\\\/sl\\\/\",\"name\":\"versiegelung24.com\",\"description\":\"Fl\u00fcssigglas-Versiegelung - Made in Germany\",\"publisher\":{\"@id\":\"https:\\\/\\\/www.versiegelung24.com\\\/sl\\\/#organization\"},\"potentialAction\":[{\"@type\":\"SearchAction\",\"target\":{\"@type\":\"EntryPoint\",\"urlTemplate\":\"https:\\\/\\\/www.versiegelung24.com\\\/sl\\\/?s={search_term_string}\"},\"query-input\":{\"@type\":\"PropertyValueSpecification\",\"valueRequired\":true,\"valueName\":\"search_term_string\"}}],\"inLanguage\":\"sl-SI\"},{\"@type\":\"Organization\",\"@id\":\"https:\\\/\\\/www.versiegelung24.com\\\/sl\\\/#organization\",\"name\":\"versiegelung24\",\"url\":\"https:\\\/\\\/www.versiegelung24.com\\\/sl\\\/\",\"logo\":{\"@type\":\"ImageObject\",\"inLanguage\":\"sl-SI\",\"@id\":\"https:\\\/\\\/www.versiegelung24.com\\\/sl\\\/#\\\/schema\\\/logo\\\/image\\\/\",\"url\":\"https:\\\/\\\/www.versiegelung24.com\\\/wp-content\\\/uploads\\\/2020\\\/04\\\/versiegelung24.png\",\"contentUrl\":\"https:\\\/\\\/www.versiegelung24.com\\\/wp-content\\\/uploads\\\/2020\\\/04\\\/versiegelung24.png\",\"width\":470,\"height\":102,\"caption\":\"versiegelung24\"},\"image\":{\"@id\":\"https:\\\/\\\/www.versiegelung24.com\\\/sl\\\/#\\\/schema\\\/logo\\\/image\\\/\"}}]}<\/script>\n<!-- \/ Yoast SEO Premium plugin. -->","yoast_head_json":{"title":"Izdelke CCM GmbH kupite v spletni trgovini","description":"Kupite nano tesnila iz teko\u010dega stekla, \u010distila, razku\u017eila in druge izdelke podjetja CCM GmbH iz Overath Nem\u010dija na spletu.","robots":{"index":"index","follow":"follow","max-snippet":"max-snippet:-1","max-image-preview":"max-image-preview:large","max-video-preview":"max-video-preview:-1"},"canonical":"https:\/\/www.versiegelung24.com\/sl\/izdelke-ccm-gmbh-kupite-v-spletni-trgovini\/","og_locale":"sl_SI","og_type":"article","og_title":"Izdelke CCM GmbH kupite v spletni trgovini","og_description":"Kupite nano tesnila iz teko\u010dega stekla, \u010distila, razku\u017eila in druge izdelke podjetja CCM GmbH iz Overath Nem\u010dija na spletu.","og_url":"https:\/\/www.versiegelung24.com\/sl\/izdelke-ccm-gmbh-kupite-v-spletni-trgovini\/","og_site_name":"versiegelung24.com","article_modified_time":"2024-06-25T18:51:26+00:00","og_image":[{"width":2560,"height":2560,"url":"https:\/\/www.versiegelung24.com\/wp-content\/uploads\/2022\/02\/Flasche.png","type":"image\/png"}],"twitter_card":"summary_large_image","twitter_misc":{"Est. reading time":"1 minuta"},"schema":{"@context":"https:\/\/schema.org","@graph":[{"@type":"WebPage","@id":"https:\/\/www.versiegelung24.com\/sl\/izdelke-ccm-gmbh-kupite-v-spletni-trgovini\/","url":"https:\/\/www.versiegelung24.com\/sl\/izdelke-ccm-gmbh-kupite-v-spletni-trgovini\/","name":"Izdelke CCM GmbH kupite v spletni trgovini","isPartOf":{"@id":"https:\/\/www.versiegelung24.com\/sl\/#website"},"primaryImageOfPage":{"@id":"https:\/\/www.versiegelung24.com\/sl\/izdelke-ccm-gmbh-kupite-v-spletni-trgovini\/#primaryimage"},"image":{"@id":"https:\/\/www.versiegelung24.com\/sl\/izdelke-ccm-gmbh-kupite-v-spletni-trgovini\/#primaryimage"},"thumbnailUrl":"https:\/\/www.versiegelung24.com\/wp-content\/uploads\/2022\/02\/Flasche.png","datePublished":"2021-08-03T08:27:09+00:00","dateModified":"2024-06-25T18:51:26+00:00","description":"Kupite nano tesnila iz teko\u010dega stekla, \u010distila, razku\u017eila in druge izdelke podjetja CCM GmbH iz Overath Nem\u010dija na spletu.","breadcrumb":{"@id":"https:\/\/www.versiegelung24.com\/sl\/izdelke-ccm-gmbh-kupite-v-spletni-trgovini\/#breadcrumb"},"inLanguage":"sl-SI","potentialAction":[{"@type":"ReadAction","target":["https:\/\/www.versiegelung24.com\/sl\/izdelke-ccm-gmbh-kupite-v-spletni-trgovini\/"]}]},{"@type":"ImageObject","inLanguage":"sl-SI","@id":"https:\/\/www.versiegelung24.com\/sl\/izdelke-ccm-gmbh-kupite-v-spletni-trgovini\/#primaryimage","url":"https:\/\/www.versiegelung24.com\/wp-content\/uploads\/2022\/02\/Flasche.png","contentUrl":"https:\/\/www.versiegelung24.com\/wp-content\/uploads\/2022\/02\/Flasche.png","width":2560,"height":2560},{"@type":"BreadcrumbList","@id":"https:\/\/www.versiegelung24.com\/sl\/izdelke-ccm-gmbh-kupite-v-spletni-trgovini\/#breadcrumb","itemListElement":[{"@type":"ListItem","position":1,"name":"Doma\u010da stran","item":"https:\/\/www.versiegelung24.com\/sl\/spredaj\/"},{"@type":"ListItem","position":2,"name":"Izdelke CCM GmbH kupite v spletni trgovini"}]},{"@type":"WebSite","@id":"https:\/\/www.versiegelung24.com\/sl\/#website","url":"https:\/\/www.versiegelung24.com\/sl\/","name":"versiegelung24.com","description":"Fl\u00fcssigglas-Versiegelung - Made in Germany","publisher":{"@id":"https:\/\/www.versiegelung24.com\/sl\/#organization"},"potentialAction":[{"@type":"SearchAction","target":{"@type":"EntryPoint","urlTemplate":"https:\/\/www.versiegelung24.com\/sl\/?s={search_term_string}"},"query-input":{"@type":"PropertyValueSpecification","valueRequired":true,"valueName":"search_term_string"}}],"inLanguage":"sl-SI"},{"@type":"Organization","@id":"https:\/\/www.versiegelung24.com\/sl\/#organization","name":"versiegelung24","url":"https:\/\/www.versiegelung24.com\/sl\/","logo":{"@type":"ImageObject","inLanguage":"sl-SI","@id":"https:\/\/www.versiegelung24.com\/sl\/#\/schema\/logo\/image\/","url":"https:\/\/www.versiegelung24.com\/wp-content\/uploads\/2020\/04\/versiegelung24.png","contentUrl":"https:\/\/www.versiegelung24.com\/wp-content\/uploads\/2020\/04\/versiegelung24.png","width":470,"height":102,"caption":"versiegelung24"},"image":{"@id":"https:\/\/www.versiegelung24.com\/sl\/#\/schema\/logo\/image\/"}}]}},"_links":{"self":[{"href":"https:\/\/www.versiegelung24.com\/sl\/wp-json\/wp\/v2\/pages\/25536","targetHints":{"allow":["GET"]}}],"collection":[{"href":"https:\/\/www.versiegelung24.com\/sl\/wp-json\/wp\/v2\/pages"}],"about":[{"href":"https:\/\/www.versiegelung24.com\/sl\/wp-json\/wp\/v2\/types\/page"}],"author":[{"embeddable":true,"href":"https:\/\/www.versiegelung24.com\/sl\/wp-json\/wp\/v2\/users\/932"}],"replies":[{"embeddable":true,"href":"https:\/\/www.versiegelung24.com\/sl\/wp-json\/wp\/v2\/comments?post=25536"}],"version-history":[{"count":2,"href":"https:\/\/www.versiegelung24.com\/sl\/wp-json\/wp\/v2\/pages\/25536\/revisions"}],"predecessor-version":[{"id":167666,"href":"https:\/\/www.versiegelung24.com\/sl\/wp-json\/wp\/v2\/pages\/25536\/revisions\/167666"}],"wp:featuredmedia":[{"embeddable":true,"href":"https:\/\/www.versiegelung24.com\/sl\/wp-json\/wp\/v2\/media\/70234"}],"wp:attachment":[{"href":"https:\/\/www.versiegelung24.com\/sl\/wp-json\/wp\/v2\/media?parent=25536"}],"wp:term":[{"taxonomy":"category","embeddable":true,"href":"https:\/\/www.versiegelung24.com\/sl\/wp-json\/wp\/v2\/categories?post=25536"},{"taxonomy":"seiten_kategorie","embeddable":true,"href":"https:\/\/www.versiegelung24.com\/sl\/wp-json\/wp\/v2\/seiten_kategorie?post=25536"}],"curies":[{"name":"wp","href":"https:\/\/api.w.org\/{rel}","templated":true}]}}