{"id":25660,"date":"2021-08-03T11:15:04","date_gmt":"2021-08-03T09:15:04","guid":{"rendered":"https:\/\/www.versiegelung24.com\/splosni-pogoji-s-podatki-o-strankah"},"modified":"2024-06-25T20:50:45","modified_gmt":"2024-06-25T18:50:45","slug":"splosni-pogoji-in-dolocila","status":"publish","type":"page","link":"https:\/\/www.versiegelung24.com\/sl\/splosni-pogoji-in-dolocila\/","title":{"rendered":"Splo\u0161ni pogoji s podatki o strankah"},"content":{"rendered":"<h2>Vsebina<\/h2>\n<ol>\n<li>Obseg<\/li>\n<li>Sklenitev pogodbe<\/li>\n<li>Pravica do odstopa<\/li>\n<li>Cene in pogoji pla\u010dila<\/li>\n<li>Pogoji dostave in po\u0161iljanja<\/li>\n<li>Ohranitev lastninske pravice<\/li>\n<li>Odgovornost za napake (garancija)<\/li>\n<li>Unov\u010ditev bonov za kampanjo<\/li>\n<li>Veljavno pravo<\/li>\n<li>Alternativno re\u0161evanje sporov<\/li>\n<\/ol>\n<h2>1) Podro\u010dje uporabe<\/h2>\n<p><strong>1.1<\/strong> Ti splo\u0161ni pogoji (v nadaljnjem besedilu: SPP) podjetja Holger K\u00e4ding, ki posluje pod \u00bbversiegelung24.com\u00ab (v nadaljevanju \u00bbprodajalec\u00ab), veljajo za vse pogodbe o dobavi blaga, ki jih potro\u0161nik ali podjetnik (v nadaljnjem besedilu \u00bbkupec\u00ab) s prodajalcem glede blaga, ki ga prodajalec predstavi v svoji spletni trgovini. Vklju\u010ditev lastnih pogojev stranke je v nasprotju s tem, \u010de ni dogovorjeno druga\u010de.<\/p>\n<p><strong>1.2<\/strong>&nbsp; Potro\u0161nik v smislu teh splo\u0161nih pogojev je vsaka fizi\u010dna oseba, ki sklene pravni posel za namene, ki prete\u017eno niso komercialni ali samostojni podjetniki. Podjetnik v smislu teh pogojev je fizi\u010dna ali pravna oseba ali zakonito partnerstvo, ki pri sklenitvi pravnega posla deluje pri opravljanju svoje poslovne ali samostojne poklicne dejavnosti.<\/p>\n<h2>2) Sklenitev pogodbe<\/h2>\n<p><strong>2.1<\/strong>&nbsp; Opisi izdelkov v spletni trgovini prodajalca ne predstavljajo zavezujo\u010dih ponudb s strani prodajalca, temve\u010d slu\u017eijo temu, da kupcu omogo\u010dijo oddajo zavezujo\u010de ponudbe.<\/p>\n<p><strong>2.2<\/strong>&nbsp; Kupec lahko odda ponudbo preko spletnega naro\u010dilnice, ki je vgrajena v spletno trgovino prodajalca. Po tem, ko izbrano blago postavite v virtualni nakupovalni vozi\u010dek in opravite postopek elektronskega naro\u010danja, kupec s klikom na gumb, ki zaklju\u010di postopek naro\u010danja, odda pravno zavezujo\u010do pogodbeno ponudbo za blago v nakupovalni ko\u0161arici. Poleg tega lahko kupec ponudbo prodajalcu posreduje tudi po telefonu ali elektronski po\u0161ti.<\/p>\n<p><strong>2.3<\/strong>&nbsp; Prodajalec lahko sprejme kup\u010devo ponudbo v petih dneh,<\/p>\n<ul>\n<li>s tem, da stranki po\u0161ljete pisno potrditev naro\u010dila ali potrditev naro\u010dila v besedilni obliki (faks ali elektronsko po\u0161to), pri \u010demer je odlo\u010dilen prejem potrdila o naro\u010dilu, ali<\/li>\n<li>z dostavo naro\u010denega blaga kupcu, pri \u010demer je odlo\u010dilen prevzem blaga s strani kupca, oz<\/li>\n<li>tako, da od kupca zahteva pla\u010dilo po oddaji naro\u010dila.<\/li>\n<\/ul>\n<p>\u010ce obstaja ve\u010d zgoraj navedenih alternativ, je pogodba sklenjena v trenutku, ko se prej pojavi ena od zgoraj navedenih alternativ. Obdobje za sprejetje ponudbe se za\u010dne naslednji dan po tem, ko je stranka poslala ponudbo, in se kon\u010da konec petega dne po po\u0161iljanju ponudbe. \u010ce prodajalec v omenjenem roku ne sprejme ponudbe stranke, se to \u0161teje za zavrnitev ponudbe, zaradi \u010desar stranka ne zavezuje ve\u010d svoje izjave o nameri.<\/p>\n<p><strong>2.4<\/strong>&nbsp; Pri oddaji ponudbe preko spletnega naro\u010dilnice prodajalca prodajalec shrani besedilo pogodbe in ga po\u0161lje kupcu v besedilni obliki (npr. po e-po\u0161ti, faksu ali dopisu) skupaj s temi Splo\u0161nimi pogoji po oddaji naro\u010dila. je bil poslan. Poleg tega je besedilo pogodbe arhivirano na spletnem mestu prodajalca in ga lahko kupec brezpla\u010dno pokli\u010de prek svojega ra\u010duna, za\u0161\u010ditenega z geslom, tako da vnese ustrezne podatke za prijavo, pod pogojem, da je stranka ustvarila ra\u010dun stranke v prodajal\u010devo spletno trgovino pred oddajo naro\u010dila.<\/p>\n<p><strong>2.5<\/strong>&nbsp; Pred oddajo zavezujo\u010dega naro\u010dila preko spletnega naro\u010dilnice prodajalca lahko kupec ugotovi morebitne napake pri vnosu, tako da pozorno prebere informacije, prikazane na zaslonu. U\u010dinkovito tehni\u010dno sredstvo za bolj\u0161e prepoznavanje vnosnih napak je lahko funkcija raz\u0161iritve brskalnika, s pomo\u010djo katere se pove\u010da upodobitev na zaslonu. Stranka lahko svoje vnose popravi kot del elektronskega naro\u010dila z uporabo obi\u010dajnih funkcij tipkovnice in mi\u0161ke, dokler ne klikne gumba, ki zaklju\u010di postopek naro\u010danja.<\/p>\n<p><strong>2.6<\/strong>&nbsp; Za sklenitev pogodbe je na voljo samo nem\u0161ki jezik.<\/p>\n<p><strong>2.7<\/strong>&nbsp; Obdelava naro\u010dila in kontakt obi\u010dajno potekata preko e-po\u0161te in avtomatizirane obdelave naro\u010dil. Kupec mora zagotoviti, da je e-po\u0161tni naslov, ki ga je navedel za obdelavo naro\u010dila, pravilen, tako da lahko e-po\u0161tna sporo\u010dila, ki jih je poslal prodajalec, prejmejo na ta naslov. Pri uporabi SPAM filtrov mora stranka zagotoviti, da je mogo\u010de dostaviti vsa e-po\u0161tna sporo\u010dila, ki jih po\u0161lje prodajalec ali tretje osebe, ki jih je prodajalec pooblastil za obdelavo naro\u010dila.<\/p>\n<h2>3) pravica do odstopa<\/h2>\n<p><strong>3.1<\/strong>&nbsp; Potro\u0161niki so na splo\u0161no upravi\u010deni do pravice do odstopa.<\/p>\n<p><strong>3.2<\/strong>&nbsp; Dodatne informacije o pravici do odstopa najdete v prodajal\u010devi politiki odpovedi.<\/p>\n<h2>4) Cene in pogoji pla\u010dila<\/h2>\n<p><strong>4.1<\/strong>&nbsp; \u010ce v opisu izdelka prodajalca ni druga\u010de navedeno, so navedene cene skupne cene, ki vklju\u010dujejo zakonsko dolo\u010den prometni davek. Morebitni dodatni stro\u0161ki dostave in po\u0161iljanja so posebej navedeni v ustreznem opisu izdelka.<\/p>\n<p><strong>4.2<\/strong>&nbsp; Mo\u017enosti pla\u010dila bodo kupcu sporo\u010dene v spletni trgovini prodajalca.<\/p>\n<p><strong>4.3<\/strong>&nbsp; \u010ce je dogovorjeno predpla\u010dilo z ban\u010dnim nakazilom, zapade pla\u010dilo takoj po sklenitvi pogodbe, razen \u010de se stranki dogovorita za kasnej\u0161i rok.<\/p>\n<p><strong>4.4<\/strong>&nbsp; Pri pla\u010dilu s pla\u010dilnim sredstvom, ki ga ponuja PayPal, se pla\u010dilo obdela prek ponudnika pla\u010dilnih storitev PayPal (Europe) S.\u00e0 rl et Cie, SCA, 22-24 Boulevard Royal, L-2449 Luxembourg (v nadaljnjem besedilu: &#8220;PayPal&#8221;), v skladu z veljavnostjo PayPal \u2013 Pogoji uporabe, na voljo na&nbsp;<a href=\"https:\/\/www.paypal.com\/de\/webapps\/mpp\/ua\/useragreement-full\" target=\"_blank\" rel=\"noopener noreferrer\">https:\/\/www.paypal.com\/de\/webapps\/mpp\/ua\/useragreement-full<\/a>&nbsp; ali &#8211; \u010de stranka nima PayPal ra\u010duna &#8211; v skladu s pogoji za pla\u010dila brez PayPal ra\u010duna, ki si jih lahko ogledate na&nbsp;<a href=\"https:\/\/www.paypal.com\/de\/webapps\/mpp\/ua\/privacywax-full\">https:\/\/www.paypal.com\/de\/webapps\/mpp\/ua\/privacywax-full<\/a> .<\/p>\n<h2>5) Pogoji dostave in po\u0161iljanja<\/h2>\n<p><strong>5.1<\/strong>&nbsp; Blago se dostavi na naslov za dostavo, ki ga dolo\u010di kupec, razen \u010de ni druga\u010de dogovorjeno. Pri obdelavi transakcije je odlo\u010dilen naslov za dostavo, naveden v obdelavi naro\u010dila prodajalca. Od tega odstopa, pri izbiri na\u010dina pla\u010dila PayPal je odlo\u010dilen naslov za dostavo, ki ga kupec shrani pri PayPalu v \u010dasu pla\u010dila.<\/p>\n<p><strong>5.2<\/strong>&nbsp; \u010ce prevoznik odposlano blago po\u0161lje nazaj prodajalcu, ker dostava kupcu ni bila mogo\u010da, nosi kupec stro\u0161ke neuspe\u0161ne po\u0161iljke. To ne velja, \u010de kupec u\u010dinkovito uveljavlja pravico do odstopa, \u010de ni odgovoren za okoli\u0161\u010dine, ki so privedle do nezmo\u017enosti dostave, ali \u010de mu je bil za\u010dasno onemogo\u010den sprejem ponujene storitve, razen \u010de mu je prodajalec dal mo\u017enost izvedbo v razumnem \u010dasu vnaprej.<\/p>\n<p><strong>5.3<\/strong>&nbsp; Prevzem ni mo\u017een iz logisti\u010dnih razlogov.<\/p>\n<h2>6) Ohranitev lastninske pravice<\/h2>\n<p>\u010ce prodajalec pla\u010da akontacijo, je lastnik dobavljenega blaga, dokler dolgovana kupnina ni v celoti pla\u010dana.<\/p>\n<h2>7) Odgovornost za napake (garancija)<\/h2>\n<p><strong>7.1<\/strong>&nbsp; \u010ce je kupljeni artikel pokvarjen, velja zakonska odgovornost za napake.<\/p>\n<p><strong>7.2<\/strong>&nbsp; Kupca prosimo, da dostavljeno blago z o\u010ditnimi transportnimi po\u0161kodbami reklamira dostavljalca in o tem obvesti prodajalca. \u010ce stranka tega ne upo\u0161teva, to ne vpliva na njegove zakonske ali pogodbene zahtevke za napake.<\/p>\n<h2>8) Unov\u010ditev bonov za kampanjo<\/h2>\n<p><strong>8.1<\/strong>&nbsp; Bone, ki jih prodajalec brezpla\u010dno izda v okviru promocij z dolo\u010denim obdobjem veljavnosti in jih kupec ne more kupiti (v nadaljevanju &#8220;promocijski boni&#8221;), je mogo\u010de unov\u010diti samo v spletni trgovini prodajalca in le v dolo\u010denem obdobju. .<\/p>\n<p><strong>8.2<\/strong>&nbsp; Posamezne izdelke je mogo\u010de izklju\u010diti iz akcije kupona, \u010de ustrezna omejitev izhaja iz vsebine akcijskega bona.<\/p>\n<p><strong>8.3<\/strong>&nbsp; Promocijske bone je mogo\u010de unov\u010diti le pred zaklju\u010dkom postopka naro\u010danja. Naknadni obra\u010dun ni mogo\u010d.<\/p>\n<p><strong>8.4<\/strong>&nbsp; Na naro\u010dilo je mogo\u010de unov\u010diti samo en promocijski bon.<\/p>\n<p><strong>8.5<\/strong>&nbsp; Vrednost blaga mora ustrezati vsaj znesku promocijskega bona. Prodajalec ne povrne preostalega kredita.<\/p>\n<p><strong>8.6<\/strong>&nbsp; \u010ce vrednost promocijskega bona ne zadostuje za pokritje naro\u010dila, lahko za poravnavo razlike izberete enega od drugih na\u010dinov pla\u010dila, ki jih ponuja prodajalec.<\/p>\n<p><strong>8.7<\/strong>&nbsp; Preostanek promocijskega bona se ne izpla\u010da v gotovini niti ne prina\u0161a obresti.<\/p>\n<p><strong>8.8<\/strong>&nbsp; Kupnina za akcijski bon se ne vra\u010da, \u010de kupec vrne blago, ki je bilo v celoti ali delno pla\u010dano z akcijskim bonom v okviru svoje zakonske pravice do odstopa od pogodbe.<\/p>\n<p><strong>8.9<\/strong>&nbsp; Promocijski bon je prenosljiv. Prodajalec lahko z razelektritvenim u\u010dinkom pla\u010da ustreznemu lastniku, ki unov\u010di promocijski bon v prodajal\u010devi spletni trgovini. To ne velja, \u010de prodajalec ve za nedovoljeno pooblastilo, poslovno nesposobnost ali pomanjkanje pooblastila zadevnega lastnika.<\/p>\n<h2>9) Veljavno pravo<\/h2>\n<p>Pravo Zvezne republike Nem\u010dije velja za vsa pravna razmerja med strankama, razen zakonov o mednarodnem nakupu premi\u010dnin. Za potro\u0161nike ta izbira prava velja le, \u010de za\u0161\u010dita, ki jo zagotavljajo obvezne dolo\u010dbe prava dr\u017eave, v kateri ima potro\u0161nik obi\u010dajno prebivali\u0161\u010de, ni odvzeta.<\/p>\n<h2>10) Alternativno re\u0161evanje sporov<\/h2>\n<p><strong>10.1<\/strong>&nbsp; Evropska komisija zagotavlja platformo za spletno re\u0161evanje sporov na internetu na naslednji povezavi:&nbsp;<a href=\"http:\/\/ec.europa.eu\/consumers\/odr\">http:\/\/ec.europa.eu\/consumers\/odr<\/a><\/p>\n<p>Ta platforma slu\u017ei kot kontaktna to\u010dka za izvensodno re\u0161evanje sporov, ki izhajajo iz spletnih nakupov ali pogodb o storitvah, v katere je vpleten potro\u0161nik.<\/p>\n<p><strong>10.2<\/strong>&nbsp; Prodajalec ni niti dol\u017ean niti pripravljen sodelovati v postopku re\u0161evanja sporov pred potro\u0161ni\u0161ko arbitra\u017eo.<\/p>\n","protected":false},"excerpt":{"rendered":"<p>Vsebina Obseg Sklenitev pogodbe Pravica do odstopa Cene in pogoji pla\u010dila Pogoji dostave in po\u0161iljanja Ohranitev lastninske pravice Odgovornost za napake (garancija) Unov\u010ditev bonov za kampanjo Veljavno pravo Alternativno re\u0161evanje sporov 1) Podro\u010dje uporabe 1.1 Ti splo\u0161ni pogoji (v nadaljnjem besedilu: SPP) podjetja Holger K\u00e4ding, ki posluje pod \u00bbversiegelung24.com\u00ab (v nadaljevanju \u00bbprodajalec\u00ab), veljajo za vse&hellip;&nbsp;<a href=\"https:\/\/www.versiegelung24.com\/sl\/splosni-pogoji-in-dolocila\/\" rel=\"bookmark\">Read More &raquo;<span class=\"screen-reader-text\">Splo\u0161ni pogoji s podatki o strankah<\/span><\/a><\/p>\n","protected":false},"author":932,"featured_media":70725,"parent":0,"menu_order":0,"comment_status":"closed","ping_status":"closed","template":"","meta":{"_acf_changed":false,"neve_meta_sidebar":"","neve_meta_container":"","neve_meta_enable_content_width":"","neve_meta_content_width":0,"neve_meta_title_alignment":"","neve_meta_author_avatar":"","neve_post_elements_order":"","neve_meta_disable_header":"","neve_meta_disable_footer":"","neve_meta_disable_title":"","neve_meta_reading_time":"","footnotes":""},"categories":[],"seiten_kategorie":[],"class_list":["post-25660","page","type-page","status-publish","has-post-thumbnail","hentry"],"acf":[],"yoast_head":"<!-- This site is optimized with the Yoast SEO Premium plugin v22.8 (Yoast SEO v27.5) - https:\/\/yoast.com\/product\/yoast-seo-premium-wordpress\/ -->\n<title>Splo\u0161ni pogoji s podatki o strankah - versiegelung24.com<\/title>\n<meta name=\"robots\" content=\"index, follow, max-snippet:-1, max-image-preview:large, max-video-preview:-1\" \/>\n<link rel=\"canonical\" href=\"https:\/\/www.versiegelung24.com\/sl\/splosni-pogoji-in-dolocila\/\" \/>\n<meta property=\"og:locale\" content=\"sl_SI\" \/>\n<meta property=\"og:type\" content=\"article\" \/>\n<meta property=\"og:title\" content=\"Splo\u0161ni pogoji s podatki o strankah\" \/>\n<meta property=\"og:description\" content=\"Vsebina Obseg Sklenitev pogodbe Pravica do odstopa Cene in pogoji pla\u010dila Pogoji dostave in po\u0161iljanja Ohranitev lastninske pravice Odgovornost za napake (garancija) Unov\u010ditev bonov za kampanjo Veljavno pravo Alternativno re\u0161evanje sporov 1) Podro\u010dje uporabe 1.1 Ti splo\u0161ni pogoji (v nadaljnjem besedilu: SPP) podjetja Holger K\u00e4ding, ki posluje pod \u00bbversiegelung24.com\u00ab (v nadaljevanju \u00bbprodajalec\u00ab), veljajo za vse&hellip;&nbsp;Read More &raquo;Splo\u0161ni pogoji s podatki o strankah\" \/>\n<meta property=\"og:url\" content=\"https:\/\/www.versiegelung24.com\/sl\/splosni-pogoji-in-dolocila\/\" \/>\n<meta property=\"og:site_name\" content=\"versiegelung24.com\" \/>\n<meta property=\"article:modified_time\" content=\"2024-06-25T18:50:45+00:00\" \/>\n<meta property=\"og:image\" content=\"https:\/\/www.versiegelung24.com\/wp-content\/uploads\/2022\/02\/Impressum.png\" \/>\n\t<meta property=\"og:image:width\" content=\"2000\" \/>\n\t<meta property=\"og:image:height\" content=\"2000\" \/>\n\t<meta property=\"og:image:type\" content=\"image\/png\" \/>\n<meta name=\"twitter:card\" content=\"summary_large_image\" \/>\n<meta name=\"twitter:label1\" content=\"Est. reading time\" \/>\n\t<meta name=\"twitter:data1\" content=\"7 minut\" \/>\n<script type=\"application\/ld+json\" class=\"yoast-schema-graph\">{\"@context\":\"https:\\\/\\\/schema.org\",\"@graph\":[{\"@type\":\"WebPage\",\"@id\":\"https:\\\/\\\/www.versiegelung24.com\\\/sl\\\/splosni-pogoji-in-dolocila\\\/\",\"url\":\"https:\\\/\\\/www.versiegelung24.com\\\/sl\\\/splosni-pogoji-in-dolocila\\\/\",\"name\":\"Splo\u0161ni pogoji s podatki o strankah - versiegelung24.com\",\"isPartOf\":{\"@id\":\"https:\\\/\\\/www.versiegelung24.com\\\/sl\\\/#website\"},\"primaryImageOfPage\":{\"@id\":\"https:\\\/\\\/www.versiegelung24.com\\\/sl\\\/splosni-pogoji-in-dolocila\\\/#primaryimage\"},\"image\":{\"@id\":\"https:\\\/\\\/www.versiegelung24.com\\\/sl\\\/splosni-pogoji-in-dolocila\\\/#primaryimage\"},\"thumbnailUrl\":\"https:\\\/\\\/www.versiegelung24.com\\\/wp-content\\\/uploads\\\/2022\\\/02\\\/Impressum.png\",\"datePublished\":\"2021-08-03T09:15:04+00:00\",\"dateModified\":\"2024-06-25T18:50:45+00:00\",\"breadcrumb\":{\"@id\":\"https:\\\/\\\/www.versiegelung24.com\\\/sl\\\/splosni-pogoji-in-dolocila\\\/#breadcrumb\"},\"inLanguage\":\"sl-SI\",\"potentialAction\":[{\"@type\":\"ReadAction\",\"target\":[\"https:\\\/\\\/www.versiegelung24.com\\\/sl\\\/splosni-pogoji-in-dolocila\\\/\"]}]},{\"@type\":\"ImageObject\",\"inLanguage\":\"sl-SI\",\"@id\":\"https:\\\/\\\/www.versiegelung24.com\\\/sl\\\/splosni-pogoji-in-dolocila\\\/#primaryimage\",\"url\":\"https:\\\/\\\/www.versiegelung24.com\\\/wp-content\\\/uploads\\\/2022\\\/02\\\/Impressum.png\",\"contentUrl\":\"https:\\\/\\\/www.versiegelung24.com\\\/wp-content\\\/uploads\\\/2022\\\/02\\\/Impressum.png\",\"width\":2000,\"height\":2000},{\"@type\":\"BreadcrumbList\",\"@id\":\"https:\\\/\\\/www.versiegelung24.com\\\/sl\\\/splosni-pogoji-in-dolocila\\\/#breadcrumb\",\"itemListElement\":[{\"@type\":\"ListItem\",\"position\":1,\"name\":\"Doma\u010da stran\",\"item\":\"https:\\\/\\\/www.versiegelung24.com\\\/sl\\\/spredaj\\\/\"},{\"@type\":\"ListItem\",\"position\":2,\"name\":\"Splo\u0161ni pogoji s podatki o strankah\"}]},{\"@type\":\"WebSite\",\"@id\":\"https:\\\/\\\/www.versiegelung24.com\\\/sl\\\/#website\",\"url\":\"https:\\\/\\\/www.versiegelung24.com\\\/sl\\\/\",\"name\":\"versiegelung24.com\",\"description\":\"Fl\u00fcssigglas-Versiegelung - Made in Germany\",\"publisher\":{\"@id\":\"https:\\\/\\\/www.versiegelung24.com\\\/sl\\\/#organization\"},\"potentialAction\":[{\"@type\":\"SearchAction\",\"target\":{\"@type\":\"EntryPoint\",\"urlTemplate\":\"https:\\\/\\\/www.versiegelung24.com\\\/sl\\\/?s={search_term_string}\"},\"query-input\":{\"@type\":\"PropertyValueSpecification\",\"valueRequired\":true,\"valueName\":\"search_term_string\"}}],\"inLanguage\":\"sl-SI\"},{\"@type\":\"Organization\",\"@id\":\"https:\\\/\\\/www.versiegelung24.com\\\/sl\\\/#organization\",\"name\":\"versiegelung24\",\"url\":\"https:\\\/\\\/www.versiegelung24.com\\\/sl\\\/\",\"logo\":{\"@type\":\"ImageObject\",\"inLanguage\":\"sl-SI\",\"@id\":\"https:\\\/\\\/www.versiegelung24.com\\\/sl\\\/#\\\/schema\\\/logo\\\/image\\\/\",\"url\":\"https:\\\/\\\/www.versiegelung24.com\\\/wp-content\\\/uploads\\\/2020\\\/04\\\/versiegelung24.png\",\"contentUrl\":\"https:\\\/\\\/www.versiegelung24.com\\\/wp-content\\\/uploads\\\/2020\\\/04\\\/versiegelung24.png\",\"width\":470,\"height\":102,\"caption\":\"versiegelung24\"},\"image\":{\"@id\":\"https:\\\/\\\/www.versiegelung24.com\\\/sl\\\/#\\\/schema\\\/logo\\\/image\\\/\"}}]}<\/script>\n<!-- \/ Yoast SEO Premium plugin. -->","yoast_head_json":{"title":"Splo\u0161ni pogoji s podatki o strankah - versiegelung24.com","robots":{"index":"index","follow":"follow","max-snippet":"max-snippet:-1","max-image-preview":"max-image-preview:large","max-video-preview":"max-video-preview:-1"},"canonical":"https:\/\/www.versiegelung24.com\/sl\/splosni-pogoji-in-dolocila\/","og_locale":"sl_SI","og_type":"article","og_title":"Splo\u0161ni pogoji s podatki o strankah","og_description":"Vsebina Obseg Sklenitev pogodbe Pravica do odstopa Cene in pogoji pla\u010dila Pogoji dostave in po\u0161iljanja Ohranitev lastninske pravice Odgovornost za napake (garancija) Unov\u010ditev bonov za kampanjo Veljavno pravo Alternativno re\u0161evanje sporov 1) Podro\u010dje uporabe 1.1 Ti splo\u0161ni pogoji (v nadaljnjem besedilu: SPP) podjetja Holger K\u00e4ding, ki posluje pod \u00bbversiegelung24.com\u00ab (v nadaljevanju \u00bbprodajalec\u00ab), veljajo za vse&hellip;&nbsp;Read More &raquo;Splo\u0161ni pogoji s podatki o strankah","og_url":"https:\/\/www.versiegelung24.com\/sl\/splosni-pogoji-in-dolocila\/","og_site_name":"versiegelung24.com","article_modified_time":"2024-06-25T18:50:45+00:00","og_image":[{"width":2000,"height":2000,"url":"https:\/\/www.versiegelung24.com\/wp-content\/uploads\/2022\/02\/Impressum.png","type":"image\/png"}],"twitter_card":"summary_large_image","twitter_misc":{"Est. reading time":"7 minut"},"schema":{"@context":"https:\/\/schema.org","@graph":[{"@type":"WebPage","@id":"https:\/\/www.versiegelung24.com\/sl\/splosni-pogoji-in-dolocila\/","url":"https:\/\/www.versiegelung24.com\/sl\/splosni-pogoji-in-dolocila\/","name":"Splo\u0161ni pogoji s podatki o strankah - versiegelung24.com","isPartOf":{"@id":"https:\/\/www.versiegelung24.com\/sl\/#website"},"primaryImageOfPage":{"@id":"https:\/\/www.versiegelung24.com\/sl\/splosni-pogoji-in-dolocila\/#primaryimage"},"image":{"@id":"https:\/\/www.versiegelung24.com\/sl\/splosni-pogoji-in-dolocila\/#primaryimage"},"thumbnailUrl":"https:\/\/www.versiegelung24.com\/wp-content\/uploads\/2022\/02\/Impressum.png","datePublished":"2021-08-03T09:15:04+00:00","dateModified":"2024-06-25T18:50:45+00:00","breadcrumb":{"@id":"https:\/\/www.versiegelung24.com\/sl\/splosni-pogoji-in-dolocila\/#breadcrumb"},"inLanguage":"sl-SI","potentialAction":[{"@type":"ReadAction","target":["https:\/\/www.versiegelung24.com\/sl\/splosni-pogoji-in-dolocila\/"]}]},{"@type":"ImageObject","inLanguage":"sl-SI","@id":"https:\/\/www.versiegelung24.com\/sl\/splosni-pogoji-in-dolocila\/#primaryimage","url":"https:\/\/www.versiegelung24.com\/wp-content\/uploads\/2022\/02\/Impressum.png","contentUrl":"https:\/\/www.versiegelung24.com\/wp-content\/uploads\/2022\/02\/Impressum.png","width":2000,"height":2000},{"@type":"BreadcrumbList","@id":"https:\/\/www.versiegelung24.com\/sl\/splosni-pogoji-in-dolocila\/#breadcrumb","itemListElement":[{"@type":"ListItem","position":1,"name":"Doma\u010da stran","item":"https:\/\/www.versiegelung24.com\/sl\/spredaj\/"},{"@type":"ListItem","position":2,"name":"Splo\u0161ni pogoji s podatki o strankah"}]},{"@type":"WebSite","@id":"https:\/\/www.versiegelung24.com\/sl\/#website","url":"https:\/\/www.versiegelung24.com\/sl\/","name":"versiegelung24.com","description":"Fl\u00fcssigglas-Versiegelung - Made in Germany","publisher":{"@id":"https:\/\/www.versiegelung24.com\/sl\/#organization"},"potentialAction":[{"@type":"SearchAction","target":{"@type":"EntryPoint","urlTemplate":"https:\/\/www.versiegelung24.com\/sl\/?s={search_term_string}"},"query-input":{"@type":"PropertyValueSpecification","valueRequired":true,"valueName":"search_term_string"}}],"inLanguage":"sl-SI"},{"@type":"Organization","@id":"https:\/\/www.versiegelung24.com\/sl\/#organization","name":"versiegelung24","url":"https:\/\/www.versiegelung24.com\/sl\/","logo":{"@type":"ImageObject","inLanguage":"sl-SI","@id":"https:\/\/www.versiegelung24.com\/sl\/#\/schema\/logo\/image\/","url":"https:\/\/www.versiegelung24.com\/wp-content\/uploads\/2020\/04\/versiegelung24.png","contentUrl":"https:\/\/www.versiegelung24.com\/wp-content\/uploads\/2020\/04\/versiegelung24.png","width":470,"height":102,"caption":"versiegelung24"},"image":{"@id":"https:\/\/www.versiegelung24.com\/sl\/#\/schema\/logo\/image\/"}}]}},"_links":{"self":[{"href":"https:\/\/www.versiegelung24.com\/sl\/wp-json\/wp\/v2\/pages\/25660","targetHints":{"allow":["GET"]}}],"collection":[{"href":"https:\/\/www.versiegelung24.com\/sl\/wp-json\/wp\/v2\/pages"}],"about":[{"href":"https:\/\/www.versiegelung24.com\/sl\/wp-json\/wp\/v2\/types\/page"}],"author":[{"embeddable":true,"href":"https:\/\/www.versiegelung24.com\/sl\/wp-json\/wp\/v2\/users\/932"}],"replies":[{"embeddable":true,"href":"https:\/\/www.versiegelung24.com\/sl\/wp-json\/wp\/v2\/comments?post=25660"}],"version-history":[{"count":3,"href":"https:\/\/www.versiegelung24.com\/sl\/wp-json\/wp\/v2\/pages\/25660\/revisions"}],"predecessor-version":[{"id":167630,"href":"https:\/\/www.versiegelung24.com\/sl\/wp-json\/wp\/v2\/pages\/25660\/revisions\/167630"}],"wp:featuredmedia":[{"embeddable":true,"href":"https:\/\/www.versiegelung24.com\/sl\/wp-json\/wp\/v2\/media\/70725"}],"wp:attachment":[{"href":"https:\/\/www.versiegelung24.com\/sl\/wp-json\/wp\/v2\/media?parent=25660"}],"wp:term":[{"taxonomy":"category","embeddable":true,"href":"https:\/\/www.versiegelung24.com\/sl\/wp-json\/wp\/v2\/categories?post=25660"},{"taxonomy":"seiten_kategorie","embeddable":true,"href":"https:\/\/www.versiegelung24.com\/sl\/wp-json\/wp\/v2\/seiten_kategorie?post=25660"}],"curies":[{"name":"wp","href":"https:\/\/api.w.org\/{rel}","templated":true}]}}