{"id":25921,"date":"2021-08-03T12:04:07","date_gmt":"2021-08-03T10:04:07","guid":{"rendered":"https:\/\/www.versiegelung24.com\/nacini-placila"},"modified":"2024-07-09T09:46:38","modified_gmt":"2024-07-09T07:46:38","slug":"nacini-placila","status":"publish","type":"page","link":"https:\/\/www.versiegelung24.com\/sl\/nacini-placila\/","title":{"rendered":"na\u010dini pla\u010dila"},"content":{"rendered":"\n<h1 class=\"wp-block-heading\" id=\"h-zahlungsarten\">na\u010dini pla\u010dila<\/h1>\n<p>Za va\u0161e naro\u010dilo na versiegelung24.com ponujamo naslednje na\u010dine pla\u010dila:<\/p>\n<p><img fetchpriority=\"high\" decoding=\"async\" class=\"alignnone wp-image-133349 \" src=\"https:\/\/www.versiegelung24.com\/wp-content\/uploads\/2023\/11\/v24-footer-zahlungsarten-1300x93.webp\" alt=\"\" width=\"780\" height=\"76\"><\/p>\n<h3>Paypal<\/h3>\n<p>\u010ce je znesek pla\u010dila pla\u010dan prek sistema PayPal, bo va\u0161e naro\u010dilo takoj obdelano.<\/p>\n<h3>Predpla\u010dilo z ban\u010dnim nakazilom<\/h3>\n<p>Po prejemu pla\u010dila z vnaprej\u0161njim nakazilom na na\u0161 ban\u010dni ra\u010dun bo va\u0161a po\u0161iljka poslana.<\/p>\n<p>Prejemnik: Holger K\u00e4ding<br \/>IBAN: DE30370502990011006269<br \/>BIC \/ SWIFT: COKSDE33<br \/>Kreissparkasse K\u00f6ln<\/p>\n<h3>Nakup po ra\u010dunu<\/h3>\n<p>Za javne organe in ustanove nudimo tudi nakup na ra\u010dun po naro\u010dilu. <a href=\"https:\/\/www.versiegelung24.com\/sl\/stik\/\">Za to nas kontaktirajte<\/a> .<\/p>\n","protected":false},"excerpt":{"rendered":"<p>na\u010dini pla\u010dila Za va\u0161e naro\u010dilo na versiegelung24.com ponujamo naslednje na\u010dine pla\u010dila: Paypal \u010ce je znesek pla\u010dila pla\u010dan prek sistema PayPal, bo va\u0161e naro\u010dilo takoj obdelano. Predpla\u010dilo z ban\u010dnim nakazilom Po prejemu pla\u010dila z vnaprej\u0161njim nakazilom na na\u0161 ban\u010dni ra\u010dun bo va\u0161a po\u0161iljka poslana. Prejemnik: Holger K\u00e4dingIBAN: DE30370502990011006269BIC \/ SWIFT: COKSDE33Kreissparkasse K\u00f6ln Nakup po ra\u010dunu Za&hellip;&nbsp;<a href=\"https:\/\/www.versiegelung24.com\/sl\/nacini-placila\/\" rel=\"bookmark\">Read More &raquo;<span class=\"screen-reader-text\">na\u010dini pla\u010dila<\/span><\/a><\/p>\n","protected":false},"author":932,"featured_media":70665,"parent":0,"menu_order":0,"comment_status":"closed","ping_status":"closed","template":"","meta":{"_acf_changed":false,"neve_meta_sidebar":"","neve_meta_container":"","neve_meta_enable_content_width":"","neve_meta_content_width":0,"neve_meta_title_alignment":"","neve_meta_author_avatar":"","neve_post_elements_order":"","neve_meta_disable_header":"","neve_meta_disable_footer":"","neve_meta_disable_title":"","neve_meta_reading_time":"","footnotes":""},"categories":[],"seiten_kategorie":[],"class_list":["post-25921","page","type-page","status-publish","has-post-thumbnail","hentry"],"acf":[],"yoast_head":"<!-- This site is optimized with the Yoast SEO Premium plugin v22.8 (Yoast SEO v27.5) - https:\/\/yoast.com\/product\/yoast-seo-premium-wordpress\/ -->\n<title>na\u010dini pla\u010dila - versiegelung24.com<\/title>\n<meta name=\"robots\" content=\"index, follow, max-snippet:-1, max-image-preview:large, max-video-preview:-1\" \/>\n<link rel=\"canonical\" href=\"https:\/\/www.versiegelung24.com\/sl\/nacini-placila\/\" \/>\n<meta property=\"og:locale\" content=\"sl_SI\" \/>\n<meta property=\"og:type\" content=\"article\" \/>\n<meta property=\"og:title\" content=\"na\u010dini pla\u010dila\" \/>\n<meta property=\"og:description\" content=\"na\u010dini pla\u010dila Za va\u0161e naro\u010dilo na versiegelung24.com ponujamo naslednje na\u010dine pla\u010dila: Paypal \u010ce je znesek pla\u010dila pla\u010dan prek sistema PayPal, bo va\u0161e naro\u010dilo takoj obdelano. Predpla\u010dilo z ban\u010dnim nakazilom Po prejemu pla\u010dila z vnaprej\u0161njim nakazilom na na\u0161 ban\u010dni ra\u010dun bo va\u0161a po\u0161iljka poslana. Prejemnik: Holger K\u00e4dingIBAN: DE30370502990011006269BIC \/ SWIFT: COKSDE33Kreissparkasse K\u00f6ln Nakup po ra\u010dunu Za&hellip;&nbsp;Read More &raquo;na\u010dini pla\u010dila\" \/>\n<meta property=\"og:url\" content=\"https:\/\/www.versiegelung24.com\/sl\/nacini-placila\/\" \/>\n<meta property=\"og:site_name\" content=\"versiegelung24.com\" \/>\n<meta property=\"article:modified_time\" content=\"2024-07-09T07:46:38+00:00\" \/>\n<meta property=\"og:image\" content=\"https:\/\/www.versiegelung24.com\/wp-content\/uploads\/2022\/02\/Payment.png\" \/>\n\t<meta property=\"og:image:width\" content=\"2000\" \/>\n\t<meta property=\"og:image:height\" content=\"2000\" \/>\n\t<meta property=\"og:image:type\" content=\"image\/png\" \/>\n<meta name=\"twitter:card\" content=\"summary_large_image\" \/>\n<script type=\"application\/ld+json\" class=\"yoast-schema-graph\">{\"@context\":\"https:\\\/\\\/schema.org\",\"@graph\":[{\"@type\":\"WebPage\",\"@id\":\"https:\\\/\\\/www.versiegelung24.com\\\/sl\\\/nacini-placila\\\/\",\"url\":\"https:\\\/\\\/www.versiegelung24.com\\\/sl\\\/nacini-placila\\\/\",\"name\":\"na\u010dini pla\u010dila - versiegelung24.com\",\"isPartOf\":{\"@id\":\"https:\\\/\\\/www.versiegelung24.com\\\/sl\\\/#website\"},\"primaryImageOfPage\":{\"@id\":\"https:\\\/\\\/www.versiegelung24.com\\\/sl\\\/nacini-placila\\\/#primaryimage\"},\"image\":{\"@id\":\"https:\\\/\\\/www.versiegelung24.com\\\/sl\\\/nacini-placila\\\/#primaryimage\"},\"thumbnailUrl\":\"https:\\\/\\\/www.versiegelung24.com\\\/wp-content\\\/uploads\\\/2022\\\/02\\\/Payment.png\",\"datePublished\":\"2021-08-03T10:04:07+00:00\",\"dateModified\":\"2024-07-09T07:46:38+00:00\",\"breadcrumb\":{\"@id\":\"https:\\\/\\\/www.versiegelung24.com\\\/sl\\\/nacini-placila\\\/#breadcrumb\"},\"inLanguage\":\"sl-SI\",\"potentialAction\":[{\"@type\":\"ReadAction\",\"target\":[\"https:\\\/\\\/www.versiegelung24.com\\\/sl\\\/nacini-placila\\\/\"]}]},{\"@type\":\"ImageObject\",\"inLanguage\":\"sl-SI\",\"@id\":\"https:\\\/\\\/www.versiegelung24.com\\\/sl\\\/nacini-placila\\\/#primaryimage\",\"url\":\"https:\\\/\\\/www.versiegelung24.com\\\/wp-content\\\/uploads\\\/2022\\\/02\\\/Payment.png\",\"contentUrl\":\"https:\\\/\\\/www.versiegelung24.com\\\/wp-content\\\/uploads\\\/2022\\\/02\\\/Payment.png\",\"width\":2000,\"height\":2000},{\"@type\":\"BreadcrumbList\",\"@id\":\"https:\\\/\\\/www.versiegelung24.com\\\/sl\\\/nacini-placila\\\/#breadcrumb\",\"itemListElement\":[{\"@type\":\"ListItem\",\"position\":1,\"name\":\"Doma\u010da stran\",\"item\":\"https:\\\/\\\/www.versiegelung24.com\\\/sl\\\/spredaj\\\/\"},{\"@type\":\"ListItem\",\"position\":2,\"name\":\"na\u010dini pla\u010dila\"}]},{\"@type\":\"WebSite\",\"@id\":\"https:\\\/\\\/www.versiegelung24.com\\\/sl\\\/#website\",\"url\":\"https:\\\/\\\/www.versiegelung24.com\\\/sl\\\/\",\"name\":\"versiegelung24.com\",\"description\":\"Fl\u00fcssigglas-Versiegelung - Made in Germany\",\"publisher\":{\"@id\":\"https:\\\/\\\/www.versiegelung24.com\\\/sl\\\/#organization\"},\"potentialAction\":[{\"@type\":\"SearchAction\",\"target\":{\"@type\":\"EntryPoint\",\"urlTemplate\":\"https:\\\/\\\/www.versiegelung24.com\\\/sl\\\/?s={search_term_string}\"},\"query-input\":{\"@type\":\"PropertyValueSpecification\",\"valueRequired\":true,\"valueName\":\"search_term_string\"}}],\"inLanguage\":\"sl-SI\"},{\"@type\":\"Organization\",\"@id\":\"https:\\\/\\\/www.versiegelung24.com\\\/sl\\\/#organization\",\"name\":\"versiegelung24\",\"url\":\"https:\\\/\\\/www.versiegelung24.com\\\/sl\\\/\",\"logo\":{\"@type\":\"ImageObject\",\"inLanguage\":\"sl-SI\",\"@id\":\"https:\\\/\\\/www.versiegelung24.com\\\/sl\\\/#\\\/schema\\\/logo\\\/image\\\/\",\"url\":\"https:\\\/\\\/www.versiegelung24.com\\\/wp-content\\\/uploads\\\/2020\\\/04\\\/versiegelung24.png\",\"contentUrl\":\"https:\\\/\\\/www.versiegelung24.com\\\/wp-content\\\/uploads\\\/2020\\\/04\\\/versiegelung24.png\",\"width\":470,\"height\":102,\"caption\":\"versiegelung24\"},\"image\":{\"@id\":\"https:\\\/\\\/www.versiegelung24.com\\\/sl\\\/#\\\/schema\\\/logo\\\/image\\\/\"}}]}<\/script>\n<!-- \/ Yoast SEO Premium plugin. -->","yoast_head_json":{"title":"na\u010dini pla\u010dila - versiegelung24.com","robots":{"index":"index","follow":"follow","max-snippet":"max-snippet:-1","max-image-preview":"max-image-preview:large","max-video-preview":"max-video-preview:-1"},"canonical":"https:\/\/www.versiegelung24.com\/sl\/nacini-placila\/","og_locale":"sl_SI","og_type":"article","og_title":"na\u010dini pla\u010dila","og_description":"na\u010dini pla\u010dila Za va\u0161e naro\u010dilo na versiegelung24.com ponujamo naslednje na\u010dine pla\u010dila: Paypal \u010ce je znesek pla\u010dila pla\u010dan prek sistema PayPal, bo va\u0161e naro\u010dilo takoj obdelano. Predpla\u010dilo z ban\u010dnim nakazilom Po prejemu pla\u010dila z vnaprej\u0161njim nakazilom na na\u0161 ban\u010dni ra\u010dun bo va\u0161a po\u0161iljka poslana. Prejemnik: Holger K\u00e4dingIBAN: DE30370502990011006269BIC \/ SWIFT: COKSDE33Kreissparkasse K\u00f6ln Nakup po ra\u010dunu Za&hellip;&nbsp;Read More &raquo;na\u010dini pla\u010dila","og_url":"https:\/\/www.versiegelung24.com\/sl\/nacini-placila\/","og_site_name":"versiegelung24.com","article_modified_time":"2024-07-09T07:46:38+00:00","og_image":[{"width":2000,"height":2000,"url":"https:\/\/www.versiegelung24.com\/wp-content\/uploads\/2022\/02\/Payment.png","type":"image\/png"}],"twitter_card":"summary_large_image","schema":{"@context":"https:\/\/schema.org","@graph":[{"@type":"WebPage","@id":"https:\/\/www.versiegelung24.com\/sl\/nacini-placila\/","url":"https:\/\/www.versiegelung24.com\/sl\/nacini-placila\/","name":"na\u010dini pla\u010dila - versiegelung24.com","isPartOf":{"@id":"https:\/\/www.versiegelung24.com\/sl\/#website"},"primaryImageOfPage":{"@id":"https:\/\/www.versiegelung24.com\/sl\/nacini-placila\/#primaryimage"},"image":{"@id":"https:\/\/www.versiegelung24.com\/sl\/nacini-placila\/#primaryimage"},"thumbnailUrl":"https:\/\/www.versiegelung24.com\/wp-content\/uploads\/2022\/02\/Payment.png","datePublished":"2021-08-03T10:04:07+00:00","dateModified":"2024-07-09T07:46:38+00:00","breadcrumb":{"@id":"https:\/\/www.versiegelung24.com\/sl\/nacini-placila\/#breadcrumb"},"inLanguage":"sl-SI","potentialAction":[{"@type":"ReadAction","target":["https:\/\/www.versiegelung24.com\/sl\/nacini-placila\/"]}]},{"@type":"ImageObject","inLanguage":"sl-SI","@id":"https:\/\/www.versiegelung24.com\/sl\/nacini-placila\/#primaryimage","url":"https:\/\/www.versiegelung24.com\/wp-content\/uploads\/2022\/02\/Payment.png","contentUrl":"https:\/\/www.versiegelung24.com\/wp-content\/uploads\/2022\/02\/Payment.png","width":2000,"height":2000},{"@type":"BreadcrumbList","@id":"https:\/\/www.versiegelung24.com\/sl\/nacini-placila\/#breadcrumb","itemListElement":[{"@type":"ListItem","position":1,"name":"Doma\u010da stran","item":"https:\/\/www.versiegelung24.com\/sl\/spredaj\/"},{"@type":"ListItem","position":2,"name":"na\u010dini pla\u010dila"}]},{"@type":"WebSite","@id":"https:\/\/www.versiegelung24.com\/sl\/#website","url":"https:\/\/www.versiegelung24.com\/sl\/","name":"versiegelung24.com","description":"Fl\u00fcssigglas-Versiegelung - Made in Germany","publisher":{"@id":"https:\/\/www.versiegelung24.com\/sl\/#organization"},"potentialAction":[{"@type":"SearchAction","target":{"@type":"EntryPoint","urlTemplate":"https:\/\/www.versiegelung24.com\/sl\/?s={search_term_string}"},"query-input":{"@type":"PropertyValueSpecification","valueRequired":true,"valueName":"search_term_string"}}],"inLanguage":"sl-SI"},{"@type":"Organization","@id":"https:\/\/www.versiegelung24.com\/sl\/#organization","name":"versiegelung24","url":"https:\/\/www.versiegelung24.com\/sl\/","logo":{"@type":"ImageObject","inLanguage":"sl-SI","@id":"https:\/\/www.versiegelung24.com\/sl\/#\/schema\/logo\/image\/","url":"https:\/\/www.versiegelung24.com\/wp-content\/uploads\/2020\/04\/versiegelung24.png","contentUrl":"https:\/\/www.versiegelung24.com\/wp-content\/uploads\/2020\/04\/versiegelung24.png","width":470,"height":102,"caption":"versiegelung24"},"image":{"@id":"https:\/\/www.versiegelung24.com\/sl\/#\/schema\/logo\/image\/"}}]}},"_links":{"self":[{"href":"https:\/\/www.versiegelung24.com\/sl\/wp-json\/wp\/v2\/pages\/25921","targetHints":{"allow":["GET"]}}],"collection":[{"href":"https:\/\/www.versiegelung24.com\/sl\/wp-json\/wp\/v2\/pages"}],"about":[{"href":"https:\/\/www.versiegelung24.com\/sl\/wp-json\/wp\/v2\/types\/page"}],"author":[{"embeddable":true,"href":"https:\/\/www.versiegelung24.com\/sl\/wp-json\/wp\/v2\/users\/932"}],"replies":[{"embeddable":true,"href":"https:\/\/www.versiegelung24.com\/sl\/wp-json\/wp\/v2\/comments?post=25921"}],"version-history":[{"count":8,"href":"https:\/\/www.versiegelung24.com\/sl\/wp-json\/wp\/v2\/pages\/25921\/revisions"}],"predecessor-version":[{"id":169492,"href":"https:\/\/www.versiegelung24.com\/sl\/wp-json\/wp\/v2\/pages\/25921\/revisions\/169492"}],"wp:featuredmedia":[{"embeddable":true,"href":"https:\/\/www.versiegelung24.com\/sl\/wp-json\/wp\/v2\/media\/70665"}],"wp:attachment":[{"href":"https:\/\/www.versiegelung24.com\/sl\/wp-json\/wp\/v2\/media?parent=25921"}],"wp:term":[{"taxonomy":"category","embeddable":true,"href":"https:\/\/www.versiegelung24.com\/sl\/wp-json\/wp\/v2\/categories?post=25921"},{"taxonomy":"seiten_kategorie","embeddable":true,"href":"https:\/\/www.versiegelung24.com\/sl\/wp-json\/wp\/v2\/seiten_kategorie?post=25921"}],"curies":[{"name":"wp","href":"https:\/\/api.w.org\/{rel}","templated":true}]}}