{"id":25944,"date":"2021-08-03T12:04:51","date_gmt":"2021-08-03T10:04:51","guid":{"rendered":"https:\/\/www.versiegelung24.com\/politika-odpovedi-in-obrazec-za-odpoved"},"modified":"2024-06-25T20:51:02","modified_gmt":"2024-06-25T18:51:02","slug":"pravilnik-o-odpovedi","status":"publish","type":"page","link":"https:\/\/www.versiegelung24.com\/sl\/pravilnik-o-odpovedi\/","title":{"rendered":"Politika odpovedi in obrazec za odpoved"},"content":{"rendered":"<div class=\"main-container col1-layout\">\n<div class=\"main container\">\n<div class=\"inner-container\">\n<div class=\"col-main\">\n<div class=\"std\">\n<p>Potro\u0161niki so upravi\u010deni do pravice do odstopa v skladu z naslednjimi dolo\u010dbami, pri \u010demer je potro\u0161nik vsaka fizi\u010dna oseba, ki sklene pravni posel za namene, ki ve\u010dinoma niso niti komercialni niti samozaposleni:<\/p>\n<p><strong>A. Politika odpovedi<\/strong><\/p>\n<p><strong>Pravica do odstopa<br \/>\n<\/strong> Imate pravico odstopiti od te pogodbe v 14 dneh brez navedbe razloga.<\/p>\n<p>Odpovedni rok je 14 dni od dneva, ko ste vi ali tretja oseba, ki ste jo imenovali, ki ni prevoznik, prevzeli lastnino zadnjega blaga.<\/p>\n<p>Za uveljavljanje pravice do odstopa od pogodbe nas morate z jasno izjavo (npr. s pismom ali elektronskim sporo\u010dilom, poslanim po po\u0161ti) obvestiti (Holger K\u00e4ding, An den Ellmen 14, 53773 Hennef, tel.: 02242-9695650, e-po\u0161ta: info@versiegelung24.com) o svoji odlo\u010ditvi za odstop od te pogodbe. V ta namen lahko uporabite prilo\u017eeni obrazec za odstop, vendar to ni obvezno.<\/p>\n<p>\u010ce \u017eelite izpolniti rok za odpoved, zadostuje, da po\u0161ljete obvestilo o uveljavljanju pravice do odpovedi, preden pote\u010de rok za preklic.<\/p>\n<p><strong><br \/>\nPosledice odpovedi<\/strong>\u010ce odstopite od te pogodbe, vam bomo brez nepotrebnega odla\u0161anja in v vsakem primeru najkasneje v 14 dneh od dneva, ko smo bili obve\u0161\u010deni o va\u0161i odlo\u010ditvi za odpoved te pogodbe, povrnili vsa prejeta pla\u010dila, vklju\u010dno s stro\u0161ki dostave (razen dodatnih stro\u0161kov zaradi va\u0161e izbire vrste dostave, ki ni najcenej\u0161a vrsta standardne dostave, ki smo jo ponudili).<strong><\/strong> Za to popla\u010dilo bomo uporabili ista pla\u010dilna sredstva, ki ste jih uporabili za prvotno transakcijo, razen \u010de je bilo z vami izrecno dogovorjeno kaj drugega; V tem primeru vam v tem primeru ne bomo zara\u010dunali nobenih pristojbin. Vra\u010dilo lahko zavrnemo, dokler blaga ne prejmemo nazaj ali dokler ne predlo\u017eite dokazov, da ste blago poslali nazaj, kar je prej.<\/p>\n<p>Blago nam morate vrniti ali izro\u010diti takoj in v vsakem primeru najkasneje v \u0161tirinajstih dneh od datuma, ko ste nas obvestili o odstopu od te pogodbe. Rok je izpolnjen, \u010de blago po\u0161ljete pred potekom \u0161tirinajstih dni.<\/p>\n<p>Neposredne stro\u0161ke vra\u010dila blaga krijete sami.<\/p>\n<p>Za izgubo vrednosti blaga morate pla\u010dati le, \u010de je ta izguba vrednosti posledica ravnanja z blagom, ki ni potrebno preveriti narave, lastnosti in funkcionalnosti blaga.<\/p>\n<p>Izklju\u010ditev ali prezgodnji iztek pravice do odstopa<\/p>\n<p>Pravica do odstopa pred\u010dasno preneha v primeru pogodb o dobavi zvo\u010dnih ali video posnetkov ali ra\u010dunalni\u0161ke programske opreme v zaprti embala\u017ei, \u010de je bil pe\u010dat po dostavi odstranjen.<\/p>\n<p><strong>B. Odstopni obrazec<\/strong><\/p>\n<p>\u010ce \u017eelite preklicati pogodbo, izpolnite ta obrazec in ga po\u0161ljite nazaj.<\/p>\n<p>Vklopljeno<\/p>\n<p>samstore.de<\/p>\n<p>Holger K\u00e4ding<br \/>\nPri Ellmenu 14<br \/>\n53773 Hennef<br \/>\nNem\u010dija<br \/>\nElektronski naslov: info@versiegelung24.com<\/p>\n<p>Jaz \/ mi (*) s tem preklicam pogodbo, ki sem jo sklenila jaz \/ mi (*) za nakup naslednjega blaga (*) \/ zagotavljanje naslednje storitve (*)<\/p>\n<p>_______________________________________________________<\/p>\n<p>_______________________________________________________<\/p>\n<p>Naro\u010deno dne (*) ____________ \/ prejeto dne (*) __________________<\/p>\n<p>________________________________________________________<\/p>\n<p>Ime potro\u0161nika (-ov)<\/p>\n<p>________________________________________________________<\/p>\n<p>Naslov potro\u0161nikov<\/p>\n<p>________________________________________________________<\/p>\n<p>Podpis potro\u0161nika (le, \u010de je to sporo\u010deno na papirju)<\/p>\n<p>_________________________<\/p>\n<p>datum<\/p>\n<p>(*) Izbri\u0161i, \u010de se ne uporablja<\/p>\n<\/div>\n<\/div>\n<div class=\"postscript\"><\/div>\n<\/div>\n<\/div>\n<div class=\"main-bottom-container\"><\/div>\n<\/div>\n<div class=\"footer-container\">\n<div class=\"footer-container2\">\n<div class=\"footer-container3\">\n<div class=\"footer-primary-container section-container\">\n<div class=\"footer-primary footer container\">\n<div class=\"inner-container\">\n<div class=\"clearer\">\n<div class=\"grid12-3\">\n<div class=\"std\">\n<div class=\"collapsible mobile-collapsible\"><\/div>\n<\/div>\n<\/div>\n<\/div>\n<\/div>\n<\/div>\n<\/div>\n<\/div>\n<\/div>\n<\/div>\n","protected":false},"excerpt":{"rendered":"<p>Potro\u0161niki so upravi\u010deni do pravice do odstopa v skladu z naslednjimi dolo\u010dbami, pri \u010demer je potro\u0161nik vsaka fizi\u010dna oseba, ki sklene pravni posel za namene, ki ve\u010dinoma niso niti komercialni niti samozaposleni: A. Politika odpovedi Pravica do odstopa Imate pravico odstopiti od te pogodbe v 14 dneh brez navedbe razloga. Odpovedni rok je 14 dni&hellip;&nbsp;<a href=\"https:\/\/www.versiegelung24.com\/sl\/pravilnik-o-odpovedi\/\" rel=\"bookmark\">Read More &raquo;<span class=\"screen-reader-text\">Politika odpovedi in obrazec za odpoved<\/span><\/a><\/p>\n","protected":false},"author":932,"featured_media":71035,"parent":0,"menu_order":0,"comment_status":"closed","ping_status":"closed","template":"","meta":{"_acf_changed":false,"neve_meta_sidebar":"","neve_meta_container":"","neve_meta_enable_content_width":"","neve_meta_content_width":0,"neve_meta_title_alignment":"","neve_meta_author_avatar":"","neve_post_elements_order":"","neve_meta_disable_header":"","neve_meta_disable_footer":"","neve_meta_disable_title":"","neve_meta_reading_time":"","footnotes":""},"categories":[],"seiten_kategorie":[],"class_list":["post-25944","page","type-page","status-publish","has-post-thumbnail","hentry"],"acf":[],"yoast_head":"<!-- This site is optimized with the Yoast SEO Premium plugin v22.8 (Yoast SEO v27.5) - https:\/\/yoast.com\/product\/yoast-seo-premium-wordpress\/ -->\n<title>Politika odpovedi in obrazec za odpoved - versiegelung24.com<\/title>\n<meta name=\"robots\" content=\"index, follow, max-snippet:-1, max-image-preview:large, max-video-preview:-1\" \/>\n<link rel=\"canonical\" href=\"https:\/\/www.versiegelung24.com\/sl\/pravilnik-o-odpovedi\/\" \/>\n<meta property=\"og:locale\" content=\"sl_SI\" \/>\n<meta property=\"og:type\" content=\"article\" \/>\n<meta property=\"og:title\" content=\"Politika odpovedi in obrazec za odpoved\" \/>\n<meta property=\"og:description\" content=\"Potro\u0161niki so upravi\u010deni do pravice do odstopa v skladu z naslednjimi dolo\u010dbami, pri \u010demer je potro\u0161nik vsaka fizi\u010dna oseba, ki sklene pravni posel za namene, ki ve\u010dinoma niso niti komercialni niti samozaposleni: A. Politika odpovedi Pravica do odstopa Imate pravico odstopiti od te pogodbe v 14 dneh brez navedbe razloga. Odpovedni rok je 14 dni&hellip;&nbsp;Read More &raquo;Politika odpovedi in obrazec za odpoved\" \/>\n<meta property=\"og:url\" content=\"https:\/\/www.versiegelung24.com\/sl\/pravilnik-o-odpovedi\/\" \/>\n<meta property=\"og:site_name\" content=\"versiegelung24.com\" \/>\n<meta property=\"article:modified_time\" content=\"2024-06-25T18:51:02+00:00\" \/>\n<meta property=\"og:image\" content=\"https:\/\/www.versiegelung24.com\/wp-content\/uploads\/2022\/02\/Widerruf.png\" \/>\n\t<meta property=\"og:image:width\" content=\"2000\" \/>\n\t<meta property=\"og:image:height\" content=\"2000\" \/>\n\t<meta property=\"og:image:type\" content=\"image\/png\" \/>\n<meta name=\"twitter:card\" content=\"summary_large_image\" \/>\n<meta name=\"twitter:label1\" content=\"Est. reading time\" \/>\n\t<meta name=\"twitter:data1\" content=\"2 minuti\" \/>\n<script type=\"application\/ld+json\" class=\"yoast-schema-graph\">{\"@context\":\"https:\\\/\\\/schema.org\",\"@graph\":[{\"@type\":\"WebPage\",\"@id\":\"https:\\\/\\\/www.versiegelung24.com\\\/sl\\\/pravilnik-o-odpovedi\\\/\",\"url\":\"https:\\\/\\\/www.versiegelung24.com\\\/sl\\\/pravilnik-o-odpovedi\\\/\",\"name\":\"Politika odpovedi in obrazec za odpoved - versiegelung24.com\",\"isPartOf\":{\"@id\":\"https:\\\/\\\/www.versiegelung24.com\\\/sl\\\/#website\"},\"primaryImageOfPage\":{\"@id\":\"https:\\\/\\\/www.versiegelung24.com\\\/sl\\\/pravilnik-o-odpovedi\\\/#primaryimage\"},\"image\":{\"@id\":\"https:\\\/\\\/www.versiegelung24.com\\\/sl\\\/pravilnik-o-odpovedi\\\/#primaryimage\"},\"thumbnailUrl\":\"https:\\\/\\\/www.versiegelung24.com\\\/wp-content\\\/uploads\\\/2022\\\/02\\\/Widerruf.png\",\"datePublished\":\"2021-08-03T10:04:51+00:00\",\"dateModified\":\"2024-06-25T18:51:02+00:00\",\"breadcrumb\":{\"@id\":\"https:\\\/\\\/www.versiegelung24.com\\\/sl\\\/pravilnik-o-odpovedi\\\/#breadcrumb\"},\"inLanguage\":\"sl-SI\",\"potentialAction\":[{\"@type\":\"ReadAction\",\"target\":[\"https:\\\/\\\/www.versiegelung24.com\\\/sl\\\/pravilnik-o-odpovedi\\\/\"]}]},{\"@type\":\"ImageObject\",\"inLanguage\":\"sl-SI\",\"@id\":\"https:\\\/\\\/www.versiegelung24.com\\\/sl\\\/pravilnik-o-odpovedi\\\/#primaryimage\",\"url\":\"https:\\\/\\\/www.versiegelung24.com\\\/wp-content\\\/uploads\\\/2022\\\/02\\\/Widerruf.png\",\"contentUrl\":\"https:\\\/\\\/www.versiegelung24.com\\\/wp-content\\\/uploads\\\/2022\\\/02\\\/Widerruf.png\",\"width\":2000,\"height\":2000},{\"@type\":\"BreadcrumbList\",\"@id\":\"https:\\\/\\\/www.versiegelung24.com\\\/sl\\\/pravilnik-o-odpovedi\\\/#breadcrumb\",\"itemListElement\":[{\"@type\":\"ListItem\",\"position\":1,\"name\":\"Doma\u010da stran\",\"item\":\"https:\\\/\\\/www.versiegelung24.com\\\/sl\\\/spredaj\\\/\"},{\"@type\":\"ListItem\",\"position\":2,\"name\":\"Politika odpovedi in obrazec za odpoved\"}]},{\"@type\":\"WebSite\",\"@id\":\"https:\\\/\\\/www.versiegelung24.com\\\/sl\\\/#website\",\"url\":\"https:\\\/\\\/www.versiegelung24.com\\\/sl\\\/\",\"name\":\"versiegelung24.com\",\"description\":\"Fl\u00fcssigglas-Versiegelung - Made in Germany\",\"publisher\":{\"@id\":\"https:\\\/\\\/www.versiegelung24.com\\\/sl\\\/#organization\"},\"potentialAction\":[{\"@type\":\"SearchAction\",\"target\":{\"@type\":\"EntryPoint\",\"urlTemplate\":\"https:\\\/\\\/www.versiegelung24.com\\\/sl\\\/?s={search_term_string}\"},\"query-input\":{\"@type\":\"PropertyValueSpecification\",\"valueRequired\":true,\"valueName\":\"search_term_string\"}}],\"inLanguage\":\"sl-SI\"},{\"@type\":\"Organization\",\"@id\":\"https:\\\/\\\/www.versiegelung24.com\\\/sl\\\/#organization\",\"name\":\"versiegelung24\",\"url\":\"https:\\\/\\\/www.versiegelung24.com\\\/sl\\\/\",\"logo\":{\"@type\":\"ImageObject\",\"inLanguage\":\"sl-SI\",\"@id\":\"https:\\\/\\\/www.versiegelung24.com\\\/sl\\\/#\\\/schema\\\/logo\\\/image\\\/\",\"url\":\"https:\\\/\\\/www.versiegelung24.com\\\/wp-content\\\/uploads\\\/2020\\\/04\\\/versiegelung24.png\",\"contentUrl\":\"https:\\\/\\\/www.versiegelung24.com\\\/wp-content\\\/uploads\\\/2020\\\/04\\\/versiegelung24.png\",\"width\":470,\"height\":102,\"caption\":\"versiegelung24\"},\"image\":{\"@id\":\"https:\\\/\\\/www.versiegelung24.com\\\/sl\\\/#\\\/schema\\\/logo\\\/image\\\/\"}}]}<\/script>\n<!-- \/ Yoast SEO Premium plugin. -->","yoast_head_json":{"title":"Politika odpovedi in obrazec za odpoved - versiegelung24.com","robots":{"index":"index","follow":"follow","max-snippet":"max-snippet:-1","max-image-preview":"max-image-preview:large","max-video-preview":"max-video-preview:-1"},"canonical":"https:\/\/www.versiegelung24.com\/sl\/pravilnik-o-odpovedi\/","og_locale":"sl_SI","og_type":"article","og_title":"Politika odpovedi in obrazec za odpoved","og_description":"Potro\u0161niki so upravi\u010deni do pravice do odstopa v skladu z naslednjimi dolo\u010dbami, pri \u010demer je potro\u0161nik vsaka fizi\u010dna oseba, ki sklene pravni posel za namene, ki ve\u010dinoma niso niti komercialni niti samozaposleni: A. Politika odpovedi Pravica do odstopa Imate pravico odstopiti od te pogodbe v 14 dneh brez navedbe razloga. Odpovedni rok je 14 dni&hellip;&nbsp;Read More &raquo;Politika odpovedi in obrazec za odpoved","og_url":"https:\/\/www.versiegelung24.com\/sl\/pravilnik-o-odpovedi\/","og_site_name":"versiegelung24.com","article_modified_time":"2024-06-25T18:51:02+00:00","og_image":[{"width":2000,"height":2000,"url":"https:\/\/www.versiegelung24.com\/wp-content\/uploads\/2022\/02\/Widerruf.png","type":"image\/png"}],"twitter_card":"summary_large_image","twitter_misc":{"Est. reading time":"2 minuti"},"schema":{"@context":"https:\/\/schema.org","@graph":[{"@type":"WebPage","@id":"https:\/\/www.versiegelung24.com\/sl\/pravilnik-o-odpovedi\/","url":"https:\/\/www.versiegelung24.com\/sl\/pravilnik-o-odpovedi\/","name":"Politika odpovedi in obrazec za odpoved - versiegelung24.com","isPartOf":{"@id":"https:\/\/www.versiegelung24.com\/sl\/#website"},"primaryImageOfPage":{"@id":"https:\/\/www.versiegelung24.com\/sl\/pravilnik-o-odpovedi\/#primaryimage"},"image":{"@id":"https:\/\/www.versiegelung24.com\/sl\/pravilnik-o-odpovedi\/#primaryimage"},"thumbnailUrl":"https:\/\/www.versiegelung24.com\/wp-content\/uploads\/2022\/02\/Widerruf.png","datePublished":"2021-08-03T10:04:51+00:00","dateModified":"2024-06-25T18:51:02+00:00","breadcrumb":{"@id":"https:\/\/www.versiegelung24.com\/sl\/pravilnik-o-odpovedi\/#breadcrumb"},"inLanguage":"sl-SI","potentialAction":[{"@type":"ReadAction","target":["https:\/\/www.versiegelung24.com\/sl\/pravilnik-o-odpovedi\/"]}]},{"@type":"ImageObject","inLanguage":"sl-SI","@id":"https:\/\/www.versiegelung24.com\/sl\/pravilnik-o-odpovedi\/#primaryimage","url":"https:\/\/www.versiegelung24.com\/wp-content\/uploads\/2022\/02\/Widerruf.png","contentUrl":"https:\/\/www.versiegelung24.com\/wp-content\/uploads\/2022\/02\/Widerruf.png","width":2000,"height":2000},{"@type":"BreadcrumbList","@id":"https:\/\/www.versiegelung24.com\/sl\/pravilnik-o-odpovedi\/#breadcrumb","itemListElement":[{"@type":"ListItem","position":1,"name":"Doma\u010da stran","item":"https:\/\/www.versiegelung24.com\/sl\/spredaj\/"},{"@type":"ListItem","position":2,"name":"Politika odpovedi in obrazec za odpoved"}]},{"@type":"WebSite","@id":"https:\/\/www.versiegelung24.com\/sl\/#website","url":"https:\/\/www.versiegelung24.com\/sl\/","name":"versiegelung24.com","description":"Fl\u00fcssigglas-Versiegelung - Made in Germany","publisher":{"@id":"https:\/\/www.versiegelung24.com\/sl\/#organization"},"potentialAction":[{"@type":"SearchAction","target":{"@type":"EntryPoint","urlTemplate":"https:\/\/www.versiegelung24.com\/sl\/?s={search_term_string}"},"query-input":{"@type":"PropertyValueSpecification","valueRequired":true,"valueName":"search_term_string"}}],"inLanguage":"sl-SI"},{"@type":"Organization","@id":"https:\/\/www.versiegelung24.com\/sl\/#organization","name":"versiegelung24","url":"https:\/\/www.versiegelung24.com\/sl\/","logo":{"@type":"ImageObject","inLanguage":"sl-SI","@id":"https:\/\/www.versiegelung24.com\/sl\/#\/schema\/logo\/image\/","url":"https:\/\/www.versiegelung24.com\/wp-content\/uploads\/2020\/04\/versiegelung24.png","contentUrl":"https:\/\/www.versiegelung24.com\/wp-content\/uploads\/2020\/04\/versiegelung24.png","width":470,"height":102,"caption":"versiegelung24"},"image":{"@id":"https:\/\/www.versiegelung24.com\/sl\/#\/schema\/logo\/image\/"}}]}},"_links":{"self":[{"href":"https:\/\/www.versiegelung24.com\/sl\/wp-json\/wp\/v2\/pages\/25944","targetHints":{"allow":["GET"]}}],"collection":[{"href":"https:\/\/www.versiegelung24.com\/sl\/wp-json\/wp\/v2\/pages"}],"about":[{"href":"https:\/\/www.versiegelung24.com\/sl\/wp-json\/wp\/v2\/types\/page"}],"author":[{"embeddable":true,"href":"https:\/\/www.versiegelung24.com\/sl\/wp-json\/wp\/v2\/users\/932"}],"replies":[{"embeddable":true,"href":"https:\/\/www.versiegelung24.com\/sl\/wp-json\/wp\/v2\/comments?post=25944"}],"version-history":[{"count":3,"href":"https:\/\/www.versiegelung24.com\/sl\/wp-json\/wp\/v2\/pages\/25944\/revisions"}],"predecessor-version":[{"id":167637,"href":"https:\/\/www.versiegelung24.com\/sl\/wp-json\/wp\/v2\/pages\/25944\/revisions\/167637"}],"wp:featuredmedia":[{"embeddable":true,"href":"https:\/\/www.versiegelung24.com\/sl\/wp-json\/wp\/v2\/media\/71035"}],"wp:attachment":[{"href":"https:\/\/www.versiegelung24.com\/sl\/wp-json\/wp\/v2\/media?parent=25944"}],"wp:term":[{"taxonomy":"category","embeddable":true,"href":"https:\/\/www.versiegelung24.com\/sl\/wp-json\/wp\/v2\/categories?post=25944"},{"taxonomy":"seiten_kategorie","embeddable":true,"href":"https:\/\/www.versiegelung24.com\/sl\/wp-json\/wp\/v2\/seiten_kategorie?post=25944"}],"curies":[{"name":"wp","href":"https:\/\/api.w.org\/{rel}","templated":true}]}}