{"id":41108,"date":"2021-12-14T14:16:08","date_gmt":"2021-12-14T13:16:08","guid":{"rendered":"https:\/\/www.versiegelung24.com\/nasveti-o-izdelkih-versiegelung24\/know-how\/pametni-telefon"},"modified":"2024-09-01T22:42:46","modified_gmt":"2024-09-01T20:42:46","slug":"tesnjenje-pametnih-telefonov-s-tekocim-steklom","status":"publish","type":"page","link":"https:\/\/www.versiegelung24.com\/sl\/know-how\/pametni-telefon\/","title":{"rendered":"Teko\u010da tesnilna masa za steklo pametnih telefonov in tabli\u010dnih ra\u010dunalnikov &#8211; za\u0161\u010dita zaslonov in dalj\u0161a \u017eivljenjska doba"},"content":{"rendered":"\n<h1 class=\"wp-block-heading\" id=\"h-smartphone-flussigglas-versiegelung\">Tesnjenje iz teko\u010dega stekla za pametne telefone<\/h1>\n\n<p>Danes ima skoraj vsakdo lastnik pametnega telefona. Na \u017ealost so ti mali \u010dude\u017eni stroji zelo ob\u010dutljivi. Pri vsakodnevni uporabi se pojavijo sledi uporabe, kot so praske ali prstni odtisi, ki trdovratno ostanejo na zaslonu. Naslednji videoposnetek obravnava to te\u017eavo in prikazuje, kako lahko prepre\u010dite te znake uporabe. <\/p>\n\n<figure class=\"wp-block-embed aligncenter is-type-video is-provider-youtube wp-block-embed-youtube wp-embed-aspect-16-9 wp-has-aspect-ratio\"><div class=\"wp-block-embed__wrapper\"> \n<div class=\"nv-iframe-embed\"><iframe title=\"901 LiquiGlas Mobile Phone Coating   Preparation + application process\" width=\"1200\" height=\"675\" src=\"https:\/\/www.youtube.com\/embed\/8JLSZ1KA-yU?feature=oembed\" frameborder=\"0\" allow=\"accelerometer; autoplay; clipboard-write; encrypted-media; gyroscope; picture-in-picture\" allowfullscreen><\/iframe><\/div>\n <\/div><\/figure>\n\n<br\/>\n<br\/>\n\n<div class=\"wp-block-columns is-layout-flex wp-container-core-columns-is-layout-9d6595d7 wp-block-columns-is-layout-flex\">\n<div class=\"wp-block-column is-layout-flow wp-block-column-is-layout-flow\" style=\"flex-basis:33.33%\">\n<h2 class=\"wp-block-heading\" id=\"h-anleitung-smartphone-display-einfach-versiegeln\">Navodila &#8211; Preprosto zape\u010datite zaslon pametnega telefona<\/h2>\n\n\n\n<ul class=\"wp-block-list\">\n<li>\u017de na za\u010detku videa lahko vidite, da je vse, kar potrebujete za zape\u010datenje va\u0161ega <a href=\"https:\/\/www.versiegelung24.com\/sl\/zascita-tekocega-stekla-mobilnega-telefona-tekocina-zaslon.html\" target=\"_blank\" rel=\"noreferrer noopener\">mobilnega telefona<\/a> , sestavljeno v prakti\u010den komplet. To vklju\u010duje:<\/li>\n\n\n\n<li><strong>Rokavica<\/strong> za prepre\u010devanje prstnih odtisov<\/li>\n\n\n\n<li><strong><a href=\"https:\/\/www.versiegelung24.com\/reinigung\/bioethanol\/\">V etanol namo\u010dena<\/a> \u010distilna krpa<\/strong><\/li>\n\n\n\n<li><strong>Krpo za poliranje<\/strong><\/li>\n\n\n\n<li>A <strong><a href=\"https:\/\/www.versiegelung24.com\/sl\/krpa-iz-mikrovlaken-10x10cm-za-profesionalno-uporabo-v-tekocem-steklu.html\" target=\"_blank\" rel=\"noreferrer noopener\">teko\u010da steklena tkanina<\/a><\/strong> za tesnjenje<\/li>\n<\/ul>\n\n\n\n<p><\/p>\n\n\n\n<p>Med uporabo pametni telefon dr\u017eite samo za roko, na kateri je rokavica, da se izognete novim prstnim odtisom &#8211; ti so debelej\u0161i od premaza iz teko\u010dega stekla in bi prepre\u010dili pravilno tesnjenje.<\/p>\n<\/div>\n\n\n\n<div class=\"wp-block-column is-layout-flow wp-block-column-is-layout-flow\" style=\"flex-basis:66.66%\">\n<figure class=\"wp-block-image size-large\"><img fetchpriority=\"high\" decoding=\"async\" width=\"1300\" height=\"867\" src=\"https:\/\/www.versiegelung24.com\/wp-content\/uploads\/2021\/12\/smart_liq-1300x867.jpg\" alt=\"\" class=\"wp-image-40898\" srcset=\"https:\/\/www.versiegelung24.com\/wp-content\/uploads\/2021\/12\/smart_liq-1300x867.jpg 1300w, https:\/\/www.versiegelung24.com\/wp-content\/uploads\/2021\/12\/smart_liq-scaled-600x400.jpg 600w, https:\/\/www.versiegelung24.com\/wp-content\/uploads\/2021\/12\/smart_liq-300x200.jpg 300w, https:\/\/www.versiegelung24.com\/wp-content\/uploads\/2021\/12\/smart_liq-768x512.jpg 768w, https:\/\/www.versiegelung24.com\/wp-content\/uploads\/2021\/12\/smart_liq-1536x1024.jpg 1536w, https:\/\/www.versiegelung24.com\/wp-content\/uploads\/2021\/12\/smart_liq-2048x1366.jpg 2048w, https:\/\/www.versiegelung24.com\/wp-content\/uploads\/2021\/12\/smart_liq-930x620.jpg 930w\" sizes=\"(max-width: 1300px) 100vw, 1300px\" \/><\/figure>\n<\/div>\n<\/div>\n\n<p>Po predhodnem \u010di\u0161\u010denju se zaslon posu\u0161i in na ta na\u010din se odstranijo ostanki odtisov ali ma\u0161\u010dobe. <strong>Tukaj je treba uporabiti samo eno stran krpe iz mikrovlaken<\/strong> &#8211; <strong>drugo stran boste kasneje potrebovali<\/strong> za poliranje tesnila. V naslednjem koraku se krpo, namo\u010deno v teko\u010de steklo, razpakira in \u2013 tako kot pri predhodnem \u010di\u0161\u010denju \u2013 z njo podrgne celoten pametni telefon. Povsod ga lahko zapremo s teko\u010dim steklom. Hrbtna stran mobilnih telefonov je danes pogosto steklena.<\/p>\n\n<p>Vsaj po Povr\u0161ina pametnega telefona se polira 30 minut &#8211; tesnjenje je opravljeno. V videu si lahko ogledate nasvet, da je koristno pustiti, da se teko\u010de steklo strdi \u010dez no\u010d &#8211; upo\u0161tevajte to priporo\u010dilo, ker je za\u0161\u010ditna plast potem bolj odporna. Za ohranjanje za\u0161\u010dite je priporo\u010dljivo tesnilno maso redno nana\u0161ati.<\/p>\n\n","protected":false},"excerpt":{"rendered":"<p>Najve\u010dja za\u0161\u010dita pametnega telefona z inovativnim tesnjenjem iz teko\u010dega stekla.<\/p>\n","protected":false},"author":932,"featured_media":41503,"parent":34646,"menu_order":0,"comment_status":"closed","ping_status":"closed","template":"","meta":{"_acf_changed":false,"neve_meta_sidebar":"full-width","neve_meta_container":"","neve_meta_enable_content_width":"on","neve_meta_content_width":100,"neve_meta_title_alignment":"","neve_meta_author_avatar":"","neve_post_elements_order":"","neve_meta_disable_header":"","neve_meta_disable_footer":"","neve_meta_disable_title":"","neve_meta_reading_time":"","footnotes":""},"categories":[3507,3634],"seiten_kategorie":[3851],"class_list":["post-41108","page","type-page","status-publish","has-post-thumbnail","hentry","category-svetovanje-clanek-revija","category-zivljenjski-slog"],"acf":[],"yoast_head":"<!-- This site is optimized with the Yoast SEO Premium plugin v22.8 (Yoast SEO v27.5) - https:\/\/yoast.com\/product\/yoast-seo-premium-wordpress\/ -->\n<title>Za\u0161\u010ditite svoj pametni telefon in tabli\u010dni ra\u010dunalnik s teko\u010do tesnilno maso za steklo!<\/title>\n<meta name=\"description\" content=\"Za\u0161\u010ditite svoj pametni telefon in tabli\u010dni ra\u010dunalnik z na\u0161o tesnilno maso! Teko\u010da tesnilna masa za steklo za optimalno za\u0161\u010dito zaslona pametnega telefona!\" \/>\n<meta name=\"robots\" content=\"index, follow, max-snippet:-1, max-image-preview:large, max-video-preview:-1\" \/>\n<link rel=\"canonical\" href=\"https:\/\/www.versiegelung24.com\/sl\/know-how\/pametni-telefon\/\" \/>\n<meta property=\"og:locale\" content=\"sl_SI\" \/>\n<meta property=\"og:type\" content=\"article\" \/>\n<meta property=\"og:title\" content=\"Teko\u010da tesnilna masa za steklo pametnih telefonov in tabli\u010dnih ra\u010dunalnikov - za\u0161\u010dita zaslonov in dalj\u0161a \u017eivljenjska doba\" \/>\n<meta property=\"og:description\" content=\"Za\u0161\u010ditite svoj pametni telefon in tabli\u010dni ra\u010dunalnik z na\u0161o tesnilno maso! Teko\u010da tesnilna masa za steklo za optimalno za\u0161\u010dito zaslona pametnega telefona!\" \/>\n<meta property=\"og:url\" content=\"https:\/\/www.versiegelung24.com\/sl\/know-how\/pametni-telefon\/\" \/>\n<meta property=\"og:site_name\" content=\"versiegelung24.com\" \/>\n<meta property=\"article:modified_time\" content=\"2024-09-01T20:42:46+00:00\" \/>\n<meta property=\"og:image\" content=\"https:\/\/www.versiegelung24.com\/wp-content\/uploads\/2021\/12\/smart_liq-1-scaled.jpg\" \/>\n\t<meta property=\"og:image:width\" content=\"2560\" \/>\n\t<meta property=\"og:image:height\" content=\"2560\" \/>\n\t<meta property=\"og:image:type\" content=\"image\/jpeg\" \/>\n<meta name=\"twitter:card\" content=\"summary_large_image\" \/>\n<meta name=\"twitter:label1\" content=\"Est. reading time\" \/>\n\t<meta name=\"twitter:data1\" content=\"2 minuti\" \/>\n<script type=\"application\/ld+json\" class=\"yoast-schema-graph\">{\"@context\":\"https:\\\/\\\/schema.org\",\"@graph\":[{\"@type\":\"WebPage\",\"@id\":\"https:\\\/\\\/www.versiegelung24.com\\\/sl\\\/know-how\\\/pametni-telefon\\\/\",\"url\":\"https:\\\/\\\/www.versiegelung24.com\\\/sl\\\/know-how\\\/pametni-telefon\\\/\",\"name\":\"Za\u0161\u010ditite svoj pametni telefon in tabli\u010dni ra\u010dunalnik s teko\u010do tesnilno maso za steklo!\",\"isPartOf\":{\"@id\":\"https:\\\/\\\/www.versiegelung24.com\\\/sl\\\/#website\"},\"primaryImageOfPage\":{\"@id\":\"https:\\\/\\\/www.versiegelung24.com\\\/sl\\\/know-how\\\/pametni-telefon\\\/#primaryimage\"},\"image\":{\"@id\":\"https:\\\/\\\/www.versiegelung24.com\\\/sl\\\/know-how\\\/pametni-telefon\\\/#primaryimage\"},\"thumbnailUrl\":\"https:\\\/\\\/www.versiegelung24.com\\\/wp-content\\\/uploads\\\/2021\\\/12\\\/smart_liq-1-scaled.jpg\",\"datePublished\":\"2021-12-14T13:16:08+00:00\",\"dateModified\":\"2024-09-01T20:42:46+00:00\",\"description\":\"Za\u0161\u010ditite svoj pametni telefon in tabli\u010dni ra\u010dunalnik z na\u0161o tesnilno maso! Teko\u010da tesnilna masa za steklo za optimalno za\u0161\u010dito zaslona pametnega telefona!\",\"breadcrumb\":{\"@id\":\"https:\\\/\\\/www.versiegelung24.com\\\/sl\\\/know-how\\\/pametni-telefon\\\/#breadcrumb\"},\"inLanguage\":\"sl-SI\",\"potentialAction\":[{\"@type\":\"ReadAction\",\"target\":[\"https:\\\/\\\/www.versiegelung24.com\\\/sl\\\/know-how\\\/pametni-telefon\\\/\"]}]},{\"@type\":\"ImageObject\",\"inLanguage\":\"sl-SI\",\"@id\":\"https:\\\/\\\/www.versiegelung24.com\\\/sl\\\/know-how\\\/pametni-telefon\\\/#primaryimage\",\"url\":\"https:\\\/\\\/www.versiegelung24.com\\\/wp-content\\\/uploads\\\/2021\\\/12\\\/smart_liq-1-scaled.jpg\",\"contentUrl\":\"https:\\\/\\\/www.versiegelung24.com\\\/wp-content\\\/uploads\\\/2021\\\/12\\\/smart_liq-1-scaled.jpg\",\"width\":2560,\"height\":2560},{\"@type\":\"BreadcrumbList\",\"@id\":\"https:\\\/\\\/www.versiegelung24.com\\\/sl\\\/know-how\\\/pametni-telefon\\\/#breadcrumb\",\"itemListElement\":[{\"@type\":\"ListItem\",\"position\":1,\"name\":\"Doma\u010da stran\",\"item\":\"https:\\\/\\\/www.versiegelung24.com\\\/sl\\\/spredaj\\\/\"},{\"@type\":\"ListItem\",\"position\":2,\"name\":\"Svetovalec\",\"item\":\"https:\\\/\\\/www.versiegelung24.com\\\/sl\\\/ratgeber\\\/\"},{\"@type\":\"ListItem\",\"position\":3,\"name\":\"revija\",\"item\":\"https:\\\/\\\/www.versiegelung24.com\\\/sl\\\/ratgeber\\\/magazin\\\/\"},{\"@type\":\"ListItem\",\"position\":4,\"name\":\"Teko\u010da tesnilna masa za steklo pametnih telefonov in tabli\u010dnih ra\u010dunalnikov &#8211; za\u0161\u010dita zaslonov in dalj\u0161a \u017eivljenjska doba\"}]},{\"@type\":\"WebSite\",\"@id\":\"https:\\\/\\\/www.versiegelung24.com\\\/sl\\\/#website\",\"url\":\"https:\\\/\\\/www.versiegelung24.com\\\/sl\\\/\",\"name\":\"versiegelung24.com\",\"description\":\"Fl\u00fcssigglas-Versiegelung - Made in Germany\",\"publisher\":{\"@id\":\"https:\\\/\\\/www.versiegelung24.com\\\/sl\\\/#organization\"},\"potentialAction\":[{\"@type\":\"SearchAction\",\"target\":{\"@type\":\"EntryPoint\",\"urlTemplate\":\"https:\\\/\\\/www.versiegelung24.com\\\/sl\\\/?s={search_term_string}\"},\"query-input\":{\"@type\":\"PropertyValueSpecification\",\"valueRequired\":true,\"valueName\":\"search_term_string\"}}],\"inLanguage\":\"sl-SI\"},{\"@type\":\"Organization\",\"@id\":\"https:\\\/\\\/www.versiegelung24.com\\\/sl\\\/#organization\",\"name\":\"versiegelung24\",\"url\":\"https:\\\/\\\/www.versiegelung24.com\\\/sl\\\/\",\"logo\":{\"@type\":\"ImageObject\",\"inLanguage\":\"sl-SI\",\"@id\":\"https:\\\/\\\/www.versiegelung24.com\\\/sl\\\/#\\\/schema\\\/logo\\\/image\\\/\",\"url\":\"https:\\\/\\\/www.versiegelung24.com\\\/wp-content\\\/uploads\\\/2020\\\/04\\\/versiegelung24.png\",\"contentUrl\":\"https:\\\/\\\/www.versiegelung24.com\\\/wp-content\\\/uploads\\\/2020\\\/04\\\/versiegelung24.png\",\"width\":470,\"height\":102,\"caption\":\"versiegelung24\"},\"image\":{\"@id\":\"https:\\\/\\\/www.versiegelung24.com\\\/sl\\\/#\\\/schema\\\/logo\\\/image\\\/\"}}]}<\/script>\n<!-- \/ Yoast SEO Premium plugin. -->","yoast_head_json":{"title":"Za\u0161\u010ditite svoj pametni telefon in tabli\u010dni ra\u010dunalnik s teko\u010do tesnilno maso za steklo!","description":"Za\u0161\u010ditite svoj pametni telefon in tabli\u010dni ra\u010dunalnik z na\u0161o tesnilno maso! Teko\u010da tesnilna masa za steklo za optimalno za\u0161\u010dito zaslona pametnega telefona!","robots":{"index":"index","follow":"follow","max-snippet":"max-snippet:-1","max-image-preview":"max-image-preview:large","max-video-preview":"max-video-preview:-1"},"canonical":"https:\/\/www.versiegelung24.com\/sl\/know-how\/pametni-telefon\/","og_locale":"sl_SI","og_type":"article","og_title":"Teko\u010da tesnilna masa za steklo pametnih telefonov in tabli\u010dnih ra\u010dunalnikov - za\u0161\u010dita zaslonov in dalj\u0161a \u017eivljenjska doba","og_description":"Za\u0161\u010ditite svoj pametni telefon in tabli\u010dni ra\u010dunalnik z na\u0161o tesnilno maso! Teko\u010da tesnilna masa za steklo za optimalno za\u0161\u010dito zaslona pametnega telefona!","og_url":"https:\/\/www.versiegelung24.com\/sl\/know-how\/pametni-telefon\/","og_site_name":"versiegelung24.com","article_modified_time":"2024-09-01T20:42:46+00:00","og_image":[{"width":2560,"height":2560,"url":"https:\/\/www.versiegelung24.com\/wp-content\/uploads\/2021\/12\/smart_liq-1-scaled.jpg","type":"image\/jpeg"}],"twitter_card":"summary_large_image","twitter_misc":{"Est. reading time":"2 minuti"},"schema":{"@context":"https:\/\/schema.org","@graph":[{"@type":"WebPage","@id":"https:\/\/www.versiegelung24.com\/sl\/know-how\/pametni-telefon\/","url":"https:\/\/www.versiegelung24.com\/sl\/know-how\/pametni-telefon\/","name":"Za\u0161\u010ditite svoj pametni telefon in tabli\u010dni ra\u010dunalnik s teko\u010do tesnilno maso za steklo!","isPartOf":{"@id":"https:\/\/www.versiegelung24.com\/sl\/#website"},"primaryImageOfPage":{"@id":"https:\/\/www.versiegelung24.com\/sl\/know-how\/pametni-telefon\/#primaryimage"},"image":{"@id":"https:\/\/www.versiegelung24.com\/sl\/know-how\/pametni-telefon\/#primaryimage"},"thumbnailUrl":"https:\/\/www.versiegelung24.com\/wp-content\/uploads\/2021\/12\/smart_liq-1-scaled.jpg","datePublished":"2021-12-14T13:16:08+00:00","dateModified":"2024-09-01T20:42:46+00:00","description":"Za\u0161\u010ditite svoj pametni telefon in tabli\u010dni ra\u010dunalnik z na\u0161o tesnilno maso! Teko\u010da tesnilna masa za steklo za optimalno za\u0161\u010dito zaslona pametnega telefona!","breadcrumb":{"@id":"https:\/\/www.versiegelung24.com\/sl\/know-how\/pametni-telefon\/#breadcrumb"},"inLanguage":"sl-SI","potentialAction":[{"@type":"ReadAction","target":["https:\/\/www.versiegelung24.com\/sl\/know-how\/pametni-telefon\/"]}]},{"@type":"ImageObject","inLanguage":"sl-SI","@id":"https:\/\/www.versiegelung24.com\/sl\/know-how\/pametni-telefon\/#primaryimage","url":"https:\/\/www.versiegelung24.com\/wp-content\/uploads\/2021\/12\/smart_liq-1-scaled.jpg","contentUrl":"https:\/\/www.versiegelung24.com\/wp-content\/uploads\/2021\/12\/smart_liq-1-scaled.jpg","width":2560,"height":2560},{"@type":"BreadcrumbList","@id":"https:\/\/www.versiegelung24.com\/sl\/know-how\/pametni-telefon\/#breadcrumb","itemListElement":[{"@type":"ListItem","position":1,"name":"Doma\u010da stran","item":"https:\/\/www.versiegelung24.com\/sl\/spredaj\/"},{"@type":"ListItem","position":2,"name":"Svetovalec","item":"https:\/\/www.versiegelung24.com\/sl\/ratgeber\/"},{"@type":"ListItem","position":3,"name":"revija","item":"https:\/\/www.versiegelung24.com\/sl\/ratgeber\/magazin\/"},{"@type":"ListItem","position":4,"name":"Teko\u010da tesnilna masa za steklo pametnih telefonov in tabli\u010dnih ra\u010dunalnikov &#8211; za\u0161\u010dita zaslonov in dalj\u0161a \u017eivljenjska doba"}]},{"@type":"WebSite","@id":"https:\/\/www.versiegelung24.com\/sl\/#website","url":"https:\/\/www.versiegelung24.com\/sl\/","name":"versiegelung24.com","description":"Fl\u00fcssigglas-Versiegelung - Made in Germany","publisher":{"@id":"https:\/\/www.versiegelung24.com\/sl\/#organization"},"potentialAction":[{"@type":"SearchAction","target":{"@type":"EntryPoint","urlTemplate":"https:\/\/www.versiegelung24.com\/sl\/?s={search_term_string}"},"query-input":{"@type":"PropertyValueSpecification","valueRequired":true,"valueName":"search_term_string"}}],"inLanguage":"sl-SI"},{"@type":"Organization","@id":"https:\/\/www.versiegelung24.com\/sl\/#organization","name":"versiegelung24","url":"https:\/\/www.versiegelung24.com\/sl\/","logo":{"@type":"ImageObject","inLanguage":"sl-SI","@id":"https:\/\/www.versiegelung24.com\/sl\/#\/schema\/logo\/image\/","url":"https:\/\/www.versiegelung24.com\/wp-content\/uploads\/2020\/04\/versiegelung24.png","contentUrl":"https:\/\/www.versiegelung24.com\/wp-content\/uploads\/2020\/04\/versiegelung24.png","width":470,"height":102,"caption":"versiegelung24"},"image":{"@id":"https:\/\/www.versiegelung24.com\/sl\/#\/schema\/logo\/image\/"}}]}},"_links":{"self":[{"href":"https:\/\/www.versiegelung24.com\/sl\/wp-json\/wp\/v2\/pages\/41108","targetHints":{"allow":["GET"]}}],"collection":[{"href":"https:\/\/www.versiegelung24.com\/sl\/wp-json\/wp\/v2\/pages"}],"about":[{"href":"https:\/\/www.versiegelung24.com\/sl\/wp-json\/wp\/v2\/types\/page"}],"author":[{"embeddable":true,"href":"https:\/\/www.versiegelung24.com\/sl\/wp-json\/wp\/v2\/users\/932"}],"replies":[{"embeddable":true,"href":"https:\/\/www.versiegelung24.com\/sl\/wp-json\/wp\/v2\/comments?post=41108"}],"version-history":[{"count":15,"href":"https:\/\/www.versiegelung24.com\/sl\/wp-json\/wp\/v2\/pages\/41108\/revisions"}],"predecessor-version":[{"id":173404,"href":"https:\/\/www.versiegelung24.com\/sl\/wp-json\/wp\/v2\/pages\/41108\/revisions\/173404"}],"up":[{"embeddable":true,"href":"https:\/\/www.versiegelung24.com\/sl\/wp-json\/wp\/v2\/pages\/34646"}],"wp:featuredmedia":[{"embeddable":true,"href":"https:\/\/www.versiegelung24.com\/sl\/wp-json\/wp\/v2\/media\/41503"}],"wp:attachment":[{"href":"https:\/\/www.versiegelung24.com\/sl\/wp-json\/wp\/v2\/media?parent=41108"}],"wp:term":[{"taxonomy":"category","embeddable":true,"href":"https:\/\/www.versiegelung24.com\/sl\/wp-json\/wp\/v2\/categories?post=41108"},{"taxonomy":"seiten_kategorie","embeddable":true,"href":"https:\/\/www.versiegelung24.com\/sl\/wp-json\/wp\/v2\/seiten_kategorie?post=41108"}],"curies":[{"name":"wp","href":"https:\/\/api.w.org\/{rel}","templated":true}]}}