{"id":41161,"date":"2021-12-14T14:16:33","date_gmt":"2021-12-14T13:16:33","guid":{"rendered":"https:\/\/www.versiegelung24.com\/nasveti-o-izdelkih-versiegelung24\/know-how\/zascita-grafitov"},"modified":"2024-09-01T18:16:30","modified_gmt":"2024-09-01T16:16:30","slug":"zascita-pred-grafiti-s-tekocim-steklom","status":"publish","type":"page","link":"https:\/\/www.versiegelung24.com\/sl\/nasveti-o-izdelkih-versiegelung24\/know-how\/zascita-pred-grafiti-s-tekocim-steklom\/","title":{"rendered":"Za\u0161\u010dita fasade pred grafiti"},"content":{"rendered":"\n<h1 class=\"wp-block-heading\" id=\"h-graffiti-schutz-mit-flussigglas\">Za\u0161\u010dita grafitov s teko\u010dim steklom<\/h1>\n\n<p>Ta video bi moral biti \u0161e posebej zanimiv za mesta in ob\u010dine ali za po\u0161kodovane lastnike nepremi\u010dnin, ki so \u017ee imeli izku\u0161nje z onesna\u017eenjem z brizgalniki za grafite. Barve &#8220;umetnikov&#8221; so obstojne in pri \u0161kropljenju prodrejo v beton ali kamen. Posledi\u010dno je odstranjevanje grafitov zelo drago in dolgotrajno, kar je obi\u010dajno treba storiti profesionalno.<\/p>\n\n<figure class=\"wp-block-embed aligncenter is-type-video is-provider-youtube wp-block-embed-youtube wp-embed-aspect-16-9 wp-has-aspect-ratio\"><div class=\"wp-block-embed__wrapper\"> \n<div class=\"nv-iframe-embed\"><iframe title=\"Graffiti Protection Pro 626 - How does it work?\" width=\"1200\" height=\"675\" src=\"https:\/\/www.youtube.com\/embed\/dP9jGmUvoek?feature=oembed\" frameborder=\"0\" allow=\"accelerometer; autoplay; clipboard-write; encrypted-media; gyroscope; picture-in-picture\" allowfullscreen><\/iframe><\/div>\n <\/div><\/figure>\n\n<div class=\"wp-block-columns is-layout-flex wp-container-core-columns-is-layout-9d6595d7 wp-block-columns-is-layout-flex\">\n<div class=\"wp-block-column is-layout-flow wp-block-column-is-layout-flow\" style=\"flex-basis:66.66%\">\n<p>Video prikazuje primerjavo z dvema betonskima opekama:<\/p>\n\n\n\n<p><a href=\"https:\/\/www.versiegelung24.com\/sl\/zascita-proti-grafiti-visoko-ucinkovito-fasadno-tesnjenje.html\">En kamen je popolnoma zaprt s teko\u010dim steklom<\/a> , drugi pa ne. Zdaj je v nasprotju z barvnim brizganjem z ustreznim peresom naslikan kri\u017e na ustreznem kamnu. Tudi tukaj lahko takoj vidite &#8211; v primeru neobdelanega kamna se \u010drna barva takoj potegne, kri\u017e je jasno viden. Ko je kamen zatesnjen, barva ne more prodreti skozi <a href=\"https:\/\/www.versiegelung24.com\/sl\/zascita-proti-grafiti-visoko-ucinkovito-fasadno-tesnjenje.html\" target=\"_blank\" rel=\"noreferrer noopener\">teko\u010de<\/a> steklo, kar pomeni, da ni oprijema. Kri\u017e je zato le rahlo viden in ga je mogo\u010de odstraniti le z vodo, ne da bi pri tem ostali ostanki. Zaman posku\u0161ate to narediti z neobdelano opeko v videu. V \u0161tevilnih primerih lahko \u010di\u0161\u010denje opravite samo z vodo, vendar je u\u010dinkovitost odvisna od vrste grafita.<\/p>\n\n\n\n<p>Za za\u0161\u010dito povr\u0161ine pred grafiti lahko uporabite teko\u010di premaz za steklo.\nOb pravilni uporabi in v ugodnih pogojih lahko za\u0161\u010ditni u\u010dinek traja do 20 let. <\/p>\n\n\n\n<p>V videoposnetku si oglejte, kako enostavno je zatesniti beton: Pred nanosom teko\u010dega premaza za steklo je treba povr\u0161ino temeljito o\u010distiti in posu\u0161iti, da se tesnilna masa optimalno oprime in enakomerno porazdeli.<\/p>\n<\/div>\n\n\n\n<div class=\"wp-block-column is-layout-flow wp-block-column-is-layout-flow\" style=\"flex-basis:33.33%\"><div class=\"wp-block-image\">\n<figure class=\"alignright size-full is-resized\"><img fetchpriority=\"high\" decoding=\"async\" width=\"1000\" height=\"1000\" src=\"https:\/\/www.versiegelung24.com\/wp-content\/uploads\/2021\/12\/graf-1.jpg\" alt=\"\" class=\"wp-image-40868\" style=\"width:313px;height:313px\" srcset=\"https:\/\/www.versiegelung24.com\/wp-content\/uploads\/2021\/12\/graf-1.jpg 1000w, https:\/\/www.versiegelung24.com\/wp-content\/uploads\/2021\/12\/graf-1-400x400.jpg 400w, https:\/\/www.versiegelung24.com\/wp-content\/uploads\/2021\/12\/graf-1-100x100.jpg 100w, https:\/\/www.versiegelung24.com\/wp-content\/uploads\/2021\/12\/graf-1-600x600.jpg 600w, https:\/\/www.versiegelung24.com\/wp-content\/uploads\/2021\/12\/graf-1-300x300.jpg 300w, https:\/\/www.versiegelung24.com\/wp-content\/uploads\/2021\/12\/graf-1-80x80.jpg 80w, https:\/\/www.versiegelung24.com\/wp-content\/uploads\/2021\/12\/graf-1-768x768.jpg 768w\" sizes=\"(max-width: 1000px) 100vw, 1000px\" \/><\/figure>\n<\/div><\/div>\n<\/div>\n<div class=\"woocommerce columns-4 \"><ul class=\"products columns-4\">\n<li class=\"product type-product post-23966 status-publish first instock product_cat-tesnjenje-kamna-in-betona has-post-thumbnail taxable shipping-taxable purchasable product-type-variable has-default-attributes\">\n\t<div class=\"nv-card-content-wrapper\"><a href=\"https:\/\/www.versiegelung24.com\/sl\/zascita-proti-grafiti-visoko-ucinkovito-fasadno-tesnjenje.html\" class=\"woocommerce-LoopProduct-link woocommerce-loop-product__link\"><div class=\"sp-product-image \"><div class=\"img-wrap\"><img decoding=\"async\" width=\"400\" height=\"400\" src=\"https:\/\/www.versiegelung24.com\/wp-content\/uploads\/2020\/04\/7626-anti-graffiti-400x400.webp\" class=\"attachment-woocommerce_thumbnail size-woocommerce_thumbnail\" alt=\"Premaz za za\u0161\u010dito pred grafiti - Premaz proti grafiti\" srcset=\"https:\/\/www.versiegelung24.com\/wp-content\/uploads\/2020\/04\/7626-anti-graffiti-400x400.webp 400w, https:\/\/www.versiegelung24.com\/wp-content\/uploads\/2020\/04\/7626-anti-graffiti-300x300.webp 300w, https:\/\/www.versiegelung24.com\/wp-content\/uploads\/2020\/04\/7626-anti-graffiti-1300x1300.webp 1300w, https:\/\/www.versiegelung24.com\/wp-content\/uploads\/2020\/04\/7626-anti-graffiti-80x80.webp 80w, https:\/\/www.versiegelung24.com\/wp-content\/uploads\/2020\/04\/7626-anti-graffiti-768x768.webp 768w, https:\/\/www.versiegelung24.com\/wp-content\/uploads\/2020\/04\/7626-anti-graffiti-1536x1536.webp 1536w, https:\/\/www.versiegelung24.com\/wp-content\/uploads\/2020\/04\/7626-anti-graffiti-2048x2048.webp 2048w, https:\/\/www.versiegelung24.com\/wp-content\/uploads\/2020\/04\/7626-anti-graffiti-70x70.webp 70w, https:\/\/www.versiegelung24.com\/wp-content\/uploads\/2020\/04\/7626-anti-graffiti-600x600.webp 600w, https:\/\/www.versiegelung24.com\/wp-content\/uploads\/2020\/04\/7626-anti-graffiti-100x100.webp 100w\" sizes=\"(max-width: 400px) 100vw, 400px\" \/><\/div><\/div><h2 class=\"woocommerce-loop-product__title\">Premaz za za\u0161\u010dito pred grafiti &#8211; Premaz proti grafiti<\/h2>\n\t<span class=\"price\"><span class=\"woocommerce-Price-amount amount\"><bdi>359,00<span class=\"woocommerce-Price-currencySymbol\">&euro;<\/span><\/bdi><\/span><\/span>\n\n\n\t<p class=\"price price-unit smaller wc-gzd-additional-info wc-gzd-additional-info-loop\">(<span class=\"woocommerce-Price-amount amount\">71,80<span class=\"woocommerce-Price-currencySymbol\">&euro;<\/span><\/span> \/ <span class=\"unit\">l<\/span>)<\/p>\n\n<\/a>\t\t<p class=\"artikelnummer wc-gzd-additional-info\">\n\t\t\t\u0160ifra: 9201-7626-5000\t\t<\/p>\n\t\t\n\t<p class=\"wc-gzd-additional-info wc-gzd-additional-info-loop product-units-wrapper product-units\">Vsebina: 5 <span class=\"unit\">l<\/span><\/p>\n\t\t<p class=\"lagerbestand wc-gzd-additional-info\">\n\t\t\t<strong>\n\t\t\t\tZaloga\t\t\t\t:\n\t\t\t<\/strong>\n\t\t\tNa zalogi\t\t<\/p>\n\t\t\n\t<p class=\"wc-gzd-additional-info delivery-time-info wc-gzd-additional-info-loop\"><span class=\"delivery-time-inner delivery-time-7-delovnih-dni\">\u010cas dostave:  <span class=\"delivery-time-data\">7 delovnih dni<\/span><\/span><\/p>\n\n\t<p class=\"wc-gzd-additional-info wc-gzd-additional-info-loop tax-info\">incl. VAT<\/p>\n\n\t<p class=\"wc-gzd-additional-info wc-gzd-additional-info-loop shipping-costs-info\">plus  <a href=\"https:\/\/www.versiegelung24.com\/sl\/nasveti-o-izdelkih-versiegelung24\/dostava\/\" target=\"_blank\">Dostava<\/a><\/p>\n<a href=\"https:\/\/www.versiegelung24.com\/sl\/zascita-proti-grafiti-visoko-ucinkovito-fasadno-tesnjenje.html\" aria-describedby=\"woocommerce_loop_add_to_cart_link_describedby_23966\" data-quantity=\"1\" class=\"button product_type_variable add_to_cart_button\" data-product_id=\"23966\" data-product_sku=\"9201-7626-5000\" aria-label=\"Izberite mo\u017enosti za &ldquo;Premaz za za\u0161\u010dito pred grafiti - Premaz proti grafiti&rdquo;\" rel=\"nofollow\">Izberite mo\u017enosti<\/a>\t<span id=\"woocommerce_loop_add_to_cart_link_describedby_23966\" class=\"screen-reader-text\">\n\t\tTa izdelek ima ve\u010d razli\u010dic. Mo\u017enosti lahko izberete na strani izdelka\t<\/span>\n<\/div><\/li>\n<\/ul>\n<\/div>\n\n","protected":false},"excerpt":{"rendered":"<p>Napovejte vojno grafitom &#8211; u\u010dinkovita za\u0161\u010dita va\u0161e fasade s teko\u010dim steklom.<\/p>\n","protected":false},"author":932,"featured_media":40890,"parent":34646,"menu_order":0,"comment_status":"closed","ping_status":"closed","template":"","meta":{"_acf_changed":false,"neve_meta_sidebar":"full-width","neve_meta_container":"","neve_meta_enable_content_width":"on","neve_meta_content_width":100,"neve_meta_title_alignment":"","neve_meta_author_avatar":"","neve_post_elements_order":"","neve_meta_disable_header":"","neve_meta_disable_footer":"","neve_meta_disable_title":"","neve_meta_reading_time":"","footnotes":""},"categories":[3601,3507],"seiten_kategorie":[3851],"class_list":["post-41161","page","type-page","status-publish","has-post-thumbnail","hentry","category-hisa-in-vrt","category-svetovanje-clanek-revija"],"acf":[],"yoast_head":"<!-- This site is optimized with the Yoast SEO Premium plugin v22.8 (Yoast SEO v27.5) - https:\/\/yoast.com\/product\/yoast-seo-premium-wordpress\/ -->\n<title>Liquid Gals tesnilna masa - Za\u0161\u010dita fasade pred grafiti - ime versiegelung24.com<\/title>\n<meta name=\"description\" content=\"Teko\u010di gals tesnilnik za za\u0161\u010dito pred grafiti. Izvedite pri nas, kako lahko za\u0161\u010ditite svoje stvari.\" \/>\n<meta name=\"robots\" content=\"index, follow, max-snippet:-1, max-image-preview:large, max-video-preview:-1\" \/>\n<link rel=\"canonical\" href=\"https:\/\/www.versiegelung24.com\/sl\/nasveti-o-izdelkih-versiegelung24\/know-how\/zascita-pred-grafiti-s-tekocim-steklom\/\" \/>\n<meta property=\"og:locale\" content=\"sl_SI\" \/>\n<meta property=\"og:type\" content=\"article\" \/>\n<meta property=\"og:title\" content=\"Za\u0161\u010dita fasade pred grafiti\" \/>\n<meta property=\"og:description\" content=\"Teko\u010di gals tesnilnik za za\u0161\u010dito pred grafiti. Izvedite pri nas, kako lahko za\u0161\u010ditite svoje stvari.\" \/>\n<meta property=\"og:url\" content=\"https:\/\/www.versiegelung24.com\/sl\/nasveti-o-izdelkih-versiegelung24\/know-how\/zascita-pred-grafiti-s-tekocim-steklom\/\" \/>\n<meta property=\"og:site_name\" content=\"versiegelung24.com\" \/>\n<meta property=\"article:modified_time\" content=\"2024-09-01T16:16:30+00:00\" \/>\n<meta property=\"og:image\" content=\"https:\/\/www.versiegelung24.com\/wp-content\/uploads\/2021\/12\/graf-1.jpg\" \/>\n\t<meta property=\"og:image:width\" content=\"1000\" \/>\n\t<meta property=\"og:image:height\" content=\"1000\" \/>\n\t<meta property=\"og:image:type\" content=\"image\/jpeg\" \/>\n<meta name=\"twitter:card\" content=\"summary_large_image\" \/>\n<meta name=\"twitter:label1\" content=\"Est. reading time\" \/>\n\t<meta name=\"twitter:data1\" content=\"1 minuta\" \/>\n<script type=\"application\/ld+json\" class=\"yoast-schema-graph\">{\"@context\":\"https:\\\/\\\/schema.org\",\"@graph\":[{\"@type\":\"WebPage\",\"@id\":\"https:\\\/\\\/www.versiegelung24.com\\\/sl\\\/nasveti-o-izdelkih-versiegelung24\\\/know-how\\\/zascita-pred-grafiti-s-tekocim-steklom\\\/\",\"url\":\"https:\\\/\\\/www.versiegelung24.com\\\/sl\\\/nasveti-o-izdelkih-versiegelung24\\\/know-how\\\/zascita-pred-grafiti-s-tekocim-steklom\\\/\",\"name\":\"Liquid Gals tesnilna masa - Za\u0161\u010dita fasade pred grafiti - ime versiegelung24.com\",\"isPartOf\":{\"@id\":\"https:\\\/\\\/www.versiegelung24.com\\\/sl\\\/#website\"},\"primaryImageOfPage\":{\"@id\":\"https:\\\/\\\/www.versiegelung24.com\\\/sl\\\/nasveti-o-izdelkih-versiegelung24\\\/know-how\\\/zascita-pred-grafiti-s-tekocim-steklom\\\/#primaryimage\"},\"image\":{\"@id\":\"https:\\\/\\\/www.versiegelung24.com\\\/sl\\\/nasveti-o-izdelkih-versiegelung24\\\/know-how\\\/zascita-pred-grafiti-s-tekocim-steklom\\\/#primaryimage\"},\"thumbnailUrl\":\"https:\\\/\\\/www.versiegelung24.com\\\/wp-content\\\/uploads\\\/2021\\\/12\\\/graf-1.jpg\",\"datePublished\":\"2021-12-14T13:16:33+00:00\",\"dateModified\":\"2024-09-01T16:16:30+00:00\",\"description\":\"Teko\u010di gals tesnilnik za za\u0161\u010dito pred grafiti. Izvedite pri nas, kako lahko za\u0161\u010ditite svoje stvari.\",\"breadcrumb\":{\"@id\":\"https:\\\/\\\/www.versiegelung24.com\\\/sl\\\/nasveti-o-izdelkih-versiegelung24\\\/know-how\\\/zascita-pred-grafiti-s-tekocim-steklom\\\/#breadcrumb\"},\"inLanguage\":\"sl-SI\",\"potentialAction\":[{\"@type\":\"ReadAction\",\"target\":[\"https:\\\/\\\/www.versiegelung24.com\\\/sl\\\/nasveti-o-izdelkih-versiegelung24\\\/know-how\\\/zascita-pred-grafiti-s-tekocim-steklom\\\/\"]}]},{\"@type\":\"ImageObject\",\"inLanguage\":\"sl-SI\",\"@id\":\"https:\\\/\\\/www.versiegelung24.com\\\/sl\\\/nasveti-o-izdelkih-versiegelung24\\\/know-how\\\/zascita-pred-grafiti-s-tekocim-steklom\\\/#primaryimage\",\"url\":\"https:\\\/\\\/www.versiegelung24.com\\\/wp-content\\\/uploads\\\/2021\\\/12\\\/graf-1.jpg\",\"contentUrl\":\"https:\\\/\\\/www.versiegelung24.com\\\/wp-content\\\/uploads\\\/2021\\\/12\\\/graf-1.jpg\",\"width\":1000,\"height\":1000},{\"@type\":\"BreadcrumbList\",\"@id\":\"https:\\\/\\\/www.versiegelung24.com\\\/sl\\\/nasveti-o-izdelkih-versiegelung24\\\/know-how\\\/zascita-pred-grafiti-s-tekocim-steklom\\\/#breadcrumb\",\"itemListElement\":[{\"@type\":\"ListItem\",\"position\":1,\"name\":\"Doma\u010da stran\",\"item\":\"https:\\\/\\\/www.versiegelung24.com\\\/sl\\\/spredaj\\\/\"},{\"@type\":\"ListItem\",\"position\":2,\"name\":\"Svetovalec\",\"item\":\"https:\\\/\\\/www.versiegelung24.com\\\/sl\\\/ratgeber\\\/\"},{\"@type\":\"ListItem\",\"position\":3,\"name\":\"revija\",\"item\":\"https:\\\/\\\/www.versiegelung24.com\\\/sl\\\/ratgeber\\\/magazin\\\/\"},{\"@type\":\"ListItem\",\"position\":4,\"name\":\"Za\u0161\u010dita fasade pred grafiti\"}]},{\"@type\":\"WebSite\",\"@id\":\"https:\\\/\\\/www.versiegelung24.com\\\/sl\\\/#website\",\"url\":\"https:\\\/\\\/www.versiegelung24.com\\\/sl\\\/\",\"name\":\"versiegelung24.com\",\"description\":\"Fl\u00fcssigglas-Versiegelung - Made in Germany\",\"publisher\":{\"@id\":\"https:\\\/\\\/www.versiegelung24.com\\\/sl\\\/#organization\"},\"potentialAction\":[{\"@type\":\"SearchAction\",\"target\":{\"@type\":\"EntryPoint\",\"urlTemplate\":\"https:\\\/\\\/www.versiegelung24.com\\\/sl\\\/?s={search_term_string}\"},\"query-input\":{\"@type\":\"PropertyValueSpecification\",\"valueRequired\":true,\"valueName\":\"search_term_string\"}}],\"inLanguage\":\"sl-SI\"},{\"@type\":\"Organization\",\"@id\":\"https:\\\/\\\/www.versiegelung24.com\\\/sl\\\/#organization\",\"name\":\"versiegelung24\",\"url\":\"https:\\\/\\\/www.versiegelung24.com\\\/sl\\\/\",\"logo\":{\"@type\":\"ImageObject\",\"inLanguage\":\"sl-SI\",\"@id\":\"https:\\\/\\\/www.versiegelung24.com\\\/sl\\\/#\\\/schema\\\/logo\\\/image\\\/\",\"url\":\"https:\\\/\\\/www.versiegelung24.com\\\/wp-content\\\/uploads\\\/2020\\\/04\\\/versiegelung24.png\",\"contentUrl\":\"https:\\\/\\\/www.versiegelung24.com\\\/wp-content\\\/uploads\\\/2020\\\/04\\\/versiegelung24.png\",\"width\":470,\"height\":102,\"caption\":\"versiegelung24\"},\"image\":{\"@id\":\"https:\\\/\\\/www.versiegelung24.com\\\/sl\\\/#\\\/schema\\\/logo\\\/image\\\/\"}}]}<\/script>\n<!-- \/ Yoast SEO Premium plugin. -->","yoast_head_json":{"title":"Liquid Gals tesnilna masa - Za\u0161\u010dita fasade pred grafiti - ime versiegelung24.com","description":"Teko\u010di gals tesnilnik za za\u0161\u010dito pred grafiti. Izvedite pri nas, kako lahko za\u0161\u010ditite svoje stvari.","robots":{"index":"index","follow":"follow","max-snippet":"max-snippet:-1","max-image-preview":"max-image-preview:large","max-video-preview":"max-video-preview:-1"},"canonical":"https:\/\/www.versiegelung24.com\/sl\/nasveti-o-izdelkih-versiegelung24\/know-how\/zascita-pred-grafiti-s-tekocim-steklom\/","og_locale":"sl_SI","og_type":"article","og_title":"Za\u0161\u010dita fasade pred grafiti","og_description":"Teko\u010di gals tesnilnik za za\u0161\u010dito pred grafiti. Izvedite pri nas, kako lahko za\u0161\u010ditite svoje stvari.","og_url":"https:\/\/www.versiegelung24.com\/sl\/nasveti-o-izdelkih-versiegelung24\/know-how\/zascita-pred-grafiti-s-tekocim-steklom\/","og_site_name":"versiegelung24.com","article_modified_time":"2024-09-01T16:16:30+00:00","og_image":[{"width":1000,"height":1000,"url":"https:\/\/www.versiegelung24.com\/wp-content\/uploads\/2021\/12\/graf-1.jpg","type":"image\/jpeg"}],"twitter_card":"summary_large_image","twitter_misc":{"Est. reading time":"1 minuta"},"schema":{"@context":"https:\/\/schema.org","@graph":[{"@type":"WebPage","@id":"https:\/\/www.versiegelung24.com\/sl\/nasveti-o-izdelkih-versiegelung24\/know-how\/zascita-pred-grafiti-s-tekocim-steklom\/","url":"https:\/\/www.versiegelung24.com\/sl\/nasveti-o-izdelkih-versiegelung24\/know-how\/zascita-pred-grafiti-s-tekocim-steklom\/","name":"Liquid Gals tesnilna masa - Za\u0161\u010dita fasade pred grafiti - ime versiegelung24.com","isPartOf":{"@id":"https:\/\/www.versiegelung24.com\/sl\/#website"},"primaryImageOfPage":{"@id":"https:\/\/www.versiegelung24.com\/sl\/nasveti-o-izdelkih-versiegelung24\/know-how\/zascita-pred-grafiti-s-tekocim-steklom\/#primaryimage"},"image":{"@id":"https:\/\/www.versiegelung24.com\/sl\/nasveti-o-izdelkih-versiegelung24\/know-how\/zascita-pred-grafiti-s-tekocim-steklom\/#primaryimage"},"thumbnailUrl":"https:\/\/www.versiegelung24.com\/wp-content\/uploads\/2021\/12\/graf-1.jpg","datePublished":"2021-12-14T13:16:33+00:00","dateModified":"2024-09-01T16:16:30+00:00","description":"Teko\u010di gals tesnilnik za za\u0161\u010dito pred grafiti. Izvedite pri nas, kako lahko za\u0161\u010ditite svoje stvari.","breadcrumb":{"@id":"https:\/\/www.versiegelung24.com\/sl\/nasveti-o-izdelkih-versiegelung24\/know-how\/zascita-pred-grafiti-s-tekocim-steklom\/#breadcrumb"},"inLanguage":"sl-SI","potentialAction":[{"@type":"ReadAction","target":["https:\/\/www.versiegelung24.com\/sl\/nasveti-o-izdelkih-versiegelung24\/know-how\/zascita-pred-grafiti-s-tekocim-steklom\/"]}]},{"@type":"ImageObject","inLanguage":"sl-SI","@id":"https:\/\/www.versiegelung24.com\/sl\/nasveti-o-izdelkih-versiegelung24\/know-how\/zascita-pred-grafiti-s-tekocim-steklom\/#primaryimage","url":"https:\/\/www.versiegelung24.com\/wp-content\/uploads\/2021\/12\/graf-1.jpg","contentUrl":"https:\/\/www.versiegelung24.com\/wp-content\/uploads\/2021\/12\/graf-1.jpg","width":1000,"height":1000},{"@type":"BreadcrumbList","@id":"https:\/\/www.versiegelung24.com\/sl\/nasveti-o-izdelkih-versiegelung24\/know-how\/zascita-pred-grafiti-s-tekocim-steklom\/#breadcrumb","itemListElement":[{"@type":"ListItem","position":1,"name":"Doma\u010da stran","item":"https:\/\/www.versiegelung24.com\/sl\/spredaj\/"},{"@type":"ListItem","position":2,"name":"Svetovalec","item":"https:\/\/www.versiegelung24.com\/sl\/ratgeber\/"},{"@type":"ListItem","position":3,"name":"revija","item":"https:\/\/www.versiegelung24.com\/sl\/ratgeber\/magazin\/"},{"@type":"ListItem","position":4,"name":"Za\u0161\u010dita fasade pred grafiti"}]},{"@type":"WebSite","@id":"https:\/\/www.versiegelung24.com\/sl\/#website","url":"https:\/\/www.versiegelung24.com\/sl\/","name":"versiegelung24.com","description":"Fl\u00fcssigglas-Versiegelung - Made in Germany","publisher":{"@id":"https:\/\/www.versiegelung24.com\/sl\/#organization"},"potentialAction":[{"@type":"SearchAction","target":{"@type":"EntryPoint","urlTemplate":"https:\/\/www.versiegelung24.com\/sl\/?s={search_term_string}"},"query-input":{"@type":"PropertyValueSpecification","valueRequired":true,"valueName":"search_term_string"}}],"inLanguage":"sl-SI"},{"@type":"Organization","@id":"https:\/\/www.versiegelung24.com\/sl\/#organization","name":"versiegelung24","url":"https:\/\/www.versiegelung24.com\/sl\/","logo":{"@type":"ImageObject","inLanguage":"sl-SI","@id":"https:\/\/www.versiegelung24.com\/sl\/#\/schema\/logo\/image\/","url":"https:\/\/www.versiegelung24.com\/wp-content\/uploads\/2020\/04\/versiegelung24.png","contentUrl":"https:\/\/www.versiegelung24.com\/wp-content\/uploads\/2020\/04\/versiegelung24.png","width":470,"height":102,"caption":"versiegelung24"},"image":{"@id":"https:\/\/www.versiegelung24.com\/sl\/#\/schema\/logo\/image\/"}}]}},"_links":{"self":[{"href":"https:\/\/www.versiegelung24.com\/sl\/wp-json\/wp\/v2\/pages\/41161","targetHints":{"allow":["GET"]}}],"collection":[{"href":"https:\/\/www.versiegelung24.com\/sl\/wp-json\/wp\/v2\/pages"}],"about":[{"href":"https:\/\/www.versiegelung24.com\/sl\/wp-json\/wp\/v2\/types\/page"}],"author":[{"embeddable":true,"href":"https:\/\/www.versiegelung24.com\/sl\/wp-json\/wp\/v2\/users\/932"}],"replies":[{"embeddable":true,"href":"https:\/\/www.versiegelung24.com\/sl\/wp-json\/wp\/v2\/comments?post=41161"}],"version-history":[{"count":17,"href":"https:\/\/www.versiegelung24.com\/sl\/wp-json\/wp\/v2\/pages\/41161\/revisions"}],"predecessor-version":[{"id":172641,"href":"https:\/\/www.versiegelung24.com\/sl\/wp-json\/wp\/v2\/pages\/41161\/revisions\/172641"}],"up":[{"embeddable":true,"href":"https:\/\/www.versiegelung24.com\/sl\/wp-json\/wp\/v2\/pages\/34646"}],"wp:featuredmedia":[{"embeddable":true,"href":"https:\/\/www.versiegelung24.com\/sl\/wp-json\/wp\/v2\/media\/40890"}],"wp:attachment":[{"href":"https:\/\/www.versiegelung24.com\/sl\/wp-json\/wp\/v2\/media?parent=41161"}],"wp:term":[{"taxonomy":"category","embeddable":true,"href":"https:\/\/www.versiegelung24.com\/sl\/wp-json\/wp\/v2\/categories?post=41161"},{"taxonomy":"seiten_kategorie","embeddable":true,"href":"https:\/\/www.versiegelung24.com\/sl\/wp-json\/wp\/v2\/seiten_kategorie?post=41161"}],"curies":[{"name":"wp","href":"https:\/\/api.w.org\/{rel}","templated":true}]}}