{"id":126091,"date":"2023-09-01T15:04:03","date_gmt":"2023-09-01T13:04:48","guid":{"rendered":"https:\/\/www.versiegelung24.com\/product\/sredstvo-za-tesnjenje-vetrobranskega-stekla-406\/"},"modified":"2025-01-05T17:34:40","modified_gmt":"2025-01-05T16:34:40","slug":"tesnilo-za-vetrobransko-steklo-406","status":"publish","type":"product","link":"https:\/\/www.versiegelung24.com\/sl\/tesnilo-za-vetrobransko-steklo-406.html","title":{"rendered":"Tesnjenje vetrobranskega stekla"},"content":{"rendered":"\n<p>Z <strong>na\u0161o tesnilno maso za vetrobransko steklo, ki jo je odobril T\u00dcV, vstopite v novo obdobje varnosti in udobja v vo\u017enji<\/strong>. Na\u0161a napredna formula ni le izjemno trpe\u017ena, temve\u010d tudi vsestranska &#8211; od avtomobilov do tovornjakov, \u010dolnov in prikolic. Izkusite razliko do 20.000 km brezskrbne vo\u017enje z enim samim nanosom. Preprosto jih ponovno nanesite vsakih \u0161est mesecev in u\u017eivali boste celo leto neprekosljivega vida.<\/p>\n\n<p>To pa \u0161e ni vse. Na\u0161a tesnilna masa zagotavlja, da voda pri hitrosti nad 60 km\/h preprosto odte\u010de, tako da so brisalci vetrobranskega stekla prihranjeni in da tudi v slabem vremenu ohranjate jasen pogled. Ali pogosto vozite pono\u010di? Na\u0161a tesnilna masa zmanj\u0161uje ble\u0161\u010danje in popa\u010denje svetlobe, zato ste na cesti varni in samozavestni.<\/p>\n\n<h2 class=\"wp-block-heading\" id=\"video\">Video<\/h2>\n\n<figure class=\"wp-block-embed is-type-video is-provider-youtube wp-block-embed-youtube wp-embed-aspect-16-9 wp-has-aspect-ratio\"><div class=\"wp-block-embed__wrapper\">\n<div class=\"nv-iframe-embed\"><iframe title=\"Windschutzscheiben Versiegelung - Versiegelung24.com\" width=\"1200\" height=\"675\" src=\"https:\/\/www.youtube.com\/embed\/5cu8smLIMD0?feature=oembed\" frameborder=\"0\" allow=\"accelerometer; autoplay; clipboard-write; encrypted-media; gyroscope; picture-in-picture; web-share\" allowfullscreen><\/iframe><\/div>\n<\/div><\/figure>\n\n<hr class=\"wp-block-separator has-alpha-channel-opacity\"\/>\n\n<h2 class=\"wp-block-heading\" id=\"properties\">lastnosti<\/h2>\n\n<p><\/p>\n\n<p>Vsebina: 2 krpi za predhodno \u010di\u0161\u010denje, 2 krpi za tesnjenje (vsaka za 2m\u00b2), 1 krpa iz mikrovlaken, 2 rokavici za enkratno uporabo.<\/p>\n\n<ul class=\"wp-block-list\">\n<li>Dolga \u017eivljenjska doba &#8211; do 20.000 km<\/li>\n\n\n\n<li>Zmanj\u0161a ble\u0161\u010danje in popa\u010denje svetlobe pono\u010di<\/li>\n\n\n\n<li>Odstranjevanje vodnih kapljic (60+ km\/h), tj. jasen pogled tudi brez brisalcev vetrobranskega stekla<\/li>\n\n\n\n<li>Za\u0161\u010dita brisalcev vetrobranskega stekla<\/li>\n\n\n\n<li>Enostavna aplikacija<\/li>\n\n\n\n<li>Mo\u010dno prepre\u010dujejo sprijemanje in manj\u0161i oprijem \u017eu\u017eelk<\/li>\n\n\n\n<li>Zmanj\u0161uje mikro praske<\/li>\n\n\n\n<li>La\u017eje \u010di\u0161\u010denje oken in la\u017eje odstranjevanje ledu<\/li>\n\n\n\n<li>Nevidna za\u0161\u010ditna plast &#8211; 500-krat tanj\u0161a od \u010dlove\u0161kega lasu<\/li>\n\n\n\n<li>UV-stabilen z visoko odpornostjo proti obrabi<\/li>\n\n\n\n<li>Odpornost na temperaturna nihanja<\/li>\n\n\n\n<li>Kemijsko odporen (ph 2 do 13)<\/li>\n\n\n\n<li>Odpornost na pralni stroj in visokotla\u010dni \u010distilec<\/li>\n\n\n\n<li>Za sprednja in stranska okna avtomobilov, kombijev, tovornjakov, \u010dolnov in prikolic<\/li>\n\n\n\n<li>Nanesite na vetrobransko steklo in ponovite po 6 mesecih = velja do 1 leta<\/li>\n\n\n\n<li>T\u00dcV-testirano<\/li>\n<\/ul>\n","protected":false},"excerpt":{"rendered":"<p>\u2713 Dolga \u017eivljenjska doba &#8211; do 20.000 km<\/p>\n<p>\u2713 Odstranjevanje vodnih kapljic (60+ km\/h), tj. jasen pogled tudi brez brisalcev vetrobranskega stekla<\/p>\n<p>\u2713 Mo\u010dne lastnosti proti sprijemanju in manj\u0161i oprijem \u017eu\u017eelk<\/p>\n","protected":false},"featured_media":132064,"template":"","meta":{"_acf_changed":false,"neve_meta_sidebar":"","neve_meta_container":"","neve_meta_enable_content_width":"","neve_meta_content_width":0,"neve_meta_title_alignment":"","neve_meta_author_avatar":"","neve_post_elements_order":"","neve_meta_disable_header":"","neve_meta_disable_footer":"","neve_meta_disable_title":"","neve_meta_reading_time":"","_surfaces":[],"_ver_product_tabs":[],"footnotes":""},"product_brand":[],"product_cat":[2176,2227,2989],"product_tag":[],"class_list":{"0":"post-126091","1":"product","2":"type-product","3":"status-publish","4":"has-post-thumbnail","6":"product_cat-tesnjenje-avtomobila","7":"product_cat-tesnilo-za-steklo-in-keramiko","8":"product_cat-tesnjenje-s-tekocim-steklom","10":"first","11":"instock","12":"taxable","13":"shipping-taxable","14":"purchasable","15":"product-type-simple"},"acf":[],"yoast_head":"<!-- This site is optimized with the Yoast SEO Premium plugin v22.8 (Yoast SEO v27.5) - https:\/\/yoast.com\/product\/yoast-seo-premium-wordpress\/ -->\n<title>Tesnjenje vetrobranskega stekla - versiegelung24.com<\/title>\n<meta name=\"robots\" content=\"index, follow, max-snippet:-1, max-image-preview:large, max-video-preview:-1\" \/>\n<link rel=\"canonical\" href=\"https:\/\/www.versiegelung24.com\/sl\/tesnilo-za-vetrobransko-steklo-406.html\" \/>\n<meta property=\"og:locale\" content=\"sl_SI\" \/>\n<meta property=\"og:type\" content=\"article\" \/>\n<meta property=\"og:title\" content=\"Tesnjenje vetrobranskega stekla\" \/>\n<meta property=\"og:description\" content=\"\u2713 Dolga \u017eivljenjska doba - do 20.000 km \u2713 Odstranjevanje vodnih kapljic (60+ km\/h), tj. jasen pogled tudi brez brisalcev vetrobranskega stekla \u2713 Mo\u010dne lastnosti proti sprijemanju in manj\u0161i oprijem \u017eu\u017eelk\" \/>\n<meta property=\"og:url\" content=\"https:\/\/www.versiegelung24.com\/sl\/tesnilo-za-vetrobransko-steklo-406.html\" \/>\n<meta property=\"og:site_name\" content=\"versiegelung24.com\" \/>\n<meta property=\"article:modified_time\" content=\"2025-01-05T16:34:40+00:00\" \/>\n<meta property=\"og:image\" content=\"https:\/\/www.versiegelung24.com\/wp-content\/uploads\/2023\/09\/windschutz-1-1.webp\" \/>\n\t<meta property=\"og:image:width\" content=\"2560\" \/>\n\t<meta property=\"og:image:height\" content=\"2560\" \/>\n\t<meta property=\"og:image:type\" content=\"image\/webp\" \/>\n<meta name=\"twitter:card\" content=\"summary_large_image\" \/>\n<meta name=\"twitter:label1\" content=\"Price\" \/>\n\t<meta name=\"twitter:data1\" content=\"17,99&euro;\" \/>\n\t<meta name=\"twitter:label2\" content=\"Availability\" \/>\n\t<meta name=\"twitter:data2\" content=\"In stock\" \/>\n<script type=\"application\/ld+json\" class=\"yoast-schema-graph\">{\"@context\":\"https:\\\/\\\/schema.org\",\"@graph\":[{\"@type\":\"WebPage\",\"@id\":\"https:\\\/\\\/www.versiegelung24.com\\\/sl\\\/tesnilo-za-vetrobransko-steklo-406.html\",\"url\":\"https:\\\/\\\/www.versiegelung24.com\\\/sl\\\/tesnilo-za-vetrobransko-steklo-406.html\",\"name\":\"Tesnjenje vetrobranskega stekla - versiegelung24.com\",\"isPartOf\":{\"@id\":\"https:\\\/\\\/www.versiegelung24.com\\\/sl\\\/#website\"},\"primaryImageOfPage\":{\"@id\":\"https:\\\/\\\/www.versiegelung24.com\\\/sl\\\/tesnilo-za-vetrobransko-steklo-406.html#primaryimage\"},\"image\":{\"@id\":\"https:\\\/\\\/www.versiegelung24.com\\\/sl\\\/tesnilo-za-vetrobransko-steklo-406.html#primaryimage\"},\"thumbnailUrl\":\"https:\\\/\\\/www.versiegelung24.com\\\/wp-content\\\/uploads\\\/2023\\\/09\\\/windschutz-1-1.webp\",\"datePublished\":\"2023-09-01T13:04:48+00:00\",\"dateModified\":\"2025-01-05T16:34:40+00:00\",\"breadcrumb\":{\"@id\":\"https:\\\/\\\/www.versiegelung24.com\\\/sl\\\/tesnilo-za-vetrobransko-steklo-406.html#breadcrumb\"},\"inLanguage\":\"sl-SI\",\"potentialAction\":[{\"@type\":\"ReadAction\",\"target\":[\"https:\\\/\\\/www.versiegelung24.com\\\/sl\\\/tesnilo-za-vetrobransko-steklo-406.html\"]}]},{\"@type\":\"ImageObject\",\"inLanguage\":\"sl-SI\",\"@id\":\"https:\\\/\\\/www.versiegelung24.com\\\/sl\\\/tesnilo-za-vetrobransko-steklo-406.html#primaryimage\",\"url\":\"https:\\\/\\\/www.versiegelung24.com\\\/wp-content\\\/uploads\\\/2023\\\/09\\\/windschutz-1-1.webp\",\"contentUrl\":\"https:\\\/\\\/www.versiegelung24.com\\\/wp-content\\\/uploads\\\/2023\\\/09\\\/windschutz-1-1.webp\",\"width\":2560,\"height\":2560},{\"@type\":\"BreadcrumbList\",\"@id\":\"https:\\\/\\\/www.versiegelung24.com\\\/sl\\\/tesnilo-za-vetrobransko-steklo-406.html#breadcrumb\",\"itemListElement\":[{\"@type\":\"ListItem\",\"position\":1,\"name\":\"Doma\u010da stran\",\"item\":\"https:\\\/\\\/www.versiegelung24.com\\\/sl\\\/spredaj\\\/\"},{\"@type\":\"ListItem\",\"position\":2,\"name\":\"Nakupujte\",\"item\":\"https:\\\/\\\/www.versiegelung24.com\\\/sl\\\/nakupujte\\\/\"},{\"@type\":\"ListItem\",\"position\":3,\"name\":\"Tesnjenje vetrobranskega stekla\"}]},{\"@type\":\"WebSite\",\"@id\":\"https:\\\/\\\/www.versiegelung24.com\\\/sl\\\/#website\",\"url\":\"https:\\\/\\\/www.versiegelung24.com\\\/sl\\\/\",\"name\":\"versiegelung24.com\",\"description\":\"Fl\u00fcssigglas-Versiegelung - Made in Germany\",\"publisher\":{\"@id\":\"https:\\\/\\\/www.versiegelung24.com\\\/sl\\\/#organization\"},\"potentialAction\":[{\"@type\":\"SearchAction\",\"target\":{\"@type\":\"EntryPoint\",\"urlTemplate\":\"https:\\\/\\\/www.versiegelung24.com\\\/sl\\\/?s={search_term_string}\"},\"query-input\":{\"@type\":\"PropertyValueSpecification\",\"valueRequired\":true,\"valueName\":\"search_term_string\"}}],\"inLanguage\":\"sl-SI\"},{\"@type\":\"Organization\",\"@id\":\"https:\\\/\\\/www.versiegelung24.com\\\/sl\\\/#organization\",\"name\":\"versiegelung24\",\"url\":\"https:\\\/\\\/www.versiegelung24.com\\\/sl\\\/\",\"logo\":{\"@type\":\"ImageObject\",\"inLanguage\":\"sl-SI\",\"@id\":\"https:\\\/\\\/www.versiegelung24.com\\\/sl\\\/#\\\/schema\\\/logo\\\/image\\\/\",\"url\":\"https:\\\/\\\/www.versiegelung24.com\\\/wp-content\\\/uploads\\\/2020\\\/04\\\/versiegelung24.png\",\"contentUrl\":\"https:\\\/\\\/www.versiegelung24.com\\\/wp-content\\\/uploads\\\/2020\\\/04\\\/versiegelung24.png\",\"width\":470,\"height\":102,\"caption\":\"versiegelung24\"},\"image\":{\"@id\":\"https:\\\/\\\/www.versiegelung24.com\\\/sl\\\/#\\\/schema\\\/logo\\\/image\\\/\"}}]}<\/script>\n<meta property=\"product:price:amount\" content=\"17.99\" \/>\n<meta property=\"product:price:currency\" content=\"EUR\" \/>\n<meta property=\"og:availability\" content=\"instock\" \/>\n<meta property=\"product:availability\" content=\"instock\" \/>\n<meta property=\"product:retailer_item_id\" content=\"4040-406\" \/>\n<meta property=\"product:condition\" content=\"new\" \/>\n<!-- \/ Yoast SEO Premium plugin. -->","yoast_head_json":{"title":"Tesnjenje vetrobranskega stekla - versiegelung24.com","robots":{"index":"index","follow":"follow","max-snippet":"max-snippet:-1","max-image-preview":"max-image-preview:large","max-video-preview":"max-video-preview:-1"},"canonical":"https:\/\/www.versiegelung24.com\/sl\/tesnilo-za-vetrobransko-steklo-406.html","og_locale":"sl_SI","og_type":"article","og_title":"Tesnjenje vetrobranskega stekla","og_description":"\u2713 Dolga \u017eivljenjska doba - do 20.000 km \u2713 Odstranjevanje vodnih kapljic (60+ km\/h), tj. jasen pogled tudi brez brisalcev vetrobranskega stekla \u2713 Mo\u010dne lastnosti proti sprijemanju in manj\u0161i oprijem \u017eu\u017eelk","og_url":"https:\/\/www.versiegelung24.com\/sl\/tesnilo-za-vetrobransko-steklo-406.html","og_site_name":"versiegelung24.com","article_modified_time":"2025-01-05T16:34:40+00:00","og_image":[{"width":2560,"height":2560,"url":"https:\/\/www.versiegelung24.com\/wp-content\/uploads\/2023\/09\/windschutz-1-1.webp","type":"image\/webp"}],"twitter_card":"summary_large_image","twitter_misc":{"Price":"17,99&euro;","Availability":"In stock"},"schema":{"@context":"https:\/\/schema.org","@graph":[{"@type":"WebPage","@id":"https:\/\/www.versiegelung24.com\/sl\/tesnilo-za-vetrobransko-steklo-406.html","url":"https:\/\/www.versiegelung24.com\/sl\/tesnilo-za-vetrobransko-steklo-406.html","name":"Tesnjenje vetrobranskega stekla - versiegelung24.com","isPartOf":{"@id":"https:\/\/www.versiegelung24.com\/sl\/#website"},"primaryImageOfPage":{"@id":"https:\/\/www.versiegelung24.com\/sl\/tesnilo-za-vetrobransko-steklo-406.html#primaryimage"},"image":{"@id":"https:\/\/www.versiegelung24.com\/sl\/tesnilo-za-vetrobransko-steklo-406.html#primaryimage"},"thumbnailUrl":"https:\/\/www.versiegelung24.com\/wp-content\/uploads\/2023\/09\/windschutz-1-1.webp","datePublished":"2023-09-01T13:04:48+00:00","dateModified":"2025-01-05T16:34:40+00:00","breadcrumb":{"@id":"https:\/\/www.versiegelung24.com\/sl\/tesnilo-za-vetrobransko-steklo-406.html#breadcrumb"},"inLanguage":"sl-SI","potentialAction":[{"@type":"ReadAction","target":["https:\/\/www.versiegelung24.com\/sl\/tesnilo-za-vetrobransko-steklo-406.html"]}]},{"@type":"ImageObject","inLanguage":"sl-SI","@id":"https:\/\/www.versiegelung24.com\/sl\/tesnilo-za-vetrobransko-steklo-406.html#primaryimage","url":"https:\/\/www.versiegelung24.com\/wp-content\/uploads\/2023\/09\/windschutz-1-1.webp","contentUrl":"https:\/\/www.versiegelung24.com\/wp-content\/uploads\/2023\/09\/windschutz-1-1.webp","width":2560,"height":2560},{"@type":"BreadcrumbList","@id":"https:\/\/www.versiegelung24.com\/sl\/tesnilo-za-vetrobransko-steklo-406.html#breadcrumb","itemListElement":[{"@type":"ListItem","position":1,"name":"Doma\u010da stran","item":"https:\/\/www.versiegelung24.com\/sl\/spredaj\/"},{"@type":"ListItem","position":2,"name":"Nakupujte","item":"https:\/\/www.versiegelung24.com\/sl\/nakupujte\/"},{"@type":"ListItem","position":3,"name":"Tesnjenje vetrobranskega stekla"}]},{"@type":"WebSite","@id":"https:\/\/www.versiegelung24.com\/sl\/#website","url":"https:\/\/www.versiegelung24.com\/sl\/","name":"versiegelung24.com","description":"Fl\u00fcssigglas-Versiegelung - Made in Germany","publisher":{"@id":"https:\/\/www.versiegelung24.com\/sl\/#organization"},"potentialAction":[{"@type":"SearchAction","target":{"@type":"EntryPoint","urlTemplate":"https:\/\/www.versiegelung24.com\/sl\/?s={search_term_string}"},"query-input":{"@type":"PropertyValueSpecification","valueRequired":true,"valueName":"search_term_string"}}],"inLanguage":"sl-SI"},{"@type":"Organization","@id":"https:\/\/www.versiegelung24.com\/sl\/#organization","name":"versiegelung24","url":"https:\/\/www.versiegelung24.com\/sl\/","logo":{"@type":"ImageObject","inLanguage":"sl-SI","@id":"https:\/\/www.versiegelung24.com\/sl\/#\/schema\/logo\/image\/","url":"https:\/\/www.versiegelung24.com\/wp-content\/uploads\/2020\/04\/versiegelung24.png","contentUrl":"https:\/\/www.versiegelung24.com\/wp-content\/uploads\/2020\/04\/versiegelung24.png","width":470,"height":102,"caption":"versiegelung24"},"image":{"@id":"https:\/\/www.versiegelung24.com\/sl\/#\/schema\/logo\/image\/"}}]},"product_price_amount":"17.99","product_price_currency":"EUR","og_availability":"instock","product_availability":"instock","product_retailer_item_id":"4040-406","product_condition":"new"},"_links":{"self":[{"href":"https:\/\/www.versiegelung24.com\/sl\/wp-json\/wp\/v2\/product\/126091","targetHints":{"allow":["GET"]}}],"collection":[{"href":"https:\/\/www.versiegelung24.com\/sl\/wp-json\/wp\/v2\/product"}],"about":[{"href":"https:\/\/www.versiegelung24.com\/sl\/wp-json\/wp\/v2\/types\/product"}],"version-history":[{"count":8,"href":"https:\/\/www.versiegelung24.com\/sl\/wp-json\/wp\/v2\/product\/126091\/revisions"}],"predecessor-version":[{"id":178318,"href":"https:\/\/www.versiegelung24.com\/sl\/wp-json\/wp\/v2\/product\/126091\/revisions\/178318"}],"wp:featuredmedia":[{"embeddable":true,"href":"https:\/\/www.versiegelung24.com\/sl\/wp-json\/wp\/v2\/media\/132064"}],"wp:attachment":[{"href":"https:\/\/www.versiegelung24.com\/sl\/wp-json\/wp\/v2\/media?parent=126091"}],"wp:term":[{"taxonomy":"product_brand","embeddable":true,"href":"https:\/\/www.versiegelung24.com\/sl\/wp-json\/wp\/v2\/product_brand?post=126091"},{"taxonomy":"product_cat","embeddable":true,"href":"https:\/\/www.versiegelung24.com\/sl\/wp-json\/wp\/v2\/product_cat?post=126091"},{"taxonomy":"product_tag","embeddable":true,"href":"https:\/\/www.versiegelung24.com\/sl\/wp-json\/wp\/v2\/product_tag?post=126091"}],"curies":[{"name":"wp","href":"https:\/\/api.w.org\/{rel}","templated":true}]}}