{"id":142075,"date":"2024-01-10T15:23:59","date_gmt":"2024-01-10T14:23:59","guid":{"rendered":"https:\/\/www.versiegelung24.com\/product\/vzorec-premium-solarni-sistemi-fotovoltaicno-tesnjenje-z-izjemno-vzdrzljivostjo-in-vecjo-ucinkovitostjo-7000-7601\/"},"modified":"2025-01-05T17:47:36","modified_gmt":"2025-01-05T16:47:36","slug":"muster-premium-solaranlagen-photovoltaik-versiegelung-mit-extremer-haltbarkeit-und-effizienzsteigerung-7000-7601","status":"publish","type":"product","link":"https:\/\/www.versiegelung24.com\/sl\/product\/muster-premium-solaranlagen-photovoltaik-versiegelung-mit-extremer-haltbarkeit-und-effizienzsteigerung-7000-7601\/","title":{"rendered":"Vzorec: Premium solarni sistemi \/ fotovoltai\u010dno tesnjenje z izjemno vzdr\u017eljivostjo in ve\u010djo u\u010dinkovitostjo &#8211; 7000-7601"},"content":{"rendered":"<p>10 ml vzorca na\u0161e <a href=\"https:\/\/www.versiegelung24.com\/sl\/premium-soncni-sistemi-fotovoltaicno-tesnjenje-z-izjemno-vzdrzljivostjo-in-povecano-ucinkovitostjo.html\">vrhunske tesnilne mase za solarne sisteme\/fotovoltaiko z izjemno vzdr\u017eljivostjo in ve\u010djo u\u010dinkovitostjo<\/a> za testno uporabo ali tesnjenje manj\u0161ih povr\u0161in.<\/p>\n","protected":false},"excerpt":{"rendered":"<p>10 ml vzorca na\u0161e vrhunske tesnilne mase za solarne sisteme\/fotovoltaiko z izjemno vzdr\u017eljivostjo in ve\u010djo u\u010dinkovitostjo za testno uporabo ali tesnjenje manj\u0161ih povr\u0161in.<\/p>\n","protected":false},"featured_media":14620,"template":"","meta":{"_acf_changed":false,"neve_meta_sidebar":"","neve_meta_container":"","neve_meta_enable_content_width":"","neve_meta_content_width":0,"neve_meta_title_alignment":"","neve_meta_author_avatar":"","neve_post_elements_order":"","neve_meta_disable_header":"","neve_meta_disable_footer":"","neve_meta_disable_title":"","neve_meta_reading_time":"","_surfaces":[],"_ver_product_tabs":[],"footnotes":""},"product_brand":[],"product_cat":[2651],"product_tag":[],"class_list":{"0":"post-142075","1":"product","2":"type-product","3":"status-publish","4":"has-post-thumbnail","6":"product_cat-predlogo","7":"pa_gebinde-10-ml-steklenicka","9":"first","10":"instock","11":"sold-individually","12":"taxable","13":"shipping-taxable","14":"purchasable","15":"product-type-variable","16":"has-default-attributes"},"acf":[],"yoast_head":"<!-- This site is optimized with the Yoast SEO Premium plugin v22.8 (Yoast SEO v27.4) - https:\/\/yoast.com\/product\/yoast-seo-premium-wordpress\/ -->\n<title>Vzorec: Premium solarni sistemi \/ fotovoltai\u010dno tesnjenje z izjemno vzdr\u017eljivostjo in ve\u010djo u\u010dinkovitostjo - 7000-7601 - versiegelung24.com<\/title>\n<meta name=\"robots\" content=\"index, follow, max-snippet:-1, max-image-preview:large, max-video-preview:-1\" \/>\n<link rel=\"canonical\" href=\"https:\/\/www.versiegelung24.com\/sl\/product\/muster-premium-solaranlagen-photovoltaik-versiegelung-mit-extremer-haltbarkeit-und-effizienzsteigerung-7000-7601\/\" \/>\n<meta property=\"og:locale\" content=\"sl_SI\" \/>\n<meta property=\"og:type\" content=\"article\" \/>\n<meta property=\"og:title\" content=\"Vzorec: Premium solarni sistemi \/ fotovoltai\u010dno tesnjenje z izjemno vzdr\u017eljivostjo in ve\u010djo u\u010dinkovitostjo - 7000-7601\" \/>\n<meta property=\"og:description\" content=\"10 ml vzorca na\u0161e vrhunske tesnilne mase za solarne sisteme\/fotovoltaiko z izjemno vzdr\u017eljivostjo in ve\u010djo u\u010dinkovitostjo za testno uporabo ali tesnjenje manj\u0161ih povr\u0161in.\" \/>\n<meta property=\"og:url\" content=\"https:\/\/www.versiegelung24.com\/sl\/product\/muster-premium-solaranlagen-photovoltaik-versiegelung-mit-extremer-haltbarkeit-und-effizienzsteigerung-7000-7601\/\" \/>\n<meta property=\"og:site_name\" content=\"versiegelung24.com\" \/>\n<meta property=\"article:modified_time\" content=\"2025-01-05T16:47:36+00:00\" \/>\n<meta property=\"og:image\" content=\"https:\/\/www.versiegelung24.com\/wp-content\/uploads\/2020\/04\/versiegelung-muster.png\" \/>\n\t<meta property=\"og:image:width\" content=\"1000\" \/>\n\t<meta property=\"og:image:height\" content=\"1000\" \/>\n\t<meta property=\"og:image:type\" content=\"image\/png\" \/>\n<meta name=\"twitter:card\" content=\"summary_large_image\" \/>\n<meta name=\"twitter:label1\" content=\"Availability\" \/>\n\t<meta name=\"twitter:data1\" content=\"In stock\" \/>\n<script type=\"application\/ld+json\" class=\"yoast-schema-graph\">{\"@context\":\"https:\\\/\\\/schema.org\",\"@graph\":[{\"@type\":\"WebPage\",\"@id\":\"https:\\\/\\\/www.versiegelung24.com\\\/sl\\\/product\\\/muster-premium-solaranlagen-photovoltaik-versiegelung-mit-extremer-haltbarkeit-und-effizienzsteigerung-7000-7601\\\/\",\"url\":\"https:\\\/\\\/www.versiegelung24.com\\\/sl\\\/product\\\/muster-premium-solaranlagen-photovoltaik-versiegelung-mit-extremer-haltbarkeit-und-effizienzsteigerung-7000-7601\\\/\",\"name\":\"Vzorec: Premium solarni sistemi \\\/ fotovoltai\u010dno tesnjenje z izjemno vzdr\u017eljivostjo in ve\u010djo u\u010dinkovitostjo - 7000-7601 - versiegelung24.com\",\"isPartOf\":{\"@id\":\"https:\\\/\\\/www.versiegelung24.com\\\/sl\\\/#website\"},\"primaryImageOfPage\":{\"@id\":\"https:\\\/\\\/www.versiegelung24.com\\\/sl\\\/product\\\/muster-premium-solaranlagen-photovoltaik-versiegelung-mit-extremer-haltbarkeit-und-effizienzsteigerung-7000-7601\\\/#primaryimage\"},\"image\":{\"@id\":\"https:\\\/\\\/www.versiegelung24.com\\\/sl\\\/product\\\/muster-premium-solaranlagen-photovoltaik-versiegelung-mit-extremer-haltbarkeit-und-effizienzsteigerung-7000-7601\\\/#primaryimage\"},\"thumbnailUrl\":\"https:\\\/\\\/www.versiegelung24.com\\\/wp-content\\\/uploads\\\/2020\\\/04\\\/versiegelung-muster.png\",\"datePublished\":\"2024-01-10T14:23:59+00:00\",\"dateModified\":\"2025-01-05T16:47:36+00:00\",\"breadcrumb\":{\"@id\":\"https:\\\/\\\/www.versiegelung24.com\\\/sl\\\/product\\\/muster-premium-solaranlagen-photovoltaik-versiegelung-mit-extremer-haltbarkeit-und-effizienzsteigerung-7000-7601\\\/#breadcrumb\"},\"inLanguage\":\"sl-SI\",\"potentialAction\":[{\"@type\":\"ReadAction\",\"target\":[\"https:\\\/\\\/www.versiegelung24.com\\\/sl\\\/product\\\/muster-premium-solaranlagen-photovoltaik-versiegelung-mit-extremer-haltbarkeit-und-effizienzsteigerung-7000-7601\\\/\"]}]},{\"@type\":\"ImageObject\",\"inLanguage\":\"sl-SI\",\"@id\":\"https:\\\/\\\/www.versiegelung24.com\\\/sl\\\/product\\\/muster-premium-solaranlagen-photovoltaik-versiegelung-mit-extremer-haltbarkeit-und-effizienzsteigerung-7000-7601\\\/#primaryimage\",\"url\":\"https:\\\/\\\/www.versiegelung24.com\\\/wp-content\\\/uploads\\\/2020\\\/04\\\/versiegelung-muster.png\",\"contentUrl\":\"https:\\\/\\\/www.versiegelung24.com\\\/wp-content\\\/uploads\\\/2020\\\/04\\\/versiegelung-muster.png\",\"width\":1000,\"height\":1000},{\"@type\":\"BreadcrumbList\",\"@id\":\"https:\\\/\\\/www.versiegelung24.com\\\/sl\\\/product\\\/muster-premium-solaranlagen-photovoltaik-versiegelung-mit-extremer-haltbarkeit-und-effizienzsteigerung-7000-7601\\\/#breadcrumb\",\"itemListElement\":[{\"@type\":\"ListItem\",\"position\":1,\"name\":\"Doma\u010da stran\",\"item\":\"https:\\\/\\\/www.versiegelung24.com\\\/sl\\\/spredaj\\\/\"},{\"@type\":\"ListItem\",\"position\":2,\"name\":\"Nakupujte\",\"item\":\"https:\\\/\\\/www.versiegelung24.com\\\/sl\\\/nakupujte\\\/\"},{\"@type\":\"ListItem\",\"position\":3,\"name\":\"Vzorec: Premium solarni sistemi \\\/ fotovoltai\u010dno tesnjenje z izjemno vzdr\u017eljivostjo in ve\u010djo u\u010dinkovitostjo &#8211; 7000-7601\"}]},{\"@type\":\"WebSite\",\"@id\":\"https:\\\/\\\/www.versiegelung24.com\\\/sl\\\/#website\",\"url\":\"https:\\\/\\\/www.versiegelung24.com\\\/sl\\\/\",\"name\":\"versiegelung24.com\",\"description\":\"Fl\u00fcssigglas-Versiegelung - Made in Germany\",\"publisher\":{\"@id\":\"https:\\\/\\\/www.versiegelung24.com\\\/sl\\\/#organization\"},\"potentialAction\":[{\"@type\":\"SearchAction\",\"target\":{\"@type\":\"EntryPoint\",\"urlTemplate\":\"https:\\\/\\\/www.versiegelung24.com\\\/sl\\\/?s={search_term_string}\"},\"query-input\":{\"@type\":\"PropertyValueSpecification\",\"valueRequired\":true,\"valueName\":\"search_term_string\"}}],\"inLanguage\":\"sl-SI\"},{\"@type\":\"Organization\",\"@id\":\"https:\\\/\\\/www.versiegelung24.com\\\/sl\\\/#organization\",\"name\":\"versiegelung24\",\"url\":\"https:\\\/\\\/www.versiegelung24.com\\\/sl\\\/\",\"logo\":{\"@type\":\"ImageObject\",\"inLanguage\":\"sl-SI\",\"@id\":\"https:\\\/\\\/www.versiegelung24.com\\\/sl\\\/#\\\/schema\\\/logo\\\/image\\\/\",\"url\":\"https:\\\/\\\/www.versiegelung24.com\\\/wp-content\\\/uploads\\\/2020\\\/04\\\/versiegelung24.png\",\"contentUrl\":\"https:\\\/\\\/www.versiegelung24.com\\\/wp-content\\\/uploads\\\/2020\\\/04\\\/versiegelung24.png\",\"width\":470,\"height\":102,\"caption\":\"versiegelung24\"},\"image\":{\"@id\":\"https:\\\/\\\/www.versiegelung24.com\\\/sl\\\/#\\\/schema\\\/logo\\\/image\\\/\"}}]}<\/script>\n<meta property=\"og:availability\" content=\"instock\" \/>\n<meta property=\"product:availability\" content=\"instock\" \/>\n<meta property=\"product:retailer_item_id\" content=\"1002-7601-muster\" \/>\n<meta property=\"product:condition\" content=\"new\" \/>\n<!-- \/ Yoast SEO Premium plugin. -->","yoast_head_json":{"title":"Vzorec: Premium solarni sistemi \/ fotovoltai\u010dno tesnjenje z izjemno vzdr\u017eljivostjo in ve\u010djo u\u010dinkovitostjo - 7000-7601 - versiegelung24.com","robots":{"index":"index","follow":"follow","max-snippet":"max-snippet:-1","max-image-preview":"max-image-preview:large","max-video-preview":"max-video-preview:-1"},"canonical":"https:\/\/www.versiegelung24.com\/sl\/product\/muster-premium-solaranlagen-photovoltaik-versiegelung-mit-extremer-haltbarkeit-und-effizienzsteigerung-7000-7601\/","og_locale":"sl_SI","og_type":"article","og_title":"Vzorec: Premium solarni sistemi \/ fotovoltai\u010dno tesnjenje z izjemno vzdr\u017eljivostjo in ve\u010djo u\u010dinkovitostjo - 7000-7601","og_description":"10 ml vzorca na\u0161e vrhunske tesnilne mase za solarne sisteme\/fotovoltaiko z izjemno vzdr\u017eljivostjo in ve\u010djo u\u010dinkovitostjo za testno uporabo ali tesnjenje manj\u0161ih povr\u0161in.","og_url":"https:\/\/www.versiegelung24.com\/sl\/product\/muster-premium-solaranlagen-photovoltaik-versiegelung-mit-extremer-haltbarkeit-und-effizienzsteigerung-7000-7601\/","og_site_name":"versiegelung24.com","article_modified_time":"2025-01-05T16:47:36+00:00","og_image":[{"width":1000,"height":1000,"url":"https:\/\/www.versiegelung24.com\/wp-content\/uploads\/2020\/04\/versiegelung-muster.png","type":"image\/png"}],"twitter_card":"summary_large_image","twitter_misc":{"Availability":"In stock"},"schema":{"@context":"https:\/\/schema.org","@graph":[{"@type":"WebPage","@id":"https:\/\/www.versiegelung24.com\/sl\/product\/muster-premium-solaranlagen-photovoltaik-versiegelung-mit-extremer-haltbarkeit-und-effizienzsteigerung-7000-7601\/","url":"https:\/\/www.versiegelung24.com\/sl\/product\/muster-premium-solaranlagen-photovoltaik-versiegelung-mit-extremer-haltbarkeit-und-effizienzsteigerung-7000-7601\/","name":"Vzorec: Premium solarni sistemi \/ fotovoltai\u010dno tesnjenje z izjemno vzdr\u017eljivostjo in ve\u010djo u\u010dinkovitostjo - 7000-7601 - versiegelung24.com","isPartOf":{"@id":"https:\/\/www.versiegelung24.com\/sl\/#website"},"primaryImageOfPage":{"@id":"https:\/\/www.versiegelung24.com\/sl\/product\/muster-premium-solaranlagen-photovoltaik-versiegelung-mit-extremer-haltbarkeit-und-effizienzsteigerung-7000-7601\/#primaryimage"},"image":{"@id":"https:\/\/www.versiegelung24.com\/sl\/product\/muster-premium-solaranlagen-photovoltaik-versiegelung-mit-extremer-haltbarkeit-und-effizienzsteigerung-7000-7601\/#primaryimage"},"thumbnailUrl":"https:\/\/www.versiegelung24.com\/wp-content\/uploads\/2020\/04\/versiegelung-muster.png","datePublished":"2024-01-10T14:23:59+00:00","dateModified":"2025-01-05T16:47:36+00:00","breadcrumb":{"@id":"https:\/\/www.versiegelung24.com\/sl\/product\/muster-premium-solaranlagen-photovoltaik-versiegelung-mit-extremer-haltbarkeit-und-effizienzsteigerung-7000-7601\/#breadcrumb"},"inLanguage":"sl-SI","potentialAction":[{"@type":"ReadAction","target":["https:\/\/www.versiegelung24.com\/sl\/product\/muster-premium-solaranlagen-photovoltaik-versiegelung-mit-extremer-haltbarkeit-und-effizienzsteigerung-7000-7601\/"]}]},{"@type":"ImageObject","inLanguage":"sl-SI","@id":"https:\/\/www.versiegelung24.com\/sl\/product\/muster-premium-solaranlagen-photovoltaik-versiegelung-mit-extremer-haltbarkeit-und-effizienzsteigerung-7000-7601\/#primaryimage","url":"https:\/\/www.versiegelung24.com\/wp-content\/uploads\/2020\/04\/versiegelung-muster.png","contentUrl":"https:\/\/www.versiegelung24.com\/wp-content\/uploads\/2020\/04\/versiegelung-muster.png","width":1000,"height":1000},{"@type":"BreadcrumbList","@id":"https:\/\/www.versiegelung24.com\/sl\/product\/muster-premium-solaranlagen-photovoltaik-versiegelung-mit-extremer-haltbarkeit-und-effizienzsteigerung-7000-7601\/#breadcrumb","itemListElement":[{"@type":"ListItem","position":1,"name":"Doma\u010da stran","item":"https:\/\/www.versiegelung24.com\/sl\/spredaj\/"},{"@type":"ListItem","position":2,"name":"Nakupujte","item":"https:\/\/www.versiegelung24.com\/sl\/nakupujte\/"},{"@type":"ListItem","position":3,"name":"Vzorec: Premium solarni sistemi \/ fotovoltai\u010dno tesnjenje z izjemno vzdr\u017eljivostjo in ve\u010djo u\u010dinkovitostjo &#8211; 7000-7601"}]},{"@type":"WebSite","@id":"https:\/\/www.versiegelung24.com\/sl\/#website","url":"https:\/\/www.versiegelung24.com\/sl\/","name":"versiegelung24.com","description":"Fl\u00fcssigglas-Versiegelung - Made in Germany","publisher":{"@id":"https:\/\/www.versiegelung24.com\/sl\/#organization"},"potentialAction":[{"@type":"SearchAction","target":{"@type":"EntryPoint","urlTemplate":"https:\/\/www.versiegelung24.com\/sl\/?s={search_term_string}"},"query-input":{"@type":"PropertyValueSpecification","valueRequired":true,"valueName":"search_term_string"}}],"inLanguage":"sl-SI"},{"@type":"Organization","@id":"https:\/\/www.versiegelung24.com\/sl\/#organization","name":"versiegelung24","url":"https:\/\/www.versiegelung24.com\/sl\/","logo":{"@type":"ImageObject","inLanguage":"sl-SI","@id":"https:\/\/www.versiegelung24.com\/sl\/#\/schema\/logo\/image\/","url":"https:\/\/www.versiegelung24.com\/wp-content\/uploads\/2020\/04\/versiegelung24.png","contentUrl":"https:\/\/www.versiegelung24.com\/wp-content\/uploads\/2020\/04\/versiegelung24.png","width":470,"height":102,"caption":"versiegelung24"},"image":{"@id":"https:\/\/www.versiegelung24.com\/sl\/#\/schema\/logo\/image\/"}}]},"og_availability":"instock","product_availability":"instock","product_retailer_item_id":"1002-7601-muster","product_condition":"new"},"_links":{"self":[{"href":"https:\/\/www.versiegelung24.com\/sl\/wp-json\/wp\/v2\/product\/142075","targetHints":{"allow":["GET"]}}],"collection":[{"href":"https:\/\/www.versiegelung24.com\/sl\/wp-json\/wp\/v2\/product"}],"about":[{"href":"https:\/\/www.versiegelung24.com\/sl\/wp-json\/wp\/v2\/types\/product"}],"version-history":[{"count":1,"href":"https:\/\/www.versiegelung24.com\/sl\/wp-json\/wp\/v2\/product\/142075\/revisions"}],"predecessor-version":[{"id":178389,"href":"https:\/\/www.versiegelung24.com\/sl\/wp-json\/wp\/v2\/product\/142075\/revisions\/178389"}],"wp:featuredmedia":[{"embeddable":true,"href":"https:\/\/www.versiegelung24.com\/sl\/wp-json\/wp\/v2\/media\/14620"}],"wp:attachment":[{"href":"https:\/\/www.versiegelung24.com\/sl\/wp-json\/wp\/v2\/media?parent=142075"}],"wp:term":[{"taxonomy":"product_brand","embeddable":true,"href":"https:\/\/www.versiegelung24.com\/sl\/wp-json\/wp\/v2\/product_brand?post=142075"},{"taxonomy":"product_cat","embeddable":true,"href":"https:\/\/www.versiegelung24.com\/sl\/wp-json\/wp\/v2\/product_cat?post=142075"},{"taxonomy":"product_tag","embeddable":true,"href":"https:\/\/www.versiegelung24.com\/sl\/wp-json\/wp\/v2\/product_tag?post=142075"}],"curies":[{"name":"wp","href":"https:\/\/api.w.org\/{rel}","templated":true}]}}