{"id":145294,"date":"2024-01-07T15:15:48","date_gmt":"2024-01-13T10:21:56","guid":{"rendered":"https:\/\/www.versiegelung24.com\/product\/v24-brisalec-za-umazanijo-100x70x30mm\/"},"modified":"2025-02-01T23:52:51","modified_gmt":"2025-02-01T22:52:51","slug":"v24-schmutzradierer-100x70x30mm","status":"publish","type":"product","link":"https:\/\/www.versiegelung24.com\/sl\/v24-brisalec-za-umazanijo-100x70x30mm.html","title":{"rendered":"V24 Brisalec za umazanijo 100x70x30mm"},"content":{"rendered":"\n<h1 class=\"wp-block-heading\" id=\"h-v24-schmutzradierer-gegen-hartnackige-flecken-online-kaufen\">Kupite V24 brisalec made\u017eev proti trdovratnim made\u017eem na spletu<\/h1>\n\n<h2 class=\"wp-block-heading\" id=\"h-muhelos-hartnackige-flecken-beseitigen-mit-dem-versiegelung24-com-schmutzradierer\">Brez te\u017eav odstranite trdovratne made\u017ee z brisalcem made\u017eev Versiegelung24.com<\/h2>\n\n<p>Z na\u0161imi <a href=\"https:\/\/www.versiegelung24.com\/fluessigglas-versiegelung\/\">tesnilnimi sredstvi<\/a> lahko zape\u010datite le \u010diste povr\u0161ine, zato je treba odstraniti lahke in trdovratne made\u017ee. Na\u0161 brisalec umazanije je visokotehnolo\u0161ka melaminska goba, ki je kot nala\u0161\u010d za \u010di\u0161\u010denje povr\u0161in. Pri posebej trdovratnih made\u017eih priporo\u010damo dodatno uporabo na\u0161ega 100-odstotno biorazgradljivega organskega \u010distila <a href=\"https:\/\/www.versiegelung24.com\/sl\/biosativa-biolosko-predcistilno-sredstvo.html\">BIOSATIVA\u00ae<\/a>, vendar kemi\u010dna \u010distila niso potrebna.<\/p>\n\n<div class=\"wp-block-columns is-layout-flex wp-container-core-columns-is-layout-9d6595d7 wp-block-columns-is-layout-flex\">\n<div class=\"wp-block-column is-layout-flow wp-block-column-is-layout-flow\">\n<h2 class=\"wp-block-heading\" id=\"properties\">Zna\u010dilnosti izdelka<\/h2>\n\n\n\n<ul class=\"wp-block-list\">\n<li>Visokotehnolo\u0161ka melaminska goba<\/li>\n\n\n\n<li>Dimenzije: 100x70x30 mm<\/li>\n\n\n\n<li>brez kemi\u010dnih sestavin<\/li>\n\n\n\n<li>nestrupeno<\/li>\n<\/ul>\n\n\n\n<h2 class=\"wp-block-heading\" id=\"application\">Kako zanesljivo odstraniti umazanijo z na\u0161o gobo za brisanje<\/h2>\n\n\n\n<ol class=\"wp-block-list\">\n<li>Navla\u017eite in iztisnite gobo<\/li>\n\n\n\n<li>Z rahlim pritiskom zdrgnite umazanijo<\/li>\n\n\n\n<li>Nato gobo sperite in jo ponovno uporabite.<\/li>\n<\/ol>\n<\/div>\n\n\n\n<div class=\"wp-block-column is-layout-flow wp-block-column-is-layout-flow\">\n<figure class=\"wp-block-image size-full\"><img fetchpriority=\"high\" decoding=\"async\" width=\"1105\" height=\"1105\" src=\"https:\/\/www.versiegelung24.com\/wp-content\/uploads\/2024\/01\/v24-9020-content-1.webp\" alt=\"\" class=\"wp-image-138069\" srcset=\"https:\/\/www.versiegelung24.com\/wp-content\/uploads\/2024\/01\/v24-9020-content-1.webp 1105w, https:\/\/www.versiegelung24.com\/wp-content\/uploads\/2024\/01\/v24-9020-content-1-300x300.webp 300w, https:\/\/www.versiegelung24.com\/wp-content\/uploads\/2024\/01\/v24-9020-content-1-80x80.webp 80w, https:\/\/www.versiegelung24.com\/wp-content\/uploads\/2024\/01\/v24-9020-content-1-768x768.webp 768w, https:\/\/www.versiegelung24.com\/wp-content\/uploads\/2024\/01\/v24-9020-content-1-70x70.webp 70w, https:\/\/www.versiegelung24.com\/wp-content\/uploads\/2024\/01\/v24-9020-content-1-400x400.webp 400w, https:\/\/www.versiegelung24.com\/wp-content\/uploads\/2024\/01\/v24-9020-content-1-600x600.webp 600w, https:\/\/www.versiegelung24.com\/wp-content\/uploads\/2024\/01\/v24-9020-content-1-100x100.webp 100w\" sizes=\"(max-width: 1105px) 100vw, 1105px\" \/><\/figure>\n<\/div>\n<\/div>\n\n<h2 class=\"wp-block-heading\" id=\"h-vielfaltige-einsatzmoglichkeiten-des-schmutzradierers\"><strong>\u0160iroka paleta aplikacij za radirko<\/strong><\/h2>\n\n<p>Brisalec umazanije iz Versiegelung24.com je pravi vsestranski pripomo\u010dek za odstranjevanje trdovratnih made\u017eev in umazanije. Zaradi \u0161irokega spektra uporab je nepogre\u0161ljiv pomo\u010dnik v gospodinjstvu. Tukaj je nekaj primerov, za katere lahko uporabite na\u0161o radirko:<\/p>\n\n<ol class=\"wp-block-list\">\n<li><strong>Odstranite made\u017ee na stenah:<\/strong> Idealno za odstranjevanje sledi in made\u017eev s sten, kot so prstni odtisi ali made\u017ei umazanije.<\/li>\n\n\n\n<li><strong>\u010ci\u0161\u010denje kuhinjskih aparatov:<\/strong> u\u010dinkovito odstranjuje ma\u0161\u010dobo in ostanke hrane s kuhinjskih povr\u0161in, \u0161tedilnikov in pe\u010dic.<\/li>\n\n\n\n<li><strong>\u010ci\u0161\u010denje kopalnice:<\/strong> Odstranjevanje vodnega kamna in made\u017eev vode na armaturah, plo\u0161\u010dicah in kabinah za prhanje.<\/li>\n\n\n\n<li><strong>\u010cistilo za \u010devlje:<\/strong> odstranjuje trdovratne made\u017ee in odrgnine na supergah in drugih materialih za \u010devlje.<\/li>\n\n\n\n<li><strong>Nega pohi\u0161tva:<\/strong> idealen za \u010di\u0161\u010denje plasti\u010dnih ali lesenih povr\u0161in pohi\u0161tva, odstranjuje prstne odtise in made\u017ee.<\/li>\n\n\n\n<li><strong>Made\u017ei na tkaninah:<\/strong> Varno odstrani made\u017ee s kav\u010dev, stolov ali drugih povr\u0161in iz tkanin.<\/li>\n\n\n\n<li><strong>\u010ci\u0161\u010denje notranjosti avtomobila:<\/strong> Odli\u010dno za \u010di\u0161\u010denje armaturnih plo\u0161\u010d, vratnih plo\u0161\u010d in drugih plasti\u010dnih delov v avtomobilu.<\/li>\n\n\n\n<li><strong>Ra\u010dunalniki in elektronika:<\/strong> varen za \u010di\u0161\u010denje tipkovnic in drugih ob\u010dutljivih elektronskih naprav.<\/li>\n\n\n\n<li><strong>\u010cistilec igra\u010d:<\/strong> Odstranjuje umazanijo in made\u017ee s plasti\u010dnih igra\u010d brez \u0161kodljivih kemikalij.<\/li>\n\n\n\n<li><strong>Vrata in ro\u010daji:<\/strong> U\u010dinkovito odstranjuje prstne odtise in umazanijo z ro\u010dajev in okvirjev vrat.<\/li>\n<\/ol>\n\n<h2 class=\"wp-block-heading\" id=\"h-was-sie-vor-dem-kauf-des-radierschwamms-beachten-sollten\">Kaj morate upo\u0161tevati pred nakupom gobice za brisanje<\/h2>\n\n<h3 class=\"wp-block-heading\" id=\"h-geeignete-oberflachen-fur-den-wunderschwamm\">Primerne povr\u0161ine za \u010dude\u017eno gobo<\/h3>\n\n<p>\u010cude\u017ena goba je vsestransko orodje za \u010di\u0161\u010denje, ki ga lahko uporabljate na razli\u010dnih povr\u0161inah. Primerne povr\u0161ine za \u010dude\u017eno gobo so <strong>plastika, nerjavno jeklo, steklo, keramika, tapete, plo\u0161\u010dice in \u0161e veliko ve\u010d<\/strong>. Z gobo lahko u\u010dinkovito odstranite umazanijo, ma\u0161\u010dobo in ostanke na teh materialih. \u010cude\u017ena goba je primerna tudi za ob\u010dutljive povr\u0161ine, kot je les, saj se ne opraska in ne pu\u0161\u010da grdih sledi. Z njim lahko ne\u017eno o\u010distite povr\u0161ine, ne da bi jih po\u0161kodovali.  <\/p>\n\n<p><\/p><h3>Na kaj morate biti pozorni<\/h3>Gobo lahko poljubno prire\u017eete, da dose\u017eete \u0161e posebej zahtevna obmo\u010dja.  <strong>Previdnost pri posebej ob\u010dutljivih<\/strong>, <strong>sijajnih<\/strong>, <strong>lakiranih<\/strong> in <strong>poliranih<\/strong> <strong>povr\u0161inah<\/strong>! Priporo\u010dljivo je, da predhodno opravite preskus na neopazni povr\u0161ini in upo\u0161tevate, da se izdelek obrabi, zlasti na hrapavih povr\u0161inah. Po nanosu je treba povr\u0161ine o\u010distiti s \u010disto vodo, da se odstranijo morebitni ostanki.\n","protected":false},"excerpt":{"rendered":"<p class=\"MsoNormal\"><strong>Melaminska goba za predhodno \u010di\u0161\u010denje povr\u0161in<\/strong><\/p>\n<p>\u2713 Za ve\u010dkratno uporabo<\/p>\n<p>\u2713 Okolju prijazno<\/p>\n<p>\u2713 Priro\u010dno<\/p>\n<p>\u2713 Univerzalna uporaba<\/p>\n<p>\u2713 100x70x30mm<\/p>\n<p>&nbsp;<\/p>\n","protected":false},"featured_media":138040,"template":"","meta":{"_acf_changed":false,"neve_meta_sidebar":"","neve_meta_container":"","neve_meta_enable_content_width":"","neve_meta_content_width":0,"neve_meta_title_alignment":"","neve_meta_author_avatar":"","neve_post_elements_order":"","neve_meta_disable_header":"","neve_meta_disable_footer":"","neve_meta_disable_title":"","neve_meta_reading_time":"","_surfaces":[],"_ver_product_tabs":[],"footnotes":""},"product_brand":[],"product_cat":[2227,2249,2252,2525,3090,2176],"product_tag":[],"class_list":{"0":"post-145294","1":"product","2":"type-product","3":"status-publish","4":"has-post-thumbnail","6":"product_cat-tesnilo-za-steklo-in-keramiko","7":"product_cat-tesnjenje-iz-kovine-in-plastike","8":"product_cat-cistila","9":"product_cat-univerzalno-tesnilo","10":"product_cat-opremo","11":"product_cat-tesnjenje-avtomobila","13":"first","14":"instock","15":"taxable","16":"shipping-taxable","17":"purchasable","18":"product-type-simple"},"acf":[],"yoast_head":"<!-- This site is optimized with the Yoast SEO Premium plugin v22.8 (Yoast SEO v27.5) - https:\/\/yoast.com\/product\/yoast-seo-premium-wordpress\/ -->\n<title>Nakup brisalcev umazanije poceni na spletu - Versiegelung24.com<\/title>\n<meta name=\"description\" content=\"Na Versiegelung24.com poceni kupite brisalec umazanije in brez te\u017eav odstranite trdovratno umazanijo z razli\u010dnih povr\u0161in.\" \/>\n<meta name=\"robots\" content=\"index, follow, max-snippet:-1, max-image-preview:large, max-video-preview:-1\" \/>\n<link rel=\"canonical\" href=\"https:\/\/www.versiegelung24.com\/sl\/v24-brisalec-za-umazanijo-100x70x30mm.html\" \/>\n<meta property=\"og:locale\" content=\"sl_SI\" \/>\n<meta property=\"og:type\" content=\"article\" \/>\n<meta property=\"og:title\" content=\"V24 Brisalec za umazanijo 100x70x30mm\" \/>\n<meta property=\"og:description\" content=\"Na Versiegelung24.com poceni kupite brisalec umazanije in brez te\u017eav odstranite trdovratno umazanijo z razli\u010dnih povr\u0161in.\" \/>\n<meta property=\"og:url\" content=\"https:\/\/www.versiegelung24.com\/sl\/v24-brisalec-za-umazanijo-100x70x30mm.html\" \/>\n<meta property=\"og:site_name\" content=\"versiegelung24.com\" \/>\n<meta property=\"article:modified_time\" content=\"2025-02-01T22:52:51+00:00\" \/>\n<meta property=\"og:image\" content=\"https:\/\/www.versiegelung24.com\/wp-content\/uploads\/2024\/01\/V24-9020-3.webp\" \/>\n\t<meta property=\"og:image:width\" content=\"600\" \/>\n\t<meta property=\"og:image:height\" content=\"600\" \/>\n\t<meta property=\"og:image:type\" content=\"image\/webp\" \/>\n<meta name=\"twitter:card\" content=\"summary_large_image\" \/>\n<meta name=\"twitter:label1\" content=\"Price\" \/>\n\t<meta name=\"twitter:data1\" content=\"0,99&euro;\" \/>\n\t<meta name=\"twitter:label2\" content=\"Availability\" \/>\n\t<meta name=\"twitter:data2\" content=\"In stock\" \/>\n<script type=\"application\/ld+json\" class=\"yoast-schema-graph\">{\"@context\":\"https:\\\/\\\/schema.org\",\"@graph\":[{\"@type\":\"WebPage\",\"@id\":\"https:\\\/\\\/www.versiegelung24.com\\\/sl\\\/v24-brisalec-za-umazanijo-100x70x30mm.html\",\"url\":\"https:\\\/\\\/www.versiegelung24.com\\\/sl\\\/v24-brisalec-za-umazanijo-100x70x30mm.html\",\"name\":\"Nakup brisalcev umazanije poceni na spletu - Versiegelung24.com\",\"isPartOf\":{\"@id\":\"https:\\\/\\\/www.versiegelung24.com\\\/sl\\\/#website\"},\"primaryImageOfPage\":{\"@id\":\"https:\\\/\\\/www.versiegelung24.com\\\/sl\\\/v24-brisalec-za-umazanijo-100x70x30mm.html#primaryimage\"},\"image\":{\"@id\":\"https:\\\/\\\/www.versiegelung24.com\\\/sl\\\/v24-brisalec-za-umazanijo-100x70x30mm.html#primaryimage\"},\"thumbnailUrl\":\"https:\\\/\\\/www.versiegelung24.com\\\/wp-content\\\/uploads\\\/2024\\\/01\\\/V24-9020-3.webp\",\"datePublished\":\"2024-01-13T10:21:56+00:00\",\"dateModified\":\"2025-02-01T22:52:51+00:00\",\"description\":\"Na Versiegelung24.com poceni kupite brisalec umazanije in brez te\u017eav odstranite trdovratno umazanijo z razli\u010dnih povr\u0161in.\",\"breadcrumb\":{\"@id\":\"https:\\\/\\\/www.versiegelung24.com\\\/sl\\\/v24-brisalec-za-umazanijo-100x70x30mm.html#breadcrumb\"},\"inLanguage\":\"sl-SI\",\"potentialAction\":[{\"@type\":\"ReadAction\",\"target\":[\"https:\\\/\\\/www.versiegelung24.com\\\/sl\\\/v24-brisalec-za-umazanijo-100x70x30mm.html\"]}]},{\"@type\":\"ImageObject\",\"inLanguage\":\"sl-SI\",\"@id\":\"https:\\\/\\\/www.versiegelung24.com\\\/sl\\\/v24-brisalec-za-umazanijo-100x70x30mm.html#primaryimage\",\"url\":\"https:\\\/\\\/www.versiegelung24.com\\\/wp-content\\\/uploads\\\/2024\\\/01\\\/V24-9020-3.webp\",\"contentUrl\":\"https:\\\/\\\/www.versiegelung24.com\\\/wp-content\\\/uploads\\\/2024\\\/01\\\/V24-9020-3.webp\",\"width\":600,\"height\":600},{\"@type\":\"BreadcrumbList\",\"@id\":\"https:\\\/\\\/www.versiegelung24.com\\\/sl\\\/v24-brisalec-za-umazanijo-100x70x30mm.html#breadcrumb\",\"itemListElement\":[{\"@type\":\"ListItem\",\"position\":1,\"name\":\"Doma\u010da stran\",\"item\":\"https:\\\/\\\/www.versiegelung24.com\\\/sl\\\/spredaj\\\/\"},{\"@type\":\"ListItem\",\"position\":2,\"name\":\"Nakupujte\",\"item\":\"https:\\\/\\\/www.versiegelung24.com\\\/sl\\\/nakupujte\\\/\"},{\"@type\":\"ListItem\",\"position\":3,\"name\":\"V24 Brisalec za umazanijo 100x70x30mm\"}]},{\"@type\":\"WebSite\",\"@id\":\"https:\\\/\\\/www.versiegelung24.com\\\/sl\\\/#website\",\"url\":\"https:\\\/\\\/www.versiegelung24.com\\\/sl\\\/\",\"name\":\"versiegelung24.com\",\"description\":\"Fl\u00fcssigglas-Versiegelung - Made in Germany\",\"publisher\":{\"@id\":\"https:\\\/\\\/www.versiegelung24.com\\\/sl\\\/#organization\"},\"potentialAction\":[{\"@type\":\"SearchAction\",\"target\":{\"@type\":\"EntryPoint\",\"urlTemplate\":\"https:\\\/\\\/www.versiegelung24.com\\\/sl\\\/?s={search_term_string}\"},\"query-input\":{\"@type\":\"PropertyValueSpecification\",\"valueRequired\":true,\"valueName\":\"search_term_string\"}}],\"inLanguage\":\"sl-SI\"},{\"@type\":\"Organization\",\"@id\":\"https:\\\/\\\/www.versiegelung24.com\\\/sl\\\/#organization\",\"name\":\"versiegelung24\",\"url\":\"https:\\\/\\\/www.versiegelung24.com\\\/sl\\\/\",\"logo\":{\"@type\":\"ImageObject\",\"inLanguage\":\"sl-SI\",\"@id\":\"https:\\\/\\\/www.versiegelung24.com\\\/sl\\\/#\\\/schema\\\/logo\\\/image\\\/\",\"url\":\"https:\\\/\\\/www.versiegelung24.com\\\/wp-content\\\/uploads\\\/2020\\\/04\\\/versiegelung24.png\",\"contentUrl\":\"https:\\\/\\\/www.versiegelung24.com\\\/wp-content\\\/uploads\\\/2020\\\/04\\\/versiegelung24.png\",\"width\":470,\"height\":102,\"caption\":\"versiegelung24\"},\"image\":{\"@id\":\"https:\\\/\\\/www.versiegelung24.com\\\/sl\\\/#\\\/schema\\\/logo\\\/image\\\/\"}}]}<\/script>\n<meta property=\"product:price:amount\" content=\"0.99\" \/>\n<meta property=\"product:price:currency\" content=\"EUR\" \/>\n<meta property=\"og:availability\" content=\"instock\" \/>\n<meta property=\"product:availability\" content=\"instock\" \/>\n<meta property=\"product:retailer_item_id\" content=\"V24-9020-1\" \/>\n<meta property=\"product:condition\" content=\"new\" \/>\n<!-- \/ Yoast SEO Premium plugin. -->","yoast_head_json":{"title":"Nakup brisalcev umazanije poceni na spletu - Versiegelung24.com","description":"Na Versiegelung24.com poceni kupite brisalec umazanije in brez te\u017eav odstranite trdovratno umazanijo z razli\u010dnih povr\u0161in.","robots":{"index":"index","follow":"follow","max-snippet":"max-snippet:-1","max-image-preview":"max-image-preview:large","max-video-preview":"max-video-preview:-1"},"canonical":"https:\/\/www.versiegelung24.com\/sl\/v24-brisalec-za-umazanijo-100x70x30mm.html","og_locale":"sl_SI","og_type":"article","og_title":"V24 Brisalec za umazanijo 100x70x30mm","og_description":"Na Versiegelung24.com poceni kupite brisalec umazanije in brez te\u017eav odstranite trdovratno umazanijo z razli\u010dnih povr\u0161in.","og_url":"https:\/\/www.versiegelung24.com\/sl\/v24-brisalec-za-umazanijo-100x70x30mm.html","og_site_name":"versiegelung24.com","article_modified_time":"2025-02-01T22:52:51+00:00","og_image":[{"width":600,"height":600,"url":"https:\/\/www.versiegelung24.com\/wp-content\/uploads\/2024\/01\/V24-9020-3.webp","type":"image\/webp"}],"twitter_card":"summary_large_image","twitter_misc":{"Price":"0,99&euro;","Availability":"In stock"},"schema":{"@context":"https:\/\/schema.org","@graph":[{"@type":"WebPage","@id":"https:\/\/www.versiegelung24.com\/sl\/v24-brisalec-za-umazanijo-100x70x30mm.html","url":"https:\/\/www.versiegelung24.com\/sl\/v24-brisalec-za-umazanijo-100x70x30mm.html","name":"Nakup brisalcev umazanije poceni na spletu - Versiegelung24.com","isPartOf":{"@id":"https:\/\/www.versiegelung24.com\/sl\/#website"},"primaryImageOfPage":{"@id":"https:\/\/www.versiegelung24.com\/sl\/v24-brisalec-za-umazanijo-100x70x30mm.html#primaryimage"},"image":{"@id":"https:\/\/www.versiegelung24.com\/sl\/v24-brisalec-za-umazanijo-100x70x30mm.html#primaryimage"},"thumbnailUrl":"https:\/\/www.versiegelung24.com\/wp-content\/uploads\/2024\/01\/V24-9020-3.webp","datePublished":"2024-01-13T10:21:56+00:00","dateModified":"2025-02-01T22:52:51+00:00","description":"Na Versiegelung24.com poceni kupite brisalec umazanije in brez te\u017eav odstranite trdovratno umazanijo z razli\u010dnih povr\u0161in.","breadcrumb":{"@id":"https:\/\/www.versiegelung24.com\/sl\/v24-brisalec-za-umazanijo-100x70x30mm.html#breadcrumb"},"inLanguage":"sl-SI","potentialAction":[{"@type":"ReadAction","target":["https:\/\/www.versiegelung24.com\/sl\/v24-brisalec-za-umazanijo-100x70x30mm.html"]}]},{"@type":"ImageObject","inLanguage":"sl-SI","@id":"https:\/\/www.versiegelung24.com\/sl\/v24-brisalec-za-umazanijo-100x70x30mm.html#primaryimage","url":"https:\/\/www.versiegelung24.com\/wp-content\/uploads\/2024\/01\/V24-9020-3.webp","contentUrl":"https:\/\/www.versiegelung24.com\/wp-content\/uploads\/2024\/01\/V24-9020-3.webp","width":600,"height":600},{"@type":"BreadcrumbList","@id":"https:\/\/www.versiegelung24.com\/sl\/v24-brisalec-za-umazanijo-100x70x30mm.html#breadcrumb","itemListElement":[{"@type":"ListItem","position":1,"name":"Doma\u010da stran","item":"https:\/\/www.versiegelung24.com\/sl\/spredaj\/"},{"@type":"ListItem","position":2,"name":"Nakupujte","item":"https:\/\/www.versiegelung24.com\/sl\/nakupujte\/"},{"@type":"ListItem","position":3,"name":"V24 Brisalec za umazanijo 100x70x30mm"}]},{"@type":"WebSite","@id":"https:\/\/www.versiegelung24.com\/sl\/#website","url":"https:\/\/www.versiegelung24.com\/sl\/","name":"versiegelung24.com","description":"Fl\u00fcssigglas-Versiegelung - Made in Germany","publisher":{"@id":"https:\/\/www.versiegelung24.com\/sl\/#organization"},"potentialAction":[{"@type":"SearchAction","target":{"@type":"EntryPoint","urlTemplate":"https:\/\/www.versiegelung24.com\/sl\/?s={search_term_string}"},"query-input":{"@type":"PropertyValueSpecification","valueRequired":true,"valueName":"search_term_string"}}],"inLanguage":"sl-SI"},{"@type":"Organization","@id":"https:\/\/www.versiegelung24.com\/sl\/#organization","name":"versiegelung24","url":"https:\/\/www.versiegelung24.com\/sl\/","logo":{"@type":"ImageObject","inLanguage":"sl-SI","@id":"https:\/\/www.versiegelung24.com\/sl\/#\/schema\/logo\/image\/","url":"https:\/\/www.versiegelung24.com\/wp-content\/uploads\/2020\/04\/versiegelung24.png","contentUrl":"https:\/\/www.versiegelung24.com\/wp-content\/uploads\/2020\/04\/versiegelung24.png","width":470,"height":102,"caption":"versiegelung24"},"image":{"@id":"https:\/\/www.versiegelung24.com\/sl\/#\/schema\/logo\/image\/"}}]},"product_price_amount":"0.99","product_price_currency":"EUR","og_availability":"instock","product_availability":"instock","product_retailer_item_id":"V24-9020-1","product_condition":"new"},"_links":{"self":[{"href":"https:\/\/www.versiegelung24.com\/sl\/wp-json\/wp\/v2\/product\/145294","targetHints":{"allow":["GET"]}}],"collection":[{"href":"https:\/\/www.versiegelung24.com\/sl\/wp-json\/wp\/v2\/product"}],"about":[{"href":"https:\/\/www.versiegelung24.com\/sl\/wp-json\/wp\/v2\/types\/product"}],"version-history":[{"count":1,"href":"https:\/\/www.versiegelung24.com\/sl\/wp-json\/wp\/v2\/product\/145294\/revisions"}],"predecessor-version":[{"id":145298,"href":"https:\/\/www.versiegelung24.com\/sl\/wp-json\/wp\/v2\/product\/145294\/revisions\/145298"}],"wp:featuredmedia":[{"embeddable":true,"href":"https:\/\/www.versiegelung24.com\/sl\/wp-json\/wp\/v2\/media\/138040"}],"wp:attachment":[{"href":"https:\/\/www.versiegelung24.com\/sl\/wp-json\/wp\/v2\/media?parent=145294"}],"wp:term":[{"taxonomy":"product_brand","embeddable":true,"href":"https:\/\/www.versiegelung24.com\/sl\/wp-json\/wp\/v2\/product_brand?post=145294"},{"taxonomy":"product_cat","embeddable":true,"href":"https:\/\/www.versiegelung24.com\/sl\/wp-json\/wp\/v2\/product_cat?post=145294"},{"taxonomy":"product_tag","embeddable":true,"href":"https:\/\/www.versiegelung24.com\/sl\/wp-json\/wp\/v2\/product_tag?post=145294"}],"curies":[{"name":"wp","href":"https:\/\/api.w.org\/{rel}","templated":true}]}}