{"id":149474,"date":"2022-02-11T08:49:15","date_gmt":"2024-01-29T19:43:01","guid":{"rendered":"https:\/\/www.versiegelung24.com\/product\/krpa-iz-mikrovlaken-40x40-cm-za-predhodno-ciscenje-ali-poliranje-rumene-barve\/"},"modified":"2025-01-05T15:31:16","modified_gmt":"2025-01-05T14:31:16","slug":"krpa-iz-mikrovlaken-40x40cm-za-pred-ciscenje-ali-poliranje-rumena","status":"publish","type":"product","link":"https:\/\/www.versiegelung24.com\/sl\/krpa-iz-mikrovlaken-40x40cm-za-pred-ciscenje-ali-poliranje-rumena.html","title":{"rendered":"Krpa iz mikrovlaken 40&#215;40 cm za predhodno \u010di\u0161\u010denje ali poliranje rumene barve"},"content":{"rendered":"\n<p>Krpa iz mikrovlaken za predhodno \u010di\u0161\u010denje ali kon\u010dno poliranje.<\/p>\n\n<p>Zaradi visoke vpojnosti priporo\u010damo tudi krpo iz <a href=\"https:\/\/www.versiegelung24.com\/applikationstuch-20x20cm.html\">mikrovlaken za nana\u0161anje na\u0161ih teko\u010dih tesnil za steklo<\/a><\/p>\n\n<p>Priporo\u010damo, da za vsak korak uporabe na\u0161ih povr\u0161inskih tesnil in impregnacij uporabite lo\u010deno krpo iz mikrovlaken.<\/p>\n\n<p>\u010ce po \u010di\u0161\u010denju na krpi ostane umazanija, povr\u0161ina \u0161e ni popolnoma in optimalno o\u010di\u0161\u010dena. Dober u\u010dinek tesnjenja lahko dose\u017eete le, \u010de na povr\u0161ini ni ve\u010d umazanije.<\/p>\n\n<hr\/>\n\n<h4 class=\"wp-block-heading\" id=\"properties\">Zna\u010dilnosti izdelka<\/h4>\n\n<div class=\"wp-block-columns is-layout-flex wp-container-core-columns-is-layout-9d6595d7 wp-block-columns-is-layout-flex\">\n<div class=\"wp-block-column is-layout-flow wp-block-column-is-layout-flow\">\n<p><br\/>Sestava: 80% poliester, 20% poliamid Velikost: 40x40cm<\/p>\n<\/div>\n\n\n\n<div class=\"wp-block-column is-layout-flow wp-block-column-is-layout-flow\">\n<p>Visoka kakovost s suho maso 280 g\/m2.<\/p>\n<\/div>\n<\/div>\n\n<hr\/>\n\n<h4 class=\"wp-block-heading\" id=\"application\">Aplikacija<\/h4>\n\n<p>Uporablja se lahko univerzalno v zaprtih prostorih in na prostem. Idealna velikost za \u010di\u0161\u010denje stekla, keramike, plovil, avtomobilov in avtodomov.<\/p>\n\n<p>\u010ci\u0161\u010denje brez puhanja, brez prask in s hitrim su\u0161enjem. Delci umazanije in prahu se absorbirajo skoraj brez ostankov.<\/p>\n\n<p>Material je primeren za ve\u010dkratno uporabo in zato zelo prijazen do okolja. Enostavno pranje v pralnem stroju brez detergenta.<\/p>\n","protected":false},"excerpt":{"rendered":"<p><strong>Krpa iz mikrovlaken za predhodno \u010di\u0161\u010denje ali kon\u010dno poliranje:<\/strong><\/p>\n<p>\u2713 Za ve\u010dkratno uporabo<\/p>\n<p>\u2713 Okolju prijazno<\/p>\n<p>\u2713 Izjemno vpojen<\/p>\n<p>\u2713 Hitro su\u0161enje<\/p>\n<p>\u2713 Brez vlaken<\/p>\n<p>\u2713 Brez prask<\/p>\n<p>\u2713 80 % poliester \/ 20 % poliamid<\/p>\n<p>\u2713 Suha te\u017ea 280 g\/m2<\/p>\n","protected":false},"featured_media":64791,"template":"","meta":{"_acf_changed":false,"neve_meta_sidebar":"","neve_meta_container":"","neve_meta_enable_content_width":"","neve_meta_content_width":0,"neve_meta_title_alignment":"","neve_meta_author_avatar":"","neve_post_elements_order":"","neve_meta_disable_header":"","neve_meta_disable_footer":"","neve_meta_disable_title":"","neve_meta_reading_time":"","_surfaces":[],"_ver_product_tabs":[],"footnotes":""},"product_brand":[],"product_cat":[3090,2227,2249,2252,2258,2259,2260,2525,2708,2176],"product_tag":[],"class_list":{"0":"post-149474","1":"product","2":"type-product","3":"status-publish","4":"has-post-thumbnail","6":"product_cat-opremo","7":"product_cat-tesnilo-za-steklo-in-keramiko","8":"product_cat-tesnjenje-iz-kovine-in-plastike","9":"product_cat-cistila","10":"product_cat-razkuzila","11":"product_cat-povrsinska-razkuzila","12":"product_cat-koncentrati-razkuzil","13":"product_cat-univerzalno-tesnilo","14":"product_cat-razkuzilo-za-roke","15":"product_cat-tesnjenje-avtomobila","16":"pa_farbe-modra","17":"pa_farbe-bela","19":"first","20":"instock","21":"taxable","22":"shipping-taxable","23":"purchasable","24":"product-type-simple"},"acf":[],"yoast_head":"<!-- This site is optimized with the Yoast SEO Premium plugin v22.8 (Yoast SEO v27.5) - https:\/\/yoast.com\/product\/yoast-seo-premium-wordpress\/ -->\n<title>Krpa iz mikrovlaken 40x40 cm za predhodno \u010di\u0161\u010denje ali poliranje rumene barve - versiegelung24.com<\/title>\n<meta name=\"description\" content=\"Krpa iz mikrovlaken &quot; Izjemno vpojna &quot; Hitro su\u0161enje &quot; Brez vlaken &quot; Brez prask &quot; 80 % poliester \/ 20 % poliamid &quot; Suha te\u017ea 280 g\/m2\" \/>\n<meta name=\"robots\" content=\"index, follow, max-snippet:-1, max-image-preview:large, max-video-preview:-1\" \/>\n<link rel=\"canonical\" href=\"https:\/\/www.versiegelung24.com\/sl\/krpa-iz-mikrovlaken-40x40cm-za-pred-ciscenje-ali-poliranje-rumena.html\" \/>\n<meta property=\"og:locale\" content=\"sl_SI\" \/>\n<meta property=\"og:type\" content=\"article\" \/>\n<meta property=\"og:title\" content=\"Krpa iz mikrovlaken 40x40 cm za predhodno \u010di\u0161\u010denje ali poliranje rumene barve\" \/>\n<meta property=\"og:description\" content=\"Krpa iz mikrovlaken &quot; Izjemno vpojna &quot; Hitro su\u0161enje &quot; Brez vlaken &quot; Brez prask &quot; 80 % poliester \/ 20 % poliamid &quot; Suha te\u017ea 280 g\/m2\" \/>\n<meta property=\"og:url\" content=\"https:\/\/www.versiegelung24.com\/sl\/krpa-iz-mikrovlaken-40x40cm-za-pred-ciscenje-ali-poliranje-rumena.html\" \/>\n<meta property=\"og:site_name\" content=\"versiegelung24.com\" \/>\n<meta property=\"article:modified_time\" content=\"2025-01-05T14:31:16+00:00\" \/>\n<meta property=\"og:image\" content=\"https:\/\/www.versiegelung24.com\/wp-content\/uploads\/2022\/02\/V24-9004-1-Mikrofaser-gelb-40x40cm-Custom.jpg\" \/>\n\t<meta property=\"og:image:width\" content=\"1024\" \/>\n\t<meta property=\"og:image:height\" content=\"1024\" \/>\n\t<meta property=\"og:image:type\" content=\"image\/jpeg\" \/>\n<meta name=\"twitter:card\" content=\"summary_large_image\" \/>\n<meta name=\"twitter:label1\" content=\"Price\" \/>\n\t<meta name=\"twitter:data1\" content=\"1,25&euro;\" \/>\n\t<meta name=\"twitter:label2\" content=\"Availability\" \/>\n\t<meta name=\"twitter:data2\" content=\"In stock\" \/>\n<script type=\"application\/ld+json\" class=\"yoast-schema-graph\">{\"@context\":\"https:\\\/\\\/schema.org\",\"@graph\":[{\"@type\":\"WebPage\",\"@id\":\"https:\\\/\\\/www.versiegelung24.com\\\/sl\\\/krpa-iz-mikrovlaken-40x40cm-za-pred-ciscenje-ali-poliranje-rumena.html\",\"url\":\"https:\\\/\\\/www.versiegelung24.com\\\/sl\\\/krpa-iz-mikrovlaken-40x40cm-za-pred-ciscenje-ali-poliranje-rumena.html\",\"name\":\"Krpa iz mikrovlaken 40x40 cm za predhodno \u010di\u0161\u010denje ali poliranje rumene barve - versiegelung24.com\",\"isPartOf\":{\"@id\":\"https:\\\/\\\/www.versiegelung24.com\\\/sl\\\/#website\"},\"primaryImageOfPage\":{\"@id\":\"https:\\\/\\\/www.versiegelung24.com\\\/sl\\\/krpa-iz-mikrovlaken-40x40cm-za-pred-ciscenje-ali-poliranje-rumena.html#primaryimage\"},\"image\":{\"@id\":\"https:\\\/\\\/www.versiegelung24.com\\\/sl\\\/krpa-iz-mikrovlaken-40x40cm-za-pred-ciscenje-ali-poliranje-rumena.html#primaryimage\"},\"thumbnailUrl\":\"https:\\\/\\\/www.versiegelung24.com\\\/wp-content\\\/uploads\\\/2022\\\/02\\\/V24-9004-1-Mikrofaser-gelb-40x40cm-Custom.jpg\",\"datePublished\":\"2024-01-29T19:43:01+00:00\",\"dateModified\":\"2025-01-05T14:31:16+00:00\",\"description\":\"Krpa iz mikrovlaken \\\" Izjemno vpojna \\\" Hitro su\u0161enje \\\" Brez vlaken \\\" Brez prask \\\" 80 % poliester \\\/ 20 % poliamid \\\" Suha te\u017ea 280 g\\\/m2\",\"breadcrumb\":{\"@id\":\"https:\\\/\\\/www.versiegelung24.com\\\/sl\\\/krpa-iz-mikrovlaken-40x40cm-za-pred-ciscenje-ali-poliranje-rumena.html#breadcrumb\"},\"inLanguage\":\"sl-SI\",\"potentialAction\":[{\"@type\":\"ReadAction\",\"target\":[\"https:\\\/\\\/www.versiegelung24.com\\\/sl\\\/krpa-iz-mikrovlaken-40x40cm-za-pred-ciscenje-ali-poliranje-rumena.html\"]}]},{\"@type\":\"ImageObject\",\"inLanguage\":\"sl-SI\",\"@id\":\"https:\\\/\\\/www.versiegelung24.com\\\/sl\\\/krpa-iz-mikrovlaken-40x40cm-za-pred-ciscenje-ali-poliranje-rumena.html#primaryimage\",\"url\":\"https:\\\/\\\/www.versiegelung24.com\\\/wp-content\\\/uploads\\\/2022\\\/02\\\/V24-9004-1-Mikrofaser-gelb-40x40cm-Custom.jpg\",\"contentUrl\":\"https:\\\/\\\/www.versiegelung24.com\\\/wp-content\\\/uploads\\\/2022\\\/02\\\/V24-9004-1-Mikrofaser-gelb-40x40cm-Custom.jpg\",\"width\":1024,\"height\":1024},{\"@type\":\"BreadcrumbList\",\"@id\":\"https:\\\/\\\/www.versiegelung24.com\\\/sl\\\/krpa-iz-mikrovlaken-40x40cm-za-pred-ciscenje-ali-poliranje-rumena.html#breadcrumb\",\"itemListElement\":[{\"@type\":\"ListItem\",\"position\":1,\"name\":\"Doma\u010da stran\",\"item\":\"https:\\\/\\\/www.versiegelung24.com\\\/sl\\\/spredaj\\\/\"},{\"@type\":\"ListItem\",\"position\":2,\"name\":\"Nakupujte\",\"item\":\"https:\\\/\\\/www.versiegelung24.com\\\/sl\\\/nakupujte\\\/\"},{\"@type\":\"ListItem\",\"position\":3,\"name\":\"Krpa iz mikrovlaken 40&#215;40 cm za predhodno \u010di\u0161\u010denje ali poliranje rumene barve\"}]},{\"@type\":\"WebSite\",\"@id\":\"https:\\\/\\\/www.versiegelung24.com\\\/sl\\\/#website\",\"url\":\"https:\\\/\\\/www.versiegelung24.com\\\/sl\\\/\",\"name\":\"versiegelung24.com\",\"description\":\"Fl\u00fcssigglas-Versiegelung - Made in Germany\",\"publisher\":{\"@id\":\"https:\\\/\\\/www.versiegelung24.com\\\/sl\\\/#organization\"},\"potentialAction\":[{\"@type\":\"SearchAction\",\"target\":{\"@type\":\"EntryPoint\",\"urlTemplate\":\"https:\\\/\\\/www.versiegelung24.com\\\/sl\\\/?s={search_term_string}\"},\"query-input\":{\"@type\":\"PropertyValueSpecification\",\"valueRequired\":true,\"valueName\":\"search_term_string\"}}],\"inLanguage\":\"sl-SI\"},{\"@type\":\"Organization\",\"@id\":\"https:\\\/\\\/www.versiegelung24.com\\\/sl\\\/#organization\",\"name\":\"versiegelung24\",\"url\":\"https:\\\/\\\/www.versiegelung24.com\\\/sl\\\/\",\"logo\":{\"@type\":\"ImageObject\",\"inLanguage\":\"sl-SI\",\"@id\":\"https:\\\/\\\/www.versiegelung24.com\\\/sl\\\/#\\\/schema\\\/logo\\\/image\\\/\",\"url\":\"https:\\\/\\\/www.versiegelung24.com\\\/wp-content\\\/uploads\\\/2020\\\/04\\\/versiegelung24.png\",\"contentUrl\":\"https:\\\/\\\/www.versiegelung24.com\\\/wp-content\\\/uploads\\\/2020\\\/04\\\/versiegelung24.png\",\"width\":470,\"height\":102,\"caption\":\"versiegelung24\"},\"image\":{\"@id\":\"https:\\\/\\\/www.versiegelung24.com\\\/sl\\\/#\\\/schema\\\/logo\\\/image\\\/\"}}]}<\/script>\n<meta property=\"product:price:amount\" content=\"1.25\" \/>\n<meta property=\"product:price:currency\" content=\"EUR\" \/>\n<meta property=\"og:availability\" content=\"instock\" \/>\n<meta property=\"product:availability\" content=\"instock\" \/>\n<meta property=\"product:retailer_item_id\" content=\"V24-9004\" \/>\n<meta property=\"product:condition\" content=\"new\" \/>\n<!-- \/ Yoast SEO Premium plugin. -->","yoast_head_json":{"title":"Krpa iz mikrovlaken 40x40 cm za predhodno \u010di\u0161\u010denje ali poliranje rumene barve - versiegelung24.com","description":"Krpa iz mikrovlaken \" Izjemno vpojna \" Hitro su\u0161enje \" Brez vlaken \" Brez prask \" 80 % poliester \/ 20 % poliamid \" Suha te\u017ea 280 g\/m2","robots":{"index":"index","follow":"follow","max-snippet":"max-snippet:-1","max-image-preview":"max-image-preview:large","max-video-preview":"max-video-preview:-1"},"canonical":"https:\/\/www.versiegelung24.com\/sl\/krpa-iz-mikrovlaken-40x40cm-za-pred-ciscenje-ali-poliranje-rumena.html","og_locale":"sl_SI","og_type":"article","og_title":"Krpa iz mikrovlaken 40x40 cm za predhodno \u010di\u0161\u010denje ali poliranje rumene barve","og_description":"Krpa iz mikrovlaken \" Izjemno vpojna \" Hitro su\u0161enje \" Brez vlaken \" Brez prask \" 80 % poliester \/ 20 % poliamid \" Suha te\u017ea 280 g\/m2","og_url":"https:\/\/www.versiegelung24.com\/sl\/krpa-iz-mikrovlaken-40x40cm-za-pred-ciscenje-ali-poliranje-rumena.html","og_site_name":"versiegelung24.com","article_modified_time":"2025-01-05T14:31:16+00:00","og_image":[{"width":1024,"height":1024,"url":"https:\/\/www.versiegelung24.com\/wp-content\/uploads\/2022\/02\/V24-9004-1-Mikrofaser-gelb-40x40cm-Custom.jpg","type":"image\/jpeg"}],"twitter_card":"summary_large_image","twitter_misc":{"Price":"1,25&euro;","Availability":"In stock"},"schema":{"@context":"https:\/\/schema.org","@graph":[{"@type":"WebPage","@id":"https:\/\/www.versiegelung24.com\/sl\/krpa-iz-mikrovlaken-40x40cm-za-pred-ciscenje-ali-poliranje-rumena.html","url":"https:\/\/www.versiegelung24.com\/sl\/krpa-iz-mikrovlaken-40x40cm-za-pred-ciscenje-ali-poliranje-rumena.html","name":"Krpa iz mikrovlaken 40x40 cm za predhodno \u010di\u0161\u010denje ali poliranje rumene barve - versiegelung24.com","isPartOf":{"@id":"https:\/\/www.versiegelung24.com\/sl\/#website"},"primaryImageOfPage":{"@id":"https:\/\/www.versiegelung24.com\/sl\/krpa-iz-mikrovlaken-40x40cm-za-pred-ciscenje-ali-poliranje-rumena.html#primaryimage"},"image":{"@id":"https:\/\/www.versiegelung24.com\/sl\/krpa-iz-mikrovlaken-40x40cm-za-pred-ciscenje-ali-poliranje-rumena.html#primaryimage"},"thumbnailUrl":"https:\/\/www.versiegelung24.com\/wp-content\/uploads\/2022\/02\/V24-9004-1-Mikrofaser-gelb-40x40cm-Custom.jpg","datePublished":"2024-01-29T19:43:01+00:00","dateModified":"2025-01-05T14:31:16+00:00","description":"Krpa iz mikrovlaken \" Izjemno vpojna \" Hitro su\u0161enje \" Brez vlaken \" Brez prask \" 80 % poliester \/ 20 % poliamid \" Suha te\u017ea 280 g\/m2","breadcrumb":{"@id":"https:\/\/www.versiegelung24.com\/sl\/krpa-iz-mikrovlaken-40x40cm-za-pred-ciscenje-ali-poliranje-rumena.html#breadcrumb"},"inLanguage":"sl-SI","potentialAction":[{"@type":"ReadAction","target":["https:\/\/www.versiegelung24.com\/sl\/krpa-iz-mikrovlaken-40x40cm-za-pred-ciscenje-ali-poliranje-rumena.html"]}]},{"@type":"ImageObject","inLanguage":"sl-SI","@id":"https:\/\/www.versiegelung24.com\/sl\/krpa-iz-mikrovlaken-40x40cm-za-pred-ciscenje-ali-poliranje-rumena.html#primaryimage","url":"https:\/\/www.versiegelung24.com\/wp-content\/uploads\/2022\/02\/V24-9004-1-Mikrofaser-gelb-40x40cm-Custom.jpg","contentUrl":"https:\/\/www.versiegelung24.com\/wp-content\/uploads\/2022\/02\/V24-9004-1-Mikrofaser-gelb-40x40cm-Custom.jpg","width":1024,"height":1024},{"@type":"BreadcrumbList","@id":"https:\/\/www.versiegelung24.com\/sl\/krpa-iz-mikrovlaken-40x40cm-za-pred-ciscenje-ali-poliranje-rumena.html#breadcrumb","itemListElement":[{"@type":"ListItem","position":1,"name":"Doma\u010da stran","item":"https:\/\/www.versiegelung24.com\/sl\/spredaj\/"},{"@type":"ListItem","position":2,"name":"Nakupujte","item":"https:\/\/www.versiegelung24.com\/sl\/nakupujte\/"},{"@type":"ListItem","position":3,"name":"Krpa iz mikrovlaken 40&#215;40 cm za predhodno \u010di\u0161\u010denje ali poliranje rumene barve"}]},{"@type":"WebSite","@id":"https:\/\/www.versiegelung24.com\/sl\/#website","url":"https:\/\/www.versiegelung24.com\/sl\/","name":"versiegelung24.com","description":"Fl\u00fcssigglas-Versiegelung - Made in Germany","publisher":{"@id":"https:\/\/www.versiegelung24.com\/sl\/#organization"},"potentialAction":[{"@type":"SearchAction","target":{"@type":"EntryPoint","urlTemplate":"https:\/\/www.versiegelung24.com\/sl\/?s={search_term_string}"},"query-input":{"@type":"PropertyValueSpecification","valueRequired":true,"valueName":"search_term_string"}}],"inLanguage":"sl-SI"},{"@type":"Organization","@id":"https:\/\/www.versiegelung24.com\/sl\/#organization","name":"versiegelung24","url":"https:\/\/www.versiegelung24.com\/sl\/","logo":{"@type":"ImageObject","inLanguage":"sl-SI","@id":"https:\/\/www.versiegelung24.com\/sl\/#\/schema\/logo\/image\/","url":"https:\/\/www.versiegelung24.com\/wp-content\/uploads\/2020\/04\/versiegelung24.png","contentUrl":"https:\/\/www.versiegelung24.com\/wp-content\/uploads\/2020\/04\/versiegelung24.png","width":470,"height":102,"caption":"versiegelung24"},"image":{"@id":"https:\/\/www.versiegelung24.com\/sl\/#\/schema\/logo\/image\/"}}]},"product_price_amount":"1.25","product_price_currency":"EUR","og_availability":"instock","product_availability":"instock","product_retailer_item_id":"V24-9004","product_condition":"new"},"_links":{"self":[{"href":"https:\/\/www.versiegelung24.com\/sl\/wp-json\/wp\/v2\/product\/149474","targetHints":{"allow":["GET"]}}],"collection":[{"href":"https:\/\/www.versiegelung24.com\/sl\/wp-json\/wp\/v2\/product"}],"about":[{"href":"https:\/\/www.versiegelung24.com\/sl\/wp-json\/wp\/v2\/types\/product"}],"version-history":[{"count":10,"href":"https:\/\/www.versiegelung24.com\/sl\/wp-json\/wp\/v2\/product\/149474\/revisions"}],"predecessor-version":[{"id":178221,"href":"https:\/\/www.versiegelung24.com\/sl\/wp-json\/wp\/v2\/product\/149474\/revisions\/178221"}],"wp:featuredmedia":[{"embeddable":true,"href":"https:\/\/www.versiegelung24.com\/sl\/wp-json\/wp\/v2\/media\/64791"}],"wp:attachment":[{"href":"https:\/\/www.versiegelung24.com\/sl\/wp-json\/wp\/v2\/media?parent=149474"}],"wp:term":[{"taxonomy":"product_brand","embeddable":true,"href":"https:\/\/www.versiegelung24.com\/sl\/wp-json\/wp\/v2\/product_brand?post=149474"},{"taxonomy":"product_cat","embeddable":true,"href":"https:\/\/www.versiegelung24.com\/sl\/wp-json\/wp\/v2\/product_cat?post=149474"},{"taxonomy":"product_tag","embeddable":true,"href":"https:\/\/www.versiegelung24.com\/sl\/wp-json\/wp\/v2\/product_tag?post=149474"}],"curies":[{"name":"wp","href":"https:\/\/api.w.org\/{rel}","templated":true}]}}