{"id":157693,"date":"2024-04-04T12:30:43","date_gmt":"2024-04-04T10:30:43","guid":{"rendered":"https:\/\/www.versiegelung24.com\/?post_type=product&#038;p=157693"},"modified":"2025-01-05T18:32:57","modified_gmt":"2025-01-05T17:32:57","slug":"isopropanol","status":"publish","type":"product","link":"https:\/\/www.versiegelung24.com\/sl\/100-bioetanol-visoke-cistosti-za-profesionalno-predciscenje-kopie.html","title":{"rendered":"Izopropanol 99,9 % visoke \u010distosti za predhodno \u010di\u0161\u010denje"},"content":{"rendered":"\n<h4 class=\"wp-block-heading\" id=\"h-beschreibung\">Opis  <\/h4>\n\n<p>Izopropanol, znan tudi kot IPA, 2-propanol ali izopropil alkohol, je brezbarvna, bistra teko\u010dina z zna\u010dilnim vonjem, za katero je zna\u010dilna \u0161iroka uporaba v gospodinjstvu, v ljubiteljskem sektorju in v industriji. Zaradi visoke \u010distosti 99,9 % je na\u0161 izopropanol idealno sredstvo za predhodno \u010di\u0161\u010denje razli\u010dnih povr\u0161in in pripravo na nadaljnje postopke obdelave.<\/p>\n\n<p>Zelo dobro se lahko uporablja v kombinaciji z na\u0161im biolo\u0161kim predhodnim \u010distilom brez ostankov <strong><a href=\"https:\/\/www.versiegelung24.com\/sl\/biosativa-biolosko-predcistilno-sredstvo.html\">BIOSATIVA\u00ae<\/a><\/strong><br\/>za pripravo npr.<a href=\"https:\/\/www.versiegelung24.com\/versiegelung-glas-keramik\/\">stekla<\/a>, <a href=\"https:\/\/www.versiegelung24.com\/versiegelung-glas-keramik\/\">keramike<\/a>, pobarvanih <a href=\"https:\/\/www.versiegelung24.com\/oberflaechen\/\">povr\u0161in<\/a> za nanos na\u0161ih povr\u0161inskih tesnil.<\/p>\n\n<hr\/>\n\n<h4 class=\"wp-block-heading\" id=\"properties\">Zna\u010dilnosti izdelka<\/h4>\n\n<p>\u2713 <strong>Lastnosti razma\u0161\u010devanja<\/strong>: U\u010dinkovito odstranjuje ma\u0161\u010dobe, olja in nekatera lepila.<\/p>\n\n<p>\u2713 <strong>Dezinfekcijski potencial<\/strong>: zaradi alkoholne osnove lahko pomaga zmanj\u0161ati \u0161tevilo bakterij in odpraviti neprijetne vonjave.<\/p>\n\n<p>\u2713 <strong>Hitro izhlapevanje<\/strong>: izhlapeva hitro, ne da bi pu\u0161\u010dal ostanke, kar je idealno za postopke \u010di\u0161\u010denja.<\/p>\n\n<p><strong>\u2713 Topnost<\/strong>: Odli\u010dna topnost v vodi, zato je primeren za razli\u010dne razred\u010ditve in uporabo.<\/p>\n\n<p>\u2713 <strong>\u010cistost<\/strong>: 99,9-odstotna vsebnost izopropanola za najvi\u0161je standarde \u010distosti in u\u010dinkovitosti.\u2713 Regionalna proizvodnja s sestavinami iz Evrope<\/p>\n\n<p>\u2713 <strong>Fizikalno stanje<\/strong>: bistra, brezbarvna teko\u010dina z zna\u010dilnim ostrim vonjem.<\/p>\n\n<p><strong>Zelo lahko vnetljivo<\/strong>: ravnati in skladi\u0161\u010diti ga je treba previdno, stran od virov v\u017eiga.<\/p>\n\n<p>\u2713 <strong>Nekorozivno<\/strong>: varno za uporabo na ve\u010dini kovin in plastike, \u010de je ustrezno razred\u010deno.<\/p>\n\n<p>\u2713 <strong>Vsestranska uporabnost<\/strong>: zaradi visoke \u010distosti je primeren za tehni\u010dno, kozmeti\u010dno in laboratorijsko uporabo.<\/p>\n\n<p><strong>\u2713 Varnostni profil<\/strong>: Med uporabo so potrebni za\u0161\u010ditni ukrepi za prepre\u010devanje vdihavanja ali stika s ko\u017eo.<\/p>\n\n<hr\/>\n\n<h4 class=\"wp-block-heading\" id=\"application\">Aplikacija<\/h4>\n\n<ul class=\"wp-block-list\">\n<li><strong>\u010ci\u0161\u010denje stekla<\/strong>: Idealno za \u010di\u0161\u010denje steklenih povr\u0161in brez lis. Za optimalne rezultate priporo\u010damo red\u010denje s 30-odstotno destilirano vodo.<\/li>\n\n\n\n<li><strong>Razma\u0161\u010devanje<\/strong>: U\u010dinkovito odstranjevanje ma\u0161\u010dob, barve, \u010drnila in ostankov lepila z razli\u010dnih povr\u0161in.<\/li>\n\n\n\n<li><strong>Avtomobilska industrija<\/strong>: Nepogre\u0161ljiv za odstranjevanje umazanije in ostankov lepila pred poliranjem barve.<\/li>\n\n\n\n<li><strong>3D-tiskanje<\/strong>: Odli\u010dno za \u010di\u0161\u010denje tiskalnih le\u017ei\u0161\u010d in drugih sestavnih delov 3D-tiskalnikov brez ostankov.<\/li>\n\n\n\n<li><strong>\u010ci\u0161\u010denje uparjalnika<\/strong>: Odli\u010dno za \u010di\u0161\u010denje e-cigaret in cevi, da se prepre\u010di kopi\u010denje bakterij.<\/li>\n\n\n\n<li><strong>Nega plo\u0161\u010d<\/strong>: ljubitelji glasbe cenijo ne\u017een u\u010dinek \u010di\u0161\u010denja njihovih vinilnih zakladov.<\/li>\n\n\n\n<li><strong>Odstranjevanje vonjav<\/strong>: Odstranjevanje neprijetnih vonjav v \u010devljih ali drugih tekstilnih izdelkih.<\/li>\n\n\n\n<li><strong>Zatiranje \u0161kodljivcev<\/strong>: pomaga v boju proti klopom in lesnim \u010drvom.<\/li>\n<\/ul>\n\n<p>Poleg glavnih podro\u010dij uporabe je izopropanol idealen tudi za odstranjevanje ledu iz vratnih klju\u010davnic, \u010di\u0161\u010denje kablov in \u0161tevilne druge uporabe, ki zahtevajo temeljito predhodno \u010di\u0161\u010denje.<\/p>\n\n<hr\/>\n\n<h4 class=\"wp-block-heading\" id=\"faq\">POGOSTA VPRA\u0160ANJA<\/h4>\n\n<div class=\"schema-faq wp-block-yoast-faq-block\"><div class=\"schema-faq-section\" id=\"faq-question-1645793617330\"><strong class=\"schema-faq-question\"><strong>Ali se lahko 99,9-odstotni izopropanol uporablja v medicinske namene ali za razku\u017eevanje<\/strong>?<\/strong> <p class=\"schema-faq-answer\">Izopropanol 99,9 % se lahko uporablja za razku\u017eevanje povr\u0161in, saj ima zaradi visoke koncentracije alkohola baktericidne lastnosti. Za neposredno nana\u0161anje na ko\u017eo ali v medicinske namene pa ga je treba ustrezno razred\u010diti.  <strong>Ne priporo\u010damo uporabe v medicinske namene ali za razku\u017eevanje!<\/strong><\/p> <\/div> <div class=\"schema-faq-section\" id=\"faq-question-1645793819353\"><strong class=\"schema-faq-question\"><strong>Ali je izopropanol 99,9 % varen za \u010di\u0161\u010denje elektronskih naprav?<\/strong><\/strong> <p class=\"schema-faq-answer\">Da, 99,9-odstotni izopropanol je idealen za \u010di\u0161\u010denje elektronskih naprav, saj hitro izhlapi in ne pu\u0161\u010da sledi. Pomembno je, da elektronske naprave pred uporabo izklopite in odklopite ter da alkohola ne pr\u0161ite neposredno na naprave, temve\u010d uporabite krpo, namo\u010deno v izopropanol.<br><\/p> <\/div> <div class=\"schema-faq-section\" id=\"faq-question-1645794918526\"><strong class=\"schema-faq-question\"><strong>Kako shranjevati izopropanol 99,9 %?<\/strong><\/strong> <p class=\"schema-faq-answer\">Izopropanol 99,9 % je treba hraniti v tesno zaprti posodi na hladnem in dobro prezra\u010devanem mestu. Je zelo vnetljiv, zato ga je treba hraniti stran od virov toplote, isker, odprtega ognja in drugih virov v\u017eiga. Poleg tega je treba prostor za shranjevanje izbrati tako, da ni dostopen otrokom in hi\u0161nim ljubljen\u010dkom, da se prepre\u010di naklju\u010dna izpostavljenost.<\/p> <\/div> <\/div>\n","protected":false},"excerpt":{"rendered":"<p>\u2713 <strong>Visoka mo\u010d \u010di\u0161\u010denja<\/strong>: odstranjevanje ostankov lepila<\/p>\n<p>\u2713 <strong>Razma\u0161\u010devanje<\/strong>: odstranjevanje ma\u0161\u010dob in olj brez lis<\/p>\n<p><strong>\u2713 Topnost<\/strong>: odli\u010dna topnost v vodi<\/p>\n<p>\u2713 <strong>Hitro izhlapevanje<\/strong>: hitro izhlapeva, ne da bi pu\u0161\u010dal ostanke<\/p>\n","protected":false},"featured_media":157729,"template":"","meta":{"_acf_changed":false,"neve_meta_sidebar":"","neve_meta_container":"","neve_meta_enable_content_width":"","neve_meta_content_width":0,"neve_meta_title_alignment":"","neve_meta_author_avatar":"","neve_post_elements_order":"","neve_meta_disable_header":"","neve_meta_disable_footer":"","neve_meta_disable_title":"","neve_meta_reading_time":"","_surfaces":[],"_ver_product_tabs":[],"footnotes":""},"product_brand":[],"product_cat":[2252,2610,2176,2227,2249],"product_tag":[],"class_list":{"0":"post-157693","1":"product","2":"type-product","3":"status-publish","4":"has-post-thumbnail","6":"product_cat-cistila","7":"product_cat-bioetanol-sl","8":"product_cat-tesnjenje-avtomobila","9":"product_cat-tesnilo-za-steklo-in-keramiko","10":"product_cat-tesnjenje-iz-kovine-in-plastike","12":"first","13":"instock","14":"taxable","15":"shipping-taxable","16":"purchasable","17":"product-type-simple"},"acf":[],"yoast_head":"<!-- This site is optimized with the Yoast SEO Premium plugin v22.8 (Yoast SEO v27.5) - https:\/\/yoast.com\/product\/yoast-seo-premium-wordpress\/ -->\n<title>Izopropanol 99,9 % visoke \u010distosti za predhodno \u010di\u0161\u010denje - versiegelung24.com<\/title>\n<meta name=\"robots\" content=\"index, follow, max-snippet:-1, max-image-preview:large, max-video-preview:-1\" \/>\n<link rel=\"canonical\" href=\"https:\/\/www.versiegelung24.com\/sl\/100-bioetanol-visoke-cistosti-za-profesionalno-predciscenje-kopie.html\" \/>\n<meta property=\"og:locale\" content=\"sl_SI\" \/>\n<meta property=\"og:type\" content=\"article\" \/>\n<meta property=\"og:title\" content=\"Izopropanol 99,9 % visoke \u010distosti za predhodno \u010di\u0161\u010denje\" \/>\n<meta property=\"og:description\" content=\"\u2713 Visoka mo\u010d \u010di\u0161\u010denja: odstranjevanje ostankov lepila \u2713 Razma\u0161\u010devanje: odstranjevanje ma\u0161\u010dob in olj brez lis \u2713 Topnost: odli\u010dna topnost v vodi \u2713 Hitro izhlapevanje: hitro izhlapeva, ne da bi pu\u0161\u010dal ostanke\" \/>\n<meta property=\"og:url\" content=\"https:\/\/www.versiegelung24.com\/sl\/100-bioetanol-visoke-cistosti-za-profesionalno-predciscenje-kopie.html\" \/>\n<meta property=\"og:site_name\" content=\"versiegelung24.com\" \/>\n<meta property=\"article:modified_time\" content=\"2025-01-05T17:32:57+00:00\" \/>\n<meta property=\"og:image\" content=\"https:\/\/www.versiegelung24.com\/wp-content\/uploads\/2024\/04\/isopropanol-999.webp\" \/>\n\t<meta property=\"og:image:width\" content=\"2560\" \/>\n\t<meta property=\"og:image:height\" content=\"2560\" \/>\n\t<meta property=\"og:image:type\" content=\"image\/webp\" \/>\n<meta name=\"twitter:card\" content=\"summary_large_image\" \/>\n<meta name=\"twitter:label1\" content=\"Price\" \/>\n\t<meta name=\"twitter:data1\" content=\"11,99&euro;\" \/>\n\t<meta name=\"twitter:label2\" content=\"Availability\" \/>\n\t<meta name=\"twitter:data2\" content=\"In stock\" \/>\n<script type=\"application\/ld+json\" class=\"yoast-schema-graph\">{\"@context\":\"https:\\\/\\\/schema.org\",\"@graph\":[{\"@type\":[\"WebPage\",\"FAQPage\"],\"@id\":\"https:\\\/\\\/www.versiegelung24.com\\\/sl\\\/100-bioetanol-visoke-cistosti-za-profesionalno-predciscenje-kopie.html\",\"url\":\"https:\\\/\\\/www.versiegelung24.com\\\/sl\\\/100-bioetanol-visoke-cistosti-za-profesionalno-predciscenje-kopie.html\",\"name\":\"Izopropanol 99,9 % visoke \u010distosti za predhodno \u010di\u0161\u010denje - versiegelung24.com\",\"isPartOf\":{\"@id\":\"https:\\\/\\\/www.versiegelung24.com\\\/sl\\\/#website\"},\"primaryImageOfPage\":{\"@id\":\"https:\\\/\\\/www.versiegelung24.com\\\/sl\\\/100-bioetanol-visoke-cistosti-za-profesionalno-predciscenje-kopie.html#primaryimage\"},\"image\":{\"@id\":\"https:\\\/\\\/www.versiegelung24.com\\\/sl\\\/100-bioetanol-visoke-cistosti-za-profesionalno-predciscenje-kopie.html#primaryimage\"},\"thumbnailUrl\":\"https:\\\/\\\/www.versiegelung24.com\\\/wp-content\\\/uploads\\\/2024\\\/04\\\/isopropanol-999.webp\",\"datePublished\":\"2024-04-04T10:30:43+00:00\",\"dateModified\":\"2025-01-05T17:32:57+00:00\",\"breadcrumb\":{\"@id\":\"https:\\\/\\\/www.versiegelung24.com\\\/sl\\\/100-bioetanol-visoke-cistosti-za-profesionalno-predciscenje-kopie.html#breadcrumb\"},\"mainEntity\":[{\"@id\":\"https:\\\/\\\/www.versiegelung24.com\\\/sl\\\/100-bioetanol-visoke-cistosti-za-profesionalno-predciscenje-kopie.html#faq-question-1645793617330\"},{\"@id\":\"https:\\\/\\\/www.versiegelung24.com\\\/sl\\\/100-bioetanol-visoke-cistosti-za-profesionalno-predciscenje-kopie.html#faq-question-1645793819353\"},{\"@id\":\"https:\\\/\\\/www.versiegelung24.com\\\/sl\\\/100-bioetanol-visoke-cistosti-za-profesionalno-predciscenje-kopie.html#faq-question-1645794918526\"}],\"inLanguage\":\"sl-SI\",\"potentialAction\":[{\"@type\":\"ReadAction\",\"target\":[\"https:\\\/\\\/www.versiegelung24.com\\\/sl\\\/100-bioetanol-visoke-cistosti-za-profesionalno-predciscenje-kopie.html\"]}]},{\"@type\":\"ImageObject\",\"inLanguage\":\"sl-SI\",\"@id\":\"https:\\\/\\\/www.versiegelung24.com\\\/sl\\\/100-bioetanol-visoke-cistosti-za-profesionalno-predciscenje-kopie.html#primaryimage\",\"url\":\"https:\\\/\\\/www.versiegelung24.com\\\/wp-content\\\/uploads\\\/2024\\\/04\\\/isopropanol-999.webp\",\"contentUrl\":\"https:\\\/\\\/www.versiegelung24.com\\\/wp-content\\\/uploads\\\/2024\\\/04\\\/isopropanol-999.webp\",\"width\":2560,\"height\":2560},{\"@type\":\"BreadcrumbList\",\"@id\":\"https:\\\/\\\/www.versiegelung24.com\\\/sl\\\/100-bioetanol-visoke-cistosti-za-profesionalno-predciscenje-kopie.html#breadcrumb\",\"itemListElement\":[{\"@type\":\"ListItem\",\"position\":1,\"name\":\"Doma\u010da stran\",\"item\":\"https:\\\/\\\/www.versiegelung24.com\\\/sl\\\/spredaj\\\/\"},{\"@type\":\"ListItem\",\"position\":2,\"name\":\"Nakupujte\",\"item\":\"https:\\\/\\\/www.versiegelung24.com\\\/sl\\\/nakupujte\\\/\"},{\"@type\":\"ListItem\",\"position\":3,\"name\":\"Izopropanol 99,9 % visoke \u010distosti za predhodno \u010di\u0161\u010denje\"}]},{\"@type\":\"WebSite\",\"@id\":\"https:\\\/\\\/www.versiegelung24.com\\\/sl\\\/#website\",\"url\":\"https:\\\/\\\/www.versiegelung24.com\\\/sl\\\/\",\"name\":\"versiegelung24.com\",\"description\":\"Fl\u00fcssigglas-Versiegelung - Made in Germany\",\"publisher\":{\"@id\":\"https:\\\/\\\/www.versiegelung24.com\\\/sl\\\/#organization\"},\"potentialAction\":[{\"@type\":\"SearchAction\",\"target\":{\"@type\":\"EntryPoint\",\"urlTemplate\":\"https:\\\/\\\/www.versiegelung24.com\\\/sl\\\/?s={search_term_string}\"},\"query-input\":{\"@type\":\"PropertyValueSpecification\",\"valueRequired\":true,\"valueName\":\"search_term_string\"}}],\"inLanguage\":\"sl-SI\"},{\"@type\":\"Organization\",\"@id\":\"https:\\\/\\\/www.versiegelung24.com\\\/sl\\\/#organization\",\"name\":\"versiegelung24\",\"url\":\"https:\\\/\\\/www.versiegelung24.com\\\/sl\\\/\",\"logo\":{\"@type\":\"ImageObject\",\"inLanguage\":\"sl-SI\",\"@id\":\"https:\\\/\\\/www.versiegelung24.com\\\/sl\\\/#\\\/schema\\\/logo\\\/image\\\/\",\"url\":\"https:\\\/\\\/www.versiegelung24.com\\\/wp-content\\\/uploads\\\/2020\\\/04\\\/versiegelung24.png\",\"contentUrl\":\"https:\\\/\\\/www.versiegelung24.com\\\/wp-content\\\/uploads\\\/2020\\\/04\\\/versiegelung24.png\",\"width\":470,\"height\":102,\"caption\":\"versiegelung24\"},\"image\":{\"@id\":\"https:\\\/\\\/www.versiegelung24.com\\\/sl\\\/#\\\/schema\\\/logo\\\/image\\\/\"}},{\"@type\":\"Question\",\"@id\":\"https:\\\/\\\/www.versiegelung24.com\\\/sl\\\/100-bioetanol-visoke-cistosti-za-profesionalno-predciscenje-kopie.html#faq-question-1645793617330\",\"position\":1,\"url\":\"https:\\\/\\\/www.versiegelung24.com\\\/sl\\\/100-bioetanol-visoke-cistosti-za-profesionalno-predciscenje-kopie.html#faq-question-1645793617330\",\"name\":\"Kann Isopropanol 99,9% f\u00fcr medizinische oder desinfizierende Zwecke verwendet werden?\",\"answerCount\":1,\"acceptedAnswer\":{\"@type\":\"Answer\",\"text\":\"Isopropanol 99,9% kann f\u00fcr die Desinfektion von Oberfl\u00e4chen verwendet werden, da es aufgrund seiner hohen Alkoholkonzentration bakterizide Eigenschaften besitzt. F\u00fcr die direkte Anwendung auf der Haut oder f\u00fcr medizinische Zwecke sollte es jedoch entsprechend verd\u00fcnnt werden. <strong>Wir empfehlen die Verwendung f\u00fcr medizinische oder desinfizierende Zwecke nicht!<\\\/strong>\",\"inLanguage\":\"sl-SI\"},\"inLanguage\":\"sl-SI\"},{\"@type\":\"Question\",\"@id\":\"https:\\\/\\\/www.versiegelung24.com\\\/sl\\\/100-bioetanol-visoke-cistosti-za-profesionalno-predciscenje-kopie.html#faq-question-1645793819353\",\"position\":2,\"url\":\"https:\\\/\\\/www.versiegelung24.com\\\/sl\\\/100-bioetanol-visoke-cistosti-za-profesionalno-predciscenje-kopie.html#faq-question-1645793819353\",\"name\":\"Ist Isopropanol 99,9% sicher f\u00fcr die Reinigung von elektronischen Ger\u00e4ten?\",\"answerCount\":1,\"acceptedAnswer\":{\"@type\":\"Answer\",\"text\":\"Ja, Isopropanol 99,9% eignet sich hervorragend f\u00fcr die Reinigung von elektronischen Ger\u00e4ten, da es schnell verdunstet und keine R\u00fcckst\u00e4nde hinterl\u00e4sst. Es ist wichtig, elektronische Ger\u00e4te vor der Anwendung auszuschalten und zu entkoppeln und den Alkohol nicht direkt auf die Ger\u00e4te zu spr\u00fchen, sondern ein mit Isopropanol getr\u00e4nktes Tuch zu verwenden.<br\\\/>\",\"inLanguage\":\"sl-SI\"},\"inLanguage\":\"sl-SI\"},{\"@type\":\"Question\",\"@id\":\"https:\\\/\\\/www.versiegelung24.com\\\/sl\\\/100-bioetanol-visoke-cistosti-za-profesionalno-predciscenje-kopie.html#faq-question-1645794918526\",\"position\":3,\"url\":\"https:\\\/\\\/www.versiegelung24.com\\\/sl\\\/100-bioetanol-visoke-cistosti-za-profesionalno-predciscenje-kopie.html#faq-question-1645794918526\",\"name\":\"Wie sollte Isopropanol 99,9% gelagert werden?\",\"answerCount\":1,\"acceptedAnswer\":{\"@type\":\"Answer\",\"text\":\"Isopropanol 99,9% sollte in einem gut verschlossenen Beh\u00e4lter an einem k\u00fchlen, gut bel\u00fcfteten Ort gelagert werden. Es ist leicht entz\u00fcndlich, daher sollte es fern von Hitzequellen, Funken, offenen Flammen und anderen Z\u00fcndquellen aufbewahrt werden. Zudem sollte der Lagerbereich so gew\u00e4hlt werden, dass er f\u00fcr Kinder und Haustiere unzug\u00e4nglich ist, um unbeabsichtigte Exposition zu vermeiden.\",\"inLanguage\":\"sl-SI\"},\"inLanguage\":\"sl-SI\"}]}<\/script>\n<meta property=\"product:price:amount\" content=\"11.99\" \/>\n<meta property=\"product:price:currency\" content=\"EUR\" \/>\n<meta property=\"og:availability\" content=\"instock\" \/>\n<meta property=\"product:availability\" content=\"instock\" \/>\n<meta property=\"product:retailer_item_id\" content=\"9110-ISO99\" \/>\n<meta property=\"product:condition\" content=\"new\" \/>\n<!-- \/ Yoast SEO Premium plugin. -->","yoast_head_json":{"title":"Izopropanol 99,9 % visoke \u010distosti za predhodno \u010di\u0161\u010denje - versiegelung24.com","robots":{"index":"index","follow":"follow","max-snippet":"max-snippet:-1","max-image-preview":"max-image-preview:large","max-video-preview":"max-video-preview:-1"},"canonical":"https:\/\/www.versiegelung24.com\/sl\/100-bioetanol-visoke-cistosti-za-profesionalno-predciscenje-kopie.html","og_locale":"sl_SI","og_type":"article","og_title":"Izopropanol 99,9 % visoke \u010distosti za predhodno \u010di\u0161\u010denje","og_description":"\u2713 Visoka mo\u010d \u010di\u0161\u010denja: odstranjevanje ostankov lepila \u2713 Razma\u0161\u010devanje: odstranjevanje ma\u0161\u010dob in olj brez lis \u2713 Topnost: odli\u010dna topnost v vodi \u2713 Hitro izhlapevanje: hitro izhlapeva, ne da bi pu\u0161\u010dal ostanke","og_url":"https:\/\/www.versiegelung24.com\/sl\/100-bioetanol-visoke-cistosti-za-profesionalno-predciscenje-kopie.html","og_site_name":"versiegelung24.com","article_modified_time":"2025-01-05T17:32:57+00:00","og_image":[{"width":2560,"height":2560,"url":"https:\/\/www.versiegelung24.com\/wp-content\/uploads\/2024\/04\/isopropanol-999.webp","type":"image\/webp"}],"twitter_card":"summary_large_image","twitter_misc":{"Price":"11,99&euro;","Availability":"In stock"},"schema":{"@context":"https:\/\/schema.org","@graph":[{"@type":["WebPage","FAQPage"],"@id":"https:\/\/www.versiegelung24.com\/sl\/100-bioetanol-visoke-cistosti-za-profesionalno-predciscenje-kopie.html","url":"https:\/\/www.versiegelung24.com\/sl\/100-bioetanol-visoke-cistosti-za-profesionalno-predciscenje-kopie.html","name":"Izopropanol 99,9 % visoke \u010distosti za predhodno \u010di\u0161\u010denje - versiegelung24.com","isPartOf":{"@id":"https:\/\/www.versiegelung24.com\/sl\/#website"},"primaryImageOfPage":{"@id":"https:\/\/www.versiegelung24.com\/sl\/100-bioetanol-visoke-cistosti-za-profesionalno-predciscenje-kopie.html#primaryimage"},"image":{"@id":"https:\/\/www.versiegelung24.com\/sl\/100-bioetanol-visoke-cistosti-za-profesionalno-predciscenje-kopie.html#primaryimage"},"thumbnailUrl":"https:\/\/www.versiegelung24.com\/wp-content\/uploads\/2024\/04\/isopropanol-999.webp","datePublished":"2024-04-04T10:30:43+00:00","dateModified":"2025-01-05T17:32:57+00:00","breadcrumb":{"@id":"https:\/\/www.versiegelung24.com\/sl\/100-bioetanol-visoke-cistosti-za-profesionalno-predciscenje-kopie.html#breadcrumb"},"mainEntity":[{"@id":"https:\/\/www.versiegelung24.com\/sl\/100-bioetanol-visoke-cistosti-za-profesionalno-predciscenje-kopie.html#faq-question-1645793617330"},{"@id":"https:\/\/www.versiegelung24.com\/sl\/100-bioetanol-visoke-cistosti-za-profesionalno-predciscenje-kopie.html#faq-question-1645793819353"},{"@id":"https:\/\/www.versiegelung24.com\/sl\/100-bioetanol-visoke-cistosti-za-profesionalno-predciscenje-kopie.html#faq-question-1645794918526"}],"inLanguage":"sl-SI","potentialAction":[{"@type":"ReadAction","target":["https:\/\/www.versiegelung24.com\/sl\/100-bioetanol-visoke-cistosti-za-profesionalno-predciscenje-kopie.html"]}]},{"@type":"ImageObject","inLanguage":"sl-SI","@id":"https:\/\/www.versiegelung24.com\/sl\/100-bioetanol-visoke-cistosti-za-profesionalno-predciscenje-kopie.html#primaryimage","url":"https:\/\/www.versiegelung24.com\/wp-content\/uploads\/2024\/04\/isopropanol-999.webp","contentUrl":"https:\/\/www.versiegelung24.com\/wp-content\/uploads\/2024\/04\/isopropanol-999.webp","width":2560,"height":2560},{"@type":"BreadcrumbList","@id":"https:\/\/www.versiegelung24.com\/sl\/100-bioetanol-visoke-cistosti-za-profesionalno-predciscenje-kopie.html#breadcrumb","itemListElement":[{"@type":"ListItem","position":1,"name":"Doma\u010da stran","item":"https:\/\/www.versiegelung24.com\/sl\/spredaj\/"},{"@type":"ListItem","position":2,"name":"Nakupujte","item":"https:\/\/www.versiegelung24.com\/sl\/nakupujte\/"},{"@type":"ListItem","position":3,"name":"Izopropanol 99,9 % visoke \u010distosti za predhodno \u010di\u0161\u010denje"}]},{"@type":"WebSite","@id":"https:\/\/www.versiegelung24.com\/sl\/#website","url":"https:\/\/www.versiegelung24.com\/sl\/","name":"versiegelung24.com","description":"Fl\u00fcssigglas-Versiegelung - Made in Germany","publisher":{"@id":"https:\/\/www.versiegelung24.com\/sl\/#organization"},"potentialAction":[{"@type":"SearchAction","target":{"@type":"EntryPoint","urlTemplate":"https:\/\/www.versiegelung24.com\/sl\/?s={search_term_string}"},"query-input":{"@type":"PropertyValueSpecification","valueRequired":true,"valueName":"search_term_string"}}],"inLanguage":"sl-SI"},{"@type":"Organization","@id":"https:\/\/www.versiegelung24.com\/sl\/#organization","name":"versiegelung24","url":"https:\/\/www.versiegelung24.com\/sl\/","logo":{"@type":"ImageObject","inLanguage":"sl-SI","@id":"https:\/\/www.versiegelung24.com\/sl\/#\/schema\/logo\/image\/","url":"https:\/\/www.versiegelung24.com\/wp-content\/uploads\/2020\/04\/versiegelung24.png","contentUrl":"https:\/\/www.versiegelung24.com\/wp-content\/uploads\/2020\/04\/versiegelung24.png","width":470,"height":102,"caption":"versiegelung24"},"image":{"@id":"https:\/\/www.versiegelung24.com\/sl\/#\/schema\/logo\/image\/"}},{"@type":"Question","@id":"https:\/\/www.versiegelung24.com\/sl\/100-bioetanol-visoke-cistosti-za-profesionalno-predciscenje-kopie.html#faq-question-1645793617330","position":1,"url":"https:\/\/www.versiegelung24.com\/sl\/100-bioetanol-visoke-cistosti-za-profesionalno-predciscenje-kopie.html#faq-question-1645793617330","name":"Kann Isopropanol 99,9% f\u00fcr medizinische oder desinfizierende Zwecke verwendet werden?","answerCount":1,"acceptedAnswer":{"@type":"Answer","text":"Isopropanol 99,9% kann f\u00fcr die Desinfektion von Oberfl\u00e4chen verwendet werden, da es aufgrund seiner hohen Alkoholkonzentration bakterizide Eigenschaften besitzt. F\u00fcr die direkte Anwendung auf der Haut oder f\u00fcr medizinische Zwecke sollte es jedoch entsprechend verd\u00fcnnt werden. <strong>Wir empfehlen die Verwendung f\u00fcr medizinische oder desinfizierende Zwecke nicht!<\/strong>","inLanguage":"sl-SI"},"inLanguage":"sl-SI"},{"@type":"Question","@id":"https:\/\/www.versiegelung24.com\/sl\/100-bioetanol-visoke-cistosti-za-profesionalno-predciscenje-kopie.html#faq-question-1645793819353","position":2,"url":"https:\/\/www.versiegelung24.com\/sl\/100-bioetanol-visoke-cistosti-za-profesionalno-predciscenje-kopie.html#faq-question-1645793819353","name":"Ist Isopropanol 99,9% sicher f\u00fcr die Reinigung von elektronischen Ger\u00e4ten?","answerCount":1,"acceptedAnswer":{"@type":"Answer","text":"Ja, Isopropanol 99,9% eignet sich hervorragend f\u00fcr die Reinigung von elektronischen Ger\u00e4ten, da es schnell verdunstet und keine R\u00fcckst\u00e4nde hinterl\u00e4sst. Es ist wichtig, elektronische Ger\u00e4te vor der Anwendung auszuschalten und zu entkoppeln und den Alkohol nicht direkt auf die Ger\u00e4te zu spr\u00fchen, sondern ein mit Isopropanol getr\u00e4nktes Tuch zu verwenden.<br\/>","inLanguage":"sl-SI"},"inLanguage":"sl-SI"},{"@type":"Question","@id":"https:\/\/www.versiegelung24.com\/sl\/100-bioetanol-visoke-cistosti-za-profesionalno-predciscenje-kopie.html#faq-question-1645794918526","position":3,"url":"https:\/\/www.versiegelung24.com\/sl\/100-bioetanol-visoke-cistosti-za-profesionalno-predciscenje-kopie.html#faq-question-1645794918526","name":"Wie sollte Isopropanol 99,9% gelagert werden?","answerCount":1,"acceptedAnswer":{"@type":"Answer","text":"Isopropanol 99,9% sollte in einem gut verschlossenen Beh\u00e4lter an einem k\u00fchlen, gut bel\u00fcfteten Ort gelagert werden. Es ist leicht entz\u00fcndlich, daher sollte es fern von Hitzequellen, Funken, offenen Flammen und anderen Z\u00fcndquellen aufbewahrt werden. Zudem sollte der Lagerbereich so gew\u00e4hlt werden, dass er f\u00fcr Kinder und Haustiere unzug\u00e4nglich ist, um unbeabsichtigte Exposition zu vermeiden.","inLanguage":"sl-SI"},"inLanguage":"sl-SI"}]},"product_price_amount":"11.99","product_price_currency":"EUR","og_availability":"instock","product_availability":"instock","product_retailer_item_id":"9110-ISO99","product_condition":"new"},"_links":{"self":[{"href":"https:\/\/www.versiegelung24.com\/sl\/wp-json\/wp\/v2\/product\/157693","targetHints":{"allow":["GET"]}}],"collection":[{"href":"https:\/\/www.versiegelung24.com\/sl\/wp-json\/wp\/v2\/product"}],"about":[{"href":"https:\/\/www.versiegelung24.com\/sl\/wp-json\/wp\/v2\/types\/product"}],"version-history":[{"count":12,"href":"https:\/\/www.versiegelung24.com\/sl\/wp-json\/wp\/v2\/product\/157693\/revisions"}],"predecessor-version":[{"id":178577,"href":"https:\/\/www.versiegelung24.com\/sl\/wp-json\/wp\/v2\/product\/157693\/revisions\/178577"}],"wp:featuredmedia":[{"embeddable":true,"href":"https:\/\/www.versiegelung24.com\/sl\/wp-json\/wp\/v2\/media\/157729"}],"wp:attachment":[{"href":"https:\/\/www.versiegelung24.com\/sl\/wp-json\/wp\/v2\/media?parent=157693"}],"wp:term":[{"taxonomy":"product_brand","embeddable":true,"href":"https:\/\/www.versiegelung24.com\/sl\/wp-json\/wp\/v2\/product_brand?post=157693"},{"taxonomy":"product_cat","embeddable":true,"href":"https:\/\/www.versiegelung24.com\/sl\/wp-json\/wp\/v2\/product_cat?post=157693"},{"taxonomy":"product_tag","embeddable":true,"href":"https:\/\/www.versiegelung24.com\/sl\/wp-json\/wp\/v2\/product_tag?post=157693"}],"curies":[{"name":"wp","href":"https:\/\/api.w.org\/{rel}","templated":true}]}}