{"id":160949,"date":"2024-05-06T17:28:31","date_gmt":"2024-05-06T15:28:34","guid":{"rendered":"https:\/\/www.versiegelung24.com\/?post_type=product&#038;p=160949"},"modified":"2025-01-13T17:08:43","modified_gmt":"2025-01-13T16:08:43","slug":"arbeitshandschuhe-nylon-schwarz-groesse-9","status":"publish","type":"product","link":"https:\/\/www.versiegelung24.com\/sl\/rumene-nitrilne-delovne-rokavice-s-pletenimi-mansetami-kopie-2.html","title":{"rendered":"Delovne rokavice iz najlona \u010drne velikosti 9"},"content":{"rendered":"\n<h4 class=\"wp-block-heading\" id=\"h-beschreibung\">Opis<\/h4>\n\n<p>Najlonske rokavice za univerzalno uporabo s posebno odpornostjo proti drsenju in obrabi. Najlonske rokavice so brez\u0161ivno pletene brez dra\u017ee\u010dih \u0161ivov in tako prepre\u010dujejo dra\u017eenje ko\u017ee. Zaradi popolnega prileganja zagotavljajo izjemno visoko raven udobja. Rokavice je mogo\u010de prati in ponovno uporabiti, primerne pa so zlasti za avtomobilsko industrijo, vrtnarjenje, doma\u010de mojstre itd.<\/p>\n\n<hr \/>\n\n<h4 class=\"wp-block-heading\" id=\"properties\">Zna\u010dilnosti izdelka<\/h4>\n\n<div class=\"wp-block-columns is-layout-flex wp-container-core-columns-is-layout-9d6595d7 wp-block-columns-is-layout-flex\">\n<div class=\"wp-block-column is-layout-flow wp-block-column-is-layout-flow\">\n<p>\u2713 Prvovrstna, tanka poliuretanska prevleka na dlaneh in prstih<\/p>\n\n\n\n<p>\u2713 Brez\u0161ivna pletenina brez dra\u017ee\u010dih \u0161ivov za prepre\u010devanje dra\u017eenja ko\u017ee<\/p>\n\n\n\n<p>\u2713 Izjemno udobna zaradi popolnega prileganja<\/p>\n\n\n\n<p>\u2713 Izdelano v skladu s standardom EN 388<\/p>\n\n\n\n<p>\u2713 Idealno za skoraj vsa monta\u017ena dela v natan\u010dni mehaniki in povsod, kjer je potrebna natan\u010dnost.<\/p>\n\n\n\n<p>\u2713 Brez utrujenosti rok zaradi no\u0161enja rokavic<\/p>\n\n\n\n<p>\u2713 Hrbtna stran dlani je neprevle\u010dena in zelo zra\u010dna<\/p>\n\n\n\n<p>\u2713 pralno<\/p>\n\n\n\n<p>\u2713 Velikost: 9<\/p>\n<\/div>\n<\/div>\n","protected":false},"excerpt":{"rendered":"<div class=\"product_text_extra\">\n<p>\u2713 Posebej odporno proti drsenju in obrabi<\/p>\n<p>\u2713 Hrbtna stran roke je neprevle\u010dena in zelo zra\u010dna<\/p>\n<p>\u2713 Izjemno udobna zaradi popolnega prileganja<\/p>\n<p>\u2713 Pralno in za ve\u010dkratno uporabo<\/p>\n<p>\u2713 Izdelano v skladu s standardom EN388<\/p>\n<\/div>\n","protected":false},"featured_media":161005,"template":"","meta":{"_acf_changed":false,"neve_meta_sidebar":"","neve_meta_container":"","neve_meta_enable_content_width":"","neve_meta_content_width":0,"neve_meta_title_alignment":"","neve_meta_author_avatar":"","neve_post_elements_order":"","neve_meta_disable_header":"","neve_meta_disable_footer":"","neve_meta_disable_title":"","neve_meta_reading_time":"","_surfaces":[],"_ver_product_tabs":[],"footnotes":""},"product_brand":[],"product_cat":[3090],"product_tag":[],"class_list":{"0":"post-160949","1":"product","2":"type-product","3":"status-publish","4":"has-post-thumbnail","6":"product_cat-opremo","8":"first","9":"instock","10":"taxable","11":"shipping-taxable","12":"purchasable","13":"product-type-simple"},"acf":[],"yoast_head":"<!-- This site is optimized with the Yoast SEO Premium plugin v22.8 (Yoast SEO v27.5) - https:\/\/yoast.com\/product\/yoast-seo-premium-wordpress\/ -->\n<title>Delovne rokavice iz najlona \u010drne velikosti 9 - versiegelung24.com<\/title>\n<meta name=\"robots\" content=\"index, follow, max-snippet:-1, max-image-preview:large, max-video-preview:-1\" \/>\n<link rel=\"canonical\" href=\"https:\/\/www.versiegelung24.com\/sl\/rumene-nitrilne-delovne-rokavice-s-pletenimi-mansetami-kopie-2.html\" \/>\n<meta property=\"og:locale\" content=\"sl_SI\" \/>\n<meta property=\"og:type\" content=\"article\" \/>\n<meta property=\"og:title\" content=\"Delovne rokavice iz najlona \u010drne velikosti 9\" \/>\n<meta property=\"og:description\" content=\"\u2713 Posebej odporno proti drsenju in obrabi \u2713 Hrbtna stran roke je neprevle\u010dena in zelo zra\u010dna \u2713 Izjemno udobna zaradi popolnega prileganja \u2713 Pralno in za ve\u010dkratno uporabo \u2713 Izdelano v skladu s standardom EN388\" \/>\n<meta property=\"og:url\" content=\"https:\/\/www.versiegelung24.com\/sl\/rumene-nitrilne-delovne-rokavice-s-pletenimi-mansetami-kopie-2.html\" \/>\n<meta property=\"og:site_name\" content=\"versiegelung24.com\" \/>\n<meta property=\"article:modified_time\" content=\"2025-01-13T16:08:43+00:00\" \/>\n<meta name=\"twitter:card\" content=\"summary_large_image\" \/>\n<meta name=\"twitter:label1\" content=\"Price\" \/>\n\t<meta name=\"twitter:data1\" content=\"2,49&euro;\" \/>\n\t<meta name=\"twitter:label2\" content=\"Availability\" \/>\n\t<meta name=\"twitter:data2\" content=\"In stock\" \/>\n<script type=\"application\/ld+json\" class=\"yoast-schema-graph\">{\"@context\":\"https:\\\/\\\/schema.org\",\"@graph\":[{\"@type\":\"WebPage\",\"@id\":\"https:\\\/\\\/www.versiegelung24.com\\\/sl\\\/rumene-nitrilne-delovne-rokavice-s-pletenimi-mansetami-kopie-2.html\",\"url\":\"https:\\\/\\\/www.versiegelung24.com\\\/sl\\\/rumene-nitrilne-delovne-rokavice-s-pletenimi-mansetami-kopie-2.html\",\"name\":\"Delovne rokavice iz najlona \u010drne velikosti 9 - versiegelung24.com\",\"isPartOf\":{\"@id\":\"https:\\\/\\\/www.versiegelung24.com\\\/sl\\\/#website\"},\"primaryImageOfPage\":{\"@id\":\"https:\\\/\\\/www.versiegelung24.com\\\/sl\\\/rumene-nitrilne-delovne-rokavice-s-pletenimi-mansetami-kopie-2.html#primaryimage\"},\"image\":{\"@id\":\"https:\\\/\\\/www.versiegelung24.com\\\/sl\\\/rumene-nitrilne-delovne-rokavice-s-pletenimi-mansetami-kopie-2.html#primaryimage\"},\"thumbnailUrl\":\"https:\\\/\\\/www.versiegelung24.com\\\/wp-content\\\/uploads\\\/2024\\\/05\\\/nitril-oben.webp\",\"datePublished\":\"2024-05-06T15:28:34+00:00\",\"dateModified\":\"2025-01-13T16:08:43+00:00\",\"breadcrumb\":{\"@id\":\"https:\\\/\\\/www.versiegelung24.com\\\/sl\\\/rumene-nitrilne-delovne-rokavice-s-pletenimi-mansetami-kopie-2.html#breadcrumb\"},\"inLanguage\":\"sl-SI\",\"potentialAction\":[{\"@type\":\"ReadAction\",\"target\":[\"https:\\\/\\\/www.versiegelung24.com\\\/sl\\\/rumene-nitrilne-delovne-rokavice-s-pletenimi-mansetami-kopie-2.html\"]}]},{\"@type\":\"ImageObject\",\"inLanguage\":\"sl-SI\",\"@id\":\"https:\\\/\\\/www.versiegelung24.com\\\/sl\\\/rumene-nitrilne-delovne-rokavice-s-pletenimi-mansetami-kopie-2.html#primaryimage\",\"url\":\"https:\\\/\\\/www.versiegelung24.com\\\/wp-content\\\/uploads\\\/2024\\\/05\\\/nitril-oben.webp\",\"contentUrl\":\"https:\\\/\\\/www.versiegelung24.com\\\/wp-content\\\/uploads\\\/2024\\\/05\\\/nitril-oben.webp\",\"width\":2000,\"height\":2000},{\"@type\":\"BreadcrumbList\",\"@id\":\"https:\\\/\\\/www.versiegelung24.com\\\/sl\\\/rumene-nitrilne-delovne-rokavice-s-pletenimi-mansetami-kopie-2.html#breadcrumb\",\"itemListElement\":[{\"@type\":\"ListItem\",\"position\":1,\"name\":\"Doma\u010da stran\",\"item\":\"https:\\\/\\\/www.versiegelung24.com\\\/sl\\\/spredaj\\\/\"},{\"@type\":\"ListItem\",\"position\":2,\"name\":\"Nakupujte\",\"item\":\"https:\\\/\\\/www.versiegelung24.com\\\/sl\\\/nakupujte\\\/\"},{\"@type\":\"ListItem\",\"position\":3,\"name\":\"Delovne rokavice iz najlona \u010drne velikosti 9\"}]},{\"@type\":\"WebSite\",\"@id\":\"https:\\\/\\\/www.versiegelung24.com\\\/sl\\\/#website\",\"url\":\"https:\\\/\\\/www.versiegelung24.com\\\/sl\\\/\",\"name\":\"versiegelung24.com\",\"description\":\"Fl\u00fcssigglas-Versiegelung - Made in Germany\",\"publisher\":{\"@id\":\"https:\\\/\\\/www.versiegelung24.com\\\/sl\\\/#organization\"},\"potentialAction\":[{\"@type\":\"SearchAction\",\"target\":{\"@type\":\"EntryPoint\",\"urlTemplate\":\"https:\\\/\\\/www.versiegelung24.com\\\/sl\\\/?s={search_term_string}\"},\"query-input\":{\"@type\":\"PropertyValueSpecification\",\"valueRequired\":true,\"valueName\":\"search_term_string\"}}],\"inLanguage\":\"sl-SI\"},{\"@type\":\"Organization\",\"@id\":\"https:\\\/\\\/www.versiegelung24.com\\\/sl\\\/#organization\",\"name\":\"versiegelung24\",\"url\":\"https:\\\/\\\/www.versiegelung24.com\\\/sl\\\/\",\"logo\":{\"@type\":\"ImageObject\",\"inLanguage\":\"sl-SI\",\"@id\":\"https:\\\/\\\/www.versiegelung24.com\\\/sl\\\/#\\\/schema\\\/logo\\\/image\\\/\",\"url\":\"https:\\\/\\\/www.versiegelung24.com\\\/wp-content\\\/uploads\\\/2020\\\/04\\\/versiegelung24.png\",\"contentUrl\":\"https:\\\/\\\/www.versiegelung24.com\\\/wp-content\\\/uploads\\\/2020\\\/04\\\/versiegelung24.png\",\"width\":470,\"height\":102,\"caption\":\"versiegelung24\"},\"image\":{\"@id\":\"https:\\\/\\\/www.versiegelung24.com\\\/sl\\\/#\\\/schema\\\/logo\\\/image\\\/\"}}]}<\/script>\n<meta property=\"product:price:amount\" content=\"2.49\" \/>\n<meta property=\"product:price:currency\" content=\"EUR\" \/>\n<meta property=\"og:availability\" content=\"instock\" \/>\n<meta property=\"product:availability\" content=\"instock\" \/>\n<meta property=\"product:retailer_item_id\" content=\"V24-SB340-9\" \/>\n<meta property=\"product:condition\" content=\"new\" \/>\n<!-- \/ Yoast SEO Premium plugin. -->","yoast_head_json":{"title":"Delovne rokavice iz najlona \u010drne velikosti 9 - versiegelung24.com","robots":{"index":"index","follow":"follow","max-snippet":"max-snippet:-1","max-image-preview":"max-image-preview:large","max-video-preview":"max-video-preview:-1"},"canonical":"https:\/\/www.versiegelung24.com\/sl\/rumene-nitrilne-delovne-rokavice-s-pletenimi-mansetami-kopie-2.html","og_locale":"sl_SI","og_type":"article","og_title":"Delovne rokavice iz najlona \u010drne velikosti 9","og_description":"\u2713 Posebej odporno proti drsenju in obrabi \u2713 Hrbtna stran roke je neprevle\u010dena in zelo zra\u010dna \u2713 Izjemno udobna zaradi popolnega prileganja \u2713 Pralno in za ve\u010dkratno uporabo \u2713 Izdelano v skladu s standardom EN388","og_url":"https:\/\/www.versiegelung24.com\/sl\/rumene-nitrilne-delovne-rokavice-s-pletenimi-mansetami-kopie-2.html","og_site_name":"versiegelung24.com","article_modified_time":"2025-01-13T16:08:43+00:00","twitter_card":"summary_large_image","twitter_misc":{"Price":"2,49&euro;","Availability":"In stock"},"schema":{"@context":"https:\/\/schema.org","@graph":[{"@type":"WebPage","@id":"https:\/\/www.versiegelung24.com\/sl\/rumene-nitrilne-delovne-rokavice-s-pletenimi-mansetami-kopie-2.html","url":"https:\/\/www.versiegelung24.com\/sl\/rumene-nitrilne-delovne-rokavice-s-pletenimi-mansetami-kopie-2.html","name":"Delovne rokavice iz najlona \u010drne velikosti 9 - versiegelung24.com","isPartOf":{"@id":"https:\/\/www.versiegelung24.com\/sl\/#website"},"primaryImageOfPage":{"@id":"https:\/\/www.versiegelung24.com\/sl\/rumene-nitrilne-delovne-rokavice-s-pletenimi-mansetami-kopie-2.html#primaryimage"},"image":{"@id":"https:\/\/www.versiegelung24.com\/sl\/rumene-nitrilne-delovne-rokavice-s-pletenimi-mansetami-kopie-2.html#primaryimage"},"thumbnailUrl":"https:\/\/www.versiegelung24.com\/wp-content\/uploads\/2024\/05\/nitril-oben.webp","datePublished":"2024-05-06T15:28:34+00:00","dateModified":"2025-01-13T16:08:43+00:00","breadcrumb":{"@id":"https:\/\/www.versiegelung24.com\/sl\/rumene-nitrilne-delovne-rokavice-s-pletenimi-mansetami-kopie-2.html#breadcrumb"},"inLanguage":"sl-SI","potentialAction":[{"@type":"ReadAction","target":["https:\/\/www.versiegelung24.com\/sl\/rumene-nitrilne-delovne-rokavice-s-pletenimi-mansetami-kopie-2.html"]}]},{"@type":"ImageObject","inLanguage":"sl-SI","@id":"https:\/\/www.versiegelung24.com\/sl\/rumene-nitrilne-delovne-rokavice-s-pletenimi-mansetami-kopie-2.html#primaryimage","url":"https:\/\/www.versiegelung24.com\/wp-content\/uploads\/2024\/05\/nitril-oben.webp","contentUrl":"https:\/\/www.versiegelung24.com\/wp-content\/uploads\/2024\/05\/nitril-oben.webp","width":2000,"height":2000},{"@type":"BreadcrumbList","@id":"https:\/\/www.versiegelung24.com\/sl\/rumene-nitrilne-delovne-rokavice-s-pletenimi-mansetami-kopie-2.html#breadcrumb","itemListElement":[{"@type":"ListItem","position":1,"name":"Doma\u010da stran","item":"https:\/\/www.versiegelung24.com\/sl\/spredaj\/"},{"@type":"ListItem","position":2,"name":"Nakupujte","item":"https:\/\/www.versiegelung24.com\/sl\/nakupujte\/"},{"@type":"ListItem","position":3,"name":"Delovne rokavice iz najlona \u010drne velikosti 9"}]},{"@type":"WebSite","@id":"https:\/\/www.versiegelung24.com\/sl\/#website","url":"https:\/\/www.versiegelung24.com\/sl\/","name":"versiegelung24.com","description":"Fl\u00fcssigglas-Versiegelung - Made in Germany","publisher":{"@id":"https:\/\/www.versiegelung24.com\/sl\/#organization"},"potentialAction":[{"@type":"SearchAction","target":{"@type":"EntryPoint","urlTemplate":"https:\/\/www.versiegelung24.com\/sl\/?s={search_term_string}"},"query-input":{"@type":"PropertyValueSpecification","valueRequired":true,"valueName":"search_term_string"}}],"inLanguage":"sl-SI"},{"@type":"Organization","@id":"https:\/\/www.versiegelung24.com\/sl\/#organization","name":"versiegelung24","url":"https:\/\/www.versiegelung24.com\/sl\/","logo":{"@type":"ImageObject","inLanguage":"sl-SI","@id":"https:\/\/www.versiegelung24.com\/sl\/#\/schema\/logo\/image\/","url":"https:\/\/www.versiegelung24.com\/wp-content\/uploads\/2020\/04\/versiegelung24.png","contentUrl":"https:\/\/www.versiegelung24.com\/wp-content\/uploads\/2020\/04\/versiegelung24.png","width":470,"height":102,"caption":"versiegelung24"},"image":{"@id":"https:\/\/www.versiegelung24.com\/sl\/#\/schema\/logo\/image\/"}}]},"product_price_amount":"2.49","product_price_currency":"EUR","og_availability":"instock","product_availability":"instock","product_retailer_item_id":"V24-SB340-9","product_condition":"new"},"_links":{"self":[{"href":"https:\/\/www.versiegelung24.com\/sl\/wp-json\/wp\/v2\/product\/160949","targetHints":{"allow":["GET"]}}],"collection":[{"href":"https:\/\/www.versiegelung24.com\/sl\/wp-json\/wp\/v2\/product"}],"about":[{"href":"https:\/\/www.versiegelung24.com\/sl\/wp-json\/wp\/v2\/types\/product"}],"version-history":[{"count":4,"href":"https:\/\/www.versiegelung24.com\/sl\/wp-json\/wp\/v2\/product\/160949\/revisions"}],"predecessor-version":[{"id":180735,"href":"https:\/\/www.versiegelung24.com\/sl\/wp-json\/wp\/v2\/product\/160949\/revisions\/180735"}],"wp:featuredmedia":[{"embeddable":true,"href":"https:\/\/www.versiegelung24.com\/sl\/wp-json\/wp\/v2\/media\/161005"}],"wp:attachment":[{"href":"https:\/\/www.versiegelung24.com\/sl\/wp-json\/wp\/v2\/media?parent=160949"}],"wp:term":[{"taxonomy":"product_brand","embeddable":true,"href":"https:\/\/www.versiegelung24.com\/sl\/wp-json\/wp\/v2\/product_brand?post=160949"},{"taxonomy":"product_cat","embeddable":true,"href":"https:\/\/www.versiegelung24.com\/sl\/wp-json\/wp\/v2\/product_cat?post=160949"},{"taxonomy":"product_tag","embeddable":true,"href":"https:\/\/www.versiegelung24.com\/sl\/wp-json\/wp\/v2\/product_tag?post=160949"}],"curies":[{"name":"wp","href":"https:\/\/api.w.org\/{rel}","templated":true}]}}