{"id":183018,"date":"2025-08-28T14:07:51","date_gmt":"2025-08-28T12:07:51","guid":{"rendered":"https:\/\/www.versiegelung24.com\/?post_type=product&#038;p=183018"},"modified":"2025-09-08T16:04:19","modified_gmt":"2025-09-08T14:04:19","slug":"permanent-protector-646","status":"publish","type":"product","link":"https:\/\/www.versiegelung24.com\/sl\/permanent-protector-646.html","title":{"rendered":"Stalna za\u0161\u010dita 646 5M"},"content":{"rendered":"\n<p>Permanent Protect 646 Ultra Thin je visokokakovostna kerami\u010dna tesnilna masa za trajno prekrivanje gladkih povr\u0161in, kot so kovina, steklo, plastika ali barvani materiali. Izjemno tanek prozoren za\u0161\u010ditni sloj zagotavlja izjemno odpornost na umazanijo, kemikalije, UV-sevanje in mehanske vplive. Zaradi hidrofobnih in oleofobnih lastnosti tesnilna masa zagotavlja dolgotrajen u\u010dinek, ki ga je enostavno o\u010distiti.  <\/p>\n\n<p>Permanent Protect 646 Ultra Thin je idealen za uporabo v avtomobilski in pomorski industriji, kot premaz proti grafitom ali za zaklju\u010dno obdelavo visokokakovostnih lakiranih povr\u0161in in postavlja nove standarde na podro\u010dju za\u0161\u010dite povr\u0161in in trajnosti.<\/p>\n\n<hr class=\"wp-block-separator has-text-color has-css-opacity has-background is-style-wide\" style=\"background-color:#e1e1e1;color:#e1e1e1\"\/>\n\n<h2 class=\"wp-block-heading\" id=\"properties\">Zna\u010dilnosti izdelka<\/h2>\n\n<div class=\"wp-block-columns is-layout-flex wp-container-core-columns-is-layout-9d6595d7 wp-block-columns-is-layout-flex\">\n<div class=\"wp-block-column is-layout-flow wp-block-column-is-layout-flow\">\n<ul id=\"block-5ec6b591-a82a-45bd-aa1b-599082db3ae8\" class=\"wp-block-list\">\n<li><strong>Izrazit hidrofobni in oleofobni u\u010dinek<\/strong> &#8211; odbija vodo in olje<\/li>\n\n\n\n<li><strong>Enostaven za \u010di\u0161\u010denje<\/strong> &#8211; umazanijo je mogo\u010de enostavno odstraniti<\/li>\n\n\n\n<li><strong>Visoka odpornost proti obrabi<\/strong> &#8211; trajna kemi\u010dna vezava na podlago<\/li>\n\n\n\n<li><strong>Odporen na temperaturo in UV-\u017earke<\/strong> &#8211; primeren za uporabo na prostem<\/li>\n\n\n\n<li><strong>Dihajo\u010de<\/strong> &#8211; odprto za difuzijo<\/li>\n\n\n\n<li><strong>Trajnost <\/strong>&#8211; 2-5 let za zunanjo uporabo, precej dlje za uporabo v zaprtih prostorih  <\/li>\n\n\n\n<li><strong>Poraba <\/strong>&#8211; 5-10ml\/m\u00b2 (=&gt; do 200 m\u00b2 na liter)<\/li>\n\n\n\n<li><strong>odporen na \u0161tevilna obi\u010dajna gospodinjska \u010distila<\/strong> (razen na koncentrirane alkalne raztopine).<\/li>\n\n\n\n<li><strong>Na osnovi topil<\/strong> (pribli\u017eno 60 % vsebnost aktivne sestavine)<\/li>\n<\/ul>\n<\/div>\n\n\n\n<div class=\"wp-block-column is-layout-flow wp-block-column-is-layout-flow\">\n<ul id=\"block-6091e271-3752-4132-9f5b-206019bd2d6b\" class=\"wp-block-list\">\n<li><strong>Zelo dobre antigrafitne lastnosti na<\/strong> neporoznih povr\u0161inah<\/li>\n\n\n\n<li><strong>Kerami\u010dna struktura plasti<\/strong> &#8211; toplotno odporna do 600 \u00b0C (celovitost filma), 300 \u00b0C brez razbarvanja<\/li>\n\n\n\n<li><strong>Debelina tanke plasti<\/strong>: pribli\u017eno 0,5-2 \u03bcm<\/li>\n\n\n\n<li><strong>Vsebuje hlapne organske spojine<\/strong> (butilpropionat)<\/li>\n\n\n\n<li><strong>Biostati\u010dni u\u010dinek<\/strong> &#8211; mo\u010dno zavira rast mikroorganizmov  <\/li>\n\n\n\n<li><strong>Barva<\/strong> &#8211; brezbarvna do rahlo rumenkasta<\/li>\n\n\n\n<li><strong>Opomba o PFAS <\/strong>&#8211; brez PFOA in PFOS. Vsebnost fluora je pod zakonsko dolo\u010denimi mejnimi vrednostmi v skladu z Uredbo EU 2024\/2462. Uporabljeni fluorirani aditivi slu\u017eijo izklju\u010dno za optimizacijo odpornosti proti umazaniji.  <\/li>\n<\/ul>\n<\/div>\n<\/div>\n\n<hr class=\"wp-block-separator has-text-color has-background is-style-wide\" style=\"background-color:#e1e1e1;color:#e1e1e1\"\/>\n\n<h2 class=\"wp-block-heading\" id=\"application\">Podro\u010dja uporabe<\/h2>\n\n<div class=\"wp-block-columns is-layout-flex wp-container-core-columns-is-layout-9d6595d7 wp-block-columns-is-layout-flex\">\n<div class=\"wp-block-column is-layout-flow wp-block-column-is-layout-flow\">\n<ul id=\"block-6091e271-3752-4132-9f5b-206019bd2d6b\" class=\"wp-block-list\">\n<li>Premazovanje povr\u0161in vozil (npr. karoserije, plati\u0161\u010da)<\/li>\n\n\n\n<li>Premazi za notranja in zunanja obmo\u010dja, ki jih je enostavno \u010distiti<\/li>\n\n\n\n<li>Trajni za\u0161\u010ditni premazi v pomorskem sektorju<\/li>\n<\/ul>\n<\/div>\n\n\n\n<div class=\"wp-block-column is-layout-flow wp-block-column-is-layout-flow\">\n<ul class=\"wp-block-list\">\n<li>Izbolj\u0161anje barv za jahte in \u010dolne<\/li>\n\n\n\n<li>Naknadna obdelava za avtomobile (kerami\u010dno tesnjenje)n<\/li>\n\n\n\n<li>Premazi proti grafitom na neporoznih povr\u0161inah<\/li>\n<\/ul>\n<\/div>\n<\/div>\n\n<h2 class=\"wp-block-heading\" id=\"h-anwendung\">Aplikacija<\/h2>\n\n<p><strong>Splo\u0161no  <\/strong><\/p>\n\n<ol class=\"wp-block-list\">\n<li>Povr\u0161ino temeljito <a href=\"https:\/\/www.versiegelung24.com\/sl\/biosativa-biolosko-predcistilno-sredstvo.html\">o\u010distite<\/a> in razmastite (npr. z <a href=\"https:\/\/www.versiegelung24.com\/sl\/100-bioetanol-visoke-cistosti-za-profesionalno-predciscenje-kopie.html\">izopropanolom<\/a>, etilacetatom ali white spiritom). <\/li>\n\n\n\n<li>Povr\u0161ina mora biti popolnoma suha in brez ma\u0161\u010dob.<\/li>\n\n\n\n<li>Temperatura obdelave: 15-30 \u00b0C, relativna vla\u017enost: 50-80 %. <\/li>\n\n\n\n<li>Izogibajte se neposredni son\u010dni svetlobi.<\/li>\n<\/ol>\n\n<p><strong>Uporaba s podrsavanjem  <\/strong><\/p>\n\n<ol class=\"wp-block-list\">\n<li>Nekaj kapljic (5-10\/ml m\u00b2) nanesite na krpo iz mikrovlaken.<\/li>\n\n\n\n<li>Nanesite enakomerno z rahlim pritiskom v linearnih gibih.<\/li>\n\n\n\n<li>Po najve\u010d 30 minutah polirajte z mehko krpo. <\/li>\n\n\n\n<li>Po potrebi postopek ponovite.<\/li>\n<\/ol>\n\n<p><strong>Uporaba s pr\u0161enjem  <\/strong><\/p>\n\n<ol class=\"wp-block-list\">\n<li>Velikost \u0161obe: 0,8-1,0 mm \/ tlak: 0,6-1,0 bar \/ razdalja: pribli\u017eno 20 cm<\/li>\n\n\n\n<li>Debelina plasti (suha): 2,5-25 \u03bcm (odvisno od prehodov)<\/li>\n\n\n\n<li>Druga mo\u017enost: rotacijski zvonec (30 000 vrtljajev na minuto, 2 bara, 0,2-0,4 m\/s, 50-150 ml\/min)  <\/li>\n<\/ol>\n\n<h2 class=\"wp-block-heading\" id=\"h-reinigung-amp-pflege\">\u010ci\u0161\u010denje in nega<\/h2>\n\n<p>Za \u010di\u0161\u010denje povr\u0161ine zadostuje uporaba blagega \u010distila, kot je na\u0161e \u010distilo <a href=\"https:\/\/www.versiegelung24.com\/sl\/biosativa-biolosko-predcistilno-sredstvo.html\">V24 Biosativa\u00ae<\/a>. Agresivna \u010distilna sredstva niso potrebna ali priporo\u010dljiva. <\/p>\n\n<hr class=\"wp-block-separator has-text-color has-css-opacity has-background is-style-wide\" style=\"background-color:#e1e1e1;color:#e1e1e1\"\/>\n\n<h2 class=\"wp-block-heading\" id=\"h-produktsicherheit-amp-lagerung\">Varnost in shranjevanje izdelkov<\/h2>\n\n<p>Informacije o razvrstitvi izdelka v okviru uredbe o nevarnih snoveh, varnostne podatke ter podatke o toksikologiji in skladi\u0161\u010denju lahko <a href=\"https:\/\/www.versiegelung24.com\/sl\/stik\/\">na zahtevo<\/a> najdete v na\u0161em varnostnem listu.<\/p>\n\n<ul class=\"wp-block-list\">\n<li>Permanent Protect 646 ne sme priti v stik z vlago.<\/li>\n\n\n\n<li>Temperatura skladi\u0161\u010denja materiala: +5 \u00b0C do +20 \u00b0C.<\/li>\n\n\n\n<li>Osebna za\u0161\u010ditna oprema: rokavice, za\u0161\u010ditna o\u010dala, primerna za\u0161\u010ditna obleka<\/li>\n\n\n\n<li>Prva pomo\u010d: V primeru stika z o\u010dmi ali ko\u017eo takoj sperite z vodo in se posvetujte z zdravnikom.<\/li>\n\n\n\n<li>Shranjevanje: Hladno, suho in dobro prezra\u010devano. Enkrat na mesec odprite posodo in jo prezra\u010dite, da se sprosti tlak. <\/li>\n\n\n\n<li>Pri polnjenju je priporo\u010dljivo predhodno \u010di\u0161\u010denje z du\u0161ikom.<\/li>\n<\/ul>\n\n<p><strong>Trajna za\u0161\u010dita 646 <\/strong>ima rok uporabnosti 12 mesecev, \u010de se hrani neodprta v originalno zaprti embala\u017ei.<\/p>\n\n<hr class=\"wp-block-separator has-text-color has-css-opacity has-background is-style-wide\" style=\"background-color:#e1e1e1;color:#e1e1e1\"\/>\n\n<h2 class=\"wp-block-heading\">Preskus vremenskih vplivov<\/h2>\n\n<figure class=\"wp-block-table aligncenter\"><table class=\"has-fixed-layout\"><thead><tr><th class=\"has-text-align-left\" data-align=\"left\">\u00a0<\/th><th class=\"has-text-align-left\" data-align=\"left\">Preskus s slanim pr\u0161enjem NSS<\/th><th>Kondenzacijska atmosfera,<br\/>stalna vla\u017enost<\/th><th>Umetno vremensko onesna\u017eevanje<br\/>s ksenonskim lokom<\/th><\/tr><\/thead><tbody><tr><td class=\"has-text-align-left\" data-align=\"left\">DIN<\/td><td class=\"has-text-align-left\" data-align=\"left\">EN ISO 9227<\/td><td>EN ISO 6270-2<\/td><td>EN ISO 16474-2<\/td><\/tr><tr><td class=\"has-text-align-left\" data-align=\"left\">\u00a0<\/td><td class=\"has-text-align-left\" data-align=\"left\" colspan=\"3\"><strong>Preskus s slanim pr\u0161enjem iz nerjave\u010dega jekla 2,5 \u03bcm, prevle\u010deno<\/strong><\/td><\/tr><tr><td class=\"has-text-align-left\" data-align=\"left\">Trajanje<\/td><td class=\"has-text-align-left\" data-align=\"left\">1.500 h<\/td><td>1.400 h<\/td><td>1.400 h<\/td><\/tr><tr><td class=\"has-text-align-left\" data-align=\"left\">Rezultat<\/td><td class=\"has-text-align-left\" data-align=\"left\">Pege: ne<br\/>Rja: ne<br\/>Korozija v pisavi &lt; 0,5 mm<\/td><td>Razpokanje: ne<br\/>Rjavenje: ne<\/td><td>Izguba sijaja: 5 %<br\/>Razpokanost: ni<br\/>Barvna razlika \u0394E* = 0,40<\/td><\/tr><tr><td class=\"has-text-align-left\" data-align=\"left\">\u00a0<\/td><td class=\"has-text-align-left\" data-align=\"left\" colspan=\"3\"><strong>Preskus s solnim pr\u0161enjem aluminij 2,5 \u03bcm, prevle\u010den<\/strong><\/td><\/tr><tr><td class=\"has-text-align-left\" data-align=\"left\">Trajanje<\/td><td class=\"has-text-align-left\" data-align=\"left\">1.500 h<\/td><td>1.400 h<\/td><td>1.400 h<\/td><\/tr><tr><td class=\"has-text-align-left\" data-align=\"left\">Rezultat<\/td><td class=\"has-text-align-left\" data-align=\"left\">Pege: ne<br\/>Rja: ne<br\/>Korozija v pisavi &lt; 0,5 mm<\/td><td>Razpokanje: ne<br\/>Rjavenje: ne<\/td><td>Izguba sijaja: 5 %<br\/>Razpokanost: ni<br\/>Barvna razlika \u0394E* = 0,17<\/td><\/tr><tr><td class=\"has-text-align-left\" data-align=\"left\">\u00a0<\/td><td class=\"has-text-align-left\" data-align=\"left\" colspan=\"3\"><strong>Peskano jeklo 2,5 \u03bcm, prevle\u010deno<\/strong><\/td><\/tr><tr><td class=\"has-text-align-left\" data-align=\"left\">Trajanje<\/td><td class=\"has-text-align-left\" data-align=\"left\">1.000 h<\/td><td>1.000 h<\/td><td>1.400 h<\/td><\/tr><tr><td class=\"has-text-align-left\" data-align=\"left\">Rezultat<\/td><td class=\"has-text-align-left\" data-align=\"left\">Pege: ne<br\/>Rja: ne<br\/>Korozija v pisavi &lt; 0,5 mm<\/td><td>Razpokanje: ne<br\/>Rjavenje: ne<\/td><td>Izguba sijaja: 12 %<br\/>Razpokanost: ni<br\/>Barvna razlika \u0394E* = 0,51<\/td><\/tr><\/tbody><\/table><\/figure>\n\n<hr class=\"wp-block-separator has-text-color has-css-opacity has-background is-style-wide\" style=\"background-color:#e1e1e1;color:#e1e1e1\"\/>\n","protected":false},"excerpt":{"rendered":"<p><strong>Visokokakovostna trajna kerami\u010dna prevleka za gladke povr\u0161ine<\/strong><\/p>\n<p>\u2713 Ultra tanka debelina plasti<\/p>\n<p>\u2713 Rok trajanja 2-5 let<\/p>\n<p>\u2713 Visoka odpornost proti obrabi<\/p>\n<p>\u2713 Biostati\u010dni u\u010dinek<\/p>\n","protected":false},"featured_media":183071,"template":"","meta":{"_acf_changed":false,"neve_meta_sidebar":"","neve_meta_container":"","neve_meta_enable_content_width":"","neve_meta_content_width":0,"neve_meta_title_alignment":"","neve_meta_author_avatar":"","neve_post_elements_order":"","neve_meta_disable_header":"","neve_meta_disable_footer":"","neve_meta_disable_title":"","neve_meta_reading_time":"","_surfaces":[],"_ver_product_tabs":[],"footnotes":""},"product_brand":[],"product_cat":[2989,2176,2249,2525],"product_tag":[],"class_list":{"0":"post-183018","1":"product","2":"type-product","3":"status-publish","4":"has-post-thumbnail","6":"product_cat-tesnjenje-s-tekocim-steklom","7":"product_cat-tesnjenje-avtomobila","8":"product_cat-tesnjenje-iz-kovine-in-plastike","9":"product_cat-univerzalno-tesnilo","10":"pa_gebinde-100-ml-steklenica","11":"pa_gebinde-steklenicka-1000-ml","13":"first","14":"instock","15":"taxable","16":"shipping-taxable","17":"purchasable","18":"product-type-variable","19":"has-default-attributes"},"acf":[],"yoast_head":"<!-- This site is optimized with the Yoast SEO Premium plugin v22.8 (Yoast SEO v27.5) - https:\/\/yoast.com\/product\/yoast-seo-premium-wordpress\/ -->\n<title>Permanent Protector 646 Ultra Thin - 9H kerami\u010dna tesnilna masa<\/title>\n<meta name=\"description\" content=\"Enostavna uporaba, mo\u010dna za\u0161\u010dita. Nova kerami\u010dna tesnilna masa Permanent Protector 646 Ultra Thin - 9H zagotavlja zanesljivo za\u0161\u010dito pred zunanjimi vplivi\" \/>\n<meta name=\"robots\" content=\"index, follow, max-snippet:-1, max-image-preview:large, max-video-preview:-1\" \/>\n<link rel=\"canonical\" href=\"https:\/\/www.versiegelung24.com\/sl\/permanent-protector-646.html\" \/>\n<meta property=\"og:locale\" content=\"sl_SI\" \/>\n<meta property=\"og:type\" content=\"article\" \/>\n<meta property=\"og:title\" content=\"Stalna za\u0161\u010dita 646 5M\" \/>\n<meta property=\"og:description\" content=\"Enostavna uporaba, mo\u010dna za\u0161\u010dita. Nova kerami\u010dna tesnilna masa Permanent Protector 646 Ultra Thin - 9H zagotavlja zanesljivo za\u0161\u010dito pred zunanjimi vplivi\" \/>\n<meta property=\"og:url\" content=\"https:\/\/www.versiegelung24.com\/sl\/permanent-protector-646.html\" \/>\n<meta property=\"og:site_name\" content=\"versiegelung24.com\" \/>\n<meta property=\"article:modified_time\" content=\"2025-09-08T14:04:19+00:00\" \/>\n<meta property=\"og:image\" content=\"https:\/\/www.versiegelung24.com\/wp-content\/uploads\/2025\/08\/V24-Permanent-Protector-646-Keramikversiegelung-scaled-1.jpg\" \/>\n\t<meta property=\"og:image:width\" content=\"2560\" \/>\n\t<meta property=\"og:image:height\" content=\"2560\" \/>\n\t<meta property=\"og:image:type\" content=\"image\/jpeg\" \/>\n<meta name=\"twitter:card\" content=\"summary_large_image\" \/>\n<meta name=\"twitter:label1\" content=\"Availability\" \/>\n\t<meta name=\"twitter:data1\" content=\"In stock\" \/>\n<script type=\"application\/ld+json\" class=\"yoast-schema-graph\">{\"@context\":\"https:\\\/\\\/schema.org\",\"@graph\":[{\"@type\":\"WebPage\",\"@id\":\"https:\\\/\\\/www.versiegelung24.com\\\/sl\\\/permanent-protector-646.html\",\"url\":\"https:\\\/\\\/www.versiegelung24.com\\\/sl\\\/permanent-protector-646.html\",\"name\":\"Permanent Protector 646 Ultra Thin - 9H kerami\u010dna tesnilna masa\",\"isPartOf\":{\"@id\":\"https:\\\/\\\/www.versiegelung24.com\\\/sl\\\/#website\"},\"primaryImageOfPage\":{\"@id\":\"https:\\\/\\\/www.versiegelung24.com\\\/sl\\\/permanent-protector-646.html#primaryimage\"},\"image\":{\"@id\":\"https:\\\/\\\/www.versiegelung24.com\\\/sl\\\/permanent-protector-646.html#primaryimage\"},\"thumbnailUrl\":\"https:\\\/\\\/www.versiegelung24.com\\\/wp-content\\\/uploads\\\/2025\\\/08\\\/V24-Permanent-Protector-646-Keramikversiegelung-scaled-1.jpg\",\"datePublished\":\"2025-08-28T12:07:51+00:00\",\"dateModified\":\"2025-09-08T14:04:19+00:00\",\"description\":\"Enostavna uporaba, mo\u010dna za\u0161\u010dita. Nova kerami\u010dna tesnilna masa Permanent Protector 646 Ultra Thin - 9H zagotavlja zanesljivo za\u0161\u010dito pred zunanjimi vplivi\",\"breadcrumb\":{\"@id\":\"https:\\\/\\\/www.versiegelung24.com\\\/sl\\\/permanent-protector-646.html#breadcrumb\"},\"inLanguage\":\"sl-SI\",\"potentialAction\":[{\"@type\":\"ReadAction\",\"target\":[\"https:\\\/\\\/www.versiegelung24.com\\\/sl\\\/permanent-protector-646.html\"]}]},{\"@type\":\"ImageObject\",\"inLanguage\":\"sl-SI\",\"@id\":\"https:\\\/\\\/www.versiegelung24.com\\\/sl\\\/permanent-protector-646.html#primaryimage\",\"url\":\"https:\\\/\\\/www.versiegelung24.com\\\/wp-content\\\/uploads\\\/2025\\\/08\\\/V24-Permanent-Protector-646-Keramikversiegelung-scaled-1.jpg\",\"contentUrl\":\"https:\\\/\\\/www.versiegelung24.com\\\/wp-content\\\/uploads\\\/2025\\\/08\\\/V24-Permanent-Protector-646-Keramikversiegelung-scaled-1.jpg\",\"width\":2560,\"height\":2560},{\"@type\":\"BreadcrumbList\",\"@id\":\"https:\\\/\\\/www.versiegelung24.com\\\/sl\\\/permanent-protector-646.html#breadcrumb\",\"itemListElement\":[{\"@type\":\"ListItem\",\"position\":1,\"name\":\"Doma\u010da stran\",\"item\":\"https:\\\/\\\/www.versiegelung24.com\\\/sl\\\/spredaj\\\/\"},{\"@type\":\"ListItem\",\"position\":2,\"name\":\"Nakupujte\",\"item\":\"https:\\\/\\\/www.versiegelung24.com\\\/sl\\\/nakupujte\\\/\"},{\"@type\":\"ListItem\",\"position\":3,\"name\":\"Stalna za\u0161\u010dita 646 5M\"}]},{\"@type\":\"WebSite\",\"@id\":\"https:\\\/\\\/www.versiegelung24.com\\\/sl\\\/#website\",\"url\":\"https:\\\/\\\/www.versiegelung24.com\\\/sl\\\/\",\"name\":\"versiegelung24.com\",\"description\":\"Fl\u00fcssigglas-Versiegelung - Made in Germany\",\"publisher\":{\"@id\":\"https:\\\/\\\/www.versiegelung24.com\\\/sl\\\/#organization\"},\"potentialAction\":[{\"@type\":\"SearchAction\",\"target\":{\"@type\":\"EntryPoint\",\"urlTemplate\":\"https:\\\/\\\/www.versiegelung24.com\\\/sl\\\/?s={search_term_string}\"},\"query-input\":{\"@type\":\"PropertyValueSpecification\",\"valueRequired\":true,\"valueName\":\"search_term_string\"}}],\"inLanguage\":\"sl-SI\"},{\"@type\":\"Organization\",\"@id\":\"https:\\\/\\\/www.versiegelung24.com\\\/sl\\\/#organization\",\"name\":\"versiegelung24\",\"url\":\"https:\\\/\\\/www.versiegelung24.com\\\/sl\\\/\",\"logo\":{\"@type\":\"ImageObject\",\"inLanguage\":\"sl-SI\",\"@id\":\"https:\\\/\\\/www.versiegelung24.com\\\/sl\\\/#\\\/schema\\\/logo\\\/image\\\/\",\"url\":\"https:\\\/\\\/www.versiegelung24.com\\\/wp-content\\\/uploads\\\/2020\\\/04\\\/versiegelung24.png\",\"contentUrl\":\"https:\\\/\\\/www.versiegelung24.com\\\/wp-content\\\/uploads\\\/2020\\\/04\\\/versiegelung24.png\",\"width\":470,\"height\":102,\"caption\":\"versiegelung24\"},\"image\":{\"@id\":\"https:\\\/\\\/www.versiegelung24.com\\\/sl\\\/#\\\/schema\\\/logo\\\/image\\\/\"}}]}<\/script>\n<meta property=\"og:availability\" content=\"instock\" \/>\n<meta property=\"product:availability\" content=\"instock\" \/>\n<meta property=\"product:retailer_item_id\" content=\"8056-646\" \/>\n<meta property=\"product:condition\" content=\"new\" \/>\n<!-- \/ Yoast SEO Premium plugin. -->","yoast_head_json":{"title":"Permanent Protector 646 Ultra Thin - 9H kerami\u010dna tesnilna masa","description":"Enostavna uporaba, mo\u010dna za\u0161\u010dita. Nova kerami\u010dna tesnilna masa Permanent Protector 646 Ultra Thin - 9H zagotavlja zanesljivo za\u0161\u010dito pred zunanjimi vplivi","robots":{"index":"index","follow":"follow","max-snippet":"max-snippet:-1","max-image-preview":"max-image-preview:large","max-video-preview":"max-video-preview:-1"},"canonical":"https:\/\/www.versiegelung24.com\/sl\/permanent-protector-646.html","og_locale":"sl_SI","og_type":"article","og_title":"Stalna za\u0161\u010dita 646 5M","og_description":"Enostavna uporaba, mo\u010dna za\u0161\u010dita. Nova kerami\u010dna tesnilna masa Permanent Protector 646 Ultra Thin - 9H zagotavlja zanesljivo za\u0161\u010dito pred zunanjimi vplivi","og_url":"https:\/\/www.versiegelung24.com\/sl\/permanent-protector-646.html","og_site_name":"versiegelung24.com","article_modified_time":"2025-09-08T14:04:19+00:00","og_image":[{"width":2560,"height":2560,"url":"https:\/\/www.versiegelung24.com\/wp-content\/uploads\/2025\/08\/V24-Permanent-Protector-646-Keramikversiegelung-scaled-1.jpg","type":"image\/jpeg"}],"twitter_card":"summary_large_image","twitter_misc":{"Availability":"In stock"},"schema":{"@context":"https:\/\/schema.org","@graph":[{"@type":"WebPage","@id":"https:\/\/www.versiegelung24.com\/sl\/permanent-protector-646.html","url":"https:\/\/www.versiegelung24.com\/sl\/permanent-protector-646.html","name":"Permanent Protector 646 Ultra Thin - 9H kerami\u010dna tesnilna masa","isPartOf":{"@id":"https:\/\/www.versiegelung24.com\/sl\/#website"},"primaryImageOfPage":{"@id":"https:\/\/www.versiegelung24.com\/sl\/permanent-protector-646.html#primaryimage"},"image":{"@id":"https:\/\/www.versiegelung24.com\/sl\/permanent-protector-646.html#primaryimage"},"thumbnailUrl":"https:\/\/www.versiegelung24.com\/wp-content\/uploads\/2025\/08\/V24-Permanent-Protector-646-Keramikversiegelung-scaled-1.jpg","datePublished":"2025-08-28T12:07:51+00:00","dateModified":"2025-09-08T14:04:19+00:00","description":"Enostavna uporaba, mo\u010dna za\u0161\u010dita. Nova kerami\u010dna tesnilna masa Permanent Protector 646 Ultra Thin - 9H zagotavlja zanesljivo za\u0161\u010dito pred zunanjimi vplivi","breadcrumb":{"@id":"https:\/\/www.versiegelung24.com\/sl\/permanent-protector-646.html#breadcrumb"},"inLanguage":"sl-SI","potentialAction":[{"@type":"ReadAction","target":["https:\/\/www.versiegelung24.com\/sl\/permanent-protector-646.html"]}]},{"@type":"ImageObject","inLanguage":"sl-SI","@id":"https:\/\/www.versiegelung24.com\/sl\/permanent-protector-646.html#primaryimage","url":"https:\/\/www.versiegelung24.com\/wp-content\/uploads\/2025\/08\/V24-Permanent-Protector-646-Keramikversiegelung-scaled-1.jpg","contentUrl":"https:\/\/www.versiegelung24.com\/wp-content\/uploads\/2025\/08\/V24-Permanent-Protector-646-Keramikversiegelung-scaled-1.jpg","width":2560,"height":2560},{"@type":"BreadcrumbList","@id":"https:\/\/www.versiegelung24.com\/sl\/permanent-protector-646.html#breadcrumb","itemListElement":[{"@type":"ListItem","position":1,"name":"Doma\u010da stran","item":"https:\/\/www.versiegelung24.com\/sl\/spredaj\/"},{"@type":"ListItem","position":2,"name":"Nakupujte","item":"https:\/\/www.versiegelung24.com\/sl\/nakupujte\/"},{"@type":"ListItem","position":3,"name":"Stalna za\u0161\u010dita 646 5M"}]},{"@type":"WebSite","@id":"https:\/\/www.versiegelung24.com\/sl\/#website","url":"https:\/\/www.versiegelung24.com\/sl\/","name":"versiegelung24.com","description":"Fl\u00fcssigglas-Versiegelung - Made in Germany","publisher":{"@id":"https:\/\/www.versiegelung24.com\/sl\/#organization"},"potentialAction":[{"@type":"SearchAction","target":{"@type":"EntryPoint","urlTemplate":"https:\/\/www.versiegelung24.com\/sl\/?s={search_term_string}"},"query-input":{"@type":"PropertyValueSpecification","valueRequired":true,"valueName":"search_term_string"}}],"inLanguage":"sl-SI"},{"@type":"Organization","@id":"https:\/\/www.versiegelung24.com\/sl\/#organization","name":"versiegelung24","url":"https:\/\/www.versiegelung24.com\/sl\/","logo":{"@type":"ImageObject","inLanguage":"sl-SI","@id":"https:\/\/www.versiegelung24.com\/sl\/#\/schema\/logo\/image\/","url":"https:\/\/www.versiegelung24.com\/wp-content\/uploads\/2020\/04\/versiegelung24.png","contentUrl":"https:\/\/www.versiegelung24.com\/wp-content\/uploads\/2020\/04\/versiegelung24.png","width":470,"height":102,"caption":"versiegelung24"},"image":{"@id":"https:\/\/www.versiegelung24.com\/sl\/#\/schema\/logo\/image\/"}}]},"og_availability":"instock","product_availability":"instock","product_retailer_item_id":"8056-646","product_condition":"new"},"_links":{"self":[{"href":"https:\/\/www.versiegelung24.com\/sl\/wp-json\/wp\/v2\/product\/183018","targetHints":{"allow":["GET"]}}],"collection":[{"href":"https:\/\/www.versiegelung24.com\/sl\/wp-json\/wp\/v2\/product"}],"about":[{"href":"https:\/\/www.versiegelung24.com\/sl\/wp-json\/wp\/v2\/types\/product"}],"version-history":[{"count":3,"href":"https:\/\/www.versiegelung24.com\/sl\/wp-json\/wp\/v2\/product\/183018\/revisions"}],"predecessor-version":[{"id":183607,"href":"https:\/\/www.versiegelung24.com\/sl\/wp-json\/wp\/v2\/product\/183018\/revisions\/183607"}],"wp:featuredmedia":[{"embeddable":true,"href":"https:\/\/www.versiegelung24.com\/sl\/wp-json\/wp\/v2\/media\/183071"}],"wp:attachment":[{"href":"https:\/\/www.versiegelung24.com\/sl\/wp-json\/wp\/v2\/media?parent=183018"}],"wp:term":[{"taxonomy":"product_brand","embeddable":true,"href":"https:\/\/www.versiegelung24.com\/sl\/wp-json\/wp\/v2\/product_brand?post=183018"},{"taxonomy":"product_cat","embeddable":true,"href":"https:\/\/www.versiegelung24.com\/sl\/wp-json\/wp\/v2\/product_cat?post=183018"},{"taxonomy":"product_tag","embeddable":true,"href":"https:\/\/www.versiegelung24.com\/sl\/wp-json\/wp\/v2\/product_tag?post=183018"}],"curies":[{"name":"wp","href":"https:\/\/api.w.org\/{rel}","templated":true}]}}