{"id":22812,"date":"2020-04-04T18:53:13","date_gmt":"2020-04-04T16:53:13","guid":{"rendered":"https:\/\/www.versiegelung24.com\/produkt\/tesnjenje-avtomobilskega-stekla-v-profesionalni-kakovosti"},"modified":"2025-01-03T23:39:51","modified_gmt":"2025-01-03T22:39:51","slug":"avtomatsko-tesnjenje-stekla-v-profesionalni-kakovosti","status":"publish","type":"product","link":"https:\/\/www.versiegelung24.com\/sl\/avtomatsko-tesnjenje-stekla-v-profesionalni-kakovosti.html","title":{"rendered":"Tesnjenje avtomobilskega stekla v profesionalni kakovosti"},"content":{"rendered":"\n<p><strong>Zelo u\u010dinkovito tesnjenje za avtomobilska stekla in po\u010ditni\u0161ke prikolice, profesionalna kakovost, NOVO, prebroditi zimo skoraj brez prask, bistveno izbolj\u0161ana vidljivost v slabem vremenu<\/strong><\/p>\n\n<p>Visoka kakovost Izdelano v Nem\u010diji.<\/p>\n\n<hr\/>\n\n<h4 class=\"wp-block-heading\" id=\"properties\">Zna\u010dilnosti izdelka<\/h4>\n\n<div class=\"wp-block-columns is-layout-flex wp-container-core-columns-is-layout-9d6595d7 wp-block-columns-is-layout-flex\">\n<div class=\"wp-block-column is-layout-flow wp-block-column-is-layout-flow\">\n<ul class=\"wp-block-list\">\n<li>Bistra, brezbarvna teko\u010dina, nevidna in neopazna<\/li>\n\n\n\n<li>Izjemen u\u010dinek enostavnega \u010di\u0161\u010denja za oprijem umazanije<\/li>\n\n\n\n<li>Odpornost vode, olja in umazanije, de\u017eja in snega se odcepi s stekla, umazanija, pti\u010dji iztrebki, \u017eu\u017eelke in led se ne morejo ve\u010d trdno dr\u017eati<\/li>\n\n\n\n<li>Pozimi je olaj\u0161anje strganja ledu<\/li>\n\n\n\n<li>Pribli\u017eno 70 km \/ h de\u017e med vo\u017enjo odteka tudi brez brisalca vetrobranskega stekla in zagotavlja jasen pogled<\/li>\n\n\n\n<li>Vzdr\u017eljivo pribl. 25.000 km ali do enega leta<\/li>\n\n\n\n<li>Zmanj\u0161a rast mikroorganizmov in bakterij, izbolj\u0161a higieno<\/li>\n\n\n\n<li>Odporen proti zmrzali, ekstremni vro\u010dini, UV -sevanju, slani vodi in slanemu zraku, mineralom iz trde vode in alkalij, odporen na cestno sol<\/li>\n\n\n\n<li>Psiholo\u0161ko ne\u0161kodljiv<\/li>\n<\/ul>\n<\/div>\n\n\n\n<div class=\"wp-block-column is-layout-flow wp-block-column-is-layout-flow\">\n<ul class=\"wp-block-list\" id=\"block-4d08488f-e4e2-46e9-af9b-8ca16197df33\">\n<li>Povr\u0161ine ostanejo \u010diste veliko dlje, kar podalj\u0161a cikle \u010di\u0161\u010denja in znatno zmanj\u0161a stro\u0161ke, \u010das in energijo za \u010di\u0161\u010denje in vzdr\u017eevanje<\/li>\n\n\n\n<li>Kemi\u010dna \u010distilna sredstva niso ve\u010d potrebna (tesnilna, ampak tudi kemi\u010dno odporna na \u010distilna sredstva, do pH vrednosti 12)<\/li>\n\n\n\n<li>UV stabilen \/ odporen proti zmrzali \/ odporen na slano vodo \/ neviden (debelina sloja: 100-150 nm)<\/li>\n\n\n\n<li>Lahko se ponovno uporabi, ko u\u010dinek izgine<\/li>\n<\/ul>\n\n\n\n<p><br\/><br\/>Obseg dobave: 1 x litrska steklenica 1 x razpr\u0161ilna glava \u010drpalke<br\/><\/p>\n<\/div>\n<\/div>\n\n<hr\/>\n\n<h4 class=\"wp-block-heading\" id=\"application\">Aplikacija<\/h4>\n\n<ul class=\"wp-block-list\">\n<li>Vsa okna in ogledala na avtomobilih, prikolicah, motornih kolesih itd.<\/li>\n<\/ul>\n\n<p>Poraba je odvisna od strukture povr\u0161ine cca 100-200m\u00b2\/liter.<\/p>\n\n<p>Rok uporabnosti: Pribli\u017eno 12 mesecev<\/p>\n","protected":false},"excerpt":{"rendered":"<p><strong>Zelo u\u010dinkovito tesnjenje za avtomobilska stekla in po\u010ditni\u0161ke prikolice:<\/strong><\/p>\n<p>\u2713 Profesionalna kakovost <\/p>\n<p>\u2713 Pre\u017eivite zimo skoraj brez prask<\/p>\n<p>\u2713 Bistveno izbolj\u0161ana vidljivost v slabem vremenu<\/p>\n<p>\u2713 Od pribli\u017eno 70 km\/h de\u017e med vo\u017enjo uhaja tudi brez brisalcev in zagotavlja jasen pogled<\/p>\n","protected":false},"featured_media":17629,"template":"","meta":{"_acf_changed":false,"neve_meta_sidebar":"","neve_meta_container":"","neve_meta_enable_content_width":"","neve_meta_content_width":0,"neve_meta_title_alignment":"","neve_meta_author_avatar":"","neve_post_elements_order":"","neve_meta_disable_header":"","neve_meta_disable_footer":"","neve_meta_disable_title":"","neve_meta_reading_time":"","_surfaces":[],"_ver_product_tabs":[],"footnotes":""},"product_brand":[],"product_cat":[2176],"product_tag":[],"class_list":{"0":"post-22812","1":"product","2":"type-product","3":"status-publish","4":"has-post-thumbnail","6":"product_cat-tesnjenje-avtomobila","7":"pa_gebinde-steklenicka-1000-ml","8":"pa_gebinde-20l-kanister-sl","10":"first","11":"instock","12":"taxable","13":"shipping-taxable","14":"purchasable","15":"product-type-variable","16":"has-default-attributes"},"acf":[],"yoast_head":"<!-- This site is optimized with the Yoast SEO Premium plugin v22.8 (Yoast SEO v27.5) - https:\/\/yoast.com\/product\/yoast-seo-premium-wordpress\/ -->\n<title>Tesnjenje avtomobilskega stekla v profesionalni kakovosti - versiegelung24.com<\/title>\n<meta name=\"robots\" content=\"index, follow, max-snippet:-1, max-image-preview:large, max-video-preview:-1\" \/>\n<link rel=\"canonical\" href=\"https:\/\/www.versiegelung24.com\/sl\/avtomatsko-tesnjenje-stekla-v-profesionalni-kakovosti.html\" \/>\n<meta property=\"og:locale\" content=\"sl_SI\" \/>\n<meta property=\"og:type\" content=\"article\" \/>\n<meta property=\"og:title\" content=\"Tesnjenje avtomobilskega stekla v profesionalni kakovosti\" \/>\n<meta property=\"og:description\" content=\"Zelo u\u010dinkovito tesnjenje za avtomobilska stekla in po\u010ditni\u0161ke prikolice: \u2713 Profesionalna kakovost \u2713 Pre\u017eivite zimo skoraj brez prask \u2713 Bistveno izbolj\u0161ana vidljivost v slabem vremenu \u2713 Od pribli\u017eno 70 km\/h de\u017e med vo\u017enjo uhaja tudi brez brisalcev in zagotavlja jasen pogled\" \/>\n<meta property=\"og:url\" content=\"https:\/\/www.versiegelung24.com\/sl\/avtomatsko-tesnjenje-stekla-v-profesionalni-kakovosti.html\" \/>\n<meta property=\"og:site_name\" content=\"versiegelung24.com\" \/>\n<meta property=\"article:modified_time\" content=\"2025-01-03T22:39:51+00:00\" \/>\n<meta property=\"og:image\" content=\"https:\/\/www.versiegelung24.com\/wp-content\/uploads\/2020\/06\/produkt-1002-7601-1000-Autoglasversiegelung-scaled.jpg\" \/>\n\t<meta property=\"og:image:width\" content=\"2560\" \/>\n\t<meta property=\"og:image:height\" content=\"2560\" \/>\n\t<meta property=\"og:image:type\" content=\"image\/jpeg\" \/>\n<meta name=\"twitter:card\" content=\"summary_large_image\" \/>\n<meta name=\"twitter:label1\" content=\"Availability\" \/>\n\t<meta name=\"twitter:data1\" content=\"In stock\" \/>\n<script type=\"application\/ld+json\" class=\"yoast-schema-graph\">{\"@context\":\"https:\\\/\\\/schema.org\",\"@graph\":[{\"@type\":\"WebPage\",\"@id\":\"https:\\\/\\\/www.versiegelung24.com\\\/sl\\\/avtomatsko-tesnjenje-stekla-v-profesionalni-kakovosti.html\",\"url\":\"https:\\\/\\\/www.versiegelung24.com\\\/sl\\\/avtomatsko-tesnjenje-stekla-v-profesionalni-kakovosti.html\",\"name\":\"Tesnjenje avtomobilskega stekla v profesionalni kakovosti - versiegelung24.com\",\"isPartOf\":{\"@id\":\"https:\\\/\\\/www.versiegelung24.com\\\/sl\\\/#website\"},\"primaryImageOfPage\":{\"@id\":\"https:\\\/\\\/www.versiegelung24.com\\\/sl\\\/avtomatsko-tesnjenje-stekla-v-profesionalni-kakovosti.html#primaryimage\"},\"image\":{\"@id\":\"https:\\\/\\\/www.versiegelung24.com\\\/sl\\\/avtomatsko-tesnjenje-stekla-v-profesionalni-kakovosti.html#primaryimage\"},\"thumbnailUrl\":\"https:\\\/\\\/www.versiegelung24.com\\\/wp-content\\\/uploads\\\/2020\\\/06\\\/produkt-1002-7601-1000-Autoglasversiegelung-scaled.jpg\",\"datePublished\":\"2020-04-04T16:53:13+00:00\",\"dateModified\":\"2025-01-03T22:39:51+00:00\",\"breadcrumb\":{\"@id\":\"https:\\\/\\\/www.versiegelung24.com\\\/sl\\\/avtomatsko-tesnjenje-stekla-v-profesionalni-kakovosti.html#breadcrumb\"},\"inLanguage\":\"sl-SI\",\"potentialAction\":[{\"@type\":\"ReadAction\",\"target\":[\"https:\\\/\\\/www.versiegelung24.com\\\/sl\\\/avtomatsko-tesnjenje-stekla-v-profesionalni-kakovosti.html\"]}]},{\"@type\":\"ImageObject\",\"inLanguage\":\"sl-SI\",\"@id\":\"https:\\\/\\\/www.versiegelung24.com\\\/sl\\\/avtomatsko-tesnjenje-stekla-v-profesionalni-kakovosti.html#primaryimage\",\"url\":\"https:\\\/\\\/www.versiegelung24.com\\\/wp-content\\\/uploads\\\/2020\\\/06\\\/produkt-1002-7601-1000-Autoglasversiegelung-scaled.jpg\",\"contentUrl\":\"https:\\\/\\\/www.versiegelung24.com\\\/wp-content\\\/uploads\\\/2020\\\/06\\\/produkt-1002-7601-1000-Autoglasversiegelung-scaled.jpg\",\"width\":2560,\"height\":2560},{\"@type\":\"BreadcrumbList\",\"@id\":\"https:\\\/\\\/www.versiegelung24.com\\\/sl\\\/avtomatsko-tesnjenje-stekla-v-profesionalni-kakovosti.html#breadcrumb\",\"itemListElement\":[{\"@type\":\"ListItem\",\"position\":1,\"name\":\"Doma\u010da stran\",\"item\":\"https:\\\/\\\/www.versiegelung24.com\\\/sl\\\/spredaj\\\/\"},{\"@type\":\"ListItem\",\"position\":2,\"name\":\"Nakupujte\",\"item\":\"https:\\\/\\\/www.versiegelung24.com\\\/sl\\\/nakupujte\\\/\"},{\"@type\":\"ListItem\",\"position\":3,\"name\":\"Tesnjenje avtomobilskega stekla v profesionalni kakovosti\"}]},{\"@type\":\"WebSite\",\"@id\":\"https:\\\/\\\/www.versiegelung24.com\\\/sl\\\/#website\",\"url\":\"https:\\\/\\\/www.versiegelung24.com\\\/sl\\\/\",\"name\":\"versiegelung24.com\",\"description\":\"Fl\u00fcssigglas-Versiegelung - Made in Germany\",\"publisher\":{\"@id\":\"https:\\\/\\\/www.versiegelung24.com\\\/sl\\\/#organization\"},\"potentialAction\":[{\"@type\":\"SearchAction\",\"target\":{\"@type\":\"EntryPoint\",\"urlTemplate\":\"https:\\\/\\\/www.versiegelung24.com\\\/sl\\\/?s={search_term_string}\"},\"query-input\":{\"@type\":\"PropertyValueSpecification\",\"valueRequired\":true,\"valueName\":\"search_term_string\"}}],\"inLanguage\":\"sl-SI\"},{\"@type\":\"Organization\",\"@id\":\"https:\\\/\\\/www.versiegelung24.com\\\/sl\\\/#organization\",\"name\":\"versiegelung24\",\"url\":\"https:\\\/\\\/www.versiegelung24.com\\\/sl\\\/\",\"logo\":{\"@type\":\"ImageObject\",\"inLanguage\":\"sl-SI\",\"@id\":\"https:\\\/\\\/www.versiegelung24.com\\\/sl\\\/#\\\/schema\\\/logo\\\/image\\\/\",\"url\":\"https:\\\/\\\/www.versiegelung24.com\\\/wp-content\\\/uploads\\\/2020\\\/04\\\/versiegelung24.png\",\"contentUrl\":\"https:\\\/\\\/www.versiegelung24.com\\\/wp-content\\\/uploads\\\/2020\\\/04\\\/versiegelung24.png\",\"width\":470,\"height\":102,\"caption\":\"versiegelung24\"},\"image\":{\"@id\":\"https:\\\/\\\/www.versiegelung24.com\\\/sl\\\/#\\\/schema\\\/logo\\\/image\\\/\"}}]}<\/script>\n<meta property=\"og:availability\" content=\"instock\" \/>\n<meta property=\"product:availability\" content=\"instock\" \/>\n<meta property=\"product:retailer_item_id\" content=\"1002-7601\" \/>\n<meta property=\"product:condition\" content=\"new\" \/>\n<!-- \/ Yoast SEO Premium plugin. -->","yoast_head_json":{"title":"Tesnjenje avtomobilskega stekla v profesionalni kakovosti - versiegelung24.com","robots":{"index":"index","follow":"follow","max-snippet":"max-snippet:-1","max-image-preview":"max-image-preview:large","max-video-preview":"max-video-preview:-1"},"canonical":"https:\/\/www.versiegelung24.com\/sl\/avtomatsko-tesnjenje-stekla-v-profesionalni-kakovosti.html","og_locale":"sl_SI","og_type":"article","og_title":"Tesnjenje avtomobilskega stekla v profesionalni kakovosti","og_description":"Zelo u\u010dinkovito tesnjenje za avtomobilska stekla in po\u010ditni\u0161ke prikolice: \u2713 Profesionalna kakovost \u2713 Pre\u017eivite zimo skoraj brez prask \u2713 Bistveno izbolj\u0161ana vidljivost v slabem vremenu \u2713 Od pribli\u017eno 70 km\/h de\u017e med vo\u017enjo uhaja tudi brez brisalcev in zagotavlja jasen pogled","og_url":"https:\/\/www.versiegelung24.com\/sl\/avtomatsko-tesnjenje-stekla-v-profesionalni-kakovosti.html","og_site_name":"versiegelung24.com","article_modified_time":"2025-01-03T22:39:51+00:00","og_image":[{"width":2560,"height":2560,"url":"https:\/\/www.versiegelung24.com\/wp-content\/uploads\/2020\/06\/produkt-1002-7601-1000-Autoglasversiegelung-scaled.jpg","type":"image\/jpeg"}],"twitter_card":"summary_large_image","twitter_misc":{"Availability":"In stock"},"schema":{"@context":"https:\/\/schema.org","@graph":[{"@type":"WebPage","@id":"https:\/\/www.versiegelung24.com\/sl\/avtomatsko-tesnjenje-stekla-v-profesionalni-kakovosti.html","url":"https:\/\/www.versiegelung24.com\/sl\/avtomatsko-tesnjenje-stekla-v-profesionalni-kakovosti.html","name":"Tesnjenje avtomobilskega stekla v profesionalni kakovosti - versiegelung24.com","isPartOf":{"@id":"https:\/\/www.versiegelung24.com\/sl\/#website"},"primaryImageOfPage":{"@id":"https:\/\/www.versiegelung24.com\/sl\/avtomatsko-tesnjenje-stekla-v-profesionalni-kakovosti.html#primaryimage"},"image":{"@id":"https:\/\/www.versiegelung24.com\/sl\/avtomatsko-tesnjenje-stekla-v-profesionalni-kakovosti.html#primaryimage"},"thumbnailUrl":"https:\/\/www.versiegelung24.com\/wp-content\/uploads\/2020\/06\/produkt-1002-7601-1000-Autoglasversiegelung-scaled.jpg","datePublished":"2020-04-04T16:53:13+00:00","dateModified":"2025-01-03T22:39:51+00:00","breadcrumb":{"@id":"https:\/\/www.versiegelung24.com\/sl\/avtomatsko-tesnjenje-stekla-v-profesionalni-kakovosti.html#breadcrumb"},"inLanguage":"sl-SI","potentialAction":[{"@type":"ReadAction","target":["https:\/\/www.versiegelung24.com\/sl\/avtomatsko-tesnjenje-stekla-v-profesionalni-kakovosti.html"]}]},{"@type":"ImageObject","inLanguage":"sl-SI","@id":"https:\/\/www.versiegelung24.com\/sl\/avtomatsko-tesnjenje-stekla-v-profesionalni-kakovosti.html#primaryimage","url":"https:\/\/www.versiegelung24.com\/wp-content\/uploads\/2020\/06\/produkt-1002-7601-1000-Autoglasversiegelung-scaled.jpg","contentUrl":"https:\/\/www.versiegelung24.com\/wp-content\/uploads\/2020\/06\/produkt-1002-7601-1000-Autoglasversiegelung-scaled.jpg","width":2560,"height":2560},{"@type":"BreadcrumbList","@id":"https:\/\/www.versiegelung24.com\/sl\/avtomatsko-tesnjenje-stekla-v-profesionalni-kakovosti.html#breadcrumb","itemListElement":[{"@type":"ListItem","position":1,"name":"Doma\u010da stran","item":"https:\/\/www.versiegelung24.com\/sl\/spredaj\/"},{"@type":"ListItem","position":2,"name":"Nakupujte","item":"https:\/\/www.versiegelung24.com\/sl\/nakupujte\/"},{"@type":"ListItem","position":3,"name":"Tesnjenje avtomobilskega stekla v profesionalni kakovosti"}]},{"@type":"WebSite","@id":"https:\/\/www.versiegelung24.com\/sl\/#website","url":"https:\/\/www.versiegelung24.com\/sl\/","name":"versiegelung24.com","description":"Fl\u00fcssigglas-Versiegelung - Made in Germany","publisher":{"@id":"https:\/\/www.versiegelung24.com\/sl\/#organization"},"potentialAction":[{"@type":"SearchAction","target":{"@type":"EntryPoint","urlTemplate":"https:\/\/www.versiegelung24.com\/sl\/?s={search_term_string}"},"query-input":{"@type":"PropertyValueSpecification","valueRequired":true,"valueName":"search_term_string"}}],"inLanguage":"sl-SI"},{"@type":"Organization","@id":"https:\/\/www.versiegelung24.com\/sl\/#organization","name":"versiegelung24","url":"https:\/\/www.versiegelung24.com\/sl\/","logo":{"@type":"ImageObject","inLanguage":"sl-SI","@id":"https:\/\/www.versiegelung24.com\/sl\/#\/schema\/logo\/image\/","url":"https:\/\/www.versiegelung24.com\/wp-content\/uploads\/2020\/04\/versiegelung24.png","contentUrl":"https:\/\/www.versiegelung24.com\/wp-content\/uploads\/2020\/04\/versiegelung24.png","width":470,"height":102,"caption":"versiegelung24"},"image":{"@id":"https:\/\/www.versiegelung24.com\/sl\/#\/schema\/logo\/image\/"}}]},"og_availability":"instock","product_availability":"instock","product_retailer_item_id":"1002-7601","product_condition":"new"},"_links":{"self":[{"href":"https:\/\/www.versiegelung24.com\/sl\/wp-json\/wp\/v2\/product\/22812","targetHints":{"allow":["GET"]}}],"collection":[{"href":"https:\/\/www.versiegelung24.com\/sl\/wp-json\/wp\/v2\/product"}],"about":[{"href":"https:\/\/www.versiegelung24.com\/sl\/wp-json\/wp\/v2\/types\/product"}],"version-history":[{"count":14,"href":"https:\/\/www.versiegelung24.com\/sl\/wp-json\/wp\/v2\/product\/22812\/revisions"}],"predecessor-version":[{"id":177541,"href":"https:\/\/www.versiegelung24.com\/sl\/wp-json\/wp\/v2\/product\/22812\/revisions\/177541"}],"wp:featuredmedia":[{"embeddable":true,"href":"https:\/\/www.versiegelung24.com\/sl\/wp-json\/wp\/v2\/media\/17629"}],"wp:attachment":[{"href":"https:\/\/www.versiegelung24.com\/sl\/wp-json\/wp\/v2\/media?parent=22812"}],"wp:term":[{"taxonomy":"product_brand","embeddable":true,"href":"https:\/\/www.versiegelung24.com\/sl\/wp-json\/wp\/v2\/product_brand?post=22812"},{"taxonomy":"product_cat","embeddable":true,"href":"https:\/\/www.versiegelung24.com\/sl\/wp-json\/wp\/v2\/product_cat?post=22812"},{"taxonomy":"product_tag","embeddable":true,"href":"https:\/\/www.versiegelung24.com\/sl\/wp-json\/wp\/v2\/product_tag?post=22812"}],"curies":[{"name":"wp","href":"https:\/\/api.w.org\/{rel}","templated":true}]}}