{"id":22823,"date":"2020-04-04T18:53:16","date_gmt":"2021-08-02T19:03:17","guid":{"rendered":"https:\/\/www.versiegelung24.com\/produkt\/1-liter-koncentrata-bacoban-za-100-litrov-dolgotrajne-dezinfekcije-povrsin"},"modified":"2025-01-13T16:36:11","modified_gmt":"2025-01-13T15:36:11","slug":"bacoban-koncentrat-za-dolgotrajno-povrsinsko-razkuzevanje","status":"publish","type":"product","link":"https:\/\/www.versiegelung24.com\/sl\/bacoban-koncentrat-za-dolgotrajno-povrsinsko-razkuzevanje.html","title":{"rendered":"1 liter koncentrata BACOBAN\u00ae za 100 litrov dolgotrajne dezinfekcije povr\u0161in"},"content":{"rendered":"\n<h2 class=\"wp-block-heading\" id=\"1-liter-flasche-bacoban-langzeit-flachendesinfektion-konzentrat\">1-litrska steklenica BACOBAN\u00ae koncentrata za dolgotrajno dezinfekcijo povr\u0161in<\/h2>\n\n<p><strong>Zadostuje za 100 litrov razku\u017eila (razred\u010deno z vodo 1: 100)<\/strong><\/p>\n\n<p><strong>Previdno uporabljajte razku\u017eila. Pred uporabo vedno preberite etiketo in podatke o izdelku.<\/strong><\/p>\n\n<hr \/>\n\n<h4 class=\"wp-block-heading\" id=\"properties\">Zna\u010dilnosti izdelka<\/h4>\n\n<ul class=\"wp-block-list\"><li><br \/>Trajni protimikrobni u\u010dinek (remanen\u010dni u\u010dinek) do 10 dni<\/li><li>VAH na seznamu<\/li><li>u\u010dinkovit proti koronavirusu<\/li><li>zelo dobra ko\u017ena toleranca<\/li><li>visok u\u010dinek \u010di\u0161\u010denja<\/li><li>Prakti\u010dna uporaba, preizku\u0161ena v testu 4 polj<\/li><\/ul>\n\n<p><strong>Bacoban<\/strong><sup> \u00ae<\/sup><strong> WB<\/strong> je koncentrat na vodni osnovi za kombinirano dezinfekcijo in \u010di\u0161\u010denje zalog in tal s trajnim, protimikrobnim u\u010dinkom (u\u010dinek obnavljanja).<\/p>\n\n<hr \/>\n\n<h4 class=\"wp-block-heading\" id=\"application\">Aplikacija<\/h4>\n\n<h3 class=\"wp-block-heading\" id=\"gebrauch\">uporaba<\/h3>\n\n<p>Zunaj<strong> Bacoban<\/strong><sup> \u00ae<\/sup><strong> WB<\/strong> Raztopino, pripravljeno za uporabo, pripravite v skladu z me\u0161alno tabelo in dovolj navla\u017eite povr\u0161ine. Ne sperite ali posu\u0161ite. \u010cas mirovanja sve\u017ee pripravljene delovne raztopine: 8 ur<\/p>\n\n<figure class=\"wp-block-table\"><table><tbody><tr><td>Miza za me\u0161anje<\/td><\/tr><tr><td>Kon\u010dni volumen<\/td><td>0,5 %<\/td><td>1 %<\/td><td>2 %<\/td><td>3 %<\/td><\/tr><tr><td>1 liter<\/td><td>5 ml<\/td><td>10 ml<\/td><td>20 ml<\/td><td>30 ml<\/td><\/tr><tr><td>2 litra<\/td><td>10 ml<\/td><td>20 ml<\/td><td>40 ml<\/td><td>60 ml<\/td><\/tr><tr><td>4 litre<\/td><td>20 ml<\/td><td>40 ml<\/td><td>80 ml<\/td><td>120 ml<\/td><\/tr><tr><td>8 litrov<\/td><td>40 ml<\/td><td>80 ml<\/td><td>160 ml<\/td><td>240 ml<\/td><\/tr><tr><td>10 litrov<\/td><td>50 ml<\/td><td>100 ml<\/td><td>200 ml<\/td><td>300 ml<\/td><\/tr><\/tbody><\/table><\/figure>\n\n<p><br \/>Trajni protimikrobni u\u010dinek <strong>(remanen\u010dni u\u010dinek)<\/strong> do <strong>10 dni<\/strong> (testirano v skladu z ASTM E 2180). Dermatolo\u0161ko testirano (*pri 1 %): zelo dobra zdru\u017eljivost s ko\u017eo.<\/p>\n\n<h3 class=\"wp-block-heading\" id=\"lagerung\">skladi\u0161\u010denje<\/h3>\n\n<p><strong>Bacoban<\/strong><sup> \u00ae<\/sup><strong> WB<\/strong> shranjujte pri +5 do + 25 \u00b0 C. Za\u0161\u010ditite pred zmrzaljo in neposredno son\u010dno svetlobo.<\/p>\n\n<hr \/>\n\n<h4 class=\"wp-block-heading\" id=\"advisor\">Svetovalec<\/h4>\n\n<h3 class=\"wp-block-heading\" id=\"gutachten\">Ocenjevanje<\/h3>\n\n<p>Na\u0161i izdelki so bili obse\u017eno testirani. Z veseljem vam bomo na zahtevo posredovali na\u0161a mikrobiolo\u0161ka in dermatolo\u0161ka poro\u010dila.<\/p>\n\n<h3 class=\"wp-block-heading\" id=\"sicherheitshinweis\">Varnostna opomba<\/h3>\n\n<p>Varnostni list je na voljo na zahtevo.<\/p>\n\n<p><strong>Pomembno<\/strong> ! Preostali protimikrobni u\u010dinek<strong> Bacoban<\/strong><sup> \u00ae<\/sup><strong> WB<\/strong> ne sme povzro\u010diti opustitve potrebnih dezinfekcijskih ukrepov v primeru vidne in \/ ali vpra\u0161ljive kontaminacije!<\/p>\n\n<p>Zdru\u017eenje za zavarovanje odgovornosti delodajalcev dolo\u010da, da je treba pri ravnanju z razku\u017eili nositi rokavice. Zdravju \u0161kodljivo ob zau\u017eitju. Povzro\u010da hude opekline ko\u017ee in po\u0161kodbe o\u010di. Zelo strupen za vodne organizme. Strupeno za vodne organizme, z dolgotrajnimi u\u010dinki. Med uporabo izdelka ne jejte, ne pijte in ne kadite. PRI PO\u017dIRANJU: Izperite usta. NE povzro\u010dajte bruhanja. PRI SOTIKU S KO\u017dO (ali lasmi): Takoj odstranite vsa onesna\u017eena obla\u010dila. Izperite ko\u017eo z vodo\/prhanjem. \u010ce pride v o\u010di: nekaj minut previdno izpirajte z vodo. \u010ce je mogo\u010de, odstranite obstoje\u010de kontaktne le\u010de. Nadaljujte z izpiranjem. Takoj pokli\u010dite center za zastrupitve ali zdravnika. \u010ce je potreben zdravni\u0161ki nasvet, pripravite embala\u017eo ali etiketo. <br \/>Hraniti izven dosega otrok. Uporabljati samo z vodo in v skladu s tabelo za me\u0161anje. Ne uporabljajte z drugimi \u010distili ali razku\u017eili.<\/p>\n\n<p>Uporablja se lahko na vseh povr\u0161inah. Pri vpra\u0161ljivo ob\u010dutljivih povr\u0161inah priporo\u010damo preizkus odpornosti na neopaznem obmo\u010dju. Shranjujte samo v zaprti posodi. Shranjujte v hladnem in suhem prostoru.<\/p>\n\n<p>Zabojnik lahko reciklirate \u0161ele, ko je popolnoma prazen. Ne uporabljajte po izteku roka uporabnosti. Odstranite v skladu z lokalnimi in uradnimi predpisi.<\/p>\n\n<p>Reg. \u0161t. biocidov: N-28795 (D). 263\/17\/L (Lu)<\/p>\n\n<p>Raztopina <strong>, pripravljena<\/strong> za uporabo v skladu z me\u0161alno tabelo, ne zahteva simbola nevarnosti.<\/p>\n\n<h3 class=\"wp-block-heading\" id=\"zusammensetzung\">sestava<\/h3>\n\n<p>100 g raztopine vsebuje: benzalkonijev klorid 26 g, natrijev pirition 2,5 g, polikondenzati, di\u0161ave, pre\u010di\u0161\u010dena voda. Sestavine v skladu z Uredbo (ES) \u0161t. 648\/2004: 15% in ve\u010d, vendar manj kot 30% kationskih povr\u0161insko aktivnih snovi, razku\u017eil, di\u0161av (linalool, limonen, citral, geraniol, citronelol).<br \/>Brez formaldehida, brez fenola.<\/p>\n\n<figure class=\"wp-block-table\"><table><tbody><tr><td>u\u010dinkovitost<\/td><\/tr><tr><td>Testiranje v skladu s smernicami DVV \/ RKI<\/td><td>red\u010denje<\/td><td>\u010cas izpostavljenosti<\/td><\/tr><tr><td><br \/>Omejeno virucidno (ovojni virusi, vklju\u010dno s <strong>koronavirusom<\/strong>, HIV, HBV, HCV, gripo, herpesom, virusom Ebola&#8230;.)<\/td><td>1,00 %<\/td><td>5 min<\/td><\/tr><tr><td>Adenovirus<\/td><td>2,00 %<\/td><td>240 min<\/td><\/tr><tr><td>\u010clove\u0161ki papiloma virus (HPV)<\/td><td>1,00 %<\/td><td>60 min<\/td><\/tr><tr><td>Norovirus<\/td><td>1,00 %<\/td><td>30 min<\/td><\/tr><tr><td>Testiranje po smernicah DGHM (z mehaniko, velika obremenitev)<\/td><\/tr><tr><td>baktericidno in kvasno<\/td><td>1,00 %<\/td><td>5 min<\/td><\/tr><tr><td>EN standardov<\/td><\/tr><tr><td>EN 1040 (baktericidno)<\/td><td>0,25 %<\/td><td>5 min<\/td><\/tr><tr><td>EN 1275 (kvasni)<\/td><td>0,25 %<\/td><td>5 min<\/td><\/tr><tr><td>EN 1276 (baktericidno)<\/td><td>0,75 %<\/td><td>5 min<\/td><\/tr><tr><td>\u00a0<\/td><td>0,50 %<\/td><td>15 minut<\/td><\/tr><tr><td>EN 13727 (baktericidno)<\/td><td>1,00 %<\/td><td>5 min<\/td><\/tr><tr><td>EN 13624 (kvasovka, fungicid)<\/td><td>1,00 %<\/td><td>5 min<\/td><\/tr><tr><td>EN 1650 (kvasni)<\/td><td>0,50 %<\/td><td>5 min<\/td><\/tr><tr><td>\u00a0<\/td><td>0,25 %<\/td><td>15 minut<\/td><\/tr><tr><td>EN 13697 (baktericidno)<\/td><td>0,50 %<\/td><td>15 minut<\/td><\/tr><tr><td>EN 14561 (baktericidno)<\/td><td>0,50 %<\/td><td>15 minut<\/td><\/tr><tr><td>\u00a0<\/td><td>0,50 %<\/td><td>60 min<\/td><\/tr><tr><td>EN 14562 (kvasni)<\/td><td>0,50 %<\/td><td>60 min<\/td><\/tr><tr><td>EN 16615 (baktericidno, kvasno) (4-polni preskus)<\/td><td>1,00 %<\/td><td>5 min<\/td><\/tr><\/tbody><\/table><\/figure>\n\n<p><strong>Previdno uporabljajte razku\u017eila. Pred uporabo vedno preberite etiketo in podatke o izdelku.<\/strong><\/p>\n","protected":false},"excerpt":{"rendered":"<p style=\"color: #545454;font-family: Verdana, sans-serif;font-size: 11px;line-height: 15.666666984558105px\"><strong>Dezinfekcija in \u010di\u0161\u010denje povr\u0161in brez alkohola<\/strong><\/p>\n","protected":false},"featured_media":21964,"template":"","meta":{"_acf_changed":false,"neve_meta_sidebar":"","neve_meta_container":"","neve_meta_enable_content_width":"","neve_meta_content_width":0,"neve_meta_title_alignment":"","neve_meta_author_avatar":"","neve_post_elements_order":"","neve_meta_disable_header":"","neve_meta_disable_footer":"","neve_meta_disable_title":"","neve_meta_reading_time":"","_surfaces":[],"_ver_product_tabs":[],"footnotes":""},"product_brand":[],"product_cat":[2258,2259,2260],"product_tag":[],"class_list":{"0":"post-22823","1":"product","2":"type-product","3":"status-publish","4":"has-post-thumbnail","6":"product_cat-razkuzila","7":"product_cat-povrsinska-razkuzila","8":"product_cat-koncentrati-razkuzil","10":"first","11":"instock","12":"taxable","13":"shipping-taxable","14":"purchasable","15":"product-type-simple"},"acf":[],"yoast_head":"<!-- This site is optimized with the Yoast SEO Premium plugin v22.8 (Yoast SEO v27.5) - https:\/\/yoast.com\/product\/yoast-seo-premium-wordpress\/ -->\n<title>1 liter koncentrata BACOBAN\u00ae za 100 litrov dolgotrajne dezinfekcije povr\u0161in - versiegelung24.com<\/title>\n<meta name=\"robots\" content=\"index, follow, max-snippet:-1, max-image-preview:large, max-video-preview:-1\" \/>\n<link rel=\"canonical\" href=\"https:\/\/www.versiegelung24.com\/sl\/bacoban-koncentrat-za-dolgotrajno-povrsinsko-razkuzevanje.html\" \/>\n<meta property=\"og:locale\" content=\"sl_SI\" \/>\n<meta property=\"og:type\" content=\"article\" \/>\n<meta property=\"og:title\" content=\"1 liter koncentrata BACOBAN\u00ae za 100 litrov dolgotrajne dezinfekcije povr\u0161in\" \/>\n<meta property=\"og:description\" content=\"Dezinfekcija in \u010di\u0161\u010denje povr\u0161in brez alkohola\" \/>\n<meta property=\"og:url\" content=\"https:\/\/www.versiegelung24.com\/sl\/bacoban-koncentrat-za-dolgotrajno-povrsinsko-razkuzevanje.html\" \/>\n<meta property=\"og:site_name\" content=\"versiegelung24.com\" \/>\n<meta property=\"article:modified_time\" content=\"2025-01-13T15:36:11+00:00\" \/>\n<meta property=\"og:image\" content=\"https:\/\/www.versiegelung24.com\/wp-content\/uploads\/2020\/04\/bacwb1-bacoban-langzeitdesinfektion-konzentrat-1-liter.png\" \/>\n\t<meta property=\"og:image:width\" content=\"1000\" \/>\n\t<meta property=\"og:image:height\" content=\"1000\" \/>\n\t<meta property=\"og:image:type\" content=\"image\/png\" \/>\n<meta name=\"twitter:card\" content=\"summary_large_image\" \/>\n<meta name=\"twitter:label1\" content=\"Price\" \/>\n\t<meta name=\"twitter:data1\" content=\"89,90&euro;\" \/>\n\t<meta name=\"twitter:label2\" content=\"Availability\" \/>\n\t<meta name=\"twitter:data2\" content=\"In stock\" \/>\n<script type=\"application\/ld+json\" class=\"yoast-schema-graph\">{\"@context\":\"https:\\\/\\\/schema.org\",\"@graph\":[{\"@type\":\"WebPage\",\"@id\":\"https:\\\/\\\/www.versiegelung24.com\\\/sl\\\/bacoban-koncentrat-za-dolgotrajno-povrsinsko-razkuzevanje.html\",\"url\":\"https:\\\/\\\/www.versiegelung24.com\\\/sl\\\/bacoban-koncentrat-za-dolgotrajno-povrsinsko-razkuzevanje.html\",\"name\":\"1 liter koncentrata BACOBAN\u00ae za 100 litrov dolgotrajne dezinfekcije povr\u0161in - versiegelung24.com\",\"isPartOf\":{\"@id\":\"https:\\\/\\\/www.versiegelung24.com\\\/sl\\\/#website\"},\"primaryImageOfPage\":{\"@id\":\"https:\\\/\\\/www.versiegelung24.com\\\/sl\\\/bacoban-koncentrat-za-dolgotrajno-povrsinsko-razkuzevanje.html#primaryimage\"},\"image\":{\"@id\":\"https:\\\/\\\/www.versiegelung24.com\\\/sl\\\/bacoban-koncentrat-za-dolgotrajno-povrsinsko-razkuzevanje.html#primaryimage\"},\"thumbnailUrl\":\"https:\\\/\\\/www.versiegelung24.com\\\/wp-content\\\/uploads\\\/2020\\\/04\\\/bacwb1-bacoban-langzeitdesinfektion-konzentrat-1-liter.png\",\"datePublished\":\"2021-08-02T19:03:17+00:00\",\"dateModified\":\"2025-01-13T15:36:11+00:00\",\"breadcrumb\":{\"@id\":\"https:\\\/\\\/www.versiegelung24.com\\\/sl\\\/bacoban-koncentrat-za-dolgotrajno-povrsinsko-razkuzevanje.html#breadcrumb\"},\"inLanguage\":\"sl-SI\",\"potentialAction\":[{\"@type\":\"ReadAction\",\"target\":[\"https:\\\/\\\/www.versiegelung24.com\\\/sl\\\/bacoban-koncentrat-za-dolgotrajno-povrsinsko-razkuzevanje.html\"]}]},{\"@type\":\"ImageObject\",\"inLanguage\":\"sl-SI\",\"@id\":\"https:\\\/\\\/www.versiegelung24.com\\\/sl\\\/bacoban-koncentrat-za-dolgotrajno-povrsinsko-razkuzevanje.html#primaryimage\",\"url\":\"https:\\\/\\\/www.versiegelung24.com\\\/wp-content\\\/uploads\\\/2020\\\/04\\\/bacwb1-bacoban-langzeitdesinfektion-konzentrat-1-liter.png\",\"contentUrl\":\"https:\\\/\\\/www.versiegelung24.com\\\/wp-content\\\/uploads\\\/2020\\\/04\\\/bacwb1-bacoban-langzeitdesinfektion-konzentrat-1-liter.png\",\"width\":1000,\"height\":1000},{\"@type\":\"BreadcrumbList\",\"@id\":\"https:\\\/\\\/www.versiegelung24.com\\\/sl\\\/bacoban-koncentrat-za-dolgotrajno-povrsinsko-razkuzevanje.html#breadcrumb\",\"itemListElement\":[{\"@type\":\"ListItem\",\"position\":1,\"name\":\"Doma\u010da stran\",\"item\":\"https:\\\/\\\/www.versiegelung24.com\\\/sl\\\/spredaj\\\/\"},{\"@type\":\"ListItem\",\"position\":2,\"name\":\"Nakupujte\",\"item\":\"https:\\\/\\\/www.versiegelung24.com\\\/sl\\\/nakupujte\\\/\"},{\"@type\":\"ListItem\",\"position\":3,\"name\":\"1 liter koncentrata BACOBAN\u00ae za 100 litrov dolgotrajne dezinfekcije povr\u0161in\"}]},{\"@type\":\"WebSite\",\"@id\":\"https:\\\/\\\/www.versiegelung24.com\\\/sl\\\/#website\",\"url\":\"https:\\\/\\\/www.versiegelung24.com\\\/sl\\\/\",\"name\":\"versiegelung24.com\",\"description\":\"Fl\u00fcssigglas-Versiegelung - Made in Germany\",\"publisher\":{\"@id\":\"https:\\\/\\\/www.versiegelung24.com\\\/sl\\\/#organization\"},\"potentialAction\":[{\"@type\":\"SearchAction\",\"target\":{\"@type\":\"EntryPoint\",\"urlTemplate\":\"https:\\\/\\\/www.versiegelung24.com\\\/sl\\\/?s={search_term_string}\"},\"query-input\":{\"@type\":\"PropertyValueSpecification\",\"valueRequired\":true,\"valueName\":\"search_term_string\"}}],\"inLanguage\":\"sl-SI\"},{\"@type\":\"Organization\",\"@id\":\"https:\\\/\\\/www.versiegelung24.com\\\/sl\\\/#organization\",\"name\":\"versiegelung24\",\"url\":\"https:\\\/\\\/www.versiegelung24.com\\\/sl\\\/\",\"logo\":{\"@type\":\"ImageObject\",\"inLanguage\":\"sl-SI\",\"@id\":\"https:\\\/\\\/www.versiegelung24.com\\\/sl\\\/#\\\/schema\\\/logo\\\/image\\\/\",\"url\":\"https:\\\/\\\/www.versiegelung24.com\\\/wp-content\\\/uploads\\\/2020\\\/04\\\/versiegelung24.png\",\"contentUrl\":\"https:\\\/\\\/www.versiegelung24.com\\\/wp-content\\\/uploads\\\/2020\\\/04\\\/versiegelung24.png\",\"width\":470,\"height\":102,\"caption\":\"versiegelung24\"},\"image\":{\"@id\":\"https:\\\/\\\/www.versiegelung24.com\\\/sl\\\/#\\\/schema\\\/logo\\\/image\\\/\"}}]}<\/script>\n<meta property=\"product:price:amount\" content=\"89.90\" \/>\n<meta property=\"product:price:currency\" content=\"EUR\" \/>\n<meta property=\"og:availability\" content=\"instock\" \/>\n<meta property=\"product:availability\" content=\"instock\" \/>\n<meta property=\"product:retailer_item_id\" content=\"BACWB1D\" \/>\n<meta property=\"product:condition\" content=\"new\" \/>\n<!-- \/ Yoast SEO Premium plugin. -->","yoast_head_json":{"title":"1 liter koncentrata BACOBAN\u00ae za 100 litrov dolgotrajne dezinfekcije povr\u0161in - versiegelung24.com","robots":{"index":"index","follow":"follow","max-snippet":"max-snippet:-1","max-image-preview":"max-image-preview:large","max-video-preview":"max-video-preview:-1"},"canonical":"https:\/\/www.versiegelung24.com\/sl\/bacoban-koncentrat-za-dolgotrajno-povrsinsko-razkuzevanje.html","og_locale":"sl_SI","og_type":"article","og_title":"1 liter koncentrata BACOBAN\u00ae za 100 litrov dolgotrajne dezinfekcije povr\u0161in","og_description":"Dezinfekcija in \u010di\u0161\u010denje povr\u0161in brez alkohola","og_url":"https:\/\/www.versiegelung24.com\/sl\/bacoban-koncentrat-za-dolgotrajno-povrsinsko-razkuzevanje.html","og_site_name":"versiegelung24.com","article_modified_time":"2025-01-13T15:36:11+00:00","og_image":[{"width":1000,"height":1000,"url":"https:\/\/www.versiegelung24.com\/wp-content\/uploads\/2020\/04\/bacwb1-bacoban-langzeitdesinfektion-konzentrat-1-liter.png","type":"image\/png"}],"twitter_card":"summary_large_image","twitter_misc":{"Price":"89,90&euro;","Availability":"In stock"},"schema":{"@context":"https:\/\/schema.org","@graph":[{"@type":"WebPage","@id":"https:\/\/www.versiegelung24.com\/sl\/bacoban-koncentrat-za-dolgotrajno-povrsinsko-razkuzevanje.html","url":"https:\/\/www.versiegelung24.com\/sl\/bacoban-koncentrat-za-dolgotrajno-povrsinsko-razkuzevanje.html","name":"1 liter koncentrata BACOBAN\u00ae za 100 litrov dolgotrajne dezinfekcije povr\u0161in - versiegelung24.com","isPartOf":{"@id":"https:\/\/www.versiegelung24.com\/sl\/#website"},"primaryImageOfPage":{"@id":"https:\/\/www.versiegelung24.com\/sl\/bacoban-koncentrat-za-dolgotrajno-povrsinsko-razkuzevanje.html#primaryimage"},"image":{"@id":"https:\/\/www.versiegelung24.com\/sl\/bacoban-koncentrat-za-dolgotrajno-povrsinsko-razkuzevanje.html#primaryimage"},"thumbnailUrl":"https:\/\/www.versiegelung24.com\/wp-content\/uploads\/2020\/04\/bacwb1-bacoban-langzeitdesinfektion-konzentrat-1-liter.png","datePublished":"2021-08-02T19:03:17+00:00","dateModified":"2025-01-13T15:36:11+00:00","breadcrumb":{"@id":"https:\/\/www.versiegelung24.com\/sl\/bacoban-koncentrat-za-dolgotrajno-povrsinsko-razkuzevanje.html#breadcrumb"},"inLanguage":"sl-SI","potentialAction":[{"@type":"ReadAction","target":["https:\/\/www.versiegelung24.com\/sl\/bacoban-koncentrat-za-dolgotrajno-povrsinsko-razkuzevanje.html"]}]},{"@type":"ImageObject","inLanguage":"sl-SI","@id":"https:\/\/www.versiegelung24.com\/sl\/bacoban-koncentrat-za-dolgotrajno-povrsinsko-razkuzevanje.html#primaryimage","url":"https:\/\/www.versiegelung24.com\/wp-content\/uploads\/2020\/04\/bacwb1-bacoban-langzeitdesinfektion-konzentrat-1-liter.png","contentUrl":"https:\/\/www.versiegelung24.com\/wp-content\/uploads\/2020\/04\/bacwb1-bacoban-langzeitdesinfektion-konzentrat-1-liter.png","width":1000,"height":1000},{"@type":"BreadcrumbList","@id":"https:\/\/www.versiegelung24.com\/sl\/bacoban-koncentrat-za-dolgotrajno-povrsinsko-razkuzevanje.html#breadcrumb","itemListElement":[{"@type":"ListItem","position":1,"name":"Doma\u010da stran","item":"https:\/\/www.versiegelung24.com\/sl\/spredaj\/"},{"@type":"ListItem","position":2,"name":"Nakupujte","item":"https:\/\/www.versiegelung24.com\/sl\/nakupujte\/"},{"@type":"ListItem","position":3,"name":"1 liter koncentrata BACOBAN\u00ae za 100 litrov dolgotrajne dezinfekcije povr\u0161in"}]},{"@type":"WebSite","@id":"https:\/\/www.versiegelung24.com\/sl\/#website","url":"https:\/\/www.versiegelung24.com\/sl\/","name":"versiegelung24.com","description":"Fl\u00fcssigglas-Versiegelung - Made in Germany","publisher":{"@id":"https:\/\/www.versiegelung24.com\/sl\/#organization"},"potentialAction":[{"@type":"SearchAction","target":{"@type":"EntryPoint","urlTemplate":"https:\/\/www.versiegelung24.com\/sl\/?s={search_term_string}"},"query-input":{"@type":"PropertyValueSpecification","valueRequired":true,"valueName":"search_term_string"}}],"inLanguage":"sl-SI"},{"@type":"Organization","@id":"https:\/\/www.versiegelung24.com\/sl\/#organization","name":"versiegelung24","url":"https:\/\/www.versiegelung24.com\/sl\/","logo":{"@type":"ImageObject","inLanguage":"sl-SI","@id":"https:\/\/www.versiegelung24.com\/sl\/#\/schema\/logo\/image\/","url":"https:\/\/www.versiegelung24.com\/wp-content\/uploads\/2020\/04\/versiegelung24.png","contentUrl":"https:\/\/www.versiegelung24.com\/wp-content\/uploads\/2020\/04\/versiegelung24.png","width":470,"height":102,"caption":"versiegelung24"},"image":{"@id":"https:\/\/www.versiegelung24.com\/sl\/#\/schema\/logo\/image\/"}}]},"product_price_amount":"89.90","product_price_currency":"EUR","og_availability":"instock","product_availability":"instock","product_retailer_item_id":"BACWB1D","product_condition":"new"},"_links":{"self":[{"href":"https:\/\/www.versiegelung24.com\/sl\/wp-json\/wp\/v2\/product\/22823","targetHints":{"allow":["GET"]}}],"collection":[{"href":"https:\/\/www.versiegelung24.com\/sl\/wp-json\/wp\/v2\/product"}],"about":[{"href":"https:\/\/www.versiegelung24.com\/sl\/wp-json\/wp\/v2\/types\/product"}],"version-history":[{"count":17,"href":"https:\/\/www.versiegelung24.com\/sl\/wp-json\/wp\/v2\/product\/22823\/revisions"}],"predecessor-version":[{"id":180490,"href":"https:\/\/www.versiegelung24.com\/sl\/wp-json\/wp\/v2\/product\/22823\/revisions\/180490"}],"wp:featuredmedia":[{"embeddable":true,"href":"https:\/\/www.versiegelung24.com\/sl\/wp-json\/wp\/v2\/media\/21964"}],"wp:attachment":[{"href":"https:\/\/www.versiegelung24.com\/sl\/wp-json\/wp\/v2\/media?parent=22823"}],"wp:term":[{"taxonomy":"product_brand","embeddable":true,"href":"https:\/\/www.versiegelung24.com\/sl\/wp-json\/wp\/v2\/product_brand?post=22823"},{"taxonomy":"product_cat","embeddable":true,"href":"https:\/\/www.versiegelung24.com\/sl\/wp-json\/wp\/v2\/product_cat?post=22823"},{"taxonomy":"product_tag","embeddable":true,"href":"https:\/\/www.versiegelung24.com\/sl\/wp-json\/wp\/v2\/product_tag?post=22823"}],"curies":[{"name":"wp","href":"https:\/\/api.w.org\/{rel}","templated":true}]}}