{"id":22889,"date":"2020-04-04T18:53:11","date_gmt":"2021-08-02T19:06:43","guid":{"rendered":"https:\/\/www.versiegelung24.com\/produkt\/tesnjenje-tekstila-v-profesionalni-kakovosti"},"modified":"2025-01-03T23:26:02","modified_gmt":"2025-01-03T22:26:02","slug":"tesnjenje-tekstila-v-profesionalni-kakovosti","status":"publish","type":"product","link":"https:\/\/www.versiegelung24.com\/sl\/tesnjenje-tekstila-v-profesionalni-kakovosti.html","title":{"rendered":"Rapid Tex &#8211; tekstilno tesnjenje profesionalne kakovosti"},"content":{"rendered":"\n<p><strong>Profesionalno tekstilno tesnilo z u\u010dinkom lotosa (vodoodbojnost) za notranjo in zunanjo uporabo<\/strong><\/p>\n\n<p>Visoka kakovost Izdelano v Nem\u010diji.<\/p>\n\n<hr\/>\n\n<h4 class=\"wp-block-heading\" id=\"properties\">Zna\u010dilnosti izdelka<\/h4>\n\n<div class=\"wp-block-columns is-layout-flex wp-container-core-columns-is-layout-9d6595d7 wp-block-columns-is-layout-flex\">\n<div class=\"wp-block-column is-layout-flow wp-block-column-is-layout-flow\">\n<ul class=\"wp-block-list\">\n<li>Mo\u010dan hidrofobni in oleofobni u\u010dinek (odpornost na vodo in olje)<\/li>\n\n\n\n<li>Odli\u010den u\u010dinek enostavnega \u010di\u0161\u010denja<\/li>\n\n\n\n<li>Ne\u010disto\u010de lahko enostavno odstranite z vla\u017eno krpo<\/li>\n\n\n\n<li>Dihljiva<\/li>\n\n\n\n<li>Nevidno (brez sprememb videza in ob\u010dutka)<\/li>\n\n\n\n<li>Mo\u010dne lastnosti proti sprijemanju<\/li>\n\n\n\n<li>Za\u0161\u010dita pred made\u017ei<\/li>\n\n\n\n<li>Zmanj\u0161a uporabo kemi\u010dnih \u010distil<\/li>\n<\/ul>\n<\/div>\n\n\n\n<div class=\"wp-block-column is-layout-flow wp-block-column-is-layout-flow\">\n<ul id=\"block-f0be9b0c-a029-4c3c-a6e1-740fba50b471\" class=\"wp-block-list\">\n<li>Pove\u010da odpornost proti obrabi<\/li>\n\n\n\n<li>Brez poslab\u0161anja videza<\/li>\n\n\n\n<li>Nano tehnologija SiO\u00b2<\/li>\n\n\n\n<li>Za\u0161\u010dita vlaken pred prodiranjem delcev umazanije<\/li>\n\n\n\n<li>Preprosta aplikacija<\/li>\n\n\n\n<li>Dolg rok trajanja, odvisno od mehanskih obremenitev<\/li>\n<\/ul>\n\n\n\n<p><br\/><br\/>Obseg dobave: 1 x litrska steklenica 1 x razpr\u0161ilna glava \u010drpalke<br\/><\/p>\n<\/div>\n<\/div>\n\n<hr\/>\n\n<h4 class=\"wp-block-heading\" id=\"application\">Aplikacija<\/h4>\n\n<div class=\"wp-block-columns is-layout-flex wp-container-core-columns-is-layout-9d6595d7 wp-block-columns-is-layout-flex\">\n<div class=\"wp-block-column is-layout-flow wp-block-column-is-layout-flow\">\n<ul class=\"wp-block-list\">\n<li>obla\u010dila<\/li>\n\n\n\n<li>Doma\u010di tekstil (oblazinjenje, pohi\u0161tvo, preproge)<\/li>\n\n\n\n<li>Suede \/ usnje<\/li>\n\n\n\n<li>Papirna \u0161katla<\/li>\n<\/ul>\n\n\n\n<p>Poraba je zelo odvisna od strukture, vpojnosti in debeline materiala, ki ga je treba premazati, pribli\u017eno 10-50 m\u00b2 \/ liter (pribli\u017eno 10 ml \/ m\u00b2 na mm debeline, odvisno od vpojnosti).<\/p>\n<\/div>\n\n\n\n<div class=\"wp-block-column is-layout-flow wp-block-column-is-layout-flow\">\n<p><em>Pozor: Tesnilo je bilo razvito za tekstil, ki se nikoli ali redko opere. Trajnost tesnila na obla\u010dilih, ki se redno perejo, je do 5 pranj, pri max. 30 \u00b0 C in pranje samo z vodo, brez detergenta.<\/em><\/p>\n\n\n\n<p><br\/><br\/>Enostavna uporaba: 1. Razpr\u0161ite na \u010disto povr\u0161ino. 3. Pustite, da se posu\u0161i in vpije 12 ur &#8211; kon\u010dano<\/p>\n\n\n\n<p>Trajnost: do 1-5 let (odvisno od tekstila)<\/p>\n<\/div>\n<\/div>\n\n<p><strong>Primerno za:<\/strong><br\/>Za oblazinjeno pohi\u0161tvo, \u017eimnice, prevleke iz blaga, avtomobilske sede\u017ee, \u0161otore, obla\u010dila za prosti \u010das in delovna obla\u010dila, obleke, srajce\/ bluze, kravate, tende, hi\u0161ni tekstil, suknji\u010de, semi\u0161 (samo \u010de ni predhodno premazan), pustolovska obla\u010dila, aktovke, anorake, Obleka, avtomobilski top, bomba\u017e, zavese, rokavice iz blaga, tekstilne \u017ealuzije, otro\u0161ki sede\u017ei, otro\u0161ki vozi\u010dki, blazine, kostumi iz blaga, letvice iz blaga, nappa usnje, pla\u0161\u010di, klobuki, mehke igra\u010de, nahrbtniki, suknji\u010di, svila, sen\u010dniki, igra\u010de iz blaga, namizni prti in \u0161e veliko ve\u010d.<\/p>\n","protected":false},"excerpt":{"rendered":"<p><strong>Profesionalno tesnjenje tekstila:<\/strong><\/p>\n<p>\u2713 Z u\u010dinkom lotosa (vodoodbojnost)<\/p>\n<p>\u2713 Za notranjo in zunanjo uporabo<\/p>\n","protected":false},"featured_media":125362,"template":"","meta":{"_acf_changed":false,"neve_meta_sidebar":"","neve_meta_container":"","neve_meta_enable_content_width":"","neve_meta_content_width":0,"neve_meta_title_alignment":"","neve_meta_author_avatar":"","neve_post_elements_order":"","neve_meta_disable_header":"","neve_meta_disable_footer":"","neve_meta_disable_title":"","neve_meta_reading_time":"","_surfaces":[],"_ver_product_tabs":[],"footnotes":""},"product_brand":[],"product_cat":[2248],"product_tag":[],"class_list":{"0":"post-22889","1":"product","2":"type-product","3":"status-publish","4":"has-post-thumbnail","6":"product_cat-tesnjenje-usnja-in-tekstila","8":"first","9":"instock","10":"taxable","11":"shipping-taxable","12":"purchasable","13":"product-type-simple"},"acf":[],"yoast_head":"<!-- This site is optimized with the Yoast SEO Premium plugin v22.8 (Yoast SEO v27.5) - https:\/\/yoast.com\/product\/yoast-seo-premium-wordpress\/ -->\n<title>Rapid Tex - tekstilno tesnjenje profesionalne kakovosti - versiegelung24.com<\/title>\n<meta name=\"robots\" content=\"index, follow, max-snippet:-1, max-image-preview:large, max-video-preview:-1\" \/>\n<link rel=\"canonical\" href=\"https:\/\/www.versiegelung24.com\/sl\/tesnjenje-tekstila-v-profesionalni-kakovosti.html\" \/>\n<meta property=\"og:locale\" content=\"sl_SI\" \/>\n<meta property=\"og:type\" content=\"article\" \/>\n<meta property=\"og:title\" content=\"Rapid Tex - tekstilno tesnjenje profesionalne kakovosti\" \/>\n<meta property=\"og:description\" content=\"Profesionalno tesnjenje tekstila: \u2713 Z u\u010dinkom lotosa (vodoodbojnost) \u2713 Za notranjo in zunanjo uporabo\" \/>\n<meta property=\"og:url\" content=\"https:\/\/www.versiegelung24.com\/sl\/tesnjenje-tekstila-v-profesionalni-kakovosti.html\" \/>\n<meta property=\"og:site_name\" content=\"versiegelung24.com\" \/>\n<meta property=\"article:modified_time\" content=\"2025-01-03T22:26:02+00:00\" \/>\n<meta property=\"og:image\" content=\"https:\/\/www.versiegelung24.com\/wp-content\/uploads\/2020\/04\/produkt-6000-689-1000-rapid-tex-Textilversiegelung-scaled.webp\" \/>\n\t<meta property=\"og:image:width\" content=\"2560\" \/>\n\t<meta property=\"og:image:height\" content=\"2560\" \/>\n\t<meta property=\"og:image:type\" content=\"image\/webp\" \/>\n<meta name=\"twitter:card\" content=\"summary_large_image\" \/>\n<meta name=\"twitter:label1\" content=\"Price\" \/>\n\t<meta name=\"twitter:data1\" content=\"49,00&euro;\" \/>\n\t<meta name=\"twitter:label2\" content=\"Availability\" \/>\n\t<meta name=\"twitter:data2\" content=\"In stock\" \/>\n<script type=\"application\/ld+json\" class=\"yoast-schema-graph\">{\"@context\":\"https:\\\/\\\/schema.org\",\"@graph\":[{\"@type\":\"WebPage\",\"@id\":\"https:\\\/\\\/www.versiegelung24.com\\\/sl\\\/tesnjenje-tekstila-v-profesionalni-kakovosti.html\",\"url\":\"https:\\\/\\\/www.versiegelung24.com\\\/sl\\\/tesnjenje-tekstila-v-profesionalni-kakovosti.html\",\"name\":\"Rapid Tex - tekstilno tesnjenje profesionalne kakovosti - versiegelung24.com\",\"isPartOf\":{\"@id\":\"https:\\\/\\\/www.versiegelung24.com\\\/sl\\\/#website\"},\"primaryImageOfPage\":{\"@id\":\"https:\\\/\\\/www.versiegelung24.com\\\/sl\\\/tesnjenje-tekstila-v-profesionalni-kakovosti.html#primaryimage\"},\"image\":{\"@id\":\"https:\\\/\\\/www.versiegelung24.com\\\/sl\\\/tesnjenje-tekstila-v-profesionalni-kakovosti.html#primaryimage\"},\"thumbnailUrl\":\"https:\\\/\\\/www.versiegelung24.com\\\/wp-content\\\/uploads\\\/2020\\\/04\\\/produkt-6000-689-1000-rapid-tex-Textilversiegelung-scaled.webp\",\"datePublished\":\"2021-08-02T19:06:43+00:00\",\"dateModified\":\"2025-01-03T22:26:02+00:00\",\"breadcrumb\":{\"@id\":\"https:\\\/\\\/www.versiegelung24.com\\\/sl\\\/tesnjenje-tekstila-v-profesionalni-kakovosti.html#breadcrumb\"},\"inLanguage\":\"sl-SI\",\"potentialAction\":[{\"@type\":\"ReadAction\",\"target\":[\"https:\\\/\\\/www.versiegelung24.com\\\/sl\\\/tesnjenje-tekstila-v-profesionalni-kakovosti.html\"]}]},{\"@type\":\"ImageObject\",\"inLanguage\":\"sl-SI\",\"@id\":\"https:\\\/\\\/www.versiegelung24.com\\\/sl\\\/tesnjenje-tekstila-v-profesionalni-kakovosti.html#primaryimage\",\"url\":\"https:\\\/\\\/www.versiegelung24.com\\\/wp-content\\\/uploads\\\/2020\\\/04\\\/produkt-6000-689-1000-rapid-tex-Textilversiegelung-scaled.webp\",\"contentUrl\":\"https:\\\/\\\/www.versiegelung24.com\\\/wp-content\\\/uploads\\\/2020\\\/04\\\/produkt-6000-689-1000-rapid-tex-Textilversiegelung-scaled.webp\",\"width\":2560,\"height\":2560},{\"@type\":\"BreadcrumbList\",\"@id\":\"https:\\\/\\\/www.versiegelung24.com\\\/sl\\\/tesnjenje-tekstila-v-profesionalni-kakovosti.html#breadcrumb\",\"itemListElement\":[{\"@type\":\"ListItem\",\"position\":1,\"name\":\"Doma\u010da stran\",\"item\":\"https:\\\/\\\/www.versiegelung24.com\\\/sl\\\/spredaj\\\/\"},{\"@type\":\"ListItem\",\"position\":2,\"name\":\"Nakupujte\",\"item\":\"https:\\\/\\\/www.versiegelung24.com\\\/sl\\\/nakupujte\\\/\"},{\"@type\":\"ListItem\",\"position\":3,\"name\":\"Rapid Tex &#8211; tekstilno tesnjenje profesionalne kakovosti\"}]},{\"@type\":\"WebSite\",\"@id\":\"https:\\\/\\\/www.versiegelung24.com\\\/sl\\\/#website\",\"url\":\"https:\\\/\\\/www.versiegelung24.com\\\/sl\\\/\",\"name\":\"versiegelung24.com\",\"description\":\"Fl\u00fcssigglas-Versiegelung - Made in Germany\",\"publisher\":{\"@id\":\"https:\\\/\\\/www.versiegelung24.com\\\/sl\\\/#organization\"},\"potentialAction\":[{\"@type\":\"SearchAction\",\"target\":{\"@type\":\"EntryPoint\",\"urlTemplate\":\"https:\\\/\\\/www.versiegelung24.com\\\/sl\\\/?s={search_term_string}\"},\"query-input\":{\"@type\":\"PropertyValueSpecification\",\"valueRequired\":true,\"valueName\":\"search_term_string\"}}],\"inLanguage\":\"sl-SI\"},{\"@type\":\"Organization\",\"@id\":\"https:\\\/\\\/www.versiegelung24.com\\\/sl\\\/#organization\",\"name\":\"versiegelung24\",\"url\":\"https:\\\/\\\/www.versiegelung24.com\\\/sl\\\/\",\"logo\":{\"@type\":\"ImageObject\",\"inLanguage\":\"sl-SI\",\"@id\":\"https:\\\/\\\/www.versiegelung24.com\\\/sl\\\/#\\\/schema\\\/logo\\\/image\\\/\",\"url\":\"https:\\\/\\\/www.versiegelung24.com\\\/wp-content\\\/uploads\\\/2020\\\/04\\\/versiegelung24.png\",\"contentUrl\":\"https:\\\/\\\/www.versiegelung24.com\\\/wp-content\\\/uploads\\\/2020\\\/04\\\/versiegelung24.png\",\"width\":470,\"height\":102,\"caption\":\"versiegelung24\"},\"image\":{\"@id\":\"https:\\\/\\\/www.versiegelung24.com\\\/sl\\\/#\\\/schema\\\/logo\\\/image\\\/\"}}]}<\/script>\n<meta property=\"product:price:amount\" content=\"49.00\" \/>\n<meta property=\"product:price:currency\" content=\"EUR\" \/>\n<meta property=\"og:availability\" content=\"instock\" \/>\n<meta property=\"product:availability\" content=\"instock\" \/>\n<meta property=\"product:retailer_item_id\" content=\"6000-689-1000\" \/>\n<meta property=\"product:condition\" content=\"new\" \/>\n<!-- \/ Yoast SEO Premium plugin. -->","yoast_head_json":{"title":"Rapid Tex - tekstilno tesnjenje profesionalne kakovosti - versiegelung24.com","robots":{"index":"index","follow":"follow","max-snippet":"max-snippet:-1","max-image-preview":"max-image-preview:large","max-video-preview":"max-video-preview:-1"},"canonical":"https:\/\/www.versiegelung24.com\/sl\/tesnjenje-tekstila-v-profesionalni-kakovosti.html","og_locale":"sl_SI","og_type":"article","og_title":"Rapid Tex - tekstilno tesnjenje profesionalne kakovosti","og_description":"Profesionalno tesnjenje tekstila: \u2713 Z u\u010dinkom lotosa (vodoodbojnost) \u2713 Za notranjo in zunanjo uporabo","og_url":"https:\/\/www.versiegelung24.com\/sl\/tesnjenje-tekstila-v-profesionalni-kakovosti.html","og_site_name":"versiegelung24.com","article_modified_time":"2025-01-03T22:26:02+00:00","og_image":[{"width":2560,"height":2560,"url":"https:\/\/www.versiegelung24.com\/wp-content\/uploads\/2020\/04\/produkt-6000-689-1000-rapid-tex-Textilversiegelung-scaled.webp","type":"image\/webp"}],"twitter_card":"summary_large_image","twitter_misc":{"Price":"49,00&euro;","Availability":"In stock"},"schema":{"@context":"https:\/\/schema.org","@graph":[{"@type":"WebPage","@id":"https:\/\/www.versiegelung24.com\/sl\/tesnjenje-tekstila-v-profesionalni-kakovosti.html","url":"https:\/\/www.versiegelung24.com\/sl\/tesnjenje-tekstila-v-profesionalni-kakovosti.html","name":"Rapid Tex - tekstilno tesnjenje profesionalne kakovosti - versiegelung24.com","isPartOf":{"@id":"https:\/\/www.versiegelung24.com\/sl\/#website"},"primaryImageOfPage":{"@id":"https:\/\/www.versiegelung24.com\/sl\/tesnjenje-tekstila-v-profesionalni-kakovosti.html#primaryimage"},"image":{"@id":"https:\/\/www.versiegelung24.com\/sl\/tesnjenje-tekstila-v-profesionalni-kakovosti.html#primaryimage"},"thumbnailUrl":"https:\/\/www.versiegelung24.com\/wp-content\/uploads\/2020\/04\/produkt-6000-689-1000-rapid-tex-Textilversiegelung-scaled.webp","datePublished":"2021-08-02T19:06:43+00:00","dateModified":"2025-01-03T22:26:02+00:00","breadcrumb":{"@id":"https:\/\/www.versiegelung24.com\/sl\/tesnjenje-tekstila-v-profesionalni-kakovosti.html#breadcrumb"},"inLanguage":"sl-SI","potentialAction":[{"@type":"ReadAction","target":["https:\/\/www.versiegelung24.com\/sl\/tesnjenje-tekstila-v-profesionalni-kakovosti.html"]}]},{"@type":"ImageObject","inLanguage":"sl-SI","@id":"https:\/\/www.versiegelung24.com\/sl\/tesnjenje-tekstila-v-profesionalni-kakovosti.html#primaryimage","url":"https:\/\/www.versiegelung24.com\/wp-content\/uploads\/2020\/04\/produkt-6000-689-1000-rapid-tex-Textilversiegelung-scaled.webp","contentUrl":"https:\/\/www.versiegelung24.com\/wp-content\/uploads\/2020\/04\/produkt-6000-689-1000-rapid-tex-Textilversiegelung-scaled.webp","width":2560,"height":2560},{"@type":"BreadcrumbList","@id":"https:\/\/www.versiegelung24.com\/sl\/tesnjenje-tekstila-v-profesionalni-kakovosti.html#breadcrumb","itemListElement":[{"@type":"ListItem","position":1,"name":"Doma\u010da stran","item":"https:\/\/www.versiegelung24.com\/sl\/spredaj\/"},{"@type":"ListItem","position":2,"name":"Nakupujte","item":"https:\/\/www.versiegelung24.com\/sl\/nakupujte\/"},{"@type":"ListItem","position":3,"name":"Rapid Tex &#8211; tekstilno tesnjenje profesionalne kakovosti"}]},{"@type":"WebSite","@id":"https:\/\/www.versiegelung24.com\/sl\/#website","url":"https:\/\/www.versiegelung24.com\/sl\/","name":"versiegelung24.com","description":"Fl\u00fcssigglas-Versiegelung - Made in Germany","publisher":{"@id":"https:\/\/www.versiegelung24.com\/sl\/#organization"},"potentialAction":[{"@type":"SearchAction","target":{"@type":"EntryPoint","urlTemplate":"https:\/\/www.versiegelung24.com\/sl\/?s={search_term_string}"},"query-input":{"@type":"PropertyValueSpecification","valueRequired":true,"valueName":"search_term_string"}}],"inLanguage":"sl-SI"},{"@type":"Organization","@id":"https:\/\/www.versiegelung24.com\/sl\/#organization","name":"versiegelung24","url":"https:\/\/www.versiegelung24.com\/sl\/","logo":{"@type":"ImageObject","inLanguage":"sl-SI","@id":"https:\/\/www.versiegelung24.com\/sl\/#\/schema\/logo\/image\/","url":"https:\/\/www.versiegelung24.com\/wp-content\/uploads\/2020\/04\/versiegelung24.png","contentUrl":"https:\/\/www.versiegelung24.com\/wp-content\/uploads\/2020\/04\/versiegelung24.png","width":470,"height":102,"caption":"versiegelung24"},"image":{"@id":"https:\/\/www.versiegelung24.com\/sl\/#\/schema\/logo\/image\/"}}]},"product_price_amount":"49.00","product_price_currency":"EUR","og_availability":"instock","product_availability":"instock","product_retailer_item_id":"6000-689-1000","product_condition":"new"},"_links":{"self":[{"href":"https:\/\/www.versiegelung24.com\/sl\/wp-json\/wp\/v2\/product\/22889","targetHints":{"allow":["GET"]}}],"collection":[{"href":"https:\/\/www.versiegelung24.com\/sl\/wp-json\/wp\/v2\/product"}],"about":[{"href":"https:\/\/www.versiegelung24.com\/sl\/wp-json\/wp\/v2\/types\/product"}],"version-history":[{"count":12,"href":"https:\/\/www.versiegelung24.com\/sl\/wp-json\/wp\/v2\/product\/22889\/revisions"}],"predecessor-version":[{"id":174330,"href":"https:\/\/www.versiegelung24.com\/sl\/wp-json\/wp\/v2\/product\/22889\/revisions\/174330"}],"wp:featuredmedia":[{"embeddable":true,"href":"https:\/\/www.versiegelung24.com\/sl\/wp-json\/wp\/v2\/media\/125362"}],"wp:attachment":[{"href":"https:\/\/www.versiegelung24.com\/sl\/wp-json\/wp\/v2\/media?parent=22889"}],"wp:term":[{"taxonomy":"product_brand","embeddable":true,"href":"https:\/\/www.versiegelung24.com\/sl\/wp-json\/wp\/v2\/product_brand?post=22889"},{"taxonomy":"product_cat","embeddable":true,"href":"https:\/\/www.versiegelung24.com\/sl\/wp-json\/wp\/v2\/product_cat?post=22889"},{"taxonomy":"product_tag","embeddable":true,"href":"https:\/\/www.versiegelung24.com\/sl\/wp-json\/wp\/v2\/product_tag?post=22889"}],"curies":[{"name":"wp","href":"https:\/\/api.w.org\/{rel}","templated":true}]}}