{"id":23007,"date":"2020-04-04T18:53:16","date_gmt":"2021-08-02T19:11:42","guid":{"rendered":"https:\/\/www.versiegelung24.com\/produkt\/za-zagon-specialnega-laka-in-tesnila-profesionalne-kakovosti"},"modified":"2025-04-10T10:57:15","modified_gmt":"2025-04-10T08:57:15","slug":"boot-special-polish-and-sealing-in-professional-quality","status":"publish","type":"product","link":"https:\/\/www.versiegelung24.com\/sl\/boot-special-polish-and-sealing-in-professional-quality.html","title":{"rendered":"Ladja\/jahta\/\u010doln specialno poliranje in tesnjenje v profesionalni kakovosti"},"content":{"rendered":"\n<p><strong>Zelo u\u010dinkovita emulzija za poliranje in tesnjenje povr\u0161in nad vodno \u010drto,<\/strong><strong> z u\u010dinkom lotosa (vodoodbojen), rok trajanja do 3 mesece<\/strong><\/p>\n\n<p>Visoka kakovost Izdelano v Nem\u010diji.<\/p>\n\n<hr \/>\n\n<h4 class=\"wp-block-heading\" id=\"properties\">Zna\u010dilnosti izdelka<\/h4>\n\n<div class=\"wp-block-columns is-layout-flex wp-container-core-columns-is-layout-9d6595d7 wp-block-columns-is-layout-flex\">\n<div class=\"wp-block-column is-layout-flow wp-block-column-is-layout-flow\">\n<ul class=\"wp-block-list\"><li>Kakovosten lak brez abrazivnih sestavin, plasti barve niso po\u0161kodovane<\/li><li>Emulzija, zelo enostavna za uporabo<\/li><li>Osve\u017eujo\u010d u\u010dinek sijaja in barve<\/li><li>\u010cisti, polira in tesni v enem koraku (odstrani katran, smolo in ostanke \u017eu\u017eelk)<\/li><li>Sijajen premaz proti vodi in umazaniji, ki se ne prijema<\/li><li>Prepre\u010duje, da bi se katran in ostanki \u017eu\u017eelk prijeli na povr\u0161ino<\/li><li>Prozoren \/ neviden, videz povr\u0161ine ostane nespremenjen<\/li><li>Zmanj\u0161a praske<\/li><\/ul>\n<\/div>\n\n\n\n<div class=\"wp-block-column is-layout-flow wp-block-column-is-layout-flow\">\n<ul class=\"wp-block-list\" id=\"block-f9534f4e-e312-4dfa-9828-0a3b34fc908e\"><li>Odporen proti zmrzali, \u010di\u0161\u010denju (vklju\u010dno z avtopralnico), UV (prepre\u010duje du\u0161enje laka), lu\u017eini \/ alkalijam, morski vodi, slanem zraku, iztrebkom \u017eu\u017eelk in drugi mo\u010dni umazaniji<\/li><li>Znatno zmanj\u0161a zra\u010dni upor in tako ponuja ve\u010djo u\u010dinkovitost za \u010dolne<\/li><li>U\u010dinek &#8220;enostavnega \u010di\u0161\u010denja&#8221;, premazane povr\u0161ine ostanejo dlje \u010diste in jih je la\u017eje o\u010distiti.<\/li><li>Za notranjo in zunanjo uporabo<\/li><\/ul>\n\n\n\n<p><br \/>Obseg dobave: 1 x litrska stekleni\u010dka<br \/><\/p>\n<\/div>\n<\/div>\n\n<hr \/>\n\n<h4 class=\"wp-block-heading\" id=\"application\">Aplikacija<\/h4>\n\n<div class=\"wp-block-columns is-layout-flex wp-container-core-columns-is-layout-9d6595d7 wp-block-columns-is-layout-flex\">\n<div class=\"wp-block-column is-layout-flow wp-block-column-is-layout-flow\">\n<ul class=\"wp-block-list\"><li>Idealno za obdelavo povr\u0161in na \u010dolnih, ki so nad vodno \u010drto (barve, ploymer \/ plastika)<\/li><\/ul>\n\n\n\n<p>Potrebna koli\u010dina je odvisna od povr\u0161ine, ki jo je treba premazati (stopnja obrabe in umazanosti) in uporabljene tkanine. Stopnja tro\u0161enja je pribli\u017eno 20-40 ml \/ m\u00b2.<\/p>\n<\/div>\n\n\n\n<div class=\"wp-block-column is-layout-flow wp-block-column-is-layout-flow\">\n<p><br \/><br \/>Enostavna uporaba: 1. Obri\u0161ite tesnilno sredstvo in polirajte 2. Pustite, da se strdi 12 ur &#8211; kon\u010dano<\/p>\n\n\n\n<p>Rok uporabnosti: do 3 mesece<\/p>\n<\/div>\n<\/div>\n","protected":false},"excerpt":{"rendered":"<p><strong>Zelo u\u010dinkovito profesionalno tesnilo za:<\/strong><\/p>\n<p>\u2713 \u010colni<\/p>\n<p>\u2713 Z u\u010dinkom lotosa (vodoodbojnost)<\/p>\n<p>\u2713 Rok uporabnosti do 3 mesece<\/p>\n","protected":false},"featured_media":17843,"template":"","meta":{"_acf_changed":false,"neve_meta_sidebar":"","neve_meta_container":"","neve_meta_enable_content_width":"","neve_meta_content_width":0,"neve_meta_title_alignment":"","neve_meta_author_avatar":"","neve_post_elements_order":"","neve_meta_disable_header":"","neve_meta_disable_footer":"","neve_meta_disable_title":"","neve_meta_reading_time":"","_surfaces":[],"_ver_product_tabs":[],"footnotes":""},"product_brand":[],"product_cat":[2176],"product_tag":[],"class_list":{"0":"post-23007","1":"product","2":"type-product","3":"status-publish","4":"has-post-thumbnail","6":"product_cat-tesnjenje-avtomobila","8":"first","9":"instock","10":"taxable","11":"shipping-taxable","12":"purchasable","13":"product-type-simple"},"acf":[],"yoast_head":"<!-- This site is optimized with the Yoast SEO Premium plugin v22.8 (Yoast SEO v27.5) - https:\/\/yoast.com\/product\/yoast-seo-premium-wordpress\/ -->\n<title>Ladja\/jahta\/\u010doln specialno poliranje in tesnjenje v profesionalni kakovosti - versiegelung24.com<\/title>\n<meta name=\"robots\" content=\"index, follow, max-snippet:-1, max-image-preview:large, max-video-preview:-1\" \/>\n<link rel=\"canonical\" href=\"https:\/\/www.versiegelung24.com\/sl\/boot-special-polish-and-sealing-in-professional-quality.html\" \/>\n<meta property=\"og:locale\" content=\"sl_SI\" \/>\n<meta property=\"og:type\" content=\"article\" \/>\n<meta property=\"og:title\" content=\"Ladja\/jahta\/\u010doln specialno poliranje in tesnjenje v profesionalni kakovosti\" \/>\n<meta property=\"og:description\" content=\"Zelo u\u010dinkovito profesionalno tesnilo za: \u2713 \u010colni \u2713 Z u\u010dinkom lotosa (vodoodbojnost) \u2713 Rok uporabnosti do 3 mesece\" \/>\n<meta property=\"og:url\" content=\"https:\/\/www.versiegelung24.com\/sl\/boot-special-polish-and-sealing-in-professional-quality.html\" \/>\n<meta property=\"og:site_name\" content=\"versiegelung24.com\" \/>\n<meta property=\"article:modified_time\" content=\"2025-04-10T08:57:15+00:00\" \/>\n<meta property=\"og:image\" content=\"https:\/\/www.versiegelung24.com\/wp-content\/uploads\/2020\/06\/produkt-2002-7660-1000-Boot-Spezial-Politur-Versiegelung-scaled.jpg\" \/>\n\t<meta property=\"og:image:width\" content=\"2560\" \/>\n\t<meta property=\"og:image:height\" content=\"2560\" \/>\n\t<meta property=\"og:image:type\" content=\"image\/jpeg\" \/>\n<meta name=\"twitter:card\" content=\"summary_large_image\" \/>\n<meta name=\"twitter:label1\" content=\"Price\" \/>\n\t<meta name=\"twitter:data1\" content=\"99,00&euro;\" \/>\n\t<meta name=\"twitter:label2\" content=\"Availability\" \/>\n\t<meta name=\"twitter:data2\" content=\"In stock\" \/>\n<script type=\"application\/ld+json\" class=\"yoast-schema-graph\">{\"@context\":\"https:\\\/\\\/schema.org\",\"@graph\":[{\"@type\":\"WebPage\",\"@id\":\"https:\\\/\\\/www.versiegelung24.com\\\/sl\\\/boot-special-polish-and-sealing-in-professional-quality.html\",\"url\":\"https:\\\/\\\/www.versiegelung24.com\\\/sl\\\/boot-special-polish-and-sealing-in-professional-quality.html\",\"name\":\"Ladja\\\/jahta\\\/\u010doln specialno poliranje in tesnjenje v profesionalni kakovosti - versiegelung24.com\",\"isPartOf\":{\"@id\":\"https:\\\/\\\/www.versiegelung24.com\\\/sl\\\/#website\"},\"primaryImageOfPage\":{\"@id\":\"https:\\\/\\\/www.versiegelung24.com\\\/sl\\\/boot-special-polish-and-sealing-in-professional-quality.html#primaryimage\"},\"image\":{\"@id\":\"https:\\\/\\\/www.versiegelung24.com\\\/sl\\\/boot-special-polish-and-sealing-in-professional-quality.html#primaryimage\"},\"thumbnailUrl\":\"https:\\\/\\\/www.versiegelung24.com\\\/wp-content\\\/uploads\\\/2020\\\/06\\\/produkt-2002-7660-1000-Boot-Spezial-Politur-Versiegelung-scaled.jpg\",\"datePublished\":\"2021-08-02T19:11:42+00:00\",\"dateModified\":\"2025-04-10T08:57:15+00:00\",\"breadcrumb\":{\"@id\":\"https:\\\/\\\/www.versiegelung24.com\\\/sl\\\/boot-special-polish-and-sealing-in-professional-quality.html#breadcrumb\"},\"inLanguage\":\"sl-SI\",\"potentialAction\":[{\"@type\":\"ReadAction\",\"target\":[\"https:\\\/\\\/www.versiegelung24.com\\\/sl\\\/boot-special-polish-and-sealing-in-professional-quality.html\"]}]},{\"@type\":\"ImageObject\",\"inLanguage\":\"sl-SI\",\"@id\":\"https:\\\/\\\/www.versiegelung24.com\\\/sl\\\/boot-special-polish-and-sealing-in-professional-quality.html#primaryimage\",\"url\":\"https:\\\/\\\/www.versiegelung24.com\\\/wp-content\\\/uploads\\\/2020\\\/06\\\/produkt-2002-7660-1000-Boot-Spezial-Politur-Versiegelung-scaled.jpg\",\"contentUrl\":\"https:\\\/\\\/www.versiegelung24.com\\\/wp-content\\\/uploads\\\/2020\\\/06\\\/produkt-2002-7660-1000-Boot-Spezial-Politur-Versiegelung-scaled.jpg\",\"width\":2560,\"height\":2560},{\"@type\":\"BreadcrumbList\",\"@id\":\"https:\\\/\\\/www.versiegelung24.com\\\/sl\\\/boot-special-polish-and-sealing-in-professional-quality.html#breadcrumb\",\"itemListElement\":[{\"@type\":\"ListItem\",\"position\":1,\"name\":\"Doma\u010da stran\",\"item\":\"https:\\\/\\\/www.versiegelung24.com\\\/sl\\\/spredaj\\\/\"},{\"@type\":\"ListItem\",\"position\":2,\"name\":\"Nakupujte\",\"item\":\"https:\\\/\\\/www.versiegelung24.com\\\/sl\\\/nakupujte\\\/\"},{\"@type\":\"ListItem\",\"position\":3,\"name\":\"Ladja\\\/jahta\\\/\u010doln specialno poliranje in tesnjenje v profesionalni kakovosti\"}]},{\"@type\":\"WebSite\",\"@id\":\"https:\\\/\\\/www.versiegelung24.com\\\/sl\\\/#website\",\"url\":\"https:\\\/\\\/www.versiegelung24.com\\\/sl\\\/\",\"name\":\"versiegelung24.com\",\"description\":\"Fl\u00fcssigglas-Versiegelung - Made in Germany\",\"publisher\":{\"@id\":\"https:\\\/\\\/www.versiegelung24.com\\\/sl\\\/#organization\"},\"potentialAction\":[{\"@type\":\"SearchAction\",\"target\":{\"@type\":\"EntryPoint\",\"urlTemplate\":\"https:\\\/\\\/www.versiegelung24.com\\\/sl\\\/?s={search_term_string}\"},\"query-input\":{\"@type\":\"PropertyValueSpecification\",\"valueRequired\":true,\"valueName\":\"search_term_string\"}}],\"inLanguage\":\"sl-SI\"},{\"@type\":\"Organization\",\"@id\":\"https:\\\/\\\/www.versiegelung24.com\\\/sl\\\/#organization\",\"name\":\"versiegelung24\",\"url\":\"https:\\\/\\\/www.versiegelung24.com\\\/sl\\\/\",\"logo\":{\"@type\":\"ImageObject\",\"inLanguage\":\"sl-SI\",\"@id\":\"https:\\\/\\\/www.versiegelung24.com\\\/sl\\\/#\\\/schema\\\/logo\\\/image\\\/\",\"url\":\"https:\\\/\\\/www.versiegelung24.com\\\/wp-content\\\/uploads\\\/2020\\\/04\\\/versiegelung24.png\",\"contentUrl\":\"https:\\\/\\\/www.versiegelung24.com\\\/wp-content\\\/uploads\\\/2020\\\/04\\\/versiegelung24.png\",\"width\":470,\"height\":102,\"caption\":\"versiegelung24\"},\"image\":{\"@id\":\"https:\\\/\\\/www.versiegelung24.com\\\/sl\\\/#\\\/schema\\\/logo\\\/image\\\/\"}}]}<\/script>\n<meta property=\"product:price:amount\" content=\"99.00\" \/>\n<meta property=\"product:price:currency\" content=\"EUR\" \/>\n<meta property=\"og:availability\" content=\"instock\" \/>\n<meta property=\"product:availability\" content=\"instock\" \/>\n<meta property=\"product:retailer_item_id\" content=\"2002-7660-1000\" \/>\n<meta property=\"product:condition\" content=\"new\" \/>\n<!-- \/ Yoast SEO Premium plugin. -->","yoast_head_json":{"title":"Ladja\/jahta\/\u010doln specialno poliranje in tesnjenje v profesionalni kakovosti - versiegelung24.com","robots":{"index":"index","follow":"follow","max-snippet":"max-snippet:-1","max-image-preview":"max-image-preview:large","max-video-preview":"max-video-preview:-1"},"canonical":"https:\/\/www.versiegelung24.com\/sl\/boot-special-polish-and-sealing-in-professional-quality.html","og_locale":"sl_SI","og_type":"article","og_title":"Ladja\/jahta\/\u010doln specialno poliranje in tesnjenje v profesionalni kakovosti","og_description":"Zelo u\u010dinkovito profesionalno tesnilo za: \u2713 \u010colni \u2713 Z u\u010dinkom lotosa (vodoodbojnost) \u2713 Rok uporabnosti do 3 mesece","og_url":"https:\/\/www.versiegelung24.com\/sl\/boot-special-polish-and-sealing-in-professional-quality.html","og_site_name":"versiegelung24.com","article_modified_time":"2025-04-10T08:57:15+00:00","og_image":[{"width":2560,"height":2560,"url":"https:\/\/www.versiegelung24.com\/wp-content\/uploads\/2020\/06\/produkt-2002-7660-1000-Boot-Spezial-Politur-Versiegelung-scaled.jpg","type":"image\/jpeg"}],"twitter_card":"summary_large_image","twitter_misc":{"Price":"99,00&euro;","Availability":"In stock"},"schema":{"@context":"https:\/\/schema.org","@graph":[{"@type":"WebPage","@id":"https:\/\/www.versiegelung24.com\/sl\/boot-special-polish-and-sealing-in-professional-quality.html","url":"https:\/\/www.versiegelung24.com\/sl\/boot-special-polish-and-sealing-in-professional-quality.html","name":"Ladja\/jahta\/\u010doln specialno poliranje in tesnjenje v profesionalni kakovosti - versiegelung24.com","isPartOf":{"@id":"https:\/\/www.versiegelung24.com\/sl\/#website"},"primaryImageOfPage":{"@id":"https:\/\/www.versiegelung24.com\/sl\/boot-special-polish-and-sealing-in-professional-quality.html#primaryimage"},"image":{"@id":"https:\/\/www.versiegelung24.com\/sl\/boot-special-polish-and-sealing-in-professional-quality.html#primaryimage"},"thumbnailUrl":"https:\/\/www.versiegelung24.com\/wp-content\/uploads\/2020\/06\/produkt-2002-7660-1000-Boot-Spezial-Politur-Versiegelung-scaled.jpg","datePublished":"2021-08-02T19:11:42+00:00","dateModified":"2025-04-10T08:57:15+00:00","breadcrumb":{"@id":"https:\/\/www.versiegelung24.com\/sl\/boot-special-polish-and-sealing-in-professional-quality.html#breadcrumb"},"inLanguage":"sl-SI","potentialAction":[{"@type":"ReadAction","target":["https:\/\/www.versiegelung24.com\/sl\/boot-special-polish-and-sealing-in-professional-quality.html"]}]},{"@type":"ImageObject","inLanguage":"sl-SI","@id":"https:\/\/www.versiegelung24.com\/sl\/boot-special-polish-and-sealing-in-professional-quality.html#primaryimage","url":"https:\/\/www.versiegelung24.com\/wp-content\/uploads\/2020\/06\/produkt-2002-7660-1000-Boot-Spezial-Politur-Versiegelung-scaled.jpg","contentUrl":"https:\/\/www.versiegelung24.com\/wp-content\/uploads\/2020\/06\/produkt-2002-7660-1000-Boot-Spezial-Politur-Versiegelung-scaled.jpg","width":2560,"height":2560},{"@type":"BreadcrumbList","@id":"https:\/\/www.versiegelung24.com\/sl\/boot-special-polish-and-sealing-in-professional-quality.html#breadcrumb","itemListElement":[{"@type":"ListItem","position":1,"name":"Doma\u010da stran","item":"https:\/\/www.versiegelung24.com\/sl\/spredaj\/"},{"@type":"ListItem","position":2,"name":"Nakupujte","item":"https:\/\/www.versiegelung24.com\/sl\/nakupujte\/"},{"@type":"ListItem","position":3,"name":"Ladja\/jahta\/\u010doln specialno poliranje in tesnjenje v profesionalni kakovosti"}]},{"@type":"WebSite","@id":"https:\/\/www.versiegelung24.com\/sl\/#website","url":"https:\/\/www.versiegelung24.com\/sl\/","name":"versiegelung24.com","description":"Fl\u00fcssigglas-Versiegelung - Made in Germany","publisher":{"@id":"https:\/\/www.versiegelung24.com\/sl\/#organization"},"potentialAction":[{"@type":"SearchAction","target":{"@type":"EntryPoint","urlTemplate":"https:\/\/www.versiegelung24.com\/sl\/?s={search_term_string}"},"query-input":{"@type":"PropertyValueSpecification","valueRequired":true,"valueName":"search_term_string"}}],"inLanguage":"sl-SI"},{"@type":"Organization","@id":"https:\/\/www.versiegelung24.com\/sl\/#organization","name":"versiegelung24","url":"https:\/\/www.versiegelung24.com\/sl\/","logo":{"@type":"ImageObject","inLanguage":"sl-SI","@id":"https:\/\/www.versiegelung24.com\/sl\/#\/schema\/logo\/image\/","url":"https:\/\/www.versiegelung24.com\/wp-content\/uploads\/2020\/04\/versiegelung24.png","contentUrl":"https:\/\/www.versiegelung24.com\/wp-content\/uploads\/2020\/04\/versiegelung24.png","width":470,"height":102,"caption":"versiegelung24"},"image":{"@id":"https:\/\/www.versiegelung24.com\/sl\/#\/schema\/logo\/image\/"}}]},"product_price_amount":"99.00","product_price_currency":"EUR","og_availability":"instock","product_availability":"instock","product_retailer_item_id":"2002-7660-1000","product_condition":"new"},"_links":{"self":[{"href":"https:\/\/www.versiegelung24.com\/sl\/wp-json\/wp\/v2\/product\/23007","targetHints":{"allow":["GET"]}}],"collection":[{"href":"https:\/\/www.versiegelung24.com\/sl\/wp-json\/wp\/v2\/product"}],"about":[{"href":"https:\/\/www.versiegelung24.com\/sl\/wp-json\/wp\/v2\/types\/product"}],"version-history":[{"count":11,"href":"https:\/\/www.versiegelung24.com\/sl\/wp-json\/wp\/v2\/product\/23007\/revisions"}],"predecessor-version":[{"id":181414,"href":"https:\/\/www.versiegelung24.com\/sl\/wp-json\/wp\/v2\/product\/23007\/revisions\/181414"}],"wp:featuredmedia":[{"embeddable":true,"href":"https:\/\/www.versiegelung24.com\/sl\/wp-json\/wp\/v2\/media\/17843"}],"wp:attachment":[{"href":"https:\/\/www.versiegelung24.com\/sl\/wp-json\/wp\/v2\/media?parent=23007"}],"wp:term":[{"taxonomy":"product_brand","embeddable":true,"href":"https:\/\/www.versiegelung24.com\/sl\/wp-json\/wp\/v2\/product_brand?post=23007"},{"taxonomy":"product_cat","embeddable":true,"href":"https:\/\/www.versiegelung24.com\/sl\/wp-json\/wp\/v2\/product_cat?post=23007"},{"taxonomy":"product_tag","embeddable":true,"href":"https:\/\/www.versiegelung24.com\/sl\/wp-json\/wp\/v2\/product_tag?post=23007"}],"curies":[{"name":"wp","href":"https:\/\/api.w.org\/{rel}","templated":true}]}}