{"id":23292,"date":"2020-04-04T18:53:42","date_gmt":"2021-08-02T19:30:46","guid":{"rendered":"https:\/\/www.versiegelung24.com\/produkt\/univerzalno-tesnjenje-7675-za-trde-vpojne-povrsine-steklo-keramika-nerjavno-jeklo-plastika-kovina"},"modified":"2025-03-20T10:10:26","modified_gmt":"2025-03-20T09:10:26","slug":"univerzalno-tesnjenje-7675-za-trde-ne-vpojne-povrsine-steklo-keramika-nerjavece-jeklo-plastika-kovina","status":"publish","type":"product","link":"https:\/\/www.versiegelung24.com\/sl\/univerzalno-tesnjenje-7675-za-trde-ne-vpojne-povrsine-steklo-keramika-nerjavece-jeklo-plastika-kovina.html","title":{"rendered":"Univerzalno tesnjenje 7675 za &#8220;trde&#8221; \/ vpojne povr\u0161ine (steklo \/ keramika +++, nerjavno jeklo +++, plastika \/ kovina ++)"},"content":{"rendered":"\n<p><strong>Visoko u\u010dinkovito profesionalno univerzalno tesnilo za &#8220;trde&#8221;\/nevpojne povr\u0161ine, kot so steklo, keramika, plastika in kovinske povr\u0161ine, z enostavnim u\u010dinkom \u010di\u0161\u010denja NOVO, za notranjo in zunanjo uporabo<\/strong><\/p>\n\n<p>Idealno za steklo \/ keramiko in nerjavno jeklo, uporabno tudi za plastiko in kovino<\/p>\n\n<p>Visoka kakovost Izdelano v Nem\u010diji.<\/p>\n\n<p><strong>Univerzalna tesnilna masa V24 4005-7675<\/strong> je premazni material na osnovi alkohola (IPA), ki ustvarja u\u010dinek enostavnega \u010di\u0161\u010denja na steklenih, plasti\u010dnih, kerami\u010dnih in kovinskih povr\u0161inah (krom, nerjavno jeklo, aluminij). Material na povr\u0161ini ustvari tanek film, ki zmanj\u0161a oprijem umazanije in tujkov ter omogo\u010da bolj\u0161e odtekanje vode. Premazana povr\u0161ina je \u0161e posebej enostavna za \u010di\u0161\u010denje<\/p>\n\n<hr \/>\n\n<h4 class=\"wp-block-heading\" id=\"properties\">Zna\u010dilnosti izdelka<\/h4>\n\n<div class=\"wp-block-columns is-layout-flex wp-container-core-columns-is-layout-9d6595d7 wp-block-columns-is-layout-flex\">\n<div class=\"wp-block-column is-layout-flow wp-block-column-is-layout-flow\">\n<ul class=\"wp-block-list\">\n<li>Dostavljeno pripravljeno za uporabo<\/li>\n\n\n\n<li>omogo\u010da bolj\u0161e odtekanje vode<\/li>\n\n\n\n<li>U\u010dinek enostavnega \u010di\u0161\u010denja glede na umazanijo in vodni kamen<\/li>\n\n\n\n<li>bistra, brezbarvna teko\u010dina, nevidna in neopazna<\/li>\n\n\n\n<li>Povr\u0161ine ostanejo \u010diste veliko dlje, kar podalj\u0161a cikle \u010di\u0161\u010denja in znatno zmanj\u0161a stro\u0161ke, \u010das in energijo za \u010di\u0161\u010denje in vzdr\u017eevanje<\/li>\n\n\n\n<li>zmanj\u0161a rast mikroorganizmov in bakterij ter tako izbolj\u0161a higieno<\/li>\n<\/ul>\n<\/div>\n\n\n\n<div class=\"wp-block-column is-layout-flow wp-block-column-is-layout-flow\">\n<ul class=\"wp-block-list\">\n<li>Odporen proti zmrzali, ekstremni vro\u010dini, UV -sevanju, slani vodi in slanem zraku, mineralom iz trde vode in alkalij<\/li>\n\n\n\n<li>Alge in pti\u010dji iztrebki se ne morejo ve\u010d trdno dr\u017eati<\/li>\n\n\n\n<li>brez fluora<\/li>\n<\/ul>\n\n\n\n<p><br \/><br \/>Obseg dobave: 1 x litrska steklenica 1 x razpr\u0161ilna glava \u010drpalke<\/p>\n<\/div>\n<\/div>\n\n<hr \/>\n\n<h4 class=\"wp-block-heading\" id=\"application\">Aplikacija<\/h4>\n\n<div class=\"wp-block-columns is-layout-flex wp-container-core-columns-is-layout-9d6595d7 wp-block-columns-is-layout-flex\">\n<div class=\"wp-block-column is-layout-flow wp-block-column-is-layout-flow\">\n<ul class=\"wp-block-list\">\n<li>Sanitarna oprema (strani\u0161\u010da, bideji, kerami\u010dne kadi, tu\u0161i, umivalniki, ogledala)<\/li>\n\n\n\n<li>Bazeni (zunaj kerami\u010dni, niso primerni za podvodno)<\/li>\n\n\n\n<li>Vse vrste kerami\u010dnih plo\u0161\u010dic, na primer v kuhinjah<\/li>\n\n\n\n<li>Okna in gradbeno steklo (zimski vrtovi, stolpnice, nadstre\u0161ki)<\/li>\n\n\n\n<li>Plasti\u010dne in kovinske povr\u0161ine<\/li>\n\n\n\n<li>Za avto stekla priporo\u010damo na\u0161e<a href=\"https:\/\/www.versiegelung24.com\/autoglas-versiegelung\/\"> Vrhunsko tesnjenje avtomobilskega stekla<\/a><\/li>\n<\/ul>\n<\/div>\n\n\n\n<div class=\"wp-block-column is-layout-flow wp-block-column-is-layout-flow\">\n<p><br \/><br \/><br \/><br \/>Enostavna uporaba: 1. Povr\u0161ino predhodno dobro o\u010distite (bolj kot je \u010dista, dlje bo tesnilna masa obstojna). 2. Pred uporabo jo ponovno o\u010distite z alkoholom (npr. izopropilom). 3. Tesnilno maso razpr\u0161ite na krpo in nanesite na povr\u0161ino. 4.<br \/>Po petih minutah previdno polirajte s krpo iz mikrovlaken, ne da bi pritiskali 5. Pustite, da se strdi 12 ur &#8211; kon\u010dano<\/p>\n\n\n\n<p>Rok uporabnosti: do 3-10 let<\/p>\n\n\n\n<p>Z 1 litrom je mogo\u010de zapreti do 200 m\u00b2.<\/p>\n<\/div>\n<\/div>\n\n<hr \/>\n\n<h4 class=\"wp-block-heading\" id=\"h-ratgeber\">Svetovalec<\/h4>\n\n<p>Na\u0161a univerzalna tesnila so \u0161e posebej primerna za sektor &#8220;naredi sam&#8221;.<\/p>\n\n<p>Zdru\u017eujejo profesionalni na\u010din delovanja na razli\u010dnih povr\u0161inah z enostavnim rokovanjem med nanosom. In vse to brez ve\u010djih kompromisov glede kakovosti.<\/p>\n\n<p>Na ta na\u010din lahko z eno samo univerzalno tesnilno maso nanesemo na ve\u010d materialov ter dose\u017eemo tudi visokokakovosten u\u010dinek in dolgo obstojnost.<\/p>\n\n<p>Vendar pa za komercialne in industrijske aplikacije, kjer je treba dose\u010di najvi\u0161jo mo\u017eno raven u\u010dinkovitosti na dolo\u010deni povr\u0161ini, priporo\u010damo uporabo na\u0161ih posebnih premazov za to povr\u0161ino.<\/p>\n","protected":false},"excerpt":{"rendered":"<p><strong>**NOVO** Zelo u\u010dinkovito profesionalno univerzalno tesnilo za &#8220;trde&#8221;\/nevpojne povr\u0161ine, kot so:<\/strong><\/p>\n<p>\u2713 Steklo<\/p>\n<p>\u2713 Kerami\u010dne povr\u0161ine<\/p>\n<p>\u2713 Plasti\u010dne povr\u0161ine<\/p>\n<p>\u2713 Kovinske povr\u0161ine<\/p>\n<p>\u2713 Z u\u010dinkom, ki ga je enostavno o\u010distiti<\/p>\n","protected":false},"featured_media":18270,"template":"","meta":{"_acf_changed":false,"neve_meta_sidebar":"","neve_meta_container":"","neve_meta_enable_content_width":"","neve_meta_content_width":0,"neve_meta_title_alignment":"","neve_meta_author_avatar":"","neve_post_elements_order":"","neve_meta_disable_header":"","neve_meta_disable_footer":"","neve_meta_disable_title":"","neve_meta_reading_time":"","_surfaces":[],"_ver_product_tabs":[],"footnotes":""},"product_brand":[],"product_cat":[2525],"product_tag":[],"class_list":{"0":"post-23292","1":"product","2":"type-product","3":"status-publish","4":"has-post-thumbnail","6":"product_cat-univerzalno-tesnilo","8":"first","9":"instock","10":"taxable","11":"shipping-taxable","12":"purchasable","13":"product-type-simple"},"acf":[],"yoast_head":"<!-- This site is optimized with the Yoast SEO Premium plugin v22.8 (Yoast SEO v27.5) - https:\/\/yoast.com\/product\/yoast-seo-premium-wordpress\/ -->\n<title>Univerzalno tesnjenje 7675 za &quot;trde&quot; \/ vpojne povr\u0161ine (steklo \/ keramika +++, nerjavno jeklo +++, plastika \/ kovina ++) - versiegelung24.com<\/title>\n<meta name=\"robots\" content=\"index, follow, max-snippet:-1, max-image-preview:large, max-video-preview:-1\" \/>\n<link rel=\"canonical\" href=\"https:\/\/www.versiegelung24.com\/sl\/univerzalno-tesnjenje-7675-za-trde-ne-vpojne-povrsine-steklo-keramika-nerjavece-jeklo-plastika-kovina.html\" \/>\n<meta property=\"og:locale\" content=\"sl_SI\" \/>\n<meta property=\"og:type\" content=\"article\" \/>\n<meta property=\"og:title\" content=\"Univerzalno tesnjenje 7675 za &quot;trde&quot; \/ vpojne povr\u0161ine (steklo \/ keramika +++, nerjavno jeklo +++, plastika \/ kovina ++)\" \/>\n<meta property=\"og:description\" content=\"**NOVO** Zelo u\u010dinkovito profesionalno univerzalno tesnilo za &quot;trde&quot;\/nevpojne povr\u0161ine, kot so: \u2713 Steklo \u2713 Kerami\u010dne povr\u0161ine \u2713 Plasti\u010dne povr\u0161ine \u2713 Kovinske povr\u0161ine \u2713 Z u\u010dinkom, ki ga je enostavno o\u010distiti\" \/>\n<meta property=\"og:url\" content=\"https:\/\/www.versiegelung24.com\/sl\/univerzalno-tesnjenje-7675-za-trde-ne-vpojne-povrsine-steklo-keramika-nerjavece-jeklo-plastika-kovina.html\" \/>\n<meta property=\"og:site_name\" content=\"versiegelung24.com\" \/>\n<meta property=\"article:modified_time\" content=\"2025-03-20T09:10:26+00:00\" \/>\n<meta property=\"og:image\" content=\"https:\/\/www.versiegelung24.com\/wp-content\/uploads\/2020\/06\/produkt-4005-7675-1000-Universalversiegelung-7675-scaled.jpg\" \/>\n\t<meta property=\"og:image:width\" content=\"2560\" \/>\n\t<meta property=\"og:image:height\" content=\"2560\" \/>\n\t<meta property=\"og:image:type\" content=\"image\/jpeg\" \/>\n<meta name=\"twitter:card\" content=\"summary_large_image\" \/>\n<meta name=\"twitter:label1\" content=\"Price\" \/>\n\t<meta name=\"twitter:data1\" content=\"89,99&euro;\" \/>\n\t<meta name=\"twitter:label2\" content=\"Availability\" \/>\n\t<meta name=\"twitter:data2\" content=\"In stock\" \/>\n<script type=\"application\/ld+json\" class=\"yoast-schema-graph\">{\"@context\":\"https:\\\/\\\/schema.org\",\"@graph\":[{\"@type\":\"WebPage\",\"@id\":\"https:\\\/\\\/www.versiegelung24.com\\\/sl\\\/univerzalno-tesnjenje-7675-za-trde-ne-vpojne-povrsine-steklo-keramika-nerjavece-jeklo-plastika-kovina.html\",\"url\":\"https:\\\/\\\/www.versiegelung24.com\\\/sl\\\/univerzalno-tesnjenje-7675-za-trde-ne-vpojne-povrsine-steklo-keramika-nerjavece-jeklo-plastika-kovina.html\",\"name\":\"Univerzalno tesnjenje 7675 za \\\"trde\\\" \\\/ vpojne povr\u0161ine (steklo \\\/ keramika +++, nerjavno jeklo +++, plastika \\\/ kovina ++) - versiegelung24.com\",\"isPartOf\":{\"@id\":\"https:\\\/\\\/www.versiegelung24.com\\\/sl\\\/#website\"},\"primaryImageOfPage\":{\"@id\":\"https:\\\/\\\/www.versiegelung24.com\\\/sl\\\/univerzalno-tesnjenje-7675-za-trde-ne-vpojne-povrsine-steklo-keramika-nerjavece-jeklo-plastika-kovina.html#primaryimage\"},\"image\":{\"@id\":\"https:\\\/\\\/www.versiegelung24.com\\\/sl\\\/univerzalno-tesnjenje-7675-za-trde-ne-vpojne-povrsine-steklo-keramika-nerjavece-jeklo-plastika-kovina.html#primaryimage\"},\"thumbnailUrl\":\"https:\\\/\\\/www.versiegelung24.com\\\/wp-content\\\/uploads\\\/2020\\\/06\\\/produkt-4005-7675-1000-Universalversiegelung-7675-scaled.jpg\",\"datePublished\":\"2021-08-02T19:30:46+00:00\",\"dateModified\":\"2025-03-20T09:10:26+00:00\",\"breadcrumb\":{\"@id\":\"https:\\\/\\\/www.versiegelung24.com\\\/sl\\\/univerzalno-tesnjenje-7675-za-trde-ne-vpojne-povrsine-steklo-keramika-nerjavece-jeklo-plastika-kovina.html#breadcrumb\"},\"inLanguage\":\"sl-SI\",\"potentialAction\":[{\"@type\":\"ReadAction\",\"target\":[\"https:\\\/\\\/www.versiegelung24.com\\\/sl\\\/univerzalno-tesnjenje-7675-za-trde-ne-vpojne-povrsine-steklo-keramika-nerjavece-jeklo-plastika-kovina.html\"]}]},{\"@type\":\"ImageObject\",\"inLanguage\":\"sl-SI\",\"@id\":\"https:\\\/\\\/www.versiegelung24.com\\\/sl\\\/univerzalno-tesnjenje-7675-za-trde-ne-vpojne-povrsine-steklo-keramika-nerjavece-jeklo-plastika-kovina.html#primaryimage\",\"url\":\"https:\\\/\\\/www.versiegelung24.com\\\/wp-content\\\/uploads\\\/2020\\\/06\\\/produkt-4005-7675-1000-Universalversiegelung-7675-scaled.jpg\",\"contentUrl\":\"https:\\\/\\\/www.versiegelung24.com\\\/wp-content\\\/uploads\\\/2020\\\/06\\\/produkt-4005-7675-1000-Universalversiegelung-7675-scaled.jpg\",\"width\":2560,\"height\":2560},{\"@type\":\"BreadcrumbList\",\"@id\":\"https:\\\/\\\/www.versiegelung24.com\\\/sl\\\/univerzalno-tesnjenje-7675-za-trde-ne-vpojne-povrsine-steklo-keramika-nerjavece-jeklo-plastika-kovina.html#breadcrumb\",\"itemListElement\":[{\"@type\":\"ListItem\",\"position\":1,\"name\":\"Doma\u010da stran\",\"item\":\"https:\\\/\\\/www.versiegelung24.com\\\/sl\\\/spredaj\\\/\"},{\"@type\":\"ListItem\",\"position\":2,\"name\":\"Nakupujte\",\"item\":\"https:\\\/\\\/www.versiegelung24.com\\\/sl\\\/nakupujte\\\/\"},{\"@type\":\"ListItem\",\"position\":3,\"name\":\"Univerzalno tesnjenje 7675 za &#8220;trde&#8221; \\\/ vpojne povr\u0161ine (steklo \\\/ keramika +++, nerjavno jeklo +++, plastika \\\/ kovina ++)\"}]},{\"@type\":\"WebSite\",\"@id\":\"https:\\\/\\\/www.versiegelung24.com\\\/sl\\\/#website\",\"url\":\"https:\\\/\\\/www.versiegelung24.com\\\/sl\\\/\",\"name\":\"versiegelung24.com\",\"description\":\"Fl\u00fcssigglas-Versiegelung - Made in Germany\",\"publisher\":{\"@id\":\"https:\\\/\\\/www.versiegelung24.com\\\/sl\\\/#organization\"},\"potentialAction\":[{\"@type\":\"SearchAction\",\"target\":{\"@type\":\"EntryPoint\",\"urlTemplate\":\"https:\\\/\\\/www.versiegelung24.com\\\/sl\\\/?s={search_term_string}\"},\"query-input\":{\"@type\":\"PropertyValueSpecification\",\"valueRequired\":true,\"valueName\":\"search_term_string\"}}],\"inLanguage\":\"sl-SI\"},{\"@type\":\"Organization\",\"@id\":\"https:\\\/\\\/www.versiegelung24.com\\\/sl\\\/#organization\",\"name\":\"versiegelung24\",\"url\":\"https:\\\/\\\/www.versiegelung24.com\\\/sl\\\/\",\"logo\":{\"@type\":\"ImageObject\",\"inLanguage\":\"sl-SI\",\"@id\":\"https:\\\/\\\/www.versiegelung24.com\\\/sl\\\/#\\\/schema\\\/logo\\\/image\\\/\",\"url\":\"https:\\\/\\\/www.versiegelung24.com\\\/wp-content\\\/uploads\\\/2020\\\/04\\\/versiegelung24.png\",\"contentUrl\":\"https:\\\/\\\/www.versiegelung24.com\\\/wp-content\\\/uploads\\\/2020\\\/04\\\/versiegelung24.png\",\"width\":470,\"height\":102,\"caption\":\"versiegelung24\"},\"image\":{\"@id\":\"https:\\\/\\\/www.versiegelung24.com\\\/sl\\\/#\\\/schema\\\/logo\\\/image\\\/\"}}]}<\/script>\n<meta property=\"product:price:amount\" content=\"89.99\" \/>\n<meta property=\"product:price:currency\" content=\"EUR\" \/>\n<meta property=\"og:availability\" content=\"instock\" \/>\n<meta property=\"product:availability\" content=\"instock\" \/>\n<meta property=\"product:retailer_item_id\" content=\"4005-7675\" \/>\n<meta property=\"product:condition\" content=\"new\" \/>\n<!-- \/ Yoast SEO Premium plugin. -->","yoast_head_json":{"title":"Univerzalno tesnjenje 7675 za \"trde\" \/ vpojne povr\u0161ine (steklo \/ keramika +++, nerjavno jeklo +++, plastika \/ kovina ++) - versiegelung24.com","robots":{"index":"index","follow":"follow","max-snippet":"max-snippet:-1","max-image-preview":"max-image-preview:large","max-video-preview":"max-video-preview:-1"},"canonical":"https:\/\/www.versiegelung24.com\/sl\/univerzalno-tesnjenje-7675-za-trde-ne-vpojne-povrsine-steklo-keramika-nerjavece-jeklo-plastika-kovina.html","og_locale":"sl_SI","og_type":"article","og_title":"Univerzalno tesnjenje 7675 za \"trde\" \/ vpojne povr\u0161ine (steklo \/ keramika +++, nerjavno jeklo +++, plastika \/ kovina ++)","og_description":"**NOVO** Zelo u\u010dinkovito profesionalno univerzalno tesnilo za \"trde\"\/nevpojne povr\u0161ine, kot so: \u2713 Steklo \u2713 Kerami\u010dne povr\u0161ine \u2713 Plasti\u010dne povr\u0161ine \u2713 Kovinske povr\u0161ine \u2713 Z u\u010dinkom, ki ga je enostavno o\u010distiti","og_url":"https:\/\/www.versiegelung24.com\/sl\/univerzalno-tesnjenje-7675-za-trde-ne-vpojne-povrsine-steklo-keramika-nerjavece-jeklo-plastika-kovina.html","og_site_name":"versiegelung24.com","article_modified_time":"2025-03-20T09:10:26+00:00","og_image":[{"width":2560,"height":2560,"url":"https:\/\/www.versiegelung24.com\/wp-content\/uploads\/2020\/06\/produkt-4005-7675-1000-Universalversiegelung-7675-scaled.jpg","type":"image\/jpeg"}],"twitter_card":"summary_large_image","twitter_misc":{"Price":"89,99&euro;","Availability":"In stock"},"schema":{"@context":"https:\/\/schema.org","@graph":[{"@type":"WebPage","@id":"https:\/\/www.versiegelung24.com\/sl\/univerzalno-tesnjenje-7675-za-trde-ne-vpojne-povrsine-steklo-keramika-nerjavece-jeklo-plastika-kovina.html","url":"https:\/\/www.versiegelung24.com\/sl\/univerzalno-tesnjenje-7675-za-trde-ne-vpojne-povrsine-steklo-keramika-nerjavece-jeklo-plastika-kovina.html","name":"Univerzalno tesnjenje 7675 za \"trde\" \/ vpojne povr\u0161ine (steklo \/ keramika +++, nerjavno jeklo +++, plastika \/ kovina ++) - versiegelung24.com","isPartOf":{"@id":"https:\/\/www.versiegelung24.com\/sl\/#website"},"primaryImageOfPage":{"@id":"https:\/\/www.versiegelung24.com\/sl\/univerzalno-tesnjenje-7675-za-trde-ne-vpojne-povrsine-steklo-keramika-nerjavece-jeklo-plastika-kovina.html#primaryimage"},"image":{"@id":"https:\/\/www.versiegelung24.com\/sl\/univerzalno-tesnjenje-7675-za-trde-ne-vpojne-povrsine-steklo-keramika-nerjavece-jeklo-plastika-kovina.html#primaryimage"},"thumbnailUrl":"https:\/\/www.versiegelung24.com\/wp-content\/uploads\/2020\/06\/produkt-4005-7675-1000-Universalversiegelung-7675-scaled.jpg","datePublished":"2021-08-02T19:30:46+00:00","dateModified":"2025-03-20T09:10:26+00:00","breadcrumb":{"@id":"https:\/\/www.versiegelung24.com\/sl\/univerzalno-tesnjenje-7675-za-trde-ne-vpojne-povrsine-steklo-keramika-nerjavece-jeklo-plastika-kovina.html#breadcrumb"},"inLanguage":"sl-SI","potentialAction":[{"@type":"ReadAction","target":["https:\/\/www.versiegelung24.com\/sl\/univerzalno-tesnjenje-7675-za-trde-ne-vpojne-povrsine-steklo-keramika-nerjavece-jeklo-plastika-kovina.html"]}]},{"@type":"ImageObject","inLanguage":"sl-SI","@id":"https:\/\/www.versiegelung24.com\/sl\/univerzalno-tesnjenje-7675-za-trde-ne-vpojne-povrsine-steklo-keramika-nerjavece-jeklo-plastika-kovina.html#primaryimage","url":"https:\/\/www.versiegelung24.com\/wp-content\/uploads\/2020\/06\/produkt-4005-7675-1000-Universalversiegelung-7675-scaled.jpg","contentUrl":"https:\/\/www.versiegelung24.com\/wp-content\/uploads\/2020\/06\/produkt-4005-7675-1000-Universalversiegelung-7675-scaled.jpg","width":2560,"height":2560},{"@type":"BreadcrumbList","@id":"https:\/\/www.versiegelung24.com\/sl\/univerzalno-tesnjenje-7675-za-trde-ne-vpojne-povrsine-steklo-keramika-nerjavece-jeklo-plastika-kovina.html#breadcrumb","itemListElement":[{"@type":"ListItem","position":1,"name":"Doma\u010da stran","item":"https:\/\/www.versiegelung24.com\/sl\/spredaj\/"},{"@type":"ListItem","position":2,"name":"Nakupujte","item":"https:\/\/www.versiegelung24.com\/sl\/nakupujte\/"},{"@type":"ListItem","position":3,"name":"Univerzalno tesnjenje 7675 za &#8220;trde&#8221; \/ vpojne povr\u0161ine (steklo \/ keramika +++, nerjavno jeklo +++, plastika \/ kovina ++)"}]},{"@type":"WebSite","@id":"https:\/\/www.versiegelung24.com\/sl\/#website","url":"https:\/\/www.versiegelung24.com\/sl\/","name":"versiegelung24.com","description":"Fl\u00fcssigglas-Versiegelung - Made in Germany","publisher":{"@id":"https:\/\/www.versiegelung24.com\/sl\/#organization"},"potentialAction":[{"@type":"SearchAction","target":{"@type":"EntryPoint","urlTemplate":"https:\/\/www.versiegelung24.com\/sl\/?s={search_term_string}"},"query-input":{"@type":"PropertyValueSpecification","valueRequired":true,"valueName":"search_term_string"}}],"inLanguage":"sl-SI"},{"@type":"Organization","@id":"https:\/\/www.versiegelung24.com\/sl\/#organization","name":"versiegelung24","url":"https:\/\/www.versiegelung24.com\/sl\/","logo":{"@type":"ImageObject","inLanguage":"sl-SI","@id":"https:\/\/www.versiegelung24.com\/sl\/#\/schema\/logo\/image\/","url":"https:\/\/www.versiegelung24.com\/wp-content\/uploads\/2020\/04\/versiegelung24.png","contentUrl":"https:\/\/www.versiegelung24.com\/wp-content\/uploads\/2020\/04\/versiegelung24.png","width":470,"height":102,"caption":"versiegelung24"},"image":{"@id":"https:\/\/www.versiegelung24.com\/sl\/#\/schema\/logo\/image\/"}}]},"product_price_amount":"89.99","product_price_currency":"EUR","og_availability":"instock","product_availability":"instock","product_retailer_item_id":"4005-7675","product_condition":"new"},"_links":{"self":[{"href":"https:\/\/www.versiegelung24.com\/sl\/wp-json\/wp\/v2\/product\/23292","targetHints":{"allow":["GET"]}}],"collection":[{"href":"https:\/\/www.versiegelung24.com\/sl\/wp-json\/wp\/v2\/product"}],"about":[{"href":"https:\/\/www.versiegelung24.com\/sl\/wp-json\/wp\/v2\/types\/product"}],"version-history":[{"count":16,"href":"https:\/\/www.versiegelung24.com\/sl\/wp-json\/wp\/v2\/product\/23292\/revisions"}],"predecessor-version":[{"id":181106,"href":"https:\/\/www.versiegelung24.com\/sl\/wp-json\/wp\/v2\/product\/23292\/revisions\/181106"}],"wp:featuredmedia":[{"embeddable":true,"href":"https:\/\/www.versiegelung24.com\/sl\/wp-json\/wp\/v2\/media\/18270"}],"wp:attachment":[{"href":"https:\/\/www.versiegelung24.com\/sl\/wp-json\/wp\/v2\/media?parent=23292"}],"wp:term":[{"taxonomy":"product_brand","embeddable":true,"href":"https:\/\/www.versiegelung24.com\/sl\/wp-json\/wp\/v2\/product_brand?post=23292"},{"taxonomy":"product_cat","embeddable":true,"href":"https:\/\/www.versiegelung24.com\/sl\/wp-json\/wp\/v2\/product_cat?post=23292"},{"taxonomy":"product_tag","embeddable":true,"href":"https:\/\/www.versiegelung24.com\/sl\/wp-json\/wp\/v2\/product_tag?post=23292"}],"curies":[{"name":"wp","href":"https:\/\/api.w.org\/{rel}","templated":true}]}}