{"id":23382,"date":"2020-04-04T18:53:43","date_gmt":"2021-08-02T19:33:39","guid":{"rendered":"https:\/\/www.versiegelung24.com\/produkt\/univerzalno-tesnjenje-695-za-mehke-vpojne-povrsine-kamen-les-tekstil"},"modified":"2025-04-12T11:47:58","modified_gmt":"2025-04-12T09:47:58","slug":"univerzalno-tesnilo-695-za-mehke-vpojne-povrsine-kamen-les-tekstil","status":"publish","type":"product","link":"https:\/\/www.versiegelung24.com\/sl\/univerzalno-tesnjenje-695-za-mehke-vpojne-povrsine-kamen-les-tekstil.html","title":{"rendered":"Univerzalno tesnjenje 695 za &#8220;mehke&#8221; \/ vpojne povr\u0161ine (kamen +++, les +++, tekstil ++)"},"content":{"rendered":"\n<p><strong>Zelo u\u010dinkovito profesionalno univerzalno tesnilo za &#8220;mehke&#8221;\/vpojne povr\u0161ine, kot so tekstil, kamen, les z u\u010dinkom, ki ga je enostavno o\u010distiti<\/strong><\/p>\n\n<p>Idealen za kamen in les, uporaben tudi za tekstil<\/p>\n\n<p>Visoka kakovost &#8211; narejeno v Nem\u010diji<\/p>\n\n<p><strong>V24 univerzalno tesnilo 4007-695<\/strong> je vodna impregnacija za vpojne \/ &#8220;mehke&#8221; povr\u0161ine z zelo dobro hidrofobnostjo (vodoodbojnost) in oleofobnostjo (odpornost na olje) povr\u0161in. Izdelek tvori skoraj neviden, tanek povr\u0161inski film. Vodoodbojni u\u010dinek znatno zmanj\u0161a stopnjo prodiranja vlage na obdelane povr\u0161ine in ponovno umazanijo. Penetracija olja in razbarvanih snovi na povr\u0161ino se zmanj\u0161a in jih je mogo\u010de enostavno odstraniti \/ o\u010distiti.<\/p>\n\n<hr \/>\n\n<h4 class=\"wp-block-heading\" id=\"properties\">Zna\u010dilnosti izdelka<\/h4>\n\n<div class=\"wp-block-columns is-layout-flex wp-container-core-columns-is-layout-9d6595d7 wp-block-columns-is-layout-flex\">\n<div class=\"wp-block-column is-layout-flow wp-block-column-is-layout-flow\">\n<p>Opomba: Poceni beli tekstil ima lahko rumen odtenek<\/p>\n\n\n\n<p>Odvisno od vpojnosti povr\u0161ine, ki jo je treba zapreti, 1 liter zadostuje za do 40 m\u00b2.<\/p>\n<\/div>\n\n\n\n<div class=\"wp-block-column is-layout-flow wp-block-column-is-layout-flow\">\n<p><br \/><br \/>O<strong>bseg dobave:<\/strong> 1 x litrska steklenica 1 x razpr\u0161ilna glava \u010drpalke<\/p>\n<\/div>\n<\/div>\n\n<hr \/>\n\n<h4 class=\"wp-block-heading\" id=\"h-ratgeber\">Svetovalec<\/h4>\n\n<p>Na\u0161a univerzalna tesnila so \u0161e posebej primerna za sektor &#8220;naredi sam&#8221;.<\/p>\n\n<p>Zdru\u017eujejo profesionalni na\u010din delovanja na razli\u010dnih povr\u0161inah z enostavnim rokovanjem med nanosom. In vse to brez ve\u010djih kompromisov glede kakovosti.<\/p>\n\n<p>Na ta na\u010din lahko z eno samo univerzalno tesnilno maso nanesemo na ve\u010d materialov ter dose\u017eemo tudi visokokakovosten u\u010dinek in dolgo obstojnost.<\/p>\n\n<p>Vendar pa za komercialne in industrijske aplikacije, kjer je treba dose\u010di najvi\u0161jo mo\u017eno raven u\u010dinkovitosti na dolo\u010deni povr\u0161ini, priporo\u010damo uporabo na\u0161ih posebnih premazov za to povr\u0161ino.<\/p>\n","protected":false},"excerpt":{"rendered":"<p><strong>Zelo u\u010dinkovito profesionalno univerzalno tesnilo za vpojne \/ &#8220;mehke&#8221; povr\u0161ine:<\/strong><\/p>\n<p>\u2713 Tekstil<\/p>\n<p>\u2713 Kamen<\/p>\n<p>\u2713 les<\/p>\n<p>\u2713 Z u\u010dinkom, ki ga je enostavno o\u010distiti<\/p>\n","protected":false},"featured_media":18338,"template":"","meta":{"_acf_changed":false,"neve_meta_sidebar":"","neve_meta_container":"","neve_meta_enable_content_width":"","neve_meta_content_width":0,"neve_meta_title_alignment":"","neve_meta_author_avatar":"","neve_post_elements_order":"","neve_meta_disable_header":"","neve_meta_disable_footer":"","neve_meta_disable_title":"","neve_meta_reading_time":"","_surfaces":[],"_ver_product_tabs":[],"footnotes":""},"product_brand":[],"product_cat":[2525],"product_tag":[],"class_list":{"0":"post-23382","1":"product","2":"type-product","3":"status-publish","4":"has-post-thumbnail","6":"product_cat-univerzalno-tesnilo","7":"pa_gebinde-steklenicka-1000-ml","8":"pa_gebinde-20l-kanister-sl","10":"first","11":"instock","12":"taxable","13":"shipping-taxable","14":"purchasable","15":"product-type-variable","16":"has-default-attributes"},"acf":[],"yoast_head":"<!-- This site is optimized with the Yoast SEO Premium plugin v22.8 (Yoast SEO v27.5) - https:\/\/yoast.com\/product\/yoast-seo-premium-wordpress\/ -->\n<title>Univerzalno tesnjenje 695 za &quot;mehke&quot; \/ vpojne povr\u0161ine (kamen +++, les +++, tekstil ++) - versiegelung24.com<\/title>\n<meta name=\"robots\" content=\"index, follow, max-snippet:-1, max-image-preview:large, max-video-preview:-1\" \/>\n<link rel=\"canonical\" href=\"https:\/\/www.versiegelung24.com\/sl\/univerzalno-tesnjenje-695-za-mehke-vpojne-povrsine-kamen-les-tekstil.html\" \/>\n<meta property=\"og:locale\" content=\"sl_SI\" \/>\n<meta property=\"og:type\" content=\"article\" \/>\n<meta property=\"og:title\" content=\"Univerzalno tesnjenje 695 za &quot;mehke&quot; \/ vpojne povr\u0161ine (kamen +++, les +++, tekstil ++)\" \/>\n<meta property=\"og:description\" content=\"Zelo u\u010dinkovito profesionalno univerzalno tesnilo za vpojne \/ &quot;mehke&quot; povr\u0161ine: \u2713 Tekstil \u2713 Kamen \u2713 les \u2713 Z u\u010dinkom, ki ga je enostavno o\u010distiti\" \/>\n<meta property=\"og:url\" content=\"https:\/\/www.versiegelung24.com\/sl\/univerzalno-tesnjenje-695-za-mehke-vpojne-povrsine-kamen-les-tekstil.html\" \/>\n<meta property=\"og:site_name\" content=\"versiegelung24.com\" \/>\n<meta property=\"article:modified_time\" content=\"2025-04-12T09:47:58+00:00\" \/>\n<meta property=\"og:image\" content=\"https:\/\/www.versiegelung24.com\/wp-content\/uploads\/2020\/06\/produkt-4007-695-1000-Universalversiegelung-695-scaled.jpg\" \/>\n\t<meta property=\"og:image:width\" content=\"2560\" \/>\n\t<meta property=\"og:image:height\" content=\"2560\" \/>\n\t<meta property=\"og:image:type\" content=\"image\/jpeg\" \/>\n<meta name=\"twitter:card\" content=\"summary_large_image\" \/>\n<meta name=\"twitter:label1\" content=\"Availability\" \/>\n\t<meta name=\"twitter:data1\" content=\"In stock\" \/>\n<script type=\"application\/ld+json\" class=\"yoast-schema-graph\">{\"@context\":\"https:\\\/\\\/schema.org\",\"@graph\":[{\"@type\":\"WebPage\",\"@id\":\"https:\\\/\\\/www.versiegelung24.com\\\/sl\\\/univerzalno-tesnjenje-695-za-mehke-vpojne-povrsine-kamen-les-tekstil.html\",\"url\":\"https:\\\/\\\/www.versiegelung24.com\\\/sl\\\/univerzalno-tesnjenje-695-za-mehke-vpojne-povrsine-kamen-les-tekstil.html\",\"name\":\"Univerzalno tesnjenje 695 za \\\"mehke\\\" \\\/ vpojne povr\u0161ine (kamen +++, les +++, tekstil ++) - versiegelung24.com\",\"isPartOf\":{\"@id\":\"https:\\\/\\\/www.versiegelung24.com\\\/sl\\\/#website\"},\"primaryImageOfPage\":{\"@id\":\"https:\\\/\\\/www.versiegelung24.com\\\/sl\\\/univerzalno-tesnjenje-695-za-mehke-vpojne-povrsine-kamen-les-tekstil.html#primaryimage\"},\"image\":{\"@id\":\"https:\\\/\\\/www.versiegelung24.com\\\/sl\\\/univerzalno-tesnjenje-695-za-mehke-vpojne-povrsine-kamen-les-tekstil.html#primaryimage\"},\"thumbnailUrl\":\"https:\\\/\\\/www.versiegelung24.com\\\/wp-content\\\/uploads\\\/2020\\\/06\\\/produkt-4007-695-1000-Universalversiegelung-695-scaled.jpg\",\"datePublished\":\"2021-08-02T19:33:39+00:00\",\"dateModified\":\"2025-04-12T09:47:58+00:00\",\"breadcrumb\":{\"@id\":\"https:\\\/\\\/www.versiegelung24.com\\\/sl\\\/univerzalno-tesnjenje-695-za-mehke-vpojne-povrsine-kamen-les-tekstil.html#breadcrumb\"},\"inLanguage\":\"sl-SI\",\"potentialAction\":[{\"@type\":\"ReadAction\",\"target\":[\"https:\\\/\\\/www.versiegelung24.com\\\/sl\\\/univerzalno-tesnjenje-695-za-mehke-vpojne-povrsine-kamen-les-tekstil.html\"]}]},{\"@type\":\"ImageObject\",\"inLanguage\":\"sl-SI\",\"@id\":\"https:\\\/\\\/www.versiegelung24.com\\\/sl\\\/univerzalno-tesnjenje-695-za-mehke-vpojne-povrsine-kamen-les-tekstil.html#primaryimage\",\"url\":\"https:\\\/\\\/www.versiegelung24.com\\\/wp-content\\\/uploads\\\/2020\\\/06\\\/produkt-4007-695-1000-Universalversiegelung-695-scaled.jpg\",\"contentUrl\":\"https:\\\/\\\/www.versiegelung24.com\\\/wp-content\\\/uploads\\\/2020\\\/06\\\/produkt-4007-695-1000-Universalversiegelung-695-scaled.jpg\",\"width\":2560,\"height\":2560},{\"@type\":\"BreadcrumbList\",\"@id\":\"https:\\\/\\\/www.versiegelung24.com\\\/sl\\\/univerzalno-tesnjenje-695-za-mehke-vpojne-povrsine-kamen-les-tekstil.html#breadcrumb\",\"itemListElement\":[{\"@type\":\"ListItem\",\"position\":1,\"name\":\"Doma\u010da stran\",\"item\":\"https:\\\/\\\/www.versiegelung24.com\\\/sl\\\/spredaj\\\/\"},{\"@type\":\"ListItem\",\"position\":2,\"name\":\"Nakupujte\",\"item\":\"https:\\\/\\\/www.versiegelung24.com\\\/sl\\\/nakupujte\\\/\"},{\"@type\":\"ListItem\",\"position\":3,\"name\":\"Univerzalno tesnjenje 695 za &#8220;mehke&#8221; \\\/ vpojne povr\u0161ine (kamen +++, les +++, tekstil ++)\"}]},{\"@type\":\"WebSite\",\"@id\":\"https:\\\/\\\/www.versiegelung24.com\\\/sl\\\/#website\",\"url\":\"https:\\\/\\\/www.versiegelung24.com\\\/sl\\\/\",\"name\":\"versiegelung24.com\",\"description\":\"Fl\u00fcssigglas-Versiegelung - Made in Germany\",\"publisher\":{\"@id\":\"https:\\\/\\\/www.versiegelung24.com\\\/sl\\\/#organization\"},\"potentialAction\":[{\"@type\":\"SearchAction\",\"target\":{\"@type\":\"EntryPoint\",\"urlTemplate\":\"https:\\\/\\\/www.versiegelung24.com\\\/sl\\\/?s={search_term_string}\"},\"query-input\":{\"@type\":\"PropertyValueSpecification\",\"valueRequired\":true,\"valueName\":\"search_term_string\"}}],\"inLanguage\":\"sl-SI\"},{\"@type\":\"Organization\",\"@id\":\"https:\\\/\\\/www.versiegelung24.com\\\/sl\\\/#organization\",\"name\":\"versiegelung24\",\"url\":\"https:\\\/\\\/www.versiegelung24.com\\\/sl\\\/\",\"logo\":{\"@type\":\"ImageObject\",\"inLanguage\":\"sl-SI\",\"@id\":\"https:\\\/\\\/www.versiegelung24.com\\\/sl\\\/#\\\/schema\\\/logo\\\/image\\\/\",\"url\":\"https:\\\/\\\/www.versiegelung24.com\\\/wp-content\\\/uploads\\\/2020\\\/04\\\/versiegelung24.png\",\"contentUrl\":\"https:\\\/\\\/www.versiegelung24.com\\\/wp-content\\\/uploads\\\/2020\\\/04\\\/versiegelung24.png\",\"width\":470,\"height\":102,\"caption\":\"versiegelung24\"},\"image\":{\"@id\":\"https:\\\/\\\/www.versiegelung24.com\\\/sl\\\/#\\\/schema\\\/logo\\\/image\\\/\"}}]}<\/script>\n<meta property=\"og:availability\" content=\"instock\" \/>\n<meta property=\"product:availability\" content=\"instock\" \/>\n<meta property=\"product:retailer_item_id\" content=\"4007-695\" \/>\n<meta property=\"product:condition\" content=\"new\" \/>\n<!-- \/ Yoast SEO Premium plugin. -->","yoast_head_json":{"title":"Univerzalno tesnjenje 695 za \"mehke\" \/ vpojne povr\u0161ine (kamen +++, les +++, tekstil ++) - versiegelung24.com","robots":{"index":"index","follow":"follow","max-snippet":"max-snippet:-1","max-image-preview":"max-image-preview:large","max-video-preview":"max-video-preview:-1"},"canonical":"https:\/\/www.versiegelung24.com\/sl\/univerzalno-tesnjenje-695-za-mehke-vpojne-povrsine-kamen-les-tekstil.html","og_locale":"sl_SI","og_type":"article","og_title":"Univerzalno tesnjenje 695 za \"mehke\" \/ vpojne povr\u0161ine (kamen +++, les +++, tekstil ++)","og_description":"Zelo u\u010dinkovito profesionalno univerzalno tesnilo za vpojne \/ \"mehke\" povr\u0161ine: \u2713 Tekstil \u2713 Kamen \u2713 les \u2713 Z u\u010dinkom, ki ga je enostavno o\u010distiti","og_url":"https:\/\/www.versiegelung24.com\/sl\/univerzalno-tesnjenje-695-za-mehke-vpojne-povrsine-kamen-les-tekstil.html","og_site_name":"versiegelung24.com","article_modified_time":"2025-04-12T09:47:58+00:00","og_image":[{"width":2560,"height":2560,"url":"https:\/\/www.versiegelung24.com\/wp-content\/uploads\/2020\/06\/produkt-4007-695-1000-Universalversiegelung-695-scaled.jpg","type":"image\/jpeg"}],"twitter_card":"summary_large_image","twitter_misc":{"Availability":"In stock"},"schema":{"@context":"https:\/\/schema.org","@graph":[{"@type":"WebPage","@id":"https:\/\/www.versiegelung24.com\/sl\/univerzalno-tesnjenje-695-za-mehke-vpojne-povrsine-kamen-les-tekstil.html","url":"https:\/\/www.versiegelung24.com\/sl\/univerzalno-tesnjenje-695-za-mehke-vpojne-povrsine-kamen-les-tekstil.html","name":"Univerzalno tesnjenje 695 za \"mehke\" \/ vpojne povr\u0161ine (kamen +++, les +++, tekstil ++) - versiegelung24.com","isPartOf":{"@id":"https:\/\/www.versiegelung24.com\/sl\/#website"},"primaryImageOfPage":{"@id":"https:\/\/www.versiegelung24.com\/sl\/univerzalno-tesnjenje-695-za-mehke-vpojne-povrsine-kamen-les-tekstil.html#primaryimage"},"image":{"@id":"https:\/\/www.versiegelung24.com\/sl\/univerzalno-tesnjenje-695-za-mehke-vpojne-povrsine-kamen-les-tekstil.html#primaryimage"},"thumbnailUrl":"https:\/\/www.versiegelung24.com\/wp-content\/uploads\/2020\/06\/produkt-4007-695-1000-Universalversiegelung-695-scaled.jpg","datePublished":"2021-08-02T19:33:39+00:00","dateModified":"2025-04-12T09:47:58+00:00","breadcrumb":{"@id":"https:\/\/www.versiegelung24.com\/sl\/univerzalno-tesnjenje-695-za-mehke-vpojne-povrsine-kamen-les-tekstil.html#breadcrumb"},"inLanguage":"sl-SI","potentialAction":[{"@type":"ReadAction","target":["https:\/\/www.versiegelung24.com\/sl\/univerzalno-tesnjenje-695-za-mehke-vpojne-povrsine-kamen-les-tekstil.html"]}]},{"@type":"ImageObject","inLanguage":"sl-SI","@id":"https:\/\/www.versiegelung24.com\/sl\/univerzalno-tesnjenje-695-za-mehke-vpojne-povrsine-kamen-les-tekstil.html#primaryimage","url":"https:\/\/www.versiegelung24.com\/wp-content\/uploads\/2020\/06\/produkt-4007-695-1000-Universalversiegelung-695-scaled.jpg","contentUrl":"https:\/\/www.versiegelung24.com\/wp-content\/uploads\/2020\/06\/produkt-4007-695-1000-Universalversiegelung-695-scaled.jpg","width":2560,"height":2560},{"@type":"BreadcrumbList","@id":"https:\/\/www.versiegelung24.com\/sl\/univerzalno-tesnjenje-695-za-mehke-vpojne-povrsine-kamen-les-tekstil.html#breadcrumb","itemListElement":[{"@type":"ListItem","position":1,"name":"Doma\u010da stran","item":"https:\/\/www.versiegelung24.com\/sl\/spredaj\/"},{"@type":"ListItem","position":2,"name":"Nakupujte","item":"https:\/\/www.versiegelung24.com\/sl\/nakupujte\/"},{"@type":"ListItem","position":3,"name":"Univerzalno tesnjenje 695 za &#8220;mehke&#8221; \/ vpojne povr\u0161ine (kamen +++, les +++, tekstil ++)"}]},{"@type":"WebSite","@id":"https:\/\/www.versiegelung24.com\/sl\/#website","url":"https:\/\/www.versiegelung24.com\/sl\/","name":"versiegelung24.com","description":"Fl\u00fcssigglas-Versiegelung - Made in Germany","publisher":{"@id":"https:\/\/www.versiegelung24.com\/sl\/#organization"},"potentialAction":[{"@type":"SearchAction","target":{"@type":"EntryPoint","urlTemplate":"https:\/\/www.versiegelung24.com\/sl\/?s={search_term_string}"},"query-input":{"@type":"PropertyValueSpecification","valueRequired":true,"valueName":"search_term_string"}}],"inLanguage":"sl-SI"},{"@type":"Organization","@id":"https:\/\/www.versiegelung24.com\/sl\/#organization","name":"versiegelung24","url":"https:\/\/www.versiegelung24.com\/sl\/","logo":{"@type":"ImageObject","inLanguage":"sl-SI","@id":"https:\/\/www.versiegelung24.com\/sl\/#\/schema\/logo\/image\/","url":"https:\/\/www.versiegelung24.com\/wp-content\/uploads\/2020\/04\/versiegelung24.png","contentUrl":"https:\/\/www.versiegelung24.com\/wp-content\/uploads\/2020\/04\/versiegelung24.png","width":470,"height":102,"caption":"versiegelung24"},"image":{"@id":"https:\/\/www.versiegelung24.com\/sl\/#\/schema\/logo\/image\/"}}]},"og_availability":"instock","product_availability":"instock","product_retailer_item_id":"4007-695","product_condition":"new"},"_links":{"self":[{"href":"https:\/\/www.versiegelung24.com\/sl\/wp-json\/wp\/v2\/product\/23382","targetHints":{"allow":["GET"]}}],"collection":[{"href":"https:\/\/www.versiegelung24.com\/sl\/wp-json\/wp\/v2\/product"}],"about":[{"href":"https:\/\/www.versiegelung24.com\/sl\/wp-json\/wp\/v2\/types\/product"}],"version-history":[{"count":23,"href":"https:\/\/www.versiegelung24.com\/sl\/wp-json\/wp\/v2\/product\/23382\/revisions"}],"predecessor-version":[{"id":181444,"href":"https:\/\/www.versiegelung24.com\/sl\/wp-json\/wp\/v2\/product\/23382\/revisions\/181444"}],"wp:featuredmedia":[{"embeddable":true,"href":"https:\/\/www.versiegelung24.com\/sl\/wp-json\/wp\/v2\/media\/18338"}],"wp:attachment":[{"href":"https:\/\/www.versiegelung24.com\/sl\/wp-json\/wp\/v2\/media?parent=23382"}],"wp:term":[{"taxonomy":"product_brand","embeddable":true,"href":"https:\/\/www.versiegelung24.com\/sl\/wp-json\/wp\/v2\/product_brand?post=23382"},{"taxonomy":"product_cat","embeddable":true,"href":"https:\/\/www.versiegelung24.com\/sl\/wp-json\/wp\/v2\/product_cat?post=23382"},{"taxonomy":"product_tag","embeddable":true,"href":"https:\/\/www.versiegelung24.com\/sl\/wp-json\/wp\/v2\/product_tag?post=23382"}],"curies":[{"name":"wp","href":"https:\/\/api.w.org\/{rel}","templated":true}]}}