{"id":23417,"date":"2020-04-04T18:53:17","date_gmt":"2021-08-02T19:35:26","guid":{"rendered":"https:\/\/www.versiegelung24.com\/produkt\/5-litrov-koncentrata-bacoban-za-500-litrov-dolgotrajne-dezinfekcije-povrsin"},"modified":"2025-01-13T16:36:54","modified_gmt":"2025-01-13T15:36:54","slug":"bacoban-dolgotrajna-povrsinska-dezinfekcija-5-000ml-koncentrat-na-vodni-osnovi","status":"publish","type":"product","link":"https:\/\/www.versiegelung24.com\/sl\/bacoban-dolgotrajna-povrsinska-dezinfekcija-5-000ml-koncentrat-na-vodni-osnovi.html","title":{"rendered":"5 litrov koncentrata BACOBAN\u00ae za 500 litrov dolgotrajne dezinfekcije povr\u0161in"},"content":{"rendered":"\n<h2 class=\"wp-block-heading\" id=\"h-5-liter-kanister-bacoban-langzeit-flachendesinfektion-konzentrat\">5-litrski vsebnik BACOBAN\u00ae koncentrat za dolgotrajno povr\u0161insko dezinfekcijo<\/h2>\n\n<p><strong>Zadostuje za 500 litrov razku\u017eila (razred\u010deno z vodo 1: 100)<\/strong><\/p>\n\n<p><strong>Previdno uporabljajte razku\u017eila. Pred uporabo vedno preberite etiketo in podatke o izdelku.<\/strong><\/p>\n\n<hr \/>\n\n<h4 class=\"wp-block-heading\" id=\"properties\">Zna\u010dilnosti izdelka<\/h4>\n\n<p><br \/>S<strong>estava:<\/strong> 100 g raztopine vsebuje:<br \/>Sestavine v skladu z Uredbo (ES) \u0161t. 648\/2004: 15 % in ve\u010d, vendar manj kot 30 % kationskih povr\u0161insko aktivnih snovi, razku\u017eila, di\u0161ave (linalool, limonen, citral, geraniol, citronelol)<\/p>\n<div class=\"wp-block-image\">\n<figure class=\"aligncenter size-large is-resized\"><img decoding=\"async\" src=\"https:\/\/www.versiegelung24.com\/wp-content\/uploads\/2022\/01\/desinfektion_tisch-1300x260.jpg\" alt=\"\" class=\"wp-image-59386\" width=\"1500\" srcset=\"https:\/\/www.versiegelung24.com\/wp-content\/uploads\/2022\/01\/desinfektion_tisch-1300x260.jpg 1300w, https:\/\/www.versiegelung24.com\/wp-content\/uploads\/2022\/01\/desinfektion_tisch-300x60.jpg 300w, https:\/\/www.versiegelung24.com\/wp-content\/uploads\/2022\/01\/desinfektion_tisch-768x154.jpg 768w, https:\/\/www.versiegelung24.com\/wp-content\/uploads\/2022\/01\/desinfektion_tisch-600x120.jpg 600w, https:\/\/www.versiegelung24.com\/wp-content\/uploads\/2022\/01\/desinfektion_tisch.jpg 1500w\" sizes=\"(max-width: 1300px) 100vw, 1300px\" \/><\/figure>\n<\/div>\n<hr \/>\n\n<h4 class=\"wp-block-heading\" id=\"application\">Aplikacija<\/h4>\n\n<p>Zunaj<strong> Bacoban<\/strong><sup> \u00ae<\/sup><strong> WB<\/strong> Raztopino, pripravljeno za uporabo, pripravite v skladu z me\u0161alno tabelo in dovolj navla\u017eite povr\u0161ine. Ne sperite ali posu\u0161ite. \u010cas mirovanja sve\u017ee pripravljene delovne raztopine: 8 ur<\/p>\n\n<figure class=\"wp-block-table\"><table><tbody><tr><td>Miza za me\u0161anje<\/td><\/tr><tr><td>Kon\u010dni volumen<\/td><td>0,5 %<\/td><td>1 %<\/td><td>2 %<\/td><td>3 %<\/td><\/tr><tr><td>1 liter<\/td><td>5 ml<\/td><td>10 ml<\/td><td>20 ml<\/td><td>30 ml<\/td><\/tr><tr><td>2 litra<\/td><td>10 ml<\/td><td>20 ml<\/td><td>40 ml<\/td><td>60 ml<\/td><\/tr><tr><td>4 litre<\/td><td>20 ml<\/td><td>40 ml<\/td><td>80 ml<\/td><td>120 ml<\/td><\/tr><tr><td>8 litrov<\/td><td>40 ml<\/td><td>80 ml<\/td><td>160 ml<\/td><td>240 ml<\/td><\/tr><tr><td>10 litrov<\/td><td>50 ml<\/td><td>100 ml<\/td><td>200 ml<\/td><td>300 ml<\/td><\/tr><\/tbody><\/table><figcaption>me\u0161alna miza<\/figcaption><\/figure>\n\n<p><br \/>Trajni protimikrobni u\u010dinek <strong>(remanen\u010dni u\u010dinek)<\/strong> do <strong>10 dni<\/strong> (testirano v skladu z ASTM E 2180). Dermatolo\u0161ko testirano (*pri 1 %): zelo dobra zdru\u017eljivost s ko\u017eo.<\/p>\n\n<p><strong>U\u010dinkovitost in odmerjanje:<\/strong><\/p>\n\n<div class=\"wp-block-columns is-layout-flex wp-container-core-columns-is-layout-9d6595d7 wp-block-columns-is-layout-flex\">\n<div class=\"wp-block-column is-layout-flow wp-block-column-is-layout-flow\">\n<p><br \/><br \/><br \/><br \/><br \/>Presku\u0161anje v skladu s smernicami DGHM (visoka organska obremenitev): 1,5 %, 15 min; 2,0 %, 5 min. Presku\u0161anje v skladu s smernicami EN: DIN EN 1040: 0,25 %, 5 min DIN EN 1275: 0,25 %, 5 min DIN EN 1276: 0,75 %, 5 min \/ 0,50 %, 15 min<\/p>\n<\/div>\n\n\n\n<div class=\"wp-block-column is-layout-flow wp-block-column-is-layout-flow\">\n<p><br \/><br \/>DIN EN 1650: 0,50 %, 5 min\/0,25 %, 15 min DIN EN 13697: 0,50 %, 15 min EN 13727:<br \/><br \/><br \/><br \/>EN 13624: 1 %, 5 min DIN EN 14561: 3 %, 5 min, 0,5 %, 60 min DIN EN 14562: 0,5 %, 60 min Testiranje v skladu s smernicami DVV: *(HIV, HBV, HCV, herpes, gripa, tudi pti\u010dja gripa, BVDV, vakcinije), rotavirus: 0,1 %, 5 min, adenovirus: 2,0 %, 240 min.<\/p>\n<\/div>\n<\/div>\n\n<p><strong>Trajen protimikrobni u\u010dinek do 10 dni<\/strong> (preizku\u0161eno na podlagi ASTM E 2180)<\/p>\n\n<p><br \/>P<strong>omembno!<\/strong> Zaradi dolgotrajnega protimikrobnega u\u010dinka <sup>Bacobana\u00aeWB<\/sup>ne smete opustiti potrebnih ukrepov razku\u017eevanja v primeru vidne in\/ali vpra\u0161ljive kontaminacije!<\/p>\n<div class=\"wp-block-image\">\n<figure class=\"aligncenter size-large is-resized\"><img decoding=\"async\" src=\"https:\/\/www.versiegelung24.com\/wp-content\/uploads\/2022\/01\/tuere_viren-1300x260.jpg\" alt=\"\" class=\"wp-image-59414\" width=\"1500\" srcset=\"https:\/\/www.versiegelung24.com\/wp-content\/uploads\/2022\/01\/tuere_viren-1300x260.jpg 1300w, https:\/\/www.versiegelung24.com\/wp-content\/uploads\/2022\/01\/tuere_viren-300x60.jpg 300w, https:\/\/www.versiegelung24.com\/wp-content\/uploads\/2022\/01\/tuere_viren-768x154.jpg 768w, https:\/\/www.versiegelung24.com\/wp-content\/uploads\/2022\/01\/tuere_viren-600x120.jpg 600w, https:\/\/www.versiegelung24.com\/wp-content\/uploads\/2022\/01\/tuere_viren.jpg 1500w\" sizes=\"(max-width: 1300px) 100vw, 1300px\" \/><\/figure>\n<\/div>\n<hr \/>\n\n<h4 class=\"wp-block-heading\" id=\"advisor\">Svetovalec<\/h4>\n\n<p><br \/>V<strong>arnostne informacije:<\/strong> Zdru\u017eenje za zavarovanje odgovornosti delodajalcev dolo\u010da, da je treba pri ravnanju z razku\u017eili nositi rokavice. Zdravju \u0161kodljivo ob zau\u017eitju. Povzro\u010da hude opekline ko\u017ee in po\u0161kodbe o\u010di. Zelo strupen za vodne organizme. Strupeno za vodne organizme, z dolgotrajnimi u\u010dinki. Med uporabo izdelka ne jejte, ne pijte in ne kadite. PRI PO\u017dIRANJU: Izperite usta. NE povzro\u010dajte bruhanja. PRI SOTIKU S KO\u017dO (ali lasmi): Takoj odstranite vsa onesna\u017eena obla\u010dila. Izperite ko\u017eo z vodo\/prhanjem. \u010ce pride v o\u010di: nekaj minut previdno izpirajte z vodo. \u010ce je mogo\u010de, odstranite obstoje\u010de kontaktne le\u010de. Nadaljujte z izpiranjem. Takoj pokli\u010dite center za zastrupitve ali zdravnika. \u010ce je potreben zdravni\u0161ki nasvet, pripravite embala\u017eo ali etiketo. <br \/>Hraniti izven dosega otrok. Uporabljati samo z vodo in v skladu s tabelo za me\u0161anje. Ne uporabljajte z drugimi \u010distili ali razku\u017eili.<\/p>\n\n<div class=\"wp-block-columns is-layout-flex wp-container-core-columns-is-layout-9d6595d7 wp-block-columns-is-layout-flex\">\n<div class=\"wp-block-column is-layout-flow wp-block-column-is-layout-flow\">\n<p>Uporablja se lahko na vseh povr\u0161inah. V primeru dvomljivo <strong>ob\u010dutljivih povr\u0161in priporo\u010damo preizkus odpornosti<\/strong> na neopaznem obmo\u010dju. Shranjujte samo v zaprti posodi. Shranjujte v hladnem in suhem prostoru.<\/p>\n<\/div>\n\n\n\n<div class=\"wp-block-column is-layout-flow wp-block-column-is-layout-flow\">\n<p><strong>Zabojnik lahko reciklirate \u0161ele, ko je popolnoma prazen.<\/strong> Ne uporabljajte po poteku roka uporabnosti. Odstranite v skladu z lokalnimi in uradnimi predpisi.<\/p>\n<\/div>\n<\/div>\n\n<p>Reg. \u0161t. biocidov: N-28795 (D). 263\/17\/L (Lu)<\/p>\n\n<p>Raztopina <strong>, pripravljena<\/strong> za uporabo v skladu z me\u0161alno tabelo, ne zahteva simbola nevarnosti.<\/p>\n","protected":false},"excerpt":{"rendered":"<p><strong>Koncentrat za 500 litrov razku\u017eila na vodni osnovi.<\/strong><\/p>\n","protected":false},"featured_media":15395,"template":"","meta":{"_acf_changed":false,"neve_meta_sidebar":"","neve_meta_container":"","neve_meta_enable_content_width":"","neve_meta_content_width":0,"neve_meta_title_alignment":"","neve_meta_author_avatar":"","neve_post_elements_order":"","neve_meta_disable_header":"","neve_meta_disable_footer":"","neve_meta_disable_title":"","neve_meta_reading_time":"","_surfaces":[],"_ver_product_tabs":[],"footnotes":""},"product_brand":[],"product_cat":[2258,2259,2260],"product_tag":[],"class_list":{"0":"post-23417","1":"product","2":"type-product","3":"status-publish","4":"has-post-thumbnail","6":"product_cat-razkuzila","7":"product_cat-povrsinska-razkuzila","8":"product_cat-koncentrati-razkuzil","10":"first","11":"instock","12":"taxable","13":"shipping-taxable","14":"purchasable","15":"product-type-simple"},"acf":[],"yoast_head":"<!-- This site is optimized with the Yoast SEO Premium plugin v22.8 (Yoast SEO v27.5) - https:\/\/yoast.com\/product\/yoast-seo-premium-wordpress\/ -->\n<title>5 litrov koncentrata BACOBAN\u00ae za 500 litrov dolgotrajne dezinfekcije povr\u0161in - versiegelung24.com<\/title>\n<meta name=\"robots\" content=\"index, follow, max-snippet:-1, max-image-preview:large, max-video-preview:-1\" \/>\n<link rel=\"canonical\" href=\"https:\/\/www.versiegelung24.com\/sl\/bacoban-dolgotrajna-povrsinska-dezinfekcija-5-000ml-koncentrat-na-vodni-osnovi.html\" \/>\n<meta property=\"og:locale\" content=\"sl_SI\" \/>\n<meta property=\"og:type\" content=\"article\" \/>\n<meta property=\"og:title\" content=\"5 litrov koncentrata BACOBAN\u00ae za 500 litrov dolgotrajne dezinfekcije povr\u0161in\" \/>\n<meta property=\"og:description\" content=\"Koncentrat za 500 litrov razku\u017eila na vodni osnovi.\" \/>\n<meta property=\"og:url\" content=\"https:\/\/www.versiegelung24.com\/sl\/bacoban-dolgotrajna-povrsinska-dezinfekcija-5-000ml-koncentrat-na-vodni-osnovi.html\" \/>\n<meta property=\"og:site_name\" content=\"versiegelung24.com\" \/>\n<meta property=\"article:modified_time\" content=\"2025-01-13T15:36:54+00:00\" \/>\n<meta property=\"og:image\" content=\"https:\/\/www.versiegelung24.com\/wp-content\/uploads\/2020\/05\/bacoban-bacwb5-1.png\" \/>\n\t<meta property=\"og:image:width\" content=\"2000\" \/>\n\t<meta property=\"og:image:height\" content=\"2000\" \/>\n\t<meta property=\"og:image:type\" content=\"image\/png\" \/>\n<meta name=\"twitter:card\" content=\"summary_large_image\" \/>\n<meta name=\"twitter:label1\" content=\"Price\" \/>\n\t<meta name=\"twitter:data1\" content=\"399,00&euro;\" \/>\n\t<meta name=\"twitter:label2\" content=\"Availability\" \/>\n\t<meta name=\"twitter:data2\" content=\"In stock\" \/>\n<script type=\"application\/ld+json\" class=\"yoast-schema-graph\">{\"@context\":\"https:\\\/\\\/schema.org\",\"@graph\":[{\"@type\":\"WebPage\",\"@id\":\"https:\\\/\\\/www.versiegelung24.com\\\/sl\\\/bacoban-dolgotrajna-povrsinska-dezinfekcija-5-000ml-koncentrat-na-vodni-osnovi.html\",\"url\":\"https:\\\/\\\/www.versiegelung24.com\\\/sl\\\/bacoban-dolgotrajna-povrsinska-dezinfekcija-5-000ml-koncentrat-na-vodni-osnovi.html\",\"name\":\"5 litrov koncentrata BACOBAN\u00ae za 500 litrov dolgotrajne dezinfekcije povr\u0161in - versiegelung24.com\",\"isPartOf\":{\"@id\":\"https:\\\/\\\/www.versiegelung24.com\\\/sl\\\/#website\"},\"primaryImageOfPage\":{\"@id\":\"https:\\\/\\\/www.versiegelung24.com\\\/sl\\\/bacoban-dolgotrajna-povrsinska-dezinfekcija-5-000ml-koncentrat-na-vodni-osnovi.html#primaryimage\"},\"image\":{\"@id\":\"https:\\\/\\\/www.versiegelung24.com\\\/sl\\\/bacoban-dolgotrajna-povrsinska-dezinfekcija-5-000ml-koncentrat-na-vodni-osnovi.html#primaryimage\"},\"thumbnailUrl\":\"https:\\\/\\\/www.versiegelung24.com\\\/wp-content\\\/uploads\\\/2020\\\/05\\\/bacoban-bacwb5-1.png\",\"datePublished\":\"2021-08-02T19:35:26+00:00\",\"dateModified\":\"2025-01-13T15:36:54+00:00\",\"breadcrumb\":{\"@id\":\"https:\\\/\\\/www.versiegelung24.com\\\/sl\\\/bacoban-dolgotrajna-povrsinska-dezinfekcija-5-000ml-koncentrat-na-vodni-osnovi.html#breadcrumb\"},\"inLanguage\":\"sl-SI\",\"potentialAction\":[{\"@type\":\"ReadAction\",\"target\":[\"https:\\\/\\\/www.versiegelung24.com\\\/sl\\\/bacoban-dolgotrajna-povrsinska-dezinfekcija-5-000ml-koncentrat-na-vodni-osnovi.html\"]}]},{\"@type\":\"ImageObject\",\"inLanguage\":\"sl-SI\",\"@id\":\"https:\\\/\\\/www.versiegelung24.com\\\/sl\\\/bacoban-dolgotrajna-povrsinska-dezinfekcija-5-000ml-koncentrat-na-vodni-osnovi.html#primaryimage\",\"url\":\"https:\\\/\\\/www.versiegelung24.com\\\/wp-content\\\/uploads\\\/2020\\\/05\\\/bacoban-bacwb5-1.png\",\"contentUrl\":\"https:\\\/\\\/www.versiegelung24.com\\\/wp-content\\\/uploads\\\/2020\\\/05\\\/bacoban-bacwb5-1.png\",\"width\":2000,\"height\":2000},{\"@type\":\"BreadcrumbList\",\"@id\":\"https:\\\/\\\/www.versiegelung24.com\\\/sl\\\/bacoban-dolgotrajna-povrsinska-dezinfekcija-5-000ml-koncentrat-na-vodni-osnovi.html#breadcrumb\",\"itemListElement\":[{\"@type\":\"ListItem\",\"position\":1,\"name\":\"Doma\u010da stran\",\"item\":\"https:\\\/\\\/www.versiegelung24.com\\\/sl\\\/spredaj\\\/\"},{\"@type\":\"ListItem\",\"position\":2,\"name\":\"Nakupujte\",\"item\":\"https:\\\/\\\/www.versiegelung24.com\\\/sl\\\/nakupujte\\\/\"},{\"@type\":\"ListItem\",\"position\":3,\"name\":\"5 litrov koncentrata BACOBAN\u00ae za 500 litrov dolgotrajne dezinfekcije povr\u0161in\"}]},{\"@type\":\"WebSite\",\"@id\":\"https:\\\/\\\/www.versiegelung24.com\\\/sl\\\/#website\",\"url\":\"https:\\\/\\\/www.versiegelung24.com\\\/sl\\\/\",\"name\":\"versiegelung24.com\",\"description\":\"Fl\u00fcssigglas-Versiegelung - Made in Germany\",\"publisher\":{\"@id\":\"https:\\\/\\\/www.versiegelung24.com\\\/sl\\\/#organization\"},\"potentialAction\":[{\"@type\":\"SearchAction\",\"target\":{\"@type\":\"EntryPoint\",\"urlTemplate\":\"https:\\\/\\\/www.versiegelung24.com\\\/sl\\\/?s={search_term_string}\"},\"query-input\":{\"@type\":\"PropertyValueSpecification\",\"valueRequired\":true,\"valueName\":\"search_term_string\"}}],\"inLanguage\":\"sl-SI\"},{\"@type\":\"Organization\",\"@id\":\"https:\\\/\\\/www.versiegelung24.com\\\/sl\\\/#organization\",\"name\":\"versiegelung24\",\"url\":\"https:\\\/\\\/www.versiegelung24.com\\\/sl\\\/\",\"logo\":{\"@type\":\"ImageObject\",\"inLanguage\":\"sl-SI\",\"@id\":\"https:\\\/\\\/www.versiegelung24.com\\\/sl\\\/#\\\/schema\\\/logo\\\/image\\\/\",\"url\":\"https:\\\/\\\/www.versiegelung24.com\\\/wp-content\\\/uploads\\\/2020\\\/04\\\/versiegelung24.png\",\"contentUrl\":\"https:\\\/\\\/www.versiegelung24.com\\\/wp-content\\\/uploads\\\/2020\\\/04\\\/versiegelung24.png\",\"width\":470,\"height\":102,\"caption\":\"versiegelung24\"},\"image\":{\"@id\":\"https:\\\/\\\/www.versiegelung24.com\\\/sl\\\/#\\\/schema\\\/logo\\\/image\\\/\"}}]}<\/script>\n<meta property=\"product:price:amount\" content=\"399.00\" \/>\n<meta property=\"product:price:currency\" content=\"EUR\" \/>\n<meta property=\"og:availability\" content=\"instock\" \/>\n<meta property=\"product:availability\" content=\"instock\" \/>\n<meta property=\"product:retailer_item_id\" content=\"BACWB5\" \/>\n<meta property=\"product:condition\" content=\"new\" \/>\n<!-- \/ Yoast SEO Premium plugin. -->","yoast_head_json":{"title":"5 litrov koncentrata BACOBAN\u00ae za 500 litrov dolgotrajne dezinfekcije povr\u0161in - versiegelung24.com","robots":{"index":"index","follow":"follow","max-snippet":"max-snippet:-1","max-image-preview":"max-image-preview:large","max-video-preview":"max-video-preview:-1"},"canonical":"https:\/\/www.versiegelung24.com\/sl\/bacoban-dolgotrajna-povrsinska-dezinfekcija-5-000ml-koncentrat-na-vodni-osnovi.html","og_locale":"sl_SI","og_type":"article","og_title":"5 litrov koncentrata BACOBAN\u00ae za 500 litrov dolgotrajne dezinfekcije povr\u0161in","og_description":"Koncentrat za 500 litrov razku\u017eila na vodni osnovi.","og_url":"https:\/\/www.versiegelung24.com\/sl\/bacoban-dolgotrajna-povrsinska-dezinfekcija-5-000ml-koncentrat-na-vodni-osnovi.html","og_site_name":"versiegelung24.com","article_modified_time":"2025-01-13T15:36:54+00:00","og_image":[{"width":2000,"height":2000,"url":"https:\/\/www.versiegelung24.com\/wp-content\/uploads\/2020\/05\/bacoban-bacwb5-1.png","type":"image\/png"}],"twitter_card":"summary_large_image","twitter_misc":{"Price":"399,00&euro;","Availability":"In stock"},"schema":{"@context":"https:\/\/schema.org","@graph":[{"@type":"WebPage","@id":"https:\/\/www.versiegelung24.com\/sl\/bacoban-dolgotrajna-povrsinska-dezinfekcija-5-000ml-koncentrat-na-vodni-osnovi.html","url":"https:\/\/www.versiegelung24.com\/sl\/bacoban-dolgotrajna-povrsinska-dezinfekcija-5-000ml-koncentrat-na-vodni-osnovi.html","name":"5 litrov koncentrata BACOBAN\u00ae za 500 litrov dolgotrajne dezinfekcije povr\u0161in - versiegelung24.com","isPartOf":{"@id":"https:\/\/www.versiegelung24.com\/sl\/#website"},"primaryImageOfPage":{"@id":"https:\/\/www.versiegelung24.com\/sl\/bacoban-dolgotrajna-povrsinska-dezinfekcija-5-000ml-koncentrat-na-vodni-osnovi.html#primaryimage"},"image":{"@id":"https:\/\/www.versiegelung24.com\/sl\/bacoban-dolgotrajna-povrsinska-dezinfekcija-5-000ml-koncentrat-na-vodni-osnovi.html#primaryimage"},"thumbnailUrl":"https:\/\/www.versiegelung24.com\/wp-content\/uploads\/2020\/05\/bacoban-bacwb5-1.png","datePublished":"2021-08-02T19:35:26+00:00","dateModified":"2025-01-13T15:36:54+00:00","breadcrumb":{"@id":"https:\/\/www.versiegelung24.com\/sl\/bacoban-dolgotrajna-povrsinska-dezinfekcija-5-000ml-koncentrat-na-vodni-osnovi.html#breadcrumb"},"inLanguage":"sl-SI","potentialAction":[{"@type":"ReadAction","target":["https:\/\/www.versiegelung24.com\/sl\/bacoban-dolgotrajna-povrsinska-dezinfekcija-5-000ml-koncentrat-na-vodni-osnovi.html"]}]},{"@type":"ImageObject","inLanguage":"sl-SI","@id":"https:\/\/www.versiegelung24.com\/sl\/bacoban-dolgotrajna-povrsinska-dezinfekcija-5-000ml-koncentrat-na-vodni-osnovi.html#primaryimage","url":"https:\/\/www.versiegelung24.com\/wp-content\/uploads\/2020\/05\/bacoban-bacwb5-1.png","contentUrl":"https:\/\/www.versiegelung24.com\/wp-content\/uploads\/2020\/05\/bacoban-bacwb5-1.png","width":2000,"height":2000},{"@type":"BreadcrumbList","@id":"https:\/\/www.versiegelung24.com\/sl\/bacoban-dolgotrajna-povrsinska-dezinfekcija-5-000ml-koncentrat-na-vodni-osnovi.html#breadcrumb","itemListElement":[{"@type":"ListItem","position":1,"name":"Doma\u010da stran","item":"https:\/\/www.versiegelung24.com\/sl\/spredaj\/"},{"@type":"ListItem","position":2,"name":"Nakupujte","item":"https:\/\/www.versiegelung24.com\/sl\/nakupujte\/"},{"@type":"ListItem","position":3,"name":"5 litrov koncentrata BACOBAN\u00ae za 500 litrov dolgotrajne dezinfekcije povr\u0161in"}]},{"@type":"WebSite","@id":"https:\/\/www.versiegelung24.com\/sl\/#website","url":"https:\/\/www.versiegelung24.com\/sl\/","name":"versiegelung24.com","description":"Fl\u00fcssigglas-Versiegelung - Made in Germany","publisher":{"@id":"https:\/\/www.versiegelung24.com\/sl\/#organization"},"potentialAction":[{"@type":"SearchAction","target":{"@type":"EntryPoint","urlTemplate":"https:\/\/www.versiegelung24.com\/sl\/?s={search_term_string}"},"query-input":{"@type":"PropertyValueSpecification","valueRequired":true,"valueName":"search_term_string"}}],"inLanguage":"sl-SI"},{"@type":"Organization","@id":"https:\/\/www.versiegelung24.com\/sl\/#organization","name":"versiegelung24","url":"https:\/\/www.versiegelung24.com\/sl\/","logo":{"@type":"ImageObject","inLanguage":"sl-SI","@id":"https:\/\/www.versiegelung24.com\/sl\/#\/schema\/logo\/image\/","url":"https:\/\/www.versiegelung24.com\/wp-content\/uploads\/2020\/04\/versiegelung24.png","contentUrl":"https:\/\/www.versiegelung24.com\/wp-content\/uploads\/2020\/04\/versiegelung24.png","width":470,"height":102,"caption":"versiegelung24"},"image":{"@id":"https:\/\/www.versiegelung24.com\/sl\/#\/schema\/logo\/image\/"}}]},"product_price_amount":"399.00","product_price_currency":"EUR","og_availability":"instock","product_availability":"instock","product_retailer_item_id":"BACWB5","product_condition":"new"},"_links":{"self":[{"href":"https:\/\/www.versiegelung24.com\/sl\/wp-json\/wp\/v2\/product\/23417","targetHints":{"allow":["GET"]}}],"collection":[{"href":"https:\/\/www.versiegelung24.com\/sl\/wp-json\/wp\/v2\/product"}],"about":[{"href":"https:\/\/www.versiegelung24.com\/sl\/wp-json\/wp\/v2\/types\/product"}],"version-history":[{"count":25,"href":"https:\/\/www.versiegelung24.com\/sl\/wp-json\/wp\/v2\/product\/23417\/revisions"}],"predecessor-version":[{"id":180517,"href":"https:\/\/www.versiegelung24.com\/sl\/wp-json\/wp\/v2\/product\/23417\/revisions\/180517"}],"wp:featuredmedia":[{"embeddable":true,"href":"https:\/\/www.versiegelung24.com\/sl\/wp-json\/wp\/v2\/media\/15395"}],"wp:attachment":[{"href":"https:\/\/www.versiegelung24.com\/sl\/wp-json\/wp\/v2\/media?parent=23417"}],"wp:term":[{"taxonomy":"product_brand","embeddable":true,"href":"https:\/\/www.versiegelung24.com\/sl\/wp-json\/wp\/v2\/product_brand?post=23417"},{"taxonomy":"product_cat","embeddable":true,"href":"https:\/\/www.versiegelung24.com\/sl\/wp-json\/wp\/v2\/product_cat?post=23417"},{"taxonomy":"product_tag","embeddable":true,"href":"https:\/\/www.versiegelung24.com\/sl\/wp-json\/wp\/v2\/product_tag?post=23417"}],"curies":[{"name":"wp","href":"https:\/\/api.w.org\/{rel}","templated":true}]}}