{"id":23508,"date":"2020-04-04T18:53:44","date_gmt":"2021-08-02T19:40:56","guid":{"rendered":"https:\/\/www.versiegelung24.com\/produkt\/tesnjenje-avtomobilske-barve-in-platisca"},"modified":"2025-01-04T00:14:31","modified_gmt":"2025-01-03T23:14:31","slug":"lakiranje-avtomobilov-in-tesnjenje-platisc","status":"publish","type":"product","link":"https:\/\/www.versiegelung24.com\/sl\/tesnjenje-avtomobila-barve-in-platisca.html","title":{"rendered":"Lakiranje avtomobila in tesnjenje plati\u0161\u010d"},"content":{"rendered":"\n<p><strong>*** Nova razli\u010dica izdelka z izbolj\u0161anim u\u010dinkom *** <\/strong><\/p>\n\n<p><strong>Visoko u\u010dinkovito profesionalno za\u0161\u010ditno tesnilo za avtomobilske barve in aluminijasta plati\u0161\u010da z u\u010dinkom lotosa (vodoodbojnost)<\/strong><\/p>\n\n<p>\u0160tevilka artikla: 2003-7656<\/p>\n\n<p>Visoka kakovost Izdelano v Nem\u010diji.<\/p>\n\n<p>Gladke povr\u0161ine iz plastike, lakiranih povr\u0161in, nerjavnega jekla in kovine imajo hidrofoben in oleofobni u\u010dinek, delci umazanije, kot so ma\u0161\u010dobe, oljne snovi, vodni kamen in snovi iz okolja, pa se manj oprijemajo ali jih je mogo\u010de enostavno odstraniti s premaza, torej brez uporabe. abrazivna sredstva (&#8220;Enostavno \u010di\u0161\u010denje&#8221;)<\/p>\n\n<hr\/>\n\n<h4 class=\"wp-block-heading\" id=\"properties\">Zna\u010dilnosti izdelka<\/h4>\n\n<div class=\"wp-block-columns is-layout-flex wp-container-core-columns-is-layout-9d6595d7 wp-block-columns-is-layout-flex\">\n<div class=\"wp-block-column is-layout-flow wp-block-column-is-layout-flow\">\n<ul class=\"wp-block-list\">\n<li>Izjemen u\u010dinek enostavnega \u010di\u0161\u010denja za oprijem umazanije<\/li>\n\n\n\n<li>Kemi\u010dno odporen na \u010distila za avtomobile (do pH 12)<\/li>\n\n\n\n<li>Hidrofobni in oleofobi\u010dni u\u010dinek (odbojnost vode in olja)<\/li>\n\n\n\n<li>Zelo visoka odpornost proti obrabi zaradi nanotehnologije SiO\u00b2<\/li>\n\n\n\n<li>Pti\u010dji iztrebek, \u017eu\u017eelke in drugo umazanijo je la\u017eje odstraniti<\/li>\n\n\n\n<li>UV stabilen \/ odporen proti zmrzali \/ odporen na slano vodo \/ neviden (debelina sloja: 100-150 nm)<\/li>\n\n\n\n<li>Prihranki stro\u0161kov, \u010dasa in energije zaradi podalj\u0161anih ciklov \u010di\u0161\u010denja<\/li>\n<\/ul>\n<\/div>\n\n\n\n<div class=\"wp-block-column is-layout-flow wp-block-column-is-layout-flow\">\n<ul class=\"wp-block-list\">\n<li>Preprosta aplikacija<\/li>\n\n\n\n<li>Dihljiva<\/li>\n\n\n\n<li>Mo\u010dne lastnosti proti sprijemanju<\/li>\n\n\n\n<li>Obstojnost: do 1 leta (odvisno od uporabe)<\/li>\n<\/ul>\n\n\n\n<p><br\/><br\/><br\/>Poraba: Z 1 litrom lahko zape\u010datite do 200 m\u00b2 Ro\u010dno: 5-10 ml\/m\u00b2 Industrijsko: 10-15 ml\/m\u00b2<\/p>\n\n\n\n<p><br\/><br\/>Obseg dobave: 1 x litrska steklenica 1 x opis izdelka<\/p>\n<\/div>\n<\/div>\n\n<hr\/>\n\n<h4 class=\"wp-block-heading\" id=\"application\">Aplikacija<\/h4>\n\n<div class=\"wp-block-columns is-layout-flex wp-container-core-columns-is-layout-9d6595d7 wp-block-columns-is-layout-flex\">\n<div class=\"wp-block-column is-layout-flow wp-block-column-is-layout-flow\">\n<ul class=\"wp-block-list\">\n<li>avtomobilska barva<\/li>\n\n\n\n<li>aluminijasta plati\u0161\u010da<\/li>\n\n\n\n<li>Poslikana plati\u0161\u010da<\/li>\n\n\n\n<li>lakirani plasti\u010dni nastavki (odbija\u010di, pragovi, spojlerji)<\/li>\n\n\n\n<li>Gladke plasti\u010dne povr\u0161ine<\/li>\n\n\n\n<li>nerjave\u010de jeklo<\/li>\n\n\n\n<li>pleksi steklo<\/li>\n\n\n\n<li>kovinske povr\u0161ine<\/li>\n<\/ul>\n\n\n\n<p>Poraba je odvisna od strukture povr\u0161ine cca 100-200m\u00b2\/liter.<\/p>\n<\/div>\n\n\n\n<div class=\"wp-block-column is-layout-flow wp-block-column-is-layout-flow\">\n<p>Enostaven za nana\u0161anje: <\/p>\n\n\n\n<p><br\/>1. ro\u010dno: Nana\u0161anje s kro\u017enimi gibi s \u010disto krpo iz papirja, platna ali mikrovlaken. 2. industrijsko: Uporablja se lahko v sistemih poliranja in nana\u0161anja z razpr\u0161evanjem.<\/p>\n\n\n\n<p>Ta SiO2 premaz je popolnoma zamre\u017een in strjen po 24 urah. U\u010dinek, ki ga je enostavno o\u010distiti, je mogo\u010de prvi\u010d preizkusiti po tej fazi utrjevanja.<\/p>\n<\/div>\n<\/div>\n","protected":false},"excerpt":{"rendered":"<p><strong>Visoko u\u010dinkovito profesionalno za\u0161\u010ditno tesnilo za avtomobilske barve in aluminijasta plati\u0161\u010da:<\/strong><\/p>\n<p>\u2713 z u\u010dinkom lotosa (vodoodbojnost)<\/p>\n","protected":false},"featured_media":17872,"template":"","meta":{"_acf_changed":false,"neve_meta_sidebar":"","neve_meta_container":"","neve_meta_enable_content_width":"","neve_meta_content_width":0,"neve_meta_title_alignment":"","neve_meta_author_avatar":"","neve_post_elements_order":"","neve_meta_disable_header":"","neve_meta_disable_footer":"","neve_meta_disable_title":"","neve_meta_reading_time":"","_surfaces":[],"_ver_product_tabs":[],"footnotes":""},"product_brand":[],"product_cat":[2176],"product_tag":[],"class_list":{"0":"post-23508","1":"product","2":"type-product","3":"status-publish","4":"has-post-thumbnail","6":"product_cat-tesnjenje-avtomobila","8":"first","9":"instock","10":"taxable","11":"shipping-taxable","12":"purchasable","13":"product-type-simple"},"acf":[],"yoast_head":"<!-- This site is optimized with the Yoast SEO Premium plugin v22.8 (Yoast SEO v27.5) - https:\/\/yoast.com\/product\/yoast-seo-premium-wordpress\/ -->\n<title>Lakiranje avtomobila in tesnjenje plati\u0161\u010d - versiegelung24.com<\/title>\n<meta name=\"robots\" content=\"index, follow, max-snippet:-1, max-image-preview:large, max-video-preview:-1\" \/>\n<link rel=\"canonical\" href=\"https:\/\/www.versiegelung24.com\/sl\/tesnjenje-avtomobila-barve-in-platisca.html\" \/>\n<meta property=\"og:locale\" content=\"sl_SI\" \/>\n<meta property=\"og:type\" content=\"article\" \/>\n<meta property=\"og:title\" content=\"Lakiranje avtomobila in tesnjenje plati\u0161\u010d\" \/>\n<meta property=\"og:description\" content=\"Visoko u\u010dinkovito profesionalno za\u0161\u010ditno tesnilo za avtomobilske barve in aluminijasta plati\u0161\u010da: \u2713 z u\u010dinkom lotosa (vodoodbojnost)\" \/>\n<meta property=\"og:url\" content=\"https:\/\/www.versiegelung24.com\/sl\/tesnjenje-avtomobila-barve-in-platisca.html\" \/>\n<meta property=\"og:site_name\" content=\"versiegelung24.com\" \/>\n<meta property=\"article:modified_time\" content=\"2025-01-03T23:14:31+00:00\" \/>\n<meta property=\"og:image\" content=\"https:\/\/www.versiegelung24.com\/wp-content\/uploads\/2020\/06\/produkt-2003-7656-1000-Autolack-Felgenversiegelung-scaled.jpg\" \/>\n\t<meta property=\"og:image:width\" content=\"2560\" \/>\n\t<meta property=\"og:image:height\" content=\"2560\" \/>\n\t<meta property=\"og:image:type\" content=\"image\/jpeg\" \/>\n<meta name=\"twitter:card\" content=\"summary_large_image\" \/>\n<meta name=\"twitter:label1\" content=\"Price\" \/>\n\t<meta name=\"twitter:data1\" content=\"149,00&euro;\" \/>\n\t<meta name=\"twitter:label2\" content=\"Availability\" \/>\n\t<meta name=\"twitter:data2\" content=\"In stock\" \/>\n<script type=\"application\/ld+json\" class=\"yoast-schema-graph\">{\"@context\":\"https:\\\/\\\/schema.org\",\"@graph\":[{\"@type\":\"WebPage\",\"@id\":\"https:\\\/\\\/www.versiegelung24.com\\\/sl\\\/tesnjenje-avtomobila-barve-in-platisca.html\",\"url\":\"https:\\\/\\\/www.versiegelung24.com\\\/sl\\\/tesnjenje-avtomobila-barve-in-platisca.html\",\"name\":\"Lakiranje avtomobila in tesnjenje plati\u0161\u010d - versiegelung24.com\",\"isPartOf\":{\"@id\":\"https:\\\/\\\/www.versiegelung24.com\\\/sl\\\/#website\"},\"primaryImageOfPage\":{\"@id\":\"https:\\\/\\\/www.versiegelung24.com\\\/sl\\\/tesnjenje-avtomobila-barve-in-platisca.html#primaryimage\"},\"image\":{\"@id\":\"https:\\\/\\\/www.versiegelung24.com\\\/sl\\\/tesnjenje-avtomobila-barve-in-platisca.html#primaryimage\"},\"thumbnailUrl\":\"https:\\\/\\\/www.versiegelung24.com\\\/wp-content\\\/uploads\\\/2020\\\/06\\\/produkt-2003-7656-1000-Autolack-Felgenversiegelung-scaled.jpg\",\"datePublished\":\"2021-08-02T19:40:56+00:00\",\"dateModified\":\"2025-01-03T23:14:31+00:00\",\"breadcrumb\":{\"@id\":\"https:\\\/\\\/www.versiegelung24.com\\\/sl\\\/tesnjenje-avtomobila-barve-in-platisca.html#breadcrumb\"},\"inLanguage\":\"sl-SI\",\"potentialAction\":[{\"@type\":\"ReadAction\",\"target\":[\"https:\\\/\\\/www.versiegelung24.com\\\/sl\\\/tesnjenje-avtomobila-barve-in-platisca.html\"]}]},{\"@type\":\"ImageObject\",\"inLanguage\":\"sl-SI\",\"@id\":\"https:\\\/\\\/www.versiegelung24.com\\\/sl\\\/tesnjenje-avtomobila-barve-in-platisca.html#primaryimage\",\"url\":\"https:\\\/\\\/www.versiegelung24.com\\\/wp-content\\\/uploads\\\/2020\\\/06\\\/produkt-2003-7656-1000-Autolack-Felgenversiegelung-scaled.jpg\",\"contentUrl\":\"https:\\\/\\\/www.versiegelung24.com\\\/wp-content\\\/uploads\\\/2020\\\/06\\\/produkt-2003-7656-1000-Autolack-Felgenversiegelung-scaled.jpg\",\"width\":2560,\"height\":2560},{\"@type\":\"BreadcrumbList\",\"@id\":\"https:\\\/\\\/www.versiegelung24.com\\\/sl\\\/tesnjenje-avtomobila-barve-in-platisca.html#breadcrumb\",\"itemListElement\":[{\"@type\":\"ListItem\",\"position\":1,\"name\":\"Doma\u010da stran\",\"item\":\"https:\\\/\\\/www.versiegelung24.com\\\/sl\\\/spredaj\\\/\"},{\"@type\":\"ListItem\",\"position\":2,\"name\":\"Nakupujte\",\"item\":\"https:\\\/\\\/www.versiegelung24.com\\\/sl\\\/nakupujte\\\/\"},{\"@type\":\"ListItem\",\"position\":3,\"name\":\"Lakiranje avtomobila in tesnjenje plati\u0161\u010d\"}]},{\"@type\":\"WebSite\",\"@id\":\"https:\\\/\\\/www.versiegelung24.com\\\/sl\\\/#website\",\"url\":\"https:\\\/\\\/www.versiegelung24.com\\\/sl\\\/\",\"name\":\"versiegelung24.com\",\"description\":\"Fl\u00fcssigglas-Versiegelung - Made in Germany\",\"publisher\":{\"@id\":\"https:\\\/\\\/www.versiegelung24.com\\\/sl\\\/#organization\"},\"potentialAction\":[{\"@type\":\"SearchAction\",\"target\":{\"@type\":\"EntryPoint\",\"urlTemplate\":\"https:\\\/\\\/www.versiegelung24.com\\\/sl\\\/?s={search_term_string}\"},\"query-input\":{\"@type\":\"PropertyValueSpecification\",\"valueRequired\":true,\"valueName\":\"search_term_string\"}}],\"inLanguage\":\"sl-SI\"},{\"@type\":\"Organization\",\"@id\":\"https:\\\/\\\/www.versiegelung24.com\\\/sl\\\/#organization\",\"name\":\"versiegelung24\",\"url\":\"https:\\\/\\\/www.versiegelung24.com\\\/sl\\\/\",\"logo\":{\"@type\":\"ImageObject\",\"inLanguage\":\"sl-SI\",\"@id\":\"https:\\\/\\\/www.versiegelung24.com\\\/sl\\\/#\\\/schema\\\/logo\\\/image\\\/\",\"url\":\"https:\\\/\\\/www.versiegelung24.com\\\/wp-content\\\/uploads\\\/2020\\\/04\\\/versiegelung24.png\",\"contentUrl\":\"https:\\\/\\\/www.versiegelung24.com\\\/wp-content\\\/uploads\\\/2020\\\/04\\\/versiegelung24.png\",\"width\":470,\"height\":102,\"caption\":\"versiegelung24\"},\"image\":{\"@id\":\"https:\\\/\\\/www.versiegelung24.com\\\/sl\\\/#\\\/schema\\\/logo\\\/image\\\/\"}}]}<\/script>\n<meta property=\"product:price:amount\" content=\"149.00\" \/>\n<meta property=\"product:price:currency\" content=\"EUR\" \/>\n<meta property=\"og:availability\" content=\"instock\" \/>\n<meta property=\"product:availability\" content=\"instock\" \/>\n<meta property=\"product:retailer_item_id\" content=\"2003-7656-1000\" \/>\n<meta property=\"product:condition\" content=\"new\" \/>\n<!-- \/ Yoast SEO Premium plugin. -->","yoast_head_json":{"title":"Lakiranje avtomobila in tesnjenje plati\u0161\u010d - versiegelung24.com","robots":{"index":"index","follow":"follow","max-snippet":"max-snippet:-1","max-image-preview":"max-image-preview:large","max-video-preview":"max-video-preview:-1"},"canonical":"https:\/\/www.versiegelung24.com\/sl\/tesnjenje-avtomobila-barve-in-platisca.html","og_locale":"sl_SI","og_type":"article","og_title":"Lakiranje avtomobila in tesnjenje plati\u0161\u010d","og_description":"Visoko u\u010dinkovito profesionalno za\u0161\u010ditno tesnilo za avtomobilske barve in aluminijasta plati\u0161\u010da: \u2713 z u\u010dinkom lotosa (vodoodbojnost)","og_url":"https:\/\/www.versiegelung24.com\/sl\/tesnjenje-avtomobila-barve-in-platisca.html","og_site_name":"versiegelung24.com","article_modified_time":"2025-01-03T23:14:31+00:00","og_image":[{"width":2560,"height":2560,"url":"https:\/\/www.versiegelung24.com\/wp-content\/uploads\/2020\/06\/produkt-2003-7656-1000-Autolack-Felgenversiegelung-scaled.jpg","type":"image\/jpeg"}],"twitter_card":"summary_large_image","twitter_misc":{"Price":"149,00&euro;","Availability":"In stock"},"schema":{"@context":"https:\/\/schema.org","@graph":[{"@type":"WebPage","@id":"https:\/\/www.versiegelung24.com\/sl\/tesnjenje-avtomobila-barve-in-platisca.html","url":"https:\/\/www.versiegelung24.com\/sl\/tesnjenje-avtomobila-barve-in-platisca.html","name":"Lakiranje avtomobila in tesnjenje plati\u0161\u010d - versiegelung24.com","isPartOf":{"@id":"https:\/\/www.versiegelung24.com\/sl\/#website"},"primaryImageOfPage":{"@id":"https:\/\/www.versiegelung24.com\/sl\/tesnjenje-avtomobila-barve-in-platisca.html#primaryimage"},"image":{"@id":"https:\/\/www.versiegelung24.com\/sl\/tesnjenje-avtomobila-barve-in-platisca.html#primaryimage"},"thumbnailUrl":"https:\/\/www.versiegelung24.com\/wp-content\/uploads\/2020\/06\/produkt-2003-7656-1000-Autolack-Felgenversiegelung-scaled.jpg","datePublished":"2021-08-02T19:40:56+00:00","dateModified":"2025-01-03T23:14:31+00:00","breadcrumb":{"@id":"https:\/\/www.versiegelung24.com\/sl\/tesnjenje-avtomobila-barve-in-platisca.html#breadcrumb"},"inLanguage":"sl-SI","potentialAction":[{"@type":"ReadAction","target":["https:\/\/www.versiegelung24.com\/sl\/tesnjenje-avtomobila-barve-in-platisca.html"]}]},{"@type":"ImageObject","inLanguage":"sl-SI","@id":"https:\/\/www.versiegelung24.com\/sl\/tesnjenje-avtomobila-barve-in-platisca.html#primaryimage","url":"https:\/\/www.versiegelung24.com\/wp-content\/uploads\/2020\/06\/produkt-2003-7656-1000-Autolack-Felgenversiegelung-scaled.jpg","contentUrl":"https:\/\/www.versiegelung24.com\/wp-content\/uploads\/2020\/06\/produkt-2003-7656-1000-Autolack-Felgenversiegelung-scaled.jpg","width":2560,"height":2560},{"@type":"BreadcrumbList","@id":"https:\/\/www.versiegelung24.com\/sl\/tesnjenje-avtomobila-barve-in-platisca.html#breadcrumb","itemListElement":[{"@type":"ListItem","position":1,"name":"Doma\u010da stran","item":"https:\/\/www.versiegelung24.com\/sl\/spredaj\/"},{"@type":"ListItem","position":2,"name":"Nakupujte","item":"https:\/\/www.versiegelung24.com\/sl\/nakupujte\/"},{"@type":"ListItem","position":3,"name":"Lakiranje avtomobila in tesnjenje plati\u0161\u010d"}]},{"@type":"WebSite","@id":"https:\/\/www.versiegelung24.com\/sl\/#website","url":"https:\/\/www.versiegelung24.com\/sl\/","name":"versiegelung24.com","description":"Fl\u00fcssigglas-Versiegelung - Made in Germany","publisher":{"@id":"https:\/\/www.versiegelung24.com\/sl\/#organization"},"potentialAction":[{"@type":"SearchAction","target":{"@type":"EntryPoint","urlTemplate":"https:\/\/www.versiegelung24.com\/sl\/?s={search_term_string}"},"query-input":{"@type":"PropertyValueSpecification","valueRequired":true,"valueName":"search_term_string"}}],"inLanguage":"sl-SI"},{"@type":"Organization","@id":"https:\/\/www.versiegelung24.com\/sl\/#organization","name":"versiegelung24","url":"https:\/\/www.versiegelung24.com\/sl\/","logo":{"@type":"ImageObject","inLanguage":"sl-SI","@id":"https:\/\/www.versiegelung24.com\/sl\/#\/schema\/logo\/image\/","url":"https:\/\/www.versiegelung24.com\/wp-content\/uploads\/2020\/04\/versiegelung24.png","contentUrl":"https:\/\/www.versiegelung24.com\/wp-content\/uploads\/2020\/04\/versiegelung24.png","width":470,"height":102,"caption":"versiegelung24"},"image":{"@id":"https:\/\/www.versiegelung24.com\/sl\/#\/schema\/logo\/image\/"}}]},"product_price_amount":"149.00","product_price_currency":"EUR","og_availability":"instock","product_availability":"instock","product_retailer_item_id":"2003-7656-1000","product_condition":"new"},"_links":{"self":[{"href":"https:\/\/www.versiegelung24.com\/sl\/wp-json\/wp\/v2\/product\/23508","targetHints":{"allow":["GET"]}}],"collection":[{"href":"https:\/\/www.versiegelung24.com\/sl\/wp-json\/wp\/v2\/product"}],"about":[{"href":"https:\/\/www.versiegelung24.com\/sl\/wp-json\/wp\/v2\/types\/product"}],"version-history":[{"count":15,"href":"https:\/\/www.versiegelung24.com\/sl\/wp-json\/wp\/v2\/product\/23508\/revisions"}],"predecessor-version":[{"id":177917,"href":"https:\/\/www.versiegelung24.com\/sl\/wp-json\/wp\/v2\/product\/23508\/revisions\/177917"}],"wp:featuredmedia":[{"embeddable":true,"href":"https:\/\/www.versiegelung24.com\/sl\/wp-json\/wp\/v2\/media\/17872"}],"wp:attachment":[{"href":"https:\/\/www.versiegelung24.com\/sl\/wp-json\/wp\/v2\/media?parent=23508"}],"wp:term":[{"taxonomy":"product_brand","embeddable":true,"href":"https:\/\/www.versiegelung24.com\/sl\/wp-json\/wp\/v2\/product_brand?post=23508"},{"taxonomy":"product_cat","embeddable":true,"href":"https:\/\/www.versiegelung24.com\/sl\/wp-json\/wp\/v2\/product_cat?post=23508"},{"taxonomy":"product_tag","embeddable":true,"href":"https:\/\/www.versiegelung24.com\/sl\/wp-json\/wp\/v2\/product_tag?post=23508"}],"curies":[{"name":"wp","href":"https:\/\/api.w.org\/{rel}","templated":true}]}}