{"id":23590,"date":"2020-04-04T18:53:44","date_gmt":"2021-08-02T19:46:46","guid":{"rendered":"https:\/\/www.versiegelung24.com\/produkt\/univerzalno-tesnilo-673-za-trde-vpojne-povrsine-barva-plastika-steklo-keramika-kovina-nerjavno-jeklo"},"modified":"2025-01-04T00:13:30","modified_gmt":"2025-01-03T23:13:30","slug":"univerzalno-tesnjenje-673-za-trde-ne-vpojne-povrsine-laki-plastika-steklo-keramika-kovina-nerjavno-jeklo","status":"publish","type":"product","link":"https:\/\/www.versiegelung24.com\/sl\/univerzalno-tesnjenje-673-za-trde-ne-vpojne-povrsine-laki-plastika-steklo-keramika-kovina-nerjavno-jeklo.html","title":{"rendered":"Univerzalno tesnilo 673 za &#8220;trde&#8221; \/ vpojne povr\u0161ine (barva \/ plastika +++, steklo \/ keramika ++, kovina \/ nerjavno jeklo ++)"},"content":{"rendered":"\n<p><strong>Univerzalno tesnilo za &#8220;trde&#8221; \/ neabsorbirajo\u010de povr\u0161ine v profesionalni kakovosti &#8211; Made in Germany<\/strong><\/p>\n\n<p>Idealno za plastiko in barvane povr\u0161ine (polo\u017eljive), lahko se uporablja tudi za steklo \/ keramiko; Kovina in nerjavno jeklo<\/p>\n\n<p>\u0160tevilka izdelka: 4004-673<\/p>\n\n<p>Visoka kakovost izdelana v Nem\u010diji<\/p>\n\n<p><strong>V24 univerzalno tesnilo 4004-673<\/strong> je sistem na osnovi alkohola, ki ustvarja za\u010dasen u\u010dinek, ki ga je enostavno o\u010distiti na steklenih in kerami\u010dnih povr\u0161inah ter na nekaterih kovinskih povr\u0161inah (krom, nerjavno jeklo, aluminij). Odrgnjen material tvori tanek film na povr\u0161ini, ki zmanj\u0161a oprijem umazanije in tujkov ter omogo\u010da preprosto odtekanje vode. Premazane povr\u0161ine je \u0161e posebej enostavno o\u010distiti in manj umazati.<\/p>\n\n<hr\/>\n\n<h4 class=\"wp-block-heading\" id=\"properties\">Zna\u010dilnosti izdelka<\/h4>\n\n<div class=\"wp-block-columns is-layout-flex wp-container-core-columns-is-layout-9d6595d7 wp-block-columns-is-layout-flex\">\n<div class=\"wp-block-column is-layout-flow wp-block-column-is-layout-flow\">\n<figure class=\"wp-block-table is-style-stripes\"><table><tbody><tr><td class=\"has-text-align-center\" data-align=\"center\">Kemija:<\/td><td class=\"has-text-align-center\" data-align=\"center\">Anorgansko-organski polimer, brez halogenov, brez fluora<\/td><\/tr><tr><td class=\"has-text-align-center\" data-align=\"center\">Opis:<\/td><td class=\"has-text-align-center\" data-align=\"center\">Univerzalna tesnilna masa<\/td><\/tr><tr><td class=\"has-text-align-center\" data-align=\"center\">Videz:<\/td><td class=\"has-text-align-center\" data-align=\"center\">Teko\u010dina, brezbarvna &#8211; roza<\/td><\/tr><tr><td class=\"has-text-align-center\" data-align=\"center\">red\u010denje: <\/td><td class=\"has-text-align-center\" data-align=\"center\">Razred\u010deno pripravljeno za uporabo<\/td><\/tr><tr><td class=\"has-text-align-center\" data-align=\"center\">koncentracija: <\/td><td class=\"has-text-align-center\" data-align=\"center\">0,5-1,5 % te\u017ee<\/td><\/tr><tr><td class=\"has-text-align-center\" data-align=\"center\">Ravnanje:<\/td><td class=\"has-text-align-center\" data-align=\"center\">Pomembne informacije o rokovanju in varnosti najdete v trenutnem varnostnem listu. Med obdelavo je treba uporabljati ustrezno osebno za\u0161\u010ditno opremo.<\/td><\/tr><\/tbody><\/table><\/figure>\n<\/div>\n\n\n\n<div class=\"wp-block-column is-layout-flow wp-block-column-is-layout-flow\">\n<p><br\/><br\/>Obseg dobave: 1 x litrska steklenica 1 x razpr\u0161ilna glava \u010drpalke<\/p>\n<\/div>\n<\/div>\n\n<hr\/>\n\n<h4 class=\"wp-block-heading\" id=\"h-ratgeber\">Svetovalec<\/h4>\n\n<p>Na\u0161a univerzalna tesnila so \u0161e posebej primerna za sektor &#8220;naredi sam&#8221;.<\/p>\n\n<p>Zdru\u017eujejo profesionalni na\u010din delovanja na razli\u010dnih povr\u0161inah z enostavnim rokovanjem med nanosom. In vse to brez ve\u010djih kompromisov glede kakovosti.<\/p>\n\n<p>Na ta na\u010din lahko z eno samo univerzalno tesnilno maso nanesemo na ve\u010d materialov ter dose\u017eemo tudi visokokakovosten u\u010dinek in dolgo obstojnost.<\/p>\n\n<p>Vendar pa za komercialne in industrijske aplikacije, kjer je treba dose\u010di najvi\u0161jo mo\u017eno raven u\u010dinkovitosti na dolo\u010deni povr\u0161ini, priporo\u010damo uporabo na\u0161ih posebnih premazov za to povr\u0161ino.<\/p>\n","protected":false},"excerpt":{"rendered":"<p><strong>Visoko u\u010dinkovito profesionalno univerzalno tesnilo za &#8220;trde&#8221;\/nevpojne povr\u0161ine, kot so:<\/strong><\/p>\n<p>\u2713 Steklo<\/p>\n<p>\u2713 Kerami\u010dne povr\u0161ine<\/p>\n<p>\u2713 Plasti\u010dne povr\u0161ine<\/p>\n<p>\u2713 Kovinske povr\u0161ine<\/p>\n<p>\u2713 Z u\u010dinkom, ki ga je enostavno o\u010distiti<\/p>\n","protected":false},"featured_media":18228,"template":"","meta":{"_acf_changed":false,"neve_meta_sidebar":"","neve_meta_container":"","neve_meta_enable_content_width":"","neve_meta_content_width":0,"neve_meta_title_alignment":"","neve_meta_author_avatar":"","neve_post_elements_order":"","neve_meta_disable_header":"","neve_meta_disable_footer":"","neve_meta_disable_title":"","neve_meta_reading_time":"","_surfaces":[],"_ver_product_tabs":[],"footnotes":""},"product_brand":[],"product_cat":[2525],"product_tag":[],"class_list":{"0":"post-23590","1":"product","2":"type-product","3":"status-publish","4":"has-post-thumbnail","6":"product_cat-univerzalno-tesnilo","8":"first","9":"instock","10":"taxable","11":"shipping-taxable","12":"purchasable","13":"product-type-simple"},"acf":[],"yoast_head":"<!-- This site is optimized with the Yoast SEO Premium plugin v22.8 (Yoast SEO v27.3) - https:\/\/yoast.com\/product\/yoast-seo-premium-wordpress\/ -->\n<title>Univerzalno tesnilo 673 za &quot;trde&quot; \/ vpojne povr\u0161ine (barva \/ plastika +++, steklo \/ keramika ++, kovina \/ nerjavno jeklo ++) - versiegelung24.com<\/title>\n<meta name=\"robots\" content=\"index, follow, max-snippet:-1, max-image-preview:large, max-video-preview:-1\" \/>\n<link rel=\"canonical\" href=\"https:\/\/www.versiegelung24.com\/sl\/univerzalno-tesnjenje-673-za-trde-ne-vpojne-povrsine-laki-plastika-steklo-keramika-kovina-nerjavno-jeklo.html\" \/>\n<meta property=\"og:locale\" content=\"sl_SI\" \/>\n<meta property=\"og:type\" content=\"article\" \/>\n<meta property=\"og:title\" content=\"Univerzalno tesnilo 673 za &quot;trde&quot; \/ vpojne povr\u0161ine (barva \/ plastika +++, steklo \/ keramika ++, kovina \/ nerjavno jeklo ++)\" \/>\n<meta property=\"og:description\" content=\"Visoko u\u010dinkovito profesionalno univerzalno tesnilo za &quot;trde&quot;\/nevpojne povr\u0161ine, kot so: \u2713 Steklo \u2713 Kerami\u010dne povr\u0161ine \u2713 Plasti\u010dne povr\u0161ine \u2713 Kovinske povr\u0161ine \u2713 Z u\u010dinkom, ki ga je enostavno o\u010distiti\" \/>\n<meta property=\"og:url\" content=\"https:\/\/www.versiegelung24.com\/sl\/univerzalno-tesnjenje-673-za-trde-ne-vpojne-povrsine-laki-plastika-steklo-keramika-kovina-nerjavno-jeklo.html\" \/>\n<meta property=\"og:site_name\" content=\"versiegelung24.com\" \/>\n<meta property=\"article:modified_time\" content=\"2025-01-03T23:13:30+00:00\" \/>\n<meta property=\"og:image\" content=\"https:\/\/www.versiegelung24.com\/wp-content\/uploads\/2020\/06\/produkt-4004-673-1000-Universalversiegelung-673-scaled.jpg\" \/>\n\t<meta property=\"og:image:width\" content=\"2560\" \/>\n\t<meta property=\"og:image:height\" content=\"2560\" \/>\n\t<meta property=\"og:image:type\" content=\"image\/jpeg\" \/>\n<meta name=\"twitter:card\" content=\"summary_large_image\" \/>\n<meta name=\"twitter:label1\" content=\"Price\" \/>\n\t<meta name=\"twitter:data1\" content=\"99,00&euro;\" \/>\n\t<meta name=\"twitter:label2\" content=\"Availability\" \/>\n\t<meta name=\"twitter:data2\" content=\"In stock\" \/>\n<script type=\"application\/ld+json\" class=\"yoast-schema-graph\">{\"@context\":\"https:\\\/\\\/schema.org\",\"@graph\":[{\"@type\":\"WebPage\",\"@id\":\"https:\\\/\\\/www.versiegelung24.com\\\/sl\\\/univerzalno-tesnjenje-673-za-trde-ne-vpojne-povrsine-laki-plastika-steklo-keramika-kovina-nerjavno-jeklo.html\",\"url\":\"https:\\\/\\\/www.versiegelung24.com\\\/sl\\\/univerzalno-tesnjenje-673-za-trde-ne-vpojne-povrsine-laki-plastika-steklo-keramika-kovina-nerjavno-jeklo.html\",\"name\":\"Univerzalno tesnilo 673 za \\\"trde\\\" \\\/ vpojne povr\u0161ine (barva \\\/ plastika +++, steklo \\\/ keramika ++, kovina \\\/ nerjavno jeklo ++) - versiegelung24.com\",\"isPartOf\":{\"@id\":\"https:\\\/\\\/www.versiegelung24.com\\\/sl\\\/#website\"},\"primaryImageOfPage\":{\"@id\":\"https:\\\/\\\/www.versiegelung24.com\\\/sl\\\/univerzalno-tesnjenje-673-za-trde-ne-vpojne-povrsine-laki-plastika-steklo-keramika-kovina-nerjavno-jeklo.html#primaryimage\"},\"image\":{\"@id\":\"https:\\\/\\\/www.versiegelung24.com\\\/sl\\\/univerzalno-tesnjenje-673-za-trde-ne-vpojne-povrsine-laki-plastika-steklo-keramika-kovina-nerjavno-jeklo.html#primaryimage\"},\"thumbnailUrl\":\"https:\\\/\\\/www.versiegelung24.com\\\/wp-content\\\/uploads\\\/2020\\\/06\\\/produkt-4004-673-1000-Universalversiegelung-673-scaled.jpg\",\"datePublished\":\"2021-08-02T19:46:46+00:00\",\"dateModified\":\"2025-01-03T23:13:30+00:00\",\"breadcrumb\":{\"@id\":\"https:\\\/\\\/www.versiegelung24.com\\\/sl\\\/univerzalno-tesnjenje-673-za-trde-ne-vpojne-povrsine-laki-plastika-steklo-keramika-kovina-nerjavno-jeklo.html#breadcrumb\"},\"inLanguage\":\"sl-SI\",\"potentialAction\":[{\"@type\":\"ReadAction\",\"target\":[\"https:\\\/\\\/www.versiegelung24.com\\\/sl\\\/univerzalno-tesnjenje-673-za-trde-ne-vpojne-povrsine-laki-plastika-steklo-keramika-kovina-nerjavno-jeklo.html\"]}]},{\"@type\":\"ImageObject\",\"inLanguage\":\"sl-SI\",\"@id\":\"https:\\\/\\\/www.versiegelung24.com\\\/sl\\\/univerzalno-tesnjenje-673-za-trde-ne-vpojne-povrsine-laki-plastika-steklo-keramika-kovina-nerjavno-jeklo.html#primaryimage\",\"url\":\"https:\\\/\\\/www.versiegelung24.com\\\/wp-content\\\/uploads\\\/2020\\\/06\\\/produkt-4004-673-1000-Universalversiegelung-673-scaled.jpg\",\"contentUrl\":\"https:\\\/\\\/www.versiegelung24.com\\\/wp-content\\\/uploads\\\/2020\\\/06\\\/produkt-4004-673-1000-Universalversiegelung-673-scaled.jpg\",\"width\":2560,\"height\":2560},{\"@type\":\"BreadcrumbList\",\"@id\":\"https:\\\/\\\/www.versiegelung24.com\\\/sl\\\/univerzalno-tesnjenje-673-za-trde-ne-vpojne-povrsine-laki-plastika-steklo-keramika-kovina-nerjavno-jeklo.html#breadcrumb\",\"itemListElement\":[{\"@type\":\"ListItem\",\"position\":1,\"name\":\"Doma\u010da stran\",\"item\":\"https:\\\/\\\/www.versiegelung24.com\\\/sl\\\/spredaj\\\/\"},{\"@type\":\"ListItem\",\"position\":2,\"name\":\"Nakupujte\",\"item\":\"https:\\\/\\\/www.versiegelung24.com\\\/sl\\\/nakupujte\\\/\"},{\"@type\":\"ListItem\",\"position\":3,\"name\":\"Univerzalno tesnilo 673 za &#8220;trde&#8221; \\\/ vpojne povr\u0161ine (barva \\\/ plastika +++, steklo \\\/ keramika ++, kovina \\\/ nerjavno jeklo ++)\"}]},{\"@type\":\"WebSite\",\"@id\":\"https:\\\/\\\/www.versiegelung24.com\\\/sl\\\/#website\",\"url\":\"https:\\\/\\\/www.versiegelung24.com\\\/sl\\\/\",\"name\":\"versiegelung24.com\",\"description\":\"Fl\u00fcssigglas-Versiegelung - Made in Germany\",\"publisher\":{\"@id\":\"https:\\\/\\\/www.versiegelung24.com\\\/sl\\\/#organization\"},\"potentialAction\":[{\"@type\":\"SearchAction\",\"target\":{\"@type\":\"EntryPoint\",\"urlTemplate\":\"https:\\\/\\\/www.versiegelung24.com\\\/sl\\\/?s={search_term_string}\"},\"query-input\":{\"@type\":\"PropertyValueSpecification\",\"valueRequired\":true,\"valueName\":\"search_term_string\"}}],\"inLanguage\":\"sl-SI\"},{\"@type\":\"Organization\",\"@id\":\"https:\\\/\\\/www.versiegelung24.com\\\/sl\\\/#organization\",\"name\":\"versiegelung24\",\"url\":\"https:\\\/\\\/www.versiegelung24.com\\\/sl\\\/\",\"logo\":{\"@type\":\"ImageObject\",\"inLanguage\":\"sl-SI\",\"@id\":\"https:\\\/\\\/www.versiegelung24.com\\\/sl\\\/#\\\/schema\\\/logo\\\/image\\\/\",\"url\":\"https:\\\/\\\/www.versiegelung24.com\\\/wp-content\\\/uploads\\\/2020\\\/04\\\/versiegelung24.png\",\"contentUrl\":\"https:\\\/\\\/www.versiegelung24.com\\\/wp-content\\\/uploads\\\/2020\\\/04\\\/versiegelung24.png\",\"width\":470,\"height\":102,\"caption\":\"versiegelung24\"},\"image\":{\"@id\":\"https:\\\/\\\/www.versiegelung24.com\\\/sl\\\/#\\\/schema\\\/logo\\\/image\\\/\"}}]}<\/script>\n<meta property=\"product:price:amount\" content=\"99.00\" \/>\n<meta property=\"product:price:currency\" content=\"EUR\" \/>\n<meta property=\"og:availability\" content=\"instock\" \/>\n<meta property=\"product:availability\" content=\"instock\" \/>\n<meta property=\"product:retailer_item_id\" content=\"4004-673-1000\" \/>\n<meta property=\"product:condition\" content=\"new\" \/>\n<!-- \/ Yoast SEO Premium plugin. -->","yoast_head_json":{"title":"Univerzalno tesnilo 673 za \"trde\" \/ vpojne povr\u0161ine (barva \/ plastika +++, steklo \/ keramika ++, kovina \/ nerjavno jeklo ++) - versiegelung24.com","robots":{"index":"index","follow":"follow","max-snippet":"max-snippet:-1","max-image-preview":"max-image-preview:large","max-video-preview":"max-video-preview:-1"},"canonical":"https:\/\/www.versiegelung24.com\/sl\/univerzalno-tesnjenje-673-za-trde-ne-vpojne-povrsine-laki-plastika-steklo-keramika-kovina-nerjavno-jeklo.html","og_locale":"sl_SI","og_type":"article","og_title":"Univerzalno tesnilo 673 za \"trde\" \/ vpojne povr\u0161ine (barva \/ plastika +++, steklo \/ keramika ++, kovina \/ nerjavno jeklo ++)","og_description":"Visoko u\u010dinkovito profesionalno univerzalno tesnilo za \"trde\"\/nevpojne povr\u0161ine, kot so: \u2713 Steklo \u2713 Kerami\u010dne povr\u0161ine \u2713 Plasti\u010dne povr\u0161ine \u2713 Kovinske povr\u0161ine \u2713 Z u\u010dinkom, ki ga je enostavno o\u010distiti","og_url":"https:\/\/www.versiegelung24.com\/sl\/univerzalno-tesnjenje-673-za-trde-ne-vpojne-povrsine-laki-plastika-steklo-keramika-kovina-nerjavno-jeklo.html","og_site_name":"versiegelung24.com","article_modified_time":"2025-01-03T23:13:30+00:00","og_image":[{"width":2560,"height":2560,"url":"https:\/\/www.versiegelung24.com\/wp-content\/uploads\/2020\/06\/produkt-4004-673-1000-Universalversiegelung-673-scaled.jpg","type":"image\/jpeg"}],"twitter_card":"summary_large_image","twitter_misc":{"Price":"99,00&euro;","Availability":"In stock"},"schema":{"@context":"https:\/\/schema.org","@graph":[{"@type":"WebPage","@id":"https:\/\/www.versiegelung24.com\/sl\/univerzalno-tesnjenje-673-za-trde-ne-vpojne-povrsine-laki-plastika-steklo-keramika-kovina-nerjavno-jeklo.html","url":"https:\/\/www.versiegelung24.com\/sl\/univerzalno-tesnjenje-673-za-trde-ne-vpojne-povrsine-laki-plastika-steklo-keramika-kovina-nerjavno-jeklo.html","name":"Univerzalno tesnilo 673 za \"trde\" \/ vpojne povr\u0161ine (barva \/ plastika +++, steklo \/ keramika ++, kovina \/ nerjavno jeklo ++) - versiegelung24.com","isPartOf":{"@id":"https:\/\/www.versiegelung24.com\/sl\/#website"},"primaryImageOfPage":{"@id":"https:\/\/www.versiegelung24.com\/sl\/univerzalno-tesnjenje-673-za-trde-ne-vpojne-povrsine-laki-plastika-steklo-keramika-kovina-nerjavno-jeklo.html#primaryimage"},"image":{"@id":"https:\/\/www.versiegelung24.com\/sl\/univerzalno-tesnjenje-673-za-trde-ne-vpojne-povrsine-laki-plastika-steklo-keramika-kovina-nerjavno-jeklo.html#primaryimage"},"thumbnailUrl":"https:\/\/www.versiegelung24.com\/wp-content\/uploads\/2020\/06\/produkt-4004-673-1000-Universalversiegelung-673-scaled.jpg","datePublished":"2021-08-02T19:46:46+00:00","dateModified":"2025-01-03T23:13:30+00:00","breadcrumb":{"@id":"https:\/\/www.versiegelung24.com\/sl\/univerzalno-tesnjenje-673-za-trde-ne-vpojne-povrsine-laki-plastika-steklo-keramika-kovina-nerjavno-jeklo.html#breadcrumb"},"inLanguage":"sl-SI","potentialAction":[{"@type":"ReadAction","target":["https:\/\/www.versiegelung24.com\/sl\/univerzalno-tesnjenje-673-za-trde-ne-vpojne-povrsine-laki-plastika-steklo-keramika-kovina-nerjavno-jeklo.html"]}]},{"@type":"ImageObject","inLanguage":"sl-SI","@id":"https:\/\/www.versiegelung24.com\/sl\/univerzalno-tesnjenje-673-za-trde-ne-vpojne-povrsine-laki-plastika-steklo-keramika-kovina-nerjavno-jeklo.html#primaryimage","url":"https:\/\/www.versiegelung24.com\/wp-content\/uploads\/2020\/06\/produkt-4004-673-1000-Universalversiegelung-673-scaled.jpg","contentUrl":"https:\/\/www.versiegelung24.com\/wp-content\/uploads\/2020\/06\/produkt-4004-673-1000-Universalversiegelung-673-scaled.jpg","width":2560,"height":2560},{"@type":"BreadcrumbList","@id":"https:\/\/www.versiegelung24.com\/sl\/univerzalno-tesnjenje-673-za-trde-ne-vpojne-povrsine-laki-plastika-steklo-keramika-kovina-nerjavno-jeklo.html#breadcrumb","itemListElement":[{"@type":"ListItem","position":1,"name":"Doma\u010da stran","item":"https:\/\/www.versiegelung24.com\/sl\/spredaj\/"},{"@type":"ListItem","position":2,"name":"Nakupujte","item":"https:\/\/www.versiegelung24.com\/sl\/nakupujte\/"},{"@type":"ListItem","position":3,"name":"Univerzalno tesnilo 673 za &#8220;trde&#8221; \/ vpojne povr\u0161ine (barva \/ plastika +++, steklo \/ keramika ++, kovina \/ nerjavno jeklo ++)"}]},{"@type":"WebSite","@id":"https:\/\/www.versiegelung24.com\/sl\/#website","url":"https:\/\/www.versiegelung24.com\/sl\/","name":"versiegelung24.com","description":"Fl\u00fcssigglas-Versiegelung - Made in Germany","publisher":{"@id":"https:\/\/www.versiegelung24.com\/sl\/#organization"},"potentialAction":[{"@type":"SearchAction","target":{"@type":"EntryPoint","urlTemplate":"https:\/\/www.versiegelung24.com\/sl\/?s={search_term_string}"},"query-input":{"@type":"PropertyValueSpecification","valueRequired":true,"valueName":"search_term_string"}}],"inLanguage":"sl-SI"},{"@type":"Organization","@id":"https:\/\/www.versiegelung24.com\/sl\/#organization","name":"versiegelung24","url":"https:\/\/www.versiegelung24.com\/sl\/","logo":{"@type":"ImageObject","inLanguage":"sl-SI","@id":"https:\/\/www.versiegelung24.com\/sl\/#\/schema\/logo\/image\/","url":"https:\/\/www.versiegelung24.com\/wp-content\/uploads\/2020\/04\/versiegelung24.png","contentUrl":"https:\/\/www.versiegelung24.com\/wp-content\/uploads\/2020\/04\/versiegelung24.png","width":470,"height":102,"caption":"versiegelung24"},"image":{"@id":"https:\/\/www.versiegelung24.com\/sl\/#\/schema\/logo\/image\/"}}]},"product_price_amount":"99.00","product_price_currency":"EUR","og_availability":"instock","product_availability":"instock","product_retailer_item_id":"4004-673-1000","product_condition":"new"},"_links":{"self":[{"href":"https:\/\/www.versiegelung24.com\/sl\/wp-json\/wp\/v2\/product\/23590","targetHints":{"allow":["GET"]}}],"collection":[{"href":"https:\/\/www.versiegelung24.com\/sl\/wp-json\/wp\/v2\/product"}],"about":[{"href":"https:\/\/www.versiegelung24.com\/sl\/wp-json\/wp\/v2\/types\/product"}],"version-history":[{"count":15,"href":"https:\/\/www.versiegelung24.com\/sl\/wp-json\/wp\/v2\/product\/23590\/revisions"}],"predecessor-version":[{"id":177895,"href":"https:\/\/www.versiegelung24.com\/sl\/wp-json\/wp\/v2\/product\/23590\/revisions\/177895"}],"wp:featuredmedia":[{"embeddable":true,"href":"https:\/\/www.versiegelung24.com\/sl\/wp-json\/wp\/v2\/media\/18228"}],"wp:attachment":[{"href":"https:\/\/www.versiegelung24.com\/sl\/wp-json\/wp\/v2\/media?parent=23590"}],"wp:term":[{"taxonomy":"product_brand","embeddable":true,"href":"https:\/\/www.versiegelung24.com\/sl\/wp-json\/wp\/v2\/product_brand?post=23590"},{"taxonomy":"product_cat","embeddable":true,"href":"https:\/\/www.versiegelung24.com\/sl\/wp-json\/wp\/v2\/product_cat?post=23590"},{"taxonomy":"product_tag","embeddable":true,"href":"https:\/\/www.versiegelung24.com\/sl\/wp-json\/wp\/v2\/product_tag?post=23590"}],"curies":[{"name":"wp","href":"https:\/\/api.w.org\/{rel}","templated":true}]}}