{"id":23624,"date":"2020-04-04T18:53:41","date_gmt":"2020-04-04T16:53:41","guid":{"rendered":"https:\/\/www.versiegelung24.com\/produkt\/bioetanol-966-za-profesionalno-predciscenje"},"modified":"2025-08-30T19:48:35","modified_gmt":"2025-08-30T17:48:35","slug":"bioetanol-966-za-profesionalno-pred-ciscenje","status":"publish","type":"product","link":"https:\/\/www.versiegelung24.com\/sl\/bioetanol-966-za-profesionalno-pred-ciscenje.html","title":{"rendered":"Bioetanol 96,6% za profesionalno pred\u010di\u0161\u010denje"},"content":{"rendered":"\n<h4 class=\"wp-block-heading\" id=\"h-beschreibung\">Opis<\/h4>\n\n<p>Bioetanol tehni\u010dne kakovosti 96,6 % primeren za temeljito pred\u010di\u0161\u010denje in razma\u0161\u010devanje nevpojnih povr\u0161in. <\/p>\n\n<p>Lahko se zelo dobro uporablja v kombinaciji z na\u0161im biolo\u0161kim pred\u010distilcem <a href=\"https:\/\/www.versiegelung24.com\/sl\/biosativa-biolosko-predcistilno-sredstvo.html\">BIOSATIVA<\/a> \u00ae brez ostankov za pripravo npr. stekla, keramike, barvanih povr\u0161in za nana\u0161anje na\u0161ih povr\u0161inskih tesnil.<\/p>\n\n<hr \/>\n\n<h4 class=\"wp-block-heading\" id=\"properties\">Zna\u010dilnosti izdelka<\/h4>\n\n<p>\u2713 Bioetanol iz 100% koruze in sladkorne pese<\/p>\n\n<p>\u2713 Regionalna proizvodnja s sestavinami iz Evrope<\/p>\n\n<p>\u2713 Izdelava po visokih evropskih smernicah<\/p>\n\n<p>\u2713 Varnost in kakovost po visokih standardih<\/p>\n\n<p>Visoka \u010distost, z 1 % MEK, 1 % izopropanola in Bitrex popolnoma denaturiranim bioetanolom 96,6 % (etilenski alkohol) iz trajnostne proizvodnje (biomasa).<\/p>\n\n<hr \/>\n\n<h4 class=\"wp-block-heading\" id=\"application\">Aplikacija<\/h4>\n\n<p>Za \u010di\u0161\u010denje gladkih, nevpojnih povr\u0161in priporo\u010damo \u010di\u0161\u010denje v dveh korakih:<\/p>\n\n<p>1. Intenzivno pred\u010di\u0161\u010denje povr\u0161ine z obi\u010dajnim \u010distilom brez ostankov ali na\u0161im biolo\u0161kim \u010distilnim <a href=\"https:\/\/www.versiegelung24.com\/sl\/biosativa-biolosko-predcistilno-sredstvo.html\">koncentratom BIOSATIVA<\/a> <a href=\"https:\/\/www.versiegelung24.com\/biosativa-biologischer-vorreiniger.html\">\u00ae<\/a><\/p>\n\n<p>2. Po kon\u010danem postopku \u010di\u0161\u010denja povr\u0161ino ponovno o\u010distimo z bioetanolom 96,6 %, da odstranimo vso umazanijo in je povr\u0161ina popolnoma brez ma\u0161\u010dobe. Ta postopek ponavljajte, dokler na krpi iz mikrovlaken ni ve\u010d ostankov umazanije.<\/p>\n\n<p>Po kratkem \u010dasu izhlapevanja morebitnih ostankov alkohola na povr\u0161ini se lahko za\u010dne nanos na\u0161ih nanoprevlek in impregnacij.<\/p>\n\n<p><em>V bistvu je treba pri vsakem \u010di\u0161\u010denju povr\u0161ine in tesnjenju vedno opraviti test na neopaznem obmo\u010dju, da se ugotovi zdru\u017eljivost povr\u0161ine z uporabljenimi sredstvi.<\/em><\/p>\n\n<hr \/>\n\n<h4 class=\"wp-block-heading\" id=\"advisor\">Svetovalec<\/h4>\n\n<p><strong>Bio-etanol 96,6% &#8211; kot nala\u0161\u010d za namizne kamine<\/strong><\/p>\n\n<p>Tako razli\u010dni kot so na\u0161i okusi, so kamini na etanol postali nepogre\u0161ljivi v \u0161tevilnih gospodinjstvih. 1-litrske steklenice so kot nala\u0161\u010d za ob\u010dasne uporabnike ali prve uporabnike, ki se \u017eelijo seznaniti z njihovim kaminom na etanol ali na\u0161im teko\u010dim bioetanolnim gorivom.<\/p>\n\n<p><strong>Kako dolgo zdr\u017ei 1 liter bioetanola?<\/strong><\/p>\n\n<p>Povpre\u010dni \u010das gorenja za 1 liter 96,6 % bioetanola je pribli\u017eno 2 do 3 ure. A tega ne morete re\u010di natan\u010dno, saj je \u010das gorenja odvisen od povr\u0161ine, na kateri teko\u010dina gori. Ve\u010dja kot je povr\u0161ina, hitreje gori vrhunski bioetanol.<\/p>\n\n<hr \/>\n\n<h4 class=\"wp-block-heading\" id=\"faq\">POGOSTA VPRA\u0160ANJA<\/h4>\n\n<div class=\"schema-faq wp-block-yoast-faq-block\"><div class=\"schema-faq-section\" id=\"faq-question-1645793617330\"><strong class=\"schema-faq-question\">Ali je bioetanol odobren za medicinski sektor?<\/strong> <p class=\"schema-faq-answer\">Ne! \u010ce i\u0161\u010dete povr\u0161insko razku\u017eilo, lahko najdete ve\u010d informacij tukaj: <a href=\"https:\/\/www.versiegelung24.com\/desinfektionsmittel\/\">Pregled razku\u017eil<\/a><\/p> <\/div> <div class=\"schema-faq-section\" id=\"faq-question-1645793819353\"><strong class=\"schema-faq-question\">Kako nevaren je bioetanol?<\/strong> <p class=\"schema-faq-answer\">Zgorevanje proizvaja vodno paro (H2O) in ogljikov dioksid (CO2) tako kot pri dihanju. Bioetanol 96,6 % gori brez vonja in ostankov. Pri uporabi v kaminih je treba vedno upo\u0161tevati natan\u010dna opozorila o nevarnosti!<br>Bioetanol 96,6 % je zelo vnetljiv. Ko se uporablja kot \u010distilo, nastajajo lahko vnetljivi plini. <br><\/p> <\/div> <div class=\"schema-faq-section\" id=\"faq-question-1645794918526\"><strong class=\"schema-faq-question\">Ali lahko bioetanol (ki se uporablja kot \u010distilo) napada povr\u0161ine?<\/strong> <p class=\"schema-faq-answer\">Zlasti pri plastiki je treba pri tem paziti. Mehka plastika, kot so tesnila in cevi, lahko reagira z meh\u010dalci in po\u0161koduje povr\u0161ine ali materiale.<br><br>V bistvu je treba pri \u010di\u0161\u010denju povr\u0161ine vedno najprej opraviti test na neopaznem obmo\u010dju.<\/p> <\/div> <\/div>\n","protected":false},"excerpt":{"rendered":"<p>\u2713 Bioetanol iz 100% koruze in sladkorne pese<\/p>\n<p>\u2713 Regionalna proizvodnja s sestavinami iz Evrope<\/p>\n<p>\u2713 Izdelava po visokih evropskih smernicah<\/p>\n<p>\u2713 Varnost in kakovost po visokih standardih<\/p>\n","protected":false},"featured_media":65164,"template":"","meta":{"_acf_changed":false,"neve_meta_sidebar":"","neve_meta_container":"","neve_meta_enable_content_width":"","neve_meta_content_width":0,"neve_meta_title_alignment":"","neve_meta_author_avatar":"","neve_post_elements_order":"","neve_meta_disable_header":"","neve_meta_disable_footer":"","neve_meta_disable_title":"","neve_meta_reading_time":"","_surfaces":[],"_ver_product_tabs":[],"footnotes":""},"product_brand":[],"product_cat":[2176,2227,2249,2252,2610],"product_tag":[],"class_list":{"0":"post-23624","1":"product","2":"type-product","3":"status-publish","4":"has-post-thumbnail","6":"product_cat-tesnjenje-avtomobila","7":"product_cat-tesnilo-za-steklo-in-keramiko","8":"product_cat-tesnjenje-iz-kovine-in-plastike","9":"product_cat-cistila","10":"product_cat-bioetanol-sl","12":"first","13":"instock","14":"taxable","15":"shipping-taxable","16":"purchasable","17":"product-type-simple"},"acf":[],"yoast_head":"<!-- This site is optimized with the Yoast SEO Premium plugin v22.8 (Yoast SEO v27.5) - https:\/\/yoast.com\/product\/yoast-seo-premium-wordpress\/ -->\n<title>Bioetanol 96,6% za profesionalno pred\u010di\u0161\u010denje - versiegelung24.com<\/title>\n<meta name=\"robots\" content=\"index, follow, max-snippet:-1, max-image-preview:large, max-video-preview:-1\" \/>\n<link rel=\"canonical\" href=\"https:\/\/www.versiegelung24.com\/sl\/bioetanol-966-za-profesionalno-pred-ciscenje.html\" \/>\n<meta property=\"og:locale\" content=\"sl_SI\" \/>\n<meta property=\"og:type\" content=\"article\" \/>\n<meta property=\"og:title\" content=\"Bioetanol 96,6% za profesionalno pred\u010di\u0161\u010denje\" \/>\n<meta property=\"og:description\" content=\"\u2713 Bioetanol iz 100% koruze in sladkorne pese \u2713 Regionalna proizvodnja s sestavinami iz Evrope \u2713 Izdelava po visokih evropskih smernicah \u2713 Varnost in kakovost po visokih standardih\" \/>\n<meta property=\"og:url\" content=\"https:\/\/www.versiegelung24.com\/sl\/bioetanol-966-za-profesionalno-pred-ciscenje.html\" \/>\n<meta property=\"og:site_name\" content=\"versiegelung24.com\" \/>\n<meta property=\"article:modified_time\" content=\"2025-08-30T17:48:35+00:00\" \/>\n<meta property=\"og:image\" content=\"https:\/\/www.versiegelung24.com\/wp-content\/uploads\/2020\/04\/produkt_9100-950-1000-bioethanol-flasche.jpeg\" \/>\n\t<meta property=\"og:image:width\" content=\"2560\" \/>\n\t<meta property=\"og:image:height\" content=\"2560\" \/>\n\t<meta property=\"og:image:type\" content=\"image\/jpeg\" \/>\n<meta name=\"twitter:card\" content=\"summary_large_image\" \/>\n<meta name=\"twitter:label1\" content=\"Price\" \/>\n\t<meta name=\"twitter:data1\" content=\"9,99&euro;\" \/>\n\t<meta name=\"twitter:label2\" content=\"Availability\" \/>\n\t<meta name=\"twitter:data2\" content=\"In stock\" \/>\n<script type=\"application\/ld+json\" class=\"yoast-schema-graph\">{\"@context\":\"https:\\\/\\\/schema.org\",\"@graph\":[{\"@type\":[\"WebPage\",\"FAQPage\"],\"@id\":\"https:\\\/\\\/www.versiegelung24.com\\\/sl\\\/bioetanol-966-za-profesionalno-pred-ciscenje.html\",\"url\":\"https:\\\/\\\/www.versiegelung24.com\\\/sl\\\/bioetanol-966-za-profesionalno-pred-ciscenje.html\",\"name\":\"Bioetanol 96,6% za profesionalno pred\u010di\u0161\u010denje - versiegelung24.com\",\"isPartOf\":{\"@id\":\"https:\\\/\\\/www.versiegelung24.com\\\/sl\\\/#website\"},\"primaryImageOfPage\":{\"@id\":\"https:\\\/\\\/www.versiegelung24.com\\\/sl\\\/bioetanol-966-za-profesionalno-pred-ciscenje.html#primaryimage\"},\"image\":{\"@id\":\"https:\\\/\\\/www.versiegelung24.com\\\/sl\\\/bioetanol-966-za-profesionalno-pred-ciscenje.html#primaryimage\"},\"thumbnailUrl\":\"https:\\\/\\\/www.versiegelung24.com\\\/wp-content\\\/uploads\\\/2020\\\/04\\\/produkt_9100-950-1000-bioethanol-flasche.jpeg\",\"datePublished\":\"2020-04-04T16:53:41+00:00\",\"dateModified\":\"2025-08-30T17:48:35+00:00\",\"breadcrumb\":{\"@id\":\"https:\\\/\\\/www.versiegelung24.com\\\/sl\\\/bioetanol-966-za-profesionalno-pred-ciscenje.html#breadcrumb\"},\"mainEntity\":[{\"@id\":\"https:\\\/\\\/www.versiegelung24.com\\\/sl\\\/bioetanol-966-za-profesionalno-pred-ciscenje.html#faq-question-1645793617330\"},{\"@id\":\"https:\\\/\\\/www.versiegelung24.com\\\/sl\\\/bioetanol-966-za-profesionalno-pred-ciscenje.html#faq-question-1645793819353\"},{\"@id\":\"https:\\\/\\\/www.versiegelung24.com\\\/sl\\\/bioetanol-966-za-profesionalno-pred-ciscenje.html#faq-question-1645794918526\"}],\"inLanguage\":\"sl-SI\",\"potentialAction\":[{\"@type\":\"ReadAction\",\"target\":[\"https:\\\/\\\/www.versiegelung24.com\\\/sl\\\/bioetanol-966-za-profesionalno-pred-ciscenje.html\"]}]},{\"@type\":\"ImageObject\",\"inLanguage\":\"sl-SI\",\"@id\":\"https:\\\/\\\/www.versiegelung24.com\\\/sl\\\/bioetanol-966-za-profesionalno-pred-ciscenje.html#primaryimage\",\"url\":\"https:\\\/\\\/www.versiegelung24.com\\\/wp-content\\\/uploads\\\/2020\\\/04\\\/produkt_9100-950-1000-bioethanol-flasche.jpeg\",\"contentUrl\":\"https:\\\/\\\/www.versiegelung24.com\\\/wp-content\\\/uploads\\\/2020\\\/04\\\/produkt_9100-950-1000-bioethanol-flasche.jpeg\",\"width\":2560,\"height\":2560},{\"@type\":\"BreadcrumbList\",\"@id\":\"https:\\\/\\\/www.versiegelung24.com\\\/sl\\\/bioetanol-966-za-profesionalno-pred-ciscenje.html#breadcrumb\",\"itemListElement\":[{\"@type\":\"ListItem\",\"position\":1,\"name\":\"Doma\u010da stran\",\"item\":\"https:\\\/\\\/www.versiegelung24.com\\\/sl\\\/spredaj\\\/\"},{\"@type\":\"ListItem\",\"position\":2,\"name\":\"Nakupujte\",\"item\":\"https:\\\/\\\/www.versiegelung24.com\\\/sl\\\/nakupujte\\\/\"},{\"@type\":\"ListItem\",\"position\":3,\"name\":\"Bioetanol 96,6% za profesionalno pred\u010di\u0161\u010denje\"}]},{\"@type\":\"WebSite\",\"@id\":\"https:\\\/\\\/www.versiegelung24.com\\\/sl\\\/#website\",\"url\":\"https:\\\/\\\/www.versiegelung24.com\\\/sl\\\/\",\"name\":\"versiegelung24.com\",\"description\":\"Fl\u00fcssigglas-Versiegelung - Made in Germany\",\"publisher\":{\"@id\":\"https:\\\/\\\/www.versiegelung24.com\\\/sl\\\/#organization\"},\"potentialAction\":[{\"@type\":\"SearchAction\",\"target\":{\"@type\":\"EntryPoint\",\"urlTemplate\":\"https:\\\/\\\/www.versiegelung24.com\\\/sl\\\/?s={search_term_string}\"},\"query-input\":{\"@type\":\"PropertyValueSpecification\",\"valueRequired\":true,\"valueName\":\"search_term_string\"}}],\"inLanguage\":\"sl-SI\"},{\"@type\":\"Organization\",\"@id\":\"https:\\\/\\\/www.versiegelung24.com\\\/sl\\\/#organization\",\"name\":\"versiegelung24\",\"url\":\"https:\\\/\\\/www.versiegelung24.com\\\/sl\\\/\",\"logo\":{\"@type\":\"ImageObject\",\"inLanguage\":\"sl-SI\",\"@id\":\"https:\\\/\\\/www.versiegelung24.com\\\/sl\\\/#\\\/schema\\\/logo\\\/image\\\/\",\"url\":\"https:\\\/\\\/www.versiegelung24.com\\\/wp-content\\\/uploads\\\/2020\\\/04\\\/versiegelung24.png\",\"contentUrl\":\"https:\\\/\\\/www.versiegelung24.com\\\/wp-content\\\/uploads\\\/2020\\\/04\\\/versiegelung24.png\",\"width\":470,\"height\":102,\"caption\":\"versiegelung24\"},\"image\":{\"@id\":\"https:\\\/\\\/www.versiegelung24.com\\\/sl\\\/#\\\/schema\\\/logo\\\/image\\\/\"}},{\"@type\":\"Question\",\"@id\":\"https:\\\/\\\/www.versiegelung24.com\\\/sl\\\/bioetanol-966-za-profesionalno-pred-ciscenje.html#faq-question-1645793617330\",\"position\":1,\"url\":\"https:\\\/\\\/www.versiegelung24.com\\\/sl\\\/bioetanol-966-za-profesionalno-pred-ciscenje.html#faq-question-1645793617330\",\"name\":\"Ist Bioethanol f\u00fcr den medizinischen Bereich zugelassen?\",\"answerCount\":1,\"acceptedAnswer\":{\"@type\":\"Answer\",\"text\":\"Nein! Wenn Sie ein Fl\u00e4chendesinfektionsmittel suchen, finden Sie weitere Informationen hier: <a href=\\\"https:\\\/\\\/www.versiegelung24.com\\\/desinfektionsmittel\\\/\\\">\u00dcbersicht Desinfektionsmittel<\\\/a>\",\"inLanguage\":\"sl-SI\"},\"inLanguage\":\"sl-SI\"},{\"@type\":\"Question\",\"@id\":\"https:\\\/\\\/www.versiegelung24.com\\\/sl\\\/bioetanol-966-za-profesionalno-pred-ciscenje.html#faq-question-1645793819353\",\"position\":2,\"url\":\"https:\\\/\\\/www.versiegelung24.com\\\/sl\\\/bioetanol-966-za-profesionalno-pred-ciscenje.html#faq-question-1645793819353\",\"name\":\"Wie gef\u00e4hrlich ist Bioethanol?\",\"answerCount\":1,\"acceptedAnswer\":{\"@type\":\"Answer\",\"text\":\"Bei der Verbrennung entstehen genau wie bei unserer Atmung Wasserdampf (H2O) und Kohlendioxid (CO2). Bioethanol 96,6% verbrennt geruchs- und r\u00fcckstandsfrei. Bei Nutzung in Feuerstellen sind stets die genauen Gefahrenhinweise zu beachten!<br \\\/>Bioethanol 96,6% ist leicht entz\u00fcndlich. Bei der Nutzung als Reiniger entstehen leicht brennbare Gase. <br \\\/>\",\"inLanguage\":\"sl-SI\"},\"inLanguage\":\"sl-SI\"},{\"@type\":\"Question\",\"@id\":\"https:\\\/\\\/www.versiegelung24.com\\\/sl\\\/bioetanol-966-za-profesionalno-pred-ciscenje.html#faq-question-1645794918526\",\"position\":3,\"url\":\"https:\\\/\\\/www.versiegelung24.com\\\/sl\\\/bioetanol-966-za-profesionalno-pred-ciscenje.html#faq-question-1645794918526\",\"name\":\"Kann Bioethanol (als Reiniger eingesetzt) Oberfl\u00e4chen angreifen?\",\"answerCount\":1,\"acceptedAnswer\":{\"@type\":\"Answer\",\"text\":\"Besonders bei Kunststoffen ist hier mit Achtsamkeit vor zu gehen. Weiche Kunststoffe wie z.B. bei Dichtungen und Schl\u00e4uchen kann dieser mit den Weichmachern reagieren und Oberfl\u00e4chen bzw. Materialien sch\u00e4digen.<br \\\/><br \\\/>Grunds\u00e4tzlich sollte bei der Oberfl\u00e4chenreinigung immer erst ein Test an unauff\u00e4lliger Stelle durchgef\u00fchrt werden.\",\"inLanguage\":\"sl-SI\"},\"inLanguage\":\"sl-SI\"}]}<\/script>\n<meta property=\"product:price:amount\" content=\"9.99\" \/>\n<meta property=\"product:price:currency\" content=\"EUR\" \/>\n<meta property=\"og:availability\" content=\"instock\" \/>\n<meta property=\"product:availability\" content=\"instock\" \/>\n<meta property=\"product:retailer_item_id\" content=\"9100-BE96-1\" \/>\n<meta property=\"product:condition\" content=\"new\" \/>\n<!-- \/ Yoast SEO Premium plugin. -->","yoast_head_json":{"title":"Bioetanol 96,6% za profesionalno pred\u010di\u0161\u010denje - versiegelung24.com","robots":{"index":"index","follow":"follow","max-snippet":"max-snippet:-1","max-image-preview":"max-image-preview:large","max-video-preview":"max-video-preview:-1"},"canonical":"https:\/\/www.versiegelung24.com\/sl\/bioetanol-966-za-profesionalno-pred-ciscenje.html","og_locale":"sl_SI","og_type":"article","og_title":"Bioetanol 96,6% za profesionalno pred\u010di\u0161\u010denje","og_description":"\u2713 Bioetanol iz 100% koruze in sladkorne pese \u2713 Regionalna proizvodnja s sestavinami iz Evrope \u2713 Izdelava po visokih evropskih smernicah \u2713 Varnost in kakovost po visokih standardih","og_url":"https:\/\/www.versiegelung24.com\/sl\/bioetanol-966-za-profesionalno-pred-ciscenje.html","og_site_name":"versiegelung24.com","article_modified_time":"2025-08-30T17:48:35+00:00","og_image":[{"width":2560,"height":2560,"url":"https:\/\/www.versiegelung24.com\/wp-content\/uploads\/2020\/04\/produkt_9100-950-1000-bioethanol-flasche.jpeg","type":"image\/jpeg"}],"twitter_card":"summary_large_image","twitter_misc":{"Price":"9,99&euro;","Availability":"In stock"},"schema":{"@context":"https:\/\/schema.org","@graph":[{"@type":["WebPage","FAQPage"],"@id":"https:\/\/www.versiegelung24.com\/sl\/bioetanol-966-za-profesionalno-pred-ciscenje.html","url":"https:\/\/www.versiegelung24.com\/sl\/bioetanol-966-za-profesionalno-pred-ciscenje.html","name":"Bioetanol 96,6% za profesionalno pred\u010di\u0161\u010denje - versiegelung24.com","isPartOf":{"@id":"https:\/\/www.versiegelung24.com\/sl\/#website"},"primaryImageOfPage":{"@id":"https:\/\/www.versiegelung24.com\/sl\/bioetanol-966-za-profesionalno-pred-ciscenje.html#primaryimage"},"image":{"@id":"https:\/\/www.versiegelung24.com\/sl\/bioetanol-966-za-profesionalno-pred-ciscenje.html#primaryimage"},"thumbnailUrl":"https:\/\/www.versiegelung24.com\/wp-content\/uploads\/2020\/04\/produkt_9100-950-1000-bioethanol-flasche.jpeg","datePublished":"2020-04-04T16:53:41+00:00","dateModified":"2025-08-30T17:48:35+00:00","breadcrumb":{"@id":"https:\/\/www.versiegelung24.com\/sl\/bioetanol-966-za-profesionalno-pred-ciscenje.html#breadcrumb"},"mainEntity":[{"@id":"https:\/\/www.versiegelung24.com\/sl\/bioetanol-966-za-profesionalno-pred-ciscenje.html#faq-question-1645793617330"},{"@id":"https:\/\/www.versiegelung24.com\/sl\/bioetanol-966-za-profesionalno-pred-ciscenje.html#faq-question-1645793819353"},{"@id":"https:\/\/www.versiegelung24.com\/sl\/bioetanol-966-za-profesionalno-pred-ciscenje.html#faq-question-1645794918526"}],"inLanguage":"sl-SI","potentialAction":[{"@type":"ReadAction","target":["https:\/\/www.versiegelung24.com\/sl\/bioetanol-966-za-profesionalno-pred-ciscenje.html"]}]},{"@type":"ImageObject","inLanguage":"sl-SI","@id":"https:\/\/www.versiegelung24.com\/sl\/bioetanol-966-za-profesionalno-pred-ciscenje.html#primaryimage","url":"https:\/\/www.versiegelung24.com\/wp-content\/uploads\/2020\/04\/produkt_9100-950-1000-bioethanol-flasche.jpeg","contentUrl":"https:\/\/www.versiegelung24.com\/wp-content\/uploads\/2020\/04\/produkt_9100-950-1000-bioethanol-flasche.jpeg","width":2560,"height":2560},{"@type":"BreadcrumbList","@id":"https:\/\/www.versiegelung24.com\/sl\/bioetanol-966-za-profesionalno-pred-ciscenje.html#breadcrumb","itemListElement":[{"@type":"ListItem","position":1,"name":"Doma\u010da stran","item":"https:\/\/www.versiegelung24.com\/sl\/spredaj\/"},{"@type":"ListItem","position":2,"name":"Nakupujte","item":"https:\/\/www.versiegelung24.com\/sl\/nakupujte\/"},{"@type":"ListItem","position":3,"name":"Bioetanol 96,6% za profesionalno pred\u010di\u0161\u010denje"}]},{"@type":"WebSite","@id":"https:\/\/www.versiegelung24.com\/sl\/#website","url":"https:\/\/www.versiegelung24.com\/sl\/","name":"versiegelung24.com","description":"Fl\u00fcssigglas-Versiegelung - Made in Germany","publisher":{"@id":"https:\/\/www.versiegelung24.com\/sl\/#organization"},"potentialAction":[{"@type":"SearchAction","target":{"@type":"EntryPoint","urlTemplate":"https:\/\/www.versiegelung24.com\/sl\/?s={search_term_string}"},"query-input":{"@type":"PropertyValueSpecification","valueRequired":true,"valueName":"search_term_string"}}],"inLanguage":"sl-SI"},{"@type":"Organization","@id":"https:\/\/www.versiegelung24.com\/sl\/#organization","name":"versiegelung24","url":"https:\/\/www.versiegelung24.com\/sl\/","logo":{"@type":"ImageObject","inLanguage":"sl-SI","@id":"https:\/\/www.versiegelung24.com\/sl\/#\/schema\/logo\/image\/","url":"https:\/\/www.versiegelung24.com\/wp-content\/uploads\/2020\/04\/versiegelung24.png","contentUrl":"https:\/\/www.versiegelung24.com\/wp-content\/uploads\/2020\/04\/versiegelung24.png","width":470,"height":102,"caption":"versiegelung24"},"image":{"@id":"https:\/\/www.versiegelung24.com\/sl\/#\/schema\/logo\/image\/"}},{"@type":"Question","@id":"https:\/\/www.versiegelung24.com\/sl\/bioetanol-966-za-profesionalno-pred-ciscenje.html#faq-question-1645793617330","position":1,"url":"https:\/\/www.versiegelung24.com\/sl\/bioetanol-966-za-profesionalno-pred-ciscenje.html#faq-question-1645793617330","name":"Ist Bioethanol f\u00fcr den medizinischen Bereich zugelassen?","answerCount":1,"acceptedAnswer":{"@type":"Answer","text":"Nein! Wenn Sie ein Fl\u00e4chendesinfektionsmittel suchen, finden Sie weitere Informationen hier: <a href=\"https:\/\/www.versiegelung24.com\/desinfektionsmittel\/\">\u00dcbersicht Desinfektionsmittel<\/a>","inLanguage":"sl-SI"},"inLanguage":"sl-SI"},{"@type":"Question","@id":"https:\/\/www.versiegelung24.com\/sl\/bioetanol-966-za-profesionalno-pred-ciscenje.html#faq-question-1645793819353","position":2,"url":"https:\/\/www.versiegelung24.com\/sl\/bioetanol-966-za-profesionalno-pred-ciscenje.html#faq-question-1645793819353","name":"Wie gef\u00e4hrlich ist Bioethanol?","answerCount":1,"acceptedAnswer":{"@type":"Answer","text":"Bei der Verbrennung entstehen genau wie bei unserer Atmung Wasserdampf (H2O) und Kohlendioxid (CO2). Bioethanol 96,6% verbrennt geruchs- und r\u00fcckstandsfrei. Bei Nutzung in Feuerstellen sind stets die genauen Gefahrenhinweise zu beachten!<br \/>Bioethanol 96,6% ist leicht entz\u00fcndlich. Bei der Nutzung als Reiniger entstehen leicht brennbare Gase. <br \/>","inLanguage":"sl-SI"},"inLanguage":"sl-SI"},{"@type":"Question","@id":"https:\/\/www.versiegelung24.com\/sl\/bioetanol-966-za-profesionalno-pred-ciscenje.html#faq-question-1645794918526","position":3,"url":"https:\/\/www.versiegelung24.com\/sl\/bioetanol-966-za-profesionalno-pred-ciscenje.html#faq-question-1645794918526","name":"Kann Bioethanol (als Reiniger eingesetzt) Oberfl\u00e4chen angreifen?","answerCount":1,"acceptedAnswer":{"@type":"Answer","text":"Besonders bei Kunststoffen ist hier mit Achtsamkeit vor zu gehen. Weiche Kunststoffe wie z.B. bei Dichtungen und Schl\u00e4uchen kann dieser mit den Weichmachern reagieren und Oberfl\u00e4chen bzw. Materialien sch\u00e4digen.<br \/><br \/>Grunds\u00e4tzlich sollte bei der Oberfl\u00e4chenreinigung immer erst ein Test an unauff\u00e4lliger Stelle durchgef\u00fchrt werden.","inLanguage":"sl-SI"},"inLanguage":"sl-SI"}]},"product_price_amount":"9.99","product_price_currency":"EUR","og_availability":"instock","product_availability":"instock","product_retailer_item_id":"9100-BE96-1","product_condition":"new"},"_links":{"self":[{"href":"https:\/\/www.versiegelung24.com\/sl\/wp-json\/wp\/v2\/product\/23624","targetHints":{"allow":["GET"]}}],"collection":[{"href":"https:\/\/www.versiegelung24.com\/sl\/wp-json\/wp\/v2\/product"}],"about":[{"href":"https:\/\/www.versiegelung24.com\/sl\/wp-json\/wp\/v2\/types\/product"}],"version-history":[{"count":49,"href":"https:\/\/www.versiegelung24.com\/sl\/wp-json\/wp\/v2\/product\/23624\/revisions"}],"predecessor-version":[{"id":180707,"href":"https:\/\/www.versiegelung24.com\/sl\/wp-json\/wp\/v2\/product\/23624\/revisions\/180707"}],"wp:featuredmedia":[{"embeddable":true,"href":"https:\/\/www.versiegelung24.com\/sl\/wp-json\/wp\/v2\/media\/65164"}],"wp:attachment":[{"href":"https:\/\/www.versiegelung24.com\/sl\/wp-json\/wp\/v2\/media?parent=23624"}],"wp:term":[{"taxonomy":"product_brand","embeddable":true,"href":"https:\/\/www.versiegelung24.com\/sl\/wp-json\/wp\/v2\/product_brand?post=23624"},{"taxonomy":"product_cat","embeddable":true,"href":"https:\/\/www.versiegelung24.com\/sl\/wp-json\/wp\/v2\/product_cat?post=23624"},{"taxonomy":"product_tag","embeddable":true,"href":"https:\/\/www.versiegelung24.com\/sl\/wp-json\/wp\/v2\/product_tag?post=23624"}],"curies":[{"name":"wp","href":"https:\/\/api.w.org\/{rel}","templated":true}]}}