{"id":23681,"date":"2020-04-04T18:53:44","date_gmt":"2021-08-02T19:54:56","guid":{"rendered":"https:\/\/www.versiegelung24.com\/produkt\/univerzalno-tesnjenje-691-za-mehke-vpojne-povrsine-tekstil-les-kamen"},"modified":"2025-01-04T00:12:17","modified_gmt":"2025-01-03T23:12:17","slug":"univerzalno-tesnjenje-691-za-mehke-vpojne-povrsine-tekstil-les-kamen","status":"publish","type":"product","link":"https:\/\/www.versiegelung24.com\/sl\/univerzalno-tesnjenje-691-za-mehke-vpojne-povrsine-tekstil-les-kamen.html","title":{"rendered":"Univerzalno tesnjenje 691 za &#8220;mehke&#8221; \/ vpojne povr\u0161ine (tekstil +++, les ++, kamen ++)"},"content":{"rendered":"\n<p><strong>Visoko u\u010dinkovito profesionalno univerzalno tesnilo za vpojne \/ &#8220;mehke&#8221; povr\u0161ine (tekstil, kamen, les) z u\u010dinkom, ki ga je enostavno o\u010distiti<\/strong><\/p>\n\n<p>Idealno za tekstil, lahko se uporablja tudi za kamen in les<\/p>\n\n<p>Visoka kakovost &#8211; narejeno v Nem\u010diji.<\/p>\n\n<p>\u0160tevilka izdelka: 4006-691<\/p>\n\n<p><strong>V24 univerzalno tesnilo 4006-691<\/strong> je vodna impregnacija za vpojne \/ &#8220;mehke&#8221; povr\u0161ine z zelo dobro vodoodbojnostjo (vodoodbojnost) in oljem (odbojnost olja) povr\u0161in. Izdelek tvori skoraj neviden, tanek povr\u0161inski film. Vodoodbojni u\u010dinek znatno zmanj\u0161a stopnjo prodiranja vlage na obdelane povr\u0161ine in ponovno umazanijo. Penetracija olja in razbarvanih snovi na povr\u0161ino se zmanj\u0161a in jih je mogo\u010de enostavno odstraniti \/ o\u010distiti.<\/p>\n\n<hr\/>\n\n<h4 class=\"wp-block-heading\" id=\"properties\">Zna\u010dilnosti izdelka<\/h4>\n\n<div class=\"wp-block-columns is-layout-flex wp-container-core-columns-is-layout-9d6595d7 wp-block-columns-is-layout-flex\">\n<div class=\"wp-block-column is-layout-flow wp-block-column-is-layout-flow\">\n<ul class=\"wp-block-list\">\n<li>Baza aktivnih sestavin: polimer, ki vsebuje fluor<\/li>\n\n\n\n<li>Videz: bela, prosojna teko\u010dina<\/li>\n\n\n\n<li>Trdna vsebina: ~ 1%<\/li>\n\n\n\n<li>pH vrednost: 7<\/li>\n\n\n\n<li>Razred\u010denje: razred\u010deno, pripravljeno za uporabo. Odvisno od \u017eelenega u\u010dinka ga lahko dodatno razred\u010dimo z vodo.<\/li>\n<\/ul>\n<\/div>\n\n\n\n<div class=\"wp-block-column is-layout-flow wp-block-column-is-layout-flow\">\n<p><br\/><br\/>Obseg dobave: 1 x litrska steklenica 1 x razpr\u0161ilna glava \u010drpalke<\/p>\n<\/div>\n<\/div>\n\n<hr\/>\n\n<h4 class=\"wp-block-heading\" id=\"h-ratgeber\">Svetovalec<\/h4>\n\n<p>Na\u0161a univerzalna tesnila so \u0161e posebej primerna za sektor &#8220;naredi sam&#8221;.<\/p>\n\n<p>Zdru\u017eujejo profesionalni na\u010din delovanja na razli\u010dnih povr\u0161inah z enostavnim rokovanjem med nanosom. In vse to brez ve\u010djih kompromisov glede kakovosti.<\/p>\n\n<p>Na ta na\u010din lahko z eno samo univerzalno tesnilno maso nanesemo na ve\u010d materialov ter dose\u017eemo tudi visokokakovosten u\u010dinek in dolgo obstojnost.<\/p>\n\n<p>Vendar pa za komercialne in industrijske aplikacije, kjer je treba dose\u010di najvi\u0161jo mo\u017eno raven u\u010dinkovitosti na dolo\u010deni povr\u0161ini, priporo\u010damo uporabo na\u0161ih posebnih premazov za to povr\u0161ino.<\/p>\n","protected":false},"excerpt":{"rendered":"<p><strong>Zelo u\u010dinkovito profesionalno univerzalno tesnilo za vpojne \/ &#8220;mehke&#8221; povr\u0161ine:<\/strong><\/p>\n<p>\u2713 Tekstil<\/p>\n<p>\u2713 Kamen<\/p>\n<p>\u2713 les<\/p>\n<p>\u2713 Z u\u010dinkom, ki ga je enostavno o\u010distiti<\/p>\n","protected":false},"featured_media":18297,"template":"","meta":{"_acf_changed":false,"neve_meta_sidebar":"","neve_meta_container":"","neve_meta_enable_content_width":"","neve_meta_content_width":0,"neve_meta_title_alignment":"","neve_meta_author_avatar":"","neve_post_elements_order":"","neve_meta_disable_header":"","neve_meta_disable_footer":"","neve_meta_disable_title":"","neve_meta_reading_time":"","_surfaces":[],"_ver_product_tabs":[],"footnotes":""},"product_brand":[],"product_cat":[2525],"product_tag":[],"class_list":{"0":"post-23681","1":"product","2":"type-product","3":"status-publish","4":"has-post-thumbnail","6":"product_cat-univerzalno-tesnilo","8":"first","9":"instock","10":"taxable","11":"shipping-taxable","12":"purchasable","13":"product-type-simple"},"acf":[],"yoast_head":"<!-- This site is optimized with the Yoast SEO Premium plugin v22.8 (Yoast SEO v27.5) - https:\/\/yoast.com\/product\/yoast-seo-premium-wordpress\/ -->\n<title>Univerzalno tesnjenje 691 za &quot;mehke&quot; \/ vpojne povr\u0161ine (tekstil +++, les ++, kamen ++) - versiegelung24.com<\/title>\n<meta name=\"robots\" content=\"index, follow, max-snippet:-1, max-image-preview:large, max-video-preview:-1\" \/>\n<link rel=\"canonical\" href=\"https:\/\/www.versiegelung24.com\/sl\/univerzalno-tesnjenje-691-za-mehke-vpojne-povrsine-tekstil-les-kamen.html\" \/>\n<meta property=\"og:locale\" content=\"sl_SI\" \/>\n<meta property=\"og:type\" content=\"article\" \/>\n<meta property=\"og:title\" content=\"Univerzalno tesnjenje 691 za &quot;mehke&quot; \/ vpojne povr\u0161ine (tekstil +++, les ++, kamen ++)\" \/>\n<meta property=\"og:description\" content=\"Zelo u\u010dinkovito profesionalno univerzalno tesnilo za vpojne \/ &quot;mehke&quot; povr\u0161ine: \u2713 Tekstil \u2713 Kamen \u2713 les \u2713 Z u\u010dinkom, ki ga je enostavno o\u010distiti\" \/>\n<meta property=\"og:url\" content=\"https:\/\/www.versiegelung24.com\/sl\/univerzalno-tesnjenje-691-za-mehke-vpojne-povrsine-tekstil-les-kamen.html\" \/>\n<meta property=\"og:site_name\" content=\"versiegelung24.com\" \/>\n<meta property=\"article:modified_time\" content=\"2025-01-03T23:12:17+00:00\" \/>\n<meta property=\"og:image\" content=\"https:\/\/www.versiegelung24.com\/wp-content\/uploads\/2020\/06\/produkt-4006-691-1000-Universalversiegelung-691-scaled.jpg\" \/>\n\t<meta property=\"og:image:width\" content=\"2560\" \/>\n\t<meta property=\"og:image:height\" content=\"2560\" \/>\n\t<meta property=\"og:image:type\" content=\"image\/jpeg\" \/>\n<meta name=\"twitter:card\" content=\"summary_large_image\" \/>\n<meta name=\"twitter:label1\" content=\"Price\" \/>\n\t<meta name=\"twitter:data1\" content=\"74,99&euro;\" \/>\n\t<meta name=\"twitter:label2\" content=\"Availability\" \/>\n\t<meta name=\"twitter:data2\" content=\"In stock\" \/>\n<script type=\"application\/ld+json\" class=\"yoast-schema-graph\">{\"@context\":\"https:\\\/\\\/schema.org\",\"@graph\":[{\"@type\":\"WebPage\",\"@id\":\"https:\\\/\\\/www.versiegelung24.com\\\/sl\\\/univerzalno-tesnjenje-691-za-mehke-vpojne-povrsine-tekstil-les-kamen.html\",\"url\":\"https:\\\/\\\/www.versiegelung24.com\\\/sl\\\/univerzalno-tesnjenje-691-za-mehke-vpojne-povrsine-tekstil-les-kamen.html\",\"name\":\"Univerzalno tesnjenje 691 za \\\"mehke\\\" \\\/ vpojne povr\u0161ine (tekstil +++, les ++, kamen ++) - versiegelung24.com\",\"isPartOf\":{\"@id\":\"https:\\\/\\\/www.versiegelung24.com\\\/sl\\\/#website\"},\"primaryImageOfPage\":{\"@id\":\"https:\\\/\\\/www.versiegelung24.com\\\/sl\\\/univerzalno-tesnjenje-691-za-mehke-vpojne-povrsine-tekstil-les-kamen.html#primaryimage\"},\"image\":{\"@id\":\"https:\\\/\\\/www.versiegelung24.com\\\/sl\\\/univerzalno-tesnjenje-691-za-mehke-vpojne-povrsine-tekstil-les-kamen.html#primaryimage\"},\"thumbnailUrl\":\"https:\\\/\\\/www.versiegelung24.com\\\/wp-content\\\/uploads\\\/2020\\\/06\\\/produkt-4006-691-1000-Universalversiegelung-691-scaled.jpg\",\"datePublished\":\"2021-08-02T19:54:56+00:00\",\"dateModified\":\"2025-01-03T23:12:17+00:00\",\"breadcrumb\":{\"@id\":\"https:\\\/\\\/www.versiegelung24.com\\\/sl\\\/univerzalno-tesnjenje-691-za-mehke-vpojne-povrsine-tekstil-les-kamen.html#breadcrumb\"},\"inLanguage\":\"sl-SI\",\"potentialAction\":[{\"@type\":\"ReadAction\",\"target\":[\"https:\\\/\\\/www.versiegelung24.com\\\/sl\\\/univerzalno-tesnjenje-691-za-mehke-vpojne-povrsine-tekstil-les-kamen.html\"]}]},{\"@type\":\"ImageObject\",\"inLanguage\":\"sl-SI\",\"@id\":\"https:\\\/\\\/www.versiegelung24.com\\\/sl\\\/univerzalno-tesnjenje-691-za-mehke-vpojne-povrsine-tekstil-les-kamen.html#primaryimage\",\"url\":\"https:\\\/\\\/www.versiegelung24.com\\\/wp-content\\\/uploads\\\/2020\\\/06\\\/produkt-4006-691-1000-Universalversiegelung-691-scaled.jpg\",\"contentUrl\":\"https:\\\/\\\/www.versiegelung24.com\\\/wp-content\\\/uploads\\\/2020\\\/06\\\/produkt-4006-691-1000-Universalversiegelung-691-scaled.jpg\",\"width\":2560,\"height\":2560},{\"@type\":\"BreadcrumbList\",\"@id\":\"https:\\\/\\\/www.versiegelung24.com\\\/sl\\\/univerzalno-tesnjenje-691-za-mehke-vpojne-povrsine-tekstil-les-kamen.html#breadcrumb\",\"itemListElement\":[{\"@type\":\"ListItem\",\"position\":1,\"name\":\"Doma\u010da stran\",\"item\":\"https:\\\/\\\/www.versiegelung24.com\\\/sl\\\/spredaj\\\/\"},{\"@type\":\"ListItem\",\"position\":2,\"name\":\"Nakupujte\",\"item\":\"https:\\\/\\\/www.versiegelung24.com\\\/sl\\\/nakupujte\\\/\"},{\"@type\":\"ListItem\",\"position\":3,\"name\":\"Univerzalno tesnjenje 691 za &#8220;mehke&#8221; \\\/ vpojne povr\u0161ine (tekstil +++, les ++, kamen ++)\"}]},{\"@type\":\"WebSite\",\"@id\":\"https:\\\/\\\/www.versiegelung24.com\\\/sl\\\/#website\",\"url\":\"https:\\\/\\\/www.versiegelung24.com\\\/sl\\\/\",\"name\":\"versiegelung24.com\",\"description\":\"Fl\u00fcssigglas-Versiegelung - Made in Germany\",\"publisher\":{\"@id\":\"https:\\\/\\\/www.versiegelung24.com\\\/sl\\\/#organization\"},\"potentialAction\":[{\"@type\":\"SearchAction\",\"target\":{\"@type\":\"EntryPoint\",\"urlTemplate\":\"https:\\\/\\\/www.versiegelung24.com\\\/sl\\\/?s={search_term_string}\"},\"query-input\":{\"@type\":\"PropertyValueSpecification\",\"valueRequired\":true,\"valueName\":\"search_term_string\"}}],\"inLanguage\":\"sl-SI\"},{\"@type\":\"Organization\",\"@id\":\"https:\\\/\\\/www.versiegelung24.com\\\/sl\\\/#organization\",\"name\":\"versiegelung24\",\"url\":\"https:\\\/\\\/www.versiegelung24.com\\\/sl\\\/\",\"logo\":{\"@type\":\"ImageObject\",\"inLanguage\":\"sl-SI\",\"@id\":\"https:\\\/\\\/www.versiegelung24.com\\\/sl\\\/#\\\/schema\\\/logo\\\/image\\\/\",\"url\":\"https:\\\/\\\/www.versiegelung24.com\\\/wp-content\\\/uploads\\\/2020\\\/04\\\/versiegelung24.png\",\"contentUrl\":\"https:\\\/\\\/www.versiegelung24.com\\\/wp-content\\\/uploads\\\/2020\\\/04\\\/versiegelung24.png\",\"width\":470,\"height\":102,\"caption\":\"versiegelung24\"},\"image\":{\"@id\":\"https:\\\/\\\/www.versiegelung24.com\\\/sl\\\/#\\\/schema\\\/logo\\\/image\\\/\"}}]}<\/script>\n<meta property=\"product:price:amount\" content=\"74.99\" \/>\n<meta property=\"product:price:currency\" content=\"EUR\" \/>\n<meta property=\"og:availability\" content=\"instock\" \/>\n<meta property=\"product:availability\" content=\"instock\" \/>\n<meta property=\"product:retailer_item_id\" content=\"4006-691-1000\" \/>\n<meta property=\"product:condition\" content=\"new\" \/>\n<!-- \/ Yoast SEO Premium plugin. -->","yoast_head_json":{"title":"Univerzalno tesnjenje 691 za \"mehke\" \/ vpojne povr\u0161ine (tekstil +++, les ++, kamen ++) - versiegelung24.com","robots":{"index":"index","follow":"follow","max-snippet":"max-snippet:-1","max-image-preview":"max-image-preview:large","max-video-preview":"max-video-preview:-1"},"canonical":"https:\/\/www.versiegelung24.com\/sl\/univerzalno-tesnjenje-691-za-mehke-vpojne-povrsine-tekstil-les-kamen.html","og_locale":"sl_SI","og_type":"article","og_title":"Univerzalno tesnjenje 691 za \"mehke\" \/ vpojne povr\u0161ine (tekstil +++, les ++, kamen ++)","og_description":"Zelo u\u010dinkovito profesionalno univerzalno tesnilo za vpojne \/ \"mehke\" povr\u0161ine: \u2713 Tekstil \u2713 Kamen \u2713 les \u2713 Z u\u010dinkom, ki ga je enostavno o\u010distiti","og_url":"https:\/\/www.versiegelung24.com\/sl\/univerzalno-tesnjenje-691-za-mehke-vpojne-povrsine-tekstil-les-kamen.html","og_site_name":"versiegelung24.com","article_modified_time":"2025-01-03T23:12:17+00:00","og_image":[{"width":2560,"height":2560,"url":"https:\/\/www.versiegelung24.com\/wp-content\/uploads\/2020\/06\/produkt-4006-691-1000-Universalversiegelung-691-scaled.jpg","type":"image\/jpeg"}],"twitter_card":"summary_large_image","twitter_misc":{"Price":"74,99&euro;","Availability":"In stock"},"schema":{"@context":"https:\/\/schema.org","@graph":[{"@type":"WebPage","@id":"https:\/\/www.versiegelung24.com\/sl\/univerzalno-tesnjenje-691-za-mehke-vpojne-povrsine-tekstil-les-kamen.html","url":"https:\/\/www.versiegelung24.com\/sl\/univerzalno-tesnjenje-691-za-mehke-vpojne-povrsine-tekstil-les-kamen.html","name":"Univerzalno tesnjenje 691 za \"mehke\" \/ vpojne povr\u0161ine (tekstil +++, les ++, kamen ++) - versiegelung24.com","isPartOf":{"@id":"https:\/\/www.versiegelung24.com\/sl\/#website"},"primaryImageOfPage":{"@id":"https:\/\/www.versiegelung24.com\/sl\/univerzalno-tesnjenje-691-za-mehke-vpojne-povrsine-tekstil-les-kamen.html#primaryimage"},"image":{"@id":"https:\/\/www.versiegelung24.com\/sl\/univerzalno-tesnjenje-691-za-mehke-vpojne-povrsine-tekstil-les-kamen.html#primaryimage"},"thumbnailUrl":"https:\/\/www.versiegelung24.com\/wp-content\/uploads\/2020\/06\/produkt-4006-691-1000-Universalversiegelung-691-scaled.jpg","datePublished":"2021-08-02T19:54:56+00:00","dateModified":"2025-01-03T23:12:17+00:00","breadcrumb":{"@id":"https:\/\/www.versiegelung24.com\/sl\/univerzalno-tesnjenje-691-za-mehke-vpojne-povrsine-tekstil-les-kamen.html#breadcrumb"},"inLanguage":"sl-SI","potentialAction":[{"@type":"ReadAction","target":["https:\/\/www.versiegelung24.com\/sl\/univerzalno-tesnjenje-691-za-mehke-vpojne-povrsine-tekstil-les-kamen.html"]}]},{"@type":"ImageObject","inLanguage":"sl-SI","@id":"https:\/\/www.versiegelung24.com\/sl\/univerzalno-tesnjenje-691-za-mehke-vpojne-povrsine-tekstil-les-kamen.html#primaryimage","url":"https:\/\/www.versiegelung24.com\/wp-content\/uploads\/2020\/06\/produkt-4006-691-1000-Universalversiegelung-691-scaled.jpg","contentUrl":"https:\/\/www.versiegelung24.com\/wp-content\/uploads\/2020\/06\/produkt-4006-691-1000-Universalversiegelung-691-scaled.jpg","width":2560,"height":2560},{"@type":"BreadcrumbList","@id":"https:\/\/www.versiegelung24.com\/sl\/univerzalno-tesnjenje-691-za-mehke-vpojne-povrsine-tekstil-les-kamen.html#breadcrumb","itemListElement":[{"@type":"ListItem","position":1,"name":"Doma\u010da stran","item":"https:\/\/www.versiegelung24.com\/sl\/spredaj\/"},{"@type":"ListItem","position":2,"name":"Nakupujte","item":"https:\/\/www.versiegelung24.com\/sl\/nakupujte\/"},{"@type":"ListItem","position":3,"name":"Univerzalno tesnjenje 691 za &#8220;mehke&#8221; \/ vpojne povr\u0161ine (tekstil +++, les ++, kamen ++)"}]},{"@type":"WebSite","@id":"https:\/\/www.versiegelung24.com\/sl\/#website","url":"https:\/\/www.versiegelung24.com\/sl\/","name":"versiegelung24.com","description":"Fl\u00fcssigglas-Versiegelung - Made in Germany","publisher":{"@id":"https:\/\/www.versiegelung24.com\/sl\/#organization"},"potentialAction":[{"@type":"SearchAction","target":{"@type":"EntryPoint","urlTemplate":"https:\/\/www.versiegelung24.com\/sl\/?s={search_term_string}"},"query-input":{"@type":"PropertyValueSpecification","valueRequired":true,"valueName":"search_term_string"}}],"inLanguage":"sl-SI"},{"@type":"Organization","@id":"https:\/\/www.versiegelung24.com\/sl\/#organization","name":"versiegelung24","url":"https:\/\/www.versiegelung24.com\/sl\/","logo":{"@type":"ImageObject","inLanguage":"sl-SI","@id":"https:\/\/www.versiegelung24.com\/sl\/#\/schema\/logo\/image\/","url":"https:\/\/www.versiegelung24.com\/wp-content\/uploads\/2020\/04\/versiegelung24.png","contentUrl":"https:\/\/www.versiegelung24.com\/wp-content\/uploads\/2020\/04\/versiegelung24.png","width":470,"height":102,"caption":"versiegelung24"},"image":{"@id":"https:\/\/www.versiegelung24.com\/sl\/#\/schema\/logo\/image\/"}}]},"product_price_amount":"74.99","product_price_currency":"EUR","og_availability":"instock","product_availability":"instock","product_retailer_item_id":"4006-691-1000","product_condition":"new"},"_links":{"self":[{"href":"https:\/\/www.versiegelung24.com\/sl\/wp-json\/wp\/v2\/product\/23681","targetHints":{"allow":["GET"]}}],"collection":[{"href":"https:\/\/www.versiegelung24.com\/sl\/wp-json\/wp\/v2\/product"}],"about":[{"href":"https:\/\/www.versiegelung24.com\/sl\/wp-json\/wp\/v2\/types\/product"}],"version-history":[{"count":16,"href":"https:\/\/www.versiegelung24.com\/sl\/wp-json\/wp\/v2\/product\/23681\/revisions"}],"predecessor-version":[{"id":177869,"href":"https:\/\/www.versiegelung24.com\/sl\/wp-json\/wp\/v2\/product\/23681\/revisions\/177869"}],"wp:featuredmedia":[{"embeddable":true,"href":"https:\/\/www.versiegelung24.com\/sl\/wp-json\/wp\/v2\/media\/18297"}],"wp:attachment":[{"href":"https:\/\/www.versiegelung24.com\/sl\/wp-json\/wp\/v2\/media?parent=23681"}],"wp:term":[{"taxonomy":"product_brand","embeddable":true,"href":"https:\/\/www.versiegelung24.com\/sl\/wp-json\/wp\/v2\/product_brand?post=23681"},{"taxonomy":"product_cat","embeddable":true,"href":"https:\/\/www.versiegelung24.com\/sl\/wp-json\/wp\/v2\/product_cat?post=23681"},{"taxonomy":"product_tag","embeddable":true,"href":"https:\/\/www.versiegelung24.com\/sl\/wp-json\/wp\/v2\/product_tag?post=23681"}],"curies":[{"name":"wp","href":"https:\/\/api.w.org\/{rel}","templated":true}]}}