{"id":23775,"date":"2020-04-04T18:53:46","date_gmt":"2021-08-02T20:04:47","guid":{"rendered":"https:\/\/www.versiegelung24.com\/produkt\/krpa-iz-mikrovlaken-30x30-cm-za-predhodno-ciscenje-ali-poliranje"},"modified":"2025-11-28T12:49:01","modified_gmt":"2025-11-28T11:49:01","slug":"krpa-iz-mikrovlaken-30x30cm-za-pred-ciscenje-ali-poliranje","status":"publish","type":"product","link":"https:\/\/www.versiegelung24.com\/sl\/krpa-iz-mikrovlaken-30x30-cm-za-predhodno-ciscenje-ali-poliranje.html","title":{"rendered":"Krpa iz mikrovlaken 30&#215;30 cm za predhodno \u010di\u0161\u010denje ali poliranje"},"content":{"rendered":"\n<p>Krpa iz mikrovlaken za predhodno \u010di\u0161\u010denje ali kon\u010dno poliranje.<\/p>\n\n<p>Zaradi visoke vpojnosti priporo\u010damo tudi krpo iz <a href=\"https:\/\/www.versiegelung24.com\/applikationstuch-20x20cm.html\">mikrovlaken za nana\u0161anje na\u0161ih teko\u010dih tesnil za steklo<\/a><\/p>\n\n<p>Priporo\u010damo, da za vsak korak uporabe na\u0161ih povr\u0161inskih tesnil in impregnacij uporabite lo\u010deno krpo iz mikrovlaken.<\/p>\n\n<p>Material je primeren za ve\u010dkratno uporabo in zato zelo prijazen do okolja. Enostavno pranje v pralnem stroju brez detergenta.<\/p>\n\n<hr\/>\n\n<h4 class=\"wp-block-heading\" id=\"properties\">Zna\u010dilnosti izdelka<\/h4>\n\n<div class=\"wp-block-columns is-layout-flex wp-container-core-columns-is-layout-9d6595d7 wp-block-columns-is-layout-flex\">\n<div class=\"wp-block-column is-layout-flow wp-block-column-is-layout-flow\">\n<p><br\/><br\/>Sestava: 80% poliester, 20% poliamid Velikost: 30x30cm Barva: modra ali bela (izberite)<\/p>\n<\/div>\n\n\n\n<div class=\"wp-block-column is-layout-flow wp-block-column-is-layout-flow\">\n<p>Visoka kakovost s suho maso 280 g\/m2.<\/p>\n<\/div>\n<\/div>\n\n<hr\/>\n\n<h4 class=\"wp-block-heading\" id=\"application\">Aplikacija<\/h4>\n\n<p>Uporablja se lahko univerzalno v zaprtih prostorih in na prostem. Idealna velikost za \u010di\u0161\u010denje stekla, keramike, plovil, avtomobilov in avtodomov.<\/p>\n\n<p>\u010ci\u0161\u010denje, ki ne pu\u0161\u010da lis, ne pu\u0161\u010da prask in se hitro su\u0161i. Delci umazanije in prahu se absorbirajo skoraj brez ostankov.<\/p>\n\n<hr\/>\n\n<h4 class=\"wp-block-heading\" id=\"advisor\">Svetovalec<\/h4>\n\n<p><strong>\u0160tevilne na\u0161e stranke imajo najraje na\u0161e bele krpe iz mikrovlaken<\/strong> &#8211; \u010de po \u010di\u0161\u010denju na krpi ostane umazanija, povr\u0161ina \u0161e ni bila popolnoma in optimalno o\u010di\u0161\u010dena. Dober u\u010dinek tesnjenja lahko dose\u017eete le, \u010de na povr\u0161ini ni ve\u010d umazanije.<\/p>\n","protected":false},"excerpt":{"rendered":"<p><strong>Krpa iz mikrovlaken za predhodno \u010di\u0161\u010denje ali kon\u010dno poliranje:<\/strong><\/p>\n<p>\u2713 Za ve\u010dkratno uporabo<\/p>\n<p>\u2713 Okolju prijazno<\/p>\n<p>\u2713 Izjemno vpojen<\/p>\n<p>\u2713 Hitro su\u0161enje<\/p>\n<p>\u2713 Brez vlaken<\/p>\n<p>\u2713 Brez prask<\/p>\n<p>\u2713 80 % poliester \/ 20 % poliamid  <\/p>\n<p>\u2713 Suha te\u017ea 280 g\/m2<\/p>\n","protected":false},"featured_media":16610,"template":"","meta":{"_acf_changed":false,"neve_meta_sidebar":"","neve_meta_container":"","neve_meta_enable_content_width":"","neve_meta_content_width":0,"neve_meta_title_alignment":"","neve_meta_author_avatar":"","neve_post_elements_order":"","neve_meta_disable_header":"","neve_meta_disable_footer":"","neve_meta_disable_title":"","neve_meta_reading_time":"","_surfaces":[],"_ver_product_tabs":[],"footnotes":""},"product_brand":[],"product_cat":[2252,2258,2259,2260,2525,2708,2176,3090,2227,2249],"product_tag":[],"class_list":{"0":"post-23775","1":"product","2":"type-product","3":"status-publish","4":"has-post-thumbnail","6":"product_cat-cistila","7":"product_cat-razkuzila","8":"product_cat-povrsinska-razkuzila","9":"product_cat-koncentrati-razkuzil","10":"product_cat-univerzalno-tesnilo","11":"product_cat-razkuzilo-za-roke","12":"product_cat-tesnjenje-avtomobila","13":"product_cat-opremo","14":"product_cat-tesnilo-za-steklo-in-keramiko","15":"product_cat-tesnjenje-iz-kovine-in-plastike","16":"pa_farbe-modra","17":"pa_farbe-bela","19":"first","20":"instock","21":"taxable","22":"shipping-taxable","23":"purchasable","24":"product-type-variable","25":"has-default-attributes"},"acf":[],"yoast_head":"<!-- This site is optimized with the Yoast SEO Premium plugin v22.8 (Yoast SEO v27.5) - https:\/\/yoast.com\/product\/yoast-seo-premium-wordpress\/ -->\n<title>Krpa iz mikrovlaken 30x30 cm za predhodno \u010di\u0161\u010denje ali poliranje - versiegelung24.com<\/title>\n<meta name=\"robots\" content=\"index, follow, max-snippet:-1, max-image-preview:large, max-video-preview:-1\" \/>\n<link rel=\"canonical\" href=\"https:\/\/www.versiegelung24.com\/sl\/krpa-iz-mikrovlaken-30x30-cm-za-predhodno-ciscenje-ali-poliranje.html\" \/>\n<meta property=\"og:locale\" content=\"sl_SI\" \/>\n<meta property=\"og:type\" content=\"article\" \/>\n<meta property=\"og:title\" content=\"Krpa iz mikrovlaken 30x30 cm za predhodno \u010di\u0161\u010denje ali poliranje\" \/>\n<meta property=\"og:description\" content=\"Krpa iz mikrovlaken za predhodno \u010di\u0161\u010denje ali kon\u010dno poliranje: \u2713 Za ve\u010dkratno uporabo \u2713 Okolju prijazno \u2713 Izjemno vpojen \u2713 Hitro su\u0161enje \u2713 Brez vlaken \u2713 Brez prask \u2713 80 % poliester \/ 20 % poliamid  \u2713 Suha te\u017ea 280 g\/m2\" \/>\n<meta property=\"og:url\" content=\"https:\/\/www.versiegelung24.com\/sl\/krpa-iz-mikrovlaken-30x30-cm-za-predhodno-ciscenje-ali-poliranje.html\" \/>\n<meta property=\"og:site_name\" content=\"versiegelung24.com\" \/>\n<meta property=\"article:modified_time\" content=\"2025-11-28T11:49:01+00:00\" \/>\n<meta property=\"og:image\" content=\"https:\/\/www.versiegelung24.com\/wp-content\/uploads\/2020\/06\/mikrofasertuch-weiss_2.png\" \/>\n\t<meta property=\"og:image:width\" content=\"650\" \/>\n\t<meta property=\"og:image:height\" content=\"650\" \/>\n\t<meta property=\"og:image:type\" content=\"image\/png\" \/>\n<meta name=\"twitter:card\" content=\"summary_large_image\" \/>\n<meta name=\"twitter:label1\" content=\"Availability\" \/>\n\t<meta name=\"twitter:data1\" content=\"In stock\" \/>\n<script type=\"application\/ld+json\" class=\"yoast-schema-graph\">{\"@context\":\"https:\\\/\\\/schema.org\",\"@graph\":[{\"@type\":\"WebPage\",\"@id\":\"https:\\\/\\\/www.versiegelung24.com\\\/sl\\\/krpa-iz-mikrovlaken-30x30-cm-za-predhodno-ciscenje-ali-poliranje.html\",\"url\":\"https:\\\/\\\/www.versiegelung24.com\\\/sl\\\/krpa-iz-mikrovlaken-30x30-cm-za-predhodno-ciscenje-ali-poliranje.html\",\"name\":\"Krpa iz mikrovlaken 30x30 cm za predhodno \u010di\u0161\u010denje ali poliranje - versiegelung24.com\",\"isPartOf\":{\"@id\":\"https:\\\/\\\/www.versiegelung24.com\\\/sl\\\/#website\"},\"primaryImageOfPage\":{\"@id\":\"https:\\\/\\\/www.versiegelung24.com\\\/sl\\\/krpa-iz-mikrovlaken-30x30-cm-za-predhodno-ciscenje-ali-poliranje.html#primaryimage\"},\"image\":{\"@id\":\"https:\\\/\\\/www.versiegelung24.com\\\/sl\\\/krpa-iz-mikrovlaken-30x30-cm-za-predhodno-ciscenje-ali-poliranje.html#primaryimage\"},\"thumbnailUrl\":\"https:\\\/\\\/www.versiegelung24.com\\\/wp-content\\\/uploads\\\/2020\\\/06\\\/mikrofasertuch-weiss_2.png\",\"datePublished\":\"2021-08-02T20:04:47+00:00\",\"dateModified\":\"2025-11-28T11:49:01+00:00\",\"breadcrumb\":{\"@id\":\"https:\\\/\\\/www.versiegelung24.com\\\/sl\\\/krpa-iz-mikrovlaken-30x30-cm-za-predhodno-ciscenje-ali-poliranje.html#breadcrumb\"},\"inLanguage\":\"sl-SI\",\"potentialAction\":[{\"@type\":\"ReadAction\",\"target\":[\"https:\\\/\\\/www.versiegelung24.com\\\/sl\\\/krpa-iz-mikrovlaken-30x30-cm-za-predhodno-ciscenje-ali-poliranje.html\"]}]},{\"@type\":\"ImageObject\",\"inLanguage\":\"sl-SI\",\"@id\":\"https:\\\/\\\/www.versiegelung24.com\\\/sl\\\/krpa-iz-mikrovlaken-30x30-cm-za-predhodno-ciscenje-ali-poliranje.html#primaryimage\",\"url\":\"https:\\\/\\\/www.versiegelung24.com\\\/wp-content\\\/uploads\\\/2020\\\/06\\\/mikrofasertuch-weiss_2.png\",\"contentUrl\":\"https:\\\/\\\/www.versiegelung24.com\\\/wp-content\\\/uploads\\\/2020\\\/06\\\/mikrofasertuch-weiss_2.png\",\"width\":650,\"height\":650},{\"@type\":\"BreadcrumbList\",\"@id\":\"https:\\\/\\\/www.versiegelung24.com\\\/sl\\\/krpa-iz-mikrovlaken-30x30-cm-za-predhodno-ciscenje-ali-poliranje.html#breadcrumb\",\"itemListElement\":[{\"@type\":\"ListItem\",\"position\":1,\"name\":\"Doma\u010da stran\",\"item\":\"https:\\\/\\\/www.versiegelung24.com\\\/sl\\\/spredaj\\\/\"},{\"@type\":\"ListItem\",\"position\":2,\"name\":\"Nakupujte\",\"item\":\"https:\\\/\\\/www.versiegelung24.com\\\/sl\\\/nakupujte\\\/\"},{\"@type\":\"ListItem\",\"position\":3,\"name\":\"Krpa iz mikrovlaken 30&#215;30 cm za predhodno \u010di\u0161\u010denje ali poliranje\"}]},{\"@type\":\"WebSite\",\"@id\":\"https:\\\/\\\/www.versiegelung24.com\\\/sl\\\/#website\",\"url\":\"https:\\\/\\\/www.versiegelung24.com\\\/sl\\\/\",\"name\":\"versiegelung24.com\",\"description\":\"Fl\u00fcssigglas-Versiegelung - Made in Germany\",\"publisher\":{\"@id\":\"https:\\\/\\\/www.versiegelung24.com\\\/sl\\\/#organization\"},\"potentialAction\":[{\"@type\":\"SearchAction\",\"target\":{\"@type\":\"EntryPoint\",\"urlTemplate\":\"https:\\\/\\\/www.versiegelung24.com\\\/sl\\\/?s={search_term_string}\"},\"query-input\":{\"@type\":\"PropertyValueSpecification\",\"valueRequired\":true,\"valueName\":\"search_term_string\"}}],\"inLanguage\":\"sl-SI\"},{\"@type\":\"Organization\",\"@id\":\"https:\\\/\\\/www.versiegelung24.com\\\/sl\\\/#organization\",\"name\":\"versiegelung24\",\"url\":\"https:\\\/\\\/www.versiegelung24.com\\\/sl\\\/\",\"logo\":{\"@type\":\"ImageObject\",\"inLanguage\":\"sl-SI\",\"@id\":\"https:\\\/\\\/www.versiegelung24.com\\\/sl\\\/#\\\/schema\\\/logo\\\/image\\\/\",\"url\":\"https:\\\/\\\/www.versiegelung24.com\\\/wp-content\\\/uploads\\\/2020\\\/04\\\/versiegelung24.png\",\"contentUrl\":\"https:\\\/\\\/www.versiegelung24.com\\\/wp-content\\\/uploads\\\/2020\\\/04\\\/versiegelung24.png\",\"width\":470,\"height\":102,\"caption\":\"versiegelung24\"},\"image\":{\"@id\":\"https:\\\/\\\/www.versiegelung24.com\\\/sl\\\/#\\\/schema\\\/logo\\\/image\\\/\"}}]}<\/script>\n<meta property=\"og:availability\" content=\"instock\" \/>\n<meta property=\"product:availability\" content=\"instock\" \/>\n<meta property=\"product:retailer_item_id\" content=\"9002-1\" \/>\n<meta property=\"product:condition\" content=\"new\" \/>\n<!-- \/ Yoast SEO Premium plugin. -->","yoast_head_json":{"title":"Krpa iz mikrovlaken 30x30 cm za predhodno \u010di\u0161\u010denje ali poliranje - versiegelung24.com","robots":{"index":"index","follow":"follow","max-snippet":"max-snippet:-1","max-image-preview":"max-image-preview:large","max-video-preview":"max-video-preview:-1"},"canonical":"https:\/\/www.versiegelung24.com\/sl\/krpa-iz-mikrovlaken-30x30-cm-za-predhodno-ciscenje-ali-poliranje.html","og_locale":"sl_SI","og_type":"article","og_title":"Krpa iz mikrovlaken 30x30 cm za predhodno \u010di\u0161\u010denje ali poliranje","og_description":"Krpa iz mikrovlaken za predhodno \u010di\u0161\u010denje ali kon\u010dno poliranje: \u2713 Za ve\u010dkratno uporabo \u2713 Okolju prijazno \u2713 Izjemno vpojen \u2713 Hitro su\u0161enje \u2713 Brez vlaken \u2713 Brez prask \u2713 80 % poliester \/ 20 % poliamid  \u2713 Suha te\u017ea 280 g\/m2","og_url":"https:\/\/www.versiegelung24.com\/sl\/krpa-iz-mikrovlaken-30x30-cm-za-predhodno-ciscenje-ali-poliranje.html","og_site_name":"versiegelung24.com","article_modified_time":"2025-11-28T11:49:01+00:00","og_image":[{"width":650,"height":650,"url":"https:\/\/www.versiegelung24.com\/wp-content\/uploads\/2020\/06\/mikrofasertuch-weiss_2.png","type":"image\/png"}],"twitter_card":"summary_large_image","twitter_misc":{"Availability":"In stock"},"schema":{"@context":"https:\/\/schema.org","@graph":[{"@type":"WebPage","@id":"https:\/\/www.versiegelung24.com\/sl\/krpa-iz-mikrovlaken-30x30-cm-za-predhodno-ciscenje-ali-poliranje.html","url":"https:\/\/www.versiegelung24.com\/sl\/krpa-iz-mikrovlaken-30x30-cm-za-predhodno-ciscenje-ali-poliranje.html","name":"Krpa iz mikrovlaken 30x30 cm za predhodno \u010di\u0161\u010denje ali poliranje - versiegelung24.com","isPartOf":{"@id":"https:\/\/www.versiegelung24.com\/sl\/#website"},"primaryImageOfPage":{"@id":"https:\/\/www.versiegelung24.com\/sl\/krpa-iz-mikrovlaken-30x30-cm-za-predhodno-ciscenje-ali-poliranje.html#primaryimage"},"image":{"@id":"https:\/\/www.versiegelung24.com\/sl\/krpa-iz-mikrovlaken-30x30-cm-za-predhodno-ciscenje-ali-poliranje.html#primaryimage"},"thumbnailUrl":"https:\/\/www.versiegelung24.com\/wp-content\/uploads\/2020\/06\/mikrofasertuch-weiss_2.png","datePublished":"2021-08-02T20:04:47+00:00","dateModified":"2025-11-28T11:49:01+00:00","breadcrumb":{"@id":"https:\/\/www.versiegelung24.com\/sl\/krpa-iz-mikrovlaken-30x30-cm-za-predhodno-ciscenje-ali-poliranje.html#breadcrumb"},"inLanguage":"sl-SI","potentialAction":[{"@type":"ReadAction","target":["https:\/\/www.versiegelung24.com\/sl\/krpa-iz-mikrovlaken-30x30-cm-za-predhodno-ciscenje-ali-poliranje.html"]}]},{"@type":"ImageObject","inLanguage":"sl-SI","@id":"https:\/\/www.versiegelung24.com\/sl\/krpa-iz-mikrovlaken-30x30-cm-za-predhodno-ciscenje-ali-poliranje.html#primaryimage","url":"https:\/\/www.versiegelung24.com\/wp-content\/uploads\/2020\/06\/mikrofasertuch-weiss_2.png","contentUrl":"https:\/\/www.versiegelung24.com\/wp-content\/uploads\/2020\/06\/mikrofasertuch-weiss_2.png","width":650,"height":650},{"@type":"BreadcrumbList","@id":"https:\/\/www.versiegelung24.com\/sl\/krpa-iz-mikrovlaken-30x30-cm-za-predhodno-ciscenje-ali-poliranje.html#breadcrumb","itemListElement":[{"@type":"ListItem","position":1,"name":"Doma\u010da stran","item":"https:\/\/www.versiegelung24.com\/sl\/spredaj\/"},{"@type":"ListItem","position":2,"name":"Nakupujte","item":"https:\/\/www.versiegelung24.com\/sl\/nakupujte\/"},{"@type":"ListItem","position":3,"name":"Krpa iz mikrovlaken 30&#215;30 cm za predhodno \u010di\u0161\u010denje ali poliranje"}]},{"@type":"WebSite","@id":"https:\/\/www.versiegelung24.com\/sl\/#website","url":"https:\/\/www.versiegelung24.com\/sl\/","name":"versiegelung24.com","description":"Fl\u00fcssigglas-Versiegelung - Made in Germany","publisher":{"@id":"https:\/\/www.versiegelung24.com\/sl\/#organization"},"potentialAction":[{"@type":"SearchAction","target":{"@type":"EntryPoint","urlTemplate":"https:\/\/www.versiegelung24.com\/sl\/?s={search_term_string}"},"query-input":{"@type":"PropertyValueSpecification","valueRequired":true,"valueName":"search_term_string"}}],"inLanguage":"sl-SI"},{"@type":"Organization","@id":"https:\/\/www.versiegelung24.com\/sl\/#organization","name":"versiegelung24","url":"https:\/\/www.versiegelung24.com\/sl\/","logo":{"@type":"ImageObject","inLanguage":"sl-SI","@id":"https:\/\/www.versiegelung24.com\/sl\/#\/schema\/logo\/image\/","url":"https:\/\/www.versiegelung24.com\/wp-content\/uploads\/2020\/04\/versiegelung24.png","contentUrl":"https:\/\/www.versiegelung24.com\/wp-content\/uploads\/2020\/04\/versiegelung24.png","width":470,"height":102,"caption":"versiegelung24"},"image":{"@id":"https:\/\/www.versiegelung24.com\/sl\/#\/schema\/logo\/image\/"}}]},"og_availability":"instock","product_availability":"instock","product_retailer_item_id":"9002-1","product_condition":"new"},"_links":{"self":[{"href":"https:\/\/www.versiegelung24.com\/sl\/wp-json\/wp\/v2\/product\/23775","targetHints":{"allow":["GET"]}}],"collection":[{"href":"https:\/\/www.versiegelung24.com\/sl\/wp-json\/wp\/v2\/product"}],"about":[{"href":"https:\/\/www.versiegelung24.com\/sl\/wp-json\/wp\/v2\/types\/product"}],"version-history":[{"count":22,"href":"https:\/\/www.versiegelung24.com\/sl\/wp-json\/wp\/v2\/product\/23775\/revisions"}],"predecessor-version":[{"id":177783,"href":"https:\/\/www.versiegelung24.com\/sl\/wp-json\/wp\/v2\/product\/23775\/revisions\/177783"}],"wp:featuredmedia":[{"embeddable":true,"href":"https:\/\/www.versiegelung24.com\/sl\/wp-json\/wp\/v2\/media\/16610"}],"wp:attachment":[{"href":"https:\/\/www.versiegelung24.com\/sl\/wp-json\/wp\/v2\/media?parent=23775"}],"wp:term":[{"taxonomy":"product_brand","embeddable":true,"href":"https:\/\/www.versiegelung24.com\/sl\/wp-json\/wp\/v2\/product_brand?post=23775"},{"taxonomy":"product_cat","embeddable":true,"href":"https:\/\/www.versiegelung24.com\/sl\/wp-json\/wp\/v2\/product_cat?post=23775"},{"taxonomy":"product_tag","embeddable":true,"href":"https:\/\/www.versiegelung24.com\/sl\/wp-json\/wp\/v2\/product_tag?post=23775"}],"curies":[{"name":"wp","href":"https:\/\/api.w.org\/{rel}","templated":true}]}}