{"id":23800,"date":"2020-04-04T18:53:45","date_gmt":"2021-08-02T20:05:51","guid":{"rendered":"https:\/\/www.versiegelung24.com\/produkt\/cistilo-iz-nerjavecega-jekla-blu1000-za-profesionalno-ciscenje-in-pripravo-povrsin-iz-nerjavecega-jekla"},"modified":"2025-03-20T10:01:25","modified_gmt":"2025-03-20T09:01:25","slug":"cistilec-za-nerjavno-jeklo-blu1000-za-profesionalno-ciscenje-in-kondicioniranje-povrsin-iz-nerjavecega-jekla","status":"publish","type":"product","link":"https:\/\/www.versiegelung24.com\/sl\/cistilec-za-nerjavno-jeklo-blu1000-za-profesionalno-ciscenje-in-kondicioniranje-povrsin-iz-nerjavecega-jekla.html","title":{"rendered":"\u010cistilo za nerjavno jeklo BLU1000 &#8211; za profesionalno \u010di\u0161\u010denje in pripravo povr\u0161in iz nerjavnega jekla"},"content":{"rendered":"\n<p><strong>Posebno \u010distilo za nerjavno jeklo BLU1000<\/strong><\/p>\n\n<hr \/>\n\n<h4 class=\"wp-block-heading\" id=\"properties\">Zna\u010dilnosti izdelka<\/h4>\n\n<p>Izdelek vsebuje zelo aktivne \u010distilne dodatke in dodatke za obnovo najte\u017eje umazanih, po\u0161kodovanih, korodiranih in grdih povr\u0161in iz nerjave\u010dega jekla. Rezultat je dobra opti\u010dna do sijajna povr\u0161ina.<\/p>\n\n<p><br \/><br \/>Obseg dobave: 1 x litrska steklenica 1 x opis izdelka<\/p>\n\n<hr \/>\n\n<h4 class=\"wp-block-heading\" id=\"application\">Aplikacija<\/h4>\n\n<p>Notranje in zunanje povr\u0161ine iz nerjavnega jekla, premazi (kovinski, organski, anorganski) v industriji, trgovini, luksuzni in \u017eivilski industriji, ob\u010dinskih prostorih (npr. bazeni, ambulante) in doma.<\/p>\n\n<p>Posebno \u010distilo za nerjavno jeklo BLU1000 se uporablja kot posebno \u010distilo za najve\u010djo umazanijo, usedline in korozijo na posodah, pivovarskih sistemih, stopnicah, ograjah, ograjah, bazenih, jeklenih fasadah, pohi\u0161tvu in \u0161e marsi\u010dem. razporejen.<\/p>\n\n<p>BLU1000 je posebno \u010distilo za nerjave\u010de jeklo, vendar se lahko uporablja tudi na drugih povr\u0161inah. Toda najprej preizkusite na neopaznem obmo\u010dju.<\/p>\n\n<p><br \/>P<strong>oraba<\/strong>: 0,5-1 kg za 10 m\u00b2.<\/p>\n\n<p>Vse informacije niso zavezujo\u010de. <br \/>Pred uporabo je treba preveriti ustreznost izdelka. Predmet tehni\u010dnih sprememb.<\/p>\n","protected":false},"excerpt":{"rendered":"<p><strong>Izdelek vsebuje:<\/strong><\/p>\n<p>\u2713 Visoko aktivna \u010distilna sredstva in dodatki za obdelavo najmo\u010dnej\u0161ih onesna\u017eenih, po\u0161kodovanih, korodiranih in grdih povr\u0161in iz nerjavnega jekla.<\/p>\n<p>\u2713 Ustvarjena je dobra opti\u010dna do sijajna povr\u0161ina.<\/p>\n","protected":false},"featured_media":13220,"template":"","meta":{"_acf_changed":false,"neve_meta_sidebar":"","neve_meta_container":"","neve_meta_enable_content_width":"","neve_meta_content_width":0,"neve_meta_title_alignment":"","neve_meta_author_avatar":"","neve_post_elements_order":"","neve_meta_disable_header":"","neve_meta_disable_footer":"","neve_meta_disable_title":"","neve_meta_reading_time":"","_surfaces":[],"_ver_product_tabs":[],"footnotes":""},"product_brand":[],"product_cat":[2249,2252,2727,2176],"product_tag":[],"class_list":{"0":"post-23800","1":"product","2":"type-product","3":"status-publish","4":"has-post-thumbnail","6":"product_cat-tesnjenje-iz-kovine-in-plastike","7":"product_cat-cistila","8":"product_cat-cistilo-iz-nerjavecega-jekla","9":"product_cat-tesnjenje-avtomobila","11":"first","12":"instock","13":"taxable","14":"shipping-taxable","15":"purchasable","16":"product-type-simple"},"acf":[],"yoast_head":"<!-- This site is optimized with the Yoast SEO Premium plugin v22.8 (Yoast SEO v27.5) - https:\/\/yoast.com\/product\/yoast-seo-premium-wordpress\/ -->\n<title>\u010cistilo za nerjavno jeklo BLU1000 - za profesionalno \u010di\u0161\u010denje in pripravo povr\u0161in iz nerjavnega jekla - versiegelung24.com<\/title>\n<meta name=\"robots\" content=\"index, follow, max-snippet:-1, max-image-preview:large, max-video-preview:-1\" \/>\n<link rel=\"canonical\" href=\"https:\/\/www.versiegelung24.com\/sl\/cistilec-za-nerjavno-jeklo-blu1000-za-profesionalno-ciscenje-in-kondicioniranje-povrsin-iz-nerjavecega-jekla.html\" \/>\n<meta property=\"og:locale\" content=\"sl_SI\" \/>\n<meta property=\"og:type\" content=\"article\" \/>\n<meta property=\"og:title\" content=\"\u010cistilo za nerjavno jeklo BLU1000 - za profesionalno \u010di\u0161\u010denje in pripravo povr\u0161in iz nerjavnega jekla\" \/>\n<meta property=\"og:description\" content=\"Izdelek vsebuje: \u2713 Visoko aktivna \u010distilna sredstva in dodatki za obdelavo najmo\u010dnej\u0161ih onesna\u017eenih, po\u0161kodovanih, korodiranih in grdih povr\u0161in iz nerjavnega jekla. \u2713 Ustvarjena je dobra opti\u010dna do sijajna povr\u0161ina.\" \/>\n<meta property=\"og:url\" content=\"https:\/\/www.versiegelung24.com\/sl\/cistilec-za-nerjavno-jeklo-blu1000-za-profesionalno-ciscenje-in-kondicioniranje-povrsin-iz-nerjavecega-jekla.html\" \/>\n<meta property=\"og:site_name\" content=\"versiegelung24.com\" \/>\n<meta property=\"article:modified_time\" content=\"2025-03-20T09:01:25+00:00\" \/>\n<meta property=\"og:image\" content=\"https:\/\/www.versiegelung24.com\/wp-content\/uploads\/2020\/04\/produktfoto_edelstahlreiniger.jpg\" \/>\n\t<meta property=\"og:image:width\" content=\"1000\" \/>\n\t<meta property=\"og:image:height\" content=\"1000\" \/>\n\t<meta property=\"og:image:type\" content=\"image\/jpeg\" \/>\n<meta name=\"twitter:card\" content=\"summary_large_image\" \/>\n<meta name=\"twitter:label1\" content=\"Price\" \/>\n\t<meta name=\"twitter:data1\" content=\"49,99&euro;\" \/>\n\t<meta name=\"twitter:label2\" content=\"Availability\" \/>\n\t<meta name=\"twitter:data2\" content=\"In stock\" \/>\n<script type=\"application\/ld+json\" class=\"yoast-schema-graph\">{\"@context\":\"https:\\\/\\\/schema.org\",\"@graph\":[{\"@type\":\"WebPage\",\"@id\":\"https:\\\/\\\/www.versiegelung24.com\\\/sl\\\/cistilec-za-nerjavno-jeklo-blu1000-za-profesionalno-ciscenje-in-kondicioniranje-povrsin-iz-nerjavecega-jekla.html\",\"url\":\"https:\\\/\\\/www.versiegelung24.com\\\/sl\\\/cistilec-za-nerjavno-jeklo-blu1000-za-profesionalno-ciscenje-in-kondicioniranje-povrsin-iz-nerjavecega-jekla.html\",\"name\":\"\u010cistilo za nerjavno jeklo BLU1000 - za profesionalno \u010di\u0161\u010denje in pripravo povr\u0161in iz nerjavnega jekla - versiegelung24.com\",\"isPartOf\":{\"@id\":\"https:\\\/\\\/www.versiegelung24.com\\\/sl\\\/#website\"},\"primaryImageOfPage\":{\"@id\":\"https:\\\/\\\/www.versiegelung24.com\\\/sl\\\/cistilec-za-nerjavno-jeklo-blu1000-za-profesionalno-ciscenje-in-kondicioniranje-povrsin-iz-nerjavecega-jekla.html#primaryimage\"},\"image\":{\"@id\":\"https:\\\/\\\/www.versiegelung24.com\\\/sl\\\/cistilec-za-nerjavno-jeklo-blu1000-za-profesionalno-ciscenje-in-kondicioniranje-povrsin-iz-nerjavecega-jekla.html#primaryimage\"},\"thumbnailUrl\":\"https:\\\/\\\/www.versiegelung24.com\\\/wp-content\\\/uploads\\\/2020\\\/04\\\/produktfoto_edelstahlreiniger.jpg\",\"datePublished\":\"2021-08-02T20:05:51+00:00\",\"dateModified\":\"2025-03-20T09:01:25+00:00\",\"breadcrumb\":{\"@id\":\"https:\\\/\\\/www.versiegelung24.com\\\/sl\\\/cistilec-za-nerjavno-jeklo-blu1000-za-profesionalno-ciscenje-in-kondicioniranje-povrsin-iz-nerjavecega-jekla.html#breadcrumb\"},\"inLanguage\":\"sl-SI\",\"potentialAction\":[{\"@type\":\"ReadAction\",\"target\":[\"https:\\\/\\\/www.versiegelung24.com\\\/sl\\\/cistilec-za-nerjavno-jeklo-blu1000-za-profesionalno-ciscenje-in-kondicioniranje-povrsin-iz-nerjavecega-jekla.html\"]}]},{\"@type\":\"ImageObject\",\"inLanguage\":\"sl-SI\",\"@id\":\"https:\\\/\\\/www.versiegelung24.com\\\/sl\\\/cistilec-za-nerjavno-jeklo-blu1000-za-profesionalno-ciscenje-in-kondicioniranje-povrsin-iz-nerjavecega-jekla.html#primaryimage\",\"url\":\"https:\\\/\\\/www.versiegelung24.com\\\/wp-content\\\/uploads\\\/2020\\\/04\\\/produktfoto_edelstahlreiniger.jpg\",\"contentUrl\":\"https:\\\/\\\/www.versiegelung24.com\\\/wp-content\\\/uploads\\\/2020\\\/04\\\/produktfoto_edelstahlreiniger.jpg\",\"width\":1000,\"height\":1000},{\"@type\":\"BreadcrumbList\",\"@id\":\"https:\\\/\\\/www.versiegelung24.com\\\/sl\\\/cistilec-za-nerjavno-jeklo-blu1000-za-profesionalno-ciscenje-in-kondicioniranje-povrsin-iz-nerjavecega-jekla.html#breadcrumb\",\"itemListElement\":[{\"@type\":\"ListItem\",\"position\":1,\"name\":\"Doma\u010da stran\",\"item\":\"https:\\\/\\\/www.versiegelung24.com\\\/sl\\\/spredaj\\\/\"},{\"@type\":\"ListItem\",\"position\":2,\"name\":\"Nakupujte\",\"item\":\"https:\\\/\\\/www.versiegelung24.com\\\/sl\\\/nakupujte\\\/\"},{\"@type\":\"ListItem\",\"position\":3,\"name\":\"\u010cistilo za nerjavno jeklo BLU1000 &#8211; za profesionalno \u010di\u0161\u010denje in pripravo povr\u0161in iz nerjavnega jekla\"}]},{\"@type\":\"WebSite\",\"@id\":\"https:\\\/\\\/www.versiegelung24.com\\\/sl\\\/#website\",\"url\":\"https:\\\/\\\/www.versiegelung24.com\\\/sl\\\/\",\"name\":\"versiegelung24.com\",\"description\":\"Fl\u00fcssigglas-Versiegelung - Made in Germany\",\"publisher\":{\"@id\":\"https:\\\/\\\/www.versiegelung24.com\\\/sl\\\/#organization\"},\"potentialAction\":[{\"@type\":\"SearchAction\",\"target\":{\"@type\":\"EntryPoint\",\"urlTemplate\":\"https:\\\/\\\/www.versiegelung24.com\\\/sl\\\/?s={search_term_string}\"},\"query-input\":{\"@type\":\"PropertyValueSpecification\",\"valueRequired\":true,\"valueName\":\"search_term_string\"}}],\"inLanguage\":\"sl-SI\"},{\"@type\":\"Organization\",\"@id\":\"https:\\\/\\\/www.versiegelung24.com\\\/sl\\\/#organization\",\"name\":\"versiegelung24\",\"url\":\"https:\\\/\\\/www.versiegelung24.com\\\/sl\\\/\",\"logo\":{\"@type\":\"ImageObject\",\"inLanguage\":\"sl-SI\",\"@id\":\"https:\\\/\\\/www.versiegelung24.com\\\/sl\\\/#\\\/schema\\\/logo\\\/image\\\/\",\"url\":\"https:\\\/\\\/www.versiegelung24.com\\\/wp-content\\\/uploads\\\/2020\\\/04\\\/versiegelung24.png\",\"contentUrl\":\"https:\\\/\\\/www.versiegelung24.com\\\/wp-content\\\/uploads\\\/2020\\\/04\\\/versiegelung24.png\",\"width\":470,\"height\":102,\"caption\":\"versiegelung24\"},\"image\":{\"@id\":\"https:\\\/\\\/www.versiegelung24.com\\\/sl\\\/#\\\/schema\\\/logo\\\/image\\\/\"}}]}<\/script>\n<meta property=\"product:price:amount\" content=\"49.99\" \/>\n<meta property=\"product:price:currency\" content=\"EUR\" \/>\n<meta property=\"og:availability\" content=\"instock\" \/>\n<meta property=\"product:availability\" content=\"instock\" \/>\n<meta property=\"product:retailer_item_id\" content=\"9001-BLU1000\" \/>\n<meta property=\"product:condition\" content=\"new\" \/>\n<!-- \/ Yoast SEO Premium plugin. -->","yoast_head_json":{"title":"\u010cistilo za nerjavno jeklo BLU1000 - za profesionalno \u010di\u0161\u010denje in pripravo povr\u0161in iz nerjavnega jekla - versiegelung24.com","robots":{"index":"index","follow":"follow","max-snippet":"max-snippet:-1","max-image-preview":"max-image-preview:large","max-video-preview":"max-video-preview:-1"},"canonical":"https:\/\/www.versiegelung24.com\/sl\/cistilec-za-nerjavno-jeklo-blu1000-za-profesionalno-ciscenje-in-kondicioniranje-povrsin-iz-nerjavecega-jekla.html","og_locale":"sl_SI","og_type":"article","og_title":"\u010cistilo za nerjavno jeklo BLU1000 - za profesionalno \u010di\u0161\u010denje in pripravo povr\u0161in iz nerjavnega jekla","og_description":"Izdelek vsebuje: \u2713 Visoko aktivna \u010distilna sredstva in dodatki za obdelavo najmo\u010dnej\u0161ih onesna\u017eenih, po\u0161kodovanih, korodiranih in grdih povr\u0161in iz nerjavnega jekla. \u2713 Ustvarjena je dobra opti\u010dna do sijajna povr\u0161ina.","og_url":"https:\/\/www.versiegelung24.com\/sl\/cistilec-za-nerjavno-jeklo-blu1000-za-profesionalno-ciscenje-in-kondicioniranje-povrsin-iz-nerjavecega-jekla.html","og_site_name":"versiegelung24.com","article_modified_time":"2025-03-20T09:01:25+00:00","og_image":[{"width":1000,"height":1000,"url":"https:\/\/www.versiegelung24.com\/wp-content\/uploads\/2020\/04\/produktfoto_edelstahlreiniger.jpg","type":"image\/jpeg"}],"twitter_card":"summary_large_image","twitter_misc":{"Price":"49,99&euro;","Availability":"In stock"},"schema":{"@context":"https:\/\/schema.org","@graph":[{"@type":"WebPage","@id":"https:\/\/www.versiegelung24.com\/sl\/cistilec-za-nerjavno-jeklo-blu1000-za-profesionalno-ciscenje-in-kondicioniranje-povrsin-iz-nerjavecega-jekla.html","url":"https:\/\/www.versiegelung24.com\/sl\/cistilec-za-nerjavno-jeklo-blu1000-za-profesionalno-ciscenje-in-kondicioniranje-povrsin-iz-nerjavecega-jekla.html","name":"\u010cistilo za nerjavno jeklo BLU1000 - za profesionalno \u010di\u0161\u010denje in pripravo povr\u0161in iz nerjavnega jekla - versiegelung24.com","isPartOf":{"@id":"https:\/\/www.versiegelung24.com\/sl\/#website"},"primaryImageOfPage":{"@id":"https:\/\/www.versiegelung24.com\/sl\/cistilec-za-nerjavno-jeklo-blu1000-za-profesionalno-ciscenje-in-kondicioniranje-povrsin-iz-nerjavecega-jekla.html#primaryimage"},"image":{"@id":"https:\/\/www.versiegelung24.com\/sl\/cistilec-za-nerjavno-jeklo-blu1000-za-profesionalno-ciscenje-in-kondicioniranje-povrsin-iz-nerjavecega-jekla.html#primaryimage"},"thumbnailUrl":"https:\/\/www.versiegelung24.com\/wp-content\/uploads\/2020\/04\/produktfoto_edelstahlreiniger.jpg","datePublished":"2021-08-02T20:05:51+00:00","dateModified":"2025-03-20T09:01:25+00:00","breadcrumb":{"@id":"https:\/\/www.versiegelung24.com\/sl\/cistilec-za-nerjavno-jeklo-blu1000-za-profesionalno-ciscenje-in-kondicioniranje-povrsin-iz-nerjavecega-jekla.html#breadcrumb"},"inLanguage":"sl-SI","potentialAction":[{"@type":"ReadAction","target":["https:\/\/www.versiegelung24.com\/sl\/cistilec-za-nerjavno-jeklo-blu1000-za-profesionalno-ciscenje-in-kondicioniranje-povrsin-iz-nerjavecega-jekla.html"]}]},{"@type":"ImageObject","inLanguage":"sl-SI","@id":"https:\/\/www.versiegelung24.com\/sl\/cistilec-za-nerjavno-jeklo-blu1000-za-profesionalno-ciscenje-in-kondicioniranje-povrsin-iz-nerjavecega-jekla.html#primaryimage","url":"https:\/\/www.versiegelung24.com\/wp-content\/uploads\/2020\/04\/produktfoto_edelstahlreiniger.jpg","contentUrl":"https:\/\/www.versiegelung24.com\/wp-content\/uploads\/2020\/04\/produktfoto_edelstahlreiniger.jpg","width":1000,"height":1000},{"@type":"BreadcrumbList","@id":"https:\/\/www.versiegelung24.com\/sl\/cistilec-za-nerjavno-jeklo-blu1000-za-profesionalno-ciscenje-in-kondicioniranje-povrsin-iz-nerjavecega-jekla.html#breadcrumb","itemListElement":[{"@type":"ListItem","position":1,"name":"Doma\u010da stran","item":"https:\/\/www.versiegelung24.com\/sl\/spredaj\/"},{"@type":"ListItem","position":2,"name":"Nakupujte","item":"https:\/\/www.versiegelung24.com\/sl\/nakupujte\/"},{"@type":"ListItem","position":3,"name":"\u010cistilo za nerjavno jeklo BLU1000 &#8211; za profesionalno \u010di\u0161\u010denje in pripravo povr\u0161in iz nerjavnega jekla"}]},{"@type":"WebSite","@id":"https:\/\/www.versiegelung24.com\/sl\/#website","url":"https:\/\/www.versiegelung24.com\/sl\/","name":"versiegelung24.com","description":"Fl\u00fcssigglas-Versiegelung - Made in Germany","publisher":{"@id":"https:\/\/www.versiegelung24.com\/sl\/#organization"},"potentialAction":[{"@type":"SearchAction","target":{"@type":"EntryPoint","urlTemplate":"https:\/\/www.versiegelung24.com\/sl\/?s={search_term_string}"},"query-input":{"@type":"PropertyValueSpecification","valueRequired":true,"valueName":"search_term_string"}}],"inLanguage":"sl-SI"},{"@type":"Organization","@id":"https:\/\/www.versiegelung24.com\/sl\/#organization","name":"versiegelung24","url":"https:\/\/www.versiegelung24.com\/sl\/","logo":{"@type":"ImageObject","inLanguage":"sl-SI","@id":"https:\/\/www.versiegelung24.com\/sl\/#\/schema\/logo\/image\/","url":"https:\/\/www.versiegelung24.com\/wp-content\/uploads\/2020\/04\/versiegelung24.png","contentUrl":"https:\/\/www.versiegelung24.com\/wp-content\/uploads\/2020\/04\/versiegelung24.png","width":470,"height":102,"caption":"versiegelung24"},"image":{"@id":"https:\/\/www.versiegelung24.com\/sl\/#\/schema\/logo\/image\/"}}]},"product_price_amount":"49.99","product_price_currency":"EUR","og_availability":"instock","product_availability":"instock","product_retailer_item_id":"9001-BLU1000","product_condition":"new"},"_links":{"self":[{"href":"https:\/\/www.versiegelung24.com\/sl\/wp-json\/wp\/v2\/product\/23800","targetHints":{"allow":["GET"]}}],"collection":[{"href":"https:\/\/www.versiegelung24.com\/sl\/wp-json\/wp\/v2\/product"}],"about":[{"href":"https:\/\/www.versiegelung24.com\/sl\/wp-json\/wp\/v2\/types\/product"}],"version-history":[{"count":14,"href":"https:\/\/www.versiegelung24.com\/sl\/wp-json\/wp\/v2\/product\/23800\/revisions"}],"predecessor-version":[{"id":181079,"href":"https:\/\/www.versiegelung24.com\/sl\/wp-json\/wp\/v2\/product\/23800\/revisions\/181079"}],"wp:featuredmedia":[{"embeddable":true,"href":"https:\/\/www.versiegelung24.com\/sl\/wp-json\/wp\/v2\/media\/13220"}],"wp:attachment":[{"href":"https:\/\/www.versiegelung24.com\/sl\/wp-json\/wp\/v2\/media?parent=23800"}],"wp:term":[{"taxonomy":"product_brand","embeddable":true,"href":"https:\/\/www.versiegelung24.com\/sl\/wp-json\/wp\/v2\/product_brand?post=23800"},{"taxonomy":"product_cat","embeddable":true,"href":"https:\/\/www.versiegelung24.com\/sl\/wp-json\/wp\/v2\/product_cat?post=23800"},{"taxonomy":"product_tag","embeddable":true,"href":"https:\/\/www.versiegelung24.com\/sl\/wp-json\/wp\/v2\/product_tag?post=23800"}],"curies":[{"name":"wp","href":"https:\/\/api.w.org\/{rel}","templated":true}]}}