{"id":23966,"date":"2020-04-27T21:45:35","date_gmt":"2021-08-02T20:14:04","guid":{"rendered":"https:\/\/www.versiegelung24.com\/produkt\/zascitni-premaz-proti-grafiti-zelo-ucinkovito-fasadno-tesnjenje"},"modified":"2025-01-04T00:03:15","modified_gmt":"2025-01-03T23:03:15","slug":"zascita-proti-grafiti-visoko-ucinkovito-fasadno-tesnjenje","status":"publish","type":"product","link":"https:\/\/www.versiegelung24.com\/sl\/zascita-proti-grafiti-visoko-ucinkovito-fasadno-tesnjenje.html","title":{"rendered":"Premaz za za\u0161\u010dito pred grafiti &#8211; Premaz proti grafiti"},"content":{"rendered":"\n<p>Premaz proti grafitom 7626 ponuja izjemno trajno in prozorno re\u0161itev proti umazaniji z grafiti brez potrebe po \u017ertvenem sloju. Ta sistem trajne za\u0161\u010dite, ki ob pravilni uporabi zdr\u017ei do 20 let in lahko grafite odstrani vsaj 20-krat, omogo\u010da enostavno odstranjevanje grafitov s hladno vodo in brez uporabe kemikalij. Idealen je za skoraj vse povr\u0161ine.<\/p>\n\n<h4 class=\"wp-block-heading\" id=\"h-video-der-anti-graffiti-schutzanstrich-im-praxistest\">Video &#8211; Za\u0161\u010ditni premaz proti grafitom v prakti\u010dnem testu:<\/h4>\n\n<div class=\"wp-block-columns is-layout-flex wp-container-core-columns-is-layout-9d6595d7 wp-block-columns-is-layout-flex\">\n<div class=\"wp-block-column is-layout-flow wp-block-column-is-layout-flow\">\n<figure class=\"wp-block-embed is-type-video is-provider-youtube wp-block-embed-youtube wp-embed-aspect-16-9 wp-has-aspect-ratio\"><div class=\"wp-block-embed__wrapper\"> \n<div class=\"nv-iframe-embed\"><iframe title=\"Graffiti Entfernung an einem Bahnhof - Graffiti Schutzanstrich - Versiegelung24.com\" width=\"1200\" height=\"675\" src=\"https:\/\/www.youtube.com\/embed\/O7C47GU6pd8?feature=oembed\" frameborder=\"0\" allow=\"accelerometer; autoplay; clipboard-write; encrypted-media; gyroscope; picture-in-picture; web-share\" referrerpolicy=\"strict-origin-when-cross-origin\" allowfullscreen><\/iframe><\/div>\n <\/div><\/figure>\n<\/div>\n\n\n\n<div class=\"wp-block-column is-layout-flow wp-block-column-is-layout-flow\">\n<figure class=\"wp-block-embed is-type-video is-provider-youtube wp-block-embed-youtube wp-embed-aspect-16-9 wp-has-aspect-ratio\"><div class=\"wp-block-embed__wrapper\"> \n<div class=\"nv-iframe-embed\"><iframe title=\"Erkla\u0308rung Grafffiti-Schutzanstrich - versiegelung24.com\" width=\"1200\" height=\"675\" src=\"https:\/\/www.youtube.com\/embed\/zy_puhXRc4s?feature=oembed\" frameborder=\"0\" allow=\"accelerometer; autoplay; clipboard-write; encrypted-media; gyroscope; picture-in-picture; web-share\" referrerpolicy=\"strict-origin-when-cross-origin\" allowfullscreen><\/iframe><\/div>\n <\/div><\/figure>\n<\/div>\n<\/div>\n\n<h4 class=\"wp-block-heading\" id=\"properties\">Zna\u010dilnosti izdelka<\/h4>\n\n<div class=\"wp-block-columns is-layout-flex wp-container-core-columns-is-layout-9d6595d7 wp-block-columns-is-layout-flex\">\n<div class=\"wp-block-column is-layout-flow wp-block-column-is-layout-flow\">\n<p><strong>Zelo u\u010dinkovito tesnjenje proti grafiti z dolgotrajno za\u0161\u010dito in brez nastajanja senc ve\u010d let<\/strong><\/p>\n\n\n\n<p><br\/>\u0160tevilka izdelka: 9201-7626 Visoka kakovost Izdelano v Nem\u010diji<\/p>\n\n\n\n<p>\u017de en sam nanos tega izdelka lahko zadostuje za u\u010dinkovito za\u0161\u010ditno pregrado. Za posebej vpojne materiale, kot je pe\u0161\u010denjak, bo morda treba najprej nanesti temeljni premaz ali drugi sloj folije 7626 Anti-Graffiti. To je treba storiti po pribli\u017eno pol ure pri temperaturah nad 20 stopinj Celzija ali po treh do \u0161tirih urah v hladnej\u0161ih pogojih, da se povr\u0161ina za\u0161\u010diti za ve\u010d let.<\/p>\n\n\n\n<p><strong>varnost izdelkov<\/strong><\/p>\n\n\n\n<p>Podatke o razvrstitvi proizvoda v okviru Odloka o nevarnih snoveh, varnostne podatke ter podatke o toksikologiji in skladi\u0161\u010denju najdete v na\u0161em varnostnem listu.<\/p>\n\n\n\n<p><strong>skladi\u0161\u010denje<\/strong><\/p>\n\n\n\n<p>Tesnilo proti grafitu V24 ne sme priti v stik z vlago. Hraniti ga je treba v originalni, zaprti posodi pri temperaturah skladi\u0161\u010denja. Za\u0161\u010ditite pred neposredno son\u010dno svetlobo.<\/p>\n<\/div>\n\n\n\n<div class=\"wp-block-column is-layout-flow wp-block-column-is-layout-flow\">\n<p><strong>Hitro strjevanje<\/strong><\/p>\n\n\n\n<p>Kmalu po nanosu je tesnilna masa \u017ee suha in v nekaj urah dose\u017ee svojo polno u\u010dinkovitost. Zato je odstranjevanje grafitov preprosto in hitro. Za \u010di\u0161\u010denje prevle\u010denih povr\u0161in potrebujete le visokotla\u010dni \u010distilnik (do najve\u010d 80 barov) ali ne\u017eno krta\u010do, brez dodajanja kemi\u010dnih \u010distil.<\/p>\n\n\n\n<p>\u2713 Zelo mo\u010dan oprijem<\/p>\n\n\n\n<p>\u2713 Brez tvorbe sence<\/p>\n\n\n\n<p>\u2713 Enokomponentni sistem: (v ve\u010dini primerov) zadostuje le en sloj<\/p>\n\n\n\n<p>\u2713 Enostaven za nana\u0161anje s slikanjem. Me\u0161anje itd. Ni potrebno.<\/p>\n\n\n\n<p>\u2713 Dolgotrajna za\u0161\u010dita<\/p>\n\n\n\n<p>\u2713 Grafite lahko obi\u010dajno hitro in enostavno odstranite z vodo. Odstranjevalci grafitov v ve\u010dini primerov niso potrebni.<\/p>\n\n\n\n<p>\u2713 Lahko se uporablja tudi kot za\u0161\u010dita pred nepoobla\u0161\u010denim objavljanjem (plakati se ne dr\u017eijo) <\/p>\n\n\n\n<p>\u2713 Teko\u010dina ni nevarna dobrina<\/p>\n\n\n\n<p>\u2713 Na voljo tudi v barvah RAL (minimalna koli\u010dina 100 litrov &#8211; dopla\u010dilo +20 %)<\/p>\n<\/div>\n<\/div>\n\n<hr\/>\n\n<h4 class=\"wp-block-heading\" id=\"application\">Aplikacija<\/h4>\n\n<p>Uporaba je zelo preprosta: Preprosto odprite posodo in izdelek nanesite z valj\u010dkom za barvo &#8211; predhodno me\u0161anje ni potrebno, kar prihrani \u010das in poenostavi postopek. Pri uporabi antigrafitne folije v dolo\u010deni barvi RAL lahko obstoje\u010de grafite preprosto prebarvate. Prozorna razli\u010dica \u0161\u010diti tudi &#8220;za\u017eelene&#8221; grafite.<\/p>\n\n<div class=\"wp-block-columns is-layout-flex wp-container-core-columns-is-layout-9d6595d7 wp-block-columns-is-layout-flex\">\n<div class=\"wp-block-column is-layout-flow wp-block-column-is-layout-flow\">\n<ul class=\"wp-block-list\">\n<li>the<strong> Za\u0161\u010dita proti grafiti V24<\/strong> nanesemo nerazred\u010deno na predhodno o\u010di\u0161\u010deno in posu\u0161eno povr\u0161ino.<\/li>\n<\/ul>\n\n\n\n<ul class=\"wp-block-list\">\n<li>Vse povr\u0161ine, ki jih je treba obdelati, morajo biti suhe in dobro o\u010di\u0161\u010dene. Na pe\u0161\u010denjake in opeko je treba nanesti dodaten premaz.<\/li>\n<\/ul>\n\n\n\n<ul class=\"wp-block-list\">\n<li><strong>V24 tesnilo proti grafiti<\/strong> ne smejo priti v stik z vodo pred ali med predelavo in se ga ne sme nana\u0161ati, ko de\u017euje.<\/li>\n<\/ul>\n\n\n\n<ul class=\"wp-block-list\">\n<li>Tesnilno maso lahko nanesete s \u010dopi\u010dem, valj\u010dkom ali brezzra\u010dnim razpr\u0161ilcem.<\/li>\n<\/ul>\n\n\n\n<ul class=\"wp-block-list\">\n<li>Povr\u0161ina je na dotik suha po pribli\u017eno 3-4 urah.<\/li>\n<\/ul>\n\n\n\n<ul class=\"wp-block-list\">\n<li>Premaz je popolnoma zamre\u017een in strjen po 24 urah.<\/li>\n<\/ul>\n\n\n\n<p>Podroben opis aplikacije najdete v na\u0161em podatkovnem listu<\/p>\n<\/div>\n\n\n\n<div class=\"wp-block-column is-layout-flow wp-block-column-is-layout-flow\">\n<p>Potrebna koli\u010dina je odvisna od vpojnosti povr\u0161ine, ki jo je treba premazati. Izkoristek je pribli\u017eno 8-10 m\u00b2\/liter za gladke, nevpojne povr\u0161ine in 6-8 m\u00b2\/liter za vpojne povr\u0161ine.<\/p>\n\n\n\n<p>Aluminijaste obloge*<\/p>\n\n\n\n<p>Beton (predori, poti, protihrupne in oporne stene, oporniki mostov, zidaki itd.)<\/p>\n\n\n\n<p>\u2713 Steklena vlakna<\/p>\n\n\n\n<p>\u2713 Steklo*<\/p>\n\n\n\n<p>\u2713 les<\/p>\n\n\n\n<p>\u2713 Plastika*<\/p>\n\n\n\n<p>Zidani\u0161tvo (vklju\u010dno z opeko, naravnim kamnom, klinkerjem, marmorjem, kamnom, plo\u0161\u010dicami, granitom)<\/p>\n\n\n\n<p>\u2713 Ve\u010dnamenske \u0161katle (razdelilne \u0161katle)<\/p>\n\n\n\n<p>\u2713 Kovina*<\/p>\n\n\n\n<p>\u2713 Jeklo*<\/p>\n\n\n\n<p>\u2713 Uli\u010dni znaki<\/p>\n\n\n\n<p>\u2713 \u0160tukature<\/p>\n\n\n\n<p>\u2713 Vinilne obloge<\/p>\n\n\n\n<p>*Va\u017eno je opozoriti, da oprijem na poliranih in gladkih povr\u0161inah ni tako mo\u010dan kot oprijem na hrapavih ali poroznih povr\u0161inah.<\/p>\n<\/div>\n<\/div>\n\n<div style=\"height:18px\" aria-hidden=\"true\" class=\"wp-block-spacer\"><\/div>\n\n<hr\/>\n\n<h4 class=\"wp-block-heading\" id=\"advisor\">Svetovalec<\/h4>\n\n<h2 class=\"wp-block-heading\" id=\"h-was-ist-graffitischutz-und-warum-ist-er-wichtig\">Kaj je za\u0161\u010dita pred grafiti in zakaj je pomembna?<\/h2>\n\n<p>Za\u0161\u010dita pred grafiti se nana\u0161a na ukrepe, ki prepre\u010dujejo, da bi se barva grafitov oprijela povr\u0161ine in povzro\u010dila \u0161kodo. Brez ustrezne za\u0161\u010dite lahko grafiti po\u0161kodujejo fasado, povzro\u010dijo visoke stro\u0161ke \u010di\u0161\u010denja in zmanj\u0161ajo vrednost nepremi\u010dnine. Uporaba za\u0161\u010dite pred grafiti je zato klju\u010dnega pomena iz estetskih in ekonomskih razlogov.<\/p>\n\n<h2 class=\"wp-block-heading\" id=\"h-welche-arten-von-schutz-gibt-es\">Katere vrste za\u0161\u010dite so na voljo?<\/h2>\n\n<p>Obstajajo razli\u010dne vrste za\u0161\u010dite pred grafiti, ki jih lahko izberete glede na zahteve in povr\u0161ino:<\/p>\n\n<p><br\/><br\/>T<strong>rajna<\/strong> <strong>za\u0161\u010dita pred grafiti<\/strong>: Ta vrsta za\u0161\u010dite tvori trajno za\u0161\u010ditno plast na povr\u0161ini in omogo\u010da enostavno odstranjevanje grafitov brez ponovne uporabe za\u0161\u010ditnega sredstva.<strong>Poltrajna<\/strong> <strong>za\u0161\u010dita pred grafiti<\/strong>: To za\u0161\u010dito je treba obnoviti po odstranitvi grafitov, vendar prav tako zagotavlja u\u010dinkovito pregrado pred grafiti. Kako impregnacija deluje kot za\u0161\u010dita pred grafiti?<\/p>\n\n<p><strong>Impregnacije<\/strong> prodrejo globoko v podlago in tvorijo nevidno za\u0161\u010ditno plast, ki prepre\u010duje, da bi barva za grafitiranje prodrla v material. To olaj\u0161a \u010di\u0161\u010denje in trajno za\u0161\u010diti povr\u0161ino. Kak\u0161na je razlika med trajno in poltrajno tesnilno maso proti grafitom?<\/p>\n\n<p><strong>Trajna za\u0161\u010dita pred grafiti<\/strong> ostane na povr\u0161ini in je ni treba obnavljati, medtem ko je poltrajno za\u0161\u010dito treba obnoviti po vsakem odstranjevanju grafitov. Trajne re\u0161itve so zato bolj dolgoro\u010dne in zahtevajo manj vzdr\u017eevanja.<\/p>\n\n<h2 class=\"wp-block-heading\" id=\"h-welche-produkte-eignen-sich-fur-den-graffiti-schutz-auf-beton-und-naturstein\">Kateri izdelki so primerni za za\u0161\u010dito pred grafiti na betonu in naravnem kamnu?<\/h2>\n\n<p>Na\u0161o impregnacijo lahko brez te\u017eav uporabite na betonu ali naravnem kamnu.<\/p>\n\n<h2 class=\"wp-block-heading\" id=\"h-wie-wird-der-graffitischutz-auf-unterschiedlichen-untergrunden-angewendet\">Kako se za\u0161\u010dita pred grafiti uporablja na razli\u010dnih povr\u0161inah?<\/h2>\n\n<p>Uporaba za\u0161\u010dite proti grafitom je odvisna od podlage. Za razliko od (npr.) stekla ali plastike je treba pri betonu, naravnem kamnu in klinkerju za zagotovitev optimalne za\u0161\u010dite uporabiti druga\u010dne pristope.  <\/p>\n\n<h2 class=\"wp-block-heading\" id=\"h-welche-rolle-spielt-die-reinigung-bei-der-graffitientfernung\">Kak\u0161no vlogo ima \u010di\u0161\u010denje pri odstranjevanju grafitov?<\/h2>\n\n<p>\u010ci\u0161\u010denje ima klju\u010dno vlogo pri odstranjevanju grafitov. S pravimi \u010distili in metodami je mogo\u010de grafite odstraniti hitro in u\u010dinkovito, ne da bi pri tem po\u0161kodovali za\u0161\u010ditno plast pod njimi.<\/p>\n\n<h2 class=\"wp-block-heading\" id=\"h-tipps-zur-auswahl-des-richtigen-graffitischutz-produkts\">Nasveti za izbiro pravega izdelka za za\u0161\u010dito pred grafitti<\/h2>\n\n<p><strong>Analizirajte substrat<\/strong>:<br\/> Preverite, iz katerega materiala je izdelana va\u0161a fasada, in izberite ustrezen za\u0161\u010ditni izdelek.<strong>Preberite informacije o izdelku<\/strong>:<br\/> Natan\u010dno se seznanite z lastnostmi izdelka, na primer o tem, da ne vsebuje topil in je odporen na UV-\u017earke.<strong>Uporabite tehni\u010dni nasvet<\/strong>: Uporabite tehni\u010dno podporo Versiegelung24.com, da zagotovite pravilno uporabo izdelka.<br\/><\/p>\n\n<h2 class=\"wp-block-heading\" id=\"h-zusammenfassung-der-wichtigsten-punkte\">Povzetek najpomembnej\u0161ih to\u010dk<\/h2>\n\n<p><br\/><br\/><br\/>Za\u0161\u010dita pred grafiti je pomembna za za\u0161\u010dito fasad pred po\u0161kodbami in izgubo vrednosti. Obstajajo trajne in poltrajne re\u0161itve za za\u0161\u010dito pred grafiti, ki jih lahko izberete glede na zahteve.<strong>Impregnacija je u\u010dinkovita metoda<\/strong> za za\u0161\u010dito pred grafiti z betona, naravnega kamna in klinkerja. Pravilna uporaba in \u010di\u0161\u010denje sta klju\u010dna za dolgoro\u010dni uspeh za\u0161\u010dite pred grafiti.<\/p>\n","protected":false},"excerpt":{"rendered":"<p><strong>Zelo u\u010dinkovito fasadno tesnjenje z dolgotrajno za\u0161\u010dito in brez nastanka sence<\/strong>  <\/p>\n<p>\u2713 Enostaven za uporabo: ni potrebno me\u0161anje itd<\/p>\n<p>\u2713 Dolgotrajna za\u0161\u010dita in satenasti zaklju\u010dek<\/p>\n<p>\u2713 Popolna pokritost: brez sen\u010denja<\/p>\n<p>\u2713 Po barvanju lahko grafite enostavno odstranimo z vodo<\/p>\n<p>\u2713 Po 3-4 urah se posu\u0161i na dotik<\/p>\n","protected":false},"featured_media":169234,"template":"","meta":{"_acf_changed":false,"neve_meta_sidebar":"","neve_meta_container":"","neve_meta_enable_content_width":"","neve_meta_content_width":0,"neve_meta_title_alignment":"","neve_meta_author_avatar":"","neve_post_elements_order":"","neve_meta_disable_header":"","neve_meta_disable_footer":"","neve_meta_disable_title":"","neve_meta_reading_time":"","_surfaces":[],"_ver_product_tabs":[],"footnotes":""},"product_brand":[],"product_cat":[2251],"product_tag":[],"class_list":{"0":"post-23966","1":"product","2":"type-product","3":"status-publish","4":"has-post-thumbnail","6":"product_cat-tesnjenje-kamna-in-betona","7":"pa_gebinde-5l-kanister-v-barvi-ral","8":"pa_gebinde-5l-posoda","10":"first","11":"instock","12":"taxable","13":"shipping-taxable","14":"purchasable","15":"product-type-variable","16":"has-default-attributes"},"acf":[],"yoast_head":"<!-- This site is optimized with the Yoast SEO Premium plugin v22.8 (Yoast SEO v27.5) - https:\/\/yoast.com\/product\/yoast-seo-premium-wordpress\/ -->\n<title>Premaz za za\u0161\u010dito pred grafiti - Premaz proti grafiti - versiegelung24.com<\/title>\n<meta name=\"description\" content=\"Premaz proti grafitom - Za\u0161\u010ditite fasado pred ne\u017eelenimi grafiti - zdaj na Versiegelung24.com\" \/>\n<meta name=\"robots\" content=\"index, follow, max-snippet:-1, max-image-preview:large, max-video-preview:-1\" \/>\n<link rel=\"canonical\" href=\"https:\/\/www.versiegelung24.com\/sl\/zascita-proti-grafiti-visoko-ucinkovito-fasadno-tesnjenje.html\" \/>\n<meta property=\"og:locale\" content=\"sl_SI\" \/>\n<meta property=\"og:type\" content=\"article\" \/>\n<meta property=\"og:title\" content=\"Premaz za za\u0161\u010dito pred grafiti - Premaz proti grafiti\" \/>\n<meta property=\"og:description\" content=\"Premaz proti grafitom - Za\u0161\u010ditite fasado pred ne\u017eelenimi grafiti - zdaj na Versiegelung24.com\" \/>\n<meta property=\"og:url\" content=\"https:\/\/www.versiegelung24.com\/sl\/zascita-proti-grafiti-visoko-ucinkovito-fasadno-tesnjenje.html\" \/>\n<meta property=\"og:site_name\" content=\"versiegelung24.com\" \/>\n<meta property=\"article:modified_time\" content=\"2025-01-03T23:03:15+00:00\" \/>\n<meta property=\"og:image\" content=\"https:\/\/www.versiegelung24.com\/wp-content\/uploads\/2020\/04\/7626-anti-graffiti.webp\" \/>\n\t<meta property=\"og:image:width\" content=\"2560\" \/>\n\t<meta property=\"og:image:height\" content=\"2560\" \/>\n\t<meta property=\"og:image:type\" content=\"image\/webp\" \/>\n<meta name=\"twitter:card\" content=\"summary_large_image\" \/>\n<meta name=\"twitter:label1\" content=\"Availability\" \/>\n\t<meta name=\"twitter:data1\" content=\"In stock\" \/>\n<script type=\"application\/ld+json\" class=\"yoast-schema-graph\">{\"@context\":\"https:\\\/\\\/schema.org\",\"@graph\":[{\"@type\":\"WebPage\",\"@id\":\"https:\\\/\\\/www.versiegelung24.com\\\/sl\\\/zascita-proti-grafiti-visoko-ucinkovito-fasadno-tesnjenje.html\",\"url\":\"https:\\\/\\\/www.versiegelung24.com\\\/sl\\\/zascita-proti-grafiti-visoko-ucinkovito-fasadno-tesnjenje.html\",\"name\":\"Premaz za za\u0161\u010dito pred grafiti - Premaz proti grafiti - versiegelung24.com\",\"isPartOf\":{\"@id\":\"https:\\\/\\\/www.versiegelung24.com\\\/sl\\\/#website\"},\"primaryImageOfPage\":{\"@id\":\"https:\\\/\\\/www.versiegelung24.com\\\/sl\\\/zascita-proti-grafiti-visoko-ucinkovito-fasadno-tesnjenje.html#primaryimage\"},\"image\":{\"@id\":\"https:\\\/\\\/www.versiegelung24.com\\\/sl\\\/zascita-proti-grafiti-visoko-ucinkovito-fasadno-tesnjenje.html#primaryimage\"},\"thumbnailUrl\":\"https:\\\/\\\/www.versiegelung24.com\\\/wp-content\\\/uploads\\\/2020\\\/04\\\/7626-anti-graffiti.webp\",\"datePublished\":\"2021-08-02T20:14:04+00:00\",\"dateModified\":\"2025-01-03T23:03:15+00:00\",\"description\":\"Premaz proti grafitom - Za\u0161\u010ditite fasado pred ne\u017eelenimi grafiti - zdaj na Versiegelung24.com\",\"breadcrumb\":{\"@id\":\"https:\\\/\\\/www.versiegelung24.com\\\/sl\\\/zascita-proti-grafiti-visoko-ucinkovito-fasadno-tesnjenje.html#breadcrumb\"},\"inLanguage\":\"sl-SI\",\"potentialAction\":[{\"@type\":\"ReadAction\",\"target\":[\"https:\\\/\\\/www.versiegelung24.com\\\/sl\\\/zascita-proti-grafiti-visoko-ucinkovito-fasadno-tesnjenje.html\"]}]},{\"@type\":\"ImageObject\",\"inLanguage\":\"sl-SI\",\"@id\":\"https:\\\/\\\/www.versiegelung24.com\\\/sl\\\/zascita-proti-grafiti-visoko-ucinkovito-fasadno-tesnjenje.html#primaryimage\",\"url\":\"https:\\\/\\\/www.versiegelung24.com\\\/wp-content\\\/uploads\\\/2020\\\/04\\\/7626-anti-graffiti.webp\",\"contentUrl\":\"https:\\\/\\\/www.versiegelung24.com\\\/wp-content\\\/uploads\\\/2020\\\/04\\\/7626-anti-graffiti.webp\",\"width\":2560,\"height\":2560},{\"@type\":\"BreadcrumbList\",\"@id\":\"https:\\\/\\\/www.versiegelung24.com\\\/sl\\\/zascita-proti-grafiti-visoko-ucinkovito-fasadno-tesnjenje.html#breadcrumb\",\"itemListElement\":[{\"@type\":\"ListItem\",\"position\":1,\"name\":\"Doma\u010da stran\",\"item\":\"https:\\\/\\\/www.versiegelung24.com\\\/sl\\\/spredaj\\\/\"},{\"@type\":\"ListItem\",\"position\":2,\"name\":\"Nakupujte\",\"item\":\"https:\\\/\\\/www.versiegelung24.com\\\/sl\\\/nakupujte\\\/\"},{\"@type\":\"ListItem\",\"position\":3,\"name\":\"Premaz za za\u0161\u010dito pred grafiti &#8211; Premaz proti grafiti\"}]},{\"@type\":\"WebSite\",\"@id\":\"https:\\\/\\\/www.versiegelung24.com\\\/sl\\\/#website\",\"url\":\"https:\\\/\\\/www.versiegelung24.com\\\/sl\\\/\",\"name\":\"versiegelung24.com\",\"description\":\"Fl\u00fcssigglas-Versiegelung - Made in Germany\",\"publisher\":{\"@id\":\"https:\\\/\\\/www.versiegelung24.com\\\/sl\\\/#organization\"},\"potentialAction\":[{\"@type\":\"SearchAction\",\"target\":{\"@type\":\"EntryPoint\",\"urlTemplate\":\"https:\\\/\\\/www.versiegelung24.com\\\/sl\\\/?s={search_term_string}\"},\"query-input\":{\"@type\":\"PropertyValueSpecification\",\"valueRequired\":true,\"valueName\":\"search_term_string\"}}],\"inLanguage\":\"sl-SI\"},{\"@type\":\"Organization\",\"@id\":\"https:\\\/\\\/www.versiegelung24.com\\\/sl\\\/#organization\",\"name\":\"versiegelung24\",\"url\":\"https:\\\/\\\/www.versiegelung24.com\\\/sl\\\/\",\"logo\":{\"@type\":\"ImageObject\",\"inLanguage\":\"sl-SI\",\"@id\":\"https:\\\/\\\/www.versiegelung24.com\\\/sl\\\/#\\\/schema\\\/logo\\\/image\\\/\",\"url\":\"https:\\\/\\\/www.versiegelung24.com\\\/wp-content\\\/uploads\\\/2020\\\/04\\\/versiegelung24.png\",\"contentUrl\":\"https:\\\/\\\/www.versiegelung24.com\\\/wp-content\\\/uploads\\\/2020\\\/04\\\/versiegelung24.png\",\"width\":470,\"height\":102,\"caption\":\"versiegelung24\"},\"image\":{\"@id\":\"https:\\\/\\\/www.versiegelung24.com\\\/sl\\\/#\\\/schema\\\/logo\\\/image\\\/\"}}]}<\/script>\n<meta property=\"og:availability\" content=\"instock\" \/>\n<meta property=\"product:availability\" content=\"instock\" \/>\n<meta property=\"product:retailer_item_id\" content=\"9201-7626-5000\" \/>\n<meta property=\"product:condition\" content=\"new\" \/>\n<!-- \/ Yoast SEO Premium plugin. -->","yoast_head_json":{"title":"Premaz za za\u0161\u010dito pred grafiti - Premaz proti grafiti - versiegelung24.com","description":"Premaz proti grafitom - Za\u0161\u010ditite fasado pred ne\u017eelenimi grafiti - zdaj na Versiegelung24.com","robots":{"index":"index","follow":"follow","max-snippet":"max-snippet:-1","max-image-preview":"max-image-preview:large","max-video-preview":"max-video-preview:-1"},"canonical":"https:\/\/www.versiegelung24.com\/sl\/zascita-proti-grafiti-visoko-ucinkovito-fasadno-tesnjenje.html","og_locale":"sl_SI","og_type":"article","og_title":"Premaz za za\u0161\u010dito pred grafiti - Premaz proti grafiti","og_description":"Premaz proti grafitom - Za\u0161\u010ditite fasado pred ne\u017eelenimi grafiti - zdaj na Versiegelung24.com","og_url":"https:\/\/www.versiegelung24.com\/sl\/zascita-proti-grafiti-visoko-ucinkovito-fasadno-tesnjenje.html","og_site_name":"versiegelung24.com","article_modified_time":"2025-01-03T23:03:15+00:00","og_image":[{"width":2560,"height":2560,"url":"https:\/\/www.versiegelung24.com\/wp-content\/uploads\/2020\/04\/7626-anti-graffiti.webp","type":"image\/webp"}],"twitter_card":"summary_large_image","twitter_misc":{"Availability":"In stock"},"schema":{"@context":"https:\/\/schema.org","@graph":[{"@type":"WebPage","@id":"https:\/\/www.versiegelung24.com\/sl\/zascita-proti-grafiti-visoko-ucinkovito-fasadno-tesnjenje.html","url":"https:\/\/www.versiegelung24.com\/sl\/zascita-proti-grafiti-visoko-ucinkovito-fasadno-tesnjenje.html","name":"Premaz za za\u0161\u010dito pred grafiti - Premaz proti grafiti - versiegelung24.com","isPartOf":{"@id":"https:\/\/www.versiegelung24.com\/sl\/#website"},"primaryImageOfPage":{"@id":"https:\/\/www.versiegelung24.com\/sl\/zascita-proti-grafiti-visoko-ucinkovito-fasadno-tesnjenje.html#primaryimage"},"image":{"@id":"https:\/\/www.versiegelung24.com\/sl\/zascita-proti-grafiti-visoko-ucinkovito-fasadno-tesnjenje.html#primaryimage"},"thumbnailUrl":"https:\/\/www.versiegelung24.com\/wp-content\/uploads\/2020\/04\/7626-anti-graffiti.webp","datePublished":"2021-08-02T20:14:04+00:00","dateModified":"2025-01-03T23:03:15+00:00","description":"Premaz proti grafitom - Za\u0161\u010ditite fasado pred ne\u017eelenimi grafiti - zdaj na Versiegelung24.com","breadcrumb":{"@id":"https:\/\/www.versiegelung24.com\/sl\/zascita-proti-grafiti-visoko-ucinkovito-fasadno-tesnjenje.html#breadcrumb"},"inLanguage":"sl-SI","potentialAction":[{"@type":"ReadAction","target":["https:\/\/www.versiegelung24.com\/sl\/zascita-proti-grafiti-visoko-ucinkovito-fasadno-tesnjenje.html"]}]},{"@type":"ImageObject","inLanguage":"sl-SI","@id":"https:\/\/www.versiegelung24.com\/sl\/zascita-proti-grafiti-visoko-ucinkovito-fasadno-tesnjenje.html#primaryimage","url":"https:\/\/www.versiegelung24.com\/wp-content\/uploads\/2020\/04\/7626-anti-graffiti.webp","contentUrl":"https:\/\/www.versiegelung24.com\/wp-content\/uploads\/2020\/04\/7626-anti-graffiti.webp","width":2560,"height":2560},{"@type":"BreadcrumbList","@id":"https:\/\/www.versiegelung24.com\/sl\/zascita-proti-grafiti-visoko-ucinkovito-fasadno-tesnjenje.html#breadcrumb","itemListElement":[{"@type":"ListItem","position":1,"name":"Doma\u010da stran","item":"https:\/\/www.versiegelung24.com\/sl\/spredaj\/"},{"@type":"ListItem","position":2,"name":"Nakupujte","item":"https:\/\/www.versiegelung24.com\/sl\/nakupujte\/"},{"@type":"ListItem","position":3,"name":"Premaz za za\u0161\u010dito pred grafiti &#8211; Premaz proti grafiti"}]},{"@type":"WebSite","@id":"https:\/\/www.versiegelung24.com\/sl\/#website","url":"https:\/\/www.versiegelung24.com\/sl\/","name":"versiegelung24.com","description":"Fl\u00fcssigglas-Versiegelung - Made in Germany","publisher":{"@id":"https:\/\/www.versiegelung24.com\/sl\/#organization"},"potentialAction":[{"@type":"SearchAction","target":{"@type":"EntryPoint","urlTemplate":"https:\/\/www.versiegelung24.com\/sl\/?s={search_term_string}"},"query-input":{"@type":"PropertyValueSpecification","valueRequired":true,"valueName":"search_term_string"}}],"inLanguage":"sl-SI"},{"@type":"Organization","@id":"https:\/\/www.versiegelung24.com\/sl\/#organization","name":"versiegelung24","url":"https:\/\/www.versiegelung24.com\/sl\/","logo":{"@type":"ImageObject","inLanguage":"sl-SI","@id":"https:\/\/www.versiegelung24.com\/sl\/#\/schema\/logo\/image\/","url":"https:\/\/www.versiegelung24.com\/wp-content\/uploads\/2020\/04\/versiegelung24.png","contentUrl":"https:\/\/www.versiegelung24.com\/wp-content\/uploads\/2020\/04\/versiegelung24.png","width":470,"height":102,"caption":"versiegelung24"},"image":{"@id":"https:\/\/www.versiegelung24.com\/sl\/#\/schema\/logo\/image\/"}}]},"og_availability":"instock","product_availability":"instock","product_retailer_item_id":"9201-7626-5000","product_condition":"new"},"_links":{"self":[{"href":"https:\/\/www.versiegelung24.com\/sl\/wp-json\/wp\/v2\/product\/23966","targetHints":{"allow":["GET"]}}],"collection":[{"href":"https:\/\/www.versiegelung24.com\/sl\/wp-json\/wp\/v2\/product"}],"about":[{"href":"https:\/\/www.versiegelung24.com\/sl\/wp-json\/wp\/v2\/types\/product"}],"version-history":[{"count":56,"href":"https:\/\/www.versiegelung24.com\/sl\/wp-json\/wp\/v2\/product\/23966\/revisions"}],"predecessor-version":[{"id":174039,"href":"https:\/\/www.versiegelung24.com\/sl\/wp-json\/wp\/v2\/product\/23966\/revisions\/174039"}],"wp:featuredmedia":[{"embeddable":true,"href":"https:\/\/www.versiegelung24.com\/sl\/wp-json\/wp\/v2\/media\/169234"}],"wp:attachment":[{"href":"https:\/\/www.versiegelung24.com\/sl\/wp-json\/wp\/v2\/media?parent=23966"}],"wp:term":[{"taxonomy":"product_brand","embeddable":true,"href":"https:\/\/www.versiegelung24.com\/sl\/wp-json\/wp\/v2\/product_brand?post=23966"},{"taxonomy":"product_cat","embeddable":true,"href":"https:\/\/www.versiegelung24.com\/sl\/wp-json\/wp\/v2\/product_cat?post=23966"},{"taxonomy":"product_tag","embeddable":true,"href":"https:\/\/www.versiegelung24.com\/sl\/wp-json\/wp\/v2\/product_tag?post=23966"}],"curies":[{"name":"wp","href":"https:\/\/api.w.org\/{rel}","templated":true}]}}