{"id":24025,"date":"2020-04-04T18:53:45","date_gmt":"2021-08-02T20:19:55","guid":{"rendered":"https:\/\/www.versiegelung24.com\/produkt\/vrhunsko-tesnjenje-tekstila-in-papirja-z-izjemno-vodoodbojnostjo"},"modified":"2025-01-03T23:56:15","modified_gmt":"2025-01-03T22:56:15","slug":"vrhunsko-tesnjenje-tekstila-in-papirja-z-izjemno-vodoodbojnostjo","status":"publish","type":"product","link":"https:\/\/www.versiegelung24.com\/sl\/vrhunsko-tesnjenje-tekstila-in-papirja-z-izjemno-vodoodbojnostjo.html","title":{"rendered":"Dura Tex &#8211; vrhunska tekstilna tesnilna masa z izjemno odpornostjo proti vodi"},"content":{"rendered":"\n<p><strong>Visoko u\u010dinkovita vrhunska tesnilna masa za tekstil z izjemno vodoodbojnostjo, za uporabo v zaprtih prostorih in na prostem<\/strong><\/p>\n\n<p>Profesionalna kakovost &#8211; izdelano v Nem\u010diji<\/p>\n\n<p>\u0160tevilka artikla: 6002-7689<\/p>\n\n<p><strong>V24 Dura Tex &#8211; Premium Textile Sealer<\/strong> \u0161\u010diti skoraj vse vrste tekstila in papirja pred vodo, umazanijo in made\u017ei ter sam ostaja neviden. Na noben na\u010din ne vpliva na njihov videz, zra\u010dnost, barvo ali ob\u010dutek in je enostaven za nego.<\/p>\n\n<p>Premaz je izjemno vodoodbojen na zunanjih tkaninah; tako ostanejo suhi dlje. Oljni, kavni in drugi pogosti made\u017ei so preteklost, ko je bil tekstil predhodno obdelan.<\/p>\n\n<hr\/>\n\n<h4 class=\"wp-block-heading\" id=\"properties\">Zna\u010dilnosti izdelka<\/h4>\n\n<div class=\"wp-block-columns is-layout-flex wp-container-core-columns-is-layout-9d6595d7 wp-block-columns-is-layout-flex\">\n<div class=\"wp-block-column is-layout-flow wp-block-column-is-layout-flow\">\n<ul class=\"wp-block-list\">\n<li>Zelo mo\u010dan hidrofobni in oleofobni u\u010dinek (odbojnost vode in olja)<\/li>\n\n\n\n<li>U\u010dinek, odporen na obrabo, enostaven za \u010di\u0161\u010denje: mo\u010dna kemi\u010dna spojina omogo\u010da odli\u010dno odpornost na obrabo in pralni stroj &#8211; premaz se oprime vlakna, dokler ga zunanji vplivi ne uni\u010dijo<\/li>\n\n\n\n<li>Ne\u010disto\u010de lahko enostavno odstranite z vla\u017eno krpo<\/li>\n\n\n\n<li>Dihljiva<\/li>\n\n\n\n<li>Nevidno (brez sprememb videza in ob\u010dutka)<\/li>\n\n\n\n<li>Mo\u010dne lastnosti proti sprijemanju<\/li>\n\n\n\n<li>Za\u0161\u010dita pred made\u017ei<\/li>\n<\/ul>\n<\/div>\n\n\n\n<div class=\"wp-block-column is-layout-flow wp-block-column-is-layout-flow\">\n<ul class=\"wp-block-list\">\n<li>Pove\u010da odpornost proti obrabi<\/li>\n\n\n\n<li>Brez poslab\u0161anja videza<\/li>\n\n\n\n<li>Nano tehnologija SiO\u00b2<\/li>\n\n\n\n<li>Za\u0161\u010dita vlaken pred prodiranjem delcev umazanije<\/li>\n\n\n\n<li>Preprosta aplikacija<\/li>\n\n\n\n<li>Dolg rok trajanja, odvisno od mehanskih obremenitev<\/li>\n<\/ul>\n\n\n\n<p><br\/><br\/>Obseg dobave: 1 x litrska steklenica 1 x opis izdelka<\/p>\n<\/div>\n<\/div>\n\n<hr\/>\n\n<h4 class=\"wp-block-heading\" id=\"application\">Aplikacija<\/h4>\n\n<div class=\"wp-block-columns is-layout-flex wp-container-core-columns-is-layout-9d6595d7 wp-block-columns-is-layout-flex\">\n<div class=\"wp-block-column is-layout-flow wp-block-column-is-layout-flow\">\n<ul class=\"wp-block-list\">\n<li>obla\u010dila<\/li>\n\n\n\n<li>Zunanje tkanine<\/li>\n\n\n\n<li>Doma\u010di tekstil (oblazinjenje, pohi\u0161tvo, preproge)<\/li>\n\n\n\n<li>Suede \/ usnje<\/li>\n\n\n\n<li>Papirna \u0161katla<\/li>\n<\/ul>\n\n\n\n<p>Poraba je zelo odvisna od strukture, vpojnosti in debeline materiala, ki ga je treba premazati, pribli\u017eno 10-50 m\u00b2 \/ liter (pribli\u017eno 10 ml \/ m\u00b2 na mm debeline, odvisno od vpojnosti).<\/p>\n<\/div>\n\n\n\n<div class=\"wp-block-column is-layout-flow wp-block-column-is-layout-flow\">\n<p>Enostavna aplikacija:<\/p>\n\n\n\n<p>1. Ro\u010dno: nanos z vla\u017eenjem tekstila (\u0161kropljenje ali potapljanje)<\/p>\n\n\n\n<p>2. Industrijski: Uporaba s komercialno dostopnimi sistemi<\/p>\n\n\n\n<p><br\/>Ta premaz SiO2 je popolnoma zamre\u017een in strjen po 24 urah. Po tej fazi strjevanja je mogo\u010de prvi\u010d preizkusiti u\u010dinek enostavnega \u010di\u0161\u010denja.<\/p>\n<\/div>\n<\/div>\n","protected":false},"excerpt":{"rendered":"<p>\u2713 diha<\/p>\n<p>\u2713 Za\u0161\u010dita pred made\u017ei<\/p>\n<p>\u2713 Z izjemno vodoodbojnostjo<\/p>\n<p>\u2713 Za notranjo in zunanjost<\/p>\n","protected":false},"featured_media":125334,"template":"","meta":{"_acf_changed":false,"neve_meta_sidebar":"","neve_meta_container":"","neve_meta_enable_content_width":"","neve_meta_content_width":0,"neve_meta_title_alignment":"","neve_meta_author_avatar":"","neve_post_elements_order":"","neve_meta_disable_header":"","neve_meta_disable_footer":"","neve_meta_disable_title":"","neve_meta_reading_time":"","_surfaces":[],"_ver_product_tabs":[],"footnotes":""},"product_brand":[],"product_cat":[2248],"product_tag":[],"class_list":{"0":"post-24025","1":"product","2":"type-product","3":"status-publish","4":"has-post-thumbnail","6":"product_cat-tesnjenje-usnja-in-tekstila","8":"first","9":"instock","10":"taxable","11":"shipping-taxable","12":"purchasable","13":"product-type-simple"},"acf":[],"yoast_head":"<!-- This site is optimized with the Yoast SEO Premium plugin v22.8 (Yoast SEO v27.5) - https:\/\/yoast.com\/product\/yoast-seo-premium-wordpress\/ -->\n<title>Dura Tex - vrhunska tekstilna tesnilna masa z izjemno odpornostjo proti vodi - versiegelung24.com<\/title>\n<meta name=\"robots\" content=\"index, follow, max-snippet:-1, max-image-preview:large, max-video-preview:-1\" \/>\n<link rel=\"canonical\" href=\"https:\/\/www.versiegelung24.com\/sl\/vrhunsko-tesnjenje-tekstila-in-papirja-z-izjemno-vodoodbojnostjo.html\" \/>\n<meta property=\"og:locale\" content=\"sl_SI\" \/>\n<meta property=\"og:type\" content=\"article\" \/>\n<meta property=\"og:title\" content=\"Dura Tex - vrhunska tekstilna tesnilna masa z izjemno odpornostjo proti vodi\" \/>\n<meta property=\"og:description\" content=\"\u2713 diha \u2713 Za\u0161\u010dita pred made\u017ei \u2713 Z izjemno vodoodbojnostjo \u2713 Za notranjo in zunanjost\" \/>\n<meta property=\"og:url\" content=\"https:\/\/www.versiegelung24.com\/sl\/vrhunsko-tesnjenje-tekstila-in-papirja-z-izjemno-vodoodbojnostjo.html\" \/>\n<meta property=\"og:site_name\" content=\"versiegelung24.com\" \/>\n<meta property=\"article:modified_time\" content=\"2025-01-03T22:56:15+00:00\" \/>\n<meta property=\"og:image\" content=\"https:\/\/www.versiegelung24.com\/wp-content\/uploads\/2020\/04\/produkt-6002-7689-1000-dura-tex-Premium-Textil-Papierversiegelung-scaled.webp\" \/>\n\t<meta property=\"og:image:width\" content=\"2560\" \/>\n\t<meta property=\"og:image:height\" content=\"2560\" \/>\n\t<meta property=\"og:image:type\" content=\"image\/webp\" \/>\n<meta name=\"twitter:card\" content=\"summary_large_image\" \/>\n<meta name=\"twitter:label1\" content=\"Price\" \/>\n\t<meta name=\"twitter:data1\" content=\"89,99&euro;\" \/>\n\t<meta name=\"twitter:label2\" content=\"Availability\" \/>\n\t<meta name=\"twitter:data2\" content=\"In stock\" \/>\n<script type=\"application\/ld+json\" class=\"yoast-schema-graph\">{\"@context\":\"https:\\\/\\\/schema.org\",\"@graph\":[{\"@type\":\"WebPage\",\"@id\":\"https:\\\/\\\/www.versiegelung24.com\\\/sl\\\/vrhunsko-tesnjenje-tekstila-in-papirja-z-izjemno-vodoodbojnostjo.html\",\"url\":\"https:\\\/\\\/www.versiegelung24.com\\\/sl\\\/vrhunsko-tesnjenje-tekstila-in-papirja-z-izjemno-vodoodbojnostjo.html\",\"name\":\"Dura Tex - vrhunska tekstilna tesnilna masa z izjemno odpornostjo proti vodi - versiegelung24.com\",\"isPartOf\":{\"@id\":\"https:\\\/\\\/www.versiegelung24.com\\\/sl\\\/#website\"},\"primaryImageOfPage\":{\"@id\":\"https:\\\/\\\/www.versiegelung24.com\\\/sl\\\/vrhunsko-tesnjenje-tekstila-in-papirja-z-izjemno-vodoodbojnostjo.html#primaryimage\"},\"image\":{\"@id\":\"https:\\\/\\\/www.versiegelung24.com\\\/sl\\\/vrhunsko-tesnjenje-tekstila-in-papirja-z-izjemno-vodoodbojnostjo.html#primaryimage\"},\"thumbnailUrl\":\"https:\\\/\\\/www.versiegelung24.com\\\/wp-content\\\/uploads\\\/2020\\\/04\\\/produkt-6002-7689-1000-dura-tex-Premium-Textil-Papierversiegelung-scaled.webp\",\"datePublished\":\"2021-08-02T20:19:55+00:00\",\"dateModified\":\"2025-01-03T22:56:15+00:00\",\"breadcrumb\":{\"@id\":\"https:\\\/\\\/www.versiegelung24.com\\\/sl\\\/vrhunsko-tesnjenje-tekstila-in-papirja-z-izjemno-vodoodbojnostjo.html#breadcrumb\"},\"inLanguage\":\"sl-SI\",\"potentialAction\":[{\"@type\":\"ReadAction\",\"target\":[\"https:\\\/\\\/www.versiegelung24.com\\\/sl\\\/vrhunsko-tesnjenje-tekstila-in-papirja-z-izjemno-vodoodbojnostjo.html\"]}]},{\"@type\":\"ImageObject\",\"inLanguage\":\"sl-SI\",\"@id\":\"https:\\\/\\\/www.versiegelung24.com\\\/sl\\\/vrhunsko-tesnjenje-tekstila-in-papirja-z-izjemno-vodoodbojnostjo.html#primaryimage\",\"url\":\"https:\\\/\\\/www.versiegelung24.com\\\/wp-content\\\/uploads\\\/2020\\\/04\\\/produkt-6002-7689-1000-dura-tex-Premium-Textil-Papierversiegelung-scaled.webp\",\"contentUrl\":\"https:\\\/\\\/www.versiegelung24.com\\\/wp-content\\\/uploads\\\/2020\\\/04\\\/produkt-6002-7689-1000-dura-tex-Premium-Textil-Papierversiegelung-scaled.webp\",\"width\":2560,\"height\":2560},{\"@type\":\"BreadcrumbList\",\"@id\":\"https:\\\/\\\/www.versiegelung24.com\\\/sl\\\/vrhunsko-tesnjenje-tekstila-in-papirja-z-izjemno-vodoodbojnostjo.html#breadcrumb\",\"itemListElement\":[{\"@type\":\"ListItem\",\"position\":1,\"name\":\"Doma\u010da stran\",\"item\":\"https:\\\/\\\/www.versiegelung24.com\\\/sl\\\/spredaj\\\/\"},{\"@type\":\"ListItem\",\"position\":2,\"name\":\"Nakupujte\",\"item\":\"https:\\\/\\\/www.versiegelung24.com\\\/sl\\\/nakupujte\\\/\"},{\"@type\":\"ListItem\",\"position\":3,\"name\":\"Dura Tex &#8211; vrhunska tekstilna tesnilna masa z izjemno odpornostjo proti vodi\"}]},{\"@type\":\"WebSite\",\"@id\":\"https:\\\/\\\/www.versiegelung24.com\\\/sl\\\/#website\",\"url\":\"https:\\\/\\\/www.versiegelung24.com\\\/sl\\\/\",\"name\":\"versiegelung24.com\",\"description\":\"Fl\u00fcssigglas-Versiegelung - Made in Germany\",\"publisher\":{\"@id\":\"https:\\\/\\\/www.versiegelung24.com\\\/sl\\\/#organization\"},\"potentialAction\":[{\"@type\":\"SearchAction\",\"target\":{\"@type\":\"EntryPoint\",\"urlTemplate\":\"https:\\\/\\\/www.versiegelung24.com\\\/sl\\\/?s={search_term_string}\"},\"query-input\":{\"@type\":\"PropertyValueSpecification\",\"valueRequired\":true,\"valueName\":\"search_term_string\"}}],\"inLanguage\":\"sl-SI\"},{\"@type\":\"Organization\",\"@id\":\"https:\\\/\\\/www.versiegelung24.com\\\/sl\\\/#organization\",\"name\":\"versiegelung24\",\"url\":\"https:\\\/\\\/www.versiegelung24.com\\\/sl\\\/\",\"logo\":{\"@type\":\"ImageObject\",\"inLanguage\":\"sl-SI\",\"@id\":\"https:\\\/\\\/www.versiegelung24.com\\\/sl\\\/#\\\/schema\\\/logo\\\/image\\\/\",\"url\":\"https:\\\/\\\/www.versiegelung24.com\\\/wp-content\\\/uploads\\\/2020\\\/04\\\/versiegelung24.png\",\"contentUrl\":\"https:\\\/\\\/www.versiegelung24.com\\\/wp-content\\\/uploads\\\/2020\\\/04\\\/versiegelung24.png\",\"width\":470,\"height\":102,\"caption\":\"versiegelung24\"},\"image\":{\"@id\":\"https:\\\/\\\/www.versiegelung24.com\\\/sl\\\/#\\\/schema\\\/logo\\\/image\\\/\"}}]}<\/script>\n<meta property=\"product:price:amount\" content=\"89.99\" \/>\n<meta property=\"product:price:currency\" content=\"EUR\" \/>\n<meta property=\"og:availability\" content=\"instock\" \/>\n<meta property=\"product:availability\" content=\"instock\" \/>\n<meta property=\"product:retailer_item_id\" content=\"6002-7689-1000\" \/>\n<meta property=\"product:condition\" content=\"new\" \/>\n<!-- \/ Yoast SEO Premium plugin. -->","yoast_head_json":{"title":"Dura Tex - vrhunska tekstilna tesnilna masa z izjemno odpornostjo proti vodi - versiegelung24.com","robots":{"index":"index","follow":"follow","max-snippet":"max-snippet:-1","max-image-preview":"max-image-preview:large","max-video-preview":"max-video-preview:-1"},"canonical":"https:\/\/www.versiegelung24.com\/sl\/vrhunsko-tesnjenje-tekstila-in-papirja-z-izjemno-vodoodbojnostjo.html","og_locale":"sl_SI","og_type":"article","og_title":"Dura Tex - vrhunska tekstilna tesnilna masa z izjemno odpornostjo proti vodi","og_description":"\u2713 diha \u2713 Za\u0161\u010dita pred made\u017ei \u2713 Z izjemno vodoodbojnostjo \u2713 Za notranjo in zunanjost","og_url":"https:\/\/www.versiegelung24.com\/sl\/vrhunsko-tesnjenje-tekstila-in-papirja-z-izjemno-vodoodbojnostjo.html","og_site_name":"versiegelung24.com","article_modified_time":"2025-01-03T22:56:15+00:00","og_image":[{"width":2560,"height":2560,"url":"https:\/\/www.versiegelung24.com\/wp-content\/uploads\/2020\/04\/produkt-6002-7689-1000-dura-tex-Premium-Textil-Papierversiegelung-scaled.webp","type":"image\/webp"}],"twitter_card":"summary_large_image","twitter_misc":{"Price":"89,99&euro;","Availability":"In stock"},"schema":{"@context":"https:\/\/schema.org","@graph":[{"@type":"WebPage","@id":"https:\/\/www.versiegelung24.com\/sl\/vrhunsko-tesnjenje-tekstila-in-papirja-z-izjemno-vodoodbojnostjo.html","url":"https:\/\/www.versiegelung24.com\/sl\/vrhunsko-tesnjenje-tekstila-in-papirja-z-izjemno-vodoodbojnostjo.html","name":"Dura Tex - vrhunska tekstilna tesnilna masa z izjemno odpornostjo proti vodi - versiegelung24.com","isPartOf":{"@id":"https:\/\/www.versiegelung24.com\/sl\/#website"},"primaryImageOfPage":{"@id":"https:\/\/www.versiegelung24.com\/sl\/vrhunsko-tesnjenje-tekstila-in-papirja-z-izjemno-vodoodbojnostjo.html#primaryimage"},"image":{"@id":"https:\/\/www.versiegelung24.com\/sl\/vrhunsko-tesnjenje-tekstila-in-papirja-z-izjemno-vodoodbojnostjo.html#primaryimage"},"thumbnailUrl":"https:\/\/www.versiegelung24.com\/wp-content\/uploads\/2020\/04\/produkt-6002-7689-1000-dura-tex-Premium-Textil-Papierversiegelung-scaled.webp","datePublished":"2021-08-02T20:19:55+00:00","dateModified":"2025-01-03T22:56:15+00:00","breadcrumb":{"@id":"https:\/\/www.versiegelung24.com\/sl\/vrhunsko-tesnjenje-tekstila-in-papirja-z-izjemno-vodoodbojnostjo.html#breadcrumb"},"inLanguage":"sl-SI","potentialAction":[{"@type":"ReadAction","target":["https:\/\/www.versiegelung24.com\/sl\/vrhunsko-tesnjenje-tekstila-in-papirja-z-izjemno-vodoodbojnostjo.html"]}]},{"@type":"ImageObject","inLanguage":"sl-SI","@id":"https:\/\/www.versiegelung24.com\/sl\/vrhunsko-tesnjenje-tekstila-in-papirja-z-izjemno-vodoodbojnostjo.html#primaryimage","url":"https:\/\/www.versiegelung24.com\/wp-content\/uploads\/2020\/04\/produkt-6002-7689-1000-dura-tex-Premium-Textil-Papierversiegelung-scaled.webp","contentUrl":"https:\/\/www.versiegelung24.com\/wp-content\/uploads\/2020\/04\/produkt-6002-7689-1000-dura-tex-Premium-Textil-Papierversiegelung-scaled.webp","width":2560,"height":2560},{"@type":"BreadcrumbList","@id":"https:\/\/www.versiegelung24.com\/sl\/vrhunsko-tesnjenje-tekstila-in-papirja-z-izjemno-vodoodbojnostjo.html#breadcrumb","itemListElement":[{"@type":"ListItem","position":1,"name":"Doma\u010da stran","item":"https:\/\/www.versiegelung24.com\/sl\/spredaj\/"},{"@type":"ListItem","position":2,"name":"Nakupujte","item":"https:\/\/www.versiegelung24.com\/sl\/nakupujte\/"},{"@type":"ListItem","position":3,"name":"Dura Tex &#8211; vrhunska tekstilna tesnilna masa z izjemno odpornostjo proti vodi"}]},{"@type":"WebSite","@id":"https:\/\/www.versiegelung24.com\/sl\/#website","url":"https:\/\/www.versiegelung24.com\/sl\/","name":"versiegelung24.com","description":"Fl\u00fcssigglas-Versiegelung - Made in Germany","publisher":{"@id":"https:\/\/www.versiegelung24.com\/sl\/#organization"},"potentialAction":[{"@type":"SearchAction","target":{"@type":"EntryPoint","urlTemplate":"https:\/\/www.versiegelung24.com\/sl\/?s={search_term_string}"},"query-input":{"@type":"PropertyValueSpecification","valueRequired":true,"valueName":"search_term_string"}}],"inLanguage":"sl-SI"},{"@type":"Organization","@id":"https:\/\/www.versiegelung24.com\/sl\/#organization","name":"versiegelung24","url":"https:\/\/www.versiegelung24.com\/sl\/","logo":{"@type":"ImageObject","inLanguage":"sl-SI","@id":"https:\/\/www.versiegelung24.com\/sl\/#\/schema\/logo\/image\/","url":"https:\/\/www.versiegelung24.com\/wp-content\/uploads\/2020\/04\/versiegelung24.png","contentUrl":"https:\/\/www.versiegelung24.com\/wp-content\/uploads\/2020\/04\/versiegelung24.png","width":470,"height":102,"caption":"versiegelung24"},"image":{"@id":"https:\/\/www.versiegelung24.com\/sl\/#\/schema\/logo\/image\/"}}]},"product_price_amount":"89.99","product_price_currency":"EUR","og_availability":"instock","product_availability":"instock","product_retailer_item_id":"6002-7689-1000","product_condition":"new"},"_links":{"self":[{"href":"https:\/\/www.versiegelung24.com\/sl\/wp-json\/wp\/v2\/product\/24025","targetHints":{"allow":["GET"]}}],"collection":[{"href":"https:\/\/www.versiegelung24.com\/sl\/wp-json\/wp\/v2\/product"}],"about":[{"href":"https:\/\/www.versiegelung24.com\/sl\/wp-json\/wp\/v2\/types\/product"}],"version-history":[{"count":13,"href":"https:\/\/www.versiegelung24.com\/sl\/wp-json\/wp\/v2\/product\/24025\/revisions"}],"predecessor-version":[{"id":177723,"href":"https:\/\/www.versiegelung24.com\/sl\/wp-json\/wp\/v2\/product\/24025\/revisions\/177723"}],"wp:featuredmedia":[{"embeddable":true,"href":"https:\/\/www.versiegelung24.com\/sl\/wp-json\/wp\/v2\/media\/125334"}],"wp:attachment":[{"href":"https:\/\/www.versiegelung24.com\/sl\/wp-json\/wp\/v2\/media?parent=24025"}],"wp:term":[{"taxonomy":"product_brand","embeddable":true,"href":"https:\/\/www.versiegelung24.com\/sl\/wp-json\/wp\/v2\/product_brand?post=24025"},{"taxonomy":"product_cat","embeddable":true,"href":"https:\/\/www.versiegelung24.com\/sl\/wp-json\/wp\/v2\/product_cat?post=24025"},{"taxonomy":"product_tag","embeddable":true,"href":"https:\/\/www.versiegelung24.com\/sl\/wp-json\/wp\/v2\/product_tag?post=24025"}],"curies":[{"name":"wp","href":"https:\/\/api.w.org\/{rel}","templated":true}]}}