{"id":24088,"date":"2020-04-29T20:41:14","date_gmt":"2020-04-29T18:41:14","guid":{"rendered":"https:\/\/www.versiegelung24.com\/produkt\/vzorec-tesnjenje-betona-kamna-z-izjemno-vodoodbojnostjo-ne-diha"},"modified":"2025-01-05T15:42:49","modified_gmt":"2025-01-05T14:42:49","slug":"vzorec-beton-kamen-tesnjenje-z-ekstremno-vodoodbojnostjo-ne-diha","status":"publish","type":"product","link":"https:\/\/www.versiegelung24.com\/sl\/vzorec-beton-kamen-tesnjenje-z-ekstremno-vodoodbojnostjo-ne-diha.html","title":{"rendered":"Vzorec: vrhunsko tesnilo za beton in kamen s poglabljanjem barve, ki ne diha &#8211; 3008-704"},"content":{"rendered":"<p>100 ml vzorca na\u0161e&nbsp;<a href=\"https:\/\/www.versiegelung24.com\/sl\/premium-beton-kamen-tesnjenje-ekstremno-vodoodbojnost-ne-diha.html\">tesnilne mase za kamen z izjemno vodoodbojnostjo<\/a>&nbsp;za testni nanos ali tesnjenje manj\u0161ih povr\u0161in.<\/p>\n","protected":false},"excerpt":{"rendered":"<p><strong>Izjemno vodoodbojen prozorni premaz za notranjo in zunanjo uporabo<\/strong>  <\/p>\n<p>\u2713 za vse vpojne mineralne kamnite in betonske povr\u0161ine<\/p>\n<p>\u2713 Enostaven za \u010di\u0161\u010denje: umazanija se ne prime in jo je mogo\u010de enostavno odstraniti<\/p>\n<p>\u2713 obdelane povr\u0161ine ne dihajo<\/p>\n<p>\u2713 Prepre\u010duje rast mahu, li\u0161ajev, gliv in drugih naravnih vplivov<\/p>\n<p>\u2713 U\u010dinek poglabljanja barve s sijajno folijo \/ pove\u010danjem povr\u0161ine<\/p>\n<p>\u2713 Rok uporabnosti: 5 let+<\/p>\n","protected":false},"featured_media":14620,"template":"","meta":{"_acf_changed":false,"neve_meta_sidebar":"","neve_meta_container":"","neve_meta_enable_content_width":"","neve_meta_content_width":0,"neve_meta_title_alignment":"","neve_meta_author_avatar":"","neve_post_elements_order":"","neve_meta_disable_header":"","neve_meta_disable_footer":"","neve_meta_disable_title":"","neve_meta_reading_time":"","_surfaces":[],"_ver_product_tabs":[],"footnotes":""},"product_brand":[],"product_cat":[2651],"product_tag":[],"class_list":{"0":"post-24088","1":"product","2":"type-product","3":"status-publish","4":"has-post-thumbnail","6":"product_cat-predlogo","7":"pa_gebinde-100-ml-steklenica","9":"first","10":"onbackorder","11":"sold-individually","12":"taxable","13":"shipping-taxable","14":"purchasable","15":"product-type-variable","16":"has-default-attributes"},"acf":[],"yoast_head":"<!-- This site is optimized with the Yoast SEO Premium plugin v22.8 (Yoast SEO v27.3) - https:\/\/yoast.com\/product\/yoast-seo-premium-wordpress\/ -->\n<title>Vzorec: vrhunsko tesnilo za beton in kamen s poglabljanjem barve, ki ne diha - 3008-704 - versiegelung24.com<\/title>\n<meta name=\"robots\" content=\"index, follow, max-snippet:-1, max-image-preview:large, max-video-preview:-1\" \/>\n<link rel=\"canonical\" href=\"https:\/\/www.versiegelung24.com\/sl\/vzorec-beton-kamen-tesnjenje-z-ekstremno-vodoodbojnostjo-ne-diha.html\" \/>\n<meta property=\"og:locale\" content=\"sl_SI\" \/>\n<meta property=\"og:type\" content=\"article\" \/>\n<meta property=\"og:title\" content=\"Vzorec: vrhunsko tesnilo za beton in kamen s poglabljanjem barve, ki ne diha - 3008-704\" \/>\n<meta property=\"og:description\" content=\"Izjemno vodoodbojen prozorni premaz za notranjo in zunanjo uporabo  \u2713 za vse vpojne mineralne kamnite in betonske povr\u0161ine \u2713 Enostaven za \u010di\u0161\u010denje: umazanija se ne prime in jo je mogo\u010de enostavno odstraniti \u2713 obdelane povr\u0161ine ne dihajo \u2713 Prepre\u010duje rast mahu, li\u0161ajev, gliv in drugih naravnih vplivov \u2713 U\u010dinek poglabljanja barve s sijajno folijo \/ pove\u010danjem povr\u0161ine \u2713 Rok uporabnosti: 5 let+\" \/>\n<meta property=\"og:url\" content=\"https:\/\/www.versiegelung24.com\/sl\/vzorec-beton-kamen-tesnjenje-z-ekstremno-vodoodbojnostjo-ne-diha.html\" \/>\n<meta property=\"og:site_name\" content=\"versiegelung24.com\" \/>\n<meta property=\"article:modified_time\" content=\"2025-01-05T14:42:49+00:00\" \/>\n<meta property=\"og:image\" content=\"https:\/\/www.versiegelung24.com\/wp-content\/uploads\/2020\/04\/versiegelung-muster.png\" \/>\n\t<meta property=\"og:image:width\" content=\"1000\" \/>\n\t<meta property=\"og:image:height\" content=\"1000\" \/>\n\t<meta property=\"og:image:type\" content=\"image\/png\" \/>\n<meta name=\"twitter:card\" content=\"summary_large_image\" \/>\n<meta name=\"twitter:label1\" content=\"Availability\" \/>\n\t<meta name=\"twitter:data1\" content=\"On backorder\" \/>\n<script type=\"application\/ld+json\" class=\"yoast-schema-graph\">{\"@context\":\"https:\\\/\\\/schema.org\",\"@graph\":[{\"@type\":\"WebPage\",\"@id\":\"https:\\\/\\\/www.versiegelung24.com\\\/sl\\\/vzorec-beton-kamen-tesnjenje-z-ekstremno-vodoodbojnostjo-ne-diha.html\",\"url\":\"https:\\\/\\\/www.versiegelung24.com\\\/sl\\\/vzorec-beton-kamen-tesnjenje-z-ekstremno-vodoodbojnostjo-ne-diha.html\",\"name\":\"Vzorec: vrhunsko tesnilo za beton in kamen s poglabljanjem barve, ki ne diha - 3008-704 - versiegelung24.com\",\"isPartOf\":{\"@id\":\"https:\\\/\\\/www.versiegelung24.com\\\/sl\\\/#website\"},\"primaryImageOfPage\":{\"@id\":\"https:\\\/\\\/www.versiegelung24.com\\\/sl\\\/vzorec-beton-kamen-tesnjenje-z-ekstremno-vodoodbojnostjo-ne-diha.html#primaryimage\"},\"image\":{\"@id\":\"https:\\\/\\\/www.versiegelung24.com\\\/sl\\\/vzorec-beton-kamen-tesnjenje-z-ekstremno-vodoodbojnostjo-ne-diha.html#primaryimage\"},\"thumbnailUrl\":\"https:\\\/\\\/www.versiegelung24.com\\\/wp-content\\\/uploads\\\/2020\\\/04\\\/versiegelung-muster.png\",\"datePublished\":\"2020-04-29T18:41:14+00:00\",\"dateModified\":\"2025-01-05T14:42:49+00:00\",\"breadcrumb\":{\"@id\":\"https:\\\/\\\/www.versiegelung24.com\\\/sl\\\/vzorec-beton-kamen-tesnjenje-z-ekstremno-vodoodbojnostjo-ne-diha.html#breadcrumb\"},\"inLanguage\":\"sl-SI\",\"potentialAction\":[{\"@type\":\"ReadAction\",\"target\":[\"https:\\\/\\\/www.versiegelung24.com\\\/sl\\\/vzorec-beton-kamen-tesnjenje-z-ekstremno-vodoodbojnostjo-ne-diha.html\"]}]},{\"@type\":\"ImageObject\",\"inLanguage\":\"sl-SI\",\"@id\":\"https:\\\/\\\/www.versiegelung24.com\\\/sl\\\/vzorec-beton-kamen-tesnjenje-z-ekstremno-vodoodbojnostjo-ne-diha.html#primaryimage\",\"url\":\"https:\\\/\\\/www.versiegelung24.com\\\/wp-content\\\/uploads\\\/2020\\\/04\\\/versiegelung-muster.png\",\"contentUrl\":\"https:\\\/\\\/www.versiegelung24.com\\\/wp-content\\\/uploads\\\/2020\\\/04\\\/versiegelung-muster.png\",\"width\":1000,\"height\":1000},{\"@type\":\"BreadcrumbList\",\"@id\":\"https:\\\/\\\/www.versiegelung24.com\\\/sl\\\/vzorec-beton-kamen-tesnjenje-z-ekstremno-vodoodbojnostjo-ne-diha.html#breadcrumb\",\"itemListElement\":[{\"@type\":\"ListItem\",\"position\":1,\"name\":\"Doma\u010da stran\",\"item\":\"https:\\\/\\\/www.versiegelung24.com\\\/sl\\\/spredaj\\\/\"},{\"@type\":\"ListItem\",\"position\":2,\"name\":\"Nakupujte\",\"item\":\"https:\\\/\\\/www.versiegelung24.com\\\/sl\\\/nakupujte\\\/\"},{\"@type\":\"ListItem\",\"position\":3,\"name\":\"Vzorec: vrhunsko tesnilo za beton in kamen s poglabljanjem barve, ki ne diha &#8211; 3008-704\"}]},{\"@type\":\"WebSite\",\"@id\":\"https:\\\/\\\/www.versiegelung24.com\\\/sl\\\/#website\",\"url\":\"https:\\\/\\\/www.versiegelung24.com\\\/sl\\\/\",\"name\":\"versiegelung24.com\",\"description\":\"Fl\u00fcssigglas-Versiegelung - Made in Germany\",\"publisher\":{\"@id\":\"https:\\\/\\\/www.versiegelung24.com\\\/sl\\\/#organization\"},\"potentialAction\":[{\"@type\":\"SearchAction\",\"target\":{\"@type\":\"EntryPoint\",\"urlTemplate\":\"https:\\\/\\\/www.versiegelung24.com\\\/sl\\\/?s={search_term_string}\"},\"query-input\":{\"@type\":\"PropertyValueSpecification\",\"valueRequired\":true,\"valueName\":\"search_term_string\"}}],\"inLanguage\":\"sl-SI\"},{\"@type\":\"Organization\",\"@id\":\"https:\\\/\\\/www.versiegelung24.com\\\/sl\\\/#organization\",\"name\":\"versiegelung24\",\"url\":\"https:\\\/\\\/www.versiegelung24.com\\\/sl\\\/\",\"logo\":{\"@type\":\"ImageObject\",\"inLanguage\":\"sl-SI\",\"@id\":\"https:\\\/\\\/www.versiegelung24.com\\\/sl\\\/#\\\/schema\\\/logo\\\/image\\\/\",\"url\":\"https:\\\/\\\/www.versiegelung24.com\\\/wp-content\\\/uploads\\\/2020\\\/04\\\/versiegelung24.png\",\"contentUrl\":\"https:\\\/\\\/www.versiegelung24.com\\\/wp-content\\\/uploads\\\/2020\\\/04\\\/versiegelung24.png\",\"width\":470,\"height\":102,\"caption\":\"versiegelung24\"},\"image\":{\"@id\":\"https:\\\/\\\/www.versiegelung24.com\\\/sl\\\/#\\\/schema\\\/logo\\\/image\\\/\"}}]}<\/script>\n<meta property=\"og:availability\" content=\"backorder\" \/>\n<meta property=\"product:availability\" content=\"available for order\" \/>\n<meta property=\"product:retailer_item_id\" content=\"3008-704-muster\" \/>\n<meta property=\"product:condition\" content=\"new\" \/>\n<!-- \/ Yoast SEO Premium plugin. -->","yoast_head_json":{"title":"Vzorec: vrhunsko tesnilo za beton in kamen s poglabljanjem barve, ki ne diha - 3008-704 - versiegelung24.com","robots":{"index":"index","follow":"follow","max-snippet":"max-snippet:-1","max-image-preview":"max-image-preview:large","max-video-preview":"max-video-preview:-1"},"canonical":"https:\/\/www.versiegelung24.com\/sl\/vzorec-beton-kamen-tesnjenje-z-ekstremno-vodoodbojnostjo-ne-diha.html","og_locale":"sl_SI","og_type":"article","og_title":"Vzorec: vrhunsko tesnilo za beton in kamen s poglabljanjem barve, ki ne diha - 3008-704","og_description":"Izjemno vodoodbojen prozorni premaz za notranjo in zunanjo uporabo  \u2713 za vse vpojne mineralne kamnite in betonske povr\u0161ine \u2713 Enostaven za \u010di\u0161\u010denje: umazanija se ne prime in jo je mogo\u010de enostavno odstraniti \u2713 obdelane povr\u0161ine ne dihajo \u2713 Prepre\u010duje rast mahu, li\u0161ajev, gliv in drugih naravnih vplivov \u2713 U\u010dinek poglabljanja barve s sijajno folijo \/ pove\u010danjem povr\u0161ine \u2713 Rok uporabnosti: 5 let+","og_url":"https:\/\/www.versiegelung24.com\/sl\/vzorec-beton-kamen-tesnjenje-z-ekstremno-vodoodbojnostjo-ne-diha.html","og_site_name":"versiegelung24.com","article_modified_time":"2025-01-05T14:42:49+00:00","og_image":[{"width":1000,"height":1000,"url":"https:\/\/www.versiegelung24.com\/wp-content\/uploads\/2020\/04\/versiegelung-muster.png","type":"image\/png"}],"twitter_card":"summary_large_image","twitter_misc":{"Availability":"On backorder"},"schema":{"@context":"https:\/\/schema.org","@graph":[{"@type":"WebPage","@id":"https:\/\/www.versiegelung24.com\/sl\/vzorec-beton-kamen-tesnjenje-z-ekstremno-vodoodbojnostjo-ne-diha.html","url":"https:\/\/www.versiegelung24.com\/sl\/vzorec-beton-kamen-tesnjenje-z-ekstremno-vodoodbojnostjo-ne-diha.html","name":"Vzorec: vrhunsko tesnilo za beton in kamen s poglabljanjem barve, ki ne diha - 3008-704 - versiegelung24.com","isPartOf":{"@id":"https:\/\/www.versiegelung24.com\/sl\/#website"},"primaryImageOfPage":{"@id":"https:\/\/www.versiegelung24.com\/sl\/vzorec-beton-kamen-tesnjenje-z-ekstremno-vodoodbojnostjo-ne-diha.html#primaryimage"},"image":{"@id":"https:\/\/www.versiegelung24.com\/sl\/vzorec-beton-kamen-tesnjenje-z-ekstremno-vodoodbojnostjo-ne-diha.html#primaryimage"},"thumbnailUrl":"https:\/\/www.versiegelung24.com\/wp-content\/uploads\/2020\/04\/versiegelung-muster.png","datePublished":"2020-04-29T18:41:14+00:00","dateModified":"2025-01-05T14:42:49+00:00","breadcrumb":{"@id":"https:\/\/www.versiegelung24.com\/sl\/vzorec-beton-kamen-tesnjenje-z-ekstremno-vodoodbojnostjo-ne-diha.html#breadcrumb"},"inLanguage":"sl-SI","potentialAction":[{"@type":"ReadAction","target":["https:\/\/www.versiegelung24.com\/sl\/vzorec-beton-kamen-tesnjenje-z-ekstremno-vodoodbojnostjo-ne-diha.html"]}]},{"@type":"ImageObject","inLanguage":"sl-SI","@id":"https:\/\/www.versiegelung24.com\/sl\/vzorec-beton-kamen-tesnjenje-z-ekstremno-vodoodbojnostjo-ne-diha.html#primaryimage","url":"https:\/\/www.versiegelung24.com\/wp-content\/uploads\/2020\/04\/versiegelung-muster.png","contentUrl":"https:\/\/www.versiegelung24.com\/wp-content\/uploads\/2020\/04\/versiegelung-muster.png","width":1000,"height":1000},{"@type":"BreadcrumbList","@id":"https:\/\/www.versiegelung24.com\/sl\/vzorec-beton-kamen-tesnjenje-z-ekstremno-vodoodbojnostjo-ne-diha.html#breadcrumb","itemListElement":[{"@type":"ListItem","position":1,"name":"Doma\u010da stran","item":"https:\/\/www.versiegelung24.com\/sl\/spredaj\/"},{"@type":"ListItem","position":2,"name":"Nakupujte","item":"https:\/\/www.versiegelung24.com\/sl\/nakupujte\/"},{"@type":"ListItem","position":3,"name":"Vzorec: vrhunsko tesnilo za beton in kamen s poglabljanjem barve, ki ne diha &#8211; 3008-704"}]},{"@type":"WebSite","@id":"https:\/\/www.versiegelung24.com\/sl\/#website","url":"https:\/\/www.versiegelung24.com\/sl\/","name":"versiegelung24.com","description":"Fl\u00fcssigglas-Versiegelung - Made in Germany","publisher":{"@id":"https:\/\/www.versiegelung24.com\/sl\/#organization"},"potentialAction":[{"@type":"SearchAction","target":{"@type":"EntryPoint","urlTemplate":"https:\/\/www.versiegelung24.com\/sl\/?s={search_term_string}"},"query-input":{"@type":"PropertyValueSpecification","valueRequired":true,"valueName":"search_term_string"}}],"inLanguage":"sl-SI"},{"@type":"Organization","@id":"https:\/\/www.versiegelung24.com\/sl\/#organization","name":"versiegelung24","url":"https:\/\/www.versiegelung24.com\/sl\/","logo":{"@type":"ImageObject","inLanguage":"sl-SI","@id":"https:\/\/www.versiegelung24.com\/sl\/#\/schema\/logo\/image\/","url":"https:\/\/www.versiegelung24.com\/wp-content\/uploads\/2020\/04\/versiegelung24.png","contentUrl":"https:\/\/www.versiegelung24.com\/wp-content\/uploads\/2020\/04\/versiegelung24.png","width":470,"height":102,"caption":"versiegelung24"},"image":{"@id":"https:\/\/www.versiegelung24.com\/sl\/#\/schema\/logo\/image\/"}}]},"og_availability":"backorder","product_availability":"available for order","product_retailer_item_id":"3008-704-muster","product_condition":"new"},"_links":{"self":[{"href":"https:\/\/www.versiegelung24.com\/sl\/wp-json\/wp\/v2\/product\/24088","targetHints":{"allow":["GET"]}}],"collection":[{"href":"https:\/\/www.versiegelung24.com\/sl\/wp-json\/wp\/v2\/product"}],"about":[{"href":"https:\/\/www.versiegelung24.com\/sl\/wp-json\/wp\/v2\/types\/product"}],"version-history":[{"count":2,"href":"https:\/\/www.versiegelung24.com\/sl\/wp-json\/wp\/v2\/product\/24088\/revisions"}],"predecessor-version":[{"id":140715,"href":"https:\/\/www.versiegelung24.com\/sl\/wp-json\/wp\/v2\/product\/24088\/revisions\/140715"}],"wp:featuredmedia":[{"embeddable":true,"href":"https:\/\/www.versiegelung24.com\/sl\/wp-json\/wp\/v2\/media\/14620"}],"wp:attachment":[{"href":"https:\/\/www.versiegelung24.com\/sl\/wp-json\/wp\/v2\/media?parent=24088"}],"wp:term":[{"taxonomy":"product_brand","embeddable":true,"href":"https:\/\/www.versiegelung24.com\/sl\/wp-json\/wp\/v2\/product_brand?post=24088"},{"taxonomy":"product_cat","embeddable":true,"href":"https:\/\/www.versiegelung24.com\/sl\/wp-json\/wp\/v2\/product_cat?post=24088"},{"taxonomy":"product_tag","embeddable":true,"href":"https:\/\/www.versiegelung24.com\/sl\/wp-json\/wp\/v2\/product_tag?post=24088"}],"curies":[{"name":"wp","href":"https:\/\/api.w.org\/{rel}","templated":true}]}}