{"id":24110,"date":"2020-04-27T21:49:59","date_gmt":"2021-08-02T20:25:20","guid":{"rendered":"https:\/\/www.versiegelung24.com\/produkt\/monument-stone-visoko-zmogljivo-tesnjenje-s-kamnom-in-betonom"},"modified":"2025-03-20T09:54:05","modified_gmt":"2025-03-20T08:54:05","slug":"visokozmogljivo-tesnjenje-spomenika-kamena-kamena-in-betona","status":"publish","type":"product","link":"https:\/\/www.versiegelung24.com\/sl\/spomen-kamen-kamen-beton-visoko-zmogljivo-tesnjenje.html","title":{"rendered":"Monument Stone &#8211; tesnilo za teko\u010de steklo za kamen in beton"},"content":{"rendered":"\n<p>Na\u0161e visoko zmogljivo tesnilo Monument Stone u\u010dinkovito in trajno \u0161\u010diti visokokakovostne izdelke iz betonskega kamna pred splo\u0161no kontaminacijo z vodo, hrano in olji.<\/p>\n\n<hr \/>\n\n<h4 class=\"wp-block-heading\" id=\"properties\">Zna\u010dilnosti izdelka<\/h4>\n\n<div class=\"wp-block-columns is-layout-flex wp-container-core-columns-is-layout-9d6595d7 wp-block-columns-is-layout-flex\">\n<div class=\"wp-block-column is-layout-flow wp-block-column-is-layout-flow\">\n<p><strong>Visoko zmogljivo tesnjenje za izdelke iz kamna in betonskih blokov za zmanj\u0161anje splo\u0161ne nagnjenosti k umazaniji iz vode, hrane in olj<\/strong><\/p>\n\n\n\n<p>\u0160tevilka izdelka: 3009-8637<\/p>\n\n\n\n<p>Visoka kakovost izdelana v Nem\u010diji<\/p>\n\n\n\n<p><strong>varnost izdelkov<\/strong><\/p>\n\n\n\n<p>Podatke o razvrstitvi proizvoda v okviru Odloka o nevarnih snoveh, varnostne podatke ter podatke o toksikologiji in skladi\u0161\u010denju najdete v na\u0161em varnostnem listu.<\/p>\n\n\n\n<p><strong>skladi\u0161\u010denje<\/strong><\/p>\n\n\n\n<p>Upo\u0161tevati je treba informacije v ustreznem varnostnem listu (MSDS).<\/p>\n\n\n\n<p>V24 Monument Stone je treba hraniti v suhem, dobro prezra\u010devanem in hladnem (20\u00b0C) mestu. Hraniti\/shranjujte samo v tesno zaprti originalni embala\u017ei. Za\u0161\u010ditite pred neposredno son\u010dno svetlobo. Ob pravilnem skladi\u0161\u010denju je minimalni rok uporabnosti 12 mesecev od datuma proizvodnje.<\/p>\n\n\n\n<p>Dalj\u0161i rok skladi\u0161\u010denja ne pomeni nujno, da je proizvod neuporaben, vendar je treba v smislu zagotavljanja kakovosti preveriti \u017eelene lastnosti za predvideno uporabo.<\/p>\n<\/div>\n\n\n\n<div class=\"wp-block-column is-layout-flow wp-block-column-is-layout-flow\">\n<p>\u2713 Visoko zmogljiva impregnacija na vodni osnovi<\/p>\n\n\n\n<p>\u2713 U\u010dinkovitost do 10 let (ob pravilni uporabi)<\/p>\n\n\n\n<p>\u2713 Posebej primeren za dolgotrajno za\u0161\u010dito spomenikov<\/p>\n\n\n\n<p>\u2713 visoko koncentriran<\/p>\n\n\n\n<p>\u2713 Dolgotrajna za\u0161\u010dita s kemi\u010dno vezavo substrata<\/p>\n\n\n\n<p>\u2713 Odporen na alkalije do pH 10-11*<\/p>\n\n\n\n<p>\u2713 Nelepljiv u\u010dinek<\/p>\n\n\n\n<p>\u2713 Zelo odporen na olje, vodo in umazanijo<\/p>\n\n\n\n<p>\u2713 Odporen na alkalije<\/p>\n\n\n\n<p>\u2713 Zmanj\u0161ana eflorescenca<\/p>\n\n\n\n<p>\u2713 Zmanj\u0161anje oprijema umazanije<\/p>\n\n\n\n<p>\u2713 Zmanj\u0161anje rasti alg in mahu<\/p>\n\n\n\n<p>\u2713 zmanj\u0161a ponovno umazanje<\/p>\n\n\n\n<p>\u2713 Odprt za difuzijo hlapov<\/p>\n\n\n\n<p>\u2713 se hitro su\u0161i in se ne lepi<\/p>\n\n\n\n<p>\u2713 Visoka UV stabilnost<\/p>\n\n\n\n<p>\u2713 Re\u0161itev, pripravljena za uporabo<\/p>\n\n\n\n<p>\u2713 neviden<\/p>\n<\/div>\n<\/div>\n\n<hr \/>\n\n<h4 class=\"wp-block-heading\" id=\"application\">Aplikacija<\/h4>\n\n<div class=\"wp-block-columns is-layout-flex wp-container-core-columns-is-layout-9d6595d7 wp-block-columns-is-layout-flex\">\n<div class=\"wp-block-column is-layout-flow wp-block-column-is-layout-flow\">\n<ul class=\"wp-block-list\">\n<li><strong>V24 Monument Stone &#8211; tesnilo iz teko\u010dega<\/strong> stekla nanesemo nerazred\u010deno na predhodno o\u010di\u0161\u010deno in posu\u0161eno povr\u0161ino, saj le tako zagotovimo globoko prodiranje tesnila, kar zagotavlja optimalen dolgotrajen in globok u\u010dinek.<\/li>\n<\/ul>\n\n\n\n<ul class=\"wp-block-list\">\n<li>Tesnilo se enakomerno in tanko nanese na podlago, dokler povr\u0161ina ni videti mat vla\u017ena.<\/li>\n<\/ul>\n\n\n\n<ul class=\"wp-block-list\">\n<li>Nana\u0161a se s \u010dopi\u010dem, penastim valj\u010dkom, krpo iz mikrovlaken ali brizganjem.<\/li>\n<\/ul>\n\n\n\n<ul class=\"wp-block-list\">\n<li>Izogibati se je treba nastajanju lu\u017e. Odve\u010dno hidroizolacijsko sredstvo je treba odstraniti s podlage.<\/li>\n<\/ul>\n<\/div>\n\n\n\n<div class=\"wp-block-column is-layout-flow wp-block-column-is-layout-flow\">\n<ul class=\"wp-block-list\">\n<li>Po nanosu mora <strong>V24 Monument Stone<\/strong> nekaj sekund ostati v stiku s povr\u0161ino kot teko\u010di film.<\/li>\n<\/ul>\n\n\n\n<ul class=\"wp-block-list\">\n<li>Popolna funkcionalnost se pojavi po 48 urah su\u0161enja pri sobni temperaturi. Globinsko su\u0161enje se lahko razlikuje tudi glede na podlago.<\/li>\n<\/ul>\n\n\n\n<p>Podroben opis aplikacije najdete v na\u0161em podatkovnem listu<\/p>\n\n\n\n<p>Visoko u\u010dinkovito tesnilo s teko\u010dim steklom za spomenike &#8211; kamnite in betonske bloke.<\/p>\n\n\n\n<p>\u2713 Beton (izdelki)<\/p>\n\n\n\n<p>\u2713 kamen (\u010dlenki)<\/p>\n\n\n\n<p>\u2713 Sistemi plo\u0161\u010d in tlakovcev<\/p>\n\n\n\n<p>\u2713 Spomeni\u0161ki kamni<\/p>\n<\/div>\n<\/div>\n","protected":false},"excerpt":{"rendered":"<p><strong>Teko\u010de steklo, ki odbija olje, vodo in umazanijo, za kamnite in betonske povr\u0161ine<\/strong><\/p>\n<p>\u2713 Dolgotrajna za\u0161\u010dita s kemi\u010dno vezavo substrata<\/p>\n<p>\u2713 Zelo odporen na olje, vodo in umazanijo<\/p>\n<p>\u2713 Dolgotrajna za\u0161\u010dita na spomeni\u0161kem kamnu<\/p>\n<p>\u2713 Zmanj\u0161anje rasti alg in mahu<\/p>\n<p>\u2713 Nelepljiv u\u010dinek<\/p>\n","protected":false},"featured_media":18153,"template":"","meta":{"_acf_changed":false,"neve_meta_sidebar":"","neve_meta_container":"","neve_meta_enable_content_width":"","neve_meta_content_width":0,"neve_meta_title_alignment":"","neve_meta_author_avatar":"","neve_post_elements_order":"","neve_meta_disable_header":"","neve_meta_disable_footer":"","neve_meta_disable_title":"","neve_meta_reading_time":"","_surfaces":[],"_ver_product_tabs":[],"footnotes":""},"product_brand":[],"product_cat":[2251],"product_tag":[],"class_list":{"0":"post-24110","1":"product","2":"type-product","3":"status-publish","4":"has-post-thumbnail","6":"product_cat-tesnjenje-kamna-in-betona","8":"first","9":"onbackorder","10":"taxable","11":"shipping-taxable","12":"purchasable","13":"product-type-simple"},"acf":[],"yoast_head":"<!-- This site is optimized with the Yoast SEO Premium plugin v22.8 (Yoast SEO v27.5) - https:\/\/yoast.com\/product\/yoast-seo-premium-wordpress\/ -->\n<title>Monument Stone - tesnilo za teko\u010de steklo za kamen in beton - versiegelung24.com<\/title>\n<meta name=\"robots\" content=\"index, follow, max-snippet:-1, max-image-preview:large, max-video-preview:-1\" \/>\n<link rel=\"canonical\" href=\"https:\/\/www.versiegelung24.com\/sl\/spomen-kamen-kamen-beton-visoko-zmogljivo-tesnjenje.html\" \/>\n<meta property=\"og:locale\" content=\"sl_SI\" \/>\n<meta property=\"og:type\" content=\"article\" \/>\n<meta property=\"og:title\" content=\"Monument Stone - tesnilo za teko\u010de steklo za kamen in beton\" \/>\n<meta property=\"og:description\" content=\"Teko\u010de steklo, ki odbija olje, vodo in umazanijo, za kamnite in betonske povr\u0161ine \u2713 Dolgotrajna za\u0161\u010dita s kemi\u010dno vezavo substrata \u2713 Zelo odporen na olje, vodo in umazanijo \u2713 Dolgotrajna za\u0161\u010dita na spomeni\u0161kem kamnu \u2713 Zmanj\u0161anje rasti alg in mahu \u2713 Nelepljiv u\u010dinek\" \/>\n<meta property=\"og:url\" content=\"https:\/\/www.versiegelung24.com\/sl\/spomen-kamen-kamen-beton-visoko-zmogljivo-tesnjenje.html\" \/>\n<meta property=\"og:site_name\" content=\"versiegelung24.com\" \/>\n<meta property=\"article:modified_time\" content=\"2025-03-20T08:54:05+00:00\" \/>\n<meta property=\"og:image\" content=\"https:\/\/www.versiegelung24.com\/wp-content\/uploads\/2020\/06\/produkt-3009-7637-1000-Monument-Stone-scaled.jpg\" \/>\n\t<meta property=\"og:image:width\" content=\"2560\" \/>\n\t<meta property=\"og:image:height\" content=\"2560\" \/>\n\t<meta property=\"og:image:type\" content=\"image\/jpeg\" \/>\n<meta name=\"twitter:card\" content=\"summary_large_image\" \/>\n<meta name=\"twitter:label1\" content=\"Price\" \/>\n\t<meta name=\"twitter:data1\" content=\"89,99&euro;\" \/>\n\t<meta name=\"twitter:label2\" content=\"Availability\" \/>\n\t<meta name=\"twitter:data2\" content=\"On backorder\" \/>\n<script type=\"application\/ld+json\" class=\"yoast-schema-graph\">{\"@context\":\"https:\\\/\\\/schema.org\",\"@graph\":[{\"@type\":\"WebPage\",\"@id\":\"https:\\\/\\\/www.versiegelung24.com\\\/sl\\\/spomen-kamen-kamen-beton-visoko-zmogljivo-tesnjenje.html\",\"url\":\"https:\\\/\\\/www.versiegelung24.com\\\/sl\\\/spomen-kamen-kamen-beton-visoko-zmogljivo-tesnjenje.html\",\"name\":\"Monument Stone - tesnilo za teko\u010de steklo za kamen in beton - versiegelung24.com\",\"isPartOf\":{\"@id\":\"https:\\\/\\\/www.versiegelung24.com\\\/sl\\\/#website\"},\"primaryImageOfPage\":{\"@id\":\"https:\\\/\\\/www.versiegelung24.com\\\/sl\\\/spomen-kamen-kamen-beton-visoko-zmogljivo-tesnjenje.html#primaryimage\"},\"image\":{\"@id\":\"https:\\\/\\\/www.versiegelung24.com\\\/sl\\\/spomen-kamen-kamen-beton-visoko-zmogljivo-tesnjenje.html#primaryimage\"},\"thumbnailUrl\":\"https:\\\/\\\/www.versiegelung24.com\\\/wp-content\\\/uploads\\\/2020\\\/06\\\/produkt-3009-7637-1000-Monument-Stone-scaled.jpg\",\"datePublished\":\"2021-08-02T20:25:20+00:00\",\"dateModified\":\"2025-03-20T08:54:05+00:00\",\"breadcrumb\":{\"@id\":\"https:\\\/\\\/www.versiegelung24.com\\\/sl\\\/spomen-kamen-kamen-beton-visoko-zmogljivo-tesnjenje.html#breadcrumb\"},\"inLanguage\":\"sl-SI\",\"potentialAction\":[{\"@type\":\"ReadAction\",\"target\":[\"https:\\\/\\\/www.versiegelung24.com\\\/sl\\\/spomen-kamen-kamen-beton-visoko-zmogljivo-tesnjenje.html\"]}]},{\"@type\":\"ImageObject\",\"inLanguage\":\"sl-SI\",\"@id\":\"https:\\\/\\\/www.versiegelung24.com\\\/sl\\\/spomen-kamen-kamen-beton-visoko-zmogljivo-tesnjenje.html#primaryimage\",\"url\":\"https:\\\/\\\/www.versiegelung24.com\\\/wp-content\\\/uploads\\\/2020\\\/06\\\/produkt-3009-7637-1000-Monument-Stone-scaled.jpg\",\"contentUrl\":\"https:\\\/\\\/www.versiegelung24.com\\\/wp-content\\\/uploads\\\/2020\\\/06\\\/produkt-3009-7637-1000-Monument-Stone-scaled.jpg\",\"width\":2560,\"height\":2560},{\"@type\":\"BreadcrumbList\",\"@id\":\"https:\\\/\\\/www.versiegelung24.com\\\/sl\\\/spomen-kamen-kamen-beton-visoko-zmogljivo-tesnjenje.html#breadcrumb\",\"itemListElement\":[{\"@type\":\"ListItem\",\"position\":1,\"name\":\"Doma\u010da stran\",\"item\":\"https:\\\/\\\/www.versiegelung24.com\\\/sl\\\/spredaj\\\/\"},{\"@type\":\"ListItem\",\"position\":2,\"name\":\"Nakupujte\",\"item\":\"https:\\\/\\\/www.versiegelung24.com\\\/sl\\\/nakupujte\\\/\"},{\"@type\":\"ListItem\",\"position\":3,\"name\":\"Monument Stone &#8211; tesnilo za teko\u010de steklo za kamen in beton\"}]},{\"@type\":\"WebSite\",\"@id\":\"https:\\\/\\\/www.versiegelung24.com\\\/sl\\\/#website\",\"url\":\"https:\\\/\\\/www.versiegelung24.com\\\/sl\\\/\",\"name\":\"versiegelung24.com\",\"description\":\"Fl\u00fcssigglas-Versiegelung - Made in Germany\",\"publisher\":{\"@id\":\"https:\\\/\\\/www.versiegelung24.com\\\/sl\\\/#organization\"},\"potentialAction\":[{\"@type\":\"SearchAction\",\"target\":{\"@type\":\"EntryPoint\",\"urlTemplate\":\"https:\\\/\\\/www.versiegelung24.com\\\/sl\\\/?s={search_term_string}\"},\"query-input\":{\"@type\":\"PropertyValueSpecification\",\"valueRequired\":true,\"valueName\":\"search_term_string\"}}],\"inLanguage\":\"sl-SI\"},{\"@type\":\"Organization\",\"@id\":\"https:\\\/\\\/www.versiegelung24.com\\\/sl\\\/#organization\",\"name\":\"versiegelung24\",\"url\":\"https:\\\/\\\/www.versiegelung24.com\\\/sl\\\/\",\"logo\":{\"@type\":\"ImageObject\",\"inLanguage\":\"sl-SI\",\"@id\":\"https:\\\/\\\/www.versiegelung24.com\\\/sl\\\/#\\\/schema\\\/logo\\\/image\\\/\",\"url\":\"https:\\\/\\\/www.versiegelung24.com\\\/wp-content\\\/uploads\\\/2020\\\/04\\\/versiegelung24.png\",\"contentUrl\":\"https:\\\/\\\/www.versiegelung24.com\\\/wp-content\\\/uploads\\\/2020\\\/04\\\/versiegelung24.png\",\"width\":470,\"height\":102,\"caption\":\"versiegelung24\"},\"image\":{\"@id\":\"https:\\\/\\\/www.versiegelung24.com\\\/sl\\\/#\\\/schema\\\/logo\\\/image\\\/\"}}]}<\/script>\n<meta property=\"product:price:amount\" content=\"89.99\" \/>\n<meta property=\"product:price:currency\" content=\"EUR\" \/>\n<meta property=\"og:availability\" content=\"backorder\" \/>\n<meta property=\"product:availability\" content=\"available for order\" \/>\n<meta property=\"product:retailer_item_id\" content=\"3009-8637-1\" \/>\n<meta property=\"product:condition\" content=\"new\" \/>\n<!-- \/ Yoast SEO Premium plugin. -->","yoast_head_json":{"title":"Monument Stone - tesnilo za teko\u010de steklo za kamen in beton - versiegelung24.com","robots":{"index":"index","follow":"follow","max-snippet":"max-snippet:-1","max-image-preview":"max-image-preview:large","max-video-preview":"max-video-preview:-1"},"canonical":"https:\/\/www.versiegelung24.com\/sl\/spomen-kamen-kamen-beton-visoko-zmogljivo-tesnjenje.html","og_locale":"sl_SI","og_type":"article","og_title":"Monument Stone - tesnilo za teko\u010de steklo za kamen in beton","og_description":"Teko\u010de steklo, ki odbija olje, vodo in umazanijo, za kamnite in betonske povr\u0161ine \u2713 Dolgotrajna za\u0161\u010dita s kemi\u010dno vezavo substrata \u2713 Zelo odporen na olje, vodo in umazanijo \u2713 Dolgotrajna za\u0161\u010dita na spomeni\u0161kem kamnu \u2713 Zmanj\u0161anje rasti alg in mahu \u2713 Nelepljiv u\u010dinek","og_url":"https:\/\/www.versiegelung24.com\/sl\/spomen-kamen-kamen-beton-visoko-zmogljivo-tesnjenje.html","og_site_name":"versiegelung24.com","article_modified_time":"2025-03-20T08:54:05+00:00","og_image":[{"width":2560,"height":2560,"url":"https:\/\/www.versiegelung24.com\/wp-content\/uploads\/2020\/06\/produkt-3009-7637-1000-Monument-Stone-scaled.jpg","type":"image\/jpeg"}],"twitter_card":"summary_large_image","twitter_misc":{"Price":"89,99&euro;","Availability":"On backorder"},"schema":{"@context":"https:\/\/schema.org","@graph":[{"@type":"WebPage","@id":"https:\/\/www.versiegelung24.com\/sl\/spomen-kamen-kamen-beton-visoko-zmogljivo-tesnjenje.html","url":"https:\/\/www.versiegelung24.com\/sl\/spomen-kamen-kamen-beton-visoko-zmogljivo-tesnjenje.html","name":"Monument Stone - tesnilo za teko\u010de steklo za kamen in beton - versiegelung24.com","isPartOf":{"@id":"https:\/\/www.versiegelung24.com\/sl\/#website"},"primaryImageOfPage":{"@id":"https:\/\/www.versiegelung24.com\/sl\/spomen-kamen-kamen-beton-visoko-zmogljivo-tesnjenje.html#primaryimage"},"image":{"@id":"https:\/\/www.versiegelung24.com\/sl\/spomen-kamen-kamen-beton-visoko-zmogljivo-tesnjenje.html#primaryimage"},"thumbnailUrl":"https:\/\/www.versiegelung24.com\/wp-content\/uploads\/2020\/06\/produkt-3009-7637-1000-Monument-Stone-scaled.jpg","datePublished":"2021-08-02T20:25:20+00:00","dateModified":"2025-03-20T08:54:05+00:00","breadcrumb":{"@id":"https:\/\/www.versiegelung24.com\/sl\/spomen-kamen-kamen-beton-visoko-zmogljivo-tesnjenje.html#breadcrumb"},"inLanguage":"sl-SI","potentialAction":[{"@type":"ReadAction","target":["https:\/\/www.versiegelung24.com\/sl\/spomen-kamen-kamen-beton-visoko-zmogljivo-tesnjenje.html"]}]},{"@type":"ImageObject","inLanguage":"sl-SI","@id":"https:\/\/www.versiegelung24.com\/sl\/spomen-kamen-kamen-beton-visoko-zmogljivo-tesnjenje.html#primaryimage","url":"https:\/\/www.versiegelung24.com\/wp-content\/uploads\/2020\/06\/produkt-3009-7637-1000-Monument-Stone-scaled.jpg","contentUrl":"https:\/\/www.versiegelung24.com\/wp-content\/uploads\/2020\/06\/produkt-3009-7637-1000-Monument-Stone-scaled.jpg","width":2560,"height":2560},{"@type":"BreadcrumbList","@id":"https:\/\/www.versiegelung24.com\/sl\/spomen-kamen-kamen-beton-visoko-zmogljivo-tesnjenje.html#breadcrumb","itemListElement":[{"@type":"ListItem","position":1,"name":"Doma\u010da stran","item":"https:\/\/www.versiegelung24.com\/sl\/spredaj\/"},{"@type":"ListItem","position":2,"name":"Nakupujte","item":"https:\/\/www.versiegelung24.com\/sl\/nakupujte\/"},{"@type":"ListItem","position":3,"name":"Monument Stone &#8211; tesnilo za teko\u010de steklo za kamen in beton"}]},{"@type":"WebSite","@id":"https:\/\/www.versiegelung24.com\/sl\/#website","url":"https:\/\/www.versiegelung24.com\/sl\/","name":"versiegelung24.com","description":"Fl\u00fcssigglas-Versiegelung - Made in Germany","publisher":{"@id":"https:\/\/www.versiegelung24.com\/sl\/#organization"},"potentialAction":[{"@type":"SearchAction","target":{"@type":"EntryPoint","urlTemplate":"https:\/\/www.versiegelung24.com\/sl\/?s={search_term_string}"},"query-input":{"@type":"PropertyValueSpecification","valueRequired":true,"valueName":"search_term_string"}}],"inLanguage":"sl-SI"},{"@type":"Organization","@id":"https:\/\/www.versiegelung24.com\/sl\/#organization","name":"versiegelung24","url":"https:\/\/www.versiegelung24.com\/sl\/","logo":{"@type":"ImageObject","inLanguage":"sl-SI","@id":"https:\/\/www.versiegelung24.com\/sl\/#\/schema\/logo\/image\/","url":"https:\/\/www.versiegelung24.com\/wp-content\/uploads\/2020\/04\/versiegelung24.png","contentUrl":"https:\/\/www.versiegelung24.com\/wp-content\/uploads\/2020\/04\/versiegelung24.png","width":470,"height":102,"caption":"versiegelung24"},"image":{"@id":"https:\/\/www.versiegelung24.com\/sl\/#\/schema\/logo\/image\/"}}]},"product_price_amount":"89.99","product_price_currency":"EUR","og_availability":"backorder","product_availability":"available for order","product_retailer_item_id":"3009-8637-1","product_condition":"new"},"_links":{"self":[{"href":"https:\/\/www.versiegelung24.com\/sl\/wp-json\/wp\/v2\/product\/24110","targetHints":{"allow":["GET"]}}],"collection":[{"href":"https:\/\/www.versiegelung24.com\/sl\/wp-json\/wp\/v2\/product"}],"about":[{"href":"https:\/\/www.versiegelung24.com\/sl\/wp-json\/wp\/v2\/types\/product"}],"version-history":[{"count":26,"href":"https:\/\/www.versiegelung24.com\/sl\/wp-json\/wp\/v2\/product\/24110\/revisions"}],"predecessor-version":[{"id":181052,"href":"https:\/\/www.versiegelung24.com\/sl\/wp-json\/wp\/v2\/product\/24110\/revisions\/181052"}],"wp:featuredmedia":[{"embeddable":true,"href":"https:\/\/www.versiegelung24.com\/sl\/wp-json\/wp\/v2\/media\/18153"}],"wp:attachment":[{"href":"https:\/\/www.versiegelung24.com\/sl\/wp-json\/wp\/v2\/media?parent=24110"}],"wp:term":[{"taxonomy":"product_brand","embeddable":true,"href":"https:\/\/www.versiegelung24.com\/sl\/wp-json\/wp\/v2\/product_brand?post=24110"},{"taxonomy":"product_cat","embeddable":true,"href":"https:\/\/www.versiegelung24.com\/sl\/wp-json\/wp\/v2\/product_cat?post=24110"},{"taxonomy":"product_tag","embeddable":true,"href":"https:\/\/www.versiegelung24.com\/sl\/wp-json\/wp\/v2\/product_tag?post=24110"}],"curies":[{"name":"wp","href":"https:\/\/api.w.org\/{rel}","templated":true}]}}