{"id":24182,"date":"2020-04-04T18:53:46","date_gmt":"2021-08-02T20:31:55","guid":{"rendered":"https:\/\/www.versiegelung24.com\/produkt\/tesnjenje-steklenega-mobilnega-telefona-s-tekocim-steklom-zascita-za-tekoci-zaslon"},"modified":"2025-01-06T15:09:28","modified_gmt":"2025-01-06T14:09:28","slug":"zascita-tekocega-stekla-mobilnega-telefona-tekocina-zaslon","status":"publish","type":"product","link":"https:\/\/www.versiegelung24.com\/sl\/zascita-tekocega-stekla-mobilnega-telefona-tekocina-zaslon.html","title":{"rendered":"Tesnjenje steklenega mobilnega telefona s teko\u010dim steklom &#8211; za\u0161\u010dita za teko\u010di zaslon"},"content":{"rendered":"\n<p><strong>Zelo u\u010dinkovit premaz iz teko\u010dega stekla za zaslone mobilnih telefonov &#8211; nano za\u0161\u010dita pred praskami, bakterijami, sevanjem, umazanijo in vlago<\/strong><\/p>\n\n<p>Visoka kakovost &#8211; narejeno v Nem\u010diji<\/p>\n\n<hr\/>\n\n<h4 class=\"wp-block-heading\" id=\"properties\">Zna\u010dilnosti izdelka<\/h4>\n\n<div class=\"wp-block-columns is-layout-flex wp-container-core-columns-is-layout-9d6595d7 wp-block-columns-is-layout-flex\">\n<div class=\"wp-block-column is-layout-flow wp-block-column-is-layout-flow\">\n<ul class=\"wp-block-list\"><li>Zelo enostaven za nana\u0161anje<\/li><li>Primerno za vse modele mobilnih telefonov, tablice, pametne telefone. Vklju\u010dno z &#8220;Edge&#8221;<\/li><li>Popolnoma brez mehur\u010dkov in neviden<\/li><li>Za\u0161\u010dita pred praskami pred mikro praskami<\/li><li>Popolnoma brez mehur\u010dkov in neviden<\/li><li>Zavira rast bakterij<\/li><\/ul>\n<\/div>\n\n\n\n<div class=\"wp-block-column is-layout-flow wp-block-column-is-layout-flow\">\n<ul class=\"wp-block-list\" id=\"block-f0da57e8-d3f5-402c-8f3a-1888e700b7ff\"><li>Zmanj\u0161a prstne odtise<\/li><li>Zmanj\u0161a gama sevanje<\/li><li>Povr\u0161ina postane zelo enostavna za \u010di\u0161\u010denje<\/li><li>Nobena okvara funkcij Touch &amp; Button, drsenje postane prijetnej\u0161e<\/li><li>Lahko se hrani ve\u010d mesecev<\/li><\/ul>\n<\/div>\n<\/div>\n\n<p>Obseg dobave:<\/p>\n\n<p>2 krpi za predhodno \u010di\u0161\u010denje z alkoholom in 2 tesnilni krpi iz teko\u010dega stekla za zaslone na dotik (steklo in plastika, vsaka za pribli\u017eno 0,5 m2) 1 krpa iz mikrovlaken, 2 za\u0161\u010ditni rokavici<\/p>\n","protected":false},"excerpt":{"rendered":"<p><strong>Zadostuje za 2 napravi:<\/strong><\/p>\n<p>\u2713 Za\u0161\u010dita zaslona za mobilni telefon s teko\u010dim steklom<\/p>\n<p>\u2713 Nano premaz<\/p>\n<p>\u2713 100% brez mehur\u010dkov.<\/p>\n","protected":false},"featured_media":13245,"template":"","meta":{"_acf_changed":false,"neve_meta_sidebar":"","neve_meta_container":"","neve_meta_enable_content_width":"","neve_meta_content_width":0,"neve_meta_title_alignment":"","neve_meta_author_avatar":"","neve_post_elements_order":"","neve_meta_disable_header":"","neve_meta_disable_footer":"","neve_meta_disable_title":"","neve_meta_reading_time":"","_surfaces":[],"_ver_product_tabs":[],"footnotes":""},"product_brand":[],"product_cat":[2227,2249],"product_tag":[],"class_list":{"0":"post-24182","1":"product","2":"type-product","3":"status-publish","4":"has-post-thumbnail","6":"product_cat-tesnilo-za-steklo-in-keramiko","7":"product_cat-tesnjenje-iz-kovine-in-plastike","9":"first","10":"instock","11":"taxable","12":"shipping-taxable","13":"purchasable","14":"product-type-simple"},"acf":[],"yoast_head":"<!-- This site is optimized with the Yoast SEO Premium plugin v22.8 (Yoast SEO v27.5) - https:\/\/yoast.com\/product\/yoast-seo-premium-wordpress\/ -->\n<title>Tesnjenje steklenega mobilnega telefona s teko\u010dim steklom - za\u0161\u010dita za teko\u010di zaslon - versiegelung24.com<\/title>\n<meta name=\"robots\" content=\"index, follow, max-snippet:-1, max-image-preview:large, max-video-preview:-1\" \/>\n<link rel=\"canonical\" href=\"https:\/\/www.versiegelung24.com\/sl\/zascita-tekocega-stekla-mobilnega-telefona-tekocina-zaslon.html\" \/>\n<meta property=\"og:locale\" content=\"sl_SI\" \/>\n<meta property=\"og:type\" content=\"article\" \/>\n<meta property=\"og:title\" content=\"Tesnjenje steklenega mobilnega telefona s teko\u010dim steklom - za\u0161\u010dita za teko\u010di zaslon\" \/>\n<meta property=\"og:description\" content=\"Zadostuje za 2 napravi: \u2713 Za\u0161\u010dita zaslona za mobilni telefon s teko\u010dim steklom \u2713 Nano premaz \u2713 100% brez mehur\u010dkov.\" \/>\n<meta property=\"og:url\" content=\"https:\/\/www.versiegelung24.com\/sl\/zascita-tekocega-stekla-mobilnega-telefona-tekocina-zaslon.html\" \/>\n<meta property=\"og:site_name\" content=\"versiegelung24.com\" \/>\n<meta property=\"article:modified_time\" content=\"2025-01-06T14:09:28+00:00\" \/>\n<meta property=\"og:image\" content=\"https:\/\/www.versiegelung24.com\/wp-content\/uploads\/2020\/04\/handy-versiegelung-web.jpg\" \/>\n\t<meta property=\"og:image:width\" content=\"1500\" \/>\n\t<meta property=\"og:image:height\" content=\"1500\" \/>\n\t<meta property=\"og:image:type\" content=\"image\/jpeg\" \/>\n<meta name=\"twitter:card\" content=\"summary_large_image\" \/>\n<meta name=\"twitter:label1\" content=\"Price\" \/>\n\t<meta name=\"twitter:data1\" content=\"9,99&euro;\" \/>\n\t<meta name=\"twitter:label2\" content=\"Availability\" \/>\n\t<meta name=\"twitter:data2\" content=\"In stock\" \/>\n<script type=\"application\/ld+json\" class=\"yoast-schema-graph\">{\"@context\":\"https:\\\/\\\/schema.org\",\"@graph\":[{\"@type\":\"WebPage\",\"@id\":\"https:\\\/\\\/www.versiegelung24.com\\\/sl\\\/zascita-tekocega-stekla-mobilnega-telefona-tekocina-zaslon.html\",\"url\":\"https:\\\/\\\/www.versiegelung24.com\\\/sl\\\/zascita-tekocega-stekla-mobilnega-telefona-tekocina-zaslon.html\",\"name\":\"Tesnjenje steklenega mobilnega telefona s teko\u010dim steklom - za\u0161\u010dita za teko\u010di zaslon - versiegelung24.com\",\"isPartOf\":{\"@id\":\"https:\\\/\\\/www.versiegelung24.com\\\/sl\\\/#website\"},\"primaryImageOfPage\":{\"@id\":\"https:\\\/\\\/www.versiegelung24.com\\\/sl\\\/zascita-tekocega-stekla-mobilnega-telefona-tekocina-zaslon.html#primaryimage\"},\"image\":{\"@id\":\"https:\\\/\\\/www.versiegelung24.com\\\/sl\\\/zascita-tekocega-stekla-mobilnega-telefona-tekocina-zaslon.html#primaryimage\"},\"thumbnailUrl\":\"https:\\\/\\\/www.versiegelung24.com\\\/wp-content\\\/uploads\\\/2020\\\/04\\\/handy-versiegelung-web.jpg\",\"datePublished\":\"2021-08-02T20:31:55+00:00\",\"dateModified\":\"2025-01-06T14:09:28+00:00\",\"breadcrumb\":{\"@id\":\"https:\\\/\\\/www.versiegelung24.com\\\/sl\\\/zascita-tekocega-stekla-mobilnega-telefona-tekocina-zaslon.html#breadcrumb\"},\"inLanguage\":\"sl-SI\",\"potentialAction\":[{\"@type\":\"ReadAction\",\"target\":[\"https:\\\/\\\/www.versiegelung24.com\\\/sl\\\/zascita-tekocega-stekla-mobilnega-telefona-tekocina-zaslon.html\"]}]},{\"@type\":\"ImageObject\",\"inLanguage\":\"sl-SI\",\"@id\":\"https:\\\/\\\/www.versiegelung24.com\\\/sl\\\/zascita-tekocega-stekla-mobilnega-telefona-tekocina-zaslon.html#primaryimage\",\"url\":\"https:\\\/\\\/www.versiegelung24.com\\\/wp-content\\\/uploads\\\/2020\\\/04\\\/handy-versiegelung-web.jpg\",\"contentUrl\":\"https:\\\/\\\/www.versiegelung24.com\\\/wp-content\\\/uploads\\\/2020\\\/04\\\/handy-versiegelung-web.jpg\",\"width\":1500,\"height\":1500},{\"@type\":\"BreadcrumbList\",\"@id\":\"https:\\\/\\\/www.versiegelung24.com\\\/sl\\\/zascita-tekocega-stekla-mobilnega-telefona-tekocina-zaslon.html#breadcrumb\",\"itemListElement\":[{\"@type\":\"ListItem\",\"position\":1,\"name\":\"Doma\u010da stran\",\"item\":\"https:\\\/\\\/www.versiegelung24.com\\\/sl\\\/spredaj\\\/\"},{\"@type\":\"ListItem\",\"position\":2,\"name\":\"Nakupujte\",\"item\":\"https:\\\/\\\/www.versiegelung24.com\\\/sl\\\/nakupujte\\\/\"},{\"@type\":\"ListItem\",\"position\":3,\"name\":\"Tesnjenje steklenega mobilnega telefona s teko\u010dim steklom &#8211; za\u0161\u010dita za teko\u010di zaslon\"}]},{\"@type\":\"WebSite\",\"@id\":\"https:\\\/\\\/www.versiegelung24.com\\\/sl\\\/#website\",\"url\":\"https:\\\/\\\/www.versiegelung24.com\\\/sl\\\/\",\"name\":\"versiegelung24.com\",\"description\":\"Fl\u00fcssigglas-Versiegelung - Made in Germany\",\"publisher\":{\"@id\":\"https:\\\/\\\/www.versiegelung24.com\\\/sl\\\/#organization\"},\"potentialAction\":[{\"@type\":\"SearchAction\",\"target\":{\"@type\":\"EntryPoint\",\"urlTemplate\":\"https:\\\/\\\/www.versiegelung24.com\\\/sl\\\/?s={search_term_string}\"},\"query-input\":{\"@type\":\"PropertyValueSpecification\",\"valueRequired\":true,\"valueName\":\"search_term_string\"}}],\"inLanguage\":\"sl-SI\"},{\"@type\":\"Organization\",\"@id\":\"https:\\\/\\\/www.versiegelung24.com\\\/sl\\\/#organization\",\"name\":\"versiegelung24\",\"url\":\"https:\\\/\\\/www.versiegelung24.com\\\/sl\\\/\",\"logo\":{\"@type\":\"ImageObject\",\"inLanguage\":\"sl-SI\",\"@id\":\"https:\\\/\\\/www.versiegelung24.com\\\/sl\\\/#\\\/schema\\\/logo\\\/image\\\/\",\"url\":\"https:\\\/\\\/www.versiegelung24.com\\\/wp-content\\\/uploads\\\/2020\\\/04\\\/versiegelung24.png\",\"contentUrl\":\"https:\\\/\\\/www.versiegelung24.com\\\/wp-content\\\/uploads\\\/2020\\\/04\\\/versiegelung24.png\",\"width\":470,\"height\":102,\"caption\":\"versiegelung24\"},\"image\":{\"@id\":\"https:\\\/\\\/www.versiegelung24.com\\\/sl\\\/#\\\/schema\\\/logo\\\/image\\\/\"}}]}<\/script>\n<meta property=\"product:price:amount\" content=\"9.99\" \/>\n<meta property=\"product:price:currency\" content=\"EUR\" \/>\n<meta property=\"og:availability\" content=\"instock\" \/>\n<meta property=\"product:availability\" content=\"instock\" \/>\n<meta property=\"product:retailer_item_id\" content=\"4008-901\" \/>\n<meta property=\"product:condition\" content=\"new\" \/>\n<!-- \/ Yoast SEO Premium plugin. -->","yoast_head_json":{"title":"Tesnjenje steklenega mobilnega telefona s teko\u010dim steklom - za\u0161\u010dita za teko\u010di zaslon - versiegelung24.com","robots":{"index":"index","follow":"follow","max-snippet":"max-snippet:-1","max-image-preview":"max-image-preview:large","max-video-preview":"max-video-preview:-1"},"canonical":"https:\/\/www.versiegelung24.com\/sl\/zascita-tekocega-stekla-mobilnega-telefona-tekocina-zaslon.html","og_locale":"sl_SI","og_type":"article","og_title":"Tesnjenje steklenega mobilnega telefona s teko\u010dim steklom - za\u0161\u010dita za teko\u010di zaslon","og_description":"Zadostuje za 2 napravi: \u2713 Za\u0161\u010dita zaslona za mobilni telefon s teko\u010dim steklom \u2713 Nano premaz \u2713 100% brez mehur\u010dkov.","og_url":"https:\/\/www.versiegelung24.com\/sl\/zascita-tekocega-stekla-mobilnega-telefona-tekocina-zaslon.html","og_site_name":"versiegelung24.com","article_modified_time":"2025-01-06T14:09:28+00:00","og_image":[{"width":1500,"height":1500,"url":"https:\/\/www.versiegelung24.com\/wp-content\/uploads\/2020\/04\/handy-versiegelung-web.jpg","type":"image\/jpeg"}],"twitter_card":"summary_large_image","twitter_misc":{"Price":"9,99&euro;","Availability":"In stock"},"schema":{"@context":"https:\/\/schema.org","@graph":[{"@type":"WebPage","@id":"https:\/\/www.versiegelung24.com\/sl\/zascita-tekocega-stekla-mobilnega-telefona-tekocina-zaslon.html","url":"https:\/\/www.versiegelung24.com\/sl\/zascita-tekocega-stekla-mobilnega-telefona-tekocina-zaslon.html","name":"Tesnjenje steklenega mobilnega telefona s teko\u010dim steklom - za\u0161\u010dita za teko\u010di zaslon - versiegelung24.com","isPartOf":{"@id":"https:\/\/www.versiegelung24.com\/sl\/#website"},"primaryImageOfPage":{"@id":"https:\/\/www.versiegelung24.com\/sl\/zascita-tekocega-stekla-mobilnega-telefona-tekocina-zaslon.html#primaryimage"},"image":{"@id":"https:\/\/www.versiegelung24.com\/sl\/zascita-tekocega-stekla-mobilnega-telefona-tekocina-zaslon.html#primaryimage"},"thumbnailUrl":"https:\/\/www.versiegelung24.com\/wp-content\/uploads\/2020\/04\/handy-versiegelung-web.jpg","datePublished":"2021-08-02T20:31:55+00:00","dateModified":"2025-01-06T14:09:28+00:00","breadcrumb":{"@id":"https:\/\/www.versiegelung24.com\/sl\/zascita-tekocega-stekla-mobilnega-telefona-tekocina-zaslon.html#breadcrumb"},"inLanguage":"sl-SI","potentialAction":[{"@type":"ReadAction","target":["https:\/\/www.versiegelung24.com\/sl\/zascita-tekocega-stekla-mobilnega-telefona-tekocina-zaslon.html"]}]},{"@type":"ImageObject","inLanguage":"sl-SI","@id":"https:\/\/www.versiegelung24.com\/sl\/zascita-tekocega-stekla-mobilnega-telefona-tekocina-zaslon.html#primaryimage","url":"https:\/\/www.versiegelung24.com\/wp-content\/uploads\/2020\/04\/handy-versiegelung-web.jpg","contentUrl":"https:\/\/www.versiegelung24.com\/wp-content\/uploads\/2020\/04\/handy-versiegelung-web.jpg","width":1500,"height":1500},{"@type":"BreadcrumbList","@id":"https:\/\/www.versiegelung24.com\/sl\/zascita-tekocega-stekla-mobilnega-telefona-tekocina-zaslon.html#breadcrumb","itemListElement":[{"@type":"ListItem","position":1,"name":"Doma\u010da stran","item":"https:\/\/www.versiegelung24.com\/sl\/spredaj\/"},{"@type":"ListItem","position":2,"name":"Nakupujte","item":"https:\/\/www.versiegelung24.com\/sl\/nakupujte\/"},{"@type":"ListItem","position":3,"name":"Tesnjenje steklenega mobilnega telefona s teko\u010dim steklom &#8211; za\u0161\u010dita za teko\u010di zaslon"}]},{"@type":"WebSite","@id":"https:\/\/www.versiegelung24.com\/sl\/#website","url":"https:\/\/www.versiegelung24.com\/sl\/","name":"versiegelung24.com","description":"Fl\u00fcssigglas-Versiegelung - Made in Germany","publisher":{"@id":"https:\/\/www.versiegelung24.com\/sl\/#organization"},"potentialAction":[{"@type":"SearchAction","target":{"@type":"EntryPoint","urlTemplate":"https:\/\/www.versiegelung24.com\/sl\/?s={search_term_string}"},"query-input":{"@type":"PropertyValueSpecification","valueRequired":true,"valueName":"search_term_string"}}],"inLanguage":"sl-SI"},{"@type":"Organization","@id":"https:\/\/www.versiegelung24.com\/sl\/#organization","name":"versiegelung24","url":"https:\/\/www.versiegelung24.com\/sl\/","logo":{"@type":"ImageObject","inLanguage":"sl-SI","@id":"https:\/\/www.versiegelung24.com\/sl\/#\/schema\/logo\/image\/","url":"https:\/\/www.versiegelung24.com\/wp-content\/uploads\/2020\/04\/versiegelung24.png","contentUrl":"https:\/\/www.versiegelung24.com\/wp-content\/uploads\/2020\/04\/versiegelung24.png","width":470,"height":102,"caption":"versiegelung24"},"image":{"@id":"https:\/\/www.versiegelung24.com\/sl\/#\/schema\/logo\/image\/"}}]},"product_price_amount":"9.99","product_price_currency":"EUR","og_availability":"instock","product_availability":"instock","product_retailer_item_id":"4008-901","product_condition":"new"},"_links":{"self":[{"href":"https:\/\/www.versiegelung24.com\/sl\/wp-json\/wp\/v2\/product\/24182","targetHints":{"allow":["GET"]}}],"collection":[{"href":"https:\/\/www.versiegelung24.com\/sl\/wp-json\/wp\/v2\/product"}],"about":[{"href":"https:\/\/www.versiegelung24.com\/sl\/wp-json\/wp\/v2\/types\/product"}],"version-history":[{"count":10,"href":"https:\/\/www.versiegelung24.com\/sl\/wp-json\/wp\/v2\/product\/24182\/revisions"}],"predecessor-version":[{"id":180138,"href":"https:\/\/www.versiegelung24.com\/sl\/wp-json\/wp\/v2\/product\/24182\/revisions\/180138"}],"wp:featuredmedia":[{"embeddable":true,"href":"https:\/\/www.versiegelung24.com\/sl\/wp-json\/wp\/v2\/media\/13245"}],"wp:attachment":[{"href":"https:\/\/www.versiegelung24.com\/sl\/wp-json\/wp\/v2\/media?parent=24182"}],"wp:term":[{"taxonomy":"product_brand","embeddable":true,"href":"https:\/\/www.versiegelung24.com\/sl\/wp-json\/wp\/v2\/product_brand?post=24182"},{"taxonomy":"product_cat","embeddable":true,"href":"https:\/\/www.versiegelung24.com\/sl\/wp-json\/wp\/v2\/product_cat?post=24182"},{"taxonomy":"product_tag","embeddable":true,"href":"https:\/\/www.versiegelung24.com\/sl\/wp-json\/wp\/v2\/product_tag?post=24182"}],"curies":[{"name":"wp","href":"https:\/\/api.w.org\/{rel}","templated":true}]}}