{"id":24386,"date":"2020-05-23T17:02:37","date_gmt":"2021-08-02T20:41:17","guid":{"rendered":"https:\/\/www.versiegelung24.com\/produkt\/dexan-5-litrska-posoda-za-razkuzevanje-rok"},"modified":"2025-01-13T16:41:09","modified_gmt":"2025-01-13T15:41:09","slug":"dezinfekcijsko-sredstvo-za-roke-dexan-5-litrska-posoda","status":"publish","type":"product","link":"https:\/\/www.versiegelung24.com\/sl\/dexan-5-litrska-posoda-za-razkuzevanje-rok.html","title":{"rendered":"Dexan 5 -litrska posoda za razku\u017eevanje rok"},"content":{"rendered":"\n<h2 class=\"wp-block-heading\" id=\"gebrauchsfertige-alkoholbasierte-handedesinfektion-mit-pflegekomponente-aloe-vera\">Dezinfekcija rok z alkoholom na osnovi alkohola (aloe vera), pripravljena za uporabo<\/h2>\n\n<p>Omejen virucid (virusi z ovojnico <strong>Vklj. Koronavirus<\/strong>, HIV, HBV, HCV, gripa, herpes, virus ebole itd.)<\/p>\n\n<hr \/>\n\n<h4 class=\"wp-block-heading\" id=\"properties\">Zna\u010dilnosti izdelka<\/h4>\n\n<div class=\"wp-block-columns is-layout-flex wp-container-core-columns-is-layout-9d6595d7 wp-block-columns-is-layout-flex\">\n<div class=\"wp-block-column is-layout-flow wp-block-column-is-layout-flow\">\n<p><br \/>U<strong>\u010dinkovitost<\/strong>: Testirano v skladu z evropskimi bolni\u0161ni\u010dnimi standardi: EN 1040, EN 1275, EN 1276, EN 1500: 1 min; prEN 12054: 30 s. Omejen virucid (virusi z ovojnico, vklju\u010dno s koronavirusom, virusom HIV, HBV, HCV, gripo, herpesom, virusom ebole itd.) V skladu s smernicami DVV \/ RKI: 15s.<\/p>\n<\/div>\n\n\n\n<div class=\"wp-block-column is-layout-flow wp-block-column-is-layout-flow\">\n<p><br \/>N<strong>amen uporabe:<\/strong> Za higiensko razku\u017eevanje rok.<\/p>\n\n\n\n<p><br \/>100 g vsebuje: 50,0 g etanola, 10,0 g izopropanola, 0,10 g benzalkonijevega klorida, pre\u010di\u0161\u010dena voda, izvle\u010dek aloe vere.<\/p>\n<\/div>\n<\/div>\n\n<hr \/>\n\n<h4 class=\"wp-block-heading\" id=\"application\">Aplikacija<\/h4>\n\n<p>V roko s suhim pokrovom polo\u017eite dovolj Dexana, tako da so vsa podro\u010dja rok popolnoma pokrita s pripravkom. Temeljito vtrite v roke, v \u010dasu drgnjenja naj bodo roke vla\u017ene.<\/p>\n\n<hr \/>\n\n<h4 class=\"wp-block-heading\" id=\"advisor\">Svetovalec<\/h4>\n\n<p><br \/>V<strong>arnostni nasveti<\/strong>: Zelo vnetljiva teko\u010dina in hlapi. Povzro\u010da resno dra\u017eenje o\u010di. Hraniti stran od vro\u010dine, vro\u010dih povr\u0161in, isker, odprtega ognja in drugih virov v\u017eiga. Ne kadite. Posodo hranite tesno zaprto. \u010ce pride v o\u010di: nekaj minut previdno izpirajte z vodo. \u010ce je mogo\u010de, odstranite kontaktne le\u010de. Nadaljujte z izpiranjem. Hranite zunaj dosega otrok. Reg. \u0161t. biocidov: 75940 Razku\u017eilo uporabljajte previdno. Pred uporabo vedno preberite etiketo in informacije o izdelku.<\/p>\n","protected":false},"excerpt":{"rendered":"<p><strong>Za uporabo pripravljeno razku\u017eevanje rok na osnovi alkohola:<\/strong><\/p>\n<p>\u2713 S negovalno komponento (aloe vera)<\/p>\n<p>\u2713 Omejeno virucidno (virusi z ovojnico, vklju\u010dno s koronavirusom, HIV, HBV, HCV, gripo, herpesom, virusom ebole itd.)<\/p>\n","protected":false},"featured_media":15795,"template":"","meta":{"_acf_changed":false,"neve_meta_sidebar":"","neve_meta_container":"","neve_meta_enable_content_width":"","neve_meta_content_width":0,"neve_meta_title_alignment":"","neve_meta_author_avatar":"","neve_post_elements_order":"","neve_meta_disable_header":"","neve_meta_disable_footer":"","neve_meta_disable_title":"","neve_meta_reading_time":"","_surfaces":[],"_ver_product_tabs":[],"footnotes":""},"product_brand":[],"product_cat":[2258,2708],"product_tag":[],"class_list":{"0":"post-24386","1":"product","2":"type-product","3":"status-publish","4":"has-post-thumbnail","6":"product_cat-razkuzila","7":"product_cat-razkuzilo-za-roke","9":"first","10":"onbackorder","11":"taxable","12":"shipping-taxable","13":"purchasable","14":"product-type-simple"},"acf":[],"yoast_head":"<!-- This site is optimized with the Yoast SEO Premium plugin v22.8 (Yoast SEO v27.5) - https:\/\/yoast.com\/product\/yoast-seo-premium-wordpress\/ -->\n<title>Dexan 5 -litrska posoda za razku\u017eevanje rok - versiegelung24.com<\/title>\n<meta name=\"robots\" content=\"index, follow, max-snippet:-1, max-image-preview:large, max-video-preview:-1\" \/>\n<link rel=\"canonical\" href=\"https:\/\/www.versiegelung24.com\/sl\/dexan-5-litrska-posoda-za-razkuzevanje-rok.html\" \/>\n<meta property=\"og:locale\" content=\"sl_SI\" \/>\n<meta property=\"og:type\" content=\"article\" \/>\n<meta property=\"og:title\" content=\"Dexan 5 -litrska posoda za razku\u017eevanje rok\" \/>\n<meta property=\"og:description\" content=\"Za uporabo pripravljeno razku\u017eevanje rok na osnovi alkohola: \u2713 S negovalno komponento (aloe vera) \u2713 Omejeno virucidno (virusi z ovojnico, vklju\u010dno s koronavirusom, HIV, HBV, HCV, gripo, herpesom, virusom ebole itd.)\" \/>\n<meta property=\"og:url\" content=\"https:\/\/www.versiegelung24.com\/sl\/dexan-5-litrska-posoda-za-razkuzevanje-rok.html\" \/>\n<meta property=\"og:site_name\" content=\"versiegelung24.com\" \/>\n<meta property=\"article:modified_time\" content=\"2025-01-13T15:41:09+00:00\" \/>\n<meta property=\"og:image\" content=\"https:\/\/www.versiegelung24.com\/wp-content\/uploads\/2020\/05\/dexan-5000ml-1.png\" \/>\n\t<meta property=\"og:image:width\" content=\"2000\" \/>\n\t<meta property=\"og:image:height\" content=\"2000\" \/>\n\t<meta property=\"og:image:type\" content=\"image\/png\" \/>\n<meta name=\"twitter:card\" content=\"summary_large_image\" \/>\n<meta name=\"twitter:label1\" content=\"Price\" \/>\n\t<meta name=\"twitter:data1\" content=\"99,00&euro;\" \/>\n\t<meta name=\"twitter:label2\" content=\"Availability\" \/>\n\t<meta name=\"twitter:data2\" content=\"On backorder\" \/>\n<script type=\"application\/ld+json\" class=\"yoast-schema-graph\">{\"@context\":\"https:\\\/\\\/schema.org\",\"@graph\":[{\"@type\":\"WebPage\",\"@id\":\"https:\\\/\\\/www.versiegelung24.com\\\/sl\\\/dexan-5-litrska-posoda-za-razkuzevanje-rok.html\",\"url\":\"https:\\\/\\\/www.versiegelung24.com\\\/sl\\\/dexan-5-litrska-posoda-za-razkuzevanje-rok.html\",\"name\":\"Dexan 5 -litrska posoda za razku\u017eevanje rok - versiegelung24.com\",\"isPartOf\":{\"@id\":\"https:\\\/\\\/www.versiegelung24.com\\\/sl\\\/#website\"},\"primaryImageOfPage\":{\"@id\":\"https:\\\/\\\/www.versiegelung24.com\\\/sl\\\/dexan-5-litrska-posoda-za-razkuzevanje-rok.html#primaryimage\"},\"image\":{\"@id\":\"https:\\\/\\\/www.versiegelung24.com\\\/sl\\\/dexan-5-litrska-posoda-za-razkuzevanje-rok.html#primaryimage\"},\"thumbnailUrl\":\"https:\\\/\\\/www.versiegelung24.com\\\/wp-content\\\/uploads\\\/2020\\\/05\\\/dexan-5000ml-1.png\",\"datePublished\":\"2021-08-02T20:41:17+00:00\",\"dateModified\":\"2025-01-13T15:41:09+00:00\",\"breadcrumb\":{\"@id\":\"https:\\\/\\\/www.versiegelung24.com\\\/sl\\\/dexan-5-litrska-posoda-za-razkuzevanje-rok.html#breadcrumb\"},\"inLanguage\":\"sl-SI\",\"potentialAction\":[{\"@type\":\"ReadAction\",\"target\":[\"https:\\\/\\\/www.versiegelung24.com\\\/sl\\\/dexan-5-litrska-posoda-za-razkuzevanje-rok.html\"]}]},{\"@type\":\"ImageObject\",\"inLanguage\":\"sl-SI\",\"@id\":\"https:\\\/\\\/www.versiegelung24.com\\\/sl\\\/dexan-5-litrska-posoda-za-razkuzevanje-rok.html#primaryimage\",\"url\":\"https:\\\/\\\/www.versiegelung24.com\\\/wp-content\\\/uploads\\\/2020\\\/05\\\/dexan-5000ml-1.png\",\"contentUrl\":\"https:\\\/\\\/www.versiegelung24.com\\\/wp-content\\\/uploads\\\/2020\\\/05\\\/dexan-5000ml-1.png\",\"width\":2000,\"height\":2000},{\"@type\":\"BreadcrumbList\",\"@id\":\"https:\\\/\\\/www.versiegelung24.com\\\/sl\\\/dexan-5-litrska-posoda-za-razkuzevanje-rok.html#breadcrumb\",\"itemListElement\":[{\"@type\":\"ListItem\",\"position\":1,\"name\":\"Doma\u010da stran\",\"item\":\"https:\\\/\\\/www.versiegelung24.com\\\/sl\\\/spredaj\\\/\"},{\"@type\":\"ListItem\",\"position\":2,\"name\":\"Nakupujte\",\"item\":\"https:\\\/\\\/www.versiegelung24.com\\\/sl\\\/nakupujte\\\/\"},{\"@type\":\"ListItem\",\"position\":3,\"name\":\"Dexan 5 -litrska posoda za razku\u017eevanje rok\"}]},{\"@type\":\"WebSite\",\"@id\":\"https:\\\/\\\/www.versiegelung24.com\\\/sl\\\/#website\",\"url\":\"https:\\\/\\\/www.versiegelung24.com\\\/sl\\\/\",\"name\":\"versiegelung24.com\",\"description\":\"Fl\u00fcssigglas-Versiegelung - Made in Germany\",\"publisher\":{\"@id\":\"https:\\\/\\\/www.versiegelung24.com\\\/sl\\\/#organization\"},\"potentialAction\":[{\"@type\":\"SearchAction\",\"target\":{\"@type\":\"EntryPoint\",\"urlTemplate\":\"https:\\\/\\\/www.versiegelung24.com\\\/sl\\\/?s={search_term_string}\"},\"query-input\":{\"@type\":\"PropertyValueSpecification\",\"valueRequired\":true,\"valueName\":\"search_term_string\"}}],\"inLanguage\":\"sl-SI\"},{\"@type\":\"Organization\",\"@id\":\"https:\\\/\\\/www.versiegelung24.com\\\/sl\\\/#organization\",\"name\":\"versiegelung24\",\"url\":\"https:\\\/\\\/www.versiegelung24.com\\\/sl\\\/\",\"logo\":{\"@type\":\"ImageObject\",\"inLanguage\":\"sl-SI\",\"@id\":\"https:\\\/\\\/www.versiegelung24.com\\\/sl\\\/#\\\/schema\\\/logo\\\/image\\\/\",\"url\":\"https:\\\/\\\/www.versiegelung24.com\\\/wp-content\\\/uploads\\\/2020\\\/04\\\/versiegelung24.png\",\"contentUrl\":\"https:\\\/\\\/www.versiegelung24.com\\\/wp-content\\\/uploads\\\/2020\\\/04\\\/versiegelung24.png\",\"width\":470,\"height\":102,\"caption\":\"versiegelung24\"},\"image\":{\"@id\":\"https:\\\/\\\/www.versiegelung24.com\\\/sl\\\/#\\\/schema\\\/logo\\\/image\\\/\"}}]}<\/script>\n<meta property=\"product:price:amount\" content=\"99.00\" \/>\n<meta property=\"product:price:currency\" content=\"EUR\" \/>\n<meta property=\"og:availability\" content=\"backorder\" \/>\n<meta property=\"product:availability\" content=\"available for order\" \/>\n<meta property=\"product:retailer_item_id\" content=\"dexan-5000\" \/>\n<meta property=\"product:condition\" content=\"new\" \/>\n<!-- \/ Yoast SEO Premium plugin. -->","yoast_head_json":{"title":"Dexan 5 -litrska posoda za razku\u017eevanje rok - versiegelung24.com","robots":{"index":"index","follow":"follow","max-snippet":"max-snippet:-1","max-image-preview":"max-image-preview:large","max-video-preview":"max-video-preview:-1"},"canonical":"https:\/\/www.versiegelung24.com\/sl\/dexan-5-litrska-posoda-za-razkuzevanje-rok.html","og_locale":"sl_SI","og_type":"article","og_title":"Dexan 5 -litrska posoda za razku\u017eevanje rok","og_description":"Za uporabo pripravljeno razku\u017eevanje rok na osnovi alkohola: \u2713 S negovalno komponento (aloe vera) \u2713 Omejeno virucidno (virusi z ovojnico, vklju\u010dno s koronavirusom, HIV, HBV, HCV, gripo, herpesom, virusom ebole itd.)","og_url":"https:\/\/www.versiegelung24.com\/sl\/dexan-5-litrska-posoda-za-razkuzevanje-rok.html","og_site_name":"versiegelung24.com","article_modified_time":"2025-01-13T15:41:09+00:00","og_image":[{"width":2000,"height":2000,"url":"https:\/\/www.versiegelung24.com\/wp-content\/uploads\/2020\/05\/dexan-5000ml-1.png","type":"image\/png"}],"twitter_card":"summary_large_image","twitter_misc":{"Price":"99,00&euro;","Availability":"On backorder"},"schema":{"@context":"https:\/\/schema.org","@graph":[{"@type":"WebPage","@id":"https:\/\/www.versiegelung24.com\/sl\/dexan-5-litrska-posoda-za-razkuzevanje-rok.html","url":"https:\/\/www.versiegelung24.com\/sl\/dexan-5-litrska-posoda-za-razkuzevanje-rok.html","name":"Dexan 5 -litrska posoda za razku\u017eevanje rok - versiegelung24.com","isPartOf":{"@id":"https:\/\/www.versiegelung24.com\/sl\/#website"},"primaryImageOfPage":{"@id":"https:\/\/www.versiegelung24.com\/sl\/dexan-5-litrska-posoda-za-razkuzevanje-rok.html#primaryimage"},"image":{"@id":"https:\/\/www.versiegelung24.com\/sl\/dexan-5-litrska-posoda-za-razkuzevanje-rok.html#primaryimage"},"thumbnailUrl":"https:\/\/www.versiegelung24.com\/wp-content\/uploads\/2020\/05\/dexan-5000ml-1.png","datePublished":"2021-08-02T20:41:17+00:00","dateModified":"2025-01-13T15:41:09+00:00","breadcrumb":{"@id":"https:\/\/www.versiegelung24.com\/sl\/dexan-5-litrska-posoda-za-razkuzevanje-rok.html#breadcrumb"},"inLanguage":"sl-SI","potentialAction":[{"@type":"ReadAction","target":["https:\/\/www.versiegelung24.com\/sl\/dexan-5-litrska-posoda-za-razkuzevanje-rok.html"]}]},{"@type":"ImageObject","inLanguage":"sl-SI","@id":"https:\/\/www.versiegelung24.com\/sl\/dexan-5-litrska-posoda-za-razkuzevanje-rok.html#primaryimage","url":"https:\/\/www.versiegelung24.com\/wp-content\/uploads\/2020\/05\/dexan-5000ml-1.png","contentUrl":"https:\/\/www.versiegelung24.com\/wp-content\/uploads\/2020\/05\/dexan-5000ml-1.png","width":2000,"height":2000},{"@type":"BreadcrumbList","@id":"https:\/\/www.versiegelung24.com\/sl\/dexan-5-litrska-posoda-za-razkuzevanje-rok.html#breadcrumb","itemListElement":[{"@type":"ListItem","position":1,"name":"Doma\u010da stran","item":"https:\/\/www.versiegelung24.com\/sl\/spredaj\/"},{"@type":"ListItem","position":2,"name":"Nakupujte","item":"https:\/\/www.versiegelung24.com\/sl\/nakupujte\/"},{"@type":"ListItem","position":3,"name":"Dexan 5 -litrska posoda za razku\u017eevanje rok"}]},{"@type":"WebSite","@id":"https:\/\/www.versiegelung24.com\/sl\/#website","url":"https:\/\/www.versiegelung24.com\/sl\/","name":"versiegelung24.com","description":"Fl\u00fcssigglas-Versiegelung - Made in Germany","publisher":{"@id":"https:\/\/www.versiegelung24.com\/sl\/#organization"},"potentialAction":[{"@type":"SearchAction","target":{"@type":"EntryPoint","urlTemplate":"https:\/\/www.versiegelung24.com\/sl\/?s={search_term_string}"},"query-input":{"@type":"PropertyValueSpecification","valueRequired":true,"valueName":"search_term_string"}}],"inLanguage":"sl-SI"},{"@type":"Organization","@id":"https:\/\/www.versiegelung24.com\/sl\/#organization","name":"versiegelung24","url":"https:\/\/www.versiegelung24.com\/sl\/","logo":{"@type":"ImageObject","inLanguage":"sl-SI","@id":"https:\/\/www.versiegelung24.com\/sl\/#\/schema\/logo\/image\/","url":"https:\/\/www.versiegelung24.com\/wp-content\/uploads\/2020\/04\/versiegelung24.png","contentUrl":"https:\/\/www.versiegelung24.com\/wp-content\/uploads\/2020\/04\/versiegelung24.png","width":470,"height":102,"caption":"versiegelung24"},"image":{"@id":"https:\/\/www.versiegelung24.com\/sl\/#\/schema\/logo\/image\/"}}]},"product_price_amount":"99.00","product_price_currency":"EUR","og_availability":"backorder","product_availability":"available for order","product_retailer_item_id":"dexan-5000","product_condition":"new"},"_links":{"self":[{"href":"https:\/\/www.versiegelung24.com\/sl\/wp-json\/wp\/v2\/product\/24386","targetHints":{"allow":["GET"]}}],"collection":[{"href":"https:\/\/www.versiegelung24.com\/sl\/wp-json\/wp\/v2\/product"}],"about":[{"href":"https:\/\/www.versiegelung24.com\/sl\/wp-json\/wp\/v2\/types\/product"}],"version-history":[{"count":10,"href":"https:\/\/www.versiegelung24.com\/sl\/wp-json\/wp\/v2\/product\/24386\/revisions"}],"predecessor-version":[{"id":180626,"href":"https:\/\/www.versiegelung24.com\/sl\/wp-json\/wp\/v2\/product\/24386\/revisions\/180626"}],"wp:featuredmedia":[{"embeddable":true,"href":"https:\/\/www.versiegelung24.com\/sl\/wp-json\/wp\/v2\/media\/15795"}],"wp:attachment":[{"href":"https:\/\/www.versiegelung24.com\/sl\/wp-json\/wp\/v2\/media?parent=24386"}],"wp:term":[{"taxonomy":"product_brand","embeddable":true,"href":"https:\/\/www.versiegelung24.com\/sl\/wp-json\/wp\/v2\/product_brand?post=24386"},{"taxonomy":"product_cat","embeddable":true,"href":"https:\/\/www.versiegelung24.com\/sl\/wp-json\/wp\/v2\/product_cat?post=24386"},{"taxonomy":"product_tag","embeddable":true,"href":"https:\/\/www.versiegelung24.com\/sl\/wp-json\/wp\/v2\/product_tag?post=24386"}],"curies":[{"name":"wp","href":"https:\/\/api.w.org\/{rel}","templated":true}]}}