{"id":24634,"date":"2020-04-27T22:20:08","date_gmt":"2021-08-02T20:52:41","guid":{"rendered":"https:\/\/www.versiegelung24.com\/produkt\/wb-rapid-on-tesnilo-in-finiser-za-avtomobilske-barve-v-globokem-sijaju"},"modified":"2025-01-04T00:04:53","modified_gmt":"2025-01-03T23:04:53","slug":"wb-fast-on-deep-gloss-autolack-zapecatenje-finiser","status":"publish","type":"product","link":"https:\/\/www.versiegelung24.com\/sl\/wb-fast-on-deep-gloss-autolack-zapecatenje-finiser.html","title":{"rendered":"WB Rapid On &#8211; tesnilo in fini\u0161er za avtomobilske barve v globokem sijaju"},"content":{"rendered":"\n<p><strong>WB Rapid On: vrhunsko tesnilno sredstvo za globok sijaj, idealno za lakiranje avtomobilov &#8211; <\/strong><strong><em>na vodni osnovi &#8211; rapid on<\/em><\/strong><\/p>\n\n<p>Uporablja se kot &#8220;zaklju\u010dek&#8221; za<a href=\"https:\/\/www.versiegelung24.com\/muster-permanent-protector\/\"> Vrhunski kerami\u010dni premaz Permanent Protector<\/a> ali<a href=\"https:\/\/www.versiegelung24.com\/autolack-spezial-politur-versiegelung-2in1\/\"> Posebno lakiranje in tesnjenje avtomobilskih barv 2v1<\/a> .<\/p>\n\n<p>\u0160tevilka izdelka: 5002-7654<\/p>\n\n<p>Visoka kakovost izdelana v Nem\u010diji<\/p>\n\n<p><strong>V24 WB Rapid On &#8211; tesnilo in fini\u0161er za avtomobilske barve v globokem sijaju<\/strong> ustvarja ultra tanko plast na povr\u0161ini z elektrostati\u010dno vezavo milijard drobnih silicijevih molekul, kar je primerljivo z u\u010dinkom drobnih magnetov, ki se ve\u017eejo med seboj in na podlago. Posledi\u010dno so mikroskopske pore in kapilare zatesnjene, delci umazanije in druge ne\u010disto\u010de pa se ne morejo ve\u010d dr\u017eati zdaj bolj gladke plasti. Zaradi tega je povr\u0161ine veliko la\u017eje o\u010distiti (&#8220;enostavno za \u010di\u0161\u010denje&#8221;), vodoodbojne (hidrofobne) in u\u010dinek visokega sijaja.<\/p>\n\n<hr\/>\n\n<h4 class=\"wp-block-heading\" id=\"properties\">Zna\u010dilnosti izdelka<\/h4>\n\n<div class=\"wp-block-columns is-layout-flex wp-container-core-columns-is-layout-9d6595d7 wp-block-columns-is-layout-flex\">\n<div class=\"wp-block-column is-layout-flow wp-block-column-is-layout-flow\">\n<ul class=\"wp-block-list\">\n<li>U\u010dinek visokega sijaja<\/li>\n\n\n\n<li>Lahko se kombinira kot fini\u0161er globokega sijaja za na\u0161e dolgotrajne tesnilne mase<\/li>\n\n\n\n<li>Odli\u010den u\u010dinek enostavnega \u010di\u0161\u010denja za lepljenje umazanije, na primer iz pti\u010djega iztrebka, \u017eu\u017eelk in drugih agresivnih made\u017eev, povr\u0161ine se uma\u017eejo veliko po\u010dasneje<\/li>\n\n\n\n<li>Mo\u010dan hidrofobni u\u010dinek (vodoodbojen)<\/li>\n\n\n\n<li>Nano tehnologija SiO\u00b2<\/li>\n\n\n\n<li>Na vodni osnovi, brez topil in brez vonja<\/li>\n\n\n\n<li>Kemi\u010dno odporen proti \u010distilnim sredstvom (do pH 10)<\/li>\n\n\n\n<li>Preprosta aplikacija<\/li>\n\n\n\n<li>Bolj stabilna povezava kot pripravki na osnovi voska ali silikonskega olja<\/li>\n\n\n\n<li>UV-stabilen \/ odporen proti zmrzali \/ odporen na slano vodo \/ neviden (debelina sloja: 40-50nm)<\/li>\n\n\n\n<li>Prihranki stro\u0161kov, \u010dasa in energije zaradi podalj\u0161anih ciklov \u010di\u0161\u010denja<\/li>\n<\/ul>\n<\/div>\n\n\n\n<div class=\"wp-block-column is-layout-flow wp-block-column-is-layout-flow\">\n<ul id=\"block-cb512caf-6c3b-4dfc-8f82-809b2295b24e\" class=\"wp-block-list\">\n<li>Nestrupeno in nevnetljivo<\/li>\n\n\n\n<li>Rok uporabnosti: 3-6 mesecev (odvisno od uporabe)<\/li>\n\n\n\n<li>Svilnato gladka povr\u0161ina, zelo dober ob\u010dutek<\/li>\n\n\n\n<li>Odporen na skoraj vse kisline, topila in alkalna gospodinjska \u010distila<\/li>\n\n\n\n<li>Veliko bolj stabilen kot voski ali izdelki na osnovi silikonskega olja<\/li>\n\n\n\n<li>Enostavno biorazgradljivo (po merilih OECD)<\/li>\n\n\n\n<li>Visoka odpornost proti obrabi proti delcem, ki se prena\u0161ajo z vetrom<\/li>\n\n\n\n<li>Temperaturno obstojen od -40 do + 200 \u00b0 C<\/li>\n\n\n\n<li>ph odporen od 1-10<\/li>\n\n\n\n<li>Ni citotoksi\u010dno po ISO 10993-5 + 12<\/li>\n\n\n\n<li>Gostota pribl. 1,00 g \/ cm\u00b3<\/li>\n\n\n\n<li>Debelina sloja: pribli\u017eno 40-50nm<\/li>\n\n\n\n<li>Brez HOS (brez nevarnega blaga)<\/li>\n\n\n\n<li>Mo\u010dne lastnosti proti prijemanju (povr\u0161ine se po\u010dasneje uma\u017eejo)<\/li>\n<\/ul>\n<\/div>\n<\/div>\n\n<div class=\"wp-block-columns is-layout-flex wp-container-core-columns-is-layout-9d6595d7 wp-block-columns-is-layout-flex\">\n<div class=\"wp-block-column is-layout-flow wp-block-column-is-layout-flow\">\n<p><br\/><br\/><br\/><br\/><br\/><br\/>K<strong>ratke zna\u010dilnosti<\/strong> Temperatura uporabe: 0 &#8211; 45 \u00b0C m\u00b2 na liter: 100 m\u00b2 Rok uporabnosti tesnilne mase: 3-6 mesecev Rok uporabnosti teko\u010dine: do 1 leta Temperatura skladi\u0161\u010denja: 0 &#8211; 30 \u00b0C (za\u0161\u010diteno pred son\u010dno svetlobo) \u010cas strjevanja: 5 minut, povr\u0161ina se lahko takoj uporabi<\/p>\n\n\n\n<p><br\/><br\/>O<strong>bseg dobave<\/strong>: 1 x litrska steklenica 1 x opis izdelka<\/p>\n<\/div>\n\n\n\n<div class=\"wp-block-column is-layout-flow wp-block-column-is-layout-flow\">\n<p><br\/><br\/><br\/><br\/>P<strong>reizkusi<\/strong> Preizkus SMI Preizkus korozije sendvi\u010da, v skladu z ASTM F 1110 Preizkus razpokanosti akrila, v skladu z ASTM F 484 Preizkus meh\u010danja barve tipa C, v skladu z ASTM F 502 Preizkus vodikove krhkosti, v skladu z ASTM F 519-93<\/p>\n\n\n\n<p><br\/>Boeing je certificiral DuPont\u2122 Marine Finishes:<strong>WB Rapid On &#8211; Deep Gloss Sealer &amp; Finisher<\/strong> je bil v jahti testiran na DuPont\u2122 Marine Finishes Topgloss SF in DP6940 Imron\u00ae Super Flow HS Clear Coat. Niso opazili negativnega vpliva na premaze.<\/p>\n\n\n\n<p>Carinska tarifna \u0161tevilka: 3402 9090, brez nevarnega blaga (NDG)<\/p>\n<\/div>\n<\/div>\n\n<hr\/>\n\n<h4 class=\"wp-block-heading\" id=\"application\">Aplikacija<\/h4>\n\n<p><strong>V24 WB Rapid On &#8211; tesnilo in fini\u0161er za avtomobilske barve v globokem sijaju<\/strong> se lahko optimalno nana\u0161a na<strong> :<\/strong><\/p>\n\n<p><br\/><br\/>&#8211; Avtomobilska barva (kot samostojno tesnilno sredstvo ali kot &#8220;zaklju\u010dek&#8221; na na\u0161ih 640 in 660 tesnilnih sredstvih, z enim litrom lahko zatesnite pribli\u017eno 8-10 avtomobilov) &#8211; \u010colni &#8211; V gospodinjstvu, npr.<br\/><br\/><br\/><br\/><br\/><br\/><br\/>za tu\u0161 kabine, okna in okvirje vrat &#8211; povr\u0161ine iz nerjave\u010dega jekla &#8211; barvane in kovinske povr\u0161ine &#8211; steklo &#8211; sinteti\u010dni materiali &#8211; guma &#8211; krom &#8211; \u0161\u010ditniki (\u0161\u010ditniki za smu\u010di in motorna kolesa, zlasti \u010de se \u017eelite izogniti tesnilnim sredstvom na osnovi topil)<\/p>\n","protected":false},"excerpt":{"rendered":"<p><strong>Vrhunska tesnilna in kon\u010dna masa z globokim sijajem<\/strong><\/p>\n<p>\u2713 idealno za avtomobilske barve<\/p>\n<p><em>\u2713<\/em> <em>na vodni osnovi \u2013 hitro<\/em><\/p>\n","protected":false},"featured_media":18410,"template":"","meta":{"_acf_changed":false,"neve_meta_sidebar":"","neve_meta_container":"","neve_meta_enable_content_width":"","neve_meta_content_width":0,"neve_meta_title_alignment":"","neve_meta_author_avatar":"","neve_post_elements_order":"","neve_meta_disable_header":"","neve_meta_disable_footer":"","neve_meta_disable_title":"","neve_meta_reading_time":"","_surfaces":[],"_ver_product_tabs":[],"footnotes":""},"product_brand":[],"product_cat":[2176],"product_tag":[],"class_list":{"0":"post-24634","1":"product","2":"type-product","3":"status-publish","4":"has-post-thumbnail","6":"product_cat-tesnjenje-avtomobila","8":"first","9":"instock","10":"taxable","11":"shipping-taxable","12":"purchasable","13":"product-type-simple"},"acf":[],"yoast_head":"<!-- This site is optimized with the Yoast SEO Premium plugin v22.8 (Yoast SEO v27.5) - https:\/\/yoast.com\/product\/yoast-seo-premium-wordpress\/ -->\n<title>WB Rapid On - tesnilo in fini\u0161er za avtomobilske barve v globokem sijaju - versiegelung24.com<\/title>\n<meta name=\"robots\" content=\"index, follow, max-snippet:-1, max-image-preview:large, max-video-preview:-1\" \/>\n<link rel=\"canonical\" href=\"https:\/\/www.versiegelung24.com\/sl\/wb-fast-on-deep-gloss-autolack-zapecatenje-finiser.html\" \/>\n<meta property=\"og:locale\" content=\"sl_SI\" \/>\n<meta property=\"og:type\" content=\"article\" \/>\n<meta property=\"og:title\" content=\"WB Rapid On - tesnilo in fini\u0161er za avtomobilske barve v globokem sijaju\" \/>\n<meta property=\"og:description\" content=\"Vrhunska tesnilna in kon\u010dna masa z globokim sijajem \u2713 idealno za avtomobilske barve \u2713 na vodni osnovi \u2013 hitro\" \/>\n<meta property=\"og:url\" content=\"https:\/\/www.versiegelung24.com\/sl\/wb-fast-on-deep-gloss-autolack-zapecatenje-finiser.html\" \/>\n<meta property=\"og:site_name\" content=\"versiegelung24.com\" \/>\n<meta property=\"article:modified_time\" content=\"2025-01-03T23:04:53+00:00\" \/>\n<meta property=\"og:image\" content=\"https:\/\/www.versiegelung24.com\/wp-content\/uploads\/2020\/06\/produkt-5002-7654-1000-WB-Rapid-On-scaled.jpg\" \/>\n\t<meta property=\"og:image:width\" content=\"2560\" \/>\n\t<meta property=\"og:image:height\" content=\"2560\" \/>\n\t<meta property=\"og:image:type\" content=\"image\/jpeg\" \/>\n<meta name=\"twitter:card\" content=\"summary_large_image\" \/>\n<meta name=\"twitter:label1\" content=\"Price\" \/>\n\t<meta name=\"twitter:data1\" content=\"69,00&euro;\" \/>\n\t<meta name=\"twitter:label2\" content=\"Availability\" \/>\n\t<meta name=\"twitter:data2\" content=\"In stock\" \/>\n<script type=\"application\/ld+json\" class=\"yoast-schema-graph\">{\"@context\":\"https:\\\/\\\/schema.org\",\"@graph\":[{\"@type\":\"WebPage\",\"@id\":\"https:\\\/\\\/www.versiegelung24.com\\\/sl\\\/wb-fast-on-deep-gloss-autolack-zapecatenje-finiser.html\",\"url\":\"https:\\\/\\\/www.versiegelung24.com\\\/sl\\\/wb-fast-on-deep-gloss-autolack-zapecatenje-finiser.html\",\"name\":\"WB Rapid On - tesnilo in fini\u0161er za avtomobilske barve v globokem sijaju - versiegelung24.com\",\"isPartOf\":{\"@id\":\"https:\\\/\\\/www.versiegelung24.com\\\/sl\\\/#website\"},\"primaryImageOfPage\":{\"@id\":\"https:\\\/\\\/www.versiegelung24.com\\\/sl\\\/wb-fast-on-deep-gloss-autolack-zapecatenje-finiser.html#primaryimage\"},\"image\":{\"@id\":\"https:\\\/\\\/www.versiegelung24.com\\\/sl\\\/wb-fast-on-deep-gloss-autolack-zapecatenje-finiser.html#primaryimage\"},\"thumbnailUrl\":\"https:\\\/\\\/www.versiegelung24.com\\\/wp-content\\\/uploads\\\/2020\\\/06\\\/produkt-5002-7654-1000-WB-Rapid-On-scaled.jpg\",\"datePublished\":\"2021-08-02T20:52:41+00:00\",\"dateModified\":\"2025-01-03T23:04:53+00:00\",\"breadcrumb\":{\"@id\":\"https:\\\/\\\/www.versiegelung24.com\\\/sl\\\/wb-fast-on-deep-gloss-autolack-zapecatenje-finiser.html#breadcrumb\"},\"inLanguage\":\"sl-SI\",\"potentialAction\":[{\"@type\":\"ReadAction\",\"target\":[\"https:\\\/\\\/www.versiegelung24.com\\\/sl\\\/wb-fast-on-deep-gloss-autolack-zapecatenje-finiser.html\"]}]},{\"@type\":\"ImageObject\",\"inLanguage\":\"sl-SI\",\"@id\":\"https:\\\/\\\/www.versiegelung24.com\\\/sl\\\/wb-fast-on-deep-gloss-autolack-zapecatenje-finiser.html#primaryimage\",\"url\":\"https:\\\/\\\/www.versiegelung24.com\\\/wp-content\\\/uploads\\\/2020\\\/06\\\/produkt-5002-7654-1000-WB-Rapid-On-scaled.jpg\",\"contentUrl\":\"https:\\\/\\\/www.versiegelung24.com\\\/wp-content\\\/uploads\\\/2020\\\/06\\\/produkt-5002-7654-1000-WB-Rapid-On-scaled.jpg\",\"width\":2560,\"height\":2560},{\"@type\":\"BreadcrumbList\",\"@id\":\"https:\\\/\\\/www.versiegelung24.com\\\/sl\\\/wb-fast-on-deep-gloss-autolack-zapecatenje-finiser.html#breadcrumb\",\"itemListElement\":[{\"@type\":\"ListItem\",\"position\":1,\"name\":\"Doma\u010da stran\",\"item\":\"https:\\\/\\\/www.versiegelung24.com\\\/sl\\\/spredaj\\\/\"},{\"@type\":\"ListItem\",\"position\":2,\"name\":\"Nakupujte\",\"item\":\"https:\\\/\\\/www.versiegelung24.com\\\/sl\\\/nakupujte\\\/\"},{\"@type\":\"ListItem\",\"position\":3,\"name\":\"WB Rapid On &#8211; tesnilo in fini\u0161er za avtomobilske barve v globokem sijaju\"}]},{\"@type\":\"WebSite\",\"@id\":\"https:\\\/\\\/www.versiegelung24.com\\\/sl\\\/#website\",\"url\":\"https:\\\/\\\/www.versiegelung24.com\\\/sl\\\/\",\"name\":\"versiegelung24.com\",\"description\":\"Fl\u00fcssigglas-Versiegelung - Made in Germany\",\"publisher\":{\"@id\":\"https:\\\/\\\/www.versiegelung24.com\\\/sl\\\/#organization\"},\"potentialAction\":[{\"@type\":\"SearchAction\",\"target\":{\"@type\":\"EntryPoint\",\"urlTemplate\":\"https:\\\/\\\/www.versiegelung24.com\\\/sl\\\/?s={search_term_string}\"},\"query-input\":{\"@type\":\"PropertyValueSpecification\",\"valueRequired\":true,\"valueName\":\"search_term_string\"}}],\"inLanguage\":\"sl-SI\"},{\"@type\":\"Organization\",\"@id\":\"https:\\\/\\\/www.versiegelung24.com\\\/sl\\\/#organization\",\"name\":\"versiegelung24\",\"url\":\"https:\\\/\\\/www.versiegelung24.com\\\/sl\\\/\",\"logo\":{\"@type\":\"ImageObject\",\"inLanguage\":\"sl-SI\",\"@id\":\"https:\\\/\\\/www.versiegelung24.com\\\/sl\\\/#\\\/schema\\\/logo\\\/image\\\/\",\"url\":\"https:\\\/\\\/www.versiegelung24.com\\\/wp-content\\\/uploads\\\/2020\\\/04\\\/versiegelung24.png\",\"contentUrl\":\"https:\\\/\\\/www.versiegelung24.com\\\/wp-content\\\/uploads\\\/2020\\\/04\\\/versiegelung24.png\",\"width\":470,\"height\":102,\"caption\":\"versiegelung24\"},\"image\":{\"@id\":\"https:\\\/\\\/www.versiegelung24.com\\\/sl\\\/#\\\/schema\\\/logo\\\/image\\\/\"}}]}<\/script>\n<meta property=\"product:price:amount\" content=\"69.00\" \/>\n<meta property=\"product:price:currency\" content=\"EUR\" \/>\n<meta property=\"og:availability\" content=\"instock\" \/>\n<meta property=\"product:availability\" content=\"instock\" \/>\n<meta property=\"product:retailer_item_id\" content=\"5002-7654-1000\" \/>\n<meta property=\"product:condition\" content=\"new\" \/>\n<!-- \/ Yoast SEO Premium plugin. -->","yoast_head_json":{"title":"WB Rapid On - tesnilo in fini\u0161er za avtomobilske barve v globokem sijaju - versiegelung24.com","robots":{"index":"index","follow":"follow","max-snippet":"max-snippet:-1","max-image-preview":"max-image-preview:large","max-video-preview":"max-video-preview:-1"},"canonical":"https:\/\/www.versiegelung24.com\/sl\/wb-fast-on-deep-gloss-autolack-zapecatenje-finiser.html","og_locale":"sl_SI","og_type":"article","og_title":"WB Rapid On - tesnilo in fini\u0161er za avtomobilske barve v globokem sijaju","og_description":"Vrhunska tesnilna in kon\u010dna masa z globokim sijajem \u2713 idealno za avtomobilske barve \u2713 na vodni osnovi \u2013 hitro","og_url":"https:\/\/www.versiegelung24.com\/sl\/wb-fast-on-deep-gloss-autolack-zapecatenje-finiser.html","og_site_name":"versiegelung24.com","article_modified_time":"2025-01-03T23:04:53+00:00","og_image":[{"width":2560,"height":2560,"url":"https:\/\/www.versiegelung24.com\/wp-content\/uploads\/2020\/06\/produkt-5002-7654-1000-WB-Rapid-On-scaled.jpg","type":"image\/jpeg"}],"twitter_card":"summary_large_image","twitter_misc":{"Price":"69,00&euro;","Availability":"In stock"},"schema":{"@context":"https:\/\/schema.org","@graph":[{"@type":"WebPage","@id":"https:\/\/www.versiegelung24.com\/sl\/wb-fast-on-deep-gloss-autolack-zapecatenje-finiser.html","url":"https:\/\/www.versiegelung24.com\/sl\/wb-fast-on-deep-gloss-autolack-zapecatenje-finiser.html","name":"WB Rapid On - tesnilo in fini\u0161er za avtomobilske barve v globokem sijaju - versiegelung24.com","isPartOf":{"@id":"https:\/\/www.versiegelung24.com\/sl\/#website"},"primaryImageOfPage":{"@id":"https:\/\/www.versiegelung24.com\/sl\/wb-fast-on-deep-gloss-autolack-zapecatenje-finiser.html#primaryimage"},"image":{"@id":"https:\/\/www.versiegelung24.com\/sl\/wb-fast-on-deep-gloss-autolack-zapecatenje-finiser.html#primaryimage"},"thumbnailUrl":"https:\/\/www.versiegelung24.com\/wp-content\/uploads\/2020\/06\/produkt-5002-7654-1000-WB-Rapid-On-scaled.jpg","datePublished":"2021-08-02T20:52:41+00:00","dateModified":"2025-01-03T23:04:53+00:00","breadcrumb":{"@id":"https:\/\/www.versiegelung24.com\/sl\/wb-fast-on-deep-gloss-autolack-zapecatenje-finiser.html#breadcrumb"},"inLanguage":"sl-SI","potentialAction":[{"@type":"ReadAction","target":["https:\/\/www.versiegelung24.com\/sl\/wb-fast-on-deep-gloss-autolack-zapecatenje-finiser.html"]}]},{"@type":"ImageObject","inLanguage":"sl-SI","@id":"https:\/\/www.versiegelung24.com\/sl\/wb-fast-on-deep-gloss-autolack-zapecatenje-finiser.html#primaryimage","url":"https:\/\/www.versiegelung24.com\/wp-content\/uploads\/2020\/06\/produkt-5002-7654-1000-WB-Rapid-On-scaled.jpg","contentUrl":"https:\/\/www.versiegelung24.com\/wp-content\/uploads\/2020\/06\/produkt-5002-7654-1000-WB-Rapid-On-scaled.jpg","width":2560,"height":2560},{"@type":"BreadcrumbList","@id":"https:\/\/www.versiegelung24.com\/sl\/wb-fast-on-deep-gloss-autolack-zapecatenje-finiser.html#breadcrumb","itemListElement":[{"@type":"ListItem","position":1,"name":"Doma\u010da stran","item":"https:\/\/www.versiegelung24.com\/sl\/spredaj\/"},{"@type":"ListItem","position":2,"name":"Nakupujte","item":"https:\/\/www.versiegelung24.com\/sl\/nakupujte\/"},{"@type":"ListItem","position":3,"name":"WB Rapid On &#8211; tesnilo in fini\u0161er za avtomobilske barve v globokem sijaju"}]},{"@type":"WebSite","@id":"https:\/\/www.versiegelung24.com\/sl\/#website","url":"https:\/\/www.versiegelung24.com\/sl\/","name":"versiegelung24.com","description":"Fl\u00fcssigglas-Versiegelung - Made in Germany","publisher":{"@id":"https:\/\/www.versiegelung24.com\/sl\/#organization"},"potentialAction":[{"@type":"SearchAction","target":{"@type":"EntryPoint","urlTemplate":"https:\/\/www.versiegelung24.com\/sl\/?s={search_term_string}"},"query-input":{"@type":"PropertyValueSpecification","valueRequired":true,"valueName":"search_term_string"}}],"inLanguage":"sl-SI"},{"@type":"Organization","@id":"https:\/\/www.versiegelung24.com\/sl\/#organization","name":"versiegelung24","url":"https:\/\/www.versiegelung24.com\/sl\/","logo":{"@type":"ImageObject","inLanguage":"sl-SI","@id":"https:\/\/www.versiegelung24.com\/sl\/#\/schema\/logo\/image\/","url":"https:\/\/www.versiegelung24.com\/wp-content\/uploads\/2020\/04\/versiegelung24.png","contentUrl":"https:\/\/www.versiegelung24.com\/wp-content\/uploads\/2020\/04\/versiegelung24.png","width":470,"height":102,"caption":"versiegelung24"},"image":{"@id":"https:\/\/www.versiegelung24.com\/sl\/#\/schema\/logo\/image\/"}}]},"product_price_amount":"69.00","product_price_currency":"EUR","og_availability":"instock","product_availability":"instock","product_retailer_item_id":"5002-7654-1000","product_condition":"new"},"_links":{"self":[{"href":"https:\/\/www.versiegelung24.com\/sl\/wp-json\/wp\/v2\/product\/24634","targetHints":{"allow":["GET"]}}],"collection":[{"href":"https:\/\/www.versiegelung24.com\/sl\/wp-json\/wp\/v2\/product"}],"about":[{"href":"https:\/\/www.versiegelung24.com\/sl\/wp-json\/wp\/v2\/types\/product"}],"version-history":[{"count":10,"href":"https:\/\/www.versiegelung24.com\/sl\/wp-json\/wp\/v2\/product\/24634\/revisions"}],"predecessor-version":[{"id":174275,"href":"https:\/\/www.versiegelung24.com\/sl\/wp-json\/wp\/v2\/product\/24634\/revisions\/174275"}],"wp:featuredmedia":[{"embeddable":true,"href":"https:\/\/www.versiegelung24.com\/sl\/wp-json\/wp\/v2\/media\/18410"}],"wp:attachment":[{"href":"https:\/\/www.versiegelung24.com\/sl\/wp-json\/wp\/v2\/media?parent=24634"}],"wp:term":[{"taxonomy":"product_brand","embeddable":true,"href":"https:\/\/www.versiegelung24.com\/sl\/wp-json\/wp\/v2\/product_brand?post=24634"},{"taxonomy":"product_cat","embeddable":true,"href":"https:\/\/www.versiegelung24.com\/sl\/wp-json\/wp\/v2\/product_cat?post=24634"},{"taxonomy":"product_tag","embeddable":true,"href":"https:\/\/www.versiegelung24.com\/sl\/wp-json\/wp\/v2\/product_tag?post=24634"}],"curies":[{"name":"wp","href":"https:\/\/api.w.org\/{rel}","templated":true}]}}