{"id":24697,"date":"2020-04-04T18:53:45","date_gmt":"2021-08-02T20:58:33","guid":{"rendered":"https:\/\/www.versiegelung24.com\/produkt\/vrhunsko-tesnjenje-betona-in-kamna-izjemna-vodoodpornost-ne-diha"},"modified":"2025-01-04T00:09:47","modified_gmt":"2025-01-03T23:09:47","slug":"premium-beton-kamen-tesnjenje-ekstremno-vodoodbojnost-ne-diha","status":"publish","type":"product","link":"https:\/\/www.versiegelung24.com\/sl\/premium-beton-kamen-tesnjenje-ekstremno-vodoodbojnost-ne-diha.html","title":{"rendered":"Vrhunsko tesnilo iz betona in kamna z barvnim poglabljanjem &#8211; ne diha"},"content":{"rendered":"\n<p>Na\u0161e vrhunsko tesnjenje betona in kamna u\u010dinkovito in trajno \u0161\u010diti povr\u0161ine pred zunanjimi vplivi ter jasno prepre\u010duje prodiranje olja, ma\u0161\u010dob, kave in rde\u010dega vina. Poleg tega za\u0161\u010ditni premaz iz prozornega laka pusti sijo\u010d film, ki intenzivira barvo in vidno izbolj\u0161a obdelano povr\u0161ino.<\/p>\n\n<hr\/>\n\n<h4 class=\"wp-block-heading\" id=\"video\"><strong>Vadite video &#8211; u\u010dinkovito varujte kamnite figure in kamnite skulpture na vrtu pred vplivi okolja<\/strong><\/h4>\n\n<figure class=\"wp-block-embed aligncenter is-type-video is-provider-youtube wp-block-embed-youtube wp-embed-aspect-16-9 wp-has-aspect-ratio\"><div class=\"wp-block-embed__wrapper\"> \n<div class=\"nv-iframe-embed\"><iframe title=\"Steinfiguren &amp; Steinskulpturen wetterfest machen - Versiegelung \/ Impr\u00e4gnierung mit Farbvertiefung\" width=\"1200\" height=\"675\" src=\"https:\/\/www.youtube.com\/embed\/sSjv-OlqOgI?feature=oembed\" frameborder=\"0\" allow=\"accelerometer; autoplay; clipboard-write; encrypted-media; gyroscope; picture-in-picture\" allowfullscreen><\/iframe><\/div>\n <\/div><\/figure>\n\n<hr\/>\n\n<h4 class=\"wp-block-heading\" id=\"properties\">Zna\u010dilnosti izdelka<\/h4>\n\n<div class=\"wp-block-columns is-layout-flex wp-container-core-columns-is-layout-9d6595d7 wp-block-columns-is-layout-flex\">\n<div class=\"wp-block-column is-layout-flow wp-block-column-is-layout-flow\">\n<p>\u2713 U\u010dinkovita trajna povr\u0161inska za\u0161\u010dita pred vodo, umazanijo in vremenskimi vplivi<\/p>\n\n\n\n<p>\u2713 prepre\u010duje rast mahov, li\u0161ajev, gliv in drugih naravnih vplivov<\/p>\n\n\n\n<p>\u2713 100% trden premaz iz prozornega laka<\/p>\n\n\n\n<p>\u2713 visoka odpornost proti obrabi zaradi nano tehnologije SiO\u00b2<\/p>\n\n\n\n<p>\u2713 obdelane povr\u0161ine ne dihajo<\/p>\n\n\n\n<p>\u2713 U\u010dinek poglabljanja barve s sijajno folijo \/ pove\u010danjem povr\u0161ine<\/p>\n\n\n\n<p>\u2713 zelo mo\u010dna hidrofobnost<\/p>\n\n\n\n<p>\u2713 Znatno zmanj\u0161anje prodiranja olja in ma\u0161\u010dob, kave, rde\u010dega vina<\/p>\n\n\n\n<p>\u2713 Odporen proti zmrzali (led in sneg ga ne po\u0161kodujeta)<\/p>\n\n\n\n<p>\u2713 UV stabilen<\/p>\n\n\n\n<p>\u2713 Enostaven za \u010di\u0161\u010denje: umazanija<\/p>\n\n\n\n<p>\u2713 Temperaturno odporen do 1000\u00b0C (s kratkotrajno izpostavljenostjo)<\/p>\n\n\n\n<p><\/p>\n\n\n\n<p><br\/>Obseg dobave: 1 x litrska stekleni\u010dka<\/p>\n<\/div>\n\n\n\n<div class=\"wp-block-column is-layout-flow wp-block-column-is-layout-flow\">\n<p><strong>Zelo u\u010dinkovit, visoko vodoodbojen nano premaz, odporen proti obrabi, za vse vpojne mineralne povr\u0161ine.<\/strong><\/p>\n\n\n\n<p>Ne diha<\/p>\n\n\n\n<p>\u0160tevilka izdelka: 3008-704<\/p>\n\n\n\n<p>Visoka kakovost izdelana v Nem\u010diji<\/p>\n\n\n\n<p><strong>varnost izdelkov<\/strong><\/p>\n\n\n\n<p>Podatke o razvrstitvi proizvoda v okviru Odloka o nevarnih snoveh, varnostne podatke ter podatke o toksikologiji in skladi\u0161\u010denju najdete v na\u0161em varnostnem listu.<\/p>\n\n\n\n<p>Pri uporabi bodite pozorni na ustrezno za\u0161\u010ditno opremo. Pri naro\u010danju priporo\u010damo, da nosite ustrezne maske za dihanje in gumijaste rokavice.<\/p>\n\n\n\n<p>V primeru stika s ko\u017eo obmo\u010dja temeljito umijte z milom in vodo.<\/p>\n\n\n\n<p><strong>skladi\u0161\u010denje<\/strong><\/p>\n\n\n\n<p>V24 Beton in Stone Sealing Extreme lahko hranite vsaj 12 mesecev v originalni zaprti posodi pri temperaturah skladi\u0161\u010denja od +5 do + 25 \u00b0 C.<\/p>\n\n\n\n<p>Odprte posode je treba uporabiti v kratkem \u010dasu.<\/p>\n\n\n\n<p>Dalj\u0161i rok skladi\u0161\u010denja ne pomeni nujno, da je proizvod neuporaben, vendar je treba v smislu zagotavljanja kakovosti preveriti \u017eelene lastnosti za predvideno uporabo.<\/p>\n<\/div>\n<\/div>\n\n<hr\/>\n\n<h4 class=\"wp-block-heading\" id=\"application\">Aplikacija<\/h4>\n\n<div class=\"wp-block-columns is-layout-flex wp-container-core-columns-is-layout-9d6595d7 wp-block-columns-is-layout-flex\">\n<div class=\"wp-block-column is-layout-flow wp-block-column-is-layout-flow\">\n<ul class=\"wp-block-list\">\n<li><strong>V24 ekstremno tesnjenje betona in kamna<\/strong> je dostavljen \u017ee pripravljen za uporabo in se nerazred\u010den nanese na predhodno o\u010di\u0161\u010deno in posu\u0161eno povr\u0161ino. Odvisno od uporabe je mo\u017ena razred\u010ditev z alkoholom.<\/li>\n<\/ul>\n\n\n\n<ul class=\"wp-block-list\">\n<li>Vse povr\u0161ine, ki jih je treba obdelati, morajo biti suhe in dobro o\u010di\u0161\u010dene, saj le tako zagotovimo globok prodor tesnilne mase, ki ima optimalen dolgotrajen in globok u\u010dinek.<\/li>\n<\/ul>\n\n\n\n<ul class=\"wp-block-list\">\n<li>Po nanosu se <strong><strong>V24 Concrete and Stone Sealer extreme<\/strong><\/strong> mora ostati v stiku s povr\u0161ino nekaj sekund kot teko\u010di film.<\/li>\n<\/ul>\n\n\n\n<ul class=\"wp-block-list\">\n<li>Premaz je popolnoma zamre\u017een in strjen po 24 urah.<\/li>\n<\/ul>\n\n\n\n<p>Podroben opis aplikacije najdete v na\u0161em podatkovnem listu<\/p>\n<\/div>\n\n\n\n<div class=\"wp-block-column is-layout-flow wp-block-column-is-layout-flow\">\n<p>Za\u0161\u010ditni prozorni lak za vse mineralne, vpojne betonske in kamnite povr\u0161ine, v zaprtih prostorih in na prostem.<\/p>\n\n\n\n<p>\u2713 Beton (betonski blok, betonski plo\u010dnik, stopnice, tla v gara\u017ei in delavnici, izpostavljene betonske povr\u0161ine &#8230;)<\/p>\n\n\n\n<p>\u2713 Kamen (naravni kamen, tlakovci, granit, pe\u0161\u010deno-apnena opeka, skrilavec, zidani, dovozi &#8230;)<\/p>\n\n\n\n<p><strong>Pomembno:<\/strong> Uporaba je omejena na zelo poliranih povr\u0161inah z nizko vpojnostjo, saj tukaj ne more biti optimalnega lepljenja. Po potrebi povr\u0161ino predhodno hrapamo (60-100 brusnega papirja, odvisno od povr\u0161ine) in nanesemo temeljni sloj (1\/3 alkohola 2\/3 tesnilne mase). Nato po pribli\u017eno 30 minutah nerazred\u010deno tesnjenje.<\/p>\n\n\n\n<p>Poraba je odvisna od vpojnosti povr\u0161ine pribli\u017eno 10-40m\u00b2 \/ liter.<\/p>\n<\/div>\n<\/div>\n","protected":false},"excerpt":{"rendered":"<p><strong>Izjemno vodoodbojen prozorni premaz za notranjo in zunanjo uporabo<\/strong>  <\/p>\n<p>\u2713 za vse vpojne mineralne kamnite in betonske povr\u0161ine<\/p>\n<p>\u2713 Enostaven za \u010di\u0161\u010denje: umazanija se ne prime in jo je mogo\u010de enostavno odstraniti<\/p>\n<p>\u2713 obdelane povr\u0161ine ne dihajo<\/p>\n<p>\u2713 Prepre\u010duje rast mahu, li\u0161ajev, gliv in drugih naravnih vplivov<\/p>\n<p>\u2713 U\u010dinek poglabljanja barve s sijajno folijo \/ pove\u010danjem povr\u0161ine<\/p>\n<p>\u2713 Rok trajanja: do 5 let+<\/p>\n","protected":false},"featured_media":18125,"template":"","meta":{"_acf_changed":false,"neve_meta_sidebar":"","neve_meta_container":"","neve_meta_enable_content_width":"","neve_meta_content_width":0,"neve_meta_title_alignment":"","neve_meta_author_avatar":"","neve_post_elements_order":"","neve_meta_disable_header":"","neve_meta_disable_footer":"","neve_meta_disable_title":"","neve_meta_reading_time":"","_surfaces":[],"_ver_product_tabs":[],"footnotes":""},"product_brand":[],"product_cat":[2251],"product_tag":[],"class_list":{"0":"post-24697","1":"product","2":"type-product","3":"status-publish","4":"has-post-thumbnail","6":"product_cat-tesnjenje-kamna-in-betona","7":"pa_gebinde-steklenicka-1000-ml","8":"pa_gebinde-20l-kanister-sl","10":"first","11":"instock","12":"taxable","13":"shipping-taxable","14":"purchasable","15":"product-type-variable","16":"has-default-attributes"},"acf":[],"yoast_head":"<!-- This site is optimized with the Yoast SEO Premium plugin v22.8 (Yoast SEO v27.5) - https:\/\/yoast.com\/product\/yoast-seo-premium-wordpress\/ -->\n<title>Vrhunsko tesnjenje betona in kamna z barvnim poglobitvijo - versiegelung24<\/title>\n<meta name=\"description\" content=\"Vrhunsko tesnjenje betona in kamna - izvedite ve\u010d o na\u0161em vrhunskem tesnjenju iz betona in kamna z nanotehnologijo in poglabljanjem barv\" \/>\n<meta name=\"robots\" content=\"index, follow, max-snippet:-1, max-image-preview:large, max-video-preview:-1\" \/>\n<link rel=\"canonical\" href=\"https:\/\/www.versiegelung24.com\/sl\/premium-beton-kamen-tesnjenje-ekstremno-vodoodbojnost-ne-diha.html\" \/>\n<meta property=\"og:locale\" content=\"sl_SI\" \/>\n<meta property=\"og:type\" content=\"article\" \/>\n<meta property=\"og:title\" content=\"Vrhunsko tesnilo iz betona in kamna z barvnim poglabljanjem - ne diha\" \/>\n<meta property=\"og:description\" content=\"Vrhunsko tesnjenje betona in kamna - izvedite ve\u010d o na\u0161em vrhunskem tesnjenju iz betona in kamna z nanotehnologijo in poglabljanjem barv\" \/>\n<meta property=\"og:url\" content=\"https:\/\/www.versiegelung24.com\/sl\/premium-beton-kamen-tesnjenje-ekstremno-vodoodbojnost-ne-diha.html\" \/>\n<meta property=\"og:site_name\" content=\"versiegelung24.com\" \/>\n<meta property=\"article:modified_time\" content=\"2025-01-03T23:09:47+00:00\" \/>\n<meta property=\"og:image\" content=\"https:\/\/www.versiegelung24.com\/wp-content\/uploads\/2020\/06\/produkt-3008-704-1000-Beton-Stein-Versiegelung-extreme-Wasserabweisung-nicht-atmungsaktiv-scaled.jpg\" \/>\n\t<meta property=\"og:image:width\" content=\"2560\" \/>\n\t<meta property=\"og:image:height\" content=\"2560\" \/>\n\t<meta property=\"og:image:type\" content=\"image\/jpeg\" \/>\n<meta name=\"twitter:card\" content=\"summary_large_image\" \/>\n<meta name=\"twitter:label1\" content=\"Availability\" \/>\n\t<meta name=\"twitter:data1\" content=\"In stock\" \/>\n<script type=\"application\/ld+json\" class=\"yoast-schema-graph\">{\"@context\":\"https:\\\/\\\/schema.org\",\"@graph\":[{\"@type\":\"WebPage\",\"@id\":\"https:\\\/\\\/www.versiegelung24.com\\\/sl\\\/premium-beton-kamen-tesnjenje-ekstremno-vodoodbojnost-ne-diha.html\",\"url\":\"https:\\\/\\\/www.versiegelung24.com\\\/sl\\\/premium-beton-kamen-tesnjenje-ekstremno-vodoodbojnost-ne-diha.html\",\"name\":\"Vrhunsko tesnjenje betona in kamna z barvnim poglobitvijo - versiegelung24\",\"isPartOf\":{\"@id\":\"https:\\\/\\\/www.versiegelung24.com\\\/sl\\\/#website\"},\"primaryImageOfPage\":{\"@id\":\"https:\\\/\\\/www.versiegelung24.com\\\/sl\\\/premium-beton-kamen-tesnjenje-ekstremno-vodoodbojnost-ne-diha.html#primaryimage\"},\"image\":{\"@id\":\"https:\\\/\\\/www.versiegelung24.com\\\/sl\\\/premium-beton-kamen-tesnjenje-ekstremno-vodoodbojnost-ne-diha.html#primaryimage\"},\"thumbnailUrl\":\"https:\\\/\\\/www.versiegelung24.com\\\/wp-content\\\/uploads\\\/2020\\\/06\\\/produkt-3008-704-1000-Beton-Stein-Versiegelung-extreme-Wasserabweisung-nicht-atmungsaktiv-scaled.jpg\",\"datePublished\":\"2021-08-02T20:58:33+00:00\",\"dateModified\":\"2025-01-03T23:09:47+00:00\",\"description\":\"Vrhunsko tesnjenje betona in kamna - izvedite ve\u010d o na\u0161em vrhunskem tesnjenju iz betona in kamna z nanotehnologijo in poglabljanjem barv\",\"breadcrumb\":{\"@id\":\"https:\\\/\\\/www.versiegelung24.com\\\/sl\\\/premium-beton-kamen-tesnjenje-ekstremno-vodoodbojnost-ne-diha.html#breadcrumb\"},\"inLanguage\":\"sl-SI\",\"potentialAction\":[{\"@type\":\"ReadAction\",\"target\":[\"https:\\\/\\\/www.versiegelung24.com\\\/sl\\\/premium-beton-kamen-tesnjenje-ekstremno-vodoodbojnost-ne-diha.html\"]}]},{\"@type\":\"ImageObject\",\"inLanguage\":\"sl-SI\",\"@id\":\"https:\\\/\\\/www.versiegelung24.com\\\/sl\\\/premium-beton-kamen-tesnjenje-ekstremno-vodoodbojnost-ne-diha.html#primaryimage\",\"url\":\"https:\\\/\\\/www.versiegelung24.com\\\/wp-content\\\/uploads\\\/2020\\\/06\\\/produkt-3008-704-1000-Beton-Stein-Versiegelung-extreme-Wasserabweisung-nicht-atmungsaktiv-scaled.jpg\",\"contentUrl\":\"https:\\\/\\\/www.versiegelung24.com\\\/wp-content\\\/uploads\\\/2020\\\/06\\\/produkt-3008-704-1000-Beton-Stein-Versiegelung-extreme-Wasserabweisung-nicht-atmungsaktiv-scaled.jpg\",\"width\":2560,\"height\":2560},{\"@type\":\"BreadcrumbList\",\"@id\":\"https:\\\/\\\/www.versiegelung24.com\\\/sl\\\/premium-beton-kamen-tesnjenje-ekstremno-vodoodbojnost-ne-diha.html#breadcrumb\",\"itemListElement\":[{\"@type\":\"ListItem\",\"position\":1,\"name\":\"Doma\u010da stran\",\"item\":\"https:\\\/\\\/www.versiegelung24.com\\\/sl\\\/spredaj\\\/\"},{\"@type\":\"ListItem\",\"position\":2,\"name\":\"Nakupujte\",\"item\":\"https:\\\/\\\/www.versiegelung24.com\\\/sl\\\/nakupujte\\\/\"},{\"@type\":\"ListItem\",\"position\":3,\"name\":\"Vrhunsko tesnilo iz betona in kamna z barvnim poglabljanjem &#8211; ne diha\"}]},{\"@type\":\"WebSite\",\"@id\":\"https:\\\/\\\/www.versiegelung24.com\\\/sl\\\/#website\",\"url\":\"https:\\\/\\\/www.versiegelung24.com\\\/sl\\\/\",\"name\":\"versiegelung24.com\",\"description\":\"Fl\u00fcssigglas-Versiegelung - Made in Germany\",\"publisher\":{\"@id\":\"https:\\\/\\\/www.versiegelung24.com\\\/sl\\\/#organization\"},\"potentialAction\":[{\"@type\":\"SearchAction\",\"target\":{\"@type\":\"EntryPoint\",\"urlTemplate\":\"https:\\\/\\\/www.versiegelung24.com\\\/sl\\\/?s={search_term_string}\"},\"query-input\":{\"@type\":\"PropertyValueSpecification\",\"valueRequired\":true,\"valueName\":\"search_term_string\"}}],\"inLanguage\":\"sl-SI\"},{\"@type\":\"Organization\",\"@id\":\"https:\\\/\\\/www.versiegelung24.com\\\/sl\\\/#organization\",\"name\":\"versiegelung24\",\"url\":\"https:\\\/\\\/www.versiegelung24.com\\\/sl\\\/\",\"logo\":{\"@type\":\"ImageObject\",\"inLanguage\":\"sl-SI\",\"@id\":\"https:\\\/\\\/www.versiegelung24.com\\\/sl\\\/#\\\/schema\\\/logo\\\/image\\\/\",\"url\":\"https:\\\/\\\/www.versiegelung24.com\\\/wp-content\\\/uploads\\\/2020\\\/04\\\/versiegelung24.png\",\"contentUrl\":\"https:\\\/\\\/www.versiegelung24.com\\\/wp-content\\\/uploads\\\/2020\\\/04\\\/versiegelung24.png\",\"width\":470,\"height\":102,\"caption\":\"versiegelung24\"},\"image\":{\"@id\":\"https:\\\/\\\/www.versiegelung24.com\\\/sl\\\/#\\\/schema\\\/logo\\\/image\\\/\"}}]}<\/script>\n<meta property=\"og:availability\" content=\"instock\" \/>\n<meta property=\"product:availability\" content=\"instock\" \/>\n<meta property=\"product:retailer_item_id\" content=\"3008-704\" \/>\n<meta property=\"product:condition\" content=\"new\" \/>\n<!-- \/ Yoast SEO Premium plugin. -->","yoast_head_json":{"title":"Vrhunsko tesnjenje betona in kamna z barvnim poglobitvijo - versiegelung24","description":"Vrhunsko tesnjenje betona in kamna - izvedite ve\u010d o na\u0161em vrhunskem tesnjenju iz betona in kamna z nanotehnologijo in poglabljanjem barv","robots":{"index":"index","follow":"follow","max-snippet":"max-snippet:-1","max-image-preview":"max-image-preview:large","max-video-preview":"max-video-preview:-1"},"canonical":"https:\/\/www.versiegelung24.com\/sl\/premium-beton-kamen-tesnjenje-ekstremno-vodoodbojnost-ne-diha.html","og_locale":"sl_SI","og_type":"article","og_title":"Vrhunsko tesnilo iz betona in kamna z barvnim poglabljanjem - ne diha","og_description":"Vrhunsko tesnjenje betona in kamna - izvedite ve\u010d o na\u0161em vrhunskem tesnjenju iz betona in kamna z nanotehnologijo in poglabljanjem barv","og_url":"https:\/\/www.versiegelung24.com\/sl\/premium-beton-kamen-tesnjenje-ekstremno-vodoodbojnost-ne-diha.html","og_site_name":"versiegelung24.com","article_modified_time":"2025-01-03T23:09:47+00:00","og_image":[{"width":2560,"height":2560,"url":"https:\/\/www.versiegelung24.com\/wp-content\/uploads\/2020\/06\/produkt-3008-704-1000-Beton-Stein-Versiegelung-extreme-Wasserabweisung-nicht-atmungsaktiv-scaled.jpg","type":"image\/jpeg"}],"twitter_card":"summary_large_image","twitter_misc":{"Availability":"In stock"},"schema":{"@context":"https:\/\/schema.org","@graph":[{"@type":"WebPage","@id":"https:\/\/www.versiegelung24.com\/sl\/premium-beton-kamen-tesnjenje-ekstremno-vodoodbojnost-ne-diha.html","url":"https:\/\/www.versiegelung24.com\/sl\/premium-beton-kamen-tesnjenje-ekstremno-vodoodbojnost-ne-diha.html","name":"Vrhunsko tesnjenje betona in kamna z barvnim poglobitvijo - versiegelung24","isPartOf":{"@id":"https:\/\/www.versiegelung24.com\/sl\/#website"},"primaryImageOfPage":{"@id":"https:\/\/www.versiegelung24.com\/sl\/premium-beton-kamen-tesnjenje-ekstremno-vodoodbojnost-ne-diha.html#primaryimage"},"image":{"@id":"https:\/\/www.versiegelung24.com\/sl\/premium-beton-kamen-tesnjenje-ekstremno-vodoodbojnost-ne-diha.html#primaryimage"},"thumbnailUrl":"https:\/\/www.versiegelung24.com\/wp-content\/uploads\/2020\/06\/produkt-3008-704-1000-Beton-Stein-Versiegelung-extreme-Wasserabweisung-nicht-atmungsaktiv-scaled.jpg","datePublished":"2021-08-02T20:58:33+00:00","dateModified":"2025-01-03T23:09:47+00:00","description":"Vrhunsko tesnjenje betona in kamna - izvedite ve\u010d o na\u0161em vrhunskem tesnjenju iz betona in kamna z nanotehnologijo in poglabljanjem barv","breadcrumb":{"@id":"https:\/\/www.versiegelung24.com\/sl\/premium-beton-kamen-tesnjenje-ekstremno-vodoodbojnost-ne-diha.html#breadcrumb"},"inLanguage":"sl-SI","potentialAction":[{"@type":"ReadAction","target":["https:\/\/www.versiegelung24.com\/sl\/premium-beton-kamen-tesnjenje-ekstremno-vodoodbojnost-ne-diha.html"]}]},{"@type":"ImageObject","inLanguage":"sl-SI","@id":"https:\/\/www.versiegelung24.com\/sl\/premium-beton-kamen-tesnjenje-ekstremno-vodoodbojnost-ne-diha.html#primaryimage","url":"https:\/\/www.versiegelung24.com\/wp-content\/uploads\/2020\/06\/produkt-3008-704-1000-Beton-Stein-Versiegelung-extreme-Wasserabweisung-nicht-atmungsaktiv-scaled.jpg","contentUrl":"https:\/\/www.versiegelung24.com\/wp-content\/uploads\/2020\/06\/produkt-3008-704-1000-Beton-Stein-Versiegelung-extreme-Wasserabweisung-nicht-atmungsaktiv-scaled.jpg","width":2560,"height":2560},{"@type":"BreadcrumbList","@id":"https:\/\/www.versiegelung24.com\/sl\/premium-beton-kamen-tesnjenje-ekstremno-vodoodbojnost-ne-diha.html#breadcrumb","itemListElement":[{"@type":"ListItem","position":1,"name":"Doma\u010da stran","item":"https:\/\/www.versiegelung24.com\/sl\/spredaj\/"},{"@type":"ListItem","position":2,"name":"Nakupujte","item":"https:\/\/www.versiegelung24.com\/sl\/nakupujte\/"},{"@type":"ListItem","position":3,"name":"Vrhunsko tesnilo iz betona in kamna z barvnim poglabljanjem &#8211; ne diha"}]},{"@type":"WebSite","@id":"https:\/\/www.versiegelung24.com\/sl\/#website","url":"https:\/\/www.versiegelung24.com\/sl\/","name":"versiegelung24.com","description":"Fl\u00fcssigglas-Versiegelung - Made in Germany","publisher":{"@id":"https:\/\/www.versiegelung24.com\/sl\/#organization"},"potentialAction":[{"@type":"SearchAction","target":{"@type":"EntryPoint","urlTemplate":"https:\/\/www.versiegelung24.com\/sl\/?s={search_term_string}"},"query-input":{"@type":"PropertyValueSpecification","valueRequired":true,"valueName":"search_term_string"}}],"inLanguage":"sl-SI"},{"@type":"Organization","@id":"https:\/\/www.versiegelung24.com\/sl\/#organization","name":"versiegelung24","url":"https:\/\/www.versiegelung24.com\/sl\/","logo":{"@type":"ImageObject","inLanguage":"sl-SI","@id":"https:\/\/www.versiegelung24.com\/sl\/#\/schema\/logo\/image\/","url":"https:\/\/www.versiegelung24.com\/wp-content\/uploads\/2020\/04\/versiegelung24.png","contentUrl":"https:\/\/www.versiegelung24.com\/wp-content\/uploads\/2020\/04\/versiegelung24.png","width":470,"height":102,"caption":"versiegelung24"},"image":{"@id":"https:\/\/www.versiegelung24.com\/sl\/#\/schema\/logo\/image\/"}}]},"og_availability":"instock","product_availability":"instock","product_retailer_item_id":"3008-704","product_condition":"new"},"_links":{"self":[{"href":"https:\/\/www.versiegelung24.com\/sl\/wp-json\/wp\/v2\/product\/24697","targetHints":{"allow":["GET"]}}],"collection":[{"href":"https:\/\/www.versiegelung24.com\/sl\/wp-json\/wp\/v2\/product"}],"about":[{"href":"https:\/\/www.versiegelung24.com\/sl\/wp-json\/wp\/v2\/types\/product"}],"version-history":[{"count":25,"href":"https:\/\/www.versiegelung24.com\/sl\/wp-json\/wp\/v2\/product\/24697\/revisions"}],"predecessor-version":[{"id":177047,"href":"https:\/\/www.versiegelung24.com\/sl\/wp-json\/wp\/v2\/product\/24697\/revisions\/177047"}],"wp:featuredmedia":[{"embeddable":true,"href":"https:\/\/www.versiegelung24.com\/sl\/wp-json\/wp\/v2\/media\/18125"}],"wp:attachment":[{"href":"https:\/\/www.versiegelung24.com\/sl\/wp-json\/wp\/v2\/media?parent=24697"}],"wp:term":[{"taxonomy":"product_brand","embeddable":true,"href":"https:\/\/www.versiegelung24.com\/sl\/wp-json\/wp\/v2\/product_brand?post=24697"},{"taxonomy":"product_cat","embeddable":true,"href":"https:\/\/www.versiegelung24.com\/sl\/wp-json\/wp\/v2\/product_cat?post=24697"},{"taxonomy":"product_tag","embeddable":true,"href":"https:\/\/www.versiegelung24.com\/sl\/wp-json\/wp\/v2\/product_tag?post=24697"}],"curies":[{"name":"wp","href":"https:\/\/api.w.org\/{rel}","templated":true}]}}