{"id":24749,"date":"2020-04-29T20:51:46","date_gmt":"2020-04-29T18:51:46","guid":{"rendered":"https:\/\/www.versiegelung24.com\/produkt\/vzorec-betonsko-tesnjenje-z-globinskim-ucinkom"},"modified":"2025-01-05T15:41:22","modified_gmt":"2025-01-05T14:41:22","slug":"vzorec-beton-tesnjenje-z-globinskim-ucinkom","status":"publish","type":"product","link":"https:\/\/www.versiegelung24.com\/sl\/vzorec-beton-tesnjenje-z-globinskim-ucinkom.html","title":{"rendered":"Vzorec: tesnilna masa za beton z globinskim u\u010dinkom &#8211; 3001-7620"},"content":{"rendered":"<p>Vzorec na\u0161ega<a href=\"https:\/\/www.versiegelung24.com\/stein\/betonversiegelung.html\"> Tesnjenje betona<\/a> za preskusno uporabo ali tesnjenje manj\u0161ih povr\u0161in.<\/p>\n","protected":false},"excerpt":{"rendered":"<p><strong>Za vse povr\u0161ine iz mineralnega kamna, kot so beton, zid, mineralni omet in tlakovci<\/strong>  <\/p>\n<p>\u2713 Vodoodbojna in proti obrabi nano prevleka z u\u010dinkom lotosa (vodoodbojna)<\/p>\n<p>\u2713 Enostaven za \u010di\u0161\u010denje: umazanija se ne lepi in jo je mogo\u010de enostavno odstraniti<\/p>\n<p>\u2713 Popolnoma neviden: brez sprememb v videzu in ob\u010dutku povr\u0161ine<\/p>\n<p>\u2713 Povr\u0161ina ostane zra\u010dna<\/p>\n<p>\u2713 Prepre\u010duje rast mahu, li\u0161ajev, gliv in \u0161tevilnih drugih naravnih vplivov<\/p>\n","protected":false},"featured_media":14620,"template":"","meta":{"_acf_changed":false,"neve_meta_sidebar":"","neve_meta_container":"","neve_meta_enable_content_width":"","neve_meta_content_width":0,"neve_meta_title_alignment":"","neve_meta_author_avatar":"","neve_post_elements_order":"","neve_meta_disable_header":"","neve_meta_disable_footer":"","neve_meta_disable_title":"","neve_meta_reading_time":"","_surfaces":[],"_ver_product_tabs":[],"footnotes":""},"product_brand":[],"product_cat":[2651],"product_tag":[],"class_list":{"0":"post-24749","1":"product","2":"type-product","3":"status-publish","4":"has-post-thumbnail","6":"product_cat-predlogo","7":"pa_gebinde-50-ml-steklenica","8":"pa_gebinde-100-ml-steklenica","10":"first","11":"instock","12":"sold-individually","13":"taxable","14":"shipping-taxable","15":"purchasable","16":"product-type-simple"},"acf":[],"yoast_head":"<!-- This site is optimized with the Yoast SEO Premium plugin v22.8 (Yoast SEO v27.3) - https:\/\/yoast.com\/product\/yoast-seo-premium-wordpress\/ -->\n<title>Vzorec: tesnilna masa za beton z globinskim u\u010dinkom - 3001-7620 - versiegelung24.com<\/title>\n<meta name=\"robots\" content=\"index, follow, max-snippet:-1, max-image-preview:large, max-video-preview:-1\" \/>\n<link rel=\"canonical\" href=\"https:\/\/www.versiegelung24.com\/sl\/vzorec-beton-tesnjenje-z-globinskim-ucinkom.html\" \/>\n<meta property=\"og:locale\" content=\"sl_SI\" \/>\n<meta property=\"og:type\" content=\"article\" \/>\n<meta property=\"og:title\" content=\"Vzorec: tesnilna masa za beton z globinskim u\u010dinkom - 3001-7620\" \/>\n<meta property=\"og:description\" content=\"Za vse povr\u0161ine iz mineralnega kamna, kot so beton, zid, mineralni omet in tlakovci  \u2713 Vodoodbojna in proti obrabi nano prevleka z u\u010dinkom lotosa (vodoodbojna) \u2713 Enostaven za \u010di\u0161\u010denje: umazanija se ne lepi in jo je mogo\u010de enostavno odstraniti \u2713 Popolnoma neviden: brez sprememb v videzu in ob\u010dutku povr\u0161ine \u2713 Povr\u0161ina ostane zra\u010dna \u2713 Prepre\u010duje rast mahu, li\u0161ajev, gliv in \u0161tevilnih drugih naravnih vplivov\" \/>\n<meta property=\"og:url\" content=\"https:\/\/www.versiegelung24.com\/sl\/vzorec-beton-tesnjenje-z-globinskim-ucinkom.html\" \/>\n<meta property=\"og:site_name\" content=\"versiegelung24.com\" \/>\n<meta property=\"article:modified_time\" content=\"2025-01-05T14:41:22+00:00\" \/>\n<meta property=\"og:image\" content=\"https:\/\/www.versiegelung24.com\/wp-content\/uploads\/2020\/04\/versiegelung-muster.png\" \/>\n\t<meta property=\"og:image:width\" content=\"1000\" \/>\n\t<meta property=\"og:image:height\" content=\"1000\" \/>\n\t<meta property=\"og:image:type\" content=\"image\/png\" \/>\n<meta name=\"twitter:card\" content=\"summary_large_image\" \/>\n<meta name=\"twitter:label1\" content=\"Price\" \/>\n\t<meta name=\"twitter:data1\" content=\"14,99&euro;\" \/>\n\t<meta name=\"twitter:label2\" content=\"Availability\" \/>\n\t<meta name=\"twitter:data2\" content=\"In stock\" \/>\n<script type=\"application\/ld+json\" class=\"yoast-schema-graph\">{\"@context\":\"https:\\\/\\\/schema.org\",\"@graph\":[{\"@type\":\"WebPage\",\"@id\":\"https:\\\/\\\/www.versiegelung24.com\\\/sl\\\/vzorec-beton-tesnjenje-z-globinskim-ucinkom.html\",\"url\":\"https:\\\/\\\/www.versiegelung24.com\\\/sl\\\/vzorec-beton-tesnjenje-z-globinskim-ucinkom.html\",\"name\":\"Vzorec: tesnilna masa za beton z globinskim u\u010dinkom - 3001-7620 - versiegelung24.com\",\"isPartOf\":{\"@id\":\"https:\\\/\\\/www.versiegelung24.com\\\/sl\\\/#website\"},\"primaryImageOfPage\":{\"@id\":\"https:\\\/\\\/www.versiegelung24.com\\\/sl\\\/vzorec-beton-tesnjenje-z-globinskim-ucinkom.html#primaryimage\"},\"image\":{\"@id\":\"https:\\\/\\\/www.versiegelung24.com\\\/sl\\\/vzorec-beton-tesnjenje-z-globinskim-ucinkom.html#primaryimage\"},\"thumbnailUrl\":\"https:\\\/\\\/www.versiegelung24.com\\\/wp-content\\\/uploads\\\/2020\\\/04\\\/versiegelung-muster.png\",\"datePublished\":\"2020-04-29T18:51:46+00:00\",\"dateModified\":\"2025-01-05T14:41:22+00:00\",\"breadcrumb\":{\"@id\":\"https:\\\/\\\/www.versiegelung24.com\\\/sl\\\/vzorec-beton-tesnjenje-z-globinskim-ucinkom.html#breadcrumb\"},\"inLanguage\":\"sl-SI\",\"potentialAction\":[{\"@type\":\"ReadAction\",\"target\":[\"https:\\\/\\\/www.versiegelung24.com\\\/sl\\\/vzorec-beton-tesnjenje-z-globinskim-ucinkom.html\"]}]},{\"@type\":\"ImageObject\",\"inLanguage\":\"sl-SI\",\"@id\":\"https:\\\/\\\/www.versiegelung24.com\\\/sl\\\/vzorec-beton-tesnjenje-z-globinskim-ucinkom.html#primaryimage\",\"url\":\"https:\\\/\\\/www.versiegelung24.com\\\/wp-content\\\/uploads\\\/2020\\\/04\\\/versiegelung-muster.png\",\"contentUrl\":\"https:\\\/\\\/www.versiegelung24.com\\\/wp-content\\\/uploads\\\/2020\\\/04\\\/versiegelung-muster.png\",\"width\":1000,\"height\":1000},{\"@type\":\"BreadcrumbList\",\"@id\":\"https:\\\/\\\/www.versiegelung24.com\\\/sl\\\/vzorec-beton-tesnjenje-z-globinskim-ucinkom.html#breadcrumb\",\"itemListElement\":[{\"@type\":\"ListItem\",\"position\":1,\"name\":\"Doma\u010da stran\",\"item\":\"https:\\\/\\\/www.versiegelung24.com\\\/sl\\\/spredaj\\\/\"},{\"@type\":\"ListItem\",\"position\":2,\"name\":\"Nakupujte\",\"item\":\"https:\\\/\\\/www.versiegelung24.com\\\/sl\\\/nakupujte\\\/\"},{\"@type\":\"ListItem\",\"position\":3,\"name\":\"Vzorec: tesnilna masa za beton z globinskim u\u010dinkom &#8211; 3001-7620\"}]},{\"@type\":\"WebSite\",\"@id\":\"https:\\\/\\\/www.versiegelung24.com\\\/sl\\\/#website\",\"url\":\"https:\\\/\\\/www.versiegelung24.com\\\/sl\\\/\",\"name\":\"versiegelung24.com\",\"description\":\"Fl\u00fcssigglas-Versiegelung - Made in Germany\",\"publisher\":{\"@id\":\"https:\\\/\\\/www.versiegelung24.com\\\/sl\\\/#organization\"},\"potentialAction\":[{\"@type\":\"SearchAction\",\"target\":{\"@type\":\"EntryPoint\",\"urlTemplate\":\"https:\\\/\\\/www.versiegelung24.com\\\/sl\\\/?s={search_term_string}\"},\"query-input\":{\"@type\":\"PropertyValueSpecification\",\"valueRequired\":true,\"valueName\":\"search_term_string\"}}],\"inLanguage\":\"sl-SI\"},{\"@type\":\"Organization\",\"@id\":\"https:\\\/\\\/www.versiegelung24.com\\\/sl\\\/#organization\",\"name\":\"versiegelung24\",\"url\":\"https:\\\/\\\/www.versiegelung24.com\\\/sl\\\/\",\"logo\":{\"@type\":\"ImageObject\",\"inLanguage\":\"sl-SI\",\"@id\":\"https:\\\/\\\/www.versiegelung24.com\\\/sl\\\/#\\\/schema\\\/logo\\\/image\\\/\",\"url\":\"https:\\\/\\\/www.versiegelung24.com\\\/wp-content\\\/uploads\\\/2020\\\/04\\\/versiegelung24.png\",\"contentUrl\":\"https:\\\/\\\/www.versiegelung24.com\\\/wp-content\\\/uploads\\\/2020\\\/04\\\/versiegelung24.png\",\"width\":470,\"height\":102,\"caption\":\"versiegelung24\"},\"image\":{\"@id\":\"https:\\\/\\\/www.versiegelung24.com\\\/sl\\\/#\\\/schema\\\/logo\\\/image\\\/\"}}]}<\/script>\n<meta property=\"product:price:amount\" content=\"14.99\" \/>\n<meta property=\"product:price:currency\" content=\"EUR\" \/>\n<meta property=\"og:availability\" content=\"instock\" \/>\n<meta property=\"product:availability\" content=\"instock\" \/>\n<meta property=\"product:retailer_item_id\" content=\"3001-7620-muster\" \/>\n<meta property=\"product:condition\" content=\"new\" \/>\n<!-- \/ Yoast SEO Premium plugin. -->","yoast_head_json":{"title":"Vzorec: tesnilna masa za beton z globinskim u\u010dinkom - 3001-7620 - versiegelung24.com","robots":{"index":"index","follow":"follow","max-snippet":"max-snippet:-1","max-image-preview":"max-image-preview:large","max-video-preview":"max-video-preview:-1"},"canonical":"https:\/\/www.versiegelung24.com\/sl\/vzorec-beton-tesnjenje-z-globinskim-ucinkom.html","og_locale":"sl_SI","og_type":"article","og_title":"Vzorec: tesnilna masa za beton z globinskim u\u010dinkom - 3001-7620","og_description":"Za vse povr\u0161ine iz mineralnega kamna, kot so beton, zid, mineralni omet in tlakovci  \u2713 Vodoodbojna in proti obrabi nano prevleka z u\u010dinkom lotosa (vodoodbojna) \u2713 Enostaven za \u010di\u0161\u010denje: umazanija se ne lepi in jo je mogo\u010de enostavno odstraniti \u2713 Popolnoma neviden: brez sprememb v videzu in ob\u010dutku povr\u0161ine \u2713 Povr\u0161ina ostane zra\u010dna \u2713 Prepre\u010duje rast mahu, li\u0161ajev, gliv in \u0161tevilnih drugih naravnih vplivov","og_url":"https:\/\/www.versiegelung24.com\/sl\/vzorec-beton-tesnjenje-z-globinskim-ucinkom.html","og_site_name":"versiegelung24.com","article_modified_time":"2025-01-05T14:41:22+00:00","og_image":[{"width":1000,"height":1000,"url":"https:\/\/www.versiegelung24.com\/wp-content\/uploads\/2020\/04\/versiegelung-muster.png","type":"image\/png"}],"twitter_card":"summary_large_image","twitter_misc":{"Price":"14,99&euro;","Availability":"In stock"},"schema":{"@context":"https:\/\/schema.org","@graph":[{"@type":"WebPage","@id":"https:\/\/www.versiegelung24.com\/sl\/vzorec-beton-tesnjenje-z-globinskim-ucinkom.html","url":"https:\/\/www.versiegelung24.com\/sl\/vzorec-beton-tesnjenje-z-globinskim-ucinkom.html","name":"Vzorec: tesnilna masa za beton z globinskim u\u010dinkom - 3001-7620 - versiegelung24.com","isPartOf":{"@id":"https:\/\/www.versiegelung24.com\/sl\/#website"},"primaryImageOfPage":{"@id":"https:\/\/www.versiegelung24.com\/sl\/vzorec-beton-tesnjenje-z-globinskim-ucinkom.html#primaryimage"},"image":{"@id":"https:\/\/www.versiegelung24.com\/sl\/vzorec-beton-tesnjenje-z-globinskim-ucinkom.html#primaryimage"},"thumbnailUrl":"https:\/\/www.versiegelung24.com\/wp-content\/uploads\/2020\/04\/versiegelung-muster.png","datePublished":"2020-04-29T18:51:46+00:00","dateModified":"2025-01-05T14:41:22+00:00","breadcrumb":{"@id":"https:\/\/www.versiegelung24.com\/sl\/vzorec-beton-tesnjenje-z-globinskim-ucinkom.html#breadcrumb"},"inLanguage":"sl-SI","potentialAction":[{"@type":"ReadAction","target":["https:\/\/www.versiegelung24.com\/sl\/vzorec-beton-tesnjenje-z-globinskim-ucinkom.html"]}]},{"@type":"ImageObject","inLanguage":"sl-SI","@id":"https:\/\/www.versiegelung24.com\/sl\/vzorec-beton-tesnjenje-z-globinskim-ucinkom.html#primaryimage","url":"https:\/\/www.versiegelung24.com\/wp-content\/uploads\/2020\/04\/versiegelung-muster.png","contentUrl":"https:\/\/www.versiegelung24.com\/wp-content\/uploads\/2020\/04\/versiegelung-muster.png","width":1000,"height":1000},{"@type":"BreadcrumbList","@id":"https:\/\/www.versiegelung24.com\/sl\/vzorec-beton-tesnjenje-z-globinskim-ucinkom.html#breadcrumb","itemListElement":[{"@type":"ListItem","position":1,"name":"Doma\u010da stran","item":"https:\/\/www.versiegelung24.com\/sl\/spredaj\/"},{"@type":"ListItem","position":2,"name":"Nakupujte","item":"https:\/\/www.versiegelung24.com\/sl\/nakupujte\/"},{"@type":"ListItem","position":3,"name":"Vzorec: tesnilna masa za beton z globinskim u\u010dinkom &#8211; 3001-7620"}]},{"@type":"WebSite","@id":"https:\/\/www.versiegelung24.com\/sl\/#website","url":"https:\/\/www.versiegelung24.com\/sl\/","name":"versiegelung24.com","description":"Fl\u00fcssigglas-Versiegelung - Made in Germany","publisher":{"@id":"https:\/\/www.versiegelung24.com\/sl\/#organization"},"potentialAction":[{"@type":"SearchAction","target":{"@type":"EntryPoint","urlTemplate":"https:\/\/www.versiegelung24.com\/sl\/?s={search_term_string}"},"query-input":{"@type":"PropertyValueSpecification","valueRequired":true,"valueName":"search_term_string"}}],"inLanguage":"sl-SI"},{"@type":"Organization","@id":"https:\/\/www.versiegelung24.com\/sl\/#organization","name":"versiegelung24","url":"https:\/\/www.versiegelung24.com\/sl\/","logo":{"@type":"ImageObject","inLanguage":"sl-SI","@id":"https:\/\/www.versiegelung24.com\/sl\/#\/schema\/logo\/image\/","url":"https:\/\/www.versiegelung24.com\/wp-content\/uploads\/2020\/04\/versiegelung24.png","contentUrl":"https:\/\/www.versiegelung24.com\/wp-content\/uploads\/2020\/04\/versiegelung24.png","width":470,"height":102,"caption":"versiegelung24"},"image":{"@id":"https:\/\/www.versiegelung24.com\/sl\/#\/schema\/logo\/image\/"}}]},"product_price_amount":"14.99","product_price_currency":"EUR","og_availability":"instock","product_availability":"instock","product_retailer_item_id":"3001-7620-muster","product_condition":"new"},"_links":{"self":[{"href":"https:\/\/www.versiegelung24.com\/sl\/wp-json\/wp\/v2\/product\/24749","targetHints":{"allow":["GET"]}}],"collection":[{"href":"https:\/\/www.versiegelung24.com\/sl\/wp-json\/wp\/v2\/product"}],"about":[{"href":"https:\/\/www.versiegelung24.com\/sl\/wp-json\/wp\/v2\/types\/product"}],"version-history":[{"count":2,"href":"https:\/\/www.versiegelung24.com\/sl\/wp-json\/wp\/v2\/product\/24749\/revisions"}],"predecessor-version":[{"id":141024,"href":"https:\/\/www.versiegelung24.com\/sl\/wp-json\/wp\/v2\/product\/24749\/revisions\/141024"}],"wp:featuredmedia":[{"embeddable":true,"href":"https:\/\/www.versiegelung24.com\/sl\/wp-json\/wp\/v2\/media\/14620"}],"wp:attachment":[{"href":"https:\/\/www.versiegelung24.com\/sl\/wp-json\/wp\/v2\/media?parent=24749"}],"wp:term":[{"taxonomy":"product_brand","embeddable":true,"href":"https:\/\/www.versiegelung24.com\/sl\/wp-json\/wp\/v2\/product_brand?post=24749"},{"taxonomy":"product_cat","embeddable":true,"href":"https:\/\/www.versiegelung24.com\/sl\/wp-json\/wp\/v2\/product_cat?post=24749"},{"taxonomy":"product_tag","embeddable":true,"href":"https:\/\/www.versiegelung24.com\/sl\/wp-json\/wp\/v2\/product_tag?post=24749"}],"curies":[{"name":"wp","href":"https:\/\/api.w.org\/{rel}","templated":true}]}}