{"id":24926,"date":"2021-03-16T00:06:08","date_gmt":"2021-08-02T21:14:53","guid":{"rendered":"https:\/\/www.versiegelung24.com\/produkt\/dezinfekcija-cevljev-pedexan"},"modified":"2025-01-13T16:32:59","modified_gmt":"2025-01-13T15:32:59","slug":"dezinfekcija-cevljev-pedexan","status":"publish","type":"product","link":"https:\/\/www.versiegelung24.com\/sl\/dezinfekcija-cevljev-pedexan.html","title":{"rendered":"Pedexan dezinfekcija \u010devljev z dolgotrajnim u\u010dinkom 125 ml razpr\u0161ilna stekleni\u010dka s \u010drpalko"},"content":{"rendered":"\n<h2 class=\"wp-block-heading\" id=\"pedexan-schuhdesinfektion-alaska-frische-fur-die-schuhe\">Dezinfekcija \u010devljev Pedexan &#8211; Alja\u0161ka sve\u017eina za \u010devlje<\/h2>\n\n<p><strong>125 ml stekleni\u010dka s \u010drpalko za enostavno uporabo doma ali na poti<\/strong><\/p>\n\n<p>\u010ce se delovni \u010devlji ali prilo\u017enostni \u010devlji uporabljajo v dalj\u0161em \u010dasovnem obdobju, se pogosto ustvari idealno okolje za razmno\u017eevanje bakterij in gliv ter neprijetne vonjave.<\/p>\n\n<p>Tudi s sve\u017eimi nogavicami in zra\u010denjem \u010devljev ostane neprijeten smrad in lahko celo povzro\u010di neprijetne oku\u017ebe na nogah.<\/p>\n\n<p>Tu lahko pomaga razku\u017eevanje \u010devljev <strong>Pedexan<\/strong> . Bakterije in glive se u\u010dinkovito odstranijo, z dolgotrajnim u\u010dinkom pa prepre\u010di nastanek novih.<\/p>\n\n<p>Pedexan s svojim alja\u0161kim vonjem zagotavlja prijetno sve\u017eino in je celo biokompatibilen.<\/p>\n\n<hr \/>\n\n<h4 class=\"wp-block-heading\" id=\"application\">Aplikacija<\/h4>\n\n<p>Aplikacija je zelo preprosta:<\/p>\n\n<p><br \/><br \/><br \/>&#8211; Notranjost \u010devljev popr\u0161ite na prostem. &#8211; Za prvo uporabo priporo\u010damo od 5 do 10 razpr\u0161itev. &#8211; Razku\u017eilo za \u010devlje Pedexan uporabljajte 1-2 krat tedensko ali po potrebi. &#8211; Po \u017eelji napolnite z<a href=\"https:\/\/www.versiegelung24.com\/sl\/steklenicka-za-ponovno-polnjenje-za-razkuzevanje-cevljev-pedexan.html\">1-litrsko plastenko Pedexan za razku\u017eevanje \u010devljev.<\/a><\/p>\n\n<hr \/>\n\n<h4 class=\"wp-block-heading\" id=\"advisor\">Svetovalec<\/h4>\n\n<p><strong>Varnostni nasvet:<\/strong><\/p>\n\n<p>Ne pozabite opozoriti! Med zdravljenjem zagotovite ustrezno prezra\u010devanje. Lahko vnetljiva teko\u010dina in hlapi. Povzro\u010da hudo dra\u017eenje o\u010di. Hranite lo\u010deno od toplote, vro\u010dih povr\u0161in, isker, odprtega ognja in drugih virov v\u017eiga. Ne kadite. Shranjujte na hladnem in dobro prezra\u010devanem mestu. \u010ce je potreben zdravni\u0161ki nasvet, pripravite embala\u017eo ali etiketo. Hranite zunaj dosega otrok.<\/p>\n\n<p>Lahko se uporablja za vse notranje povr\u0161ine \u010devljev. \u010ce ste v dvomih, preizkusite Pedexan na nevidnem mestu.<\/p>\n\n<p>Skladi\u0161\u010denje samo v zaprti posodi. Posodo lahko reciklirate le, ko je popolnoma prazna. Ne uporabljajte po izteku roka uporabnosti.<\/p>\n\n<p>Biocid Reg.No.: N-25889<\/p>\n\n<p>Pomembno: Biocidne pripravke uporabljajte previdno. Pred uporabo vedno preberite etiketo in podatke o izdelku.<\/p>\n","protected":false},"excerpt":{"rendered":"<p>Dezinfekcija \u010devljev Pedexan &#8211; Alja\u0161ka sve\u017eina za \u010devlje 125 ml stekleni\u010dka s \u010drpalko za enostavno uporabo doma ali na poti \u010ce se delovni \u010devlji ali prilo\u017enostni \u010devlji uporabljajo v dalj\u0161em \u010dasovnem obdobju, se pogosto ustvari idealno okolje za razmno\u017eevanje bakterij in gliv ter neprijetne vonjave. Tudi s sve\u017eimi nogavicami in zra\u010denjem \u010devljev ostane neprijeten smrad&hellip;&nbsp;<a href=\"https:\/\/www.versiegelung24.com\/sl\/dezinfekcija-cevljev-pedexan.html\" rel=\"bookmark\">Read More &raquo;<span class=\"screen-reader-text\">Pedexan dezinfekcija \u010devljev z dolgotrajnim u\u010dinkom 125 ml razpr\u0161ilna stekleni\u010dka s \u010drpalko<\/span><\/a><\/p>\n","protected":false},"featured_media":21914,"template":"","meta":{"_acf_changed":false,"neve_meta_sidebar":"","neve_meta_container":"","neve_meta_enable_content_width":"","neve_meta_content_width":0,"neve_meta_title_alignment":"","neve_meta_author_avatar":"","neve_post_elements_order":"","neve_meta_disable_header":"","neve_meta_disable_footer":"","neve_meta_disable_title":"","neve_meta_reading_time":"","_surfaces":[],"_ver_product_tabs":[],"footnotes":""},"product_brand":[],"product_cat":[2258,2858],"product_tag":[],"class_list":{"0":"post-24926","1":"product","2":"type-product","3":"status-publish","4":"has-post-thumbnail","6":"product_cat-razkuzila","7":"product_cat-razkuzila-za-cevlje","9":"first","10":"instock","11":"taxable","12":"shipping-taxable","13":"purchasable","14":"product-type-simple"},"acf":[],"yoast_head":"<!-- This site is optimized with the Yoast SEO Premium plugin v22.8 (Yoast SEO v27.5) - https:\/\/yoast.com\/product\/yoast-seo-premium-wordpress\/ -->\n<title>Pedexan dezinfekcija \u010devljev z dolgotrajnim u\u010dinkom 125 ml razpr\u0161ilna stekleni\u010dka s \u010drpalko - versiegelung24.com<\/title>\n<meta name=\"description\" content=\"Dezinfekcija \u010devljev Pedexan - re\u0161itev proti neprijetnim vonjavam ter bakterijam in glivam.\" \/>\n<meta name=\"robots\" content=\"index, follow, max-snippet:-1, max-image-preview:large, max-video-preview:-1\" \/>\n<link rel=\"canonical\" href=\"https:\/\/www.versiegelung24.com\/sl\/dezinfekcija-cevljev-pedexan.html\" \/>\n<meta property=\"og:locale\" content=\"sl_SI\" \/>\n<meta property=\"og:type\" content=\"article\" \/>\n<meta property=\"og:title\" content=\"Pedexan dezinfekcija \u010devljev z dolgotrajnim u\u010dinkom 125 ml razpr\u0161ilna stekleni\u010dka s \u010drpalko\" \/>\n<meta property=\"og:description\" content=\"Dezinfekcija \u010devljev Pedexan - re\u0161itev proti neprijetnim vonjavam ter bakterijam in glivam.\" \/>\n<meta property=\"og:url\" content=\"https:\/\/www.versiegelung24.com\/sl\/dezinfekcija-cevljev-pedexan.html\" \/>\n<meta property=\"og:site_name\" content=\"versiegelung24.com\" \/>\n<meta property=\"article:modified_time\" content=\"2025-01-13T15:32:59+00:00\" \/>\n<meta property=\"og:image\" content=\"https:\/\/www.versiegelung24.com\/wp-content\/uploads\/2021\/03\/pedexan-schuhdesinfektion-125ml.png\" \/>\n\t<meta property=\"og:image:width\" content=\"700\" \/>\n\t<meta property=\"og:image:height\" content=\"700\" \/>\n\t<meta property=\"og:image:type\" content=\"image\/png\" \/>\n<meta name=\"twitter:card\" content=\"summary_large_image\" \/>\n<meta name=\"twitter:label1\" content=\"Price\" \/>\n\t<meta name=\"twitter:data1\" content=\"10,99&euro;\" \/>\n\t<meta name=\"twitter:label2\" content=\"Availability\" \/>\n\t<meta name=\"twitter:data2\" content=\"In stock\" \/>\n<script type=\"application\/ld+json\" class=\"yoast-schema-graph\">{\"@context\":\"https:\\\/\\\/schema.org\",\"@graph\":[{\"@type\":\"WebPage\",\"@id\":\"https:\\\/\\\/www.versiegelung24.com\\\/sl\\\/dezinfekcija-cevljev-pedexan.html\",\"url\":\"https:\\\/\\\/www.versiegelung24.com\\\/sl\\\/dezinfekcija-cevljev-pedexan.html\",\"name\":\"Pedexan dezinfekcija \u010devljev z dolgotrajnim u\u010dinkom 125 ml razpr\u0161ilna stekleni\u010dka s \u010drpalko - versiegelung24.com\",\"isPartOf\":{\"@id\":\"https:\\\/\\\/www.versiegelung24.com\\\/sl\\\/#website\"},\"primaryImageOfPage\":{\"@id\":\"https:\\\/\\\/www.versiegelung24.com\\\/sl\\\/dezinfekcija-cevljev-pedexan.html#primaryimage\"},\"image\":{\"@id\":\"https:\\\/\\\/www.versiegelung24.com\\\/sl\\\/dezinfekcija-cevljev-pedexan.html#primaryimage\"},\"thumbnailUrl\":\"https:\\\/\\\/www.versiegelung24.com\\\/wp-content\\\/uploads\\\/2021\\\/03\\\/pedexan-schuhdesinfektion-125ml.png\",\"datePublished\":\"2021-08-02T21:14:53+00:00\",\"dateModified\":\"2025-01-13T15:32:59+00:00\",\"description\":\"Dezinfekcija \u010devljev Pedexan - re\u0161itev proti neprijetnim vonjavam ter bakterijam in glivam.\",\"breadcrumb\":{\"@id\":\"https:\\\/\\\/www.versiegelung24.com\\\/sl\\\/dezinfekcija-cevljev-pedexan.html#breadcrumb\"},\"inLanguage\":\"sl-SI\",\"potentialAction\":[{\"@type\":\"ReadAction\",\"target\":[\"https:\\\/\\\/www.versiegelung24.com\\\/sl\\\/dezinfekcija-cevljev-pedexan.html\"]}]},{\"@type\":\"ImageObject\",\"inLanguage\":\"sl-SI\",\"@id\":\"https:\\\/\\\/www.versiegelung24.com\\\/sl\\\/dezinfekcija-cevljev-pedexan.html#primaryimage\",\"url\":\"https:\\\/\\\/www.versiegelung24.com\\\/wp-content\\\/uploads\\\/2021\\\/03\\\/pedexan-schuhdesinfektion-125ml.png\",\"contentUrl\":\"https:\\\/\\\/www.versiegelung24.com\\\/wp-content\\\/uploads\\\/2021\\\/03\\\/pedexan-schuhdesinfektion-125ml.png\",\"width\":700,\"height\":700},{\"@type\":\"BreadcrumbList\",\"@id\":\"https:\\\/\\\/www.versiegelung24.com\\\/sl\\\/dezinfekcija-cevljev-pedexan.html#breadcrumb\",\"itemListElement\":[{\"@type\":\"ListItem\",\"position\":1,\"name\":\"Doma\u010da stran\",\"item\":\"https:\\\/\\\/www.versiegelung24.com\\\/sl\\\/spredaj\\\/\"},{\"@type\":\"ListItem\",\"position\":2,\"name\":\"Nakupujte\",\"item\":\"https:\\\/\\\/www.versiegelung24.com\\\/sl\\\/nakupujte\\\/\"},{\"@type\":\"ListItem\",\"position\":3,\"name\":\"Pedexan dezinfekcija \u010devljev z dolgotrajnim u\u010dinkom 125 ml razpr\u0161ilna stekleni\u010dka s \u010drpalko\"}]},{\"@type\":\"WebSite\",\"@id\":\"https:\\\/\\\/www.versiegelung24.com\\\/sl\\\/#website\",\"url\":\"https:\\\/\\\/www.versiegelung24.com\\\/sl\\\/\",\"name\":\"versiegelung24.com\",\"description\":\"Fl\u00fcssigglas-Versiegelung - Made in Germany\",\"publisher\":{\"@id\":\"https:\\\/\\\/www.versiegelung24.com\\\/sl\\\/#organization\"},\"potentialAction\":[{\"@type\":\"SearchAction\",\"target\":{\"@type\":\"EntryPoint\",\"urlTemplate\":\"https:\\\/\\\/www.versiegelung24.com\\\/sl\\\/?s={search_term_string}\"},\"query-input\":{\"@type\":\"PropertyValueSpecification\",\"valueRequired\":true,\"valueName\":\"search_term_string\"}}],\"inLanguage\":\"sl-SI\"},{\"@type\":\"Organization\",\"@id\":\"https:\\\/\\\/www.versiegelung24.com\\\/sl\\\/#organization\",\"name\":\"versiegelung24\",\"url\":\"https:\\\/\\\/www.versiegelung24.com\\\/sl\\\/\",\"logo\":{\"@type\":\"ImageObject\",\"inLanguage\":\"sl-SI\",\"@id\":\"https:\\\/\\\/www.versiegelung24.com\\\/sl\\\/#\\\/schema\\\/logo\\\/image\\\/\",\"url\":\"https:\\\/\\\/www.versiegelung24.com\\\/wp-content\\\/uploads\\\/2020\\\/04\\\/versiegelung24.png\",\"contentUrl\":\"https:\\\/\\\/www.versiegelung24.com\\\/wp-content\\\/uploads\\\/2020\\\/04\\\/versiegelung24.png\",\"width\":470,\"height\":102,\"caption\":\"versiegelung24\"},\"image\":{\"@id\":\"https:\\\/\\\/www.versiegelung24.com\\\/sl\\\/#\\\/schema\\\/logo\\\/image\\\/\"}}]}<\/script>\n<meta property=\"product:price:amount\" content=\"10.99\" \/>\n<meta property=\"product:price:currency\" content=\"EUR\" \/>\n<meta property=\"og:availability\" content=\"instock\" \/>\n<meta property=\"product:availability\" content=\"instock\" \/>\n<meta property=\"product:retailer_item_id\" content=\"PED-125A\" \/>\n<meta property=\"product:condition\" content=\"new\" \/>\n<!-- \/ Yoast SEO Premium plugin. -->","yoast_head_json":{"title":"Pedexan dezinfekcija \u010devljev z dolgotrajnim u\u010dinkom 125 ml razpr\u0161ilna stekleni\u010dka s \u010drpalko - versiegelung24.com","description":"Dezinfekcija \u010devljev Pedexan - re\u0161itev proti neprijetnim vonjavam ter bakterijam in glivam.","robots":{"index":"index","follow":"follow","max-snippet":"max-snippet:-1","max-image-preview":"max-image-preview:large","max-video-preview":"max-video-preview:-1"},"canonical":"https:\/\/www.versiegelung24.com\/sl\/dezinfekcija-cevljev-pedexan.html","og_locale":"sl_SI","og_type":"article","og_title":"Pedexan dezinfekcija \u010devljev z dolgotrajnim u\u010dinkom 125 ml razpr\u0161ilna stekleni\u010dka s \u010drpalko","og_description":"Dezinfekcija \u010devljev Pedexan - re\u0161itev proti neprijetnim vonjavam ter bakterijam in glivam.","og_url":"https:\/\/www.versiegelung24.com\/sl\/dezinfekcija-cevljev-pedexan.html","og_site_name":"versiegelung24.com","article_modified_time":"2025-01-13T15:32:59+00:00","og_image":[{"width":700,"height":700,"url":"https:\/\/www.versiegelung24.com\/wp-content\/uploads\/2021\/03\/pedexan-schuhdesinfektion-125ml.png","type":"image\/png"}],"twitter_card":"summary_large_image","twitter_misc":{"Price":"10,99&euro;","Availability":"In stock"},"schema":{"@context":"https:\/\/schema.org","@graph":[{"@type":"WebPage","@id":"https:\/\/www.versiegelung24.com\/sl\/dezinfekcija-cevljev-pedexan.html","url":"https:\/\/www.versiegelung24.com\/sl\/dezinfekcija-cevljev-pedexan.html","name":"Pedexan dezinfekcija \u010devljev z dolgotrajnim u\u010dinkom 125 ml razpr\u0161ilna stekleni\u010dka s \u010drpalko - versiegelung24.com","isPartOf":{"@id":"https:\/\/www.versiegelung24.com\/sl\/#website"},"primaryImageOfPage":{"@id":"https:\/\/www.versiegelung24.com\/sl\/dezinfekcija-cevljev-pedexan.html#primaryimage"},"image":{"@id":"https:\/\/www.versiegelung24.com\/sl\/dezinfekcija-cevljev-pedexan.html#primaryimage"},"thumbnailUrl":"https:\/\/www.versiegelung24.com\/wp-content\/uploads\/2021\/03\/pedexan-schuhdesinfektion-125ml.png","datePublished":"2021-08-02T21:14:53+00:00","dateModified":"2025-01-13T15:32:59+00:00","description":"Dezinfekcija \u010devljev Pedexan - re\u0161itev proti neprijetnim vonjavam ter bakterijam in glivam.","breadcrumb":{"@id":"https:\/\/www.versiegelung24.com\/sl\/dezinfekcija-cevljev-pedexan.html#breadcrumb"},"inLanguage":"sl-SI","potentialAction":[{"@type":"ReadAction","target":["https:\/\/www.versiegelung24.com\/sl\/dezinfekcija-cevljev-pedexan.html"]}]},{"@type":"ImageObject","inLanguage":"sl-SI","@id":"https:\/\/www.versiegelung24.com\/sl\/dezinfekcija-cevljev-pedexan.html#primaryimage","url":"https:\/\/www.versiegelung24.com\/wp-content\/uploads\/2021\/03\/pedexan-schuhdesinfektion-125ml.png","contentUrl":"https:\/\/www.versiegelung24.com\/wp-content\/uploads\/2021\/03\/pedexan-schuhdesinfektion-125ml.png","width":700,"height":700},{"@type":"BreadcrumbList","@id":"https:\/\/www.versiegelung24.com\/sl\/dezinfekcija-cevljev-pedexan.html#breadcrumb","itemListElement":[{"@type":"ListItem","position":1,"name":"Doma\u010da stran","item":"https:\/\/www.versiegelung24.com\/sl\/spredaj\/"},{"@type":"ListItem","position":2,"name":"Nakupujte","item":"https:\/\/www.versiegelung24.com\/sl\/nakupujte\/"},{"@type":"ListItem","position":3,"name":"Pedexan dezinfekcija \u010devljev z dolgotrajnim u\u010dinkom 125 ml razpr\u0161ilna stekleni\u010dka s \u010drpalko"}]},{"@type":"WebSite","@id":"https:\/\/www.versiegelung24.com\/sl\/#website","url":"https:\/\/www.versiegelung24.com\/sl\/","name":"versiegelung24.com","description":"Fl\u00fcssigglas-Versiegelung - Made in Germany","publisher":{"@id":"https:\/\/www.versiegelung24.com\/sl\/#organization"},"potentialAction":[{"@type":"SearchAction","target":{"@type":"EntryPoint","urlTemplate":"https:\/\/www.versiegelung24.com\/sl\/?s={search_term_string}"},"query-input":{"@type":"PropertyValueSpecification","valueRequired":true,"valueName":"search_term_string"}}],"inLanguage":"sl-SI"},{"@type":"Organization","@id":"https:\/\/www.versiegelung24.com\/sl\/#organization","name":"versiegelung24","url":"https:\/\/www.versiegelung24.com\/sl\/","logo":{"@type":"ImageObject","inLanguage":"sl-SI","@id":"https:\/\/www.versiegelung24.com\/sl\/#\/schema\/logo\/image\/","url":"https:\/\/www.versiegelung24.com\/wp-content\/uploads\/2020\/04\/versiegelung24.png","contentUrl":"https:\/\/www.versiegelung24.com\/wp-content\/uploads\/2020\/04\/versiegelung24.png","width":470,"height":102,"caption":"versiegelung24"},"image":{"@id":"https:\/\/www.versiegelung24.com\/sl\/#\/schema\/logo\/image\/"}}]},"product_price_amount":"10.99","product_price_currency":"EUR","og_availability":"instock","product_availability":"instock","product_retailer_item_id":"PED-125A","product_condition":"new"},"_links":{"self":[{"href":"https:\/\/www.versiegelung24.com\/sl\/wp-json\/wp\/v2\/product\/24926","targetHints":{"allow":["GET"]}}],"collection":[{"href":"https:\/\/www.versiegelung24.com\/sl\/wp-json\/wp\/v2\/product"}],"about":[{"href":"https:\/\/www.versiegelung24.com\/sl\/wp-json\/wp\/v2\/types\/product"}],"version-history":[{"count":18,"href":"https:\/\/www.versiegelung24.com\/sl\/wp-json\/wp\/v2\/product\/24926\/revisions"}],"predecessor-version":[{"id":180409,"href":"https:\/\/www.versiegelung24.com\/sl\/wp-json\/wp\/v2\/product\/24926\/revisions\/180409"}],"wp:featuredmedia":[{"embeddable":true,"href":"https:\/\/www.versiegelung24.com\/sl\/wp-json\/wp\/v2\/media\/21914"}],"wp:attachment":[{"href":"https:\/\/www.versiegelung24.com\/sl\/wp-json\/wp\/v2\/media?parent=24926"}],"wp:term":[{"taxonomy":"product_brand","embeddable":true,"href":"https:\/\/www.versiegelung24.com\/sl\/wp-json\/wp\/v2\/product_brand?post=24926"},{"taxonomy":"product_cat","embeddable":true,"href":"https:\/\/www.versiegelung24.com\/sl\/wp-json\/wp\/v2\/product_cat?post=24926"},{"taxonomy":"product_tag","embeddable":true,"href":"https:\/\/www.versiegelung24.com\/sl\/wp-json\/wp\/v2\/product_tag?post=24926"}],"curies":[{"name":"wp","href":"https:\/\/api.w.org\/{rel}","templated":true}]}}