{"id":25509,"date":"2020-04-04T18:53:18","date_gmt":"2021-08-03T08:08:21","guid":{"rendered":"https:\/\/www.versiegelung24.com\/produkt\/bacoban-dolgotrajni-robcki-za-razkuzevanje-povrsin-50-kosov-v-ravnem-pakiranju"},"modified":"2025-01-13T16:38:05","modified_gmt":"2025-01-13T15:38:05","slug":"bacoban-dolgotrajna-dezinfekcijska-krpa-50-kosov-v-ravnem-pakiranju-format-180-x-200-mm","status":"publish","type":"product","link":"https:\/\/www.versiegelung24.com\/sl\/bacoban-dolgotrajna-dezinfekcijska-krpa-50-kosov-v-ravnem-pakiranju-format-180-x-200-mm.html","title":{"rendered":"BACOBAN\u00ae dolgotrajni rob\u010dki za razku\u017eevanje povr\u0161in, 50 kosov v ravnem pakiranju"},"content":{"rendered":"\n<p>Za uporabo pripravljeni vla\u017eni rob\u010dki za dezinfekcijo povr\u0161in, odpornih na alkohol<\/p>\n\n<hr \/>\n\n<h4 class=\"wp-block-heading\" id=\"properties\">Zna\u010dilnosti izdelka<\/h4>\n\n<div class=\"wp-block-columns is-layout-flex wp-container-core-columns-is-layout-9d6595d7 wp-block-columns-is-layout-flex\">\n<div class=\"wp-block-column is-layout-flow wp-block-column-is-layout-flow\">\n<ul class=\"wp-block-list\">\n<li><br \/>Trajni protimikrobni u\u010dinek (remanen\u010dni u\u010dinek) do 10 dni<\/li>\n\n\n\n<li>u\u010dinkovit proti koronavirusu<\/li>\n\n\n\n<li>zelo dobra ko\u017ena toleranca<\/li>\n\n\n\n<li>visok u\u010dinek \u010di\u0161\u010denja<\/li>\n\n\n\n<li>Prakti\u010dna uporaba, preizku\u0161ena v testu 4 polj<\/li>\n<\/ul>\n<\/div>\n\n\n\n<div class=\"wp-block-column is-layout-flow wp-block-column-is-layout-flow\">\n<h3 class=\"wp-block-heading\" id=\"zusammensetzung\">sestava<\/h3>\n\n\n\n<p>100 g raztopine vsebuje:<br \/><br \/>Sestavine v skladu z Uredbo (ES) \u0161t. 648\/2004: manj kot 5 % kationskih povr\u0161insko aktivnih snovi, dezinfekcijsko sredstvo, di\u0161ava. Brez formaldehida, brez fenola.<\/p>\n<\/div>\n<\/div>\n\n<hr \/>\n\n<h4 class=\"wp-block-heading\" id=\"application\">Aplikacija<\/h4>\n\n<p><strong>Bacoban<\/strong><sup> \u00ae<\/sup><strong> DL<\/strong> je pripravljena za uporabo raztopina na vodni osnovi za povr\u0161insko dezinfekcijo in \u010di\u0161\u010denje s trajnim protimikrobnim u\u010dinkom (u\u010dinek obnavljanja).<\/p>\n\n<h3 class=\"wp-block-heading\" id=\"gebrauch\">uporaba<\/h3>\n\n<p><strong>Bacoban<\/strong><sup> \u00ae<\/sup><strong> DL<\/strong> Odstranite krpo, pripravljeno za uporabo, in teko\u010dino enakomerno porazdelite po povr\u0161ini. Nato pustite, da se posu\u0161i. Ne sperite ali posu\u0161ite.<\/p>\n\n<figure class=\"wp-block-table\"><table><tbody><tr><td>u\u010dinkovitost<\/td><\/tr><tr><td>Testiranje v skladu s smernicami DVV \/ RKI<\/td><td>\u010cas izpostavljenosti<\/td><\/tr><tr><td><br \/>Omejeno virucidno (ovojni virusi, vklju\u010dno s <strong>koronavirusom<\/strong>, HIV, HBV, HCV, gripo, herpesom, virusom Ebola&#8230;.)<\/td><td>5 min<\/td><\/tr><tr><td>Rotavirus<\/td><td>5 min<\/td><\/tr><tr><td>Norovirus<\/td><td>30 min<\/td><\/tr><tr><td>Papiloma virus (HPV)<\/td><td>60 min<\/td><\/tr><tr><td>Testiranje po smernicah DGHM (z mehaniko, velika obremenitev)<\/td><\/tr><tr><td>baktericidno in kvasno<\/td><td>5 min<\/td><\/tr><tr><td>EN standardov<\/td><\/tr><tr><td>EN 1040 (baktericidno)<\/td><td>5 min<\/td><\/tr><tr><td>EN 1275 (kvasni)<\/td><td>5 min<\/td><\/tr><tr><td>EN 1276 (baktericidno)<\/td><td>5 min<\/td><\/tr><tr><td>EN 13727 (baktericidno)<\/td><td>5 min<\/td><\/tr><tr><td>EN 13624 (kvasovka, fungicid)<\/td><td>5 min<\/td><\/tr><tr><td>EN 1650 (kvasni)<\/td><td>5 min<\/td><\/tr><tr><td>EN 13697 (baktericidno)<\/td><td>5 min<\/td><\/tr><tr><td>EN 14561 (baktericidno)<\/td><td>60 min<\/td><\/tr><tr><td>EN 14562 (kvasni)<\/td><td>60 min<\/td><\/tr><tr><td>EN 16615 (baktericidno, kvasno) (4-polni preskus)<\/td><td>5 min<\/td><\/tr><\/tbody><\/table><\/figure>\n\n<hr \/>\n\n<h4 class=\"wp-block-heading\" id=\"advisor\">Svetovalec<\/h4>\n\n<h3 class=\"wp-block-heading\" id=\"lagerung\">skladi\u0161\u010denje<\/h3>\n\n<p><strong>Bacoban<\/strong><sup> \u00ae<\/sup><strong> DL<\/strong> shranjujte pri +5 do + 25 \u00b0 C. Za\u0161\u010ditite pred zmrzaljo in neposredno son\u010dno svetlobo.<\/p>\n\n<h3 class=\"wp-block-heading\" id=\"gutachten\">Ocenjevanje<\/h3>\n\n<p>Na\u0161i izdelki so bili obse\u017eno testirani. Z veseljem vam bomo na zahtevo posredovali na\u0161a mikrobiolo\u0161ka in dermatolo\u0161ka poro\u010dila.<\/p>\n\n<h3 class=\"wp-block-heading\" id=\"sicherheitshinweis\">Varnostna opomba<\/h3>\n\n<p>Varnostni list je na voljo na zahtevo.<\/p>\n\n<p><br \/>Trajni protimikrobni u\u010dinek <strong>(remanen\u010dni u\u010dinek)<\/strong> do <strong>10 dni<\/strong> (testirano v skladu z ASTM E 2180). Dermatolo\u0161ko testirano (epikutani test s 30 testiranci): zelo dobra ko\u017ena zdru\u017eljivost.<\/p>\n\n<p><strong>Pomembno<\/strong> ! Preostali protimikrobni u\u010dinek<strong> Bacoban<\/strong><sup> \u00ae<\/sup><strong> DL<\/strong> ne sme povzro\u010diti opustitve potrebnih dezinfekcijskih ukrepov v primeru vidne in \/ ali vpra\u0161ljive kontaminacije!<\/p>\n\n<p><strong>Previdno uporabljajte razku\u017eila. Pred uporabo vedno preberite etiketo in podatke o izdelku.<\/strong><\/p>\n\n<p>Biocid reg. \u0160t .: N-34071 (D), 262\/17 \/ L (Lu), PT2<\/p>\n","protected":false},"excerpt":{"rendered":"<p><strong>Vla\u017eni rob\u010dki za dezinfekcijo povr\u0161in, pripravljeni za uporabo<\/strong><\/p>\n","protected":false},"featured_media":176475,"template":"","meta":{"_acf_changed":false,"neve_meta_sidebar":"","neve_meta_container":"","neve_meta_enable_content_width":"","neve_meta_content_width":0,"neve_meta_title_alignment":"","neve_meta_author_avatar":"","neve_post_elements_order":"","neve_meta_disable_header":"","neve_meta_disable_footer":"","neve_meta_disable_title":"","neve_meta_reading_time":"","_surfaces":[],"_ver_product_tabs":[],"footnotes":""},"product_brand":[],"product_cat":[2258,2259],"product_tag":[],"class_list":{"0":"post-25509","1":"product","2":"type-product","3":"status-publish","4":"has-post-thumbnail","6":"product_cat-razkuzila","7":"product_cat-povrsinska-razkuzila","9":"first","10":"onbackorder","11":"taxable","12":"shipping-taxable","13":"purchasable","14":"product-type-simple"},"acf":[],"yoast_head":"<!-- This site is optimized with the Yoast SEO Premium plugin v22.8 (Yoast SEO v27.5) - https:\/\/yoast.com\/product\/yoast-seo-premium-wordpress\/ -->\n<title>BACOBAN\u00ae dolgotrajni rob\u010dki za razku\u017eevanje povr\u0161in, 50 kosov v ravnem pakiranju - versiegelung24.com<\/title>\n<meta name=\"robots\" content=\"index, follow, max-snippet:-1, max-image-preview:large, max-video-preview:-1\" \/>\n<link rel=\"canonical\" href=\"https:\/\/www.versiegelung24.com\/sl\/bacoban-dolgotrajna-dezinfekcijska-krpa-50-kosov-v-ravnem-pakiranju-format-180-x-200-mm.html\" \/>\n<meta property=\"og:locale\" content=\"sl_SI\" \/>\n<meta property=\"og:type\" content=\"article\" \/>\n<meta property=\"og:title\" content=\"BACOBAN\u00ae dolgotrajni rob\u010dki za razku\u017eevanje povr\u0161in, 50 kosov v ravnem pakiranju\" \/>\n<meta property=\"og:description\" content=\"Vla\u017eni rob\u010dki za dezinfekcijo povr\u0161in, pripravljeni za uporabo\" \/>\n<meta property=\"og:url\" content=\"https:\/\/www.versiegelung24.com\/sl\/bacoban-dolgotrajna-dezinfekcijska-krpa-50-kosov-v-ravnem-pakiranju-format-180-x-200-mm.html\" \/>\n<meta property=\"og:site_name\" content=\"versiegelung24.com\" \/>\n<meta property=\"article:modified_time\" content=\"2025-01-13T15:38:05+00:00\" \/>\n<meta property=\"og:image\" content=\"https:\/\/www.versiegelung24.com\/wp-content\/uploads\/2020\/04\/bacotue-produktbild-schraeg.webp\" \/>\n\t<meta property=\"og:image:width\" content=\"2000\" \/>\n\t<meta property=\"og:image:height\" content=\"2000\" \/>\n\t<meta property=\"og:image:type\" content=\"image\/webp\" \/>\n<meta name=\"twitter:card\" content=\"summary_large_image\" \/>\n<meta name=\"twitter:label1\" content=\"Price\" \/>\n\t<meta name=\"twitter:data1\" content=\"7,79&euro;\" \/>\n\t<meta name=\"twitter:label2\" content=\"Availability\" \/>\n\t<meta name=\"twitter:data2\" content=\"On backorder\" \/>\n<script type=\"application\/ld+json\" class=\"yoast-schema-graph\">{\"@context\":\"https:\\\/\\\/schema.org\",\"@graph\":[{\"@type\":\"WebPage\",\"@id\":\"https:\\\/\\\/www.versiegelung24.com\\\/sl\\\/bacoban-dolgotrajna-dezinfekcijska-krpa-50-kosov-v-ravnem-pakiranju-format-180-x-200-mm.html\",\"url\":\"https:\\\/\\\/www.versiegelung24.com\\\/sl\\\/bacoban-dolgotrajna-dezinfekcijska-krpa-50-kosov-v-ravnem-pakiranju-format-180-x-200-mm.html\",\"name\":\"BACOBAN\u00ae dolgotrajni rob\u010dki za razku\u017eevanje povr\u0161in, 50 kosov v ravnem pakiranju - versiegelung24.com\",\"isPartOf\":{\"@id\":\"https:\\\/\\\/www.versiegelung24.com\\\/sl\\\/#website\"},\"primaryImageOfPage\":{\"@id\":\"https:\\\/\\\/www.versiegelung24.com\\\/sl\\\/bacoban-dolgotrajna-dezinfekcijska-krpa-50-kosov-v-ravnem-pakiranju-format-180-x-200-mm.html#primaryimage\"},\"image\":{\"@id\":\"https:\\\/\\\/www.versiegelung24.com\\\/sl\\\/bacoban-dolgotrajna-dezinfekcijska-krpa-50-kosov-v-ravnem-pakiranju-format-180-x-200-mm.html#primaryimage\"},\"thumbnailUrl\":\"https:\\\/\\\/www.versiegelung24.com\\\/wp-content\\\/uploads\\\/2020\\\/04\\\/bacotue-produktbild-schraeg.webp\",\"datePublished\":\"2021-08-03T08:08:21+00:00\",\"dateModified\":\"2025-01-13T15:38:05+00:00\",\"breadcrumb\":{\"@id\":\"https:\\\/\\\/www.versiegelung24.com\\\/sl\\\/bacoban-dolgotrajna-dezinfekcijska-krpa-50-kosov-v-ravnem-pakiranju-format-180-x-200-mm.html#breadcrumb\"},\"inLanguage\":\"sl-SI\",\"potentialAction\":[{\"@type\":\"ReadAction\",\"target\":[\"https:\\\/\\\/www.versiegelung24.com\\\/sl\\\/bacoban-dolgotrajna-dezinfekcijska-krpa-50-kosov-v-ravnem-pakiranju-format-180-x-200-mm.html\"]}]},{\"@type\":\"ImageObject\",\"inLanguage\":\"sl-SI\",\"@id\":\"https:\\\/\\\/www.versiegelung24.com\\\/sl\\\/bacoban-dolgotrajna-dezinfekcijska-krpa-50-kosov-v-ravnem-pakiranju-format-180-x-200-mm.html#primaryimage\",\"url\":\"https:\\\/\\\/www.versiegelung24.com\\\/wp-content\\\/uploads\\\/2020\\\/04\\\/bacotue-produktbild-schraeg.webp\",\"contentUrl\":\"https:\\\/\\\/www.versiegelung24.com\\\/wp-content\\\/uploads\\\/2020\\\/04\\\/bacotue-produktbild-schraeg.webp\",\"width\":2000,\"height\":2000},{\"@type\":\"BreadcrumbList\",\"@id\":\"https:\\\/\\\/www.versiegelung24.com\\\/sl\\\/bacoban-dolgotrajna-dezinfekcijska-krpa-50-kosov-v-ravnem-pakiranju-format-180-x-200-mm.html#breadcrumb\",\"itemListElement\":[{\"@type\":\"ListItem\",\"position\":1,\"name\":\"Doma\u010da stran\",\"item\":\"https:\\\/\\\/www.versiegelung24.com\\\/sl\\\/spredaj\\\/\"},{\"@type\":\"ListItem\",\"position\":2,\"name\":\"Nakupujte\",\"item\":\"https:\\\/\\\/www.versiegelung24.com\\\/sl\\\/nakupujte\\\/\"},{\"@type\":\"ListItem\",\"position\":3,\"name\":\"BACOBAN\u00ae dolgotrajni rob\u010dki za razku\u017eevanje povr\u0161in, 50 kosov v ravnem pakiranju\"}]},{\"@type\":\"WebSite\",\"@id\":\"https:\\\/\\\/www.versiegelung24.com\\\/sl\\\/#website\",\"url\":\"https:\\\/\\\/www.versiegelung24.com\\\/sl\\\/\",\"name\":\"versiegelung24.com\",\"description\":\"Fl\u00fcssigglas-Versiegelung - Made in Germany\",\"publisher\":{\"@id\":\"https:\\\/\\\/www.versiegelung24.com\\\/sl\\\/#organization\"},\"potentialAction\":[{\"@type\":\"SearchAction\",\"target\":{\"@type\":\"EntryPoint\",\"urlTemplate\":\"https:\\\/\\\/www.versiegelung24.com\\\/sl\\\/?s={search_term_string}\"},\"query-input\":{\"@type\":\"PropertyValueSpecification\",\"valueRequired\":true,\"valueName\":\"search_term_string\"}}],\"inLanguage\":\"sl-SI\"},{\"@type\":\"Organization\",\"@id\":\"https:\\\/\\\/www.versiegelung24.com\\\/sl\\\/#organization\",\"name\":\"versiegelung24\",\"url\":\"https:\\\/\\\/www.versiegelung24.com\\\/sl\\\/\",\"logo\":{\"@type\":\"ImageObject\",\"inLanguage\":\"sl-SI\",\"@id\":\"https:\\\/\\\/www.versiegelung24.com\\\/sl\\\/#\\\/schema\\\/logo\\\/image\\\/\",\"url\":\"https:\\\/\\\/www.versiegelung24.com\\\/wp-content\\\/uploads\\\/2020\\\/04\\\/versiegelung24.png\",\"contentUrl\":\"https:\\\/\\\/www.versiegelung24.com\\\/wp-content\\\/uploads\\\/2020\\\/04\\\/versiegelung24.png\",\"width\":470,\"height\":102,\"caption\":\"versiegelung24\"},\"image\":{\"@id\":\"https:\\\/\\\/www.versiegelung24.com\\\/sl\\\/#\\\/schema\\\/logo\\\/image\\\/\"}}]}<\/script>\n<meta property=\"product:price:amount\" content=\"7.79\" \/>\n<meta property=\"product:price:currency\" content=\"EUR\" \/>\n<meta property=\"og:availability\" content=\"backorder\" \/>\n<meta property=\"product:availability\" content=\"available for order\" \/>\n<meta property=\"product:retailer_item_id\" content=\"BACTUE\" \/>\n<meta property=\"product:condition\" content=\"new\" \/>\n<!-- \/ Yoast SEO Premium plugin. -->","yoast_head_json":{"title":"BACOBAN\u00ae dolgotrajni rob\u010dki za razku\u017eevanje povr\u0161in, 50 kosov v ravnem pakiranju - versiegelung24.com","robots":{"index":"index","follow":"follow","max-snippet":"max-snippet:-1","max-image-preview":"max-image-preview:large","max-video-preview":"max-video-preview:-1"},"canonical":"https:\/\/www.versiegelung24.com\/sl\/bacoban-dolgotrajna-dezinfekcijska-krpa-50-kosov-v-ravnem-pakiranju-format-180-x-200-mm.html","og_locale":"sl_SI","og_type":"article","og_title":"BACOBAN\u00ae dolgotrajni rob\u010dki za razku\u017eevanje povr\u0161in, 50 kosov v ravnem pakiranju","og_description":"Vla\u017eni rob\u010dki za dezinfekcijo povr\u0161in, pripravljeni za uporabo","og_url":"https:\/\/www.versiegelung24.com\/sl\/bacoban-dolgotrajna-dezinfekcijska-krpa-50-kosov-v-ravnem-pakiranju-format-180-x-200-mm.html","og_site_name":"versiegelung24.com","article_modified_time":"2025-01-13T15:38:05+00:00","og_image":[{"width":2000,"height":2000,"url":"https:\/\/www.versiegelung24.com\/wp-content\/uploads\/2020\/04\/bacotue-produktbild-schraeg.webp","type":"image\/webp"}],"twitter_card":"summary_large_image","twitter_misc":{"Price":"7,79&euro;","Availability":"On backorder"},"schema":{"@context":"https:\/\/schema.org","@graph":[{"@type":"WebPage","@id":"https:\/\/www.versiegelung24.com\/sl\/bacoban-dolgotrajna-dezinfekcijska-krpa-50-kosov-v-ravnem-pakiranju-format-180-x-200-mm.html","url":"https:\/\/www.versiegelung24.com\/sl\/bacoban-dolgotrajna-dezinfekcijska-krpa-50-kosov-v-ravnem-pakiranju-format-180-x-200-mm.html","name":"BACOBAN\u00ae dolgotrajni rob\u010dki za razku\u017eevanje povr\u0161in, 50 kosov v ravnem pakiranju - versiegelung24.com","isPartOf":{"@id":"https:\/\/www.versiegelung24.com\/sl\/#website"},"primaryImageOfPage":{"@id":"https:\/\/www.versiegelung24.com\/sl\/bacoban-dolgotrajna-dezinfekcijska-krpa-50-kosov-v-ravnem-pakiranju-format-180-x-200-mm.html#primaryimage"},"image":{"@id":"https:\/\/www.versiegelung24.com\/sl\/bacoban-dolgotrajna-dezinfekcijska-krpa-50-kosov-v-ravnem-pakiranju-format-180-x-200-mm.html#primaryimage"},"thumbnailUrl":"https:\/\/www.versiegelung24.com\/wp-content\/uploads\/2020\/04\/bacotue-produktbild-schraeg.webp","datePublished":"2021-08-03T08:08:21+00:00","dateModified":"2025-01-13T15:38:05+00:00","breadcrumb":{"@id":"https:\/\/www.versiegelung24.com\/sl\/bacoban-dolgotrajna-dezinfekcijska-krpa-50-kosov-v-ravnem-pakiranju-format-180-x-200-mm.html#breadcrumb"},"inLanguage":"sl-SI","potentialAction":[{"@type":"ReadAction","target":["https:\/\/www.versiegelung24.com\/sl\/bacoban-dolgotrajna-dezinfekcijska-krpa-50-kosov-v-ravnem-pakiranju-format-180-x-200-mm.html"]}]},{"@type":"ImageObject","inLanguage":"sl-SI","@id":"https:\/\/www.versiegelung24.com\/sl\/bacoban-dolgotrajna-dezinfekcijska-krpa-50-kosov-v-ravnem-pakiranju-format-180-x-200-mm.html#primaryimage","url":"https:\/\/www.versiegelung24.com\/wp-content\/uploads\/2020\/04\/bacotue-produktbild-schraeg.webp","contentUrl":"https:\/\/www.versiegelung24.com\/wp-content\/uploads\/2020\/04\/bacotue-produktbild-schraeg.webp","width":2000,"height":2000},{"@type":"BreadcrumbList","@id":"https:\/\/www.versiegelung24.com\/sl\/bacoban-dolgotrajna-dezinfekcijska-krpa-50-kosov-v-ravnem-pakiranju-format-180-x-200-mm.html#breadcrumb","itemListElement":[{"@type":"ListItem","position":1,"name":"Doma\u010da stran","item":"https:\/\/www.versiegelung24.com\/sl\/spredaj\/"},{"@type":"ListItem","position":2,"name":"Nakupujte","item":"https:\/\/www.versiegelung24.com\/sl\/nakupujte\/"},{"@type":"ListItem","position":3,"name":"BACOBAN\u00ae dolgotrajni rob\u010dki za razku\u017eevanje povr\u0161in, 50 kosov v ravnem pakiranju"}]},{"@type":"WebSite","@id":"https:\/\/www.versiegelung24.com\/sl\/#website","url":"https:\/\/www.versiegelung24.com\/sl\/","name":"versiegelung24.com","description":"Fl\u00fcssigglas-Versiegelung - Made in Germany","publisher":{"@id":"https:\/\/www.versiegelung24.com\/sl\/#organization"},"potentialAction":[{"@type":"SearchAction","target":{"@type":"EntryPoint","urlTemplate":"https:\/\/www.versiegelung24.com\/sl\/?s={search_term_string}"},"query-input":{"@type":"PropertyValueSpecification","valueRequired":true,"valueName":"search_term_string"}}],"inLanguage":"sl-SI"},{"@type":"Organization","@id":"https:\/\/www.versiegelung24.com\/sl\/#organization","name":"versiegelung24","url":"https:\/\/www.versiegelung24.com\/sl\/","logo":{"@type":"ImageObject","inLanguage":"sl-SI","@id":"https:\/\/www.versiegelung24.com\/sl\/#\/schema\/logo\/image\/","url":"https:\/\/www.versiegelung24.com\/wp-content\/uploads\/2020\/04\/versiegelung24.png","contentUrl":"https:\/\/www.versiegelung24.com\/wp-content\/uploads\/2020\/04\/versiegelung24.png","width":470,"height":102,"caption":"versiegelung24"},"image":{"@id":"https:\/\/www.versiegelung24.com\/sl\/#\/schema\/logo\/image\/"}}]},"product_price_amount":"7.79","product_price_currency":"EUR","og_availability":"backorder","product_availability":"available for order","product_retailer_item_id":"BACTUE","product_condition":"new"},"_links":{"self":[{"href":"https:\/\/www.versiegelung24.com\/sl\/wp-json\/wp\/v2\/product\/25509","targetHints":{"allow":["GET"]}}],"collection":[{"href":"https:\/\/www.versiegelung24.com\/sl\/wp-json\/wp\/v2\/product"}],"about":[{"href":"https:\/\/www.versiegelung24.com\/sl\/wp-json\/wp\/v2\/types\/product"}],"version-history":[{"count":16,"href":"https:\/\/www.versiegelung24.com\/sl\/wp-json\/wp\/v2\/product\/25509\/revisions"}],"predecessor-version":[{"id":180571,"href":"https:\/\/www.versiegelung24.com\/sl\/wp-json\/wp\/v2\/product\/25509\/revisions\/180571"}],"wp:featuredmedia":[{"embeddable":true,"href":"https:\/\/www.versiegelung24.com\/sl\/wp-json\/wp\/v2\/media\/176475"}],"wp:attachment":[{"href":"https:\/\/www.versiegelung24.com\/sl\/wp-json\/wp\/v2\/media?parent=25509"}],"wp:term":[{"taxonomy":"product_brand","embeddable":true,"href":"https:\/\/www.versiegelung24.com\/sl\/wp-json\/wp\/v2\/product_brand?post=25509"},{"taxonomy":"product_cat","embeddable":true,"href":"https:\/\/www.versiegelung24.com\/sl\/wp-json\/wp\/v2\/product_cat?post=25509"},{"taxonomy":"product_tag","embeddable":true,"href":"https:\/\/www.versiegelung24.com\/sl\/wp-json\/wp\/v2\/product_tag?post=25509"}],"curies":[{"name":"wp","href":"https:\/\/api.w.org\/{rel}","templated":true}]}}