{"id":25510,"date":"2020-04-04T18:53:13","date_gmt":"2021-08-03T08:08:25","guid":{"rendered":"https:\/\/www.versiegelung24.com\/produkt\/tesnjenje-stekla-v-profesionalni-kakovosti"},"modified":"2025-01-03T23:35:22","modified_gmt":"2025-01-03T22:35:22","slug":"tesnjenje-stekla-profesionalne-kakovosti","status":"publish","type":"product","link":"https:\/\/www.versiegelung24.com\/sl\/tesnjenje-stekla-profesionalne-kakovosti.html","title":{"rendered":"Profesionalno tesnjenje stekla &#8211; enostavno nego"},"content":{"rendered":"\n<p><strong>Zelo u\u010dinkovito tesnjenje stekla za okenska okna, steklene fasade, vhodna vrata itd., Z u\u010dinkom lotosa (vodoodbojno), za notranjo in zunanjost, NOVO<\/strong><\/p>\n\n<p>Visoka kakovost Izdelano v Nem\u010diji.<\/p>\n\n<div class=\"wp-block-columns is-layout-flex wp-container-core-columns-is-layout-9d6595d7 wp-block-columns-is-layout-flex\">\n<div class=\"wp-block-column is-layout-flow wp-block-column-is-layout-flow\">\n<figure class=\"wp-block-embed is-type-video is-provider-youtube wp-block-embed-youtube wp-embed-aspect-16-9 wp-has-aspect-ratio\"><div class=\"wp-block-embed__wrapper\"> \n<div class=\"nv-iframe-embed\"><iframe title=\"(Nano-)Versiegelungen f\u00fcrs Badezimmer, die wirklich halten! Versiegelung24.com\" width=\"1200\" height=\"675\" src=\"https:\/\/www.youtube.com\/embed\/l6YldCwuye0?feature=oembed\" frameborder=\"0\" allow=\"accelerometer; autoplay; clipboard-write; encrypted-media; gyroscope; picture-in-picture; web-share\" referrerpolicy=\"strict-origin-when-cross-origin\" allowfullscreen><\/iframe><\/div>\n <\/div><\/figure>\n<\/div>\n\n\n\n<div class=\"wp-block-column is-layout-flow wp-block-column-is-layout-flow\">\n<figure class=\"wp-block-embed is-type-video is-provider-youtube wp-block-embed-youtube wp-embed-aspect-16-9 wp-has-aspect-ratio\"><div class=\"wp-block-embed__wrapper\"> \n<div class=\"nv-iframe-embed\"><iframe title=\"Kalk in der Dusche entfernen und mit einer Glasversiegelung vorbeugen!\" width=\"1200\" height=\"675\" src=\"https:\/\/www.youtube.com\/embed\/vnJHIGeb_7I?feature=oembed\" frameborder=\"0\" allow=\"accelerometer; autoplay; clipboard-write; encrypted-media; gyroscope; picture-in-picture; web-share\" referrerpolicy=\"strict-origin-when-cross-origin\" allowfullscreen><\/iframe><\/div>\n <\/div><\/figure>\n<\/div>\n<\/div>\n\n<h3 class=\"wp-block-heading\" id=\"eine-versiegelung-ihrer-fenster-spart-frust-und-zeit-wer-putzt-schon-gerne-fenster\">Zapiranje oken prihrani \u010das in frustracije &#8211; kdo rad \u010disti okna?<\/h3>\n\n<p>Po de\u017eevni in umazani zimi so prvi intenzivni son\u010dni \u017earki spomladi pogosto znani. Pogledate skozi okno in nenadoma ugotovite, da ga morate nujno o\u010distiti, ker je poln made\u017eev vode, umazanije in \u010drt. Toda kdo res rad \u010disti svoja okna? <br\/>Delo je dolgotrajno in pogosto zelo frustrirajo\u010de, saj se zdi, da je steklo brez prog res pravi podvig. \u010cesa zaradi tega \u0161e niste poskusili. Drgnjenje s \u010dasopisom, uporaba parnega \u010distilca, draga \u010distila za okna &#8211; potem steklo pogosto ni tako jasno, kot bi si \u017eeleli.<\/p>\n<div class=\"wp-block-image\">\n<figure class=\"aligncenter size-large is-resized\"><img fetchpriority=\"high\" decoding=\"async\" width=\"1300\" height=\"260\" src=\"https:\/\/www.versiegelung24.com\/wp-content\/uploads\/2022\/01\/Glas_Himmel-1300x260.jpg\" alt=\"\" class=\"wp-image-59446\" style=\"width:1500px\" srcset=\"https:\/\/www.versiegelung24.com\/wp-content\/uploads\/2022\/01\/Glas_Himmel-1300x260.jpg 1300w, https:\/\/www.versiegelung24.com\/wp-content\/uploads\/2022\/01\/Glas_Himmel-300x60.jpg 300w, https:\/\/www.versiegelung24.com\/wp-content\/uploads\/2022\/01\/Glas_Himmel-768x154.jpg 768w, https:\/\/www.versiegelung24.com\/wp-content\/uploads\/2022\/01\/Glas_Himmel-600x120.jpg 600w, https:\/\/www.versiegelung24.com\/wp-content\/uploads\/2022\/01\/Glas_Himmel.jpg 1500w\" sizes=\"(max-width: 1300px) 100vw, 1300px\" \/><\/figure>\n<\/div>\n<hr\/>\n\n<h4 class=\"wp-block-heading\" id=\"properties\">Zna\u010dilnosti izdelka<\/h4>\n\n<div class=\"wp-block-columns is-layout-flex wp-container-core-columns-is-layout-9d6595d7 wp-block-columns-is-layout-flex\">\n<div class=\"wp-block-column is-layout-flow wp-block-column-is-layout-flow\">\n<ul class=\"wp-block-list\" id=\"block-1ae73cec-dd86-455b-95e1-db08f69d1f05\">\n<li>Enostaven za \u010di\u0161\u010denje umazanije in vodnega kamna<\/li>\n\n\n\n<li>Visoka odpornost proti obrabi zahvaljujo\u010d nano tehnologiji SiO\u00b2<\/li>\n\n\n\n<li>Kemijsko odporen na \u010distila (do pH 12)<\/li>\n\n\n\n<li>Mo\u010dan hidrofobni in oleofobni u\u010dinek (odpornost na vodo in olje)<\/li>\n\n\n\n<li>Prihranki stro\u0161kov, \u010dasa in energije zaradi podalj\u0161anih ciklov \u010di\u0161\u010denja<\/li>\n<\/ul>\n<\/div>\n\n\n\n<div class=\"wp-block-column is-layout-flow wp-block-column-is-layout-flow\">\n<ul class=\"wp-block-list\" id=\"block-1ae73cec-dd86-455b-95e1-db08f69d1f05\">\n<li>Zmanj\u0161a rast mikroorganizmov in bakterij ter tako izbolj\u0161a higieno<\/li>\n\n\n\n<li>UV-stabilen \/ odporen proti zmrzali \/ odporen na slano vodo \/ neviden<\/li>\n\n\n\n<li>U\u010dinek samo\u010di\u0161\u010denja na navpi\u010dnih steklenih povr\u0161inah v de\u017eju<\/li>\n\n\n\n<li>Enostavno nana\u0161anje (kadar koli je mo\u017eno ponovno nana\u0161anje)<\/li>\n\n\n\n<li>Rok uporabnosti: do 3 &#8211; 5 let (odvisno od uporabe)<\/li>\n<\/ul>\n<\/div>\n<\/div>\n\n<p><br\/>Obseg dobave: 1 x litrska steklenica, 1 x razpr\u0161ilna glava \u010drpalke, 1 x opis izdelka<\/p>\n<div class=\"wp-block-image\">\n<figure class=\"aligncenter size-large is-resized\"><img decoding=\"async\" width=\"1300\" height=\"260\" src=\"https:\/\/www.versiegelung24.com\/wp-content\/uploads\/2022\/01\/bad_glas-1300x260.jpg\" alt=\"\" class=\"wp-image-59538\" style=\"width:1500px\" srcset=\"https:\/\/www.versiegelung24.com\/wp-content\/uploads\/2022\/01\/bad_glas-1300x260.jpg 1300w, https:\/\/www.versiegelung24.com\/wp-content\/uploads\/2022\/01\/bad_glas-300x60.jpg 300w, https:\/\/www.versiegelung24.com\/wp-content\/uploads\/2022\/01\/bad_glas-768x154.jpg 768w, https:\/\/www.versiegelung24.com\/wp-content\/uploads\/2022\/01\/bad_glas-600x120.jpg 600w, https:\/\/www.versiegelung24.com\/wp-content\/uploads\/2022\/01\/bad_glas.jpg 1500w\" sizes=\"(max-width: 1300px) 100vw, 1300px\" \/><figcaption class=\"wp-element-caption\">Primer uporabe kopalnice<\/figcaption><\/figure>\n<\/div>\n<h4 class=\"wp-block-heading\" id=\"application\">Aplikacija<\/h4>\n\n<div class=\"wp-block-columns is-layout-flex wp-container-core-columns-is-layout-9d6595d7 wp-block-columns-is-layout-flex\">\n<div class=\"wp-block-column is-layout-flow wp-block-column-is-layout-flow\">\n<ul class=\"wp-block-list\" id=\"block-d9c56046-ec66-4f80-bc70-c000e96a1e51\">\n<li>Okensko steklo (notranje in zunanje)<\/li>\n\n\n\n<li>Steklene povr\u0161ine v sanitarnem prostoru (ogledala, tu\u0161 kabine)<\/li>\n\n\n\n<li>Gradbeno steklo (zimski vrtovi, rastlinjaki, nadstre\u0161ki, stenske zasteklitve)<\/li>\n\n\n\n<li><a href=\"https:\/\/www.versiegelung24.com\/sl\/avtomatsko-tesnjenje-stekla-v-profesionalni-kakovosti.html\">Avto steklo<\/a> (stranska in notranja stekla &#8211; sprednje okno glej poseben izdelek)<\/li>\n<\/ul>\n<\/div>\n\n\n\n<div class=\"wp-block-column is-layout-flow wp-block-column-is-layout-flow\">\n<p>Poraba je odvisna od strukture povr\u0161ine: pribli\u017eno 50-200m\u00b2 \/ liter.<\/p>\n\n\n\n<p><br\/><br\/><br\/>Enostavna uporaba: 1. Povr\u0161ino dobro o\u010distite (bolj kot je \u010dista, dlje bo tesnilna masa obstojna). 2. Razpr\u0161ite tesnilno maso in jo vtrite. 3. Pustite, da se strdi 12 ur &#8211; kon\u010dano<\/p>\n<\/div>\n<\/div>\n\n<h4 class=\"wp-block-heading\" id=\"advisor\">Svetovalec<\/h4>\n\n<div class=\"wp-block-columns is-layout-flex wp-container-core-columns-is-layout-9d6595d7 wp-block-columns-is-layout-flex\">\n<div class=\"wp-block-column is-layout-flow wp-block-column-is-layout-flow\">\n<figure class=\"wp-block-image size-full\"><img decoding=\"async\" width=\"500\" height=\"500\" src=\"https:\/\/www.versiegelung24.com\/wp-content\/uploads\/2022\/01\/dachfenster_content_500-1.jpg\" alt=\"\" class=\"wp-image-59686\" srcset=\"https:\/\/www.versiegelung24.com\/wp-content\/uploads\/2022\/01\/dachfenster_content_500-1.jpg 500w, https:\/\/www.versiegelung24.com\/wp-content\/uploads\/2022\/01\/dachfenster_content_500-1-300x300.jpg 300w, https:\/\/www.versiegelung24.com\/wp-content\/uploads\/2022\/01\/dachfenster_content_500-1-80x80.jpg 80w, https:\/\/www.versiegelung24.com\/wp-content\/uploads\/2022\/01\/dachfenster_content_500-1-400x400.jpg 400w, https:\/\/www.versiegelung24.com\/wp-content\/uploads\/2022\/01\/dachfenster_content_500-1-100x100.jpg 100w\" sizes=\"(max-width: 500px) 100vw, 500px\" \/><\/figure>\n<\/div>\n\n\n\n<div class=\"wp-block-column is-layout-flow wp-block-column-is-layout-flow\">\n<h3 class=\"wp-block-heading\" id=\"h-welche-vorteile-bringt-ihnen-die-fensterversiegelung\">Kak\u0161ne so prednosti tesnjenja oken?<\/h3>\n\n\n\n<p>Povedali vam bomo, kako lahko v naslednjih 2-3 letih prevzamete nadzor nad okni in zmanj\u0161ate napor pri \u010di\u0161\u010denju na minimum:<\/p>\n\n\n\n<p>Na\u0161 zgornji izdelek je tako imenovano nano-tesnjenje. <br\/>Delci silicijevega dioksida (teko\u010de steklo) se ob nanosu zdru\u017eijo in na steklu tvorijo pribli\u017eno 100-150 nanometrov tanko plast, ki je popolnoma prozorna in ne povzro\u010da motnosti. Ta nevidni film na povr\u0161ini \u0161\u010diti va\u0161a okna z znanim lotosovim u\u010dinkom. Voda popolnoma odte\u010de, nadle\u017ene made\u017ee vode &#8211; \u0161e posebej po de\u017eevju &#8211; so preteklost. Umazanija, prah, pti\u010dji iztrebki itd. se ne lepijo ve\u010d in jih je mogo\u010de enostavno odstraniti.<\/p>\n\n\n\n<p>Posledi\u010dno morate okna v hi\u0161i \u010distiti veliko manj pogosto kot pred zape\u010datenjem. To je \u0161e posebej opazno pri stre\u0161nih oknih, saj so zaradi nagnjenega polo\u017eaja \u0161e bolj dovzetni za umazanijo kot navpi\u010dno name\u0161\u010dena okna.<\/p>\n<\/div>\n<\/div>\n\n<h3 class=\"wp-block-heading\" id=\"h-wie-gross-ist-der-arbeitsaufwand-fur-das-versiegeln-der-fensterscheiben\">Koliko dela je potrebno za zatesnitev okenskih stekel?<\/h3>\n\n<p>\u010cas, potreben za nana\u0161anje tesnilne mase, je zelo kratek in je verjetno celo hitrej\u0161i od \u010di\u0161\u010denja samih oken.<\/p>\n\n<p>Najprej je treba okensko steklo intenzivno predhodno o\u010distiti. Z na\u0161o<a href=\"https:\/\/www.versiegelung24.com\/biosativa-biologischer-vorreiniger\/\"> Pred\u010distilnik BIOSATIVA<\/a> in<a href=\"https:\/\/www.versiegelung24.com\/bioethanol\/\"> Bioetanol 96,6%<\/a> to je postopek brez te\u017eav. Ti izdelki iz na\u0161e trgovine u\u010dinkovito in hitro odstranijo vse ostanke na steklu. <br\/>To je klju\u010dnega pomena za kasnej\u0161o kakovost in trajnost tesnilne mase. Ko so pripravljalna dela kon\u010dana, se za\u010dne dejansko tesnjenje. Teko\u010de steklo razpr\u0161imo na krpo in nato nanesemo na steklo. Po pribli\u017eno 5 minutah polirajte z mehko krpo iz mikrovlaken.<\/p>\n\n<p>Po 12 urah strjevanja je povr\u0161ina popolnoma zaprta. Dan brez de\u017eja je torej idealen za zunanjost, tako da se lahko premaz nemoteno izsu\u0161i in se nanodelci teko\u010dega stekla popolnoma zdru\u017eijo.<\/p>\n\n<h3 class=\"wp-block-heading\" id=\"h-ist-eine-versiegelung-der-fenster-aussen-und-innen-sinnvoll\">Ali je tesnjenje oken zunaj IN znotraj smiselno?<\/h3>\n\n<p>V vsakem primeru priporo\u010damo, da zaprete obe strani okna. Zagotovo je obremenitev umazanije v notranjosti bistveno manj\u0161a kot na zunanji strani. Toda tudi tukaj prah in ma\u0161\u010doba tvorita film na steklu, ki ga je treba ob\u010dasno odstraniti. Vsak, ki ima na primer otroke, pozna tudi sr\u010dkane odtise nosu in rok na vetrobranskem steklu, ki nastanejo, ko so mladi zunaj odkrili nekaj vznemirljivega. Z na\u0161im tesnilom oken lahko te ostanke odstranimo hitro in enostavno. Prihranite \u010das in \u017eivce za pomembnej\u0161e stvari.<\/p>\n\n<div class=\"wp-block-columns is-layout-flex wp-container-core-columns-is-layout-9d6595d7 wp-block-columns-is-layout-flex\">\n<div class=\"wp-block-column is-layout-flow wp-block-column-is-layout-flow\">\n<h3 class=\"wp-block-heading\" id=\"h-schutzen-sie-ihre-fenster-vor-kratzern\">Za\u0161\u010ditite svoja okna pred praskami<\/h3>\n\n\n\n<p>Z leti lahko umazanija, ki se odtrga pri \u010di\u0161\u010denju oken, povzro\u010di najmanj\u0161e praske na steklu. Tudi tu ima tesnjenje stekla izredno pozitiven vpliv. Na povr\u0161ini tvori za\u0161\u010ditno plast, ki se na eni strani zaradi svoje trdnosti izogiba praskam, po drugi strani pa prepre\u010duje, da bi se prah od za\u010detka prijel.<\/p>\n\n\n\n<h3 class=\"wp-block-heading\" id=\"h-nutzen-sie-die-zeit-fur-die-wirklich-wichtigen-dinge-im-leben\">Uporabite \u010das za res pomembne stvari v \u017eivljenju<\/h3>\n\n\n\n<p>U\u017eivajte v pomladi, namesto da pre\u017eivite \u010das z maratonom za \u010di\u0161\u010denje oken. Zahvaljujo\u010d profesionalnemu tesnjenju stekla vam bo prihranjeno veliko dela do 3 leta. Moral bi biti vreden!<\/p>\n<\/div>\n\n\n\n<div class=\"wp-block-column is-layout-flow wp-block-column-is-layout-flow\"><div class=\"wp-block-image\">\n<figure class=\"alignright size-full\"><img loading=\"lazy\" decoding=\"async\" width=\"500\" height=\"500\" src=\"https:\/\/www.versiegelung24.com\/wp-content\/uploads\/2022\/01\/fenster_content_500.jpg\" alt=\"\" class=\"wp-image-59505\" srcset=\"https:\/\/www.versiegelung24.com\/wp-content\/uploads\/2022\/01\/fenster_content_500.jpg 500w, https:\/\/www.versiegelung24.com\/wp-content\/uploads\/2022\/01\/fenster_content_500-300x300.jpg 300w, https:\/\/www.versiegelung24.com\/wp-content\/uploads\/2022\/01\/fenster_content_500-80x80.jpg 80w, https:\/\/www.versiegelung24.com\/wp-content\/uploads\/2022\/01\/fenster_content_500-400x400.jpg 400w, https:\/\/www.versiegelung24.com\/wp-content\/uploads\/2022\/01\/fenster_content_500-100x100.jpg 100w\" sizes=\"(max-width: 500px) 100vw, 500px\" \/><\/figure>\n<\/div><\/div>\n<\/div>\n","protected":false},"excerpt":{"rendered":"<p><strong>**NOVO** Visoko u\u010dinkovita tesnilna masa za steklo za:<\/strong><\/p>\n<p>\u2713 Okenska stekla<\/p>\n<p>\u2713 Steklene fasade<\/p>\n<p>\u2713 vhodna vrata itd.,<\/p>\n<p>\u2713 Z u\u010dinkom lotosa (vodoodbojnost)<\/p>\n<p>\u2713 Za notranjo in zunanjost<\/p>\n<p>&nbsp;<\/p>\n","protected":false},"featured_media":17728,"template":"","meta":{"_acf_changed":false,"neve_meta_sidebar":"","neve_meta_container":"","neve_meta_enable_content_width":"","neve_meta_content_width":0,"neve_meta_title_alignment":"","neve_meta_author_avatar":"","neve_post_elements_order":"","neve_meta_disable_header":"","neve_meta_disable_footer":"","neve_meta_disable_title":"","neve_meta_reading_time":"","_surfaces":[],"_ver_product_tabs":[],"footnotes":""},"product_brand":[],"product_cat":[2227],"product_tag":[],"class_list":{"0":"post-25510","1":"product","2":"type-product","3":"status-publish","4":"has-post-thumbnail","6":"product_cat-tesnilo-za-steklo-in-keramiko","7":"pa_gebinde-steklenicka-1000-ml","8":"pa_gebinde-20l-kanister-sl","10":"first","11":"instock","12":"taxable","13":"shipping-taxable","14":"purchasable","15":"product-type-variable","16":"has-default-attributes"},"acf":[],"yoast_head":"<!-- This site is optimized with the Yoast SEO Premium plugin v22.8 (Yoast SEO v27.5) - https:\/\/yoast.com\/product\/yoast-seo-premium-wordpress\/ -->\n<title>Profesionalno tesnjenje stekla - enostavno nego - versiegelung24.com<\/title>\n<meta name=\"robots\" content=\"index, follow, max-snippet:-1, max-image-preview:large, max-video-preview:-1\" \/>\n<link rel=\"canonical\" href=\"https:\/\/www.versiegelung24.com\/sl\/tesnjenje-stekla-profesionalne-kakovosti.html\" \/>\n<meta property=\"og:locale\" content=\"sl_SI\" \/>\n<meta property=\"og:type\" content=\"article\" \/>\n<meta property=\"og:title\" content=\"Profesionalno tesnjenje stekla - enostavno nego\" \/>\n<meta property=\"og:description\" content=\"**NOVO** Visoko u\u010dinkovita tesnilna masa za steklo za: \u2713 Okenska stekla \u2713 Steklene fasade \u2713 vhodna vrata itd., \u2713 Z u\u010dinkom lotosa (vodoodbojnost) \u2713 Za notranjo in zunanjost &nbsp;\" \/>\n<meta property=\"og:url\" content=\"https:\/\/www.versiegelung24.com\/sl\/tesnjenje-stekla-profesionalne-kakovosti.html\" \/>\n<meta property=\"og:site_name\" content=\"versiegelung24.com\" \/>\n<meta property=\"article:modified_time\" content=\"2025-01-03T22:35:22+00:00\" \/>\n<meta property=\"og:image\" content=\"https:\/\/www.versiegelung24.com\/wp-content\/uploads\/2020\/06\/produkt-1000-601-1000-Glasversiegelung-scaled.jpg\" \/>\n\t<meta property=\"og:image:width\" content=\"2560\" \/>\n\t<meta property=\"og:image:height\" content=\"2560\" \/>\n\t<meta property=\"og:image:type\" content=\"image\/jpeg\" \/>\n<meta name=\"twitter:card\" content=\"summary_large_image\" \/>\n<meta name=\"twitter:label1\" content=\"Availability\" \/>\n\t<meta name=\"twitter:data1\" content=\"In stock\" \/>\n<script type=\"application\/ld+json\" class=\"yoast-schema-graph\">{\"@context\":\"https:\\\/\\\/schema.org\",\"@graph\":[{\"@type\":\"WebPage\",\"@id\":\"https:\\\/\\\/www.versiegelung24.com\\\/sl\\\/tesnjenje-stekla-profesionalne-kakovosti.html\",\"url\":\"https:\\\/\\\/www.versiegelung24.com\\\/sl\\\/tesnjenje-stekla-profesionalne-kakovosti.html\",\"name\":\"Profesionalno tesnjenje stekla - enostavno nego - versiegelung24.com\",\"isPartOf\":{\"@id\":\"https:\\\/\\\/www.versiegelung24.com\\\/sl\\\/#website\"},\"primaryImageOfPage\":{\"@id\":\"https:\\\/\\\/www.versiegelung24.com\\\/sl\\\/tesnjenje-stekla-profesionalne-kakovosti.html#primaryimage\"},\"image\":{\"@id\":\"https:\\\/\\\/www.versiegelung24.com\\\/sl\\\/tesnjenje-stekla-profesionalne-kakovosti.html#primaryimage\"},\"thumbnailUrl\":\"https:\\\/\\\/www.versiegelung24.com\\\/wp-content\\\/uploads\\\/2020\\\/06\\\/produkt-1000-601-1000-Glasversiegelung-scaled.jpg\",\"datePublished\":\"2021-08-03T08:08:25+00:00\",\"dateModified\":\"2025-01-03T22:35:22+00:00\",\"breadcrumb\":{\"@id\":\"https:\\\/\\\/www.versiegelung24.com\\\/sl\\\/tesnjenje-stekla-profesionalne-kakovosti.html#breadcrumb\"},\"inLanguage\":\"sl-SI\",\"potentialAction\":[{\"@type\":\"ReadAction\",\"target\":[\"https:\\\/\\\/www.versiegelung24.com\\\/sl\\\/tesnjenje-stekla-profesionalne-kakovosti.html\"]}]},{\"@type\":\"ImageObject\",\"inLanguage\":\"sl-SI\",\"@id\":\"https:\\\/\\\/www.versiegelung24.com\\\/sl\\\/tesnjenje-stekla-profesionalne-kakovosti.html#primaryimage\",\"url\":\"https:\\\/\\\/www.versiegelung24.com\\\/wp-content\\\/uploads\\\/2020\\\/06\\\/produkt-1000-601-1000-Glasversiegelung-scaled.jpg\",\"contentUrl\":\"https:\\\/\\\/www.versiegelung24.com\\\/wp-content\\\/uploads\\\/2020\\\/06\\\/produkt-1000-601-1000-Glasversiegelung-scaled.jpg\",\"width\":2560,\"height\":2560},{\"@type\":\"BreadcrumbList\",\"@id\":\"https:\\\/\\\/www.versiegelung24.com\\\/sl\\\/tesnjenje-stekla-profesionalne-kakovosti.html#breadcrumb\",\"itemListElement\":[{\"@type\":\"ListItem\",\"position\":1,\"name\":\"Doma\u010da stran\",\"item\":\"https:\\\/\\\/www.versiegelung24.com\\\/sl\\\/spredaj\\\/\"},{\"@type\":\"ListItem\",\"position\":2,\"name\":\"Nakupujte\",\"item\":\"https:\\\/\\\/www.versiegelung24.com\\\/sl\\\/nakupujte\\\/\"},{\"@type\":\"ListItem\",\"position\":3,\"name\":\"Profesionalno tesnjenje stekla &#8211; enostavno nego\"}]},{\"@type\":\"WebSite\",\"@id\":\"https:\\\/\\\/www.versiegelung24.com\\\/sl\\\/#website\",\"url\":\"https:\\\/\\\/www.versiegelung24.com\\\/sl\\\/\",\"name\":\"versiegelung24.com\",\"description\":\"Fl\u00fcssigglas-Versiegelung - Made in Germany\",\"publisher\":{\"@id\":\"https:\\\/\\\/www.versiegelung24.com\\\/sl\\\/#organization\"},\"potentialAction\":[{\"@type\":\"SearchAction\",\"target\":{\"@type\":\"EntryPoint\",\"urlTemplate\":\"https:\\\/\\\/www.versiegelung24.com\\\/sl\\\/?s={search_term_string}\"},\"query-input\":{\"@type\":\"PropertyValueSpecification\",\"valueRequired\":true,\"valueName\":\"search_term_string\"}}],\"inLanguage\":\"sl-SI\"},{\"@type\":\"Organization\",\"@id\":\"https:\\\/\\\/www.versiegelung24.com\\\/sl\\\/#organization\",\"name\":\"versiegelung24\",\"url\":\"https:\\\/\\\/www.versiegelung24.com\\\/sl\\\/\",\"logo\":{\"@type\":\"ImageObject\",\"inLanguage\":\"sl-SI\",\"@id\":\"https:\\\/\\\/www.versiegelung24.com\\\/sl\\\/#\\\/schema\\\/logo\\\/image\\\/\",\"url\":\"https:\\\/\\\/www.versiegelung24.com\\\/wp-content\\\/uploads\\\/2020\\\/04\\\/versiegelung24.png\",\"contentUrl\":\"https:\\\/\\\/www.versiegelung24.com\\\/wp-content\\\/uploads\\\/2020\\\/04\\\/versiegelung24.png\",\"width\":470,\"height\":102,\"caption\":\"versiegelung24\"},\"image\":{\"@id\":\"https:\\\/\\\/www.versiegelung24.com\\\/sl\\\/#\\\/schema\\\/logo\\\/image\\\/\"}}]}<\/script>\n<meta property=\"og:availability\" content=\"instock\" \/>\n<meta property=\"product:availability\" content=\"instock\" \/>\n<meta property=\"product:retailer_item_id\" content=\"1000-6601\" \/>\n<meta property=\"product:condition\" content=\"new\" \/>\n<!-- \/ Yoast SEO Premium plugin. -->","yoast_head_json":{"title":"Profesionalno tesnjenje stekla - enostavno nego - versiegelung24.com","robots":{"index":"index","follow":"follow","max-snippet":"max-snippet:-1","max-image-preview":"max-image-preview:large","max-video-preview":"max-video-preview:-1"},"canonical":"https:\/\/www.versiegelung24.com\/sl\/tesnjenje-stekla-profesionalne-kakovosti.html","og_locale":"sl_SI","og_type":"article","og_title":"Profesionalno tesnjenje stekla - enostavno nego","og_description":"**NOVO** Visoko u\u010dinkovita tesnilna masa za steklo za: \u2713 Okenska stekla \u2713 Steklene fasade \u2713 vhodna vrata itd., \u2713 Z u\u010dinkom lotosa (vodoodbojnost) \u2713 Za notranjo in zunanjost &nbsp;","og_url":"https:\/\/www.versiegelung24.com\/sl\/tesnjenje-stekla-profesionalne-kakovosti.html","og_site_name":"versiegelung24.com","article_modified_time":"2025-01-03T22:35:22+00:00","og_image":[{"width":2560,"height":2560,"url":"https:\/\/www.versiegelung24.com\/wp-content\/uploads\/2020\/06\/produkt-1000-601-1000-Glasversiegelung-scaled.jpg","type":"image\/jpeg"}],"twitter_card":"summary_large_image","twitter_misc":{"Availability":"In stock"},"schema":{"@context":"https:\/\/schema.org","@graph":[{"@type":"WebPage","@id":"https:\/\/www.versiegelung24.com\/sl\/tesnjenje-stekla-profesionalne-kakovosti.html","url":"https:\/\/www.versiegelung24.com\/sl\/tesnjenje-stekla-profesionalne-kakovosti.html","name":"Profesionalno tesnjenje stekla - enostavno nego - versiegelung24.com","isPartOf":{"@id":"https:\/\/www.versiegelung24.com\/sl\/#website"},"primaryImageOfPage":{"@id":"https:\/\/www.versiegelung24.com\/sl\/tesnjenje-stekla-profesionalne-kakovosti.html#primaryimage"},"image":{"@id":"https:\/\/www.versiegelung24.com\/sl\/tesnjenje-stekla-profesionalne-kakovosti.html#primaryimage"},"thumbnailUrl":"https:\/\/www.versiegelung24.com\/wp-content\/uploads\/2020\/06\/produkt-1000-601-1000-Glasversiegelung-scaled.jpg","datePublished":"2021-08-03T08:08:25+00:00","dateModified":"2025-01-03T22:35:22+00:00","breadcrumb":{"@id":"https:\/\/www.versiegelung24.com\/sl\/tesnjenje-stekla-profesionalne-kakovosti.html#breadcrumb"},"inLanguage":"sl-SI","potentialAction":[{"@type":"ReadAction","target":["https:\/\/www.versiegelung24.com\/sl\/tesnjenje-stekla-profesionalne-kakovosti.html"]}]},{"@type":"ImageObject","inLanguage":"sl-SI","@id":"https:\/\/www.versiegelung24.com\/sl\/tesnjenje-stekla-profesionalne-kakovosti.html#primaryimage","url":"https:\/\/www.versiegelung24.com\/wp-content\/uploads\/2020\/06\/produkt-1000-601-1000-Glasversiegelung-scaled.jpg","contentUrl":"https:\/\/www.versiegelung24.com\/wp-content\/uploads\/2020\/06\/produkt-1000-601-1000-Glasversiegelung-scaled.jpg","width":2560,"height":2560},{"@type":"BreadcrumbList","@id":"https:\/\/www.versiegelung24.com\/sl\/tesnjenje-stekla-profesionalne-kakovosti.html#breadcrumb","itemListElement":[{"@type":"ListItem","position":1,"name":"Doma\u010da stran","item":"https:\/\/www.versiegelung24.com\/sl\/spredaj\/"},{"@type":"ListItem","position":2,"name":"Nakupujte","item":"https:\/\/www.versiegelung24.com\/sl\/nakupujte\/"},{"@type":"ListItem","position":3,"name":"Profesionalno tesnjenje stekla &#8211; enostavno nego"}]},{"@type":"WebSite","@id":"https:\/\/www.versiegelung24.com\/sl\/#website","url":"https:\/\/www.versiegelung24.com\/sl\/","name":"versiegelung24.com","description":"Fl\u00fcssigglas-Versiegelung - Made in Germany","publisher":{"@id":"https:\/\/www.versiegelung24.com\/sl\/#organization"},"potentialAction":[{"@type":"SearchAction","target":{"@type":"EntryPoint","urlTemplate":"https:\/\/www.versiegelung24.com\/sl\/?s={search_term_string}"},"query-input":{"@type":"PropertyValueSpecification","valueRequired":true,"valueName":"search_term_string"}}],"inLanguage":"sl-SI"},{"@type":"Organization","@id":"https:\/\/www.versiegelung24.com\/sl\/#organization","name":"versiegelung24","url":"https:\/\/www.versiegelung24.com\/sl\/","logo":{"@type":"ImageObject","inLanguage":"sl-SI","@id":"https:\/\/www.versiegelung24.com\/sl\/#\/schema\/logo\/image\/","url":"https:\/\/www.versiegelung24.com\/wp-content\/uploads\/2020\/04\/versiegelung24.png","contentUrl":"https:\/\/www.versiegelung24.com\/wp-content\/uploads\/2020\/04\/versiegelung24.png","width":470,"height":102,"caption":"versiegelung24"},"image":{"@id":"https:\/\/www.versiegelung24.com\/sl\/#\/schema\/logo\/image\/"}}]},"og_availability":"instock","product_availability":"instock","product_retailer_item_id":"1000-6601","product_condition":"new"},"_links":{"self":[{"href":"https:\/\/www.versiegelung24.com\/sl\/wp-json\/wp\/v2\/product\/25510","targetHints":{"allow":["GET"]}}],"collection":[{"href":"https:\/\/www.versiegelung24.com\/sl\/wp-json\/wp\/v2\/product"}],"about":[{"href":"https:\/\/www.versiegelung24.com\/sl\/wp-json\/wp\/v2\/types\/product"}],"version-history":[{"count":36,"href":"https:\/\/www.versiegelung24.com\/sl\/wp-json\/wp\/v2\/product\/25510\/revisions"}],"predecessor-version":[{"id":177480,"href":"https:\/\/www.versiegelung24.com\/sl\/wp-json\/wp\/v2\/product\/25510\/revisions\/177480"}],"wp:featuredmedia":[{"embeddable":true,"href":"https:\/\/www.versiegelung24.com\/sl\/wp-json\/wp\/v2\/media\/17728"}],"wp:attachment":[{"href":"https:\/\/www.versiegelung24.com\/sl\/wp-json\/wp\/v2\/media?parent=25510"}],"wp:term":[{"taxonomy":"product_brand","embeddable":true,"href":"https:\/\/www.versiegelung24.com\/sl\/wp-json\/wp\/v2\/product_brand?post=25510"},{"taxonomy":"product_cat","embeddable":true,"href":"https:\/\/www.versiegelung24.com\/sl\/wp-json\/wp\/v2\/product_cat?post=25510"},{"taxonomy":"product_tag","embeddable":true,"href":"https:\/\/www.versiegelung24.com\/sl\/wp-json\/wp\/v2\/product_tag?post=25510"}],"curies":[{"name":"wp","href":"https:\/\/api.w.org\/{rel}","templated":true}]}}