{"id":37495,"date":"2021-09-27T11:17:44","date_gmt":"2021-09-27T09:31:53","guid":{"rendered":"https:\/\/www.versiegelung24.com\/produkt\/zascitna-plast-mobilnega-telefona-iz-tekocega-stekla-proti-bakterijam-in-virusom"},"modified":"2025-01-05T15:38:31","modified_gmt":"2025-01-05T14:38:31","slug":"prirocna-tekoca-steklena-zascitna-plast-proti-bakterijskim-virusom","status":"publish","type":"product","link":"https:\/\/www.versiegelung24.com\/sl\/prirocna-tekoca-steklena-zascitna-plast-proti-bakterijskim-virusom.html","title":{"rendered":"Dolgotrajno dezinfekcijsko sredstvo za pametne telefone in mobilne telefone proti bakterijam in virusom"},"content":{"rendered":"\n<h2 class=\"wp-block-heading\" id=\"h-neuheit-am-markt-smartphones-amp-handys-fur-3-monate-mit-einer-unsichtbaren-flussigglas-schicht-gegen-bakterien-viren-und-pilze-schutzen\">Novo na trgu: 3 mesece za\u0161\u010ditite pametne telefone in mobilne telefone pred bakterijami, virusi in glivicami<\/h2>\n<div class=\"wp-block-image\">\n<figure class=\"aligncenter size-large\"><img fetchpriority=\"high\" decoding=\"async\" width=\"2560\" height=\"1440\" src=\"https:\/\/www.versiegelung24.com\/wp-content\/uploads\/2021\/09\/handy_bakterien-viren-edited-scaled.jpeg\" alt=\"\" class=\"wp-image-38698\" srcset=\"https:\/\/www.versiegelung24.com\/wp-content\/uploads\/2021\/09\/handy_bakterien-viren-edited-scaled.jpeg 2560w, https:\/\/www.versiegelung24.com\/wp-content\/uploads\/2021\/09\/handy_bakterien-viren-edited-scaled-600x338.jpeg 600w, https:\/\/www.versiegelung24.com\/wp-content\/uploads\/2021\/09\/handy_bakterien-viren-edited-300x169.jpeg 300w, https:\/\/www.versiegelung24.com\/wp-content\/uploads\/2021\/09\/handy_bakterien-viren-edited-1300x731.jpeg 1300w, https:\/\/www.versiegelung24.com\/wp-content\/uploads\/2021\/09\/handy_bakterien-viren-edited-768x432.jpeg 768w, https:\/\/www.versiegelung24.com\/wp-content\/uploads\/2021\/09\/handy_bakterien-viren-edited-1536x864.jpeg 1536w, https:\/\/www.versiegelung24.com\/wp-content\/uploads\/2021\/09\/handy_bakterien-viren-edited-2048x1152.jpeg 2048w\" sizes=\"(max-width: 2560px) 100vw, 2560px\" \/><figcaption class=\"wp-element-caption\">Pametni telefon kot nosilec bakterij, virusov in gliv<\/figcaption><\/figure>\n<\/div>\n<p>Danes je pametni telefon stalni spremljevalec. Mnogi ga \u010dez dan poberejo ve\u010d stokrat. Mobilni telefon je prisoten povsod<strong> &#8211;<\/strong> bodisi med spanjem in po\u010ditkom, bodisi na strani\u0161\u010du ali med \u0161portom in prostim \u010dasom. Prava pa\u0161a za prenos virusov in bakterij. <\/p>\n\n<p>Uporabnik bi moral zelo resno vzeti tveganje bakterij, gliv in virusov na pametnih telefonih. Ne samo, da niso sanitarne, ampak lahko vplivajo tako na dobro po\u010dutje kot na zdravje. Mimogrede, veliko bolj prijetno je uporabljati na splo\u0161no \u010dist in higiensko vzdr\u017eevan mobilni telefon ali pametni telefon.<\/p>\n\n<hr\/>\n\n<h4 class=\"wp-block-heading\" id=\"video\">Video<\/h4>\n\n<figure class=\"wp-block-embed aligncenter is-type-rich is-provider-handler-einbetten wp-block-embed-handler-einbetten wp-embed-aspect-16-9 wp-has-aspect-ratio\"><div class=\"wp-block-embed__wrapper\"> \n<div class=\"nv-iframe-embed\"><iframe title=\"Award-winning Mobile Phone Sanitizer by LiquiGlas (904)\" width=\"1200\" height=\"675\" src=\"https:\/\/www.youtube.com\/embed\/OPwnhKcFTvA?feature=oembed\" frameborder=\"0\" allow=\"accelerometer; autoplay; clipboard-write; encrypted-media; gyroscope; picture-in-picture\" allowfullscreen><\/iframe><\/div>\n <\/div><\/figure>\n\n<hr\/>\n\n<h4 class=\"wp-block-heading\" id=\"properties\">Zna\u010dilnosti izdelka<\/h4>\n\n<div class=\"wp-block-columns is-layout-flex wp-container-core-columns-is-layout-9d6595d7 wp-block-columns-is-layout-flex\">\n<div class=\"wp-block-column is-layout-flow wp-block-column-is-layout-flow\">\n<h2 class=\"wp-block-heading\" id=\"die-highlights-auf-einen-blick\">Vrhunci na kratko<\/h2>\n\n\n\n<p><br\/><br\/><br\/><br\/><br\/>&#8211; izjemna do edinstvena dolgoro\u010dna za\u0161\u010dita pred bakterijami &#8211; zagotovljena nevtralizacija bakterij, glivic in virusov &#8211; preprosta in enostavna uporaba &#8211; dezinfekcija na medicinski ravni &#8211; dodatna za\u0161\u010dita pred koronavirusom &#8211; prejemnik nagrade MedTech Award 2020 &#8211; najbolj\u0161i dolgoro\u010dni u\u010dinek na povr\u0161ine pred patogeni<\/p>\n<\/div>\n\n\n\n<div class=\"wp-block-column is-layout-flow wp-block-column-is-layout-flow\">\n<h2 class=\"wp-block-heading\" id=\"lieferumfang\">obseg dobave<\/h2>\n\n\n\n<p>12 za\u0161\u010ditnih rob\u010dkov proti bakterijam, za uporabo 1x tedensko = 3 mesece<\/p>\n<\/div>\n<\/div>\n\n<hr\/>\n\n<h4 class=\"wp-block-heading\" id=\"application\">Aplikacija<\/h4>\n\n<h2 class=\"wp-block-heading\" id=\"die-anwendung-hygienisch-sauberes-handy\">Aplikacija &#8211; higiensko \u010dist mobilni telefon<\/h2>\n\n<div class=\"wp-block-getwid-toggle has-icon-left\">\n<div class=\"wp-block-getwid-toggle__row\"><div class=\"wp-block-getwid-toggle__header-wrapper\"><span class=\"wp-block-getwid-toggle__header\"><a href=\"#\"><span class=\"wp-block-getwid-toggle__header-title\">1. Smartphone s\u00e4ubern<\/span><span class=\"wp-block-getwid-toggle__icon is-active\"><i class=\"fas fa-plus\"><\/i><\/span><span class=\"wp-block-getwid-toggle__icon is-passive\"><i class=\"fas fa-minus\"><\/i><\/span><\/a><\/span><\/div><div class=\"wp-block-getwid-toggle__content-wrapper\"><div class=\"wp-block-getwid-toggle__content\">\n<p>Kon\u010dna naprava se spredaj in zadaj obri\u0161e s krpo iz mikrovlaken ali suho krpo, ki ne pu\u0161\u010da vlaken, da se odstranijo prstni odtisi, umazanija in odrgnine.<\/p>\n<\/div><\/div><\/div>\n\n\n\n<div class=\"wp-block-getwid-toggle__row\"><div class=\"wp-block-getwid-toggle__header-wrapper\"><span class=\"wp-block-getwid-toggle__header\"><a href=\"#\"><span class=\"wp-block-getwid-toggle__header-title\">2. Smartphone desinfizieren<\/span><span class=\"wp-block-getwid-toggle__icon is-active\"><i class=\"fas fa-plus\"><\/i><\/span><span class=\"wp-block-getwid-toggle__icon is-passive\"><i class=\"fas fa-minus\"><\/i><\/span><\/a><\/span><\/div><div class=\"wp-block-getwid-toggle__content-wrapper\"><div class=\"wp-block-getwid-toggle__content\">\n<p>Pakiranje po 12 se odpre in odstrani prva krta\u010da, dezinfekcijsko oblo\u017eena s kr\u010denjem. Z eno stranjo rob\u010dka za razku\u017eevanje je mobilni telefon temeljito o\u010di\u0161\u010den na sprednji in zadnji strani, z drugimi besedami, izbrisan. Sledi dezinfekcija kon\u010dne naprave za pribli\u017eno 30 sekund z drugo, \u0161e \u010disto stranjo krpe. Tako na svoji povr\u0161ini nastane rahla tan\u010dica.<\/p>\n<\/div><\/div><\/div>\n\n\n\n<div class=\"wp-block-getwid-toggle__row\"><div class=\"wp-block-getwid-toggle__header-wrapper\"><span class=\"wp-block-getwid-toggle__header\"><a href=\"#\"><span class=\"wp-block-getwid-toggle__header-title\">3. Trocknungsvorgang<\/span><span class=\"wp-block-getwid-toggle__icon is-active\"><i class=\"fas fa-plus\"><\/i><\/span><span class=\"wp-block-getwid-toggle__icon is-passive\"><i class=\"fas fa-minus\"><\/i><\/span><\/a><\/span><\/div><div class=\"wp-block-getwid-toggle__content-wrapper\"><div class=\"wp-block-getwid-toggle__content\">\n<p>Sledi dve do tri minutni postopek su\u0161enja. Nanesena teko\u010dina deluje in tvori dezinfekcijsko za\u0161\u010ditno plast.<\/p>\n<\/div><\/div><\/div>\n\n\n\n<div class=\"wp-block-getwid-toggle__row\"><div class=\"wp-block-getwid-toggle__header-wrapper\"><span class=\"wp-block-getwid-toggle__header\"><a href=\"#\"><span class=\"wp-block-getwid-toggle__header-title\">4. Nachpolieren<\/span><span class=\"wp-block-getwid-toggle__icon is-active\"><i class=\"fas fa-plus\"><\/i><\/span><span class=\"wp-block-getwid-toggle__icon is-passive\"><i class=\"fas fa-minus\"><\/i><\/span><\/a><\/span><\/div><div class=\"wp-block-getwid-toggle__content-wrapper\"><div class=\"wp-block-getwid-toggle__content\">\n<p>Na koncu su\u0161enja je mobilni telefon spet prekrit s \u010disto krpo za su\u0161enje<strong> &#8211;<\/strong> na primer iz mikrovlaken<strong> &#8211;<\/strong> Ponovno polirano, dokler na povr\u0161ini ni made\u017eev. Dolgoro\u010dna dezinfekcijska za\u0161\u010dita, ki je zdaj razvita, \u0161e naprej intenzivno deluje naslednjih sedem do deset dni.<\/p>\n<\/div><\/div><\/div>\n<\/div>\n\n<br\/>\n\n<hr\/>\n\n<h4 class=\"wp-block-heading\" id=\"advisor\">Svetovalec<\/h4>\n\n<h2 class=\"wp-block-heading\" id=\"award-gewinner-handy-desinfektion-raumt-ab\">Nagrajenec &#8211; zmaga dezinfekcija mobilnih telefonov<\/h2>\n\n<p>Novost na trgu za dezinfekcijsko za\u0161\u010dito mobilnih kon\u010dnih naprav, kot so mobilni telefoni, pametni telefoni ali tabli\u010dni ra\u010dunalniki, je 12-paketni za\u0161\u010ditni bakterijski rob\u010dki iz CCM\u00ae. CCM pomeni Creative Chemical Manufacturer GmbH s sede\u017eem v Overathu v Severnem Porenju-Vestfaliji.<\/p>\n\n<figure class=\"wp-block-image size-full\"><img decoding=\"async\" width=\"700\" height=\"207\" src=\"https:\/\/www.versiegelung24.com\/wp-content\/uploads\/2021\/09\/2020-MedTech-Awards-2.png\" alt=\"\" class=\"wp-image-37295\" srcset=\"https:\/\/www.versiegelung24.com\/wp-content\/uploads\/2021\/09\/2020-MedTech-Awards-2.png 700w, https:\/\/www.versiegelung24.com\/wp-content\/uploads\/2021\/09\/2020-MedTech-Awards-2-600x177.png 600w, https:\/\/www.versiegelung24.com\/wp-content\/uploads\/2021\/09\/2020-MedTech-Awards-2-300x89.png 300w\" sizes=\"(max-width: 700px) 100vw, 700px\" \/><figcaption class=\"wp-element-caption\"><strong>Nagrajen z nagrado MedTech &#8211; najbolj\u0161o dolgoro\u010dno za\u0161\u010dito proti patogenom<\/strong><\/figcaption><\/figure>\n\n<h2 class=\"wp-block-heading\" id=\"ohne-handy-und-smartphone-desinfizieren-geht-es-einfach-nicht\">Dezinfekcija brez mobilnega telefona in pametnega telefona preprosto ni mogo\u010da!<\/h2>\n\n<p>Ljudje so zdaj navajeni, da si roke redno umivajo in razku\u017eujejo. \u0160e pomembneje je, da ne pozabite razku\u017eiti svojega pametnega telefona. \u010ce se uporablja pravilno, za\u0161\u010ditna bakterijska krpa razvije stalen razku\u017eevalni u\u010dinek do deset dni. S paketom 12 je kon\u010dna naprava \u010detrt leta vedno v higiensko brezhibnem stanju.<\/p>\n\n<p><\/p>\n\n<p><strong>Redna uporaba dvanajstih za\u0161\u010ditnih krp ustvari ultra tanko teko\u010do stekleno prevleko na povr\u0161ini pametnega telefona.<\/strong> Prepre\u010duje nastanek in posledi\u010dno vzpostavitev patogenov. Kot pozitiven stranski u\u010dinek postane povr\u0161ina vse bolj gladka in jo je mogo\u010de zelo enostavno o\u010distiti. Ta u\u010dinek se pove\u010da, \u010de se dlje \u010dasa uporabljajo razku\u017eila.<\/p>\n","protected":false},"excerpt":{"rendered":"<p>Novost na trgu za dezinfekcijsko za\u0161\u010dito mobilnih kon\u010dnih naprav, kot so mobilni telefoni, pametni telefoni ali tabli\u010dni ra\u010dunalniki, je 12-paketni za\u0161\u010ditni bakterijski rob\u010dki iz CCM\u00ae.<\/p>\n<p>Certifikat MedTech Award<strong>&#8220;Najbolj\u0161a re\u0161itev za dolgoro\u010dno za\u0161\u010dito pred patogeni<\/strong>&#8220;<strong><\/p>\n<p><\/strong><\/p>\n<p><img decoding=\"async\" class=\"alignnone size-medium wp-image-37295\" src=\"https:\/\/www.versiegelung24.com\/wp-content\/uploads\/2021\/09\/2020-MedTech-Awards-2-300x89.png\" alt=\"\" width=\"300\" height=\"89\" srcset=\"https:\/\/www.versiegelung24.com\/wp-content\/uploads\/2021\/09\/2020-MedTech-Awards-2-300x89.png 300w, https:\/\/www.versiegelung24.com\/wp-content\/uploads\/2021\/09\/2020-MedTech-Awards-2-600x177.png 600w, https:\/\/www.versiegelung24.com\/wp-content\/uploads\/2021\/09\/2020-MedTech-Awards-2.png 700w\" sizes=\"(max-width: 300px) 100vw, 300px\" \/><\/p>\n","protected":false},"featured_media":63253,"template":"","meta":{"_acf_changed":false,"neve_meta_sidebar":"","neve_meta_container":"","neve_meta_enable_content_width":"","neve_meta_content_width":0,"neve_meta_title_alignment":"","neve_meta_author_avatar":"","neve_post_elements_order":"","neve_meta_disable_header":"","neve_meta_disable_footer":"","neve_meta_disable_title":"","neve_meta_reading_time":"","_surfaces":[],"_ver_product_tabs":[],"footnotes":""},"product_brand":[],"product_cat":[2258,3026],"product_tag":[],"class_list":{"0":"post-37495","1":"product","2":"type-product","3":"status-publish","4":"has-post-thumbnail","6":"product_cat-razkuzila","7":"product_cat-dezinfekcijsko-sredstvo-za-mobilne-telefone","9":"first","10":"instock","11":"taxable","12":"shipping-taxable","13":"purchasable","14":"product-type-simple"},"acf":[],"yoast_head":"<!-- This site is optimized with the Yoast SEO Premium plugin v22.8 (Yoast SEO v27.5) - https:\/\/yoast.com\/product\/yoast-seo-premium-wordpress\/ -->\n<title>Dolgotrajno dezinfekcijsko sredstvo za pametne telefone in mobilne telefone proti bakterijam in virusom - versiegelung24.com<\/title>\n<meta name=\"robots\" content=\"index, follow, max-snippet:-1, max-image-preview:large, max-video-preview:-1\" \/>\n<link rel=\"canonical\" href=\"https:\/\/www.versiegelung24.com\/sl\/prirocna-tekoca-steklena-zascitna-plast-proti-bakterijskim-virusom.html\" \/>\n<meta property=\"og:locale\" content=\"sl_SI\" \/>\n<meta property=\"og:type\" content=\"article\" \/>\n<meta property=\"og:title\" content=\"Dolgotrajno dezinfekcijsko sredstvo za pametne telefone in mobilne telefone proti bakterijam in virusom\" \/>\n<meta property=\"og:description\" content=\"Novost na trgu za dezinfekcijsko za\u0161\u010dito mobilnih kon\u010dnih naprav, kot so mobilni telefoni, pametni telefoni ali tabli\u010dni ra\u010dunalniki, je 12-paketni za\u0161\u010ditni bakterijski rob\u010dki iz CCM\u00ae. Certifikat MedTech Award&quot;Najbolj\u0161a re\u0161itev za dolgoro\u010dno za\u0161\u010dito pred patogeni&quot;\" \/>\n<meta property=\"og:url\" content=\"https:\/\/www.versiegelung24.com\/sl\/prirocna-tekoca-steklena-zascitna-plast-proti-bakterijskim-virusom.html\" \/>\n<meta property=\"og:site_name\" content=\"versiegelung24.com\" \/>\n<meta property=\"article:modified_time\" content=\"2025-01-05T14:38:31+00:00\" \/>\n<meta property=\"og:image\" content=\"https:\/\/www.versiegelung24.com\/wp-content\/uploads\/2021\/09\/produkt-4009-904-Handy-Bakterienschutz-Verpackung1.jpg\" \/>\n\t<meta property=\"og:image:width\" content=\"2000\" \/>\n\t<meta property=\"og:image:height\" content=\"2000\" \/>\n\t<meta property=\"og:image:type\" content=\"image\/jpeg\" \/>\n<meta name=\"twitter:card\" content=\"summary_large_image\" \/>\n<meta name=\"twitter:label1\" content=\"Price\" \/>\n\t<meta name=\"twitter:data1\" content=\"10,99&euro;\" \/>\n\t<meta name=\"twitter:label2\" content=\"Availability\" \/>\n\t<meta name=\"twitter:data2\" content=\"In stock\" \/>\n<script type=\"application\/ld+json\" class=\"yoast-schema-graph\">{\"@context\":\"https:\\\/\\\/schema.org\",\"@graph\":[{\"@type\":\"WebPage\",\"@id\":\"https:\\\/\\\/www.versiegelung24.com\\\/sl\\\/prirocna-tekoca-steklena-zascitna-plast-proti-bakterijskim-virusom.html\",\"url\":\"https:\\\/\\\/www.versiegelung24.com\\\/sl\\\/prirocna-tekoca-steklena-zascitna-plast-proti-bakterijskim-virusom.html\",\"name\":\"Dolgotrajno dezinfekcijsko sredstvo za pametne telefone in mobilne telefone proti bakterijam in virusom - versiegelung24.com\",\"isPartOf\":{\"@id\":\"https:\\\/\\\/www.versiegelung24.com\\\/sl\\\/#website\"},\"primaryImageOfPage\":{\"@id\":\"https:\\\/\\\/www.versiegelung24.com\\\/sl\\\/prirocna-tekoca-steklena-zascitna-plast-proti-bakterijskim-virusom.html#primaryimage\"},\"image\":{\"@id\":\"https:\\\/\\\/www.versiegelung24.com\\\/sl\\\/prirocna-tekoca-steklena-zascitna-plast-proti-bakterijskim-virusom.html#primaryimage\"},\"thumbnailUrl\":\"https:\\\/\\\/www.versiegelung24.com\\\/wp-content\\\/uploads\\\/2021\\\/09\\\/produkt-4009-904-Handy-Bakterienschutz-Verpackung1.jpg\",\"datePublished\":\"2021-09-27T09:31:53+00:00\",\"dateModified\":\"2025-01-05T14:38:31+00:00\",\"breadcrumb\":{\"@id\":\"https:\\\/\\\/www.versiegelung24.com\\\/sl\\\/prirocna-tekoca-steklena-zascitna-plast-proti-bakterijskim-virusom.html#breadcrumb\"},\"inLanguage\":\"sl-SI\",\"potentialAction\":[{\"@type\":\"ReadAction\",\"target\":[\"https:\\\/\\\/www.versiegelung24.com\\\/sl\\\/prirocna-tekoca-steklena-zascitna-plast-proti-bakterijskim-virusom.html\"]}]},{\"@type\":\"ImageObject\",\"inLanguage\":\"sl-SI\",\"@id\":\"https:\\\/\\\/www.versiegelung24.com\\\/sl\\\/prirocna-tekoca-steklena-zascitna-plast-proti-bakterijskim-virusom.html#primaryimage\",\"url\":\"https:\\\/\\\/www.versiegelung24.com\\\/wp-content\\\/uploads\\\/2021\\\/09\\\/produkt-4009-904-Handy-Bakterienschutz-Verpackung1.jpg\",\"contentUrl\":\"https:\\\/\\\/www.versiegelung24.com\\\/wp-content\\\/uploads\\\/2021\\\/09\\\/produkt-4009-904-Handy-Bakterienschutz-Verpackung1.jpg\",\"width\":2000,\"height\":2000},{\"@type\":\"BreadcrumbList\",\"@id\":\"https:\\\/\\\/www.versiegelung24.com\\\/sl\\\/prirocna-tekoca-steklena-zascitna-plast-proti-bakterijskim-virusom.html#breadcrumb\",\"itemListElement\":[{\"@type\":\"ListItem\",\"position\":1,\"name\":\"Doma\u010da stran\",\"item\":\"https:\\\/\\\/www.versiegelung24.com\\\/sl\\\/spredaj\\\/\"},{\"@type\":\"ListItem\",\"position\":2,\"name\":\"Nakupujte\",\"item\":\"https:\\\/\\\/www.versiegelung24.com\\\/sl\\\/nakupujte\\\/\"},{\"@type\":\"ListItem\",\"position\":3,\"name\":\"Dolgotrajno dezinfekcijsko sredstvo za pametne telefone in mobilne telefone proti bakterijam in virusom\"}]},{\"@type\":\"WebSite\",\"@id\":\"https:\\\/\\\/www.versiegelung24.com\\\/sl\\\/#website\",\"url\":\"https:\\\/\\\/www.versiegelung24.com\\\/sl\\\/\",\"name\":\"versiegelung24.com\",\"description\":\"Fl\u00fcssigglas-Versiegelung - Made in Germany\",\"publisher\":{\"@id\":\"https:\\\/\\\/www.versiegelung24.com\\\/sl\\\/#organization\"},\"potentialAction\":[{\"@type\":\"SearchAction\",\"target\":{\"@type\":\"EntryPoint\",\"urlTemplate\":\"https:\\\/\\\/www.versiegelung24.com\\\/sl\\\/?s={search_term_string}\"},\"query-input\":{\"@type\":\"PropertyValueSpecification\",\"valueRequired\":true,\"valueName\":\"search_term_string\"}}],\"inLanguage\":\"sl-SI\"},{\"@type\":\"Organization\",\"@id\":\"https:\\\/\\\/www.versiegelung24.com\\\/sl\\\/#organization\",\"name\":\"versiegelung24\",\"url\":\"https:\\\/\\\/www.versiegelung24.com\\\/sl\\\/\",\"logo\":{\"@type\":\"ImageObject\",\"inLanguage\":\"sl-SI\",\"@id\":\"https:\\\/\\\/www.versiegelung24.com\\\/sl\\\/#\\\/schema\\\/logo\\\/image\\\/\",\"url\":\"https:\\\/\\\/www.versiegelung24.com\\\/wp-content\\\/uploads\\\/2020\\\/04\\\/versiegelung24.png\",\"contentUrl\":\"https:\\\/\\\/www.versiegelung24.com\\\/wp-content\\\/uploads\\\/2020\\\/04\\\/versiegelung24.png\",\"width\":470,\"height\":102,\"caption\":\"versiegelung24\"},\"image\":{\"@id\":\"https:\\\/\\\/www.versiegelung24.com\\\/sl\\\/#\\\/schema\\\/logo\\\/image\\\/\"}}]}<\/script>\n<meta property=\"product:price:amount\" content=\"10.99\" \/>\n<meta property=\"product:price:currency\" content=\"EUR\" \/>\n<meta property=\"og:availability\" content=\"instock\" \/>\n<meta property=\"product:availability\" content=\"instock\" \/>\n<meta property=\"product:retailer_item_id\" content=\"4009-904\" \/>\n<meta property=\"product:condition\" content=\"new\" \/>\n<!-- \/ Yoast SEO Premium plugin. -->","yoast_head_json":{"title":"Dolgotrajno dezinfekcijsko sredstvo za pametne telefone in mobilne telefone proti bakterijam in virusom - versiegelung24.com","robots":{"index":"index","follow":"follow","max-snippet":"max-snippet:-1","max-image-preview":"max-image-preview:large","max-video-preview":"max-video-preview:-1"},"canonical":"https:\/\/www.versiegelung24.com\/sl\/prirocna-tekoca-steklena-zascitna-plast-proti-bakterijskim-virusom.html","og_locale":"sl_SI","og_type":"article","og_title":"Dolgotrajno dezinfekcijsko sredstvo za pametne telefone in mobilne telefone proti bakterijam in virusom","og_description":"Novost na trgu za dezinfekcijsko za\u0161\u010dito mobilnih kon\u010dnih naprav, kot so mobilni telefoni, pametni telefoni ali tabli\u010dni ra\u010dunalniki, je 12-paketni za\u0161\u010ditni bakterijski rob\u010dki iz CCM\u00ae. Certifikat MedTech Award\"Najbolj\u0161a re\u0161itev za dolgoro\u010dno za\u0161\u010dito pred patogeni\"","og_url":"https:\/\/www.versiegelung24.com\/sl\/prirocna-tekoca-steklena-zascitna-plast-proti-bakterijskim-virusom.html","og_site_name":"versiegelung24.com","article_modified_time":"2025-01-05T14:38:31+00:00","og_image":[{"width":2000,"height":2000,"url":"https:\/\/www.versiegelung24.com\/wp-content\/uploads\/2021\/09\/produkt-4009-904-Handy-Bakterienschutz-Verpackung1.jpg","type":"image\/jpeg"}],"twitter_card":"summary_large_image","twitter_misc":{"Price":"10,99&euro;","Availability":"In stock"},"schema":{"@context":"https:\/\/schema.org","@graph":[{"@type":"WebPage","@id":"https:\/\/www.versiegelung24.com\/sl\/prirocna-tekoca-steklena-zascitna-plast-proti-bakterijskim-virusom.html","url":"https:\/\/www.versiegelung24.com\/sl\/prirocna-tekoca-steklena-zascitna-plast-proti-bakterijskim-virusom.html","name":"Dolgotrajno dezinfekcijsko sredstvo za pametne telefone in mobilne telefone proti bakterijam in virusom - versiegelung24.com","isPartOf":{"@id":"https:\/\/www.versiegelung24.com\/sl\/#website"},"primaryImageOfPage":{"@id":"https:\/\/www.versiegelung24.com\/sl\/prirocna-tekoca-steklena-zascitna-plast-proti-bakterijskim-virusom.html#primaryimage"},"image":{"@id":"https:\/\/www.versiegelung24.com\/sl\/prirocna-tekoca-steklena-zascitna-plast-proti-bakterijskim-virusom.html#primaryimage"},"thumbnailUrl":"https:\/\/www.versiegelung24.com\/wp-content\/uploads\/2021\/09\/produkt-4009-904-Handy-Bakterienschutz-Verpackung1.jpg","datePublished":"2021-09-27T09:31:53+00:00","dateModified":"2025-01-05T14:38:31+00:00","breadcrumb":{"@id":"https:\/\/www.versiegelung24.com\/sl\/prirocna-tekoca-steklena-zascitna-plast-proti-bakterijskim-virusom.html#breadcrumb"},"inLanguage":"sl-SI","potentialAction":[{"@type":"ReadAction","target":["https:\/\/www.versiegelung24.com\/sl\/prirocna-tekoca-steklena-zascitna-plast-proti-bakterijskim-virusom.html"]}]},{"@type":"ImageObject","inLanguage":"sl-SI","@id":"https:\/\/www.versiegelung24.com\/sl\/prirocna-tekoca-steklena-zascitna-plast-proti-bakterijskim-virusom.html#primaryimage","url":"https:\/\/www.versiegelung24.com\/wp-content\/uploads\/2021\/09\/produkt-4009-904-Handy-Bakterienschutz-Verpackung1.jpg","contentUrl":"https:\/\/www.versiegelung24.com\/wp-content\/uploads\/2021\/09\/produkt-4009-904-Handy-Bakterienschutz-Verpackung1.jpg","width":2000,"height":2000},{"@type":"BreadcrumbList","@id":"https:\/\/www.versiegelung24.com\/sl\/prirocna-tekoca-steklena-zascitna-plast-proti-bakterijskim-virusom.html#breadcrumb","itemListElement":[{"@type":"ListItem","position":1,"name":"Doma\u010da stran","item":"https:\/\/www.versiegelung24.com\/sl\/spredaj\/"},{"@type":"ListItem","position":2,"name":"Nakupujte","item":"https:\/\/www.versiegelung24.com\/sl\/nakupujte\/"},{"@type":"ListItem","position":3,"name":"Dolgotrajno dezinfekcijsko sredstvo za pametne telefone in mobilne telefone proti bakterijam in virusom"}]},{"@type":"WebSite","@id":"https:\/\/www.versiegelung24.com\/sl\/#website","url":"https:\/\/www.versiegelung24.com\/sl\/","name":"versiegelung24.com","description":"Fl\u00fcssigglas-Versiegelung - Made in Germany","publisher":{"@id":"https:\/\/www.versiegelung24.com\/sl\/#organization"},"potentialAction":[{"@type":"SearchAction","target":{"@type":"EntryPoint","urlTemplate":"https:\/\/www.versiegelung24.com\/sl\/?s={search_term_string}"},"query-input":{"@type":"PropertyValueSpecification","valueRequired":true,"valueName":"search_term_string"}}],"inLanguage":"sl-SI"},{"@type":"Organization","@id":"https:\/\/www.versiegelung24.com\/sl\/#organization","name":"versiegelung24","url":"https:\/\/www.versiegelung24.com\/sl\/","logo":{"@type":"ImageObject","inLanguage":"sl-SI","@id":"https:\/\/www.versiegelung24.com\/sl\/#\/schema\/logo\/image\/","url":"https:\/\/www.versiegelung24.com\/wp-content\/uploads\/2020\/04\/versiegelung24.png","contentUrl":"https:\/\/www.versiegelung24.com\/wp-content\/uploads\/2020\/04\/versiegelung24.png","width":470,"height":102,"caption":"versiegelung24"},"image":{"@id":"https:\/\/www.versiegelung24.com\/sl\/#\/schema\/logo\/image\/"}}]},"product_price_amount":"10.99","product_price_currency":"EUR","og_availability":"instock","product_availability":"instock","product_retailer_item_id":"4009-904","product_condition":"new"},"_links":{"self":[{"href":"https:\/\/www.versiegelung24.com\/sl\/wp-json\/wp\/v2\/product\/37495","targetHints":{"allow":["GET"]}}],"collection":[{"href":"https:\/\/www.versiegelung24.com\/sl\/wp-json\/wp\/v2\/product"}],"about":[{"href":"https:\/\/www.versiegelung24.com\/sl\/wp-json\/wp\/v2\/types\/product"}],"version-history":[{"count":84,"href":"https:\/\/www.versiegelung24.com\/sl\/wp-json\/wp\/v2\/product\/37495\/revisions"}],"predecessor-version":[{"id":178253,"href":"https:\/\/www.versiegelung24.com\/sl\/wp-json\/wp\/v2\/product\/37495\/revisions\/178253"}],"wp:featuredmedia":[{"embeddable":true,"href":"https:\/\/www.versiegelung24.com\/sl\/wp-json\/wp\/v2\/media\/63253"}],"wp:attachment":[{"href":"https:\/\/www.versiegelung24.com\/sl\/wp-json\/wp\/v2\/media?parent=37495"}],"wp:term":[{"taxonomy":"product_brand","embeddable":true,"href":"https:\/\/www.versiegelung24.com\/sl\/wp-json\/wp\/v2\/product_brand?post=37495"},{"taxonomy":"product_cat","embeddable":true,"href":"https:\/\/www.versiegelung24.com\/sl\/wp-json\/wp\/v2\/product_cat?post=37495"},{"taxonomy":"product_tag","embeddable":true,"href":"https:\/\/www.versiegelung24.com\/sl\/wp-json\/wp\/v2\/product_tag?post=37495"}],"curies":[{"name":"wp","href":"https:\/\/api.w.org\/{rel}","templated":true}]}}