{"id":62264,"date":"2022-02-06T23:03:40","date_gmt":"2022-02-06T22:04:06","guid":{"rendered":"https:\/\/www.versiegelung24.com\/?post_type=product&#038;p=62264"},"modified":"2025-01-05T17:31:44","modified_gmt":"2025-01-05T16:31:44","slug":"popoln-komplet-premium-soncni-sistem-fotovoltaicno-tesnjenje-z-izjemno-vzdrzljivostjo-in-povecanjem-ucinkovitosti","status":"publish","type":"product","link":"https:\/\/www.versiegelung24.com\/sl\/popoln-komplet-premium-soncni-sistem-fotovoltaicno-tesnjenje-z-izjemno-vzdrzljivostjo-in-povecanjem-ucinkovitosti.html","title":{"rendered":"Celoten komplet za tesnjenje solarnih sistemov \/ fotovoltai\u010dnih sistemov"},"content":{"rendered":"\n<p><strong>Celoten komplet, ki ga sestavljajo biolo\u0161ki pred\u010distilec, bioetanol za odstranjevanje ma\u0161\u010dobe in visoko zmogljivo nano tesnilo na osnovi teko\u010dega stekla<\/strong><\/p>\n\n<p><strong>Zelo u\u010dinkovit nano-premaz za son\u010dne sisteme z u\u010dinkom lotosa (vodoodbojen)<\/strong><\/p>\n\n<p>Visoka kakovost izdelana v Nem\u010diji<\/p>\n\n<h4 class=\"wp-block-heading\" id=\"properties\">lastnosti<\/h4>\n\n<div class=\"wp-block-columns is-layout-flex wp-container-core-columns-is-layout-9d6595d7 wp-block-columns-is-layout-flex\">\n<div class=\"wp-block-column is-layout-flow wp-block-column-is-layout-flow\">\n<ul class=\"wp-block-list\">\n<li>Tehnologija prihodnosti z nevidno za\u0161\u010ditno plastjo, pribli\u017eno 100 nm (nanometrov) &#8220;debele&#8221;<\/li>\n\n\n\n<li>\u0160\u010diti povr\u0161ino<\/li>\n\n\n\n<li>Odporen na vro\u010dino in zmrzal<\/li>\n\n\n\n<li>Odporen na morsko vodo in sol (kislo\/alkalno 1,5 do 12,5 ph)<\/li>\n\n\n\n<li>Odporen na vodo in umazanijo<\/li>\n\n\n\n<li>Enostavna in hitra aplikacija<\/li>\n\n\n\n<li>Uporablja se pri +10\u00b0 do +30\u00b0C<\/li>\n\n\n\n<li>UV stabilen<\/li>\n\n\n\n<li>U\u010dinek &#8220;enostavnega \u010di\u0161\u010denja&#8221; (povr\u0161ine so enostavne za \u010di\u0161\u010denje = prihrani \u010das in denar, nekaj umazanije pa je \u017ee oprano z de\u017ejem)<\/li>\n\n\n\n<li>Poraba: cca 150 m\u00b2 z enim litrom<\/li>\n\n\n\n<li>Zmanj\u0161a ekolo\u0161ki (CO2) odtis pri \u010di\u0161\u010denju:\n<ul class=\"wp-block-list\">\n<li>Potrebno je manj vode<\/li>\n\n\n\n<li>Potrebnih je manj kemi\u010dnih \u010distil<\/li>\n<\/ul>\n<\/li>\n<\/ul>\n<\/div>\n\n\n\n<div class=\"wp-block-column is-layout-flow wp-block-column-is-layout-flow\">\n<p><strong>Obseg dobave:<\/strong><\/p>\n\n\n\n<ul class=\"wp-block-list\">\n<li>500 ml Biosativa\u00ae koncentrat organskega \u010distila 1:10 za pred\u010di\u0161\u010denje<\/li>\n\n\n\n<li>1000 ml izopropanol alkohola 99,9 % za razma\u0161\u010devanje<\/li>\n\n\n\n<li>500 ml tesnilo iz teko\u010dega stekla 7601 (za pribl. 75-100 m\u00b2)<\/li>\n\n\n\n<li>100 su\u0161ilnih brisa\u010d 25 x 16 cm za predhodno \u010di\u0161\u010denje<\/li>\n\n\n\n<li>10 krp iz mikrovlaken 10 x 10 cm za nana\u0161anje<\/li>\n\n\n\n<li>5 krp iz mikrovlaken 30 x 30 cm za poliranje<\/li>\n\n\n\n<li>10 za\u0161\u010ditnih rokavic za enkratno uporabo<\/li>\n<\/ul>\n<\/div>\n<\/div>\n\n<hr\/>\n\n<h4 class=\"wp-block-heading\" id=\"application\">Aplikacija<\/h4>\n\n<p>Enostavna aplikacija<\/p>\n\n<ol class=\"wp-block-list\">\n<li>Zelo dobro predo\u010distite modul z Biosativo (bolj\u0161e kot je pred\u010di\u0161\u010denje, dlje bo tesnilo trajalo)<\/li>\n\n\n\n<li>Pred zapiranjem ponovno o\u010distite z alkoholom<\/li>\n\n\n\n<li>Nanesite tesnjenje s krpo, polirajte &#8211; kon\u010dano.<\/li>\n<\/ol>\n\n<p><\/p>\n","protected":false},"excerpt":{"rendered":"<div class=\"column mcb-column mcb-item-mrk8thufa one column_column column-margin-0px\">\n<div class=\"column_attr clearfix\"><b>Fotovoltai\u010dni moduli prina\u0161ajo najbolj\u0161i donos v optimalnih pogojih<\/b> <b>.<\/b> <\/div>\n<div class=\"column_attr clearfix\"><b>Z na\u0161im posebnim tesnilom podalj\u0161amo cikel \u010di\u0161\u010denja in znatno poenostavimo \u010di\u0161\u010denje. <\/b><\/div>\n<div class=\"column_attr clearfix\"><b>To vodi do pove\u010dane donosnosti va\u0161e nalo\u017ebe.<\/b><\/div>\n<\/div>\n","protected":false},"featured_media":18514,"template":"","meta":{"_acf_changed":false,"neve_meta_sidebar":"","neve_meta_container":"","neve_meta_enable_content_width":"","neve_meta_content_width":0,"neve_meta_title_alignment":"","neve_meta_author_avatar":"","neve_post_elements_order":"","neve_meta_disable_header":"","neve_meta_disable_footer":"","neve_meta_disable_title":"","neve_meta_reading_time":"","_surfaces":[],"_ver_product_tabs":[],"footnotes":""},"product_brand":[],"product_cat":[2227],"product_tag":[],"class_list":{"0":"post-62264","1":"product","2":"type-product","3":"status-publish","4":"has-post-thumbnail","6":"product_cat-tesnilo-za-steklo-in-keramiko","8":"first","9":"instock","10":"taxable","11":"shipping-taxable","12":"purchasable","13":"product-type-simple"},"acf":[],"yoast_head":"<!-- This site is optimized with the Yoast SEO Premium plugin v22.8 (Yoast SEO v27.5) - https:\/\/yoast.com\/product\/yoast-seo-premium-wordpress\/ -->\n<title>Celoten komplet za tesnjenje solarnih sistemov \/ fotovoltai\u010dnih sistemov - versiegelung24.com<\/title>\n<meta name=\"robots\" content=\"index, follow, max-snippet:-1, max-image-preview:large, max-video-preview:-1\" \/>\n<link rel=\"canonical\" href=\"https:\/\/www.versiegelung24.com\/sl\/popoln-komplet-premium-soncni-sistem-fotovoltaicno-tesnjenje-z-izjemno-vzdrzljivostjo-in-povecanjem-ucinkovitosti.html\" \/>\n<meta property=\"og:locale\" content=\"sl_SI\" \/>\n<meta property=\"og:type\" content=\"article\" \/>\n<meta property=\"og:title\" content=\"Celoten komplet za tesnjenje solarnih sistemov \/ fotovoltai\u010dnih sistemov\" \/>\n<meta property=\"og:description\" content=\"Fotovoltai\u010dni moduli prina\u0161ajo najbolj\u0161i donos v optimalnih pogojih . Z na\u0161im posebnim tesnilom podalj\u0161amo cikel \u010di\u0161\u010denja in znatno poenostavimo \u010di\u0161\u010denje. To vodi do pove\u010dane donosnosti va\u0161e nalo\u017ebe.\" \/>\n<meta property=\"og:url\" content=\"https:\/\/www.versiegelung24.com\/sl\/popoln-komplet-premium-soncni-sistem-fotovoltaicno-tesnjenje-z-izjemno-vzdrzljivostjo-in-povecanjem-ucinkovitosti.html\" \/>\n<meta property=\"og:site_name\" content=\"versiegelung24.com\" \/>\n<meta property=\"article:modified_time\" content=\"2025-01-05T16:31:44+00:00\" \/>\n<meta property=\"og:image\" content=\"https:\/\/www.versiegelung24.com\/wp-content\/uploads\/2020\/06\/produkt-7000-7601-1000-Solarversiegelung-scaled.jpg\" \/>\n\t<meta property=\"og:image:width\" content=\"2560\" \/>\n\t<meta property=\"og:image:height\" content=\"2560\" \/>\n\t<meta property=\"og:image:type\" content=\"image\/jpeg\" \/>\n<meta name=\"twitter:card\" content=\"summary_large_image\" \/>\n<meta name=\"twitter:label1\" content=\"Price\" \/>\n\t<meta name=\"twitter:data1\" content=\"199,00&euro;\" \/>\n\t<meta name=\"twitter:label2\" content=\"Availability\" \/>\n\t<meta name=\"twitter:data2\" content=\"In stock\" \/>\n<script type=\"application\/ld+json\" class=\"yoast-schema-graph\">{\"@context\":\"https:\\\/\\\/schema.org\",\"@graph\":[{\"@type\":\"WebPage\",\"@id\":\"https:\\\/\\\/www.versiegelung24.com\\\/sl\\\/popoln-komplet-premium-soncni-sistem-fotovoltaicno-tesnjenje-z-izjemno-vzdrzljivostjo-in-povecanjem-ucinkovitosti.html\",\"url\":\"https:\\\/\\\/www.versiegelung24.com\\\/sl\\\/popoln-komplet-premium-soncni-sistem-fotovoltaicno-tesnjenje-z-izjemno-vzdrzljivostjo-in-povecanjem-ucinkovitosti.html\",\"name\":\"Celoten komplet za tesnjenje solarnih sistemov \\\/ fotovoltai\u010dnih sistemov - versiegelung24.com\",\"isPartOf\":{\"@id\":\"https:\\\/\\\/www.versiegelung24.com\\\/sl\\\/#website\"},\"primaryImageOfPage\":{\"@id\":\"https:\\\/\\\/www.versiegelung24.com\\\/sl\\\/popoln-komplet-premium-soncni-sistem-fotovoltaicno-tesnjenje-z-izjemno-vzdrzljivostjo-in-povecanjem-ucinkovitosti.html#primaryimage\"},\"image\":{\"@id\":\"https:\\\/\\\/www.versiegelung24.com\\\/sl\\\/popoln-komplet-premium-soncni-sistem-fotovoltaicno-tesnjenje-z-izjemno-vzdrzljivostjo-in-povecanjem-ucinkovitosti.html#primaryimage\"},\"thumbnailUrl\":\"https:\\\/\\\/www.versiegelung24.com\\\/wp-content\\\/uploads\\\/2020\\\/06\\\/produkt-7000-7601-1000-Solarversiegelung-scaled.jpg\",\"datePublished\":\"2022-02-06T22:04:06+00:00\",\"dateModified\":\"2025-01-05T16:31:44+00:00\",\"breadcrumb\":{\"@id\":\"https:\\\/\\\/www.versiegelung24.com\\\/sl\\\/popoln-komplet-premium-soncni-sistem-fotovoltaicno-tesnjenje-z-izjemno-vzdrzljivostjo-in-povecanjem-ucinkovitosti.html#breadcrumb\"},\"inLanguage\":\"sl-SI\",\"potentialAction\":[{\"@type\":\"ReadAction\",\"target\":[\"https:\\\/\\\/www.versiegelung24.com\\\/sl\\\/popoln-komplet-premium-soncni-sistem-fotovoltaicno-tesnjenje-z-izjemno-vzdrzljivostjo-in-povecanjem-ucinkovitosti.html\"]}]},{\"@type\":\"ImageObject\",\"inLanguage\":\"sl-SI\",\"@id\":\"https:\\\/\\\/www.versiegelung24.com\\\/sl\\\/popoln-komplet-premium-soncni-sistem-fotovoltaicno-tesnjenje-z-izjemno-vzdrzljivostjo-in-povecanjem-ucinkovitosti.html#primaryimage\",\"url\":\"https:\\\/\\\/www.versiegelung24.com\\\/wp-content\\\/uploads\\\/2020\\\/06\\\/produkt-7000-7601-1000-Solarversiegelung-scaled.jpg\",\"contentUrl\":\"https:\\\/\\\/www.versiegelung24.com\\\/wp-content\\\/uploads\\\/2020\\\/06\\\/produkt-7000-7601-1000-Solarversiegelung-scaled.jpg\",\"width\":2560,\"height\":2560},{\"@type\":\"BreadcrumbList\",\"@id\":\"https:\\\/\\\/www.versiegelung24.com\\\/sl\\\/popoln-komplet-premium-soncni-sistem-fotovoltaicno-tesnjenje-z-izjemno-vzdrzljivostjo-in-povecanjem-ucinkovitosti.html#breadcrumb\",\"itemListElement\":[{\"@type\":\"ListItem\",\"position\":1,\"name\":\"Doma\u010da stran\",\"item\":\"https:\\\/\\\/www.versiegelung24.com\\\/sl\\\/spredaj\\\/\"},{\"@type\":\"ListItem\",\"position\":2,\"name\":\"Nakupujte\",\"item\":\"https:\\\/\\\/www.versiegelung24.com\\\/sl\\\/nakupujte\\\/\"},{\"@type\":\"ListItem\",\"position\":3,\"name\":\"Celoten komplet za tesnjenje solarnih sistemov \\\/ fotovoltai\u010dnih sistemov\"}]},{\"@type\":\"WebSite\",\"@id\":\"https:\\\/\\\/www.versiegelung24.com\\\/sl\\\/#website\",\"url\":\"https:\\\/\\\/www.versiegelung24.com\\\/sl\\\/\",\"name\":\"versiegelung24.com\",\"description\":\"Fl\u00fcssigglas-Versiegelung - Made in Germany\",\"publisher\":{\"@id\":\"https:\\\/\\\/www.versiegelung24.com\\\/sl\\\/#organization\"},\"potentialAction\":[{\"@type\":\"SearchAction\",\"target\":{\"@type\":\"EntryPoint\",\"urlTemplate\":\"https:\\\/\\\/www.versiegelung24.com\\\/sl\\\/?s={search_term_string}\"},\"query-input\":{\"@type\":\"PropertyValueSpecification\",\"valueRequired\":true,\"valueName\":\"search_term_string\"}}],\"inLanguage\":\"sl-SI\"},{\"@type\":\"Organization\",\"@id\":\"https:\\\/\\\/www.versiegelung24.com\\\/sl\\\/#organization\",\"name\":\"versiegelung24\",\"url\":\"https:\\\/\\\/www.versiegelung24.com\\\/sl\\\/\",\"logo\":{\"@type\":\"ImageObject\",\"inLanguage\":\"sl-SI\",\"@id\":\"https:\\\/\\\/www.versiegelung24.com\\\/sl\\\/#\\\/schema\\\/logo\\\/image\\\/\",\"url\":\"https:\\\/\\\/www.versiegelung24.com\\\/wp-content\\\/uploads\\\/2020\\\/04\\\/versiegelung24.png\",\"contentUrl\":\"https:\\\/\\\/www.versiegelung24.com\\\/wp-content\\\/uploads\\\/2020\\\/04\\\/versiegelung24.png\",\"width\":470,\"height\":102,\"caption\":\"versiegelung24\"},\"image\":{\"@id\":\"https:\\\/\\\/www.versiegelung24.com\\\/sl\\\/#\\\/schema\\\/logo\\\/image\\\/\"}}]}<\/script>\n<meta property=\"product:price:amount\" content=\"199.00\" \/>\n<meta property=\"product:price:currency\" content=\"EUR\" \/>\n<meta property=\"og:availability\" content=\"instock\" \/>\n<meta property=\"product:availability\" content=\"instock\" \/>\n<meta property=\"product:retailer_item_id\" content=\"7005-5575-komplettset\" \/>\n<meta property=\"product:condition\" content=\"new\" \/>\n<!-- \/ Yoast SEO Premium plugin. -->","yoast_head_json":{"title":"Celoten komplet za tesnjenje solarnih sistemov \/ fotovoltai\u010dnih sistemov - versiegelung24.com","robots":{"index":"index","follow":"follow","max-snippet":"max-snippet:-1","max-image-preview":"max-image-preview:large","max-video-preview":"max-video-preview:-1"},"canonical":"https:\/\/www.versiegelung24.com\/sl\/popoln-komplet-premium-soncni-sistem-fotovoltaicno-tesnjenje-z-izjemno-vzdrzljivostjo-in-povecanjem-ucinkovitosti.html","og_locale":"sl_SI","og_type":"article","og_title":"Celoten komplet za tesnjenje solarnih sistemov \/ fotovoltai\u010dnih sistemov","og_description":"Fotovoltai\u010dni moduli prina\u0161ajo najbolj\u0161i donos v optimalnih pogojih . Z na\u0161im posebnim tesnilom podalj\u0161amo cikel \u010di\u0161\u010denja in znatno poenostavimo \u010di\u0161\u010denje. To vodi do pove\u010dane donosnosti va\u0161e nalo\u017ebe.","og_url":"https:\/\/www.versiegelung24.com\/sl\/popoln-komplet-premium-soncni-sistem-fotovoltaicno-tesnjenje-z-izjemno-vzdrzljivostjo-in-povecanjem-ucinkovitosti.html","og_site_name":"versiegelung24.com","article_modified_time":"2025-01-05T16:31:44+00:00","og_image":[{"width":2560,"height":2560,"url":"https:\/\/www.versiegelung24.com\/wp-content\/uploads\/2020\/06\/produkt-7000-7601-1000-Solarversiegelung-scaled.jpg","type":"image\/jpeg"}],"twitter_card":"summary_large_image","twitter_misc":{"Price":"199,00&euro;","Availability":"In stock"},"schema":{"@context":"https:\/\/schema.org","@graph":[{"@type":"WebPage","@id":"https:\/\/www.versiegelung24.com\/sl\/popoln-komplet-premium-soncni-sistem-fotovoltaicno-tesnjenje-z-izjemno-vzdrzljivostjo-in-povecanjem-ucinkovitosti.html","url":"https:\/\/www.versiegelung24.com\/sl\/popoln-komplet-premium-soncni-sistem-fotovoltaicno-tesnjenje-z-izjemno-vzdrzljivostjo-in-povecanjem-ucinkovitosti.html","name":"Celoten komplet za tesnjenje solarnih sistemov \/ fotovoltai\u010dnih sistemov - versiegelung24.com","isPartOf":{"@id":"https:\/\/www.versiegelung24.com\/sl\/#website"},"primaryImageOfPage":{"@id":"https:\/\/www.versiegelung24.com\/sl\/popoln-komplet-premium-soncni-sistem-fotovoltaicno-tesnjenje-z-izjemno-vzdrzljivostjo-in-povecanjem-ucinkovitosti.html#primaryimage"},"image":{"@id":"https:\/\/www.versiegelung24.com\/sl\/popoln-komplet-premium-soncni-sistem-fotovoltaicno-tesnjenje-z-izjemno-vzdrzljivostjo-in-povecanjem-ucinkovitosti.html#primaryimage"},"thumbnailUrl":"https:\/\/www.versiegelung24.com\/wp-content\/uploads\/2020\/06\/produkt-7000-7601-1000-Solarversiegelung-scaled.jpg","datePublished":"2022-02-06T22:04:06+00:00","dateModified":"2025-01-05T16:31:44+00:00","breadcrumb":{"@id":"https:\/\/www.versiegelung24.com\/sl\/popoln-komplet-premium-soncni-sistem-fotovoltaicno-tesnjenje-z-izjemno-vzdrzljivostjo-in-povecanjem-ucinkovitosti.html#breadcrumb"},"inLanguage":"sl-SI","potentialAction":[{"@type":"ReadAction","target":["https:\/\/www.versiegelung24.com\/sl\/popoln-komplet-premium-soncni-sistem-fotovoltaicno-tesnjenje-z-izjemno-vzdrzljivostjo-in-povecanjem-ucinkovitosti.html"]}]},{"@type":"ImageObject","inLanguage":"sl-SI","@id":"https:\/\/www.versiegelung24.com\/sl\/popoln-komplet-premium-soncni-sistem-fotovoltaicno-tesnjenje-z-izjemno-vzdrzljivostjo-in-povecanjem-ucinkovitosti.html#primaryimage","url":"https:\/\/www.versiegelung24.com\/wp-content\/uploads\/2020\/06\/produkt-7000-7601-1000-Solarversiegelung-scaled.jpg","contentUrl":"https:\/\/www.versiegelung24.com\/wp-content\/uploads\/2020\/06\/produkt-7000-7601-1000-Solarversiegelung-scaled.jpg","width":2560,"height":2560},{"@type":"BreadcrumbList","@id":"https:\/\/www.versiegelung24.com\/sl\/popoln-komplet-premium-soncni-sistem-fotovoltaicno-tesnjenje-z-izjemno-vzdrzljivostjo-in-povecanjem-ucinkovitosti.html#breadcrumb","itemListElement":[{"@type":"ListItem","position":1,"name":"Doma\u010da stran","item":"https:\/\/www.versiegelung24.com\/sl\/spredaj\/"},{"@type":"ListItem","position":2,"name":"Nakupujte","item":"https:\/\/www.versiegelung24.com\/sl\/nakupujte\/"},{"@type":"ListItem","position":3,"name":"Celoten komplet za tesnjenje solarnih sistemov \/ fotovoltai\u010dnih sistemov"}]},{"@type":"WebSite","@id":"https:\/\/www.versiegelung24.com\/sl\/#website","url":"https:\/\/www.versiegelung24.com\/sl\/","name":"versiegelung24.com","description":"Fl\u00fcssigglas-Versiegelung - Made in Germany","publisher":{"@id":"https:\/\/www.versiegelung24.com\/sl\/#organization"},"potentialAction":[{"@type":"SearchAction","target":{"@type":"EntryPoint","urlTemplate":"https:\/\/www.versiegelung24.com\/sl\/?s={search_term_string}"},"query-input":{"@type":"PropertyValueSpecification","valueRequired":true,"valueName":"search_term_string"}}],"inLanguage":"sl-SI"},{"@type":"Organization","@id":"https:\/\/www.versiegelung24.com\/sl\/#organization","name":"versiegelung24","url":"https:\/\/www.versiegelung24.com\/sl\/","logo":{"@type":"ImageObject","inLanguage":"sl-SI","@id":"https:\/\/www.versiegelung24.com\/sl\/#\/schema\/logo\/image\/","url":"https:\/\/www.versiegelung24.com\/wp-content\/uploads\/2020\/04\/versiegelung24.png","contentUrl":"https:\/\/www.versiegelung24.com\/wp-content\/uploads\/2020\/04\/versiegelung24.png","width":470,"height":102,"caption":"versiegelung24"},"image":{"@id":"https:\/\/www.versiegelung24.com\/sl\/#\/schema\/logo\/image\/"}}]},"product_price_amount":"199.00","product_price_currency":"EUR","og_availability":"instock","product_availability":"instock","product_retailer_item_id":"7005-5575-komplettset","product_condition":"new"},"_links":{"self":[{"href":"https:\/\/www.versiegelung24.com\/sl\/wp-json\/wp\/v2\/product\/62264","targetHints":{"allow":["GET"]}}],"collection":[{"href":"https:\/\/www.versiegelung24.com\/sl\/wp-json\/wp\/v2\/product"}],"about":[{"href":"https:\/\/www.versiegelung24.com\/sl\/wp-json\/wp\/v2\/types\/product"}],"version-history":[{"count":13,"href":"https:\/\/www.versiegelung24.com\/sl\/wp-json\/wp\/v2\/product\/62264\/revisions"}],"predecessor-version":[{"id":141475,"href":"https:\/\/www.versiegelung24.com\/sl\/wp-json\/wp\/v2\/product\/62264\/revisions\/141475"}],"wp:featuredmedia":[{"embeddable":true,"href":"https:\/\/www.versiegelung24.com\/sl\/wp-json\/wp\/v2\/media\/18514"}],"wp:attachment":[{"href":"https:\/\/www.versiegelung24.com\/sl\/wp-json\/wp\/v2\/media?parent=62264"}],"wp:term":[{"taxonomy":"product_brand","embeddable":true,"href":"https:\/\/www.versiegelung24.com\/sl\/wp-json\/wp\/v2\/product_brand?post=62264"},{"taxonomy":"product_cat","embeddable":true,"href":"https:\/\/www.versiegelung24.com\/sl\/wp-json\/wp\/v2\/product_cat?post=62264"},{"taxonomy":"product_tag","embeddable":true,"href":"https:\/\/www.versiegelung24.com\/sl\/wp-json\/wp\/v2\/product_tag?post=62264"}],"curies":[{"name":"wp","href":"https:\/\/api.w.org\/{rel}","templated":true}]}}