{"id":94897,"date":"2022-11-29T14:50:43","date_gmt":"2022-11-29T13:50:48","guid":{"rendered":"https:\/\/www.versiegelung24.com\/?post_type=product&#038;p=94897"},"modified":"2025-01-05T17:41:24","modified_gmt":"2025-01-05T16:41:24","slug":"percent-c2-percent","status":"publish","type":"product","link":"https:\/\/www.versiegelung24.com\/sl\/percent-c2-percent.html","title":{"rendered":"TiOSEPT\u00ae SG-55 Dolgotrajna povr\u0161inska za\u0161\u010dita, 20 kompletov po 1m\u00b2"},"content":{"rendered":"\n<p><strong>Protimikrobna teko\u010da tesnilna masa za steklo, ki<\/strong> je <strong>u\u010dinkovita do 18 mesecev<\/strong> &#8211; 20 pripravljenih vre\u010dk za uporabo za 1m\u00b2 povr\u0161ine.  <\/p>\n\n<p><strong>Dolgoro\u010dna povr\u0161inska za\u0161\u010dita, primerna za gladke povr\u0161ine<\/strong>: Steklo, nerjave\u010de jeklo, aluminij in obdelan les<\/p>\n\n<hr\/>\n\n<h4 class=\"wp-block-heading\" id=\"properties\">Zna\u010dilnosti izdelka<\/h4>\n\n<div class=\"wp-block-columns is-layout-flex wp-container-core-columns-is-layout-9d6595d7 wp-block-columns-is-layout-flex\">\n<div class=\"wp-block-column is-layout-flow wp-block-column-is-layout-flow\">\n<ul class=\"wp-block-list\">\n<li>Eliminira bakterije (E.coli, S. aureus) in ovojnice virusov (Corona, Ebola, Rota virus) do 99,99 %.<\/li>\n\n\n\n<li>Prepre\u010duje naselitev kvasovk in plesni.<\/li>\n\n\n\n<li>Dermatolo\u0161ko testirano &#8220;zelo dobro<\/li>\n\n\n\n<li>Povr\u0161ine je la\u017eje in hitreje o\u010distiti (&#8220;easy-to-clean&#8221;).<\/li>\n\n\n\n<li>Za notranjo in zunanjo uporabo<\/li>\n\n\n\n<li>Odpornost na obrabo (pove\u010dana odpornost na praske)<\/li>\n\n\n\n<li>Enostavna in hitra uporaba<\/li>\n\n\n\n<li>Povr\u0161inska trdota na steklu 9H (T\u00dcV test v skladu z MSZ EN ISO 15184:2013)<\/li>\n\n\n\n<li>Trdota prask na steklu 10N (T\u00dcV test po MSZ 9640\/41:1983)<\/li>\n\n\n\n<li>Kontaktni kot 95\u00b0 na steklu in 91\u00b0 na nerjavnem jeklu, po 10.000 ciklih \u010di\u0161\u010denja 92\u00b0 + 85\u00b0 (test T\u00dcV z vodo)<\/li>\n<\/ul>\n<\/div>\n\n\n\n<div class=\"wp-block-column is-layout-flow wp-block-column-is-layout-flow\">\n<ul class=\"wp-block-list\">\n<li>Debelina plasti pribli\u017eno 20 nm (nanometrov)<\/li>\n\n\n\n<li>Hrapavost: 6 nm na povr\u0161ini<\/li>\n\n\n\n<li>Vre\u010dke (posami\u010dno pakirani vla\u017eni rob\u010dki)<\/li>\n\n\n\n<li>Vre\u010dka 1: krpa za predhodno \u010di\u0161\u010denje, namo\u010dena z IPA (izopropanol) 99 %.<\/li>\n\n\n\n<li>Vre\u010dka 2: tesnilna krpa, prepojena s TiOSEPT\u00ae SG-55<\/li>\n\n\n\n<li>Viskozno flis, brez plastike, 60 g\/m\u00b2<\/li>\n\n\n\n<li>Velikost tkanine 100 x 140 mm<\/li>\n\n\n\n<li>Ena krpa zadostuje za pribli\u017eno 1 m\u00b2<\/li>\n\n\n\n<li>BAUA-Reg.No. N-104947<\/li>\n<\/ul>\n<\/div>\n<\/div>\n\n<hr\/>\n\n<h4 class=\"wp-block-heading\" id=\"application\">Aplikacija<\/h4>\n\n<p><strong>TiOSEPT\u00ae SG-55 <\/strong>komplet vre\u010dk za gladke povr\u0161ine steklo, nerjavno jeklo, jeklo, aluminijasta plastika in obdelan les<\/p>\n\n<h5 class=\"wp-block-heading\">Predhodno \u010di\u0161\u010denje<\/h5>\n\n<p>Priporo\u010dljivo je nositi za\u0161\u010ditne rokavice za enkratno uporabo. Temperatura uporabe 5-35 \u00b0C.<\/p>\n\n<ol class=\"wp-block-list\">\n<li>Povr\u0161ino posebej skrbno o\u010distite s \u010distili, ki so na voljo na trgu. Bolj\u0161e kot je \u010di\u0161\u010denje, dlje bo tesnilo obstojno. Nato povr\u0161ino posu\u0161ite.<\/li>\n\n\n\n<li>Iz vre\u010dke odstranite alkoholno krpo za predhodno \u010di\u0161\u010denje in z njo temeljito razmastite povr\u0161ino.<\/li>\n\n\n\n<li>Povr\u0161ina min. Po\u010dakajte 1 minuto, da se posu\u0161i.<\/li>\n<\/ol>\n\n<h5 class=\"wp-block-heading\">Tesnjenje<\/h5>\n\n<p>Priporo\u010dljivo je nositi za\u0161\u010ditne rokavice za enkratno uporabo. Temperatura uporabe 5-35 \u00b0C.<\/p>\n\n<ol class=\"wp-block-list\">\n<li>Iz vre\u010dke odstranite tesnilno krpo in povr\u0161ino obri\u0161ite enkrat navpi\u010dno in enkrat vodoravno. Krpa zadostuje za pribli\u017eno 1m\u00b2. Pomembno je, da delate hitro, saj je krpa suha po pribli\u017eno 90 sekundah.<\/li>\n\n\n\n<li>Po\u010dakajte, da se povr\u0161ina su\u0161i vsaj 2 minuti (pod 15 \u00b0C = 10 minut), 10 minut se je ne dotikajte. Popolno strjevanje po 10 urah. Po potrebi nanos ponovite. \u010ce se pojavi rahlo sivo odstopanje, ga lahko previdno spolirate s krpo iz mikrovlaken.<\/li>\n<\/ol>\n\n<p>Plasti\u010dne povr\u0161ine postanejo protimikrobne in dobijo ve\u010djo hidrofobnost, odpornost proti praskam pa se ne spremeni. Uporaba na polikarbonatu in pleksi steklu\u00ae ni priporo\u010dljiva.<\/p>\n\n<h5 class=\"wp-block-heading\" id=\"gebrauch\">skladi\u0161\u010denje<\/h5>\n\n<p><strong>TiOSEPT\u00ae SG-55<\/strong> shranjujte pri temperaturi od +5 do +25 \u00b0C. Za\u0161\u010ditite pred zmrzaljo in neposredno son\u010dno svetlobo.<\/p>\n","protected":false},"excerpt":{"rendered":"<p><strong>Protimikrobna dolgotrajna za\u0161\u010dita do 18 mesecev<\/strong> <strong>za gladke povr\u0161ine<\/strong><\/p>\n<p>\u2713 Transparentno in nevidno<\/p>\n<p>\u2713 Vodoodbojnost<\/p>\n<p>Preizku\u0161eno s strani neodvisnih in\u0161titutov za testiranje<\/p>\n<p>\u2713 Kompleti vre\u010dk, pripravljenih za uporabo, za predhodno \u010di\u0161\u010denje in tesnjenje<\/p>\n","protected":false},"featured_media":94936,"template":"","meta":{"_acf_changed":false,"neve_meta_sidebar":"","neve_meta_container":"","neve_meta_enable_content_width":"","neve_meta_content_width":0,"neve_meta_title_alignment":"","neve_meta_author_avatar":"","neve_post_elements_order":"","neve_meta_disable_header":"","neve_meta_disable_footer":"","neve_meta_disable_title":"","neve_meta_reading_time":"","_surfaces":[],"_ver_product_tabs":[],"footnotes":""},"product_brand":[],"product_cat":[2249,2258,2259,2525,3026,2227],"product_tag":[],"class_list":{"0":"post-94897","1":"product","2":"type-product","3":"status-publish","4":"has-post-thumbnail","6":"product_cat-tesnjenje-iz-kovine-in-plastike","7":"product_cat-razkuzila","8":"product_cat-povrsinska-razkuzila","9":"product_cat-univerzalno-tesnilo","10":"product_cat-dezinfekcijsko-sredstvo-za-mobilne-telefone","11":"product_cat-tesnilo-za-steklo-in-keramiko","13":"first","14":"onbackorder","15":"taxable","16":"shipping-taxable","17":"purchasable","18":"product-type-simple"},"acf":[],"yoast_head":"<!-- This site is optimized with the Yoast SEO Premium plugin v22.8 (Yoast SEO v27.5) - https:\/\/yoast.com\/product\/yoast-seo-premium-wordpress\/ -->\n<title>TiOSEPT\u00ae SG-55 Dolgotrajna povr\u0161inska za\u0161\u010dita, 20 kompletov po 1m\u00b2 - versiegelung24.com<\/title>\n<meta name=\"robots\" content=\"index, follow, max-snippet:-1, max-image-preview:large, max-video-preview:-1\" \/>\n<link rel=\"canonical\" href=\"https:\/\/www.versiegelung24.com\/sl\/percent-c2-percent.html\" \/>\n<meta property=\"og:locale\" content=\"sl_SI\" \/>\n<meta property=\"og:type\" content=\"article\" \/>\n<meta property=\"og:title\" content=\"TiOSEPT\u00ae SG-55 Dolgotrajna povr\u0161inska za\u0161\u010dita, 20 kompletov po 1m\u00b2\" \/>\n<meta property=\"og:description\" content=\"Protimikrobna dolgotrajna za\u0161\u010dita do 18 mesecev za gladke povr\u0161ine \u2713 Transparentno in nevidno \u2713 Vodoodbojnost Preizku\u0161eno s strani neodvisnih in\u0161titutov za testiranje \u2713 Kompleti vre\u010dk, pripravljenih za uporabo, za predhodno \u010di\u0161\u010denje in tesnjenje\" \/>\n<meta property=\"og:url\" content=\"https:\/\/www.versiegelung24.com\/sl\/percent-c2-percent.html\" \/>\n<meta property=\"og:site_name\" content=\"versiegelung24.com\" \/>\n<meta property=\"article:modified_time\" content=\"2025-01-05T16:41:24+00:00\" \/>\n<meta property=\"og:image\" content=\"https:\/\/www.versiegelung24.com\/wp-content\/uploads\/2022\/11\/Tiosept-Schachtel-rechts.jpg\" \/>\n\t<meta property=\"og:image:width\" content=\"1668\" \/>\n\t<meta property=\"og:image:height\" content=\"1568\" \/>\n\t<meta property=\"og:image:type\" content=\"image\/jpeg\" \/>\n<meta name=\"twitter:card\" content=\"summary_large_image\" \/>\n<meta name=\"twitter:label1\" content=\"Price\" \/>\n\t<meta name=\"twitter:data1\" content=\"79,99&euro;\" \/>\n\t<meta name=\"twitter:label2\" content=\"Availability\" \/>\n\t<meta name=\"twitter:data2\" content=\"On backorder\" \/>\n<script type=\"application\/ld+json\" class=\"yoast-schema-graph\">{\"@context\":\"https:\\\/\\\/schema.org\",\"@graph\":[{\"@type\":\"WebPage\",\"@id\":\"https:\\\/\\\/www.versiegelung24.com\\\/sl\\\/percent-c2-percent.html\",\"url\":\"https:\\\/\\\/www.versiegelung24.com\\\/sl\\\/percent-c2-percent.html\",\"name\":\"TiOSEPT\u00ae SG-55 Dolgotrajna povr\u0161inska za\u0161\u010dita, 20 kompletov po 1m\u00b2 - versiegelung24.com\",\"isPartOf\":{\"@id\":\"https:\\\/\\\/www.versiegelung24.com\\\/sl\\\/#website\"},\"primaryImageOfPage\":{\"@id\":\"https:\\\/\\\/www.versiegelung24.com\\\/sl\\\/percent-c2-percent.html#primaryimage\"},\"image\":{\"@id\":\"https:\\\/\\\/www.versiegelung24.com\\\/sl\\\/percent-c2-percent.html#primaryimage\"},\"thumbnailUrl\":\"https:\\\/\\\/www.versiegelung24.com\\\/wp-content\\\/uploads\\\/2022\\\/11\\\/Tiosept-Schachtel-rechts.jpg\",\"datePublished\":\"2022-11-29T13:50:48+00:00\",\"dateModified\":\"2025-01-05T16:41:24+00:00\",\"breadcrumb\":{\"@id\":\"https:\\\/\\\/www.versiegelung24.com\\\/sl\\\/percent-c2-percent.html#breadcrumb\"},\"inLanguage\":\"sl-SI\",\"potentialAction\":[{\"@type\":\"ReadAction\",\"target\":[\"https:\\\/\\\/www.versiegelung24.com\\\/sl\\\/percent-c2-percent.html\"]}]},{\"@type\":\"ImageObject\",\"inLanguage\":\"sl-SI\",\"@id\":\"https:\\\/\\\/www.versiegelung24.com\\\/sl\\\/percent-c2-percent.html#primaryimage\",\"url\":\"https:\\\/\\\/www.versiegelung24.com\\\/wp-content\\\/uploads\\\/2022\\\/11\\\/Tiosept-Schachtel-rechts.jpg\",\"contentUrl\":\"https:\\\/\\\/www.versiegelung24.com\\\/wp-content\\\/uploads\\\/2022\\\/11\\\/Tiosept-Schachtel-rechts.jpg\",\"width\":1668,\"height\":1568},{\"@type\":\"BreadcrumbList\",\"@id\":\"https:\\\/\\\/www.versiegelung24.com\\\/sl\\\/percent-c2-percent.html#breadcrumb\",\"itemListElement\":[{\"@type\":\"ListItem\",\"position\":1,\"name\":\"Doma\u010da stran\",\"item\":\"https:\\\/\\\/www.versiegelung24.com\\\/sl\\\/spredaj\\\/\"},{\"@type\":\"ListItem\",\"position\":2,\"name\":\"Nakupujte\",\"item\":\"https:\\\/\\\/www.versiegelung24.com\\\/sl\\\/nakupujte\\\/\"},{\"@type\":\"ListItem\",\"position\":3,\"name\":\"TiOSEPT\u00ae SG-55 Dolgotrajna povr\u0161inska za\u0161\u010dita, 20 kompletov po 1m\u00b2\"}]},{\"@type\":\"WebSite\",\"@id\":\"https:\\\/\\\/www.versiegelung24.com\\\/sl\\\/#website\",\"url\":\"https:\\\/\\\/www.versiegelung24.com\\\/sl\\\/\",\"name\":\"versiegelung24.com\",\"description\":\"Fl\u00fcssigglas-Versiegelung - Made in Germany\",\"publisher\":{\"@id\":\"https:\\\/\\\/www.versiegelung24.com\\\/sl\\\/#organization\"},\"potentialAction\":[{\"@type\":\"SearchAction\",\"target\":{\"@type\":\"EntryPoint\",\"urlTemplate\":\"https:\\\/\\\/www.versiegelung24.com\\\/sl\\\/?s={search_term_string}\"},\"query-input\":{\"@type\":\"PropertyValueSpecification\",\"valueRequired\":true,\"valueName\":\"search_term_string\"}}],\"inLanguage\":\"sl-SI\"},{\"@type\":\"Organization\",\"@id\":\"https:\\\/\\\/www.versiegelung24.com\\\/sl\\\/#organization\",\"name\":\"versiegelung24\",\"url\":\"https:\\\/\\\/www.versiegelung24.com\\\/sl\\\/\",\"logo\":{\"@type\":\"ImageObject\",\"inLanguage\":\"sl-SI\",\"@id\":\"https:\\\/\\\/www.versiegelung24.com\\\/sl\\\/#\\\/schema\\\/logo\\\/image\\\/\",\"url\":\"https:\\\/\\\/www.versiegelung24.com\\\/wp-content\\\/uploads\\\/2020\\\/04\\\/versiegelung24.png\",\"contentUrl\":\"https:\\\/\\\/www.versiegelung24.com\\\/wp-content\\\/uploads\\\/2020\\\/04\\\/versiegelung24.png\",\"width\":470,\"height\":102,\"caption\":\"versiegelung24\"},\"image\":{\"@id\":\"https:\\\/\\\/www.versiegelung24.com\\\/sl\\\/#\\\/schema\\\/logo\\\/image\\\/\"}}]}<\/script>\n<meta property=\"product:price:amount\" content=\"79.99\" \/>\n<meta property=\"product:price:currency\" content=\"EUR\" \/>\n<meta property=\"og:availability\" content=\"backorder\" \/>\n<meta property=\"product:availability\" content=\"available for order\" \/>\n<meta property=\"product:retailer_item_id\" content=\"TiOS-SG55-SA1-20\" \/>\n<meta property=\"product:condition\" content=\"new\" \/>\n<!-- \/ Yoast SEO Premium plugin. -->","yoast_head_json":{"title":"TiOSEPT\u00ae SG-55 Dolgotrajna povr\u0161inska za\u0161\u010dita, 20 kompletov po 1m\u00b2 - versiegelung24.com","robots":{"index":"index","follow":"follow","max-snippet":"max-snippet:-1","max-image-preview":"max-image-preview:large","max-video-preview":"max-video-preview:-1"},"canonical":"https:\/\/www.versiegelung24.com\/sl\/percent-c2-percent.html","og_locale":"sl_SI","og_type":"article","og_title":"TiOSEPT\u00ae SG-55 Dolgotrajna povr\u0161inska za\u0161\u010dita, 20 kompletov po 1m\u00b2","og_description":"Protimikrobna dolgotrajna za\u0161\u010dita do 18 mesecev za gladke povr\u0161ine \u2713 Transparentno in nevidno \u2713 Vodoodbojnost Preizku\u0161eno s strani neodvisnih in\u0161titutov za testiranje \u2713 Kompleti vre\u010dk, pripravljenih za uporabo, za predhodno \u010di\u0161\u010denje in tesnjenje","og_url":"https:\/\/www.versiegelung24.com\/sl\/percent-c2-percent.html","og_site_name":"versiegelung24.com","article_modified_time":"2025-01-05T16:41:24+00:00","og_image":[{"width":1668,"height":1568,"url":"https:\/\/www.versiegelung24.com\/wp-content\/uploads\/2022\/11\/Tiosept-Schachtel-rechts.jpg","type":"image\/jpeg"}],"twitter_card":"summary_large_image","twitter_misc":{"Price":"79,99&euro;","Availability":"On backorder"},"schema":{"@context":"https:\/\/schema.org","@graph":[{"@type":"WebPage","@id":"https:\/\/www.versiegelung24.com\/sl\/percent-c2-percent.html","url":"https:\/\/www.versiegelung24.com\/sl\/percent-c2-percent.html","name":"TiOSEPT\u00ae SG-55 Dolgotrajna povr\u0161inska za\u0161\u010dita, 20 kompletov po 1m\u00b2 - versiegelung24.com","isPartOf":{"@id":"https:\/\/www.versiegelung24.com\/sl\/#website"},"primaryImageOfPage":{"@id":"https:\/\/www.versiegelung24.com\/sl\/percent-c2-percent.html#primaryimage"},"image":{"@id":"https:\/\/www.versiegelung24.com\/sl\/percent-c2-percent.html#primaryimage"},"thumbnailUrl":"https:\/\/www.versiegelung24.com\/wp-content\/uploads\/2022\/11\/Tiosept-Schachtel-rechts.jpg","datePublished":"2022-11-29T13:50:48+00:00","dateModified":"2025-01-05T16:41:24+00:00","breadcrumb":{"@id":"https:\/\/www.versiegelung24.com\/sl\/percent-c2-percent.html#breadcrumb"},"inLanguage":"sl-SI","potentialAction":[{"@type":"ReadAction","target":["https:\/\/www.versiegelung24.com\/sl\/percent-c2-percent.html"]}]},{"@type":"ImageObject","inLanguage":"sl-SI","@id":"https:\/\/www.versiegelung24.com\/sl\/percent-c2-percent.html#primaryimage","url":"https:\/\/www.versiegelung24.com\/wp-content\/uploads\/2022\/11\/Tiosept-Schachtel-rechts.jpg","contentUrl":"https:\/\/www.versiegelung24.com\/wp-content\/uploads\/2022\/11\/Tiosept-Schachtel-rechts.jpg","width":1668,"height":1568},{"@type":"BreadcrumbList","@id":"https:\/\/www.versiegelung24.com\/sl\/percent-c2-percent.html#breadcrumb","itemListElement":[{"@type":"ListItem","position":1,"name":"Doma\u010da stran","item":"https:\/\/www.versiegelung24.com\/sl\/spredaj\/"},{"@type":"ListItem","position":2,"name":"Nakupujte","item":"https:\/\/www.versiegelung24.com\/sl\/nakupujte\/"},{"@type":"ListItem","position":3,"name":"TiOSEPT\u00ae SG-55 Dolgotrajna povr\u0161inska za\u0161\u010dita, 20 kompletov po 1m\u00b2"}]},{"@type":"WebSite","@id":"https:\/\/www.versiegelung24.com\/sl\/#website","url":"https:\/\/www.versiegelung24.com\/sl\/","name":"versiegelung24.com","description":"Fl\u00fcssigglas-Versiegelung - Made in Germany","publisher":{"@id":"https:\/\/www.versiegelung24.com\/sl\/#organization"},"potentialAction":[{"@type":"SearchAction","target":{"@type":"EntryPoint","urlTemplate":"https:\/\/www.versiegelung24.com\/sl\/?s={search_term_string}"},"query-input":{"@type":"PropertyValueSpecification","valueRequired":true,"valueName":"search_term_string"}}],"inLanguage":"sl-SI"},{"@type":"Organization","@id":"https:\/\/www.versiegelung24.com\/sl\/#organization","name":"versiegelung24","url":"https:\/\/www.versiegelung24.com\/sl\/","logo":{"@type":"ImageObject","inLanguage":"sl-SI","@id":"https:\/\/www.versiegelung24.com\/sl\/#\/schema\/logo\/image\/","url":"https:\/\/www.versiegelung24.com\/wp-content\/uploads\/2020\/04\/versiegelung24.png","contentUrl":"https:\/\/www.versiegelung24.com\/wp-content\/uploads\/2020\/04\/versiegelung24.png","width":470,"height":102,"caption":"versiegelung24"},"image":{"@id":"https:\/\/www.versiegelung24.com\/sl\/#\/schema\/logo\/image\/"}}]},"product_price_amount":"79.99","product_price_currency":"EUR","og_availability":"backorder","product_availability":"available for order","product_retailer_item_id":"TiOS-SG55-SA1-20","product_condition":"new"},"_links":{"self":[{"href":"https:\/\/www.versiegelung24.com\/sl\/wp-json\/wp\/v2\/product\/94897","targetHints":{"allow":["GET"]}}],"collection":[{"href":"https:\/\/www.versiegelung24.com\/sl\/wp-json\/wp\/v2\/product"}],"about":[{"href":"https:\/\/www.versiegelung24.com\/sl\/wp-json\/wp\/v2\/types\/product"}],"version-history":[{"count":12,"href":"https:\/\/www.versiegelung24.com\/sl\/wp-json\/wp\/v2\/product\/94897\/revisions"}],"predecessor-version":[{"id":171374,"href":"https:\/\/www.versiegelung24.com\/sl\/wp-json\/wp\/v2\/product\/94897\/revisions\/171374"}],"wp:featuredmedia":[{"embeddable":true,"href":"https:\/\/www.versiegelung24.com\/sl\/wp-json\/wp\/v2\/media\/94936"}],"wp:attachment":[{"href":"https:\/\/www.versiegelung24.com\/sl\/wp-json\/wp\/v2\/media?parent=94897"}],"wp:term":[{"taxonomy":"product_brand","embeddable":true,"href":"https:\/\/www.versiegelung24.com\/sl\/wp-json\/wp\/v2\/product_brand?post=94897"},{"taxonomy":"product_cat","embeddable":true,"href":"https:\/\/www.versiegelung24.com\/sl\/wp-json\/wp\/v2\/product_cat?post=94897"},{"taxonomy":"product_tag","embeddable":true,"href":"https:\/\/www.versiegelung24.com\/sl\/wp-json\/wp\/v2\/product_tag?post=94897"}],"curies":[{"name":"wp","href":"https:\/\/api.w.org\/{rel}","templated":true}]}}