{"id":22069,"date":"2021-08-02T20:19:18","date_gmt":"2021-08-02T18:19:18","guid":{"rendered":"https:\/\/www.versiegelung24.com\/gjurme"},"modified":"2024-05-05T11:00:50","modified_gmt":"2024-05-05T09:00:50","slug":"gjurme","status":"publish","type":"page","link":"https:\/\/www.versiegelung24.com\/sq\/gjurme\/","title":{"rendered":"gjurm\u00eb"},"content":{"rendered":"\n<p><strong>P\u00ebrpunimi i porosis\u00eb dhe pages\u00ebs<\/strong><\/p>\n\n<p>Holger K\u00e4ding<br\/>N\u00eb Ellmen 14<br\/>53773 Hennef<br\/>Gjermani<\/p>\n\n<p>Tel.: 02242-9695650<br\/>Email: info@versiegelung24.com<br\/>Numri i identifikimit t\u00eb taks\u00ebs s\u00eb shitjes sipas 27 \u00a7 nj\u00eb ligji mbi taks\u00ebn e shitjes: DE213785156<\/p>\n\n<p><strong>Detajet e llogarise<\/strong><\/p>\n\n<p>Marr\u00ebsi: Holger K\u00e4ding<br\/>IBAN: DE30370502990011006269<br\/>BIC \/ SWIFT: COKSDE33<br\/>Kreissparkasse K\u00ebln<\/p>\n\n<p><strong>Pronar dhe p\u00ebrgjegj\u00ebs p\u00ebr p\u00ebrmbajtjen sipas M 6 MDStV:<\/strong><\/p>\n\n<p>Bastian Walger &#8211; Marketingu Digjital<br\/>Kantieri i anijeve Agrippina 6<br\/>50678 K\u00ebln<\/p>\n\n<p>Numri i identifikimit t\u00eb taks\u00ebs s\u00eb shitjes sipas 27 \u00a7 nj\u00eb ligji mbi taks\u00ebn e shitjes:<br\/>DE241077366<\/p>\n\n<p>Platforma e Komisionit t\u00eb BE -s\u00eb p\u00ebr zgjidhjen e mosmarr\u00ebveshjeve n\u00eb internet:<a href=\"https:\/\/ec.europa.eu\/consumers\/odr\" target=\"_blank\" rel=\"noreferrer noopener\"> www.ec.europa.eu\/consumers\/odr<\/a><\/p>\n\n<p>Ne nuk jemi as t\u00eb detyruar dhe as t\u00eb gatsh\u00ebm t\u00eb marrim pjes\u00eb n\u00eb nj\u00eb procedur\u00eb t\u00eb zgjidhjes s\u00eb mosmarr\u00ebveshjeve para nj\u00eb bordi t\u00eb arbitrazhit t\u00eb konsumatorit.<\/p>\n\n<p><strong>Kredite fotografish<\/strong><\/p>\n\n<p>Mbart\u00ebs grafiti -&gt; istockphoto \/ schfer<br\/>Veshje mbrojt\u00ebse kund\u00ebr grafitit -&gt; istockphoto \/ MachineHeadz<\/p>\n\n<p>Bykfa\/Depositphotos.com<br\/>iulal\/Depositphotos.com<br\/>hodim\/Depositphotos.com<br\/>sergiibaibak\/Depositphotos.com<br\/>HunterBliss\/Depositphotos.com<\/p>\n","protected":false},"excerpt":{"rendered":"<p>P\u00ebrpunimi i porosis\u00eb dhe pages\u00ebs Holger K\u00e4dingN\u00eb Ellmen 1453773 HennefGjermani Tel.: 02242-9695650Email: info@versiegelung24.comNumri i identifikimit t\u00eb taks\u00ebs s\u00eb shitjes sipas 27 \u00a7 nj\u00eb ligji mbi taks\u00ebn e shitjes: DE213785156 Detajet e llogarise Marr\u00ebsi: Holger K\u00e4dingIBAN: DE30370502990011006269BIC \/ SWIFT: COKSDE33Kreissparkasse K\u00ebln Pronar dhe p\u00ebrgjegj\u00ebs p\u00ebr p\u00ebrmbajtjen sipas M 6 MDStV: Bastian Walger &#8211; Marketingu DigjitalKantieri i&hellip;&nbsp;<a href=\"https:\/\/www.versiegelung24.com\/sq\/gjurme\/\" rel=\"bookmark\">Read More &raquo;<span class=\"screen-reader-text\">gjurm\u00eb<\/span><\/a><\/p>\n","protected":false},"author":932,"featured_media":70703,"parent":0,"menu_order":0,"comment_status":"closed","ping_status":"closed","template":"","meta":{"_acf_changed":false,"neve_meta_sidebar":"","neve_meta_container":"","neve_meta_enable_content_width":"","neve_meta_content_width":0,"neve_meta_title_alignment":"","neve_meta_author_avatar":"","neve_post_elements_order":"","neve_meta_disable_header":"","neve_meta_disable_footer":"","neve_meta_disable_title":"","neve_meta_reading_time":"","footnotes":""},"categories":[],"seiten_kategorie":[],"class_list":["post-22069","page","type-page","status-publish","has-post-thumbnail","hentry"],"acf":[],"yoast_head":"<!-- This site is optimized with the Yoast SEO Premium plugin v22.8 (Yoast SEO v27.5) - https:\/\/yoast.com\/product\/yoast-seo-premium-wordpress\/ -->\n<title>gjurm\u00eb - versiegelung24.com<\/title>\n<meta name=\"robots\" content=\"index, follow, max-snippet:-1, max-image-preview:large, max-video-preview:-1\" \/>\n<link rel=\"canonical\" href=\"https:\/\/www.versiegelung24.com\/sq\/gjurme\/\" \/>\n<meta property=\"og:locale\" content=\"sq_AL\" \/>\n<meta property=\"og:type\" content=\"article\" \/>\n<meta property=\"og:title\" content=\"gjurm\u00eb\" \/>\n<meta property=\"og:description\" content=\"P\u00ebrpunimi i porosis\u00eb dhe pages\u00ebs Holger K\u00e4dingN\u00eb Ellmen 1453773 HennefGjermani Tel.: 02242-9695650Email: info@versiegelung24.comNumri i identifikimit t\u00eb taks\u00ebs s\u00eb shitjes sipas 27 \u00a7 nj\u00eb ligji mbi taks\u00ebn e shitjes: DE213785156 Detajet e llogarise Marr\u00ebsi: Holger K\u00e4dingIBAN: DE30370502990011006269BIC \/ SWIFT: COKSDE33Kreissparkasse K\u00ebln Pronar dhe p\u00ebrgjegj\u00ebs p\u00ebr p\u00ebrmbajtjen sipas M 6 MDStV: Bastian Walger &#8211; Marketingu DigjitalKantieri i&hellip;&nbsp;Read More &raquo;gjurm\u00eb\" \/>\n<meta property=\"og:url\" content=\"https:\/\/www.versiegelung24.com\/sq\/gjurme\/\" \/>\n<meta property=\"og:site_name\" content=\"versiegelung24.com\" \/>\n<meta property=\"article:modified_time\" content=\"2024-05-05T09:00:50+00:00\" \/>\n<meta property=\"og:image\" content=\"https:\/\/www.versiegelung24.com\/wp-content\/uploads\/2022\/02\/Impressum.png\" \/>\n\t<meta property=\"og:image:width\" content=\"2000\" \/>\n\t<meta property=\"og:image:height\" content=\"2000\" \/>\n\t<meta property=\"og:image:type\" content=\"image\/png\" \/>\n<meta name=\"twitter:card\" content=\"summary_large_image\" \/>\n<meta name=\"twitter:label1\" content=\"Est. reading time\" \/>\n\t<meta name=\"twitter:data1\" content=\"1 minute\" \/>\n<script type=\"application\/ld+json\" class=\"yoast-schema-graph\">{\"@context\":\"https:\\\/\\\/schema.org\",\"@graph\":[{\"@type\":\"WebPage\",\"@id\":\"https:\\\/\\\/www.versiegelung24.com\\\/sq\\\/gjurme\\\/\",\"url\":\"https:\\\/\\\/www.versiegelung24.com\\\/sq\\\/gjurme\\\/\",\"name\":\"gjurm\u00eb - versiegelung24.com\",\"isPartOf\":{\"@id\":\"https:\\\/\\\/www.versiegelung24.com\\\/sq\\\/#website\"},\"primaryImageOfPage\":{\"@id\":\"https:\\\/\\\/www.versiegelung24.com\\\/sq\\\/gjurme\\\/#primaryimage\"},\"image\":{\"@id\":\"https:\\\/\\\/www.versiegelung24.com\\\/sq\\\/gjurme\\\/#primaryimage\"},\"thumbnailUrl\":\"https:\\\/\\\/www.versiegelung24.com\\\/wp-content\\\/uploads\\\/2022\\\/02\\\/Impressum.png\",\"datePublished\":\"2021-08-02T18:19:18+00:00\",\"dateModified\":\"2024-05-05T09:00:50+00:00\",\"breadcrumb\":{\"@id\":\"https:\\\/\\\/www.versiegelung24.com\\\/sq\\\/gjurme\\\/#breadcrumb\"},\"inLanguage\":\"sq-AL\",\"potentialAction\":[{\"@type\":\"ReadAction\",\"target\":[\"https:\\\/\\\/www.versiegelung24.com\\\/sq\\\/gjurme\\\/\"]}]},{\"@type\":\"ImageObject\",\"inLanguage\":\"sq-AL\",\"@id\":\"https:\\\/\\\/www.versiegelung24.com\\\/sq\\\/gjurme\\\/#primaryimage\",\"url\":\"https:\\\/\\\/www.versiegelung24.com\\\/wp-content\\\/uploads\\\/2022\\\/02\\\/Impressum.png\",\"contentUrl\":\"https:\\\/\\\/www.versiegelung24.com\\\/wp-content\\\/uploads\\\/2022\\\/02\\\/Impressum.png\",\"width\":2000,\"height\":2000},{\"@type\":\"BreadcrumbList\",\"@id\":\"https:\\\/\\\/www.versiegelung24.com\\\/sq\\\/gjurme\\\/#breadcrumb\",\"itemListElement\":[{\"@type\":\"ListItem\",\"position\":1,\"name\":\"Faqja kryesore\",\"item\":\"https:\\\/\\\/www.versiegelung24.com\\\/sq\\\/perpara\\\/\"},{\"@type\":\"ListItem\",\"position\":2,\"name\":\"gjurm\u00eb\"}]},{\"@type\":\"WebSite\",\"@id\":\"https:\\\/\\\/www.versiegelung24.com\\\/sq\\\/#website\",\"url\":\"https:\\\/\\\/www.versiegelung24.com\\\/sq\\\/\",\"name\":\"versiegelung24.com\",\"description\":\"Fl\u00fcssigglas-Versiegelung - Made in Germany\",\"publisher\":{\"@id\":\"https:\\\/\\\/www.versiegelung24.com\\\/sq\\\/#organization\"},\"potentialAction\":[{\"@type\":\"SearchAction\",\"target\":{\"@type\":\"EntryPoint\",\"urlTemplate\":\"https:\\\/\\\/www.versiegelung24.com\\\/sq\\\/?s={search_term_string}\"},\"query-input\":{\"@type\":\"PropertyValueSpecification\",\"valueRequired\":true,\"valueName\":\"search_term_string\"}}],\"inLanguage\":\"sq-AL\"},{\"@type\":\"Organization\",\"@id\":\"https:\\\/\\\/www.versiegelung24.com\\\/sq\\\/#organization\",\"name\":\"versiegelung24\",\"url\":\"https:\\\/\\\/www.versiegelung24.com\\\/sq\\\/\",\"logo\":{\"@type\":\"ImageObject\",\"inLanguage\":\"sq-AL\",\"@id\":\"https:\\\/\\\/www.versiegelung24.com\\\/sq\\\/#\\\/schema\\\/logo\\\/image\\\/\",\"url\":\"https:\\\/\\\/www.versiegelung24.com\\\/wp-content\\\/uploads\\\/2020\\\/04\\\/versiegelung24.png\",\"contentUrl\":\"https:\\\/\\\/www.versiegelung24.com\\\/wp-content\\\/uploads\\\/2020\\\/04\\\/versiegelung24.png\",\"width\":470,\"height\":102,\"caption\":\"versiegelung24\"},\"image\":{\"@id\":\"https:\\\/\\\/www.versiegelung24.com\\\/sq\\\/#\\\/schema\\\/logo\\\/image\\\/\"}}]}<\/script>\n<!-- \/ Yoast SEO Premium plugin. -->","yoast_head_json":{"title":"gjurm\u00eb - versiegelung24.com","robots":{"index":"index","follow":"follow","max-snippet":"max-snippet:-1","max-image-preview":"max-image-preview:large","max-video-preview":"max-video-preview:-1"},"canonical":"https:\/\/www.versiegelung24.com\/sq\/gjurme\/","og_locale":"sq_AL","og_type":"article","og_title":"gjurm\u00eb","og_description":"P\u00ebrpunimi i porosis\u00eb dhe pages\u00ebs Holger K\u00e4dingN\u00eb Ellmen 1453773 HennefGjermani Tel.: 02242-9695650Email: info@versiegelung24.comNumri i identifikimit t\u00eb taks\u00ebs s\u00eb shitjes sipas 27 \u00a7 nj\u00eb ligji mbi taks\u00ebn e shitjes: DE213785156 Detajet e llogarise Marr\u00ebsi: Holger K\u00e4dingIBAN: DE30370502990011006269BIC \/ SWIFT: COKSDE33Kreissparkasse K\u00ebln Pronar dhe p\u00ebrgjegj\u00ebs p\u00ebr p\u00ebrmbajtjen sipas M 6 MDStV: Bastian Walger &#8211; Marketingu DigjitalKantieri i&hellip;&nbsp;Read More &raquo;gjurm\u00eb","og_url":"https:\/\/www.versiegelung24.com\/sq\/gjurme\/","og_site_name":"versiegelung24.com","article_modified_time":"2024-05-05T09:00:50+00:00","og_image":[{"width":2000,"height":2000,"url":"https:\/\/www.versiegelung24.com\/wp-content\/uploads\/2022\/02\/Impressum.png","type":"image\/png"}],"twitter_card":"summary_large_image","twitter_misc":{"Est. reading time":"1 minute"},"schema":{"@context":"https:\/\/schema.org","@graph":[{"@type":"WebPage","@id":"https:\/\/www.versiegelung24.com\/sq\/gjurme\/","url":"https:\/\/www.versiegelung24.com\/sq\/gjurme\/","name":"gjurm\u00eb - versiegelung24.com","isPartOf":{"@id":"https:\/\/www.versiegelung24.com\/sq\/#website"},"primaryImageOfPage":{"@id":"https:\/\/www.versiegelung24.com\/sq\/gjurme\/#primaryimage"},"image":{"@id":"https:\/\/www.versiegelung24.com\/sq\/gjurme\/#primaryimage"},"thumbnailUrl":"https:\/\/www.versiegelung24.com\/wp-content\/uploads\/2022\/02\/Impressum.png","datePublished":"2021-08-02T18:19:18+00:00","dateModified":"2024-05-05T09:00:50+00:00","breadcrumb":{"@id":"https:\/\/www.versiegelung24.com\/sq\/gjurme\/#breadcrumb"},"inLanguage":"sq-AL","potentialAction":[{"@type":"ReadAction","target":["https:\/\/www.versiegelung24.com\/sq\/gjurme\/"]}]},{"@type":"ImageObject","inLanguage":"sq-AL","@id":"https:\/\/www.versiegelung24.com\/sq\/gjurme\/#primaryimage","url":"https:\/\/www.versiegelung24.com\/wp-content\/uploads\/2022\/02\/Impressum.png","contentUrl":"https:\/\/www.versiegelung24.com\/wp-content\/uploads\/2022\/02\/Impressum.png","width":2000,"height":2000},{"@type":"BreadcrumbList","@id":"https:\/\/www.versiegelung24.com\/sq\/gjurme\/#breadcrumb","itemListElement":[{"@type":"ListItem","position":1,"name":"Faqja kryesore","item":"https:\/\/www.versiegelung24.com\/sq\/perpara\/"},{"@type":"ListItem","position":2,"name":"gjurm\u00eb"}]},{"@type":"WebSite","@id":"https:\/\/www.versiegelung24.com\/sq\/#website","url":"https:\/\/www.versiegelung24.com\/sq\/","name":"versiegelung24.com","description":"Fl\u00fcssigglas-Versiegelung - Made in Germany","publisher":{"@id":"https:\/\/www.versiegelung24.com\/sq\/#organization"},"potentialAction":[{"@type":"SearchAction","target":{"@type":"EntryPoint","urlTemplate":"https:\/\/www.versiegelung24.com\/sq\/?s={search_term_string}"},"query-input":{"@type":"PropertyValueSpecification","valueRequired":true,"valueName":"search_term_string"}}],"inLanguage":"sq-AL"},{"@type":"Organization","@id":"https:\/\/www.versiegelung24.com\/sq\/#organization","name":"versiegelung24","url":"https:\/\/www.versiegelung24.com\/sq\/","logo":{"@type":"ImageObject","inLanguage":"sq-AL","@id":"https:\/\/www.versiegelung24.com\/sq\/#\/schema\/logo\/image\/","url":"https:\/\/www.versiegelung24.com\/wp-content\/uploads\/2020\/04\/versiegelung24.png","contentUrl":"https:\/\/www.versiegelung24.com\/wp-content\/uploads\/2020\/04\/versiegelung24.png","width":470,"height":102,"caption":"versiegelung24"},"image":{"@id":"https:\/\/www.versiegelung24.com\/sq\/#\/schema\/logo\/image\/"}}]}},"_links":{"self":[{"href":"https:\/\/www.versiegelung24.com\/sq\/wp-json\/wp\/v2\/pages\/22069","targetHints":{"allow":["GET"]}}],"collection":[{"href":"https:\/\/www.versiegelung24.com\/sq\/wp-json\/wp\/v2\/pages"}],"about":[{"href":"https:\/\/www.versiegelung24.com\/sq\/wp-json\/wp\/v2\/types\/page"}],"author":[{"embeddable":true,"href":"https:\/\/www.versiegelung24.com\/sq\/wp-json\/wp\/v2\/users\/932"}],"replies":[{"embeddable":true,"href":"https:\/\/www.versiegelung24.com\/sq\/wp-json\/wp\/v2\/comments?post=22069"}],"version-history":[{"count":5,"href":"https:\/\/www.versiegelung24.com\/sq\/wp-json\/wp\/v2\/pages\/22069\/revisions"}],"predecessor-version":[{"id":160691,"href":"https:\/\/www.versiegelung24.com\/sq\/wp-json\/wp\/v2\/pages\/22069\/revisions\/160691"}],"wp:featuredmedia":[{"embeddable":true,"href":"https:\/\/www.versiegelung24.com\/sq\/wp-json\/wp\/v2\/media\/70703"}],"wp:attachment":[{"href":"https:\/\/www.versiegelung24.com\/sq\/wp-json\/wp\/v2\/media?parent=22069"}],"wp:term":[{"taxonomy":"category","embeddable":true,"href":"https:\/\/www.versiegelung24.com\/sq\/wp-json\/wp\/v2\/categories?post=22069"},{"taxonomy":"seiten_kategorie","embeddable":true,"href":"https:\/\/www.versiegelung24.com\/sq\/wp-json\/wp\/v2\/seiten_kategorie?post=22069"}],"curies":[{"name":"wp","href":"https:\/\/api.w.org\/{rel}","templated":true}]}}