{"id":22586,"date":"2021-08-02T20:48:19","date_gmt":"2021-08-02T18:48:19","guid":{"rendered":"https:\/\/www.versiegelung24.com\/menyra-pagese"},"modified":"2024-07-09T09:46:49","modified_gmt":"2024-07-09T07:46:49","slug":"menyra-pagese","status":"publish","type":"page","link":"https:\/\/www.versiegelung24.com\/sq\/menyra-pagese\/","title":{"rendered":"menyra pagese"},"content":{"rendered":"\n<h1 class=\"wp-block-heading\" id=\"h-zahlungsarten\">menyra pagese<\/h1>\n<p>Ne ofrojm\u00eb m\u00ebnyrat e m\u00ebposhtme t\u00eb pages\u00ebs p\u00ebr porosin\u00eb tuaj n\u00eb versiegelung24.com:<\/p>\n<p><img fetchpriority=\"high\" decoding=\"async\" class=\"alignnone wp-image-133349 \" src=\"https:\/\/www.versiegelung24.com\/wp-content\/uploads\/2023\/11\/v24-footer-zahlungsarten-1300x93.webp\" alt=\"\" width=\"780\" height=\"76\"><\/p>\n<h3>Paypal<\/h3>\n<p>N\u00ebse shuma e pages\u00ebs paguhet p\u00ebrmes PayPal, porosia juaj do t\u00eb p\u00ebrpunohet menj\u00ebher\u00eb.<\/p>\n<h3>Parapagimi me transfert\u00eb bankare<\/h3>\n<p>Pas marrjes s\u00eb pages\u00ebs me transfer paraprak n\u00eb llogarin\u00eb ton\u00eb bankare, d\u00ebrgesa juaj do t\u00eb d\u00ebrgohet.<\/p>\n<p>Marr\u00ebsi: Holger K\u00e4ding<br \/>IBAN: DE30370502990011006269<br \/>BIC \/ SWIFT: COKSDE33<br \/>Kreissparkasse K\u00ebln<\/p>\n<h3>Blerja me fatur\u00eb<\/h3>\n<p>P\u00ebr autoritetet dhe institucionet publike, ne ofrojm\u00eb edhe blerje me llogari sipas k\u00ebrkes\u00ebs. <a href=\"https:\/\/www.versiegelung24.com\/sq\/kontaktoni\/\">Ju lutemi na kontaktoni p\u00ebr k\u00ebt\u00eb<\/a> .<\/p>\n","protected":false},"excerpt":{"rendered":"<p>menyra pagese Ne ofrojm\u00eb m\u00ebnyrat e m\u00ebposhtme t\u00eb pages\u00ebs p\u00ebr porosin\u00eb tuaj n\u00eb versiegelung24.com: Paypal N\u00ebse shuma e pages\u00ebs paguhet p\u00ebrmes PayPal, porosia juaj do t\u00eb p\u00ebrpunohet menj\u00ebher\u00eb. Parapagimi me transfert\u00eb bankare Pas marrjes s\u00eb pages\u00ebs me transfer paraprak n\u00eb llogarin\u00eb ton\u00eb bankare, d\u00ebrgesa juaj do t\u00eb d\u00ebrgohet. Marr\u00ebsi: Holger K\u00e4dingIBAN: DE30370502990011006269BIC \/ SWIFT: COKSDE33Kreissparkasse&hellip;&nbsp;<a href=\"https:\/\/www.versiegelung24.com\/sq\/menyra-pagese\/\" rel=\"bookmark\">Read More &raquo;<span class=\"screen-reader-text\">menyra pagese<\/span><\/a><\/p>\n","protected":false},"author":932,"featured_media":70643,"parent":0,"menu_order":0,"comment_status":"closed","ping_status":"closed","template":"","meta":{"_acf_changed":false,"neve_meta_sidebar":"","neve_meta_container":"","neve_meta_enable_content_width":"","neve_meta_content_width":0,"neve_meta_title_alignment":"","neve_meta_author_avatar":"","neve_post_elements_order":"","neve_meta_disable_header":"","neve_meta_disable_footer":"","neve_meta_disable_title":"","neve_meta_reading_time":"","footnotes":""},"categories":[],"seiten_kategorie":[],"class_list":["post-22586","page","type-page","status-publish","has-post-thumbnail","hentry"],"acf":[],"yoast_head":"<!-- This site is optimized with the Yoast SEO Premium plugin v22.8 (Yoast SEO v27.5) - https:\/\/yoast.com\/product\/yoast-seo-premium-wordpress\/ -->\n<title>menyra pagese - versiegelung24.com<\/title>\n<meta name=\"robots\" content=\"index, follow, max-snippet:-1, max-image-preview:large, max-video-preview:-1\" \/>\n<link rel=\"canonical\" href=\"https:\/\/www.versiegelung24.com\/sq\/menyra-pagese\/\" \/>\n<meta property=\"og:locale\" content=\"sq_AL\" \/>\n<meta property=\"og:type\" content=\"article\" \/>\n<meta property=\"og:title\" content=\"menyra pagese\" \/>\n<meta property=\"og:description\" content=\"menyra pagese Ne ofrojm\u00eb m\u00ebnyrat e m\u00ebposhtme t\u00eb pages\u00ebs p\u00ebr porosin\u00eb tuaj n\u00eb versiegelung24.com: Paypal N\u00ebse shuma e pages\u00ebs paguhet p\u00ebrmes PayPal, porosia juaj do t\u00eb p\u00ebrpunohet menj\u00ebher\u00eb. Parapagimi me transfert\u00eb bankare Pas marrjes s\u00eb pages\u00ebs me transfer paraprak n\u00eb llogarin\u00eb ton\u00eb bankare, d\u00ebrgesa juaj do t\u00eb d\u00ebrgohet. Marr\u00ebsi: Holger K\u00e4dingIBAN: DE30370502990011006269BIC \/ SWIFT: COKSDE33Kreissparkasse&hellip;&nbsp;Read More &raquo;menyra pagese\" \/>\n<meta property=\"og:url\" content=\"https:\/\/www.versiegelung24.com\/sq\/menyra-pagese\/\" \/>\n<meta property=\"og:site_name\" content=\"versiegelung24.com\" \/>\n<meta property=\"article:modified_time\" content=\"2024-07-09T07:46:49+00:00\" \/>\n<meta property=\"og:image\" content=\"https:\/\/www.versiegelung24.com\/wp-content\/uploads\/2022\/02\/Payment.png\" \/>\n\t<meta property=\"og:image:width\" content=\"2000\" \/>\n\t<meta property=\"og:image:height\" content=\"2000\" \/>\n\t<meta property=\"og:image:type\" content=\"image\/png\" \/>\n<meta name=\"twitter:card\" content=\"summary_large_image\" \/>\n<meta name=\"twitter:label1\" content=\"Est. reading time\" \/>\n\t<meta name=\"twitter:data1\" content=\"1 minute\" \/>\n<script type=\"application\/ld+json\" class=\"yoast-schema-graph\">{\"@context\":\"https:\\\/\\\/schema.org\",\"@graph\":[{\"@type\":\"WebPage\",\"@id\":\"https:\\\/\\\/www.versiegelung24.com\\\/sq\\\/menyra-pagese\\\/\",\"url\":\"https:\\\/\\\/www.versiegelung24.com\\\/sq\\\/menyra-pagese\\\/\",\"name\":\"menyra pagese - versiegelung24.com\",\"isPartOf\":{\"@id\":\"https:\\\/\\\/www.versiegelung24.com\\\/sq\\\/#website\"},\"primaryImageOfPage\":{\"@id\":\"https:\\\/\\\/www.versiegelung24.com\\\/sq\\\/menyra-pagese\\\/#primaryimage\"},\"image\":{\"@id\":\"https:\\\/\\\/www.versiegelung24.com\\\/sq\\\/menyra-pagese\\\/#primaryimage\"},\"thumbnailUrl\":\"https:\\\/\\\/www.versiegelung24.com\\\/wp-content\\\/uploads\\\/2022\\\/02\\\/Payment.png\",\"datePublished\":\"2021-08-02T18:48:19+00:00\",\"dateModified\":\"2024-07-09T07:46:49+00:00\",\"breadcrumb\":{\"@id\":\"https:\\\/\\\/www.versiegelung24.com\\\/sq\\\/menyra-pagese\\\/#breadcrumb\"},\"inLanguage\":\"sq-AL\",\"potentialAction\":[{\"@type\":\"ReadAction\",\"target\":[\"https:\\\/\\\/www.versiegelung24.com\\\/sq\\\/menyra-pagese\\\/\"]}]},{\"@type\":\"ImageObject\",\"inLanguage\":\"sq-AL\",\"@id\":\"https:\\\/\\\/www.versiegelung24.com\\\/sq\\\/menyra-pagese\\\/#primaryimage\",\"url\":\"https:\\\/\\\/www.versiegelung24.com\\\/wp-content\\\/uploads\\\/2022\\\/02\\\/Payment.png\",\"contentUrl\":\"https:\\\/\\\/www.versiegelung24.com\\\/wp-content\\\/uploads\\\/2022\\\/02\\\/Payment.png\",\"width\":2000,\"height\":2000},{\"@type\":\"BreadcrumbList\",\"@id\":\"https:\\\/\\\/www.versiegelung24.com\\\/sq\\\/menyra-pagese\\\/#breadcrumb\",\"itemListElement\":[{\"@type\":\"ListItem\",\"position\":1,\"name\":\"Faqja kryesore\",\"item\":\"https:\\\/\\\/www.versiegelung24.com\\\/sq\\\/perpara\\\/\"},{\"@type\":\"ListItem\",\"position\":2,\"name\":\"menyra pagese\"}]},{\"@type\":\"WebSite\",\"@id\":\"https:\\\/\\\/www.versiegelung24.com\\\/sq\\\/#website\",\"url\":\"https:\\\/\\\/www.versiegelung24.com\\\/sq\\\/\",\"name\":\"versiegelung24.com\",\"description\":\"Fl\u00fcssigglas-Versiegelung - Made in Germany\",\"publisher\":{\"@id\":\"https:\\\/\\\/www.versiegelung24.com\\\/sq\\\/#organization\"},\"potentialAction\":[{\"@type\":\"SearchAction\",\"target\":{\"@type\":\"EntryPoint\",\"urlTemplate\":\"https:\\\/\\\/www.versiegelung24.com\\\/sq\\\/?s={search_term_string}\"},\"query-input\":{\"@type\":\"PropertyValueSpecification\",\"valueRequired\":true,\"valueName\":\"search_term_string\"}}],\"inLanguage\":\"sq-AL\"},{\"@type\":\"Organization\",\"@id\":\"https:\\\/\\\/www.versiegelung24.com\\\/sq\\\/#organization\",\"name\":\"versiegelung24\",\"url\":\"https:\\\/\\\/www.versiegelung24.com\\\/sq\\\/\",\"logo\":{\"@type\":\"ImageObject\",\"inLanguage\":\"sq-AL\",\"@id\":\"https:\\\/\\\/www.versiegelung24.com\\\/sq\\\/#\\\/schema\\\/logo\\\/image\\\/\",\"url\":\"https:\\\/\\\/www.versiegelung24.com\\\/wp-content\\\/uploads\\\/2020\\\/04\\\/versiegelung24.png\",\"contentUrl\":\"https:\\\/\\\/www.versiegelung24.com\\\/wp-content\\\/uploads\\\/2020\\\/04\\\/versiegelung24.png\",\"width\":470,\"height\":102,\"caption\":\"versiegelung24\"},\"image\":{\"@id\":\"https:\\\/\\\/www.versiegelung24.com\\\/sq\\\/#\\\/schema\\\/logo\\\/image\\\/\"}}]}<\/script>\n<!-- \/ Yoast SEO Premium plugin. -->","yoast_head_json":{"title":"menyra pagese - versiegelung24.com","robots":{"index":"index","follow":"follow","max-snippet":"max-snippet:-1","max-image-preview":"max-image-preview:large","max-video-preview":"max-video-preview:-1"},"canonical":"https:\/\/www.versiegelung24.com\/sq\/menyra-pagese\/","og_locale":"sq_AL","og_type":"article","og_title":"menyra pagese","og_description":"menyra pagese Ne ofrojm\u00eb m\u00ebnyrat e m\u00ebposhtme t\u00eb pages\u00ebs p\u00ebr porosin\u00eb tuaj n\u00eb versiegelung24.com: Paypal N\u00ebse shuma e pages\u00ebs paguhet p\u00ebrmes PayPal, porosia juaj do t\u00eb p\u00ebrpunohet menj\u00ebher\u00eb. Parapagimi me transfert\u00eb bankare Pas marrjes s\u00eb pages\u00ebs me transfer paraprak n\u00eb llogarin\u00eb ton\u00eb bankare, d\u00ebrgesa juaj do t\u00eb d\u00ebrgohet. Marr\u00ebsi: Holger K\u00e4dingIBAN: DE30370502990011006269BIC \/ SWIFT: COKSDE33Kreissparkasse&hellip;&nbsp;Read More &raquo;menyra pagese","og_url":"https:\/\/www.versiegelung24.com\/sq\/menyra-pagese\/","og_site_name":"versiegelung24.com","article_modified_time":"2024-07-09T07:46:49+00:00","og_image":[{"width":2000,"height":2000,"url":"https:\/\/www.versiegelung24.com\/wp-content\/uploads\/2022\/02\/Payment.png","type":"image\/png"}],"twitter_card":"summary_large_image","twitter_misc":{"Est. reading time":"1 minute"},"schema":{"@context":"https:\/\/schema.org","@graph":[{"@type":"WebPage","@id":"https:\/\/www.versiegelung24.com\/sq\/menyra-pagese\/","url":"https:\/\/www.versiegelung24.com\/sq\/menyra-pagese\/","name":"menyra pagese - versiegelung24.com","isPartOf":{"@id":"https:\/\/www.versiegelung24.com\/sq\/#website"},"primaryImageOfPage":{"@id":"https:\/\/www.versiegelung24.com\/sq\/menyra-pagese\/#primaryimage"},"image":{"@id":"https:\/\/www.versiegelung24.com\/sq\/menyra-pagese\/#primaryimage"},"thumbnailUrl":"https:\/\/www.versiegelung24.com\/wp-content\/uploads\/2022\/02\/Payment.png","datePublished":"2021-08-02T18:48:19+00:00","dateModified":"2024-07-09T07:46:49+00:00","breadcrumb":{"@id":"https:\/\/www.versiegelung24.com\/sq\/menyra-pagese\/#breadcrumb"},"inLanguage":"sq-AL","potentialAction":[{"@type":"ReadAction","target":["https:\/\/www.versiegelung24.com\/sq\/menyra-pagese\/"]}]},{"@type":"ImageObject","inLanguage":"sq-AL","@id":"https:\/\/www.versiegelung24.com\/sq\/menyra-pagese\/#primaryimage","url":"https:\/\/www.versiegelung24.com\/wp-content\/uploads\/2022\/02\/Payment.png","contentUrl":"https:\/\/www.versiegelung24.com\/wp-content\/uploads\/2022\/02\/Payment.png","width":2000,"height":2000},{"@type":"BreadcrumbList","@id":"https:\/\/www.versiegelung24.com\/sq\/menyra-pagese\/#breadcrumb","itemListElement":[{"@type":"ListItem","position":1,"name":"Faqja kryesore","item":"https:\/\/www.versiegelung24.com\/sq\/perpara\/"},{"@type":"ListItem","position":2,"name":"menyra pagese"}]},{"@type":"WebSite","@id":"https:\/\/www.versiegelung24.com\/sq\/#website","url":"https:\/\/www.versiegelung24.com\/sq\/","name":"versiegelung24.com","description":"Fl\u00fcssigglas-Versiegelung - Made in Germany","publisher":{"@id":"https:\/\/www.versiegelung24.com\/sq\/#organization"},"potentialAction":[{"@type":"SearchAction","target":{"@type":"EntryPoint","urlTemplate":"https:\/\/www.versiegelung24.com\/sq\/?s={search_term_string}"},"query-input":{"@type":"PropertyValueSpecification","valueRequired":true,"valueName":"search_term_string"}}],"inLanguage":"sq-AL"},{"@type":"Organization","@id":"https:\/\/www.versiegelung24.com\/sq\/#organization","name":"versiegelung24","url":"https:\/\/www.versiegelung24.com\/sq\/","logo":{"@type":"ImageObject","inLanguage":"sq-AL","@id":"https:\/\/www.versiegelung24.com\/sq\/#\/schema\/logo\/image\/","url":"https:\/\/www.versiegelung24.com\/wp-content\/uploads\/2020\/04\/versiegelung24.png","contentUrl":"https:\/\/www.versiegelung24.com\/wp-content\/uploads\/2020\/04\/versiegelung24.png","width":470,"height":102,"caption":"versiegelung24"},"image":{"@id":"https:\/\/www.versiegelung24.com\/sq\/#\/schema\/logo\/image\/"}}]}},"_links":{"self":[{"href":"https:\/\/www.versiegelung24.com\/sq\/wp-json\/wp\/v2\/pages\/22586","targetHints":{"allow":["GET"]}}],"collection":[{"href":"https:\/\/www.versiegelung24.com\/sq\/wp-json\/wp\/v2\/pages"}],"about":[{"href":"https:\/\/www.versiegelung24.com\/sq\/wp-json\/wp\/v2\/types\/page"}],"author":[{"embeddable":true,"href":"https:\/\/www.versiegelung24.com\/sq\/wp-json\/wp\/v2\/users\/932"}],"replies":[{"embeddable":true,"href":"https:\/\/www.versiegelung24.com\/sq\/wp-json\/wp\/v2\/comments?post=22586"}],"version-history":[{"count":8,"href":"https:\/\/www.versiegelung24.com\/sq\/wp-json\/wp\/v2\/pages\/22586\/revisions"}],"predecessor-version":[{"id":169501,"href":"https:\/\/www.versiegelung24.com\/sq\/wp-json\/wp\/v2\/pages\/22586\/revisions\/169501"}],"wp:featuredmedia":[{"embeddable":true,"href":"https:\/\/www.versiegelung24.com\/sq\/wp-json\/wp\/v2\/media\/70643"}],"wp:attachment":[{"href":"https:\/\/www.versiegelung24.com\/sq\/wp-json\/wp\/v2\/media?parent=22586"}],"wp:term":[{"taxonomy":"category","embeddable":true,"href":"https:\/\/www.versiegelung24.com\/sq\/wp-json\/wp\/v2\/categories?post=22586"},{"taxonomy":"seiten_kategorie","embeddable":true,"href":"https:\/\/www.versiegelung24.com\/sq\/wp-json\/wp\/v2\/seiten_kategorie?post=22586"}],"curies":[{"name":"wp","href":"https:\/\/api.w.org\/{rel}","templated":true}]}}