{"id":22597,"date":"2021-08-02T20:48:40","date_gmt":"2021-08-02T18:48:40","guid":{"rendered":"https:\/\/www.versiegelung24.com\/blini-produkte-ccm-gmbh-ne-dyqanin-online"},"modified":"2024-06-25T20:51:44","modified_gmt":"2024-06-25T18:51:44","slug":"rreth-the-ccm-gmbh","status":"publish","type":"page","link":"https:\/\/www.versiegelung24.com\/sq\/blini-produkte-ccm-gmbh-ne-dyqanin-online\/","title":{"rendered":"Blini produkte CCM GmbH n\u00eb dyqanin online"},"content":{"rendered":"<h2><span style=\"color: var(--nv-text-color);font-family: Graphik,-apple-system,BlinkMacSystemFont,Segoe UI,var(--nv-fallback-ff);font-size: 2em;font-weight: 600;background-color: var(--nv-site-bg)\">Blini produkte nga CCM GmbH nga Overath \/ Gjermani n\u00eb dyqanin online<\/span><\/h2>\n<div class=\"std\">\n<div>\n<figure id=\"attachment_15225\" aria-describedby=\"caption-attachment-15225\" style=\"width: 300px\" class=\"wp-caption alignleft\"><a href=\"https:\/\/www.versiegelung24.com\/wp-content\/uploads\/2020\/05\/CCM_Gebaeude-300x203.jpg\"><img fetchpriority=\"high\" decoding=\"async\" class=\"wp-image-7780 size-medium\" src=\"https:\/\/www.versiegelung24.com\/wp-content\/uploads\/2020\/05\/CCM_Gebaeude-300x203.jpg\" alt=\"CCM Zentrale in Overath\" width=\"300\" height=\"203\" srcset=\"https:\/\/www.versiegelung24.com\/wp-content\/uploads\/2020\/05\/CCM_Gebaeude-300x203.jpg 300w, https:\/\/www.versiegelung24.com\/wp-content\/uploads\/2020\/05\/CCM_Gebaeude-16x12.jpg 16w, https:\/\/www.versiegelung24.com\/wp-content\/uploads\/2020\/05\/CCM_Gebaeude.jpg 400w\" sizes=\"(max-width: 300px) 100vw, 300px\" \/><\/a><figcaption id=\"caption-attachment-15225\" class=\"wp-caption-text\">Selia e CCM n\u00eb Overath<\/figcaption><\/figure>\n<p>&#8220;Made in Germany&#8221; \u00ebsht\u00eb nj\u00eb term global p\u00ebr inovacionin dhe cil\u00ebsin\u00eb m\u00eb t\u00eb lart\u00eb dhe \u00ebsht\u00eb i famsh\u00ebm, p\u00ebr shembull, n\u00eb fushat e automobilave, inxhinieris\u00eb mekanike dhe kimis\u00eb. P\u00ebrve\u00e7 kompanive t\u00eb m\u00ebdha shum\u00ebkomb\u00ebshe, Gjermania ka mbi t\u00eb gjitha nj\u00eb kultur\u00eb prej qindra mij\u00ebra kompanive inovative t\u00eb vogla dhe t\u00eb mesme q\u00eb jan\u00eb shum\u00eb krijuese dhe shpesh udh\u00ebheq\u00ebse t\u00eb tregut bot\u00ebror n\u00eb vendet e tyre t\u00eb vogla (k\u00ebto kompani zakonisht quhen &#8220;kampion\u00eb t\u00eb fshehur&#8221; )<\/p>\n<\/div>\n<div>\n<p>CCM GmbH prodhon dhe tregton idet\u00eb e shpik\u00ebsve gjerman\u00eb, zgjidh\u00ebs unik t\u00eb problemeve t\u00eb cil\u00ebsis\u00eb m\u00eb t\u00eb lart\u00eb. Ajo u themelua n\u00eb vitin 2007 nga dy drejtor\u00ebt menaxhues Heiner Perk dhe Bernd Zimmermann dhe \u00ebsht\u00eb nj\u00eb rrjet unik i inovacionit, prodhimit dhe shitjeve globale. Prodhuar ne Gjermani.<\/p>\n<p>CCM jeton me bindjen e thell\u00eb se produktet unike mund t\u00eb tregtohen me sukses n\u00eb t\u00eb gjith\u00eb bot\u00ebn vet\u00ebm n\u00ebse njer\u00ebz unik\u00eb jan\u00eb prapa tyre si partner\u00eb. CCM GmbH tashm\u00eb punon me njer\u00ebz t\u00eb till\u00eb n\u00eb mbi 40 vende n\u00eb t\u00eb gjitha kontinentet.<\/p>\n<p>T\u00eb gjitha aktivitetet kontrollohen nga selia e kompanis\u00eb n\u00eb Overath pran\u00eb K\u00eblnit n\u00eb Gjermani.<\/p>\n<p>Teknologjia moderne dhe rrjetet b\u00ebjn\u00eb t\u00eb mundur shfaqjen si nj\u00eb nj\u00ebsi pa qen\u00eb e nevojshme q\u00eb t\u00eb gjith\u00eb punonj\u00ebsit t\u00eb punojn\u00eb n\u00eb nj\u00eb vend.<\/p>\n<p>Vulat &#8220;qelqi t\u00eb l\u00ebngsh\u00ebm&#8221; nga CCM GmbH tashm\u00eb jan\u00eb nominuar p\u00ebr \u00e7mime t\u00eb ndryshme.<\/p>\n<p>L\u00ebreni veten t\u00eb frym\u00ebzohet nga konceptet, idet\u00eb dhe p\u00ebrvojat e CCM GmbH.<\/p>\n<\/div>\n<h2>Blini produkte CCM GmbH n\u00eb dyqanin online:<\/h2>\n<div class=\"woocommerce columns-4\"><ul class=\"products columns-4\">\n<li class=\"product-category product first\">\n\t<a aria-label=\"Visit product category Vulosje Guri dhe Betoni\" href=\"https:\/\/www.versiegelung24.com\/sq\/nenshkrimi-i-xhamit-te-lengshem\/vulosje-prej-guri-dhe-betoni\/\"><img decoding=\"async\" src=\"https:\/\/www.versiegelung24.com\/wp-content\/uploads\/2023\/06\/V24-steinkategorie-2306-400x400.webp\" alt=\"Vulosje Guri dhe Betoni\" width=\"400\" height=\"400\" srcset=\"https:\/\/www.versiegelung24.com\/wp-content\/uploads\/2023\/06\/V24-steinkategorie-2306-400x400.webp 400w, https:\/\/www.versiegelung24.com\/wp-content\/uploads\/2023\/06\/V24-steinkategorie-2306-80x80.webp 80w, https:\/\/www.versiegelung24.com\/wp-content\/uploads\/2023\/06\/V24-steinkategorie-2306-70x70.webp 70w, https:\/\/www.versiegelung24.com\/wp-content\/uploads\/2023\/06\/V24-steinkategorie-2306-100x100.webp 100w\" sizes=\"(max-width: 400px) 100vw, 400px\" \/>\t\t<h2 class=\"woocommerce-loop-category__title\">\n\t\t\tVulosje Guri dhe Betoni <mark class=\"count\">(12)<\/mark>\t\t<\/h2>\n\t\t<\/a><\/li>\n<li class=\"product-category product\">\n\t<a aria-label=\"Visit product category Vulosje e makinave\" href=\"https:\/\/www.versiegelung24.com\/sq\/nenshkrimi-i-xhamit-te-lengshem\/vulosja-e-makinave\/\"><img decoding=\"async\" src=\"https:\/\/www.versiegelung24.com\/wp-content\/uploads\/2022\/08\/Kategorie_Auto-400x400.jpg\" alt=\"Vulosje e makinave\" width=\"400\" height=\"400\" srcset=\"https:\/\/www.versiegelung24.com\/wp-content\/uploads\/2022\/08\/Kategorie_Auto-400x400.jpg 400w, https:\/\/www.versiegelung24.com\/wp-content\/uploads\/2022\/08\/Kategorie_Auto-80x80.jpg 80w, https:\/\/www.versiegelung24.com\/wp-content\/uploads\/2022\/08\/Kategorie_Auto-70x70.jpg 70w, https:\/\/www.versiegelung24.com\/wp-content\/uploads\/2022\/08\/Kategorie_Auto-100x100.jpg 100w\" sizes=\"(max-width: 400px) 100vw, 400px\" \/>\t\t<h2 class=\"woocommerce-loop-category__title\">\n\t\t\tVulosje e makinave <mark class=\"count\">(19)<\/mark>\t\t<\/h2>\n\t\t<\/a><\/li>\n<li class=\"product-category product\">\n\t<a aria-label=\"Visit product category Mbyllje p\u00ebr xhami dhe qeramik\u00eb\" href=\"https:\/\/www.versiegelung24.com\/sq\/nenshkrimi-i-xhamit-te-lengshem\/vulosje-per-qelq-dhe-qeramike\/\"><img loading=\"lazy\" decoding=\"async\" src=\"https:\/\/www.versiegelung24.com\/wp-content\/uploads\/2022\/07\/Startseite_Banner-400x400.jpg\" alt=\"Mbyllje p\u00ebr xhami dhe qeramik\u00eb\" width=\"400\" height=\"400\" srcset=\"https:\/\/www.versiegelung24.com\/wp-content\/uploads\/2022\/07\/Startseite_Banner-400x400.jpg 400w, https:\/\/www.versiegelung24.com\/wp-content\/uploads\/2022\/07\/Startseite_Banner-80x80.jpg 80w, https:\/\/www.versiegelung24.com\/wp-content\/uploads\/2022\/07\/Startseite_Banner-70x70.jpg 70w, https:\/\/www.versiegelung24.com\/wp-content\/uploads\/2022\/07\/Startseite_Banner-100x100.jpg 100w\" sizes=\"(max-width: 400px) 100vw, 400px\" \/>\t\t<h2 class=\"woocommerce-loop-category__title\">\n\t\t\tMbyllje p\u00ebr xhami dhe qeramik\u00eb <mark class=\"count\">(18)<\/mark>\t\t<\/h2>\n\t\t<\/a><\/li>\n<li class=\"product-category product last\">\n\t<a aria-label=\"Visit product category Mbyllje metalike dhe plastike\" href=\"https:\/\/www.versiegelung24.com\/sq\/nenshkrimi-i-xhamit-te-lengshem\/vulosje-metalike-dhe-plastike\/\"><img loading=\"lazy\" decoding=\"async\" src=\"https:\/\/www.versiegelung24.com\/wp-content\/uploads\/2022\/08\/Kategorie_Metall-400x400.jpg\" alt=\"Mbyllje metalike dhe plastike\" width=\"400\" height=\"400\" srcset=\"https:\/\/www.versiegelung24.com\/wp-content\/uploads\/2022\/08\/Kategorie_Metall-400x400.jpg 400w, https:\/\/www.versiegelung24.com\/wp-content\/uploads\/2022\/08\/Kategorie_Metall-80x80.jpg 80w, https:\/\/www.versiegelung24.com\/wp-content\/uploads\/2022\/08\/Kategorie_Metall-70x70.jpg 70w, https:\/\/www.versiegelung24.com\/wp-content\/uploads\/2022\/08\/Kategorie_Metall-100x100.jpg 100w\" sizes=\"(max-width: 400px) 100vw, 400px\" \/>\t\t<h2 class=\"woocommerce-loop-category__title\">\n\t\t\tMbyllje metalike dhe plastike <mark class=\"count\">(16)<\/mark>\t\t<\/h2>\n\t\t<\/a><\/li>\n<li class=\"product-category product first\">\n\t<a aria-label=\"Visit product category furnizime pastrimi\" href=\"https:\/\/www.versiegelung24.com\/sq\/pajisje-pastrimi\/\"><img loading=\"lazy\" decoding=\"async\" src=\"https:\/\/www.versiegelung24.com\/wp-content\/uploads\/2022\/08\/Kategorie_Bioreiniger-400x400.jpg\" alt=\"furnizime pastrimi\" width=\"400\" height=\"400\" srcset=\"https:\/\/www.versiegelung24.com\/wp-content\/uploads\/2022\/08\/Kategorie_Bioreiniger-400x400.jpg 400w, https:\/\/www.versiegelung24.com\/wp-content\/uploads\/2022\/08\/Kategorie_Bioreiniger-80x80.jpg 80w, https:\/\/www.versiegelung24.com\/wp-content\/uploads\/2022\/08\/Kategorie_Bioreiniger-70x70.jpg 70w, https:\/\/www.versiegelung24.com\/wp-content\/uploads\/2022\/08\/Kategorie_Bioreiniger-100x100.jpg 100w\" sizes=\"(max-width: 400px) 100vw, 400px\" \/>\t\t<h2 class=\"woocommerce-loop-category__title\">\n\t\t\tfurnizime pastrimi <mark class=\"count\">(10)<\/mark>\t\t<\/h2>\n\t\t<\/a><\/li>\n<li class=\"product-category product\">\n\t<a aria-label=\"Visit product category Vulosje l\u00ebkure dhe tekstili\" href=\"https:\/\/www.versiegelung24.com\/sq\/nenshkrimi-i-xhamit-te-lengshem\/nenshkrimi-i-lekures-dhe-tekstilit\/\"><img loading=\"lazy\" decoding=\"async\" src=\"https:\/\/www.versiegelung24.com\/wp-content\/uploads\/2023\/06\/waterpoof-jacket-in-detail-400x400.jpg\" alt=\"Vulosje l\u00ebkure dhe tekstili\" width=\"400\" height=\"400\" srcset=\"https:\/\/www.versiegelung24.com\/wp-content\/uploads\/2023\/06\/waterpoof-jacket-in-detail-400x400.jpg 400w, https:\/\/www.versiegelung24.com\/wp-content\/uploads\/2023\/06\/waterpoof-jacket-in-detail-80x80.jpg 80w, https:\/\/www.versiegelung24.com\/wp-content\/uploads\/2023\/06\/waterpoof-jacket-in-detail-70x70.jpg 70w, https:\/\/www.versiegelung24.com\/wp-content\/uploads\/2023\/06\/waterpoof-jacket-in-detail-100x100.jpg 100w\" sizes=\"(max-width: 400px) 100vw, 400px\" \/>\t\t<h2 class=\"woocommerce-loop-category__title\">\n\t\t\tVulosje l\u00ebkure dhe tekstili <mark class=\"count\">(3)<\/mark>\t\t<\/h2>\n\t\t<\/a><\/li>\n<li class=\"product-category product\">\n\t<a aria-label=\"Visit product category Vulosje universale\" href=\"https:\/\/www.versiegelung24.com\/sq\/nenshkrimi-i-xhamit-te-lengshem\/vula-universale\/\"><img loading=\"lazy\" decoding=\"async\" src=\"https:\/\/www.versiegelung24.com\/wp-content\/uploads\/2022\/08\/Kategorie_Universal-400x400.jpg\" alt=\"Vulosje universale\" width=\"400\" height=\"400\" srcset=\"https:\/\/www.versiegelung24.com\/wp-content\/uploads\/2022\/08\/Kategorie_Universal-400x400.jpg 400w, https:\/\/www.versiegelung24.com\/wp-content\/uploads\/2022\/08\/Kategorie_Universal-80x80.jpg 80w, https:\/\/www.versiegelung24.com\/wp-content\/uploads\/2022\/08\/Kategorie_Universal-70x70.jpg 70w, https:\/\/www.versiegelung24.com\/wp-content\/uploads\/2022\/08\/Kategorie_Universal-100x100.jpg 100w\" sizes=\"(max-width: 400px) 100vw, 400px\" \/>\t\t<h2 class=\"woocommerce-loop-category__title\">\n\t\t\tVulosje universale <mark class=\"count\">(13)<\/mark>\t\t<\/h2>\n\t\t<\/a><\/li>\n<li class=\"product-category product last\">\n\t<a aria-label=\"Visit product category Vulosje druri\" href=\"https:\/\/www.versiegelung24.com\/sq\/nenshkrimi-i-xhamit-te-lengshem\/nenshkrimi-i-drurit\/\"><img loading=\"lazy\" decoding=\"async\" src=\"https:\/\/www.versiegelung24.com\/wp-content\/uploads\/2022\/08\/Kategorie_Holz-400x400.jpg\" alt=\"Vulosje druri\" width=\"400\" height=\"400\" srcset=\"https:\/\/www.versiegelung24.com\/wp-content\/uploads\/2022\/08\/Kategorie_Holz-400x400.jpg 400w, https:\/\/www.versiegelung24.com\/wp-content\/uploads\/2022\/08\/Kategorie_Holz-80x80.jpg 80w, https:\/\/www.versiegelung24.com\/wp-content\/uploads\/2022\/08\/Kategorie_Holz-70x70.jpg 70w, https:\/\/www.versiegelung24.com\/wp-content\/uploads\/2022\/08\/Kategorie_Holz-100x100.jpg 100w\" sizes=\"(max-width: 400px) 100vw, 400px\" \/>\t\t<h2 class=\"woocommerce-loop-category__title\">\n\t\t\tVulosje druri <mark class=\"count\">(3)<\/mark>\t\t<\/h2>\n\t\t<\/a><\/li>\n<\/ul>\n<\/div>\n<\/div>\n","protected":false},"excerpt":{"rendered":"<p>Blini produkte nga CCM GmbH nga Overath \/ Gjermani n\u00eb dyqanin online &#8220;Made in Germany&#8221; \u00ebsht\u00eb nj\u00eb term global p\u00ebr inovacionin dhe cil\u00ebsin\u00eb m\u00eb t\u00eb lart\u00eb dhe \u00ebsht\u00eb i famsh\u00ebm, p\u00ebr shembull, n\u00eb fushat e automobilave, inxhinieris\u00eb mekanike dhe kimis\u00eb. P\u00ebrve\u00e7 kompanive t\u00eb m\u00ebdha shum\u00ebkomb\u00ebshe, Gjermania ka mbi t\u00eb gjitha nj\u00eb kultur\u00eb prej qindra mij\u00ebra&hellip;&nbsp;<a href=\"https:\/\/www.versiegelung24.com\/sq\/blini-produkte-ccm-gmbh-ne-dyqanin-online\/\" rel=\"bookmark\">Read More &raquo;<span class=\"screen-reader-text\">Blini produkte CCM GmbH n\u00eb dyqanin online<\/span><\/a><\/p>\n","protected":false},"author":932,"featured_media":70212,"parent":0,"menu_order":0,"comment_status":"closed","ping_status":"closed","template":"","meta":{"_acf_changed":false,"neve_meta_sidebar":"","neve_meta_container":"","neve_meta_enable_content_width":"","neve_meta_content_width":0,"neve_meta_title_alignment":"","neve_meta_author_avatar":"","neve_post_elements_order":"","neve_meta_disable_header":"","neve_meta_disable_footer":"","neve_meta_disable_title":"","neve_meta_reading_time":"","footnotes":""},"categories":[],"seiten_kategorie":[],"class_list":["post-22597","page","type-page","status-publish","has-post-thumbnail","hentry"],"acf":[],"yoast_head":"<!-- This site is optimized with the Yoast SEO Premium plugin v22.8 (Yoast SEO v27.4) - https:\/\/yoast.com\/product\/yoast-seo-premium-wordpress\/ -->\n<title>Blini produkte CCM GmbH n\u00eb dyqanin online<\/title>\n<meta name=\"description\" content=\"Blini nano vulosje, agjent\u00eb pastrimi, dezinfektues dhe produkte t\u00eb tjera qelqi t\u00eb l\u00ebngsh\u00ebm nga CCM GmbH nga Overath Gjermani n\u00eb internet.\" \/>\n<meta name=\"robots\" content=\"index, follow, max-snippet:-1, max-image-preview:large, max-video-preview:-1\" \/>\n<link rel=\"canonical\" href=\"https:\/\/www.versiegelung24.com\/sq\/blini-produkte-ccm-gmbh-ne-dyqanin-online\/\" \/>\n<meta property=\"og:locale\" content=\"sq_AL\" \/>\n<meta property=\"og:type\" content=\"article\" \/>\n<meta property=\"og:title\" content=\"Blini produkte CCM GmbH n\u00eb dyqanin online\" \/>\n<meta property=\"og:description\" content=\"Blini nano vulosje, agjent\u00eb pastrimi, dezinfektues dhe produkte t\u00eb tjera qelqi t\u00eb l\u00ebngsh\u00ebm nga CCM GmbH nga Overath Gjermani n\u00eb internet.\" \/>\n<meta property=\"og:url\" content=\"https:\/\/www.versiegelung24.com\/sq\/blini-produkte-ccm-gmbh-ne-dyqanin-online\/\" \/>\n<meta property=\"og:site_name\" content=\"versiegelung24.com\" \/>\n<meta property=\"article:modified_time\" content=\"2024-06-25T18:51:44+00:00\" \/>\n<meta property=\"og:image\" content=\"https:\/\/www.versiegelung24.com\/wp-content\/uploads\/2022\/02\/Flasche.png\" \/>\n\t<meta property=\"og:image:width\" content=\"2560\" \/>\n\t<meta property=\"og:image:height\" content=\"2560\" \/>\n\t<meta property=\"og:image:type\" content=\"image\/png\" \/>\n<meta name=\"twitter:card\" content=\"summary_large_image\" \/>\n<meta name=\"twitter:label1\" content=\"Est. reading time\" \/>\n\t<meta name=\"twitter:data1\" content=\"1 minute\" \/>\n<script type=\"application\/ld+json\" class=\"yoast-schema-graph\">{\"@context\":\"https:\\\/\\\/schema.org\",\"@graph\":[{\"@type\":\"WebPage\",\"@id\":\"https:\\\/\\\/www.versiegelung24.com\\\/sq\\\/blini-produkte-ccm-gmbh-ne-dyqanin-online\\\/\",\"url\":\"https:\\\/\\\/www.versiegelung24.com\\\/sq\\\/blini-produkte-ccm-gmbh-ne-dyqanin-online\\\/\",\"name\":\"Blini produkte CCM GmbH n\u00eb dyqanin online\",\"isPartOf\":{\"@id\":\"https:\\\/\\\/www.versiegelung24.com\\\/sq\\\/#website\"},\"primaryImageOfPage\":{\"@id\":\"https:\\\/\\\/www.versiegelung24.com\\\/sq\\\/blini-produkte-ccm-gmbh-ne-dyqanin-online\\\/#primaryimage\"},\"image\":{\"@id\":\"https:\\\/\\\/www.versiegelung24.com\\\/sq\\\/blini-produkte-ccm-gmbh-ne-dyqanin-online\\\/#primaryimage\"},\"thumbnailUrl\":\"https:\\\/\\\/www.versiegelung24.com\\\/wp-content\\\/uploads\\\/2022\\\/02\\\/Flasche.png\",\"datePublished\":\"2021-08-02T18:48:40+00:00\",\"dateModified\":\"2024-06-25T18:51:44+00:00\",\"description\":\"Blini nano vulosje, agjent\u00eb pastrimi, dezinfektues dhe produkte t\u00eb tjera qelqi t\u00eb l\u00ebngsh\u00ebm nga CCM GmbH nga Overath Gjermani n\u00eb internet.\",\"breadcrumb\":{\"@id\":\"https:\\\/\\\/www.versiegelung24.com\\\/sq\\\/blini-produkte-ccm-gmbh-ne-dyqanin-online\\\/#breadcrumb\"},\"inLanguage\":\"sq-AL\",\"potentialAction\":[{\"@type\":\"ReadAction\",\"target\":[\"https:\\\/\\\/www.versiegelung24.com\\\/sq\\\/blini-produkte-ccm-gmbh-ne-dyqanin-online\\\/\"]}]},{\"@type\":\"ImageObject\",\"inLanguage\":\"sq-AL\",\"@id\":\"https:\\\/\\\/www.versiegelung24.com\\\/sq\\\/blini-produkte-ccm-gmbh-ne-dyqanin-online\\\/#primaryimage\",\"url\":\"https:\\\/\\\/www.versiegelung24.com\\\/wp-content\\\/uploads\\\/2022\\\/02\\\/Flasche.png\",\"contentUrl\":\"https:\\\/\\\/www.versiegelung24.com\\\/wp-content\\\/uploads\\\/2022\\\/02\\\/Flasche.png\",\"width\":2560,\"height\":2560},{\"@type\":\"BreadcrumbList\",\"@id\":\"https:\\\/\\\/www.versiegelung24.com\\\/sq\\\/blini-produkte-ccm-gmbh-ne-dyqanin-online\\\/#breadcrumb\",\"itemListElement\":[{\"@type\":\"ListItem\",\"position\":1,\"name\":\"Faqja kryesore\",\"item\":\"https:\\\/\\\/www.versiegelung24.com\\\/sq\\\/perpara\\\/\"},{\"@type\":\"ListItem\",\"position\":2,\"name\":\"Blini produkte CCM GmbH n\u00eb dyqanin online\"}]},{\"@type\":\"WebSite\",\"@id\":\"https:\\\/\\\/www.versiegelung24.com\\\/sq\\\/#website\",\"url\":\"https:\\\/\\\/www.versiegelung24.com\\\/sq\\\/\",\"name\":\"versiegelung24.com\",\"description\":\"Fl\u00fcssigglas-Versiegelung - Made in Germany\",\"publisher\":{\"@id\":\"https:\\\/\\\/www.versiegelung24.com\\\/sq\\\/#organization\"},\"potentialAction\":[{\"@type\":\"SearchAction\",\"target\":{\"@type\":\"EntryPoint\",\"urlTemplate\":\"https:\\\/\\\/www.versiegelung24.com\\\/sq\\\/?s={search_term_string}\"},\"query-input\":{\"@type\":\"PropertyValueSpecification\",\"valueRequired\":true,\"valueName\":\"search_term_string\"}}],\"inLanguage\":\"sq-AL\"},{\"@type\":\"Organization\",\"@id\":\"https:\\\/\\\/www.versiegelung24.com\\\/sq\\\/#organization\",\"name\":\"versiegelung24\",\"url\":\"https:\\\/\\\/www.versiegelung24.com\\\/sq\\\/\",\"logo\":{\"@type\":\"ImageObject\",\"inLanguage\":\"sq-AL\",\"@id\":\"https:\\\/\\\/www.versiegelung24.com\\\/sq\\\/#\\\/schema\\\/logo\\\/image\\\/\",\"url\":\"https:\\\/\\\/www.versiegelung24.com\\\/wp-content\\\/uploads\\\/2020\\\/04\\\/versiegelung24.png\",\"contentUrl\":\"https:\\\/\\\/www.versiegelung24.com\\\/wp-content\\\/uploads\\\/2020\\\/04\\\/versiegelung24.png\",\"width\":470,\"height\":102,\"caption\":\"versiegelung24\"},\"image\":{\"@id\":\"https:\\\/\\\/www.versiegelung24.com\\\/sq\\\/#\\\/schema\\\/logo\\\/image\\\/\"}}]}<\/script>\n<!-- \/ Yoast SEO Premium plugin. -->","yoast_head_json":{"title":"Blini produkte CCM GmbH n\u00eb dyqanin online","description":"Blini nano vulosje, agjent\u00eb pastrimi, dezinfektues dhe produkte t\u00eb tjera qelqi t\u00eb l\u00ebngsh\u00ebm nga CCM GmbH nga Overath Gjermani n\u00eb internet.","robots":{"index":"index","follow":"follow","max-snippet":"max-snippet:-1","max-image-preview":"max-image-preview:large","max-video-preview":"max-video-preview:-1"},"canonical":"https:\/\/www.versiegelung24.com\/sq\/blini-produkte-ccm-gmbh-ne-dyqanin-online\/","og_locale":"sq_AL","og_type":"article","og_title":"Blini produkte CCM GmbH n\u00eb dyqanin online","og_description":"Blini nano vulosje, agjent\u00eb pastrimi, dezinfektues dhe produkte t\u00eb tjera qelqi t\u00eb l\u00ebngsh\u00ebm nga CCM GmbH nga Overath Gjermani n\u00eb internet.","og_url":"https:\/\/www.versiegelung24.com\/sq\/blini-produkte-ccm-gmbh-ne-dyqanin-online\/","og_site_name":"versiegelung24.com","article_modified_time":"2024-06-25T18:51:44+00:00","og_image":[{"width":2560,"height":2560,"url":"https:\/\/www.versiegelung24.com\/wp-content\/uploads\/2022\/02\/Flasche.png","type":"image\/png"}],"twitter_card":"summary_large_image","twitter_misc":{"Est. reading time":"1 minute"},"schema":{"@context":"https:\/\/schema.org","@graph":[{"@type":"WebPage","@id":"https:\/\/www.versiegelung24.com\/sq\/blini-produkte-ccm-gmbh-ne-dyqanin-online\/","url":"https:\/\/www.versiegelung24.com\/sq\/blini-produkte-ccm-gmbh-ne-dyqanin-online\/","name":"Blini produkte CCM GmbH n\u00eb dyqanin online","isPartOf":{"@id":"https:\/\/www.versiegelung24.com\/sq\/#website"},"primaryImageOfPage":{"@id":"https:\/\/www.versiegelung24.com\/sq\/blini-produkte-ccm-gmbh-ne-dyqanin-online\/#primaryimage"},"image":{"@id":"https:\/\/www.versiegelung24.com\/sq\/blini-produkte-ccm-gmbh-ne-dyqanin-online\/#primaryimage"},"thumbnailUrl":"https:\/\/www.versiegelung24.com\/wp-content\/uploads\/2022\/02\/Flasche.png","datePublished":"2021-08-02T18:48:40+00:00","dateModified":"2024-06-25T18:51:44+00:00","description":"Blini nano vulosje, agjent\u00eb pastrimi, dezinfektues dhe produkte t\u00eb tjera qelqi t\u00eb l\u00ebngsh\u00ebm nga CCM GmbH nga Overath Gjermani n\u00eb internet.","breadcrumb":{"@id":"https:\/\/www.versiegelung24.com\/sq\/blini-produkte-ccm-gmbh-ne-dyqanin-online\/#breadcrumb"},"inLanguage":"sq-AL","potentialAction":[{"@type":"ReadAction","target":["https:\/\/www.versiegelung24.com\/sq\/blini-produkte-ccm-gmbh-ne-dyqanin-online\/"]}]},{"@type":"ImageObject","inLanguage":"sq-AL","@id":"https:\/\/www.versiegelung24.com\/sq\/blini-produkte-ccm-gmbh-ne-dyqanin-online\/#primaryimage","url":"https:\/\/www.versiegelung24.com\/wp-content\/uploads\/2022\/02\/Flasche.png","contentUrl":"https:\/\/www.versiegelung24.com\/wp-content\/uploads\/2022\/02\/Flasche.png","width":2560,"height":2560},{"@type":"BreadcrumbList","@id":"https:\/\/www.versiegelung24.com\/sq\/blini-produkte-ccm-gmbh-ne-dyqanin-online\/#breadcrumb","itemListElement":[{"@type":"ListItem","position":1,"name":"Faqja kryesore","item":"https:\/\/www.versiegelung24.com\/sq\/perpara\/"},{"@type":"ListItem","position":2,"name":"Blini produkte CCM GmbH n\u00eb dyqanin online"}]},{"@type":"WebSite","@id":"https:\/\/www.versiegelung24.com\/sq\/#website","url":"https:\/\/www.versiegelung24.com\/sq\/","name":"versiegelung24.com","description":"Fl\u00fcssigglas-Versiegelung - Made in Germany","publisher":{"@id":"https:\/\/www.versiegelung24.com\/sq\/#organization"},"potentialAction":[{"@type":"SearchAction","target":{"@type":"EntryPoint","urlTemplate":"https:\/\/www.versiegelung24.com\/sq\/?s={search_term_string}"},"query-input":{"@type":"PropertyValueSpecification","valueRequired":true,"valueName":"search_term_string"}}],"inLanguage":"sq-AL"},{"@type":"Organization","@id":"https:\/\/www.versiegelung24.com\/sq\/#organization","name":"versiegelung24","url":"https:\/\/www.versiegelung24.com\/sq\/","logo":{"@type":"ImageObject","inLanguage":"sq-AL","@id":"https:\/\/www.versiegelung24.com\/sq\/#\/schema\/logo\/image\/","url":"https:\/\/www.versiegelung24.com\/wp-content\/uploads\/2020\/04\/versiegelung24.png","contentUrl":"https:\/\/www.versiegelung24.com\/wp-content\/uploads\/2020\/04\/versiegelung24.png","width":470,"height":102,"caption":"versiegelung24"},"image":{"@id":"https:\/\/www.versiegelung24.com\/sq\/#\/schema\/logo\/image\/"}}]}},"_links":{"self":[{"href":"https:\/\/www.versiegelung24.com\/sq\/wp-json\/wp\/v2\/pages\/22597","targetHints":{"allow":["GET"]}}],"collection":[{"href":"https:\/\/www.versiegelung24.com\/sq\/wp-json\/wp\/v2\/pages"}],"about":[{"href":"https:\/\/www.versiegelung24.com\/sq\/wp-json\/wp\/v2\/types\/page"}],"author":[{"embeddable":true,"href":"https:\/\/www.versiegelung24.com\/sq\/wp-json\/wp\/v2\/users\/932"}],"replies":[{"embeddable":true,"href":"https:\/\/www.versiegelung24.com\/sq\/wp-json\/wp\/v2\/comments?post=22597"}],"version-history":[{"count":2,"href":"https:\/\/www.versiegelung24.com\/sq\/wp-json\/wp\/v2\/pages\/22597\/revisions"}],"predecessor-version":[{"id":167680,"href":"https:\/\/www.versiegelung24.com\/sq\/wp-json\/wp\/v2\/pages\/22597\/revisions\/167680"}],"wp:featuredmedia":[{"embeddable":true,"href":"https:\/\/www.versiegelung24.com\/sq\/wp-json\/wp\/v2\/media\/70212"}],"wp:attachment":[{"href":"https:\/\/www.versiegelung24.com\/sq\/wp-json\/wp\/v2\/media?parent=22597"}],"wp:term":[{"taxonomy":"category","embeddable":true,"href":"https:\/\/www.versiegelung24.com\/sq\/wp-json\/wp\/v2\/categories?post=22597"},{"taxonomy":"seiten_kategorie","embeddable":true,"href":"https:\/\/www.versiegelung24.com\/sq\/wp-json\/wp\/v2\/seiten_kategorie?post=22597"}],"curies":[{"name":"wp","href":"https:\/\/api.w.org\/{rel}","templated":true}]}}