{"id":25336,"date":"2021-08-03T10:06:49","date_gmt":"2021-08-03T08:06:49","guid":{"rendered":"https:\/\/www.versiegelung24.com\/kontaktoni"},"modified":"2023-11-28T11:02:47","modified_gmt":"2023-11-28T10:02:47","slug":"kontaktoni","status":"publish","type":"page","link":"https:\/\/www.versiegelung24.com\/sq\/kontaktoni\/","title":{"rendered":"Kontaktoni"},"content":{"rendered":"\t\t<div data-elementor-type=\"wp-page\" data-elementor-id=\"25336\" class=\"elementor elementor-25336 elementor-3277\" data-elementor-post-type=\"page\">\n\t\t\t\t\t\t<section class=\"elementor-section elementor-top-section elementor-element elementor-element-3dc714b6 elementor-section-boxed elementor-section-height-default elementor-section-height-default\" data-id=\"3dc714b6\" data-element_type=\"section\" data-e-type=\"section\">\n\t\t\t\t\t\t<div class=\"elementor-container elementor-column-gap-default\">\n\t\t\t\t\t<div class=\"elementor-column elementor-col-100 elementor-top-column elementor-element elementor-element-14b7050d\" data-id=\"14b7050d\" data-element_type=\"column\" data-e-type=\"column\">\n\t\t\t<div class=\"elementor-widget-wrap elementor-element-populated\">\n\t\t\t\t\t\t<section class=\"elementor-section elementor-inner-section elementor-element elementor-element-4b3971db elementor-section-boxed elementor-section-height-default elementor-section-height-default\" data-id=\"4b3971db\" data-element_type=\"section\" data-e-type=\"section\">\n\t\t\t\t\t\t<div class=\"elementor-container elementor-column-gap-default\">\n\t\t\t\t\t<div class=\"elementor-column elementor-col-50 elementor-inner-column elementor-element elementor-element-480015cb\" data-id=\"480015cb\" data-element_type=\"column\" data-e-type=\"column\">\n\t\t\t<div class=\"elementor-widget-wrap elementor-element-populated\">\n\t\t\t\t\t\t<div class=\"elementor-element elementor-element-2453bf87 elementor-widget elementor-widget-image\" data-id=\"2453bf87\" data-element_type=\"widget\" data-e-type=\"widget\" data-widget_type=\"image.default\">\n\t\t\t\t<div class=\"elementor-widget-container\">\n\t\t\t\t\t\t\t\t\t\t\t\t\t\t\t<img fetchpriority=\"high\" decoding=\"async\" width=\"1200\" height=\"349\" src=\"https:\/\/www.versiegelung24.com\/wp-content\/uploads\/2023\/11\/logo-kontaktseite-1300x378.webp\" class=\"attachment-large size-large wp-image-133708\" alt=\"\" srcset=\"https:\/\/www.versiegelung24.com\/wp-content\/uploads\/2023\/11\/logo-kontaktseite-1300x378.webp 1300w, https:\/\/www.versiegelung24.com\/wp-content\/uploads\/2023\/11\/logo-kontaktseite-300x87.webp 300w, https:\/\/www.versiegelung24.com\/wp-content\/uploads\/2023\/11\/logo-kontaktseite-768x223.webp 768w, https:\/\/www.versiegelung24.com\/wp-content\/uploads\/2023\/11\/logo-kontaktseite-1536x447.webp 1536w, https:\/\/www.versiegelung24.com\/wp-content\/uploads\/2023\/11\/logo-kontaktseite-600x175.webp 600w, https:\/\/www.versiegelung24.com\/wp-content\/uploads\/2023\/11\/logo-kontaktseite.webp 2000w\" sizes=\"(max-width: 1200px) 100vw, 1200px\" \/>\t\t\t\t\t\t\t\t\t\t\t\t\t\t\t<\/div>\n\t\t\t\t<\/div>\n\t\t\t\t\t<\/div>\n\t\t<\/div>\n\t\t\t\t<div class=\"elementor-column elementor-col-50 elementor-inner-column elementor-element elementor-element-7b53c7bc\" data-id=\"7b53c7bc\" data-element_type=\"column\" data-e-type=\"column\">\n\t\t\t<div class=\"elementor-widget-wrap elementor-element-populated\">\n\t\t\t\t\t\t<div class=\"elementor-element elementor-element-4d1a0711 elementor-widget elementor-widget-heading\" data-id=\"4d1a0711\" data-element_type=\"widget\" data-e-type=\"widget\" data-widget_type=\"heading.default\">\n\t\t\t\t<div class=\"elementor-widget-container\">\n\t\t\t\t\t<h2 class=\"elementor-heading-title elementor-size-default\">K\u00ebshilla dhe mb\u00ebshtetje p\u00ebr produktin<\/h2>\t\t\t\t<\/div>\n\t\t\t\t<\/div>\n\t\t\t\t<div class=\"elementor-element elementor-element-6bb7e0d3 elementor-widget elementor-widget-text-editor\" data-id=\"6bb7e0d3\" data-element_type=\"widget\" data-e-type=\"widget\" data-widget_type=\"text-editor.default\">\n\t\t\t\t<div class=\"elementor-widget-container\">\n\t\t\t\t\t\t\t\t\t<p>Ne jemi shum\u00eb t\u00eb k\u00ebnaqur q\u00eb jeni t\u00eb interesuar p\u00ebr produktet tona dhe jeni t\u00eb lumtur t&#8217;u p\u00ebrgjigjemi \u00e7do pyetjeje q\u00eb mund t\u00eb keni.<\/p>\n<p><\/p>\n<p>P\u00ebr t\u00eb qen\u00eb n\u00eb gjendje t\u00eb p\u00ebrpunojm\u00eb k\u00ebrkes\u00ebn tuaj n\u00eb m\u00ebnyr\u00ebn m\u00eb t\u00eb mir\u00eb t\u00eb mundshme, ju k\u00ebrkojm\u00eb t\u00eb plot\u00ebsoni formularin ton\u00eb t\u00eb kontaktit ose t\u00eb na d\u00ebrgoni nj\u00eb email n\u00eb<a href=\"mailto:info@versiegelung24.com\"> info@versiegelung24.com<\/a> te shkruash.<\/p>\n<p><\/p>\n<p>Ne do t\u00eb kthehemi tek ju sa m\u00eb shpejt t\u00eb jet\u00eb e mundur.<\/p>\n<p><\/p>\n<p><strong>Ekipi juaj i sh\u00ebrbimit versiegelung24.com.<\/strong><\/p>\t\t\t\t\t\t\t\t<\/div>\n\t\t\t\t<\/div>\n\t\t\t\t\t<\/div>\n\t\t<\/div>\n\t\t\t\t\t<\/div>\n\t\t<\/section>\n\t\t\t\t<section class=\"elementor-section elementor-inner-section elementor-element elementor-element-2a4ee3a8 elementor-section-boxed elementor-section-height-default elementor-section-height-default\" data-id=\"2a4ee3a8\" data-element_type=\"section\" data-e-type=\"section\">\n\t\t\t\t\t\t<div class=\"elementor-container elementor-column-gap-default\">\n\t\t\t\t\t<div class=\"elementor-column elementor-col-100 elementor-inner-column elementor-element elementor-element-69c4bee1\" data-id=\"69c4bee1\" data-element_type=\"column\" data-e-type=\"column\">\n\t\t\t<div class=\"elementor-widget-wrap elementor-element-populated\">\n\t\t\t\t\t\t<div class=\"elementor-element elementor-element-49ba6b22 eael-wpforms-labels-yes eael-wpforms-form-button-custom elementor-widget elementor-widget-eael-wpforms\" data-id=\"49ba6b22\" data-element_type=\"widget\" data-e-type=\"widget\" data-widget_type=\"eael-wpforms.default\">\n\t\t\t\t<div class=\"elementor-widget-container\">\n\t\t\t\t\t            <div class=\"eael-contact-form eael-wpforms eael-wpforms-align-default\">\n                                <div class=\"wpforms-container wpforms-container-full\" id=\"wpforms-10789\"><form id=\"wpforms-form-10789\" class=\"wpforms-validate wpforms-form\" data-formid=\"10789\" method=\"post\" enctype=\"multipart\/form-data\" action=\"\/sq\/wp-json\/wp\/v2\/pages\/25336\" data-token=\"791903307b97a2e866f5336822635bc7\" data-token-time=\"1777783028\"><div class=\"wpforms-head-container\"><div class=\"wpforms-title\">Forma e Kontaktit<\/div><\/div><noscript class=\"wpforms-error-noscript\">Please enable JavaScript in your browser to complete this form.<\/noscript><div class=\"wpforms-field-container\"><div id=\"wpforms-10789-field_5-container\" class=\"wpforms-field wpforms-field-text\" data-field-id=\"5\"><label class=\"wpforms-field-label\" for=\"wpforms-10789-field_5\">Emri<\/label><input type=\"text\" id=\"wpforms-10789-field_5\" class=\"wpforms-field-medium\" name=\"wpforms[fields][5]\" ><\/div><div id=\"wpforms-10789-field_7-container\" class=\"wpforms-field wpforms-field-text\" data-field-id=\"7\"><label class=\"wpforms-field-label\" for=\"wpforms-10789-field_7\">Mbiemri<\/label><input type=\"text\" id=\"wpforms-10789-field_7\" class=\"wpforms-field-medium\" name=\"wpforms[fields][7]\" ><\/div><div id=\"wpforms-10789-field_8-container\" class=\"wpforms-field wpforms-field-text\" data-field-id=\"8\"><label class=\"wpforms-field-label\" for=\"wpforms-10789-field_8\">kompania<\/label><input type=\"text\" id=\"wpforms-10789-field_8\" class=\"wpforms-field-medium\" name=\"wpforms[fields][8]\" ><\/div><div id=\"wpforms-10789-field_10-container\" class=\"wpforms-field wpforms-field-text\" data-field-id=\"10\"><label class=\"wpforms-field-label wpforms-label-hide\" for=\"wpforms-10789-field_10\">URL<\/label><input type=\"text\" id=\"wpforms-10789-field_10\" class=\"wpforms-field-medium\" name=\"wpforms[fields][10]\" value=\"https:\/\/www.versiegelung24.com\/sq\/wp-json\/wp\/v2\/pages\/25336\" ><\/div><div id=\"wpforms-10789-field_1-container\" class=\"wpforms-field wpforms-field-email\" data-field-id=\"1\"><label class=\"wpforms-field-label\" for=\"wpforms-10789-field_1\">Adresa e post\u00ebs elektronike <span class=\"wpforms-required-label\">*<\/span><\/label><input type=\"email\" id=\"wpforms-10789-field_1\" class=\"wpforms-field-medium wpforms-field-required\" name=\"wpforms[fields][1]\" spellcheck=\"false\" required><\/div><div id=\"wpforms-10789-field_4-container\" class=\"wpforms-field wpforms-field-text\" data-field-id=\"4\"><label class=\"wpforms-field-label\" for=\"wpforms-10789-field_4\">Num\u00ebr telefoni<\/label><input type=\"text\" id=\"wpforms-10789-field_4\" class=\"wpforms-field-medium\" name=\"wpforms[fields][4]\" ><\/div><div id=\"wpforms-10789-field_2-container\" class=\"wpforms-field wpforms-field-textarea\" data-field-id=\"2\"><label class=\"wpforms-field-label\" for=\"wpforms-10789-field_2\">Mesazhi juaj p\u00ebr ne <span class=\"wpforms-required-label\">*<\/span><\/label><textarea id=\"wpforms-10789-field_2\" class=\"wpforms-field-large wpforms-field-required\" name=\"wpforms[fields][2]\" required><\/textarea><div class=\"wpforms-field-description\"><button data-service=\"google-recaptcha\" data-category=\"marketing\" class=\"cmplz-blocked-content-container cmplz-blocked-content-notice cmplz-accept-service cmplz-accept-marketing cmplz-wpforms\" \r\nstyle=\"text-align: left; cursor: pointer;margin-top:20px;background-color:white;border:none;color: var(--nv-primary-accent);font-weight: 700;font-size: 16px;\"> Bitte akzeptieren Sie mit Klick auf diesen Text die reCaptcha Cookies, damit Sie das Formular abschicken k\u00f6nnen.\r\n<\/button><\/div><\/div><\/div><!-- .wpforms-field-container --><div class=\"wpforms-recaptcha-container wpforms-is-recaptcha wpforms-is-recaptcha-type-v3\" ><input type=\"hidden\" name=\"wpforms[recaptcha]\" value=\"\"><\/div><div class=\"wpforms-submit-container\" ><input type=\"hidden\" name=\"wpforms[id]\" value=\"10789\"><input type=\"hidden\" name=\"page_title\" value=\"\"><input type=\"hidden\" name=\"page_url\" value=\"https:\/\/www.versiegelung24.com\/sq\/wp-json\/wp\/v2\/pages\/25336\"><input type=\"hidden\" name=\"url_referer\" value=\"\"><button type=\"submit\" name=\"wpforms[submit]\" id=\"wpforms-submit-10789\" class=\"wpforms-submit\" data-alt-text=\"Po d\u00ebrgohet...\" data-submit-text=\"D\u00ebrgo\" aria-live=\"assertive\" value=\"wpforms-submit\">D\u00ebrgo<\/button><\/div><\/form><\/div>  <!-- .wpforms-container -->            <\/div>\n\t\t\t\t<\/div>\n\t\t\t\t<\/div>\n\t\t\t\t\t<\/div>\n\t\t<\/div>\n\t\t\t\t\t<\/div>\n\t\t<\/section>\n\t\t\t\t\t<\/div>\n\t\t<\/div>\n\t\t\t\t\t<\/div>\n\t\t<\/section>\n\t\t\t\t<\/div>\n\t\t","protected":false},"excerpt":{"rendered":"<p>K\u00ebshilla dhe mb\u00ebshtetje p\u00ebr produktin Ne jemi shum\u00eb t\u00eb k\u00ebnaqur q\u00eb jeni t\u00eb interesuar p\u00ebr produktet tona dhe jeni t\u00eb lumtur t&#8217;u p\u00ebrgjigjemi \u00e7do pyetjeje q\u00eb mund t\u00eb keni. P\u00ebr t\u00eb qen\u00eb n\u00eb gjendje t\u00eb p\u00ebrpunojm\u00eb k\u00ebrkes\u00ebn tuaj n\u00eb m\u00ebnyr\u00ebn m\u00eb t\u00eb mir\u00eb t\u00eb mundshme, ju k\u00ebrkojm\u00eb t\u00eb plot\u00ebsoni formularin ton\u00eb t\u00eb kontaktit ose t\u00eb&hellip;&nbsp;<a href=\"https:\/\/www.versiegelung24.com\/sq\/kontaktoni\/\" rel=\"bookmark\">Read More &raquo;<span class=\"screen-reader-text\">Kontaktoni<\/span><\/a><\/p>\n","protected":false},"author":932,"featured_media":70587,"parent":0,"menu_order":9,"comment_status":"closed","ping_status":"closed","template":"","meta":{"_acf_changed":false,"neve_meta_sidebar":"default","neve_meta_container":"","neve_meta_enable_content_width":"","neve_meta_content_width":0,"neve_meta_title_alignment":"","neve_meta_author_avatar":"","neve_post_elements_order":"","neve_meta_disable_header":"","neve_meta_disable_footer":"","neve_meta_disable_title":"off","neve_meta_reading_time":"","footnotes":""},"categories":[],"seiten_kategorie":[],"class_list":["post-25336","page","type-page","status-publish","has-post-thumbnail","hentry"],"acf":[],"yoast_head":"<!-- This site is optimized with the Yoast SEO Premium plugin v22.8 (Yoast SEO v27.5) - https:\/\/yoast.com\/product\/yoast-seo-premium-wordpress\/ -->\n<title>Kontaktoni - versiegelung24.com<\/title>\n<meta name=\"robots\" content=\"index, follow, max-snippet:-1, max-image-preview:large, max-video-preview:-1\" \/>\n<link rel=\"canonical\" href=\"https:\/\/www.versiegelung24.com\/sq\/kontaktoni\/\" \/>\n<meta property=\"og:locale\" content=\"sq_AL\" \/>\n<meta property=\"og:type\" content=\"article\" \/>\n<meta property=\"og:title\" content=\"Kontaktoni\" \/>\n<meta property=\"og:description\" content=\"K\u00ebshilla dhe mb\u00ebshtetje p\u00ebr produktin Ne jemi shum\u00eb t\u00eb k\u00ebnaqur q\u00eb jeni t\u00eb interesuar p\u00ebr produktet tona dhe jeni t\u00eb lumtur t&#8217;u p\u00ebrgjigjemi \u00e7do pyetjeje q\u00eb mund t\u00eb keni. P\u00ebr t\u00eb qen\u00eb n\u00eb gjendje t\u00eb p\u00ebrpunojm\u00eb k\u00ebrkes\u00ebn tuaj n\u00eb m\u00ebnyr\u00ebn m\u00eb t\u00eb mir\u00eb t\u00eb mundshme, ju k\u00ebrkojm\u00eb t\u00eb plot\u00ebsoni formularin ton\u00eb t\u00eb kontaktit ose t\u00eb&hellip;&nbsp;Read More &raquo;Kontaktoni\" \/>\n<meta property=\"og:url\" content=\"https:\/\/www.versiegelung24.com\/sq\/kontaktoni\/\" \/>\n<meta property=\"og:site_name\" content=\"versiegelung24.com\" \/>\n<meta property=\"article:modified_time\" content=\"2023-11-28T10:02:47+00:00\" \/>\n<meta property=\"og:image\" content=\"https:\/\/www.versiegelung24.com\/wp-content\/uploads\/2022\/02\/Kontakt.png\" \/>\n\t<meta property=\"og:image:width\" content=\"2000\" \/>\n\t<meta property=\"og:image:height\" content=\"2000\" \/>\n\t<meta property=\"og:image:type\" content=\"image\/png\" \/>\n<meta name=\"twitter:card\" content=\"summary_large_image\" \/>\n<meta name=\"twitter:label1\" content=\"Est. reading time\" \/>\n\t<meta name=\"twitter:data1\" content=\"1 minute\" \/>\n<script type=\"application\/ld+json\" class=\"yoast-schema-graph\">{\"@context\":\"https:\\\/\\\/schema.org\",\"@graph\":[{\"@type\":\"WebPage\",\"@id\":\"https:\\\/\\\/www.versiegelung24.com\\\/sq\\\/kontaktoni\\\/\",\"url\":\"https:\\\/\\\/www.versiegelung24.com\\\/sq\\\/kontaktoni\\\/\",\"name\":\"Kontaktoni - versiegelung24.com\",\"isPartOf\":{\"@id\":\"https:\\\/\\\/www.versiegelung24.com\\\/sq\\\/#website\"},\"primaryImageOfPage\":{\"@id\":\"https:\\\/\\\/www.versiegelung24.com\\\/sq\\\/kontaktoni\\\/#primaryimage\"},\"image\":{\"@id\":\"https:\\\/\\\/www.versiegelung24.com\\\/sq\\\/kontaktoni\\\/#primaryimage\"},\"thumbnailUrl\":\"https:\\\/\\\/www.versiegelung24.com\\\/wp-content\\\/uploads\\\/2022\\\/02\\\/Kontakt.png\",\"datePublished\":\"2021-08-03T08:06:49+00:00\",\"dateModified\":\"2023-11-28T10:02:47+00:00\",\"breadcrumb\":{\"@id\":\"https:\\\/\\\/www.versiegelung24.com\\\/sq\\\/kontaktoni\\\/#breadcrumb\"},\"inLanguage\":\"sq-AL\",\"potentialAction\":[{\"@type\":\"ReadAction\",\"target\":[\"https:\\\/\\\/www.versiegelung24.com\\\/sq\\\/kontaktoni\\\/\"]}]},{\"@type\":\"ImageObject\",\"inLanguage\":\"sq-AL\",\"@id\":\"https:\\\/\\\/www.versiegelung24.com\\\/sq\\\/kontaktoni\\\/#primaryimage\",\"url\":\"https:\\\/\\\/www.versiegelung24.com\\\/wp-content\\\/uploads\\\/2022\\\/02\\\/Kontakt.png\",\"contentUrl\":\"https:\\\/\\\/www.versiegelung24.com\\\/wp-content\\\/uploads\\\/2022\\\/02\\\/Kontakt.png\",\"width\":2000,\"height\":2000},{\"@type\":\"BreadcrumbList\",\"@id\":\"https:\\\/\\\/www.versiegelung24.com\\\/sq\\\/kontaktoni\\\/#breadcrumb\",\"itemListElement\":[{\"@type\":\"ListItem\",\"position\":1,\"name\":\"Faqja kryesore\",\"item\":\"https:\\\/\\\/www.versiegelung24.com\\\/sq\\\/perpara\\\/\"},{\"@type\":\"ListItem\",\"position\":2,\"name\":\"Kontaktoni\"}]},{\"@type\":\"WebSite\",\"@id\":\"https:\\\/\\\/www.versiegelung24.com\\\/sq\\\/#website\",\"url\":\"https:\\\/\\\/www.versiegelung24.com\\\/sq\\\/\",\"name\":\"versiegelung24.com\",\"description\":\"Fl\u00fcssigglas-Versiegelung - Made in Germany\",\"publisher\":{\"@id\":\"https:\\\/\\\/www.versiegelung24.com\\\/sq\\\/#organization\"},\"potentialAction\":[{\"@type\":\"SearchAction\",\"target\":{\"@type\":\"EntryPoint\",\"urlTemplate\":\"https:\\\/\\\/www.versiegelung24.com\\\/sq\\\/?s={search_term_string}\"},\"query-input\":{\"@type\":\"PropertyValueSpecification\",\"valueRequired\":true,\"valueName\":\"search_term_string\"}}],\"inLanguage\":\"sq-AL\"},{\"@type\":\"Organization\",\"@id\":\"https:\\\/\\\/www.versiegelung24.com\\\/sq\\\/#organization\",\"name\":\"versiegelung24\",\"url\":\"https:\\\/\\\/www.versiegelung24.com\\\/sq\\\/\",\"logo\":{\"@type\":\"ImageObject\",\"inLanguage\":\"sq-AL\",\"@id\":\"https:\\\/\\\/www.versiegelung24.com\\\/sq\\\/#\\\/schema\\\/logo\\\/image\\\/\",\"url\":\"https:\\\/\\\/www.versiegelung24.com\\\/wp-content\\\/uploads\\\/2020\\\/04\\\/versiegelung24.png\",\"contentUrl\":\"https:\\\/\\\/www.versiegelung24.com\\\/wp-content\\\/uploads\\\/2020\\\/04\\\/versiegelung24.png\",\"width\":470,\"height\":102,\"caption\":\"versiegelung24\"},\"image\":{\"@id\":\"https:\\\/\\\/www.versiegelung24.com\\\/sq\\\/#\\\/schema\\\/logo\\\/image\\\/\"}}]}<\/script>\n<!-- \/ Yoast SEO Premium plugin. -->","yoast_head_json":{"title":"Kontaktoni - versiegelung24.com","robots":{"index":"index","follow":"follow","max-snippet":"max-snippet:-1","max-image-preview":"max-image-preview:large","max-video-preview":"max-video-preview:-1"},"canonical":"https:\/\/www.versiegelung24.com\/sq\/kontaktoni\/","og_locale":"sq_AL","og_type":"article","og_title":"Kontaktoni","og_description":"K\u00ebshilla dhe mb\u00ebshtetje p\u00ebr produktin Ne jemi shum\u00eb t\u00eb k\u00ebnaqur q\u00eb jeni t\u00eb interesuar p\u00ebr produktet tona dhe jeni t\u00eb lumtur t&#8217;u p\u00ebrgjigjemi \u00e7do pyetjeje q\u00eb mund t\u00eb keni. P\u00ebr t\u00eb qen\u00eb n\u00eb gjendje t\u00eb p\u00ebrpunojm\u00eb k\u00ebrkes\u00ebn tuaj n\u00eb m\u00ebnyr\u00ebn m\u00eb t\u00eb mir\u00eb t\u00eb mundshme, ju k\u00ebrkojm\u00eb t\u00eb plot\u00ebsoni formularin ton\u00eb t\u00eb kontaktit ose t\u00eb&hellip;&nbsp;Read More &raquo;Kontaktoni","og_url":"https:\/\/www.versiegelung24.com\/sq\/kontaktoni\/","og_site_name":"versiegelung24.com","article_modified_time":"2023-11-28T10:02:47+00:00","og_image":[{"width":2000,"height":2000,"url":"https:\/\/www.versiegelung24.com\/wp-content\/uploads\/2022\/02\/Kontakt.png","type":"image\/png"}],"twitter_card":"summary_large_image","twitter_misc":{"Est. reading time":"1 minute"},"schema":{"@context":"https:\/\/schema.org","@graph":[{"@type":"WebPage","@id":"https:\/\/www.versiegelung24.com\/sq\/kontaktoni\/","url":"https:\/\/www.versiegelung24.com\/sq\/kontaktoni\/","name":"Kontaktoni - versiegelung24.com","isPartOf":{"@id":"https:\/\/www.versiegelung24.com\/sq\/#website"},"primaryImageOfPage":{"@id":"https:\/\/www.versiegelung24.com\/sq\/kontaktoni\/#primaryimage"},"image":{"@id":"https:\/\/www.versiegelung24.com\/sq\/kontaktoni\/#primaryimage"},"thumbnailUrl":"https:\/\/www.versiegelung24.com\/wp-content\/uploads\/2022\/02\/Kontakt.png","datePublished":"2021-08-03T08:06:49+00:00","dateModified":"2023-11-28T10:02:47+00:00","breadcrumb":{"@id":"https:\/\/www.versiegelung24.com\/sq\/kontaktoni\/#breadcrumb"},"inLanguage":"sq-AL","potentialAction":[{"@type":"ReadAction","target":["https:\/\/www.versiegelung24.com\/sq\/kontaktoni\/"]}]},{"@type":"ImageObject","inLanguage":"sq-AL","@id":"https:\/\/www.versiegelung24.com\/sq\/kontaktoni\/#primaryimage","url":"https:\/\/www.versiegelung24.com\/wp-content\/uploads\/2022\/02\/Kontakt.png","contentUrl":"https:\/\/www.versiegelung24.com\/wp-content\/uploads\/2022\/02\/Kontakt.png","width":2000,"height":2000},{"@type":"BreadcrumbList","@id":"https:\/\/www.versiegelung24.com\/sq\/kontaktoni\/#breadcrumb","itemListElement":[{"@type":"ListItem","position":1,"name":"Faqja kryesore","item":"https:\/\/www.versiegelung24.com\/sq\/perpara\/"},{"@type":"ListItem","position":2,"name":"Kontaktoni"}]},{"@type":"WebSite","@id":"https:\/\/www.versiegelung24.com\/sq\/#website","url":"https:\/\/www.versiegelung24.com\/sq\/","name":"versiegelung24.com","description":"Fl\u00fcssigglas-Versiegelung - Made in Germany","publisher":{"@id":"https:\/\/www.versiegelung24.com\/sq\/#organization"},"potentialAction":[{"@type":"SearchAction","target":{"@type":"EntryPoint","urlTemplate":"https:\/\/www.versiegelung24.com\/sq\/?s={search_term_string}"},"query-input":{"@type":"PropertyValueSpecification","valueRequired":true,"valueName":"search_term_string"}}],"inLanguage":"sq-AL"},{"@type":"Organization","@id":"https:\/\/www.versiegelung24.com\/sq\/#organization","name":"versiegelung24","url":"https:\/\/www.versiegelung24.com\/sq\/","logo":{"@type":"ImageObject","inLanguage":"sq-AL","@id":"https:\/\/www.versiegelung24.com\/sq\/#\/schema\/logo\/image\/","url":"https:\/\/www.versiegelung24.com\/wp-content\/uploads\/2020\/04\/versiegelung24.png","contentUrl":"https:\/\/www.versiegelung24.com\/wp-content\/uploads\/2020\/04\/versiegelung24.png","width":470,"height":102,"caption":"versiegelung24"},"image":{"@id":"https:\/\/www.versiegelung24.com\/sq\/#\/schema\/logo\/image\/"}}]}},"_links":{"self":[{"href":"https:\/\/www.versiegelung24.com\/sq\/wp-json\/wp\/v2\/pages\/25336","targetHints":{"allow":["GET"]}}],"collection":[{"href":"https:\/\/www.versiegelung24.com\/sq\/wp-json\/wp\/v2\/pages"}],"about":[{"href":"https:\/\/www.versiegelung24.com\/sq\/wp-json\/wp\/v2\/types\/page"}],"author":[{"embeddable":true,"href":"https:\/\/www.versiegelung24.com\/sq\/wp-json\/wp\/v2\/users\/932"}],"replies":[{"embeddable":true,"href":"https:\/\/www.versiegelung24.com\/sq\/wp-json\/wp\/v2\/comments?post=25336"}],"version-history":[{"count":11,"href":"https:\/\/www.versiegelung24.com\/sq\/wp-json\/wp\/v2\/pages\/25336\/revisions"}],"predecessor-version":[{"id":133933,"href":"https:\/\/www.versiegelung24.com\/sq\/wp-json\/wp\/v2\/pages\/25336\/revisions\/133933"}],"wp:featuredmedia":[{"embeddable":true,"href":"https:\/\/www.versiegelung24.com\/sq\/wp-json\/wp\/v2\/media\/70587"}],"wp:attachment":[{"href":"https:\/\/www.versiegelung24.com\/sq\/wp-json\/wp\/v2\/media?parent=25336"}],"wp:term":[{"taxonomy":"category","embeddable":true,"href":"https:\/\/www.versiegelung24.com\/sq\/wp-json\/wp\/v2\/categories?post=25336"},{"taxonomy":"seiten_kategorie","embeddable":true,"href":"https:\/\/www.versiegelung24.com\/sq\/wp-json\/wp\/v2\/seiten_kategorie?post=25336"}],"curies":[{"name":"wp","href":"https:\/\/api.w.org\/{rel}","templated":true}]}}