{"id":25941,"date":"2021-08-03T12:04:47","date_gmt":"2021-08-03T10:04:47","guid":{"rendered":"https:\/\/www.versiegelung24.com\/politika-e-anulimit-dhe-formulari-i-anulimit"},"modified":"2024-06-25T20:51:23","modified_gmt":"2024-06-25T18:51:23","slug":"e-drejta-e-terheqjes","status":"publish","type":"page","link":"https:\/\/www.versiegelung24.com\/sq\/e-drejta-e-terheqjes\/","title":{"rendered":"Politika e anulimit dhe formulari i anulimit"},"content":{"rendered":"<div class=\"main-container col1-layout\">\n<div class=\"main container\">\n<div class=\"inner-container\">\n<div class=\"col-main\">\n<div class=\"std\">\n<p>Konsumator\u00ebt kan\u00eb t\u00eb drejt\u00eb p\u00ebr nj\u00eb t\u00ebrheqje n\u00eb p\u00ebrputhje me dispozitat e m\u00ebposhtme, ku konsumator \u00ebsht\u00eb \u00e7do person fizik q\u00eb p\u00ebrfundon nj\u00eb transaksion ligjor p\u00ebr q\u00ebllime q\u00eb nuk jan\u00eb kryesisht komerciale dhe as t\u00eb vet\u00ebpun\u00ebsuara:<\/p>\n<p><strong>A. Politika e anulimit<\/strong><\/p>\n<p><strong>E drejta e t\u00ebrheqjes<br \/>\n<\/strong> Ju keni t\u00eb drejt\u00eb t\u00eb t\u00ebrhiqeni nga kjo kontrat\u00eb brenda 14 dit\u00ebve pa dh\u00ebn\u00eb nj\u00eb arsye.<\/p>\n<p>Periudha e anulimit \u00ebsht\u00eb 14 dit\u00eb nga dita n\u00eb t\u00eb cil\u00ebn ju ose nj\u00eb pal\u00eb e tret\u00eb e em\u00ebruar nga ju, i cili nuk \u00ebsht\u00eb transportuesi, ka marr\u00eb n\u00eb zot\u00ebrim mallrat e fundit.<\/p>\n<p>P\u00ebr t\u00eb ushtruar t\u00eb drejt\u00ebn tuaj t\u00eb t\u00ebrheqjes, duhet t\u00eb na d\u00ebrgoni (Holger K\u00e4ding, An den Ellmen 14, 53773 Hennef, Tel.: 02242-9695650, email: info@versiegelung24.com) nj\u00eb deklarat\u00eb t\u00eb qart\u00eb (p.sh. nj\u00eb let\u00ebr t\u00eb d\u00ebrguar ose e. -mail) n\u00eb lidhje me vendimin tuaj p\u00ebr t&#8217;u t\u00ebrhequr nga kjo kontrat\u00eb. Ju mund t\u00eb p\u00ebrdorni formularin e bashkangjitur t\u00eb t\u00ebrheqjes p\u00ebr k\u00ebt\u00eb q\u00ebllim, por kjo nuk \u00ebsht\u00eb e detyrueshme.<\/p>\n<p>P\u00ebr t\u00eb p\u00ebrmbushur afatin e anulimit, mjafton q\u00eb ju t\u00eb d\u00ebrgoni njoftimin tuaj p\u00ebr ushtrimin e t\u00eb drejt\u00ebs tuaj t\u00eb anulimit para se t\u00eb ket\u00eb skaduar periudha e anulimit.<\/p>\n<p><strong>Pasojat e revokimit<\/strong><br \/>\n N\u00ebse e anuloni k\u00ebt\u00eb kontrat\u00eb, ne do t&#8217;ju duhet t&#8217;ju paguajm\u00eb t\u00eb gjitha pagesat q\u00eb kemi marr\u00eb nga ju, duke p\u00ebrfshir\u00eb kostot e dor\u00ebzimit (p\u00ebrve\u00e7 kostove shtes\u00eb q\u00eb rezultojn\u00eb nga zgjedhja e nj\u00eb m\u00ebnyre d\u00ebrgimi t\u00eb ndryshme nga dor\u00ebzimi standard m\u00eb i lir\u00eb i ofruar nga ne) q\u00eb duhet t\u00eb paguhen menj\u00ebher\u00eb dhe m\u00eb s\u00eb voni brenda kat\u00ebrmb\u00ebdhjet\u00eb dit\u00ebve nga dita n\u00eb t\u00eb cil\u00ebn kemi marr\u00eb njoftimin p\u00ebr anulimin tuaj t\u00eb k\u00ebsaj kontrate. P\u00ebr k\u00ebt\u00eb shlyerje, ne do t\u00eb p\u00ebrdorim t\u00eb nj\u00ebjtat mjete pagese q\u00eb keni p\u00ebrdorur p\u00ebr transaksionin fillestar, p\u00ebrve\u00e7 n\u00ebse di\u00e7ka tjet\u00ebr \u00ebsht\u00eb r\u00ebn\u00eb dakord shprehimisht me ju; N\u00eb asnj\u00eb rast nuk do t\u00eb ngarkoheni me asnj\u00eb tarif\u00eb p\u00ebr k\u00ebt\u00eb shlyerje. Ne mund t\u00eb refuzojm\u00eb shlyerjen derisa t\u00eb kemi marr\u00eb mallrat mbrapsht ose derisa t\u00eb keni siguruar prova q\u00eb i keni d\u00ebrguar mallrat mbrapa, cilado q\u00eb t\u00eb jet\u00eb m\u00eb her\u00ebt.<\/p>\n<p>Ju duhet t\u00eb na ktheni ose na i dor\u00ebzoni mallrat menj\u00ebher\u00eb dhe n\u00eb \u00e7do rast jo m\u00eb von\u00eb se kat\u00ebrmb\u00ebdhjet\u00eb dit\u00eb nga data n\u00eb t\u00eb cil\u00ebn na informuat p\u00ebr anulimin e k\u00ebsaj kontrate. Afati plot\u00ebsohet n\u00ebse i d\u00ebrgoni mallrat para se t\u00eb ket\u00eb skaduar periudha prej kat\u00ebrmb\u00ebdhjet\u00eb dit\u00ebsh.<\/p>\n<p>Ju mbani shpenzimet direkte t\u00eb kthimit t\u00eb mallrave.<\/p>\n<p>Ju duhet t\u00eb paguani p\u00ebr \u00e7do humbje n\u00eb vler\u00ebn e mallrave n\u00ebse kjo humbje n\u00eb vler\u00eb \u00ebsht\u00eb p\u00ebr shkak t\u00eb trajtimit t\u00eb mallrave q\u00eb nuk \u00ebsht\u00eb e nevojshme p\u00ebr t\u00eb kontrolluar natyr\u00ebn, vetit\u00eb dhe funksionalitetin e mallrave.<\/p>\n<p>P\u00ebrjashtimi ose skadimi i parakohsh\u00ebm i s\u00eb drejt\u00ebs s\u00eb t\u00ebrheqjes<\/p>\n<p>E drejta e t\u00ebrheqjes skadon para kohe n\u00eb rastin e kontratave p\u00ebr shp\u00ebrndarjen e regjistrimeve audio ose video ose softuer kompjuterik n\u00eb nj\u00eb paket\u00eb t\u00eb mbyllur n\u00ebse vula \u00ebsht\u00eb hequr pas dor\u00ebzimit.<\/p>\n<p><strong>B. Formulari i t\u00ebrheqjes<\/strong><\/p>\n<p>N\u00ebse d\u00ebshironi t\u00eb anuloni kontrat\u00ebn, ju lutemi plot\u00ebsoni k\u00ebt\u00eb formular dhe d\u00ebrgojeni p\u00ebrs\u00ebri.<\/p>\n<p>Aktiv<\/p>\n<p>samstore.de<\/p>\n<p>Holger K\u00e4ding<br \/>\nN\u00eb Ellmen 14<br \/>\n53773 Hennef<br \/>\nGjermani<br \/>\nEmail: info@versiegelung24.com<\/p>\n<p>Un\u00eb \/ ne (*) anulojm\u00eb kontrat\u00ebn e lidhur nga un\u00eb \/ ne (*) p\u00ebr blerjen e mallrave t\u00eb m\u00ebposht\u00ebm (*) \/ ofrimin e sh\u00ebrbimit t\u00eb m\u00ebposht\u00ebm (*)<\/p>\n<p>_______________________________________________________<\/p>\n<p>_______________________________________________________<\/p>\n<p>Urdh\u00ebrua n\u00eb (*) ____________ \/ u mor n\u00eb (*) __________________<\/p>\n<p>________________________________________________________<\/p>\n<p>Emri i konsumatorit (ve)<\/p>\n<p>________________________________________________________<\/p>\n<p>Adresa e konsumatorit (ve)<\/p>\n<p>________________________________________________________<\/p>\n<p>N\u00ebnshkrimi i konsumatorit (ve) (vet\u00ebm n\u00ebse kjo komunikohet n\u00eb let\u00ebr)<\/p>\n<p>_________________________<\/p>\n<p>data<\/p>\n<p>(*) Fshini aty ku nuk aplikohet<\/p>\n<\/div>\n<\/div>\n<div class=\"postscript\"><\/div>\n<\/div>\n<\/div>\n<div class=\"main-bottom-container\"><\/div>\n<\/div>\n<div class=\"footer-container\">\n<div class=\"footer-container2\">\n<div class=\"footer-container3\">\n<div class=\"footer-primary-container section-container\">\n<div class=\"footer-primary footer container\">\n<div class=\"inner-container\">\n<div class=\"clearer\">\n<div class=\"grid12-3\">\n<div class=\"std\">\n<div class=\"collapsible mobile-collapsible\"><\/div>\n<\/div>\n<\/div>\n<\/div>\n<\/div>\n<\/div>\n<\/div>\n<\/div>\n<\/div>\n<\/div>\n","protected":false},"excerpt":{"rendered":"<p>Konsumator\u00ebt kan\u00eb t\u00eb drejt\u00eb p\u00ebr nj\u00eb t\u00ebrheqje n\u00eb p\u00ebrputhje me dispozitat e m\u00ebposhtme, ku konsumator \u00ebsht\u00eb \u00e7do person fizik q\u00eb p\u00ebrfundon nj\u00eb transaksion ligjor p\u00ebr q\u00ebllime q\u00eb nuk jan\u00eb kryesisht komerciale dhe as t\u00eb vet\u00ebpun\u00ebsuara: A. Politika e anulimit E drejta e t\u00ebrheqjes Ju keni t\u00eb drejt\u00eb t\u00eb t\u00ebrhiqeni nga kjo kontrat\u00eb brenda 14 dit\u00ebve&hellip;&nbsp;<a href=\"https:\/\/www.versiegelung24.com\/sq\/e-drejta-e-terheqjes\/\" rel=\"bookmark\">Read More &raquo;<span class=\"screen-reader-text\">Politika e anulimit dhe formulari i anulimit<\/span><\/a><\/p>\n","protected":false},"author":932,"featured_media":71013,"parent":0,"menu_order":0,"comment_status":"closed","ping_status":"closed","template":"","meta":{"_acf_changed":false,"neve_meta_sidebar":"","neve_meta_container":"","neve_meta_enable_content_width":"","neve_meta_content_width":0,"neve_meta_title_alignment":"","neve_meta_author_avatar":"","neve_post_elements_order":"","neve_meta_disable_header":"","neve_meta_disable_footer":"","neve_meta_disable_title":"","neve_meta_reading_time":"","footnotes":""},"categories":[],"seiten_kategorie":[],"class_list":["post-25941","page","type-page","status-publish","has-post-thumbnail","hentry"],"acf":[],"yoast_head":"<!-- This site is optimized with the Yoast SEO Premium plugin v22.8 (Yoast SEO v27.5) - https:\/\/yoast.com\/product\/yoast-seo-premium-wordpress\/ -->\n<title>Politika e anulimit dhe formulari i anulimit - versiegelung24.com<\/title>\n<meta name=\"robots\" content=\"index, follow, max-snippet:-1, max-image-preview:large, max-video-preview:-1\" \/>\n<link rel=\"canonical\" href=\"https:\/\/www.versiegelung24.com\/sq\/e-drejta-e-terheqjes\/\" \/>\n<meta property=\"og:locale\" content=\"sq_AL\" \/>\n<meta property=\"og:type\" content=\"article\" \/>\n<meta property=\"og:title\" content=\"Politika e anulimit dhe formulari i anulimit\" \/>\n<meta property=\"og:description\" content=\"Konsumator\u00ebt kan\u00eb t\u00eb drejt\u00eb p\u00ebr nj\u00eb t\u00ebrheqje n\u00eb p\u00ebrputhje me dispozitat e m\u00ebposhtme, ku konsumator \u00ebsht\u00eb \u00e7do person fizik q\u00eb p\u00ebrfundon nj\u00eb transaksion ligjor p\u00ebr q\u00ebllime q\u00eb nuk jan\u00eb kryesisht komerciale dhe as t\u00eb vet\u00ebpun\u00ebsuara: A. Politika e anulimit E drejta e t\u00ebrheqjes Ju keni t\u00eb drejt\u00eb t\u00eb t\u00ebrhiqeni nga kjo kontrat\u00eb brenda 14 dit\u00ebve&hellip;&nbsp;Read More &raquo;Politika e anulimit dhe formulari i anulimit\" \/>\n<meta property=\"og:url\" content=\"https:\/\/www.versiegelung24.com\/sq\/e-drejta-e-terheqjes\/\" \/>\n<meta property=\"og:site_name\" content=\"versiegelung24.com\" \/>\n<meta property=\"article:modified_time\" content=\"2024-06-25T18:51:23+00:00\" \/>\n<meta property=\"og:image\" content=\"https:\/\/www.versiegelung24.com\/wp-content\/uploads\/2022\/02\/Widerruf.png\" \/>\n\t<meta property=\"og:image:width\" content=\"2000\" \/>\n\t<meta property=\"og:image:height\" content=\"2000\" \/>\n\t<meta property=\"og:image:type\" content=\"image\/png\" \/>\n<meta name=\"twitter:card\" content=\"summary_large_image\" \/>\n<meta name=\"twitter:label1\" content=\"Est. reading time\" \/>\n\t<meta name=\"twitter:data1\" content=\"3 minutes\" \/>\n<script type=\"application\/ld+json\" class=\"yoast-schema-graph\">{\"@context\":\"https:\\\/\\\/schema.org\",\"@graph\":[{\"@type\":\"WebPage\",\"@id\":\"https:\\\/\\\/www.versiegelung24.com\\\/sq\\\/e-drejta-e-terheqjes\\\/\",\"url\":\"https:\\\/\\\/www.versiegelung24.com\\\/sq\\\/e-drejta-e-terheqjes\\\/\",\"name\":\"Politika e anulimit dhe formulari i anulimit - versiegelung24.com\",\"isPartOf\":{\"@id\":\"https:\\\/\\\/www.versiegelung24.com\\\/sq\\\/#website\"},\"primaryImageOfPage\":{\"@id\":\"https:\\\/\\\/www.versiegelung24.com\\\/sq\\\/e-drejta-e-terheqjes\\\/#primaryimage\"},\"image\":{\"@id\":\"https:\\\/\\\/www.versiegelung24.com\\\/sq\\\/e-drejta-e-terheqjes\\\/#primaryimage\"},\"thumbnailUrl\":\"https:\\\/\\\/www.versiegelung24.com\\\/wp-content\\\/uploads\\\/2022\\\/02\\\/Widerruf.png\",\"datePublished\":\"2021-08-03T10:04:47+00:00\",\"dateModified\":\"2024-06-25T18:51:23+00:00\",\"breadcrumb\":{\"@id\":\"https:\\\/\\\/www.versiegelung24.com\\\/sq\\\/e-drejta-e-terheqjes\\\/#breadcrumb\"},\"inLanguage\":\"sq-AL\",\"potentialAction\":[{\"@type\":\"ReadAction\",\"target\":[\"https:\\\/\\\/www.versiegelung24.com\\\/sq\\\/e-drejta-e-terheqjes\\\/\"]}]},{\"@type\":\"ImageObject\",\"inLanguage\":\"sq-AL\",\"@id\":\"https:\\\/\\\/www.versiegelung24.com\\\/sq\\\/e-drejta-e-terheqjes\\\/#primaryimage\",\"url\":\"https:\\\/\\\/www.versiegelung24.com\\\/wp-content\\\/uploads\\\/2022\\\/02\\\/Widerruf.png\",\"contentUrl\":\"https:\\\/\\\/www.versiegelung24.com\\\/wp-content\\\/uploads\\\/2022\\\/02\\\/Widerruf.png\",\"width\":2000,\"height\":2000},{\"@type\":\"BreadcrumbList\",\"@id\":\"https:\\\/\\\/www.versiegelung24.com\\\/sq\\\/e-drejta-e-terheqjes\\\/#breadcrumb\",\"itemListElement\":[{\"@type\":\"ListItem\",\"position\":1,\"name\":\"Faqja kryesore\",\"item\":\"https:\\\/\\\/www.versiegelung24.com\\\/sq\\\/perpara\\\/\"},{\"@type\":\"ListItem\",\"position\":2,\"name\":\"Politika e anulimit dhe formulari i anulimit\"}]},{\"@type\":\"WebSite\",\"@id\":\"https:\\\/\\\/www.versiegelung24.com\\\/sq\\\/#website\",\"url\":\"https:\\\/\\\/www.versiegelung24.com\\\/sq\\\/\",\"name\":\"versiegelung24.com\",\"description\":\"Fl\u00fcssigglas-Versiegelung - Made in Germany\",\"publisher\":{\"@id\":\"https:\\\/\\\/www.versiegelung24.com\\\/sq\\\/#organization\"},\"potentialAction\":[{\"@type\":\"SearchAction\",\"target\":{\"@type\":\"EntryPoint\",\"urlTemplate\":\"https:\\\/\\\/www.versiegelung24.com\\\/sq\\\/?s={search_term_string}\"},\"query-input\":{\"@type\":\"PropertyValueSpecification\",\"valueRequired\":true,\"valueName\":\"search_term_string\"}}],\"inLanguage\":\"sq-AL\"},{\"@type\":\"Organization\",\"@id\":\"https:\\\/\\\/www.versiegelung24.com\\\/sq\\\/#organization\",\"name\":\"versiegelung24\",\"url\":\"https:\\\/\\\/www.versiegelung24.com\\\/sq\\\/\",\"logo\":{\"@type\":\"ImageObject\",\"inLanguage\":\"sq-AL\",\"@id\":\"https:\\\/\\\/www.versiegelung24.com\\\/sq\\\/#\\\/schema\\\/logo\\\/image\\\/\",\"url\":\"https:\\\/\\\/www.versiegelung24.com\\\/wp-content\\\/uploads\\\/2020\\\/04\\\/versiegelung24.png\",\"contentUrl\":\"https:\\\/\\\/www.versiegelung24.com\\\/wp-content\\\/uploads\\\/2020\\\/04\\\/versiegelung24.png\",\"width\":470,\"height\":102,\"caption\":\"versiegelung24\"},\"image\":{\"@id\":\"https:\\\/\\\/www.versiegelung24.com\\\/sq\\\/#\\\/schema\\\/logo\\\/image\\\/\"}}]}<\/script>\n<!-- \/ Yoast SEO Premium plugin. -->","yoast_head_json":{"title":"Politika e anulimit dhe formulari i anulimit - versiegelung24.com","robots":{"index":"index","follow":"follow","max-snippet":"max-snippet:-1","max-image-preview":"max-image-preview:large","max-video-preview":"max-video-preview:-1"},"canonical":"https:\/\/www.versiegelung24.com\/sq\/e-drejta-e-terheqjes\/","og_locale":"sq_AL","og_type":"article","og_title":"Politika e anulimit dhe formulari i anulimit","og_description":"Konsumator\u00ebt kan\u00eb t\u00eb drejt\u00eb p\u00ebr nj\u00eb t\u00ebrheqje n\u00eb p\u00ebrputhje me dispozitat e m\u00ebposhtme, ku konsumator \u00ebsht\u00eb \u00e7do person fizik q\u00eb p\u00ebrfundon nj\u00eb transaksion ligjor p\u00ebr q\u00ebllime q\u00eb nuk jan\u00eb kryesisht komerciale dhe as t\u00eb vet\u00ebpun\u00ebsuara: A. Politika e anulimit E drejta e t\u00ebrheqjes Ju keni t\u00eb drejt\u00eb t\u00eb t\u00ebrhiqeni nga kjo kontrat\u00eb brenda 14 dit\u00ebve&hellip;&nbsp;Read More &raquo;Politika e anulimit dhe formulari i anulimit","og_url":"https:\/\/www.versiegelung24.com\/sq\/e-drejta-e-terheqjes\/","og_site_name":"versiegelung24.com","article_modified_time":"2024-06-25T18:51:23+00:00","og_image":[{"width":2000,"height":2000,"url":"https:\/\/www.versiegelung24.com\/wp-content\/uploads\/2022\/02\/Widerruf.png","type":"image\/png"}],"twitter_card":"summary_large_image","twitter_misc":{"Est. reading time":"3 minutes"},"schema":{"@context":"https:\/\/schema.org","@graph":[{"@type":"WebPage","@id":"https:\/\/www.versiegelung24.com\/sq\/e-drejta-e-terheqjes\/","url":"https:\/\/www.versiegelung24.com\/sq\/e-drejta-e-terheqjes\/","name":"Politika e anulimit dhe formulari i anulimit - versiegelung24.com","isPartOf":{"@id":"https:\/\/www.versiegelung24.com\/sq\/#website"},"primaryImageOfPage":{"@id":"https:\/\/www.versiegelung24.com\/sq\/e-drejta-e-terheqjes\/#primaryimage"},"image":{"@id":"https:\/\/www.versiegelung24.com\/sq\/e-drejta-e-terheqjes\/#primaryimage"},"thumbnailUrl":"https:\/\/www.versiegelung24.com\/wp-content\/uploads\/2022\/02\/Widerruf.png","datePublished":"2021-08-03T10:04:47+00:00","dateModified":"2024-06-25T18:51:23+00:00","breadcrumb":{"@id":"https:\/\/www.versiegelung24.com\/sq\/e-drejta-e-terheqjes\/#breadcrumb"},"inLanguage":"sq-AL","potentialAction":[{"@type":"ReadAction","target":["https:\/\/www.versiegelung24.com\/sq\/e-drejta-e-terheqjes\/"]}]},{"@type":"ImageObject","inLanguage":"sq-AL","@id":"https:\/\/www.versiegelung24.com\/sq\/e-drejta-e-terheqjes\/#primaryimage","url":"https:\/\/www.versiegelung24.com\/wp-content\/uploads\/2022\/02\/Widerruf.png","contentUrl":"https:\/\/www.versiegelung24.com\/wp-content\/uploads\/2022\/02\/Widerruf.png","width":2000,"height":2000},{"@type":"BreadcrumbList","@id":"https:\/\/www.versiegelung24.com\/sq\/e-drejta-e-terheqjes\/#breadcrumb","itemListElement":[{"@type":"ListItem","position":1,"name":"Faqja kryesore","item":"https:\/\/www.versiegelung24.com\/sq\/perpara\/"},{"@type":"ListItem","position":2,"name":"Politika e anulimit dhe formulari i anulimit"}]},{"@type":"WebSite","@id":"https:\/\/www.versiegelung24.com\/sq\/#website","url":"https:\/\/www.versiegelung24.com\/sq\/","name":"versiegelung24.com","description":"Fl\u00fcssigglas-Versiegelung - Made in Germany","publisher":{"@id":"https:\/\/www.versiegelung24.com\/sq\/#organization"},"potentialAction":[{"@type":"SearchAction","target":{"@type":"EntryPoint","urlTemplate":"https:\/\/www.versiegelung24.com\/sq\/?s={search_term_string}"},"query-input":{"@type":"PropertyValueSpecification","valueRequired":true,"valueName":"search_term_string"}}],"inLanguage":"sq-AL"},{"@type":"Organization","@id":"https:\/\/www.versiegelung24.com\/sq\/#organization","name":"versiegelung24","url":"https:\/\/www.versiegelung24.com\/sq\/","logo":{"@type":"ImageObject","inLanguage":"sq-AL","@id":"https:\/\/www.versiegelung24.com\/sq\/#\/schema\/logo\/image\/","url":"https:\/\/www.versiegelung24.com\/wp-content\/uploads\/2020\/04\/versiegelung24.png","contentUrl":"https:\/\/www.versiegelung24.com\/wp-content\/uploads\/2020\/04\/versiegelung24.png","width":470,"height":102,"caption":"versiegelung24"},"image":{"@id":"https:\/\/www.versiegelung24.com\/sq\/#\/schema\/logo\/image\/"}}]}},"_links":{"self":[{"href":"https:\/\/www.versiegelung24.com\/sq\/wp-json\/wp\/v2\/pages\/25941","targetHints":{"allow":["GET"]}}],"collection":[{"href":"https:\/\/www.versiegelung24.com\/sq\/wp-json\/wp\/v2\/pages"}],"about":[{"href":"https:\/\/www.versiegelung24.com\/sq\/wp-json\/wp\/v2\/types\/page"}],"author":[{"embeddable":true,"href":"https:\/\/www.versiegelung24.com\/sq\/wp-json\/wp\/v2\/users\/932"}],"replies":[{"embeddable":true,"href":"https:\/\/www.versiegelung24.com\/sq\/wp-json\/wp\/v2\/comments?post=25941"}],"version-history":[{"count":3,"href":"https:\/\/www.versiegelung24.com\/sq\/wp-json\/wp\/v2\/pages\/25941\/revisions"}],"predecessor-version":[{"id":167658,"href":"https:\/\/www.versiegelung24.com\/sq\/wp-json\/wp\/v2\/pages\/25941\/revisions\/167658"}],"wp:featuredmedia":[{"embeddable":true,"href":"https:\/\/www.versiegelung24.com\/sq\/wp-json\/wp\/v2\/media\/71013"}],"wp:attachment":[{"href":"https:\/\/www.versiegelung24.com\/sq\/wp-json\/wp\/v2\/media?parent=25941"}],"wp:term":[{"taxonomy":"category","embeddable":true,"href":"https:\/\/www.versiegelung24.com\/sq\/wp-json\/wp\/v2\/categories?post=25941"},{"taxonomy":"seiten_kategorie","embeddable":true,"href":"https:\/\/www.versiegelung24.com\/sq\/wp-json\/wp\/v2\/seiten_kategorie?post=25941"}],"curies":[{"name":"wp","href":"https:\/\/api.w.org\/{rel}","templated":true}]}}