{"id":41011,"date":"2021-12-14T14:15:18","date_gmt":"2021-12-14T13:15:18","guid":{"rendered":"https:\/\/www.versiegelung24.com\/keshilla-per-produktet-e-versiegelung24\/njohuri\/smartphone"},"modified":"2024-09-01T22:43:34","modified_gmt":"2024-09-01T20:43:34","slug":"mbyllja-e-telefonave-inteligjente-me-xham-te-lengshem","status":"publish","type":"page","link":"https:\/\/www.versiegelung24.com\/sq\/keshilla-per-produktet-e-versiegelung24\/njohuri\/smartphone\/","title":{"rendered":"Mbyllja e xhamit t\u00eb l\u00ebngsh\u00ebm t\u00eb smartfon\u00ebve dhe tabletave &#8211; mbron ekranet dhe rrit jet\u00ebgjat\u00ebsin\u00eb"},"content":{"rendered":"\n<h1 class=\"wp-block-heading\" id=\"h-smartphone-flussigglas-versiegelung\">Mbyllje xhami e l\u00ebngshme e smartfonit<\/h1>\n\n<p>Pothuajse t\u00eb gjith\u00eb kan\u00eb nj\u00eb smartphone k\u00ebto dit\u00eb. Fatkeq\u00ebsisht, k\u00ebto makina t\u00eb vogla \u00e7udib\u00ebr\u00ebse jan\u00eb shum\u00eb delikate. Me p\u00ebrdorimin e p\u00ebrditsh\u00ebm, shfaqen gjurm\u00eb p\u00ebrdorimi si g\u00ebrvishtjet ose gjurm\u00ebt e gisht\u00ebrinjve q\u00eb mbeten me kok\u00ebfort\u00ebsi n\u00eb ekran. Videoja e m\u00ebposhtme trajton k\u00ebt\u00eb problem dhe tregon se si mund t&#8217;i parandaloni k\u00ebto shenja p\u00ebrdorimi. <\/p>\n\n<figure class=\"wp-block-embed aligncenter is-type-video is-provider-youtube wp-block-embed-youtube wp-embed-aspect-16-9 wp-has-aspect-ratio\"><div class=\"wp-block-embed__wrapper\"> \n<div class=\"nv-iframe-embed\"><iframe title=\"901 LiquiGlas Mobile Phone Coating   Preparation + application process\" width=\"1200\" height=\"675\" src=\"https:\/\/www.youtube.com\/embed\/8JLSZ1KA-yU?feature=oembed\" frameborder=\"0\" allow=\"accelerometer; autoplay; clipboard-write; encrypted-media; gyroscope; picture-in-picture\" allowfullscreen><\/iframe><\/div>\n <\/div><\/figure>\n\n<br\/>\n<br\/>\n\n<div class=\"wp-block-columns is-layout-flex wp-container-core-columns-is-layout-9d6595d7 wp-block-columns-is-layout-flex\">\n<div class=\"wp-block-column is-layout-flow wp-block-column-is-layout-flow\" style=\"flex-basis:33.33%\">\n<h2 class=\"wp-block-heading\" id=\"h-anleitung-smartphone-display-einfach-versiegeln\">Udh\u00ebzime &#8211; Thjesht vulosni ekranin e smartfonit<\/h2>\n\n\n\n<ul class=\"wp-block-list\">\n<li>Q\u00eb n\u00eb fillim t\u00eb videos, mund t\u00eb shihni se gjith\u00e7ka q\u00eb ju nevojitet p\u00ebr t\u00eb vulosur telefonin tuaj <a href=\"https:\/\/www.versiegelung24.com\/sq\/lengu-qelqi-celular-mbyllja-lengu-ekrani-mbrojtja.html\" target=\"_blank\" rel=\"noreferrer noopener\">celular<\/a> \u00ebsht\u00eb bashkuar n\u00eb nj\u00eb grup praktik. Kjo perfshin:<\/li>\n\n\n\n<li><strong>Doreza<\/strong> p\u00ebr t\u00eb shmangur gjurm\u00ebt e gisht\u00ebrinjve<\/li>\n\n\n\n<li>Nj\u00eb <strong>leck\u00eb pastrimi e lagur me <a href=\"https:\/\/www.versiegelung24.com\/reinigung\/bioethanol\/\">etanol<\/a><\/strong><\/li>\n\n\n\n<li><strong>Leck\u00eb lustruese<\/strong><\/li>\n\n\n\n<li>Nj\u00eb <strong><a href=\"https:\/\/www.versiegelung24.com\/sq\/mikrofiber-lecke-10x10cm-per-profesionale-leng-xhami-aplikim.html\" target=\"_blank\" rel=\"noreferrer noopener\">leck\u00eb xhami e l\u00ebngshme<\/a><\/strong> p\u00ebr vulosje<\/li>\n<\/ul>\n\n\n\n<p><\/p>\n\n\n\n<p>Gjat\u00eb p\u00ebrdorimit, smartphone mbahet vet\u00ebm nga dora n\u00eb t\u00eb cil\u00ebn ndodhet doreza p\u00ebr t\u00eb shmangur gjurm\u00ebt e reja t\u00eb gisht\u00ebrinjve &#8211; k\u00ebto jan\u00eb m\u00eb t\u00eb trasha se veshja e qelqit t\u00eb l\u00ebng\u00ebt dhe do t\u00eb parandalonin vulosjen e sakt\u00eb.<\/p>\n<\/div>\n\n\n\n<div class=\"wp-block-column is-layout-flow wp-block-column-is-layout-flow\" style=\"flex-basis:66.66%\">\n<figure class=\"wp-block-image size-large\"><img fetchpriority=\"high\" decoding=\"async\" width=\"1300\" height=\"867\" src=\"https:\/\/www.versiegelung24.com\/wp-content\/uploads\/2021\/12\/smart_liq-1300x867.jpg\" alt=\"\" class=\"wp-image-40898\" srcset=\"https:\/\/www.versiegelung24.com\/wp-content\/uploads\/2021\/12\/smart_liq-1300x867.jpg 1300w, https:\/\/www.versiegelung24.com\/wp-content\/uploads\/2021\/12\/smart_liq-scaled-600x400.jpg 600w, https:\/\/www.versiegelung24.com\/wp-content\/uploads\/2021\/12\/smart_liq-300x200.jpg 300w, https:\/\/www.versiegelung24.com\/wp-content\/uploads\/2021\/12\/smart_liq-768x512.jpg 768w, https:\/\/www.versiegelung24.com\/wp-content\/uploads\/2021\/12\/smart_liq-1536x1024.jpg 1536w, https:\/\/www.versiegelung24.com\/wp-content\/uploads\/2021\/12\/smart_liq-2048x1366.jpg 2048w, https:\/\/www.versiegelung24.com\/wp-content\/uploads\/2021\/12\/smart_liq-930x620.jpg 930w\" sizes=\"(max-width: 1300px) 100vw, 1300px\" \/><\/figure>\n<\/div>\n<\/div>\n\n<p>Pas pastrimit paraprak, ekrani fshihet i that\u00eb dhe n\u00eb k\u00ebt\u00eb m\u00ebnyr\u00eb hiqen mbetjet e printimeve ose yndyrave. <strong>K\u00ebtu duhet t\u00eb p\u00ebrdoret vet\u00ebm nj\u00ebra an\u00eb e leck\u00ebs me mikrofib\u00ebr<\/strong> &#8211; <strong>ana tjet\u00ebr do t\u00eb nevojitet m\u00eb von\u00eb<\/strong> p\u00ebr t\u00eb lustruar vul\u00ebn. N\u00eb hapin tjet\u00ebr, lecka e njomur n\u00eb xhami t\u00eb l\u00ebngsh\u00ebm shpaketohet dhe &#8211; si me pastrimin paraprak &#8211; i gjith\u00eb telefoni inteligjent f\u00ebrkohet me t\u00eb. Mund t\u00eb vuloset kudo me xham t\u00eb l\u00ebngsh\u00ebm. Pjes\u00ebt e pasme t\u00eb telefonave celular\u00eb jan\u00eb b\u00ebr\u00eb shpesh prej qelqi sot.<\/p>\n\n<p>Pas t\u00eb pakt\u00ebn Sip\u00ebrfaqja e smartphone \u00ebsht\u00eb e l\u00ebmuar p\u00ebr 30 minuta &#8211; vulosja \u00ebsht\u00eb b\u00ebr\u00eb. N\u00eb video mund t\u00eb shihni k\u00ebshill\u00ebn se \u00ebsht\u00eb e dobishme t\u00eb lini xhamin e l\u00ebngsh\u00ebm t\u00eb ngurt\u00ebsohet brenda nat\u00ebs &#8211; ndiqni k\u00ebt\u00eb rekomandim, sepse m\u00eb rezistente \u00ebsht\u00eb shtresa mbrojt\u00ebse m\u00eb pas. Rekomandohet q\u00eb izoluesi t\u00eb riaplikohet periodikisht p\u00ebr t\u00eb ruajtur mbrojtjen.<\/p>\n\n","protected":false},"excerpt":{"rendered":"<p>Mbrojtje maksimale p\u00ebr smartfonin tuaj me vulosje inovative t\u00eb xhamit t\u00eb l\u00ebngsh\u00ebm.<\/p>\n","protected":false},"author":932,"featured_media":41482,"parent":34624,"menu_order":0,"comment_status":"closed","ping_status":"closed","template":"","meta":{"_acf_changed":false,"neve_meta_sidebar":"full-width","neve_meta_container":"","neve_meta_enable_content_width":"on","neve_meta_content_width":100,"neve_meta_title_alignment":"","neve_meta_author_avatar":"","neve_post_elements_order":"","neve_meta_disable_header":"","neve_meta_disable_footer":"","neve_meta_disable_title":"","neve_meta_reading_time":"","footnotes":""},"categories":[3580,3502],"seiten_kategorie":[3827],"class_list":["post-41011","page","type-page","status-publish","has-post-thumbnail","hentry","category-menyre-jetese","category-revista-e-artikujve-keshilla"],"acf":[],"yoast_head":"<!-- This site is optimized with the Yoast SEO Premium plugin v22.8 (Yoast SEO v27.5) - https:\/\/yoast.com\/product\/yoast-seo-premium-wordpress\/ -->\n<title>Mbroni smartfonin dhe tabletin tuaj me vulosje xhami t\u00eb l\u00ebng\u00ebt!<\/title>\n<meta name=\"description\" content=\"Mbroni smartfonin dhe tabletin tuaj me vulosjen ton\u00eb! Mbyllje xhami e l\u00ebngshme p\u00ebr mbrojtje optimale t\u00eb ekranit t\u00eb smartfon\u00ebve!\" \/>\n<meta name=\"robots\" content=\"index, follow, max-snippet:-1, max-image-preview:large, max-video-preview:-1\" \/>\n<link rel=\"canonical\" href=\"https:\/\/www.versiegelung24.com\/sq\/keshilla-per-produktet-e-versiegelung24\/njohuri\/smartphone\/\" \/>\n<meta property=\"og:locale\" content=\"sq_AL\" \/>\n<meta property=\"og:type\" content=\"article\" \/>\n<meta property=\"og:title\" content=\"Mbyllja e xhamit t\u00eb l\u00ebngsh\u00ebm t\u00eb smartfon\u00ebve dhe tabletave - mbron ekranet dhe rrit jet\u00ebgjat\u00ebsin\u00eb\" \/>\n<meta property=\"og:description\" content=\"Mbroni smartfonin dhe tabletin tuaj me vulosjen ton\u00eb! Mbyllje xhami e l\u00ebngshme p\u00ebr mbrojtje optimale t\u00eb ekranit t\u00eb smartfon\u00ebve!\" \/>\n<meta property=\"og:url\" content=\"https:\/\/www.versiegelung24.com\/sq\/keshilla-per-produktet-e-versiegelung24\/njohuri\/smartphone\/\" \/>\n<meta property=\"og:site_name\" content=\"versiegelung24.com\" \/>\n<meta property=\"article:modified_time\" content=\"2024-09-01T20:43:34+00:00\" \/>\n<meta property=\"og:image\" content=\"https:\/\/www.versiegelung24.com\/wp-content\/uploads\/2021\/12\/smart_liq-1-scaled.jpg\" \/>\n\t<meta property=\"og:image:width\" content=\"2560\" \/>\n\t<meta property=\"og:image:height\" content=\"2560\" \/>\n\t<meta property=\"og:image:type\" content=\"image\/jpeg\" \/>\n<meta name=\"twitter:card\" content=\"summary_large_image\" \/>\n<meta name=\"twitter:label1\" content=\"Est. reading time\" \/>\n\t<meta name=\"twitter:data1\" content=\"2 minutes\" \/>\n<script type=\"application\/ld+json\" class=\"yoast-schema-graph\">{\"@context\":\"https:\\\/\\\/schema.org\",\"@graph\":[{\"@type\":\"WebPage\",\"@id\":\"https:\\\/\\\/www.versiegelung24.com\\\/sq\\\/keshilla-per-produktet-e-versiegelung24\\\/njohuri\\\/smartphone\\\/\",\"url\":\"https:\\\/\\\/www.versiegelung24.com\\\/sq\\\/keshilla-per-produktet-e-versiegelung24\\\/njohuri\\\/smartphone\\\/\",\"name\":\"Mbroni smartfonin dhe tabletin tuaj me vulosje xhami t\u00eb l\u00ebng\u00ebt!\",\"isPartOf\":{\"@id\":\"https:\\\/\\\/www.versiegelung24.com\\\/sq\\\/#website\"},\"primaryImageOfPage\":{\"@id\":\"https:\\\/\\\/www.versiegelung24.com\\\/sq\\\/keshilla-per-produktet-e-versiegelung24\\\/njohuri\\\/smartphone\\\/#primaryimage\"},\"image\":{\"@id\":\"https:\\\/\\\/www.versiegelung24.com\\\/sq\\\/keshilla-per-produktet-e-versiegelung24\\\/njohuri\\\/smartphone\\\/#primaryimage\"},\"thumbnailUrl\":\"https:\\\/\\\/www.versiegelung24.com\\\/wp-content\\\/uploads\\\/2021\\\/12\\\/smart_liq-1-scaled.jpg\",\"datePublished\":\"2021-12-14T13:15:18+00:00\",\"dateModified\":\"2024-09-01T20:43:34+00:00\",\"description\":\"Mbroni smartfonin dhe tabletin tuaj me vulosjen ton\u00eb! Mbyllje xhami e l\u00ebngshme p\u00ebr mbrojtje optimale t\u00eb ekranit t\u00eb smartfon\u00ebve!\",\"breadcrumb\":{\"@id\":\"https:\\\/\\\/www.versiegelung24.com\\\/sq\\\/keshilla-per-produktet-e-versiegelung24\\\/njohuri\\\/smartphone\\\/#breadcrumb\"},\"inLanguage\":\"sq-AL\",\"potentialAction\":[{\"@type\":\"ReadAction\",\"target\":[\"https:\\\/\\\/www.versiegelung24.com\\\/sq\\\/keshilla-per-produktet-e-versiegelung24\\\/njohuri\\\/smartphone\\\/\"]}]},{\"@type\":\"ImageObject\",\"inLanguage\":\"sq-AL\",\"@id\":\"https:\\\/\\\/www.versiegelung24.com\\\/sq\\\/keshilla-per-produktet-e-versiegelung24\\\/njohuri\\\/smartphone\\\/#primaryimage\",\"url\":\"https:\\\/\\\/www.versiegelung24.com\\\/wp-content\\\/uploads\\\/2021\\\/12\\\/smart_liq-1-scaled.jpg\",\"contentUrl\":\"https:\\\/\\\/www.versiegelung24.com\\\/wp-content\\\/uploads\\\/2021\\\/12\\\/smart_liq-1-scaled.jpg\",\"width\":2560,\"height\":2560},{\"@type\":\"BreadcrumbList\",\"@id\":\"https:\\\/\\\/www.versiegelung24.com\\\/sq\\\/keshilla-per-produktet-e-versiegelung24\\\/njohuri\\\/smartphone\\\/#breadcrumb\",\"itemListElement\":[{\"@type\":\"ListItem\",\"position\":1,\"name\":\"Faqja kryesore\",\"item\":\"https:\\\/\\\/www.versiegelung24.com\\\/sq\\\/perpara\\\/\"},{\"@type\":\"ListItem\",\"position\":2,\"name\":\"k\u00ebshilltar\",\"item\":\"https:\\\/\\\/www.versiegelung24.com\\\/sq\\\/ratgeber\\\/\"},{\"@type\":\"ListItem\",\"position\":3,\"name\":\"revist\u00eb\",\"item\":\"https:\\\/\\\/www.versiegelung24.com\\\/sq\\\/ratgeber\\\/magazin\\\/\"},{\"@type\":\"ListItem\",\"position\":4,\"name\":\"Mbyllja e xhamit t\u00eb l\u00ebngsh\u00ebm t\u00eb smartfon\u00ebve dhe tabletave &#8211; mbron ekranet dhe rrit jet\u00ebgjat\u00ebsin\u00eb\"}]},{\"@type\":\"WebSite\",\"@id\":\"https:\\\/\\\/www.versiegelung24.com\\\/sq\\\/#website\",\"url\":\"https:\\\/\\\/www.versiegelung24.com\\\/sq\\\/\",\"name\":\"versiegelung24.com\",\"description\":\"Fl\u00fcssigglas-Versiegelung - Made in Germany\",\"publisher\":{\"@id\":\"https:\\\/\\\/www.versiegelung24.com\\\/sq\\\/#organization\"},\"potentialAction\":[{\"@type\":\"SearchAction\",\"target\":{\"@type\":\"EntryPoint\",\"urlTemplate\":\"https:\\\/\\\/www.versiegelung24.com\\\/sq\\\/?s={search_term_string}\"},\"query-input\":{\"@type\":\"PropertyValueSpecification\",\"valueRequired\":true,\"valueName\":\"search_term_string\"}}],\"inLanguage\":\"sq-AL\"},{\"@type\":\"Organization\",\"@id\":\"https:\\\/\\\/www.versiegelung24.com\\\/sq\\\/#organization\",\"name\":\"versiegelung24\",\"url\":\"https:\\\/\\\/www.versiegelung24.com\\\/sq\\\/\",\"logo\":{\"@type\":\"ImageObject\",\"inLanguage\":\"sq-AL\",\"@id\":\"https:\\\/\\\/www.versiegelung24.com\\\/sq\\\/#\\\/schema\\\/logo\\\/image\\\/\",\"url\":\"https:\\\/\\\/www.versiegelung24.com\\\/wp-content\\\/uploads\\\/2020\\\/04\\\/versiegelung24.png\",\"contentUrl\":\"https:\\\/\\\/www.versiegelung24.com\\\/wp-content\\\/uploads\\\/2020\\\/04\\\/versiegelung24.png\",\"width\":470,\"height\":102,\"caption\":\"versiegelung24\"},\"image\":{\"@id\":\"https:\\\/\\\/www.versiegelung24.com\\\/sq\\\/#\\\/schema\\\/logo\\\/image\\\/\"}}]}<\/script>\n<!-- \/ Yoast SEO Premium plugin. -->","yoast_head_json":{"title":"Mbroni smartfonin dhe tabletin tuaj me vulosje xhami t\u00eb l\u00ebng\u00ebt!","description":"Mbroni smartfonin dhe tabletin tuaj me vulosjen ton\u00eb! Mbyllje xhami e l\u00ebngshme p\u00ebr mbrojtje optimale t\u00eb ekranit t\u00eb smartfon\u00ebve!","robots":{"index":"index","follow":"follow","max-snippet":"max-snippet:-1","max-image-preview":"max-image-preview:large","max-video-preview":"max-video-preview:-1"},"canonical":"https:\/\/www.versiegelung24.com\/sq\/keshilla-per-produktet-e-versiegelung24\/njohuri\/smartphone\/","og_locale":"sq_AL","og_type":"article","og_title":"Mbyllja e xhamit t\u00eb l\u00ebngsh\u00ebm t\u00eb smartfon\u00ebve dhe tabletave - mbron ekranet dhe rrit jet\u00ebgjat\u00ebsin\u00eb","og_description":"Mbroni smartfonin dhe tabletin tuaj me vulosjen ton\u00eb! Mbyllje xhami e l\u00ebngshme p\u00ebr mbrojtje optimale t\u00eb ekranit t\u00eb smartfon\u00ebve!","og_url":"https:\/\/www.versiegelung24.com\/sq\/keshilla-per-produktet-e-versiegelung24\/njohuri\/smartphone\/","og_site_name":"versiegelung24.com","article_modified_time":"2024-09-01T20:43:34+00:00","og_image":[{"width":2560,"height":2560,"url":"https:\/\/www.versiegelung24.com\/wp-content\/uploads\/2021\/12\/smart_liq-1-scaled.jpg","type":"image\/jpeg"}],"twitter_card":"summary_large_image","twitter_misc":{"Est. reading time":"2 minutes"},"schema":{"@context":"https:\/\/schema.org","@graph":[{"@type":"WebPage","@id":"https:\/\/www.versiegelung24.com\/sq\/keshilla-per-produktet-e-versiegelung24\/njohuri\/smartphone\/","url":"https:\/\/www.versiegelung24.com\/sq\/keshilla-per-produktet-e-versiegelung24\/njohuri\/smartphone\/","name":"Mbroni smartfonin dhe tabletin tuaj me vulosje xhami t\u00eb l\u00ebng\u00ebt!","isPartOf":{"@id":"https:\/\/www.versiegelung24.com\/sq\/#website"},"primaryImageOfPage":{"@id":"https:\/\/www.versiegelung24.com\/sq\/keshilla-per-produktet-e-versiegelung24\/njohuri\/smartphone\/#primaryimage"},"image":{"@id":"https:\/\/www.versiegelung24.com\/sq\/keshilla-per-produktet-e-versiegelung24\/njohuri\/smartphone\/#primaryimage"},"thumbnailUrl":"https:\/\/www.versiegelung24.com\/wp-content\/uploads\/2021\/12\/smart_liq-1-scaled.jpg","datePublished":"2021-12-14T13:15:18+00:00","dateModified":"2024-09-01T20:43:34+00:00","description":"Mbroni smartfonin dhe tabletin tuaj me vulosjen ton\u00eb! Mbyllje xhami e l\u00ebngshme p\u00ebr mbrojtje optimale t\u00eb ekranit t\u00eb smartfon\u00ebve!","breadcrumb":{"@id":"https:\/\/www.versiegelung24.com\/sq\/keshilla-per-produktet-e-versiegelung24\/njohuri\/smartphone\/#breadcrumb"},"inLanguage":"sq-AL","potentialAction":[{"@type":"ReadAction","target":["https:\/\/www.versiegelung24.com\/sq\/keshilla-per-produktet-e-versiegelung24\/njohuri\/smartphone\/"]}]},{"@type":"ImageObject","inLanguage":"sq-AL","@id":"https:\/\/www.versiegelung24.com\/sq\/keshilla-per-produktet-e-versiegelung24\/njohuri\/smartphone\/#primaryimage","url":"https:\/\/www.versiegelung24.com\/wp-content\/uploads\/2021\/12\/smart_liq-1-scaled.jpg","contentUrl":"https:\/\/www.versiegelung24.com\/wp-content\/uploads\/2021\/12\/smart_liq-1-scaled.jpg","width":2560,"height":2560},{"@type":"BreadcrumbList","@id":"https:\/\/www.versiegelung24.com\/sq\/keshilla-per-produktet-e-versiegelung24\/njohuri\/smartphone\/#breadcrumb","itemListElement":[{"@type":"ListItem","position":1,"name":"Faqja kryesore","item":"https:\/\/www.versiegelung24.com\/sq\/perpara\/"},{"@type":"ListItem","position":2,"name":"k\u00ebshilltar","item":"https:\/\/www.versiegelung24.com\/sq\/ratgeber\/"},{"@type":"ListItem","position":3,"name":"revist\u00eb","item":"https:\/\/www.versiegelung24.com\/sq\/ratgeber\/magazin\/"},{"@type":"ListItem","position":4,"name":"Mbyllja e xhamit t\u00eb l\u00ebngsh\u00ebm t\u00eb smartfon\u00ebve dhe tabletave &#8211; mbron ekranet dhe rrit jet\u00ebgjat\u00ebsin\u00eb"}]},{"@type":"WebSite","@id":"https:\/\/www.versiegelung24.com\/sq\/#website","url":"https:\/\/www.versiegelung24.com\/sq\/","name":"versiegelung24.com","description":"Fl\u00fcssigglas-Versiegelung - Made in Germany","publisher":{"@id":"https:\/\/www.versiegelung24.com\/sq\/#organization"},"potentialAction":[{"@type":"SearchAction","target":{"@type":"EntryPoint","urlTemplate":"https:\/\/www.versiegelung24.com\/sq\/?s={search_term_string}"},"query-input":{"@type":"PropertyValueSpecification","valueRequired":true,"valueName":"search_term_string"}}],"inLanguage":"sq-AL"},{"@type":"Organization","@id":"https:\/\/www.versiegelung24.com\/sq\/#organization","name":"versiegelung24","url":"https:\/\/www.versiegelung24.com\/sq\/","logo":{"@type":"ImageObject","inLanguage":"sq-AL","@id":"https:\/\/www.versiegelung24.com\/sq\/#\/schema\/logo\/image\/","url":"https:\/\/www.versiegelung24.com\/wp-content\/uploads\/2020\/04\/versiegelung24.png","contentUrl":"https:\/\/www.versiegelung24.com\/wp-content\/uploads\/2020\/04\/versiegelung24.png","width":470,"height":102,"caption":"versiegelung24"},"image":{"@id":"https:\/\/www.versiegelung24.com\/sq\/#\/schema\/logo\/image\/"}}]}},"_links":{"self":[{"href":"https:\/\/www.versiegelung24.com\/sq\/wp-json\/wp\/v2\/pages\/41011","targetHints":{"allow":["GET"]}}],"collection":[{"href":"https:\/\/www.versiegelung24.com\/sq\/wp-json\/wp\/v2\/pages"}],"about":[{"href":"https:\/\/www.versiegelung24.com\/sq\/wp-json\/wp\/v2\/types\/page"}],"author":[{"embeddable":true,"href":"https:\/\/www.versiegelung24.com\/sq\/wp-json\/wp\/v2\/users\/932"}],"replies":[{"embeddable":true,"href":"https:\/\/www.versiegelung24.com\/sq\/wp-json\/wp\/v2\/comments?post=41011"}],"version-history":[{"count":15,"href":"https:\/\/www.versiegelung24.com\/sq\/wp-json\/wp\/v2\/pages\/41011\/revisions"}],"predecessor-version":[{"id":173427,"href":"https:\/\/www.versiegelung24.com\/sq\/wp-json\/wp\/v2\/pages\/41011\/revisions\/173427"}],"up":[{"embeddable":true,"href":"https:\/\/www.versiegelung24.com\/sq\/wp-json\/wp\/v2\/pages\/34624"}],"wp:featuredmedia":[{"embeddable":true,"href":"https:\/\/www.versiegelung24.com\/sq\/wp-json\/wp\/v2\/media\/41482"}],"wp:attachment":[{"href":"https:\/\/www.versiegelung24.com\/sq\/wp-json\/wp\/v2\/media?parent=41011"}],"wp:term":[{"taxonomy":"category","embeddable":true,"href":"https:\/\/www.versiegelung24.com\/sq\/wp-json\/wp\/v2\/categories?post=41011"},{"taxonomy":"seiten_kategorie","embeddable":true,"href":"https:\/\/www.versiegelung24.com\/sq\/wp-json\/wp\/v2\/seiten_kategorie?post=41011"}],"curies":[{"name":"wp","href":"https:\/\/api.w.org\/{rel}","templated":true}]}}