{"id":41072,"date":"2021-12-14T14:15:40","date_gmt":"2021-12-14T13:15:40","guid":{"rendered":"https:\/\/www.versiegelung24.com\/keshilla-per-produktet-e-versiegelung24\/njohuri\/mbrojtja-e-grafiteve"},"modified":"2024-09-01T18:17:34","modified_gmt":"2024-09-01T16:17:34","slug":"grafiti-mbrojtje-me-xham-likuid","status":"publish","type":"page","link":"https:\/\/www.versiegelung24.com\/sq\/njohuri\/mbrojtja-e-grafiteve\/","title":{"rendered":"Mbrojtje nga grafiti p\u00ebr fasad\u00eb"},"content":{"rendered":"\n<h1 class=\"wp-block-heading\" id=\"h-graffiti-schutz-mit-flussigglas\">Mbrojtje grafiti me xham t\u00eb l\u00ebngsh\u00ebm<\/h1>\n\n<p>Kjo video duhet t\u00eb jet\u00eb ve\u00e7an\u00ebrisht interesante p\u00ebr qytetet dhe bashkit\u00eb ose p\u00ebr pronar\u00ebt e d\u00ebmtuar t\u00eb pron\u00ebs t\u00eb cil\u00ebt tashm\u00eb kan\u00eb pasur p\u00ebrvoj\u00eb me ndotjen nga sp\u00ebrkat\u00ebsit e grafiteve. Ngjyrat e &#8220;artist\u00ebve&#8221; jan\u00eb k\u00ebmb\u00ebngul\u00ebs dhe dep\u00ebrtojn\u00eb n\u00eb beton ose gur kur sp\u00ebrkaten. Si rezultat, \u00ebsht\u00eb nj\u00eb \u00e7\u00ebshtje shum\u00eb e kushtueshme dhe k\u00ebrkon shum\u00eb koh\u00eb q\u00eb t\u00eb hiqen grafitet, t\u00eb cilat zakonisht duhet t\u00eb b\u00ebhen n\u00eb m\u00ebnyr\u00eb profesionale.<\/p>\n\n<figure class=\"wp-block-embed aligncenter is-type-video is-provider-youtube wp-block-embed-youtube wp-embed-aspect-16-9 wp-has-aspect-ratio\"><div class=\"wp-block-embed__wrapper\"> \n<div class=\"nv-iframe-embed\"><iframe title=\"Graffiti Protection Pro 626 - How does it work?\" width=\"1200\" height=\"675\" src=\"https:\/\/www.youtube.com\/embed\/dP9jGmUvoek?feature=oembed\" frameborder=\"0\" allow=\"accelerometer; autoplay; clipboard-write; encrypted-media; gyroscope; picture-in-picture\" allowfullscreen><\/iframe><\/div>\n <\/div><\/figure>\n\n<div class=\"wp-block-columns is-layout-flex wp-container-core-columns-is-layout-9d6595d7 wp-block-columns-is-layout-flex\">\n<div class=\"wp-block-column is-layout-flow wp-block-column-is-layout-flow\" style=\"flex-basis:66.66%\">\n<p>Video tregon krahasimin me dy tulla betoni:<\/p>\n\n\n\n<p><a href=\"https:\/\/www.versiegelung24.com\/sq\/anti-grafite-mbrojtese-veshje-shume-efektive-fasada-vulosje.html\">Nj\u00eb gur \u00ebsht\u00eb plot\u00ebsisht i mbyllur me xham t\u00eb l\u00ebngsh\u00ebm<\/a> , tjetri jo. Tani, si nj\u00eb homolog i llakut t\u00eb ngjyrave, nj\u00eb kryq \u00ebsht\u00eb pikturuar n\u00eb gurin p\u00ebrkat\u00ebs me nj\u00eb stilolaps sh\u00ebnues. Edhe k\u00ebtu, ju mund t\u00eb shihni menj\u00ebher\u00eb &#8211; n\u00eb rastin e gurit t\u00eb patrajtuar, ngjyra e zez\u00eb \u00ebsht\u00eb t\u00ebrhequr menj\u00ebher\u00eb, kryqi \u00ebsht\u00eb qart\u00eb i duksh\u00ebm. Kur guri mbyllet, ngjyra nuk mund t\u00eb dep\u00ebrtoj\u00eb n\u00eb xhamin e <a href=\"https:\/\/www.versiegelung24.com\/sq\/anti-grafite-mbrojtese-veshje-shume-efektive-fasada-vulosje.html\" target=\"_blank\" rel=\"noreferrer noopener\">l\u00ebngsh\u00ebm<\/a> , q\u00eb do t\u00eb thot\u00eb se nuk ka ngjitje. Prandaj, kryqi \u00ebsht\u00eb vet\u00ebm pak i duksh\u00ebm dhe mund t\u00eb hiqet vet\u00ebm me uj\u00eb pa l\u00ebn\u00eb asnj\u00eb mbetje. Ju p\u00ebrpiqeni kot ta b\u00ebni k\u00ebt\u00eb me tull\u00ebn e patrajtuar n\u00eb video. N\u00eb shum\u00eb raste, pastrimi mund t\u00eb b\u00ebhet vet\u00ebm me uj\u00eb, por efektiviteti mund t\u00eb ndryshoj\u00eb n\u00eb var\u00ebsi t\u00eb llojit t\u00eb grafitit.<\/p>\n\n\n\n<p>Sip\u00ebrfaqja mund t\u00eb mbrohet nga mbishkrimet me veshjen e xhamit t\u00eb l\u00ebngsh\u00ebm. Efekti mbrojt\u00ebs mund t\u00eb zgjas\u00eb deri n\u00eb 20 vjet n\u00ebse p\u00ebrdoret si duhet dhe n\u00eb kushte t\u00eb favorshme. <\/p>\n\n\n\n<p>N\u00eb video mund t\u00eb shihni se sa e leht\u00eb \u00ebsht\u00eb vulosja e betonit: nj\u00eb aplikim i barabart\u00eb me nj\u00eb fur\u00e7\u00eb \u00ebsht\u00eb i mjaftuesh\u00ebm P\u00ebrpara se t\u00eb aplikoni shtres\u00ebn e l\u00ebngshme t\u00eb xhamit, sip\u00ebrfaqja duhet t\u00eb pastrohet dhe thahet mir\u00eb p\u00ebr t&#8217;u siguruar q\u00eb izoluesi t\u00eb ngjitet n\u00eb m\u00ebnyr\u00eb optimale dhe t\u00eb shp\u00ebrndahet n\u00eb m\u00ebnyr\u00eb t\u00eb barabart\u00eb. .<\/p>\n<\/div>\n\n\n\n<div class=\"wp-block-column is-layout-flow wp-block-column-is-layout-flow\" style=\"flex-basis:33.33%\"><div class=\"wp-block-image\">\n<figure class=\"alignright size-full is-resized\"><img fetchpriority=\"high\" decoding=\"async\" width=\"1000\" height=\"1000\" src=\"https:\/\/www.versiegelung24.com\/wp-content\/uploads\/2021\/12\/graf-1.jpg\" alt=\"\" class=\"wp-image-40868\" style=\"width:313px;height:313px\" srcset=\"https:\/\/www.versiegelung24.com\/wp-content\/uploads\/2021\/12\/graf-1.jpg 1000w, https:\/\/www.versiegelung24.com\/wp-content\/uploads\/2021\/12\/graf-1-400x400.jpg 400w, https:\/\/www.versiegelung24.com\/wp-content\/uploads\/2021\/12\/graf-1-100x100.jpg 100w, https:\/\/www.versiegelung24.com\/wp-content\/uploads\/2021\/12\/graf-1-600x600.jpg 600w, https:\/\/www.versiegelung24.com\/wp-content\/uploads\/2021\/12\/graf-1-300x300.jpg 300w, https:\/\/www.versiegelung24.com\/wp-content\/uploads\/2021\/12\/graf-1-80x80.jpg 80w, https:\/\/www.versiegelung24.com\/wp-content\/uploads\/2021\/12\/graf-1-768x768.jpg 768w\" sizes=\"(max-width: 1000px) 100vw, 1000px\" \/><\/figure>\n<\/div><\/div>\n<\/div>\n<div class=\"woocommerce columns-4 \"><ul class=\"products columns-4\">\n<li class=\"product type-product post-23910 status-publish first instock product_cat-vulosje-prej-guri-dhe-betoni has-post-thumbnail taxable shipping-taxable purchasable product-type-variable has-default-attributes\">\n\t<div class=\"nv-card-content-wrapper\"><a href=\"https:\/\/www.versiegelung24.com\/sq\/anti-grafite-mbrojtese-veshje-shume-efektive-fasada-vulosje.html\" class=\"woocommerce-LoopProduct-link woocommerce-loop-product__link\"><div class=\"sp-product-image \"><div class=\"img-wrap\"><img decoding=\"async\" width=\"400\" height=\"400\" src=\"https:\/\/www.versiegelung24.com\/wp-content\/uploads\/2020\/04\/7626-anti-graffiti-400x400.webp\" class=\"attachment-woocommerce_thumbnail size-woocommerce_thumbnail\" alt=\"Veshje mbrojt\u00ebse nga grafiti - veshje kund\u00ebr grafitit\" srcset=\"https:\/\/www.versiegelung24.com\/wp-content\/uploads\/2020\/04\/7626-anti-graffiti-400x400.webp 400w, https:\/\/www.versiegelung24.com\/wp-content\/uploads\/2020\/04\/7626-anti-graffiti-300x300.webp 300w, https:\/\/www.versiegelung24.com\/wp-content\/uploads\/2020\/04\/7626-anti-graffiti-1300x1300.webp 1300w, https:\/\/www.versiegelung24.com\/wp-content\/uploads\/2020\/04\/7626-anti-graffiti-80x80.webp 80w, https:\/\/www.versiegelung24.com\/wp-content\/uploads\/2020\/04\/7626-anti-graffiti-768x768.webp 768w, https:\/\/www.versiegelung24.com\/wp-content\/uploads\/2020\/04\/7626-anti-graffiti-1536x1536.webp 1536w, https:\/\/www.versiegelung24.com\/wp-content\/uploads\/2020\/04\/7626-anti-graffiti-2048x2048.webp 2048w, https:\/\/www.versiegelung24.com\/wp-content\/uploads\/2020\/04\/7626-anti-graffiti-70x70.webp 70w, https:\/\/www.versiegelung24.com\/wp-content\/uploads\/2020\/04\/7626-anti-graffiti-600x600.webp 600w, https:\/\/www.versiegelung24.com\/wp-content\/uploads\/2020\/04\/7626-anti-graffiti-100x100.webp 100w\" sizes=\"(max-width: 400px) 100vw, 400px\" \/><\/div><\/div><h2 class=\"woocommerce-loop-product__title\">Veshje mbrojt\u00ebse nga grafiti &#8211; veshje kund\u00ebr grafitit<\/h2>\n\t<span class=\"price\"><span class=\"woocommerce-Price-amount amount\"><bdi>359,00<span class=\"woocommerce-Price-currencySymbol\">&euro;<\/span><\/bdi><\/span><\/span>\n\n\n\t<p class=\"price price-unit smaller wc-gzd-additional-info wc-gzd-additional-info-loop\">(<span class=\"woocommerce-Price-amount amount\">71,80<span class=\"woocommerce-Price-currencySymbol\">&euro;<\/span><\/span> \/ <span class=\"unit\">l<\/span>)<\/p>\n\n<\/a>\t\t<p class=\"artikelnummer wc-gzd-additional-info\">\n\t\t\tSKU: 9201-7626-5000\t\t<\/p>\n\t\t\n\t<p class=\"wc-gzd-additional-info wc-gzd-additional-info-loop product-units-wrapper product-units\">P\u00ebrmbajtja: 5 <span class=\"unit\">l<\/span><\/p>\n\t\t<p class=\"lagerbestand wc-gzd-additional-info\">\n\t\t\t<strong>\n\t\t\t\tInventory\t\t\t\t:\n\t\t\t<\/strong>\n\t\t\tN\u00eb dispozicion\t\t<\/p>\n\t\t\n\t<p class=\"wc-gzd-additional-info delivery-time-info wc-gzd-additional-info-loop\"><span class=\"delivery-time-inner delivery-time-7-dit-pune\">Koha e d\u00ebrgimit:  <span class=\"delivery-time-data\">7 dit\u00eb pune<\/span><\/span><\/p>\n\n\t<p class=\"wc-gzd-additional-info wc-gzd-additional-info-loop tax-info\">incl. VAT<\/p>\n\n\t<p class=\"wc-gzd-additional-info wc-gzd-additional-info-loop shipping-costs-info\">plus  <a href=\"https:\/\/www.versiegelung24.com\/sq\/keshilla-per-produktet-e-versiegelung24\/metodat-e-transportit\/\" target=\"_blank\">Transporti<\/a><\/p>\n<a href=\"https:\/\/www.versiegelung24.com\/sq\/anti-grafite-mbrojtese-veshje-shume-efektive-fasada-vulosje.html\" aria-describedby=\"woocommerce_loop_add_to_cart_link_describedby_23910\" data-quantity=\"1\" class=\"button product_type_variable add_to_cart_button\" data-product_id=\"23910\" data-product_sku=\"9201-7626-5000\" aria-label=\"Select options for &ldquo;Veshje mbrojt\u00ebse nga grafiti - veshje kund\u00ebr grafitit&rdquo;\" rel=\"nofollow\">Select options<\/a>\t<span id=\"woocommerce_loop_add_to_cart_link_describedby_23910\" class=\"screen-reader-text\">\n\t\tThis product has multiple variants. The options may be chosen on the product page\t<\/span>\n<\/div><\/li>\n<\/ul>\n<\/div>\n\n","protected":false},"excerpt":{"rendered":"<p>Shpallni luft\u00eb grafiteve \u2013 mbrojtje efektive p\u00ebr fasad\u00ebn tuaj me xham t\u00eb l\u00ebngsh\u00ebm.<\/p>\n","protected":false},"author":932,"featured_media":40869,"parent":34624,"menu_order":0,"comment_status":"closed","ping_status":"closed","template":"","meta":{"_acf_changed":false,"neve_meta_sidebar":"full-width","neve_meta_container":"","neve_meta_enable_content_width":"on","neve_meta_content_width":100,"neve_meta_title_alignment":"","neve_meta_author_avatar":"","neve_post_elements_order":"","neve_meta_disable_header":"","neve_meta_disable_footer":"","neve_meta_disable_title":"","neve_meta_reading_time":"","footnotes":""},"categories":[3502,3551],"seiten_kategorie":[3827],"class_list":["post-41072","page","type-page","status-publish","has-post-thumbnail","hentry","category-revista-e-artikujve-keshilla","category-shtepi-dhe-kopsht"],"acf":[],"yoast_head":"<!-- This site is optimized with the Yoast SEO Premium plugin v22.8 (Yoast SEO v27.5) - https:\/\/yoast.com\/product\/yoast-seo-premium-wordpress\/ -->\n<title>versiegelung24.com i l\u00ebngsh\u00ebm i gals - emri i faqes s\u00eb Mbrojtje nga grafiti p\u00ebr fasad\u00eb -<\/title>\n<meta name=\"description\" content=\"Mbyt\u00ebs i l\u00ebngsh\u00ebm gals si mbrojtje kund\u00ebr mbishkrimeve. M\u00ebsoni nga ne se si mund t&#039;i mbroni gj\u00ebrat tuaja.\" \/>\n<meta name=\"robots\" content=\"index, follow, max-snippet:-1, max-image-preview:large, max-video-preview:-1\" \/>\n<link rel=\"canonical\" href=\"https:\/\/www.versiegelung24.com\/sq\/njohuri\/mbrojtja-e-grafiteve\/\" \/>\n<meta property=\"og:locale\" content=\"sq_AL\" \/>\n<meta property=\"og:type\" content=\"article\" \/>\n<meta property=\"og:title\" content=\"Mbrojtje nga grafiti p\u00ebr fasad\u00eb\" \/>\n<meta property=\"og:description\" content=\"Mbyt\u00ebs i l\u00ebngsh\u00ebm gals si mbrojtje kund\u00ebr mbishkrimeve. M\u00ebsoni nga ne se si mund t&#039;i mbroni gj\u00ebrat tuaja.\" \/>\n<meta property=\"og:url\" content=\"https:\/\/www.versiegelung24.com\/sq\/njohuri\/mbrojtja-e-grafiteve\/\" \/>\n<meta property=\"og:site_name\" content=\"versiegelung24.com\" \/>\n<meta property=\"article:modified_time\" content=\"2024-09-01T16:17:34+00:00\" \/>\n<meta property=\"og:image\" content=\"https:\/\/www.versiegelung24.com\/wp-content\/uploads\/2021\/12\/graf-1.jpg\" \/>\n\t<meta property=\"og:image:width\" content=\"1000\" \/>\n\t<meta property=\"og:image:height\" content=\"1000\" \/>\n\t<meta property=\"og:image:type\" content=\"image\/jpeg\" \/>\n<meta name=\"twitter:card\" content=\"summary_large_image\" \/>\n<meta name=\"twitter:label1\" content=\"Est. reading time\" \/>\n\t<meta name=\"twitter:data1\" content=\"2 minutes\" \/>\n<script type=\"application\/ld+json\" class=\"yoast-schema-graph\">{\"@context\":\"https:\\\/\\\/schema.org\",\"@graph\":[{\"@type\":\"WebPage\",\"@id\":\"https:\\\/\\\/www.versiegelung24.com\\\/sq\\\/njohuri\\\/mbrojtja-e-grafiteve\\\/\",\"url\":\"https:\\\/\\\/www.versiegelung24.com\\\/sq\\\/njohuri\\\/mbrojtja-e-grafiteve\\\/\",\"name\":\"versiegelung24.com i l\u00ebngsh\u00ebm i gals - emri i faqes s\u00eb Mbrojtje nga grafiti p\u00ebr fasad\u00eb -\",\"isPartOf\":{\"@id\":\"https:\\\/\\\/www.versiegelung24.com\\\/sq\\\/#website\"},\"primaryImageOfPage\":{\"@id\":\"https:\\\/\\\/www.versiegelung24.com\\\/sq\\\/njohuri\\\/mbrojtja-e-grafiteve\\\/#primaryimage\"},\"image\":{\"@id\":\"https:\\\/\\\/www.versiegelung24.com\\\/sq\\\/njohuri\\\/mbrojtja-e-grafiteve\\\/#primaryimage\"},\"thumbnailUrl\":\"https:\\\/\\\/www.versiegelung24.com\\\/wp-content\\\/uploads\\\/2021\\\/12\\\/graf-1.jpg\",\"datePublished\":\"2021-12-14T13:15:40+00:00\",\"dateModified\":\"2024-09-01T16:17:34+00:00\",\"description\":\"Mbyt\u00ebs i l\u00ebngsh\u00ebm gals si mbrojtje kund\u00ebr mbishkrimeve. M\u00ebsoni nga ne se si mund t'i mbroni gj\u00ebrat tuaja.\",\"breadcrumb\":{\"@id\":\"https:\\\/\\\/www.versiegelung24.com\\\/sq\\\/njohuri\\\/mbrojtja-e-grafiteve\\\/#breadcrumb\"},\"inLanguage\":\"sq-AL\",\"potentialAction\":[{\"@type\":\"ReadAction\",\"target\":[\"https:\\\/\\\/www.versiegelung24.com\\\/sq\\\/njohuri\\\/mbrojtja-e-grafiteve\\\/\"]}]},{\"@type\":\"ImageObject\",\"inLanguage\":\"sq-AL\",\"@id\":\"https:\\\/\\\/www.versiegelung24.com\\\/sq\\\/njohuri\\\/mbrojtja-e-grafiteve\\\/#primaryimage\",\"url\":\"https:\\\/\\\/www.versiegelung24.com\\\/wp-content\\\/uploads\\\/2021\\\/12\\\/graf-1.jpg\",\"contentUrl\":\"https:\\\/\\\/www.versiegelung24.com\\\/wp-content\\\/uploads\\\/2021\\\/12\\\/graf-1.jpg\",\"width\":1000,\"height\":1000},{\"@type\":\"BreadcrumbList\",\"@id\":\"https:\\\/\\\/www.versiegelung24.com\\\/sq\\\/njohuri\\\/mbrojtja-e-grafiteve\\\/#breadcrumb\",\"itemListElement\":[{\"@type\":\"ListItem\",\"position\":1,\"name\":\"Faqja kryesore\",\"item\":\"https:\\\/\\\/www.versiegelung24.com\\\/sq\\\/perpara\\\/\"},{\"@type\":\"ListItem\",\"position\":2,\"name\":\"k\u00ebshilltar\",\"item\":\"https:\\\/\\\/www.versiegelung24.com\\\/sq\\\/ratgeber\\\/\"},{\"@type\":\"ListItem\",\"position\":3,\"name\":\"revist\u00eb\",\"item\":\"https:\\\/\\\/www.versiegelung24.com\\\/sq\\\/ratgeber\\\/magazin\\\/\"},{\"@type\":\"ListItem\",\"position\":4,\"name\":\"Mbrojtje nga grafiti p\u00ebr fasad\u00eb\"}]},{\"@type\":\"WebSite\",\"@id\":\"https:\\\/\\\/www.versiegelung24.com\\\/sq\\\/#website\",\"url\":\"https:\\\/\\\/www.versiegelung24.com\\\/sq\\\/\",\"name\":\"versiegelung24.com\",\"description\":\"Fl\u00fcssigglas-Versiegelung - Made in Germany\",\"publisher\":{\"@id\":\"https:\\\/\\\/www.versiegelung24.com\\\/sq\\\/#organization\"},\"potentialAction\":[{\"@type\":\"SearchAction\",\"target\":{\"@type\":\"EntryPoint\",\"urlTemplate\":\"https:\\\/\\\/www.versiegelung24.com\\\/sq\\\/?s={search_term_string}\"},\"query-input\":{\"@type\":\"PropertyValueSpecification\",\"valueRequired\":true,\"valueName\":\"search_term_string\"}}],\"inLanguage\":\"sq-AL\"},{\"@type\":\"Organization\",\"@id\":\"https:\\\/\\\/www.versiegelung24.com\\\/sq\\\/#organization\",\"name\":\"versiegelung24\",\"url\":\"https:\\\/\\\/www.versiegelung24.com\\\/sq\\\/\",\"logo\":{\"@type\":\"ImageObject\",\"inLanguage\":\"sq-AL\",\"@id\":\"https:\\\/\\\/www.versiegelung24.com\\\/sq\\\/#\\\/schema\\\/logo\\\/image\\\/\",\"url\":\"https:\\\/\\\/www.versiegelung24.com\\\/wp-content\\\/uploads\\\/2020\\\/04\\\/versiegelung24.png\",\"contentUrl\":\"https:\\\/\\\/www.versiegelung24.com\\\/wp-content\\\/uploads\\\/2020\\\/04\\\/versiegelung24.png\",\"width\":470,\"height\":102,\"caption\":\"versiegelung24\"},\"image\":{\"@id\":\"https:\\\/\\\/www.versiegelung24.com\\\/sq\\\/#\\\/schema\\\/logo\\\/image\\\/\"}}]}<\/script>\n<!-- \/ Yoast SEO Premium plugin. -->","yoast_head_json":{"title":"versiegelung24.com i l\u00ebngsh\u00ebm i gals - emri i faqes s\u00eb Mbrojtje nga grafiti p\u00ebr fasad\u00eb -","description":"Mbyt\u00ebs i l\u00ebngsh\u00ebm gals si mbrojtje kund\u00ebr mbishkrimeve. M\u00ebsoni nga ne se si mund t'i mbroni gj\u00ebrat tuaja.","robots":{"index":"index","follow":"follow","max-snippet":"max-snippet:-1","max-image-preview":"max-image-preview:large","max-video-preview":"max-video-preview:-1"},"canonical":"https:\/\/www.versiegelung24.com\/sq\/njohuri\/mbrojtja-e-grafiteve\/","og_locale":"sq_AL","og_type":"article","og_title":"Mbrojtje nga grafiti p\u00ebr fasad\u00eb","og_description":"Mbyt\u00ebs i l\u00ebngsh\u00ebm gals si mbrojtje kund\u00ebr mbishkrimeve. M\u00ebsoni nga ne se si mund t'i mbroni gj\u00ebrat tuaja.","og_url":"https:\/\/www.versiegelung24.com\/sq\/njohuri\/mbrojtja-e-grafiteve\/","og_site_name":"versiegelung24.com","article_modified_time":"2024-09-01T16:17:34+00:00","og_image":[{"width":1000,"height":1000,"url":"https:\/\/www.versiegelung24.com\/wp-content\/uploads\/2021\/12\/graf-1.jpg","type":"image\/jpeg"}],"twitter_card":"summary_large_image","twitter_misc":{"Est. reading time":"2 minutes"},"schema":{"@context":"https:\/\/schema.org","@graph":[{"@type":"WebPage","@id":"https:\/\/www.versiegelung24.com\/sq\/njohuri\/mbrojtja-e-grafiteve\/","url":"https:\/\/www.versiegelung24.com\/sq\/njohuri\/mbrojtja-e-grafiteve\/","name":"versiegelung24.com i l\u00ebngsh\u00ebm i gals - emri i faqes s\u00eb Mbrojtje nga grafiti p\u00ebr fasad\u00eb -","isPartOf":{"@id":"https:\/\/www.versiegelung24.com\/sq\/#website"},"primaryImageOfPage":{"@id":"https:\/\/www.versiegelung24.com\/sq\/njohuri\/mbrojtja-e-grafiteve\/#primaryimage"},"image":{"@id":"https:\/\/www.versiegelung24.com\/sq\/njohuri\/mbrojtja-e-grafiteve\/#primaryimage"},"thumbnailUrl":"https:\/\/www.versiegelung24.com\/wp-content\/uploads\/2021\/12\/graf-1.jpg","datePublished":"2021-12-14T13:15:40+00:00","dateModified":"2024-09-01T16:17:34+00:00","description":"Mbyt\u00ebs i l\u00ebngsh\u00ebm gals si mbrojtje kund\u00ebr mbishkrimeve. M\u00ebsoni nga ne se si mund t'i mbroni gj\u00ebrat tuaja.","breadcrumb":{"@id":"https:\/\/www.versiegelung24.com\/sq\/njohuri\/mbrojtja-e-grafiteve\/#breadcrumb"},"inLanguage":"sq-AL","potentialAction":[{"@type":"ReadAction","target":["https:\/\/www.versiegelung24.com\/sq\/njohuri\/mbrojtja-e-grafiteve\/"]}]},{"@type":"ImageObject","inLanguage":"sq-AL","@id":"https:\/\/www.versiegelung24.com\/sq\/njohuri\/mbrojtja-e-grafiteve\/#primaryimage","url":"https:\/\/www.versiegelung24.com\/wp-content\/uploads\/2021\/12\/graf-1.jpg","contentUrl":"https:\/\/www.versiegelung24.com\/wp-content\/uploads\/2021\/12\/graf-1.jpg","width":1000,"height":1000},{"@type":"BreadcrumbList","@id":"https:\/\/www.versiegelung24.com\/sq\/njohuri\/mbrojtja-e-grafiteve\/#breadcrumb","itemListElement":[{"@type":"ListItem","position":1,"name":"Faqja kryesore","item":"https:\/\/www.versiegelung24.com\/sq\/perpara\/"},{"@type":"ListItem","position":2,"name":"k\u00ebshilltar","item":"https:\/\/www.versiegelung24.com\/sq\/ratgeber\/"},{"@type":"ListItem","position":3,"name":"revist\u00eb","item":"https:\/\/www.versiegelung24.com\/sq\/ratgeber\/magazin\/"},{"@type":"ListItem","position":4,"name":"Mbrojtje nga grafiti p\u00ebr fasad\u00eb"}]},{"@type":"WebSite","@id":"https:\/\/www.versiegelung24.com\/sq\/#website","url":"https:\/\/www.versiegelung24.com\/sq\/","name":"versiegelung24.com","description":"Fl\u00fcssigglas-Versiegelung - Made in Germany","publisher":{"@id":"https:\/\/www.versiegelung24.com\/sq\/#organization"},"potentialAction":[{"@type":"SearchAction","target":{"@type":"EntryPoint","urlTemplate":"https:\/\/www.versiegelung24.com\/sq\/?s={search_term_string}"},"query-input":{"@type":"PropertyValueSpecification","valueRequired":true,"valueName":"search_term_string"}}],"inLanguage":"sq-AL"},{"@type":"Organization","@id":"https:\/\/www.versiegelung24.com\/sq\/#organization","name":"versiegelung24","url":"https:\/\/www.versiegelung24.com\/sq\/","logo":{"@type":"ImageObject","inLanguage":"sq-AL","@id":"https:\/\/www.versiegelung24.com\/sq\/#\/schema\/logo\/image\/","url":"https:\/\/www.versiegelung24.com\/wp-content\/uploads\/2020\/04\/versiegelung24.png","contentUrl":"https:\/\/www.versiegelung24.com\/wp-content\/uploads\/2020\/04\/versiegelung24.png","width":470,"height":102,"caption":"versiegelung24"},"image":{"@id":"https:\/\/www.versiegelung24.com\/sq\/#\/schema\/logo\/image\/"}}]}},"_links":{"self":[{"href":"https:\/\/www.versiegelung24.com\/sq\/wp-json\/wp\/v2\/pages\/41072","targetHints":{"allow":["GET"]}}],"collection":[{"href":"https:\/\/www.versiegelung24.com\/sq\/wp-json\/wp\/v2\/pages"}],"about":[{"href":"https:\/\/www.versiegelung24.com\/sq\/wp-json\/wp\/v2\/types\/page"}],"author":[{"embeddable":true,"href":"https:\/\/www.versiegelung24.com\/sq\/wp-json\/wp\/v2\/users\/932"}],"replies":[{"embeddable":true,"href":"https:\/\/www.versiegelung24.com\/sq\/wp-json\/wp\/v2\/comments?post=41072"}],"version-history":[{"count":19,"href":"https:\/\/www.versiegelung24.com\/sq\/wp-json\/wp\/v2\/pages\/41072\/revisions"}],"predecessor-version":[{"id":172671,"href":"https:\/\/www.versiegelung24.com\/sq\/wp-json\/wp\/v2\/pages\/41072\/revisions\/172671"}],"up":[{"embeddable":true,"href":"https:\/\/www.versiegelung24.com\/sq\/wp-json\/wp\/v2\/pages\/34624"}],"wp:featuredmedia":[{"embeddable":true,"href":"https:\/\/www.versiegelung24.com\/sq\/wp-json\/wp\/v2\/media\/40869"}],"wp:attachment":[{"href":"https:\/\/www.versiegelung24.com\/sq\/wp-json\/wp\/v2\/media?parent=41072"}],"wp:term":[{"taxonomy":"category","embeddable":true,"href":"https:\/\/www.versiegelung24.com\/sq\/wp-json\/wp\/v2\/categories?post=41072"},{"taxonomy":"seiten_kategorie","embeddable":true,"href":"https:\/\/www.versiegelung24.com\/sq\/wp-json\/wp\/v2\/seiten_kategorie?post=41072"}],"curies":[{"name":"wp","href":"https:\/\/api.w.org\/{rel}","templated":true}]}}